{"id":33991,"date":"2021-02-05T22:37:48","date_gmt":"2021-02-06T17:47:04","guid":{"rendered":"https:\/\/damme.lv\/product\/relaksejosa-ella-rullitis-samhita-indija-10ml\/"},"modified":"2021-02-06T19:47:08","modified_gmt":"2021-02-06T17:47:08","slug":"relaksejosa-ella-rullitis-samhita-indija-10ml","status":"publish","type":"product","link":"https:\/\/cosmetic.lv\/lv\/product\/relaksejosa-ella-rullitis-samhita-indija-10ml\/","title":{"rendered":"Relaks\u0113jo\u0161a e\u013c\u013ca -rull\u012btis Samhita Indija 10ml"},"content":{"rendered":"<p><!DOCTYPE html PUBLIC &quot;-\/\/W3C\/\/DTD XHTML 1.0 Transitional\/\/EN&quot; &quot;http:\/\/www.w3.org\/TR\/xhtml1\/DTD\/xhtml1-transitional.dtd&quot;><br \/>\n<html><br \/>\n<head><br \/>\n<title>Untitled document<\/title><br \/>\n<\/head><br \/>\n<body><\/p>\n<div id=&quot;tw-target-text-container&quot;>\n<pre id=&quot;tw-target-text&quot; style=&quot;text-align:left&quot; dir=&quot;ltr&quot;><span>E\u013c\u013cas veltnis:\n\n    silda;\n    mazina s\u0101pes;\n    izn\u012bcina mikrobus un bakt\u0113rijas no g\u013cot\u0101d\u0101m;\n    at&scaron;\u0137aida asinis;\n    no\u0146em piet\u016bkumu un piet\u016bkumu.\n\nE\u013c\u013cu var izmantot gan simptomu mazin\u0101&scaron;anai, gan k\u0101 profilakses l\u012bdzekli.\n\nLieto&scaron;anas metodes:\n\n    pirms do&scaron;an\u0101s \u0101r\u0101 uzkl\u0101jiet deguna g\u013cot\u0101das e\u013c\u013cu;\n    berz\u0113jiet sasitumu un ievainojumu vietas, k\u0101 ar\u012b atdzes\u0113tas vietas (kaklu, ce\u013cus, muguras lejasda\u013cu, loc\u012btavas);\n    lai atbr\u012bvotos no galvass\u0101p\u0113m, e\u013c\u013cu ier\u012bv\u0113 temp\u013cos;\n    Ja v\u0113laties mazin\u0101t klepu un iesnas, berz\u0113jiet mandeles un deguna tiltu.\n\nKontrindik\u0101cijas:\n\n    b\u0113rni l\u012bdz divu gadu vecumam;\n    aler\u0123ija pret komponentiem sast\u0101v\u0101.\n\nSast\u0101vs: lauka piparm\u0113tra, gaulterijas e\u013c\u013ca, mahanarayana e\u013c\u013ca, azhgon, kampara kan\u0113lis.<\/span><\/pre>\n<\/div>\n<div id=&quot;tw-target-rmn-container&quot;>\n<pre id=&quot;tw-target-rmn&quot; style=&quot;text-align:left&quot; dir=&quot;ltr&quot;><span><br \/><\/span><\/pre>\n<\/div>\n<p><\/body><br \/>\n<\/html><\/p>\n","protected":false},"excerpt":{"rendered":"<p>Untitled document E\u013c\u013cas veltnis: silda; mazina s\u0101pes; izn\u012bcina mikrobus un bakt\u0113rijas no g\u013cot\u0101d\u0101m; at&scaron;\u0137aida asinis; no\u0146em piet\u016bkumu un piet\u016bkumu. E\u013c\u013cu<\/p>\n","protected":false},"featured_media":15542,"template":"","meta":[],"product_brand":[],"product_cat":[2200,2216,2220],"product_tag":[],"class_list":{"0":"post-33991","1":"product","2":"type-product","3":"status-publish","4":"has-post-thumbnail","6":"product_cat-skaistums-un-veseliba-lv","7":"product_cat-kermena-kopsana-lv","8":"product_cat-arstnieciski-balzami-un-kremi-lv","10":"first","11":"outofstock","12":"taxable","13":"shipping-taxable","14":"purchasable","15":"product-type-simple"},"yoast_head":"<!-- This site is optimized with the Yoast SEO Premium plugin v27.0 (Yoast SEO v27.0) - https:\/\/yoast.com\/product\/yoast-seo-premium-wordpress\/ -->\n<title>Relaks\u0113jo\u0161a e\u013c\u013ca -rull\u012btis Samhita Indija 10ml - cosmetic.lv<\/title>\n<meta name=\"robots\" content=\"index, follow, max-snippet:-1, max-image-preview:large, max-video-preview:-1\" \/>\n<link rel=\"canonical\" href=\"https:\/\/cosmetic.lv\/lv\/product\/relaksejosa-ella-rullitis-samhita-indija-10ml\/\" \/>\n<meta property=\"og:locale\" content=\"lv_LV\" \/>\n<meta property=\"og:type\" content=\"article\" \/>\n<meta property=\"og:title\" content=\"Relaks\u0113jo\u0161a e\u013c\u013ca -rull\u012btis Samhita Indija 10ml\" \/>\n<meta property=\"og:description\" content=\"Untitled document E\u013c\u013cas veltnis: silda; mazina s\u0101pes; izn\u012bcina mikrobus un bakt\u0113rijas no g\u013cot\u0101d\u0101m; at&scaron;\u0137aida asinis; no\u0146em piet\u016bkumu un piet\u016bkumu. E\u013c\u013cu\" \/>\n<meta property=\"og:url\" content=\"https:\/\/cosmetic.lv\/lv\/product\/relaksejosa-ella-rullitis-samhita-indija-10ml\/\" \/>\n<meta property=\"og:site_name\" content=\"cosmetic.lv\" \/>\n<meta property=\"article:publisher\" content=\"https:\/\/www.facebook.com\/cosmetic.lv\/\" \/>\n<meta property=\"article:modified_time\" content=\"2021-02-06T17:47:08+00:00\" \/>\n<meta property=\"og:image\" content=\"https:\/\/cosmetic.lv\/wp-content\/uploads\/2021\/02\/c84ccafe96fc612bf5b4b211399d20ddsam-4.jpg\" \/>\n\t<meta property=\"og:image:width\" content=\"750\" \/>\n\t<meta property=\"og:image:height\" content=\"1000\" \/>\n\t<meta property=\"og:image:type\" content=\"image\/jpeg\" \/>\n<meta name=\"twitter:card\" content=\"summary_large_image\" \/>\n<script type=\"application\/ld+json\" class=\"yoast-schema-graph\">{\"@context\":\"https:\/\/schema.org\",\"@graph\":[{\"@type\":\"WebPage\",\"@id\":\"https:\/\/cosmetic.lv\/lv\/product\/relaksejosa-ella-rullitis-samhita-indija-10ml\/\",\"url\":\"https:\/\/cosmetic.lv\/lv\/product\/relaksejosa-ella-rullitis-samhita-indija-10ml\/\",\"name\":\"Relaks\u0113jo\u0161a e\u013c\u013ca -rull\u012btis Samhita Indija 10ml - cosmetic.lv\",\"isPartOf\":{\"@id\":\"https:\/\/cosmetic.lv\/lv\/#website\"},\"primaryImageOfPage\":{\"@id\":\"https:\/\/cosmetic.lv\/lv\/product\/relaksejosa-ella-rullitis-samhita-indija-10ml\/#primaryimage\"},\"image\":{\"@id\":\"https:\/\/cosmetic.lv\/lv\/product\/relaksejosa-ella-rullitis-samhita-indija-10ml\/#primaryimage\"},\"thumbnailUrl\":\"https:\/\/cosmetic.lv\/wp-content\/uploads\/2021\/02\/c84ccafe96fc612bf5b4b211399d20ddsam-4.jpg\",\"datePublished\":\"2021-02-06T17:47:04+00:00\",\"dateModified\":\"2021-02-06T17:47:08+00:00\",\"breadcrumb\":{\"@id\":\"https:\/\/cosmetic.lv\/lv\/product\/relaksejosa-ella-rullitis-samhita-indija-10ml\/#breadcrumb\"},\"inLanguage\":\"lv-LV\",\"potentialAction\":[{\"@type\":\"ReadAction\",\"target\":[\"https:\/\/cosmetic.lv\/lv\/product\/relaksejosa-ella-rullitis-samhita-indija-10ml\/\"]}]},{\"@type\":\"ImageObject\",\"inLanguage\":\"lv-LV\",\"@id\":\"https:\/\/cosmetic.lv\/lv\/product\/relaksejosa-ella-rullitis-samhita-indija-10ml\/#primaryimage\",\"url\":\"https:\/\/cosmetic.lv\/wp-content\/uploads\/2021\/02\/c84ccafe96fc612bf5b4b211399d20ddsam-4.jpg\",\"contentUrl\":\"https:\/\/cosmetic.lv\/wp-content\/uploads\/2021\/02\/c84ccafe96fc612bf5b4b211399d20ddsam-4.jpg\",\"width\":750,\"height\":1000,\"caption\":\"c84ccafe96fc612bf5b4b211399d20ddsam.jpg\"},{\"@type\":\"BreadcrumbList\",\"@id\":\"https:\/\/cosmetic.lv\/lv\/product\/relaksejosa-ella-rullitis-samhita-indija-10ml\/#breadcrumb\",\"itemListElement\":[{\"@type\":\"ListItem\",\"position\":1,\"name\":\"Home\",\"item\":\"https:\/\/cosmetic.lv\/lv\/\"},{\"@type\":\"ListItem\",\"position\":2,\"name\":\"Veikals\",\"item\":\"https:\/\/cosmetic.lv\/lv\/veiklas\/\"},{\"@type\":\"ListItem\",\"position\":3,\"name\":\"Relaks\u0113jo\u0161a e\u013c\u013ca -rull\u012btis Samhita Indija 10ml\"}]},{\"@type\":\"WebSite\",\"@id\":\"https:\/\/cosmetic.lv\/lv\/#website\",\"url\":\"https:\/\/cosmetic.lv\/lv\/\",\"name\":\"cosmetic.lv\",\"description\":\"Profesion\u0101la kosm\u0113tika - Maria Galland, Keune, Arkadija, GMT, Guam, Magiray\",\"publisher\":{\"@id\":\"https:\/\/cosmetic.lv\/lv\/#organization\"},\"potentialAction\":[{\"@type\":\"SearchAction\",\"target\":{\"@type\":\"EntryPoint\",\"urlTemplate\":\"https:\/\/cosmetic.lv\/lv\/?s={search_term_string}\"},\"query-input\":{\"@type\":\"PropertyValueSpecification\",\"valueRequired\":true,\"valueName\":\"search_term_string\"}}],\"inLanguage\":\"lv-LV\"},{\"@type\":\"Organization\",\"@id\":\"https:\/\/cosmetic.lv\/lv\/#organization\",\"name\":\"COSMETIC.LV\",\"url\":\"https:\/\/cosmetic.lv\/lv\/\",\"logo\":{\"@type\":\"ImageObject\",\"inLanguage\":\"lv-LV\",\"@id\":\"https:\/\/cosmetic.lv\/lv\/#\/schema\/logo\/image\/\",\"url\":\"https:\/\/cosmetic.lv\/wp-content\/uploads\/2021\/02\/cosmetic.lv_logo.jpg\",\"contentUrl\":\"https:\/\/cosmetic.lv\/wp-content\/uploads\/2021\/02\/cosmetic.lv_logo.jpg\",\"width\":596,\"height\":196,\"caption\":\"COSMETIC.LV\"},\"image\":{\"@id\":\"https:\/\/cosmetic.lv\/lv\/#\/schema\/logo\/image\/\"},\"sameAs\":[\"https:\/\/www.facebook.com\/cosmetic.lv\/\"]}]}<\/script>\n<meta property=\"product:price:amount\" content=\"4.29\" \/>\n<meta property=\"product:price:currency\" content=\"EUR\" \/>\n<meta property=\"og:availability\" content=\"out of stock\" \/>\n<meta property=\"product:availability\" content=\"out of stock\" \/>\n<meta property=\"product:retailer_item_id\" content=\"ellasamh\" \/>\n<meta property=\"product:condition\" content=\"new\" \/>\n<!-- \/ Yoast SEO Premium plugin. -->","yoast_head_json":{"title":"Relaks\u0113jo\u0161a e\u013c\u013ca -rull\u012btis Samhita Indija 10ml - cosmetic.lv","robots":{"index":"index","follow":"follow","max-snippet":"max-snippet:-1","max-image-preview":"max-image-preview:large","max-video-preview":"max-video-preview:-1"},"canonical":"https:\/\/cosmetic.lv\/lv\/product\/relaksejosa-ella-rullitis-samhita-indija-10ml\/","og_locale":"lv_LV","og_type":"article","og_title":"Relaks\u0113jo\u0161a e\u013c\u013ca -rull\u012btis Samhita Indija 10ml","og_description":"Untitled document E\u013c\u013cas veltnis: silda; mazina s\u0101pes; izn\u012bcina mikrobus un bakt\u0113rijas no g\u013cot\u0101d\u0101m; at&scaron;\u0137aida asinis; no\u0146em piet\u016bkumu un piet\u016bkumu. E\u013c\u013cu","og_url":"https:\/\/cosmetic.lv\/lv\/product\/relaksejosa-ella-rullitis-samhita-indija-10ml\/","og_site_name":"cosmetic.lv","article_publisher":"https:\/\/www.facebook.com\/cosmetic.lv\/","article_modified_time":"2021-02-06T17:47:08+00:00","og_image":[{"width":750,"height":1000,"url":"https:\/\/cosmetic.lv\/wp-content\/uploads\/2021\/02\/c84ccafe96fc612bf5b4b211399d20ddsam-4.jpg","type":"image\/jpeg"}],"twitter_card":"summary_large_image","schema":{"@context":"https:\/\/schema.org","@graph":[{"@type":"WebPage","@id":"https:\/\/cosmetic.lv\/lv\/product\/relaksejosa-ella-rullitis-samhita-indija-10ml\/","url":"https:\/\/cosmetic.lv\/lv\/product\/relaksejosa-ella-rullitis-samhita-indija-10ml\/","name":"Relaks\u0113jo\u0161a e\u013c\u013ca -rull\u012btis Samhita Indija 10ml - cosmetic.lv","isPartOf":{"@id":"https:\/\/cosmetic.lv\/lv\/#website"},"primaryImageOfPage":{"@id":"https:\/\/cosmetic.lv\/lv\/product\/relaksejosa-ella-rullitis-samhita-indija-10ml\/#primaryimage"},"image":{"@id":"https:\/\/cosmetic.lv\/lv\/product\/relaksejosa-ella-rullitis-samhita-indija-10ml\/#primaryimage"},"thumbnailUrl":"https:\/\/cosmetic.lv\/wp-content\/uploads\/2021\/02\/c84ccafe96fc612bf5b4b211399d20ddsam-4.jpg","datePublished":"2021-02-06T17:47:04+00:00","dateModified":"2021-02-06T17:47:08+00:00","breadcrumb":{"@id":"https:\/\/cosmetic.lv\/lv\/product\/relaksejosa-ella-rullitis-samhita-indija-10ml\/#breadcrumb"},"inLanguage":"lv-LV","potentialAction":[{"@type":"ReadAction","target":["https:\/\/cosmetic.lv\/lv\/product\/relaksejosa-ella-rullitis-samhita-indija-10ml\/"]}]},{"@type":"ImageObject","inLanguage":"lv-LV","@id":"https:\/\/cosmetic.lv\/lv\/product\/relaksejosa-ella-rullitis-samhita-indija-10ml\/#primaryimage","url":"https:\/\/cosmetic.lv\/wp-content\/uploads\/2021\/02\/c84ccafe96fc612bf5b4b211399d20ddsam-4.jpg","contentUrl":"https:\/\/cosmetic.lv\/wp-content\/uploads\/2021\/02\/c84ccafe96fc612bf5b4b211399d20ddsam-4.jpg","width":750,"height":1000,"caption":"c84ccafe96fc612bf5b4b211399d20ddsam.jpg"},{"@type":"BreadcrumbList","@id":"https:\/\/cosmetic.lv\/lv\/product\/relaksejosa-ella-rullitis-samhita-indija-10ml\/#breadcrumb","itemListElement":[{"@type":"ListItem","position":1,"name":"Home","item":"https:\/\/cosmetic.lv\/lv\/"},{"@type":"ListItem","position":2,"name":"Veikals","item":"https:\/\/cosmetic.lv\/lv\/veiklas\/"},{"@type":"ListItem","position":3,"name":"Relaks\u0113jo\u0161a e\u013c\u013ca -rull\u012btis Samhita Indija 10ml"}]},{"@type":"WebSite","@id":"https:\/\/cosmetic.lv\/lv\/#website","url":"https:\/\/cosmetic.lv\/lv\/","name":"cosmetic.lv","description":"Profesion\u0101la kosm\u0113tika - Maria Galland, Keune, Arkadija, GMT, Guam, Magiray","publisher":{"@id":"https:\/\/cosmetic.lv\/lv\/#organization"},"potentialAction":[{"@type":"SearchAction","target":{"@type":"EntryPoint","urlTemplate":"https:\/\/cosmetic.lv\/lv\/?s={search_term_string}"},"query-input":{"@type":"PropertyValueSpecification","valueRequired":true,"valueName":"search_term_string"}}],"inLanguage":"lv-LV"},{"@type":"Organization","@id":"https:\/\/cosmetic.lv\/lv\/#organization","name":"COSMETIC.LV","url":"https:\/\/cosmetic.lv\/lv\/","logo":{"@type":"ImageObject","inLanguage":"lv-LV","@id":"https:\/\/cosmetic.lv\/lv\/#\/schema\/logo\/image\/","url":"https:\/\/cosmetic.lv\/wp-content\/uploads\/2021\/02\/cosmetic.lv_logo.jpg","contentUrl":"https:\/\/cosmetic.lv\/wp-content\/uploads\/2021\/02\/cosmetic.lv_logo.jpg","width":596,"height":196,"caption":"COSMETIC.LV"},"image":{"@id":"https:\/\/cosmetic.lv\/lv\/#\/schema\/logo\/image\/"},"sameAs":["https:\/\/www.facebook.com\/cosmetic.lv\/"]}]},"product_price_amount":"4.29","product_price_currency":"EUR","og_availability":"out of stock","product_availability":"out of stock","product_retailer_item_id":"ellasamh","product_condition":"new"},"_links":{"self":[{"href":"https:\/\/cosmetic.lv\/lv\/wp-json\/wp\/v2\/product\/33991","targetHints":{"allow":["GET"]}}],"collection":[{"href":"https:\/\/cosmetic.lv\/lv\/wp-json\/wp\/v2\/product"}],"about":[{"href":"https:\/\/cosmetic.lv\/lv\/wp-json\/wp\/v2\/types\/product"}],"wp:featuredmedia":[{"embeddable":true,"href":"https:\/\/cosmetic.lv\/lv\/wp-json\/wp\/v2\/media\/15542"}],"wp:attachment":[{"href":"https:\/\/cosmetic.lv\/lv\/wp-json\/wp\/v2\/media?parent=33991"}],"wp:term":[{"taxonomy":"product_brand","embeddable":true,"href":"https:\/\/cosmetic.lv\/lv\/wp-json\/wp\/v2\/product_brand?post=33991"},{"taxonomy":"product_cat","embeddable":true,"href":"https:\/\/cosmetic.lv\/lv\/wp-json\/wp\/v2\/product_cat?post=33991"},{"taxonomy":"product_tag","embeddable":true,"href":"https:\/\/cosmetic.lv\/lv\/wp-json\/wp\/v2\/product_tag?post=33991"}],"curies":[{"name":"wp","href":"https:\/\/api.w.org\/{rel}","templated":true}]}}