{"id":33992,"date":"2021-02-05T22:37:48","date_gmt":"2021-02-06T17:47:04","guid":{"rendered":"https:\/\/damme.lv\/product\/arstniecisks-krems-super-strong-25ml-indija\/"},"modified":"2021-02-06T19:47:09","modified_gmt":"2021-02-06T17:47:09","slug":"arstniecisks-krems-super-strong-25ml-indija","status":"publish","type":"product","link":"https:\/\/cosmetic.lv\/lv\/product\/arstniecisks-krems-super-strong-25ml-indija\/","title":{"rendered":"\u0100rstniecisks kr\u0113ms Super Strong 25ml Indija"},"content":{"rendered":"<p><!DOCTYPE html PUBLIC &quot;-\/\/W3C\/\/DTD XHTML 1.0 Transitional\/\/EN&quot; &quot;http:\/\/www.w3.org\/TR\/xhtml1\/DTD\/xhtml1-transitional.dtd&quot;><br \/>\n<html><br \/>\n<head><br \/>\n<title>Untitled document<\/title><br \/>\n<\/head><br \/>\n<body><\/p>\n<div id=&quot;tw-target-text-container&quot;>\n<pre id=&quot;tw-target-text&quot; style=&quot;text-align:left&quot; dir=&quot;ltr&quot;><span>\u0100tri iedarbojo&scaron;\u0101 dziedino&scaron;\u0101 kr\u0113ma Super Strong m\u0113r\u0137is ir:\n\n    p\u0101rm\u0113r\u012bgi saspringto musku\u013cu relaks\u0101cija skartaj\u0101 zon\u0101\n    pa\u0101trinot asinsrites procesu skartaj\u0101 zon\u0101\n    stiprinot vielmai\u0146as procesus\n    sai&scaron;u relaks\u0101cija un stiprin\u0101&scaron;ana\n    intens\u012bva sasil&scaron;ana iekaisuma laik\u0101\n    s\u0101pju mazin\u0101&scaron;ana\n\nSast\u0101vs:\n\n    \u0100jurv\u0113das e\u013c\u013cu komplekss mahanarayan tailam\n    Aulteria Procumbens e\u013c\u013ca - 10%\n    Menta spikat - 5%\n    Boswellia serrata - 3,5%\n    pinus roxburgh e\u013c\u013ca - 3%\n    Eikalipta e\u013c\u013ca - 2%\n    Kr\u0113juma b\u0101ze<\/span><\/pre>\n<\/div>\n<div id=&quot;tw-target-rmn-container&quot;>\n<pre id=&quot;tw-target-rmn&quot; style=&quot;text-align:left&quot; dir=&quot;ltr&quot;><span><br \/><\/span><\/pre>\n<\/div>\n<p><\/body><br \/>\n<\/html><\/p>\n","protected":false},"excerpt":{"rendered":"<p>Untitled document \u0100tri iedarbojo&scaron;\u0101 dziedino&scaron;\u0101 kr\u0113ma Super Strong m\u0113r\u0137is ir: p\u0101rm\u0113r\u012bgi saspringto musku\u013cu relaks\u0101cija skartaj\u0101 zon\u0101 pa\u0101trinot asinsrites procesu skartaj\u0101<\/p>\n","protected":false},"featured_media":15545,"template":"","meta":[],"product_brand":[],"product_cat":[2200,2216,2220],"product_tag":[],"class_list":{"0":"post-33992","1":"product","2":"type-product","3":"status-publish","4":"has-post-thumbnail","6":"product_cat-skaistums-un-veseliba-lv","7":"product_cat-kermena-kopsana-lv","8":"product_cat-arstnieciski-balzami-un-kremi-lv","10":"first","11":"outofstock","12":"taxable","13":"shipping-taxable","14":"purchasable","15":"product-type-simple"},"yoast_head":"<!-- This site is optimized with the Yoast SEO Premium plugin v27.0 (Yoast SEO v27.0) - https:\/\/yoast.com\/product\/yoast-seo-premium-wordpress\/ -->\n<title>\u0100rstniecisks kr\u0113ms Super Strong 25ml Indija - cosmetic.lv<\/title>\n<meta name=\"robots\" content=\"index, follow, max-snippet:-1, max-image-preview:large, max-video-preview:-1\" \/>\n<link rel=\"canonical\" href=\"https:\/\/cosmetic.lv\/lv\/product\/arstniecisks-krems-super-strong-25ml-indija\/\" \/>\n<meta property=\"og:locale\" content=\"lv_LV\" \/>\n<meta property=\"og:type\" content=\"article\" \/>\n<meta property=\"og:title\" content=\"\u0100rstniecisks kr\u0113ms Super Strong 25ml Indija\" \/>\n<meta property=\"og:description\" content=\"Untitled document \u0100tri iedarbojo&scaron;\u0101 dziedino&scaron;\u0101 kr\u0113ma Super Strong m\u0113r\u0137is ir: p\u0101rm\u0113r\u012bgi saspringto musku\u013cu relaks\u0101cija skartaj\u0101 zon\u0101 pa\u0101trinot asinsrites procesu skartaj\u0101\" \/>\n<meta property=\"og:url\" content=\"https:\/\/cosmetic.lv\/lv\/product\/arstniecisks-krems-super-strong-25ml-indija\/\" \/>\n<meta property=\"og:site_name\" content=\"cosmetic.lv\" \/>\n<meta property=\"article:publisher\" content=\"https:\/\/www.facebook.com\/cosmetic.lv\/\" \/>\n<meta property=\"article:modified_time\" content=\"2021-02-06T17:47:09+00:00\" \/>\n<meta property=\"og:image\" content=\"https:\/\/cosmetic.lv\/wp-content\/uploads\/2021\/02\/cream-super-strong_enl-4.jpg\" \/>\n\t<meta property=\"og:image:width\" content=\"1104\" \/>\n\t<meta property=\"og:image:height\" content=\"1104\" \/>\n\t<meta property=\"og:image:type\" content=\"image\/jpeg\" \/>\n<meta name=\"twitter:card\" content=\"summary_large_image\" \/>\n<script type=\"application\/ld+json\" class=\"yoast-schema-graph\">{\"@context\":\"https:\/\/schema.org\",\"@graph\":[{\"@type\":\"WebPage\",\"@id\":\"https:\/\/cosmetic.lv\/lv\/product\/arstniecisks-krems-super-strong-25ml-indija\/\",\"url\":\"https:\/\/cosmetic.lv\/lv\/product\/arstniecisks-krems-super-strong-25ml-indija\/\",\"name\":\"\u0100rstniecisks kr\u0113ms Super Strong 25ml Indija - cosmetic.lv\",\"isPartOf\":{\"@id\":\"https:\/\/cosmetic.lv\/lv\/#website\"},\"primaryImageOfPage\":{\"@id\":\"https:\/\/cosmetic.lv\/lv\/product\/arstniecisks-krems-super-strong-25ml-indija\/#primaryimage\"},\"image\":{\"@id\":\"https:\/\/cosmetic.lv\/lv\/product\/arstniecisks-krems-super-strong-25ml-indija\/#primaryimage\"},\"thumbnailUrl\":\"https:\/\/cosmetic.lv\/wp-content\/uploads\/2021\/02\/cream-super-strong_enl-4.jpg\",\"datePublished\":\"2021-02-06T17:47:04+00:00\",\"dateModified\":\"2021-02-06T17:47:09+00:00\",\"breadcrumb\":{\"@id\":\"https:\/\/cosmetic.lv\/lv\/product\/arstniecisks-krems-super-strong-25ml-indija\/#breadcrumb\"},\"inLanguage\":\"lv-LV\",\"potentialAction\":[{\"@type\":\"ReadAction\",\"target\":[\"https:\/\/cosmetic.lv\/lv\/product\/arstniecisks-krems-super-strong-25ml-indija\/\"]}]},{\"@type\":\"ImageObject\",\"inLanguage\":\"lv-LV\",\"@id\":\"https:\/\/cosmetic.lv\/lv\/product\/arstniecisks-krems-super-strong-25ml-indija\/#primaryimage\",\"url\":\"https:\/\/cosmetic.lv\/wp-content\/uploads\/2021\/02\/cream-super-strong_enl-4.jpg\",\"contentUrl\":\"https:\/\/cosmetic.lv\/wp-content\/uploads\/2021\/02\/cream-super-strong_enl-4.jpg\",\"width\":1104,\"height\":1104,\"caption\":\"cream-super-strong_enl.jpg\"},{\"@type\":\"BreadcrumbList\",\"@id\":\"https:\/\/cosmetic.lv\/lv\/product\/arstniecisks-krems-super-strong-25ml-indija\/#breadcrumb\",\"itemListElement\":[{\"@type\":\"ListItem\",\"position\":1,\"name\":\"Home\",\"item\":\"https:\/\/cosmetic.lv\/lv\/\"},{\"@type\":\"ListItem\",\"position\":2,\"name\":\"Veikals\",\"item\":\"https:\/\/cosmetic.lv\/lv\/veiklas\/\"},{\"@type\":\"ListItem\",\"position\":3,\"name\":\"\u0100rstniecisks kr\u0113ms Super Strong 25ml Indija\"}]},{\"@type\":\"WebSite\",\"@id\":\"https:\/\/cosmetic.lv\/lv\/#website\",\"url\":\"https:\/\/cosmetic.lv\/lv\/\",\"name\":\"cosmetic.lv\",\"description\":\"Profesion\u0101la kosm\u0113tika - Maria Galland, Keune, Arkadija, GMT, Guam, Magiray\",\"publisher\":{\"@id\":\"https:\/\/cosmetic.lv\/lv\/#organization\"},\"potentialAction\":[{\"@type\":\"SearchAction\",\"target\":{\"@type\":\"EntryPoint\",\"urlTemplate\":\"https:\/\/cosmetic.lv\/lv\/?s={search_term_string}\"},\"query-input\":{\"@type\":\"PropertyValueSpecification\",\"valueRequired\":true,\"valueName\":\"search_term_string\"}}],\"inLanguage\":\"lv-LV\"},{\"@type\":\"Organization\",\"@id\":\"https:\/\/cosmetic.lv\/lv\/#organization\",\"name\":\"COSMETIC.LV\",\"url\":\"https:\/\/cosmetic.lv\/lv\/\",\"logo\":{\"@type\":\"ImageObject\",\"inLanguage\":\"lv-LV\",\"@id\":\"https:\/\/cosmetic.lv\/lv\/#\/schema\/logo\/image\/\",\"url\":\"https:\/\/cosmetic.lv\/wp-content\/uploads\/2021\/02\/cosmetic.lv_logo.jpg\",\"contentUrl\":\"https:\/\/cosmetic.lv\/wp-content\/uploads\/2021\/02\/cosmetic.lv_logo.jpg\",\"width\":596,\"height\":196,\"caption\":\"COSMETIC.LV\"},\"image\":{\"@id\":\"https:\/\/cosmetic.lv\/lv\/#\/schema\/logo\/image\/\"},\"sameAs\":[\"https:\/\/www.facebook.com\/cosmetic.lv\/\"]}]}<\/script>\n<meta property=\"product:price:amount\" content=\"5.00\" \/>\n<meta property=\"product:price:currency\" content=\"EUR\" \/>\n<meta property=\"og:availability\" content=\"out of stock\" \/>\n<meta property=\"product:availability\" content=\"out of stock\" \/>\n<meta property=\"product:retailer_item_id\" content=\"ajukrems\" \/>\n<meta property=\"product:condition\" content=\"new\" \/>\n<!-- \/ Yoast SEO Premium plugin. -->","yoast_head_json":{"title":"\u0100rstniecisks kr\u0113ms Super Strong 25ml Indija - cosmetic.lv","robots":{"index":"index","follow":"follow","max-snippet":"max-snippet:-1","max-image-preview":"max-image-preview:large","max-video-preview":"max-video-preview:-1"},"canonical":"https:\/\/cosmetic.lv\/lv\/product\/arstniecisks-krems-super-strong-25ml-indija\/","og_locale":"lv_LV","og_type":"article","og_title":"\u0100rstniecisks kr\u0113ms Super Strong 25ml Indija","og_description":"Untitled document \u0100tri iedarbojo&scaron;\u0101 dziedino&scaron;\u0101 kr\u0113ma Super Strong m\u0113r\u0137is ir: p\u0101rm\u0113r\u012bgi saspringto musku\u013cu relaks\u0101cija skartaj\u0101 zon\u0101 pa\u0101trinot asinsrites procesu skartaj\u0101","og_url":"https:\/\/cosmetic.lv\/lv\/product\/arstniecisks-krems-super-strong-25ml-indija\/","og_site_name":"cosmetic.lv","article_publisher":"https:\/\/www.facebook.com\/cosmetic.lv\/","article_modified_time":"2021-02-06T17:47:09+00:00","og_image":[{"width":1104,"height":1104,"url":"https:\/\/cosmetic.lv\/wp-content\/uploads\/2021\/02\/cream-super-strong_enl-4.jpg","type":"image\/jpeg"}],"twitter_card":"summary_large_image","schema":{"@context":"https:\/\/schema.org","@graph":[{"@type":"WebPage","@id":"https:\/\/cosmetic.lv\/lv\/product\/arstniecisks-krems-super-strong-25ml-indija\/","url":"https:\/\/cosmetic.lv\/lv\/product\/arstniecisks-krems-super-strong-25ml-indija\/","name":"\u0100rstniecisks kr\u0113ms Super Strong 25ml Indija - cosmetic.lv","isPartOf":{"@id":"https:\/\/cosmetic.lv\/lv\/#website"},"primaryImageOfPage":{"@id":"https:\/\/cosmetic.lv\/lv\/product\/arstniecisks-krems-super-strong-25ml-indija\/#primaryimage"},"image":{"@id":"https:\/\/cosmetic.lv\/lv\/product\/arstniecisks-krems-super-strong-25ml-indija\/#primaryimage"},"thumbnailUrl":"https:\/\/cosmetic.lv\/wp-content\/uploads\/2021\/02\/cream-super-strong_enl-4.jpg","datePublished":"2021-02-06T17:47:04+00:00","dateModified":"2021-02-06T17:47:09+00:00","breadcrumb":{"@id":"https:\/\/cosmetic.lv\/lv\/product\/arstniecisks-krems-super-strong-25ml-indija\/#breadcrumb"},"inLanguage":"lv-LV","potentialAction":[{"@type":"ReadAction","target":["https:\/\/cosmetic.lv\/lv\/product\/arstniecisks-krems-super-strong-25ml-indija\/"]}]},{"@type":"ImageObject","inLanguage":"lv-LV","@id":"https:\/\/cosmetic.lv\/lv\/product\/arstniecisks-krems-super-strong-25ml-indija\/#primaryimage","url":"https:\/\/cosmetic.lv\/wp-content\/uploads\/2021\/02\/cream-super-strong_enl-4.jpg","contentUrl":"https:\/\/cosmetic.lv\/wp-content\/uploads\/2021\/02\/cream-super-strong_enl-4.jpg","width":1104,"height":1104,"caption":"cream-super-strong_enl.jpg"},{"@type":"BreadcrumbList","@id":"https:\/\/cosmetic.lv\/lv\/product\/arstniecisks-krems-super-strong-25ml-indija\/#breadcrumb","itemListElement":[{"@type":"ListItem","position":1,"name":"Home","item":"https:\/\/cosmetic.lv\/lv\/"},{"@type":"ListItem","position":2,"name":"Veikals","item":"https:\/\/cosmetic.lv\/lv\/veiklas\/"},{"@type":"ListItem","position":3,"name":"\u0100rstniecisks kr\u0113ms Super Strong 25ml Indija"}]},{"@type":"WebSite","@id":"https:\/\/cosmetic.lv\/lv\/#website","url":"https:\/\/cosmetic.lv\/lv\/","name":"cosmetic.lv","description":"Profesion\u0101la kosm\u0113tika - Maria Galland, Keune, Arkadija, GMT, Guam, Magiray","publisher":{"@id":"https:\/\/cosmetic.lv\/lv\/#organization"},"potentialAction":[{"@type":"SearchAction","target":{"@type":"EntryPoint","urlTemplate":"https:\/\/cosmetic.lv\/lv\/?s={search_term_string}"},"query-input":{"@type":"PropertyValueSpecification","valueRequired":true,"valueName":"search_term_string"}}],"inLanguage":"lv-LV"},{"@type":"Organization","@id":"https:\/\/cosmetic.lv\/lv\/#organization","name":"COSMETIC.LV","url":"https:\/\/cosmetic.lv\/lv\/","logo":{"@type":"ImageObject","inLanguage":"lv-LV","@id":"https:\/\/cosmetic.lv\/lv\/#\/schema\/logo\/image\/","url":"https:\/\/cosmetic.lv\/wp-content\/uploads\/2021\/02\/cosmetic.lv_logo.jpg","contentUrl":"https:\/\/cosmetic.lv\/wp-content\/uploads\/2021\/02\/cosmetic.lv_logo.jpg","width":596,"height":196,"caption":"COSMETIC.LV"},"image":{"@id":"https:\/\/cosmetic.lv\/lv\/#\/schema\/logo\/image\/"},"sameAs":["https:\/\/www.facebook.com\/cosmetic.lv\/"]}]},"product_price_amount":"5.00","product_price_currency":"EUR","og_availability":"out of stock","product_availability":"out of stock","product_retailer_item_id":"ajukrems","product_condition":"new"},"_links":{"self":[{"href":"https:\/\/cosmetic.lv\/lv\/wp-json\/wp\/v2\/product\/33992","targetHints":{"allow":["GET"]}}],"collection":[{"href":"https:\/\/cosmetic.lv\/lv\/wp-json\/wp\/v2\/product"}],"about":[{"href":"https:\/\/cosmetic.lv\/lv\/wp-json\/wp\/v2\/types\/product"}],"wp:featuredmedia":[{"embeddable":true,"href":"https:\/\/cosmetic.lv\/lv\/wp-json\/wp\/v2\/media\/15545"}],"wp:attachment":[{"href":"https:\/\/cosmetic.lv\/lv\/wp-json\/wp\/v2\/media?parent=33992"}],"wp:term":[{"taxonomy":"product_brand","embeddable":true,"href":"https:\/\/cosmetic.lv\/lv\/wp-json\/wp\/v2\/product_brand?post=33992"},{"taxonomy":"product_cat","embeddable":true,"href":"https:\/\/cosmetic.lv\/lv\/wp-json\/wp\/v2\/product_cat?post=33992"},{"taxonomy":"product_tag","embeddable":true,"href":"https:\/\/cosmetic.lv\/lv\/wp-json\/wp\/v2\/product_tag?post=33992"}],"curies":[{"name":"wp","href":"https:\/\/api.w.org\/{rel}","templated":true}]}}