{"id":34001,"date":"2021-02-05T22:37:48","date_gmt":"2021-02-06T17:47:11","guid":{"rendered":"https:\/\/damme.lv\/product\/sausa-dabiga-vannas-suka-kas-izgatavota-no-dabigiem-sariem-detoks-ar-koka-rokturi\/"},"modified":"2021-02-06T19:47:15","modified_gmt":"2021-02-06T17:47:15","slug":"sausa-dabiga-vannas-suka-kas-izgatavota-no-dabigiem-sariem-detoks-ar-koka-rokturi","status":"publish","type":"product","link":"https:\/\/cosmetic.lv\/lv\/product\/sausa-dabiga-vannas-suka-kas-izgatavota-no-dabigiem-sariem-detoks-ar-koka-rokturi\/","title":{"rendered":"Sausa dab\u012bga vannas suka, kas izgatavota no dab\u012bgiem sariem Detoks ar koka rokturi"},"content":{"rendered":"<p><!DOCTYPE html PUBLIC &quot;-\/\/W3C\/\/DTD XHTML 1.0 Transitional\/\/EN&quot; &quot;http:\/\/www.w3.org\/TR\/xhtml1\/DTD\/xhtml1-transitional.dtd&quot;><br \/>\n<html><br \/>\n<head><br \/>\n<title>Untitled document<\/title><br \/>\n<\/head><br \/>\n<body><\/p>\n<p>koks+dab\u012bgie sari as ir SAUS\u0100 MAS\u0100\u017dA! K\u0101 t\u0101 ir veicama, k\u0101 tu to vari  dar\u012bt pati &ndash; m\u0101j\u0101s?  K\u0101 ar\u012b pats galvenais &ndash; k\u0101 saus\u0101 mas\u0101\u017ea var  uzlabot \u0137erme\u0146a aprises,  samazin\u0101t celul\u012btu un uzlabot pa&scaron;saj\u016btu,  garast\u0101vokli un vesel\u012bbu  kopum\u0101? Varb\u016bt ir v\u0113rts pam\u0113\u0123in\u0101t?   KAS IR  SAUS\u0100 MAS\u0100\u017dA? Saus\u0101 mas\u0101\u017ea ir mas\u0101\u017eas veids, kuras laik\u0101 netiek   izmantotas ne e\u013c\u013cas, ne kr\u0113mi, losjoni, \u016bdens vai citas pal\u012bgvielas.   Izmantota tiek tikai birste, kas piem\u0113rota saus\u0101s mas\u0101\u017eas veik&scaron;anai. &Scaron;\u012b   mas\u0101\u017ea nav sare\u017e\u0123\u012bta, to iesp\u0113jams veikt m\u0101jas apst\u0101k\u013cos, turkl\u0101t &ndash;   pa&scaron;ai! Ta\u010du taj\u0101 pa&scaron;\u0101 laik\u0101 &ndash; t\u0101 ir \u013coti v\u0113rt\u012bga gan tavam izskatam,   \u0101dai, \u0137erme\u0146a apris\u0113m, gan ar\u012b pa&scaron;saj\u016btai, imunit\u0101tei un vesel\u012bbai   kopum\u0101. V\u0113l &ndash; t\u0101 neaiz\u0146em daudz laika, pietiek ar p\u0101ris min\u016bt\u0113m no   r\u012btiem un vakaros!  K\u0100DS IR LABUMS NO SAUS\u0100S MAS\u0100\u017dAS? \u0136eramies pie pa&scaron;a  galven\u0101 &ndash; k\u0101ds tad  ir labums no saus\u0101s mas\u0101\u017eas? K\u0101d\u0113\u013c to b\u016btu v\u0113rts  izm\u0113\u0123in\u0101t? Izr\u0101d\u0101s, ka  &scaron;is ir mas\u0101\u017eas veids, kas sp\u0113j sniegt \u013coti daudz  labumu, s\u0101kot ar  vizu\u0101l\u0101 izskata uzpri&scaron;in\u0101&scaron;anu, beidzot ar vesel\u012bbas  un garast\u0101vok\u013ca  uzlabojumiem. L\u016bk, galvenie ieguvumi, ko sniedz saus\u0101  mas\u0101\u017ea:      Saus\u0101 mas\u0101\u017ea uzlabo asinsriti -jo tas ta\u010du ir viens no  galvenajiem  jebkuras mas\u0101\u017eas pamatuzdevumiem. Lab\u0101ka asinsrite noz\u012bm\u0113  apasi\u0146ot\u0101ku  \u0101du, kas sp\u0113j efekt\u012bv\u0101k atbr\u012bvoties no toks\u012bniem (celul\u012bta,  izsitumu  samazin\u0101&scaron;an\u0101s), k\u0101 ar\u012b svaig\u0101ku \u0101das kr\u0101su utt.     T\u0101  stimul\u0113 limfas pl\u016bsmu &ndash; un te atkal runa ir par toks\u012bniem un   &scaron;lakviel\u0101m, jo tie&scaron;i efekt\u012bva limfas cirkul\u0113&scaron;ana organism\u0101 pal\u012bdz m\u016bsu   \u0137ermenim ar &scaron;\u012bm liet\u0101m tikt gal\u0101!     T\u0101 pal\u012bdz izvad\u012bt toks\u012bnus &ndash;  regul\u0101ra saus\u0101s mas\u0101\u017eas veik&scaron;ana  veicina \u0101das izskata man\u0101mu  uzlabo&scaron;anos &ndash; \u0101da k\u013c\u016bst t\u012br\u0101ka, tvirt\u0101ka,  elast\u012bg\u0101ka, uzlabojas t\u0101s  tonis.     Atbr\u012bvo \u0101du no atmiru&scaron;aj\u0101m \u0101das &scaron;\u016bn\u0101m &ndash; &scaron;im nol\u016bkam m\u0113s  parasti  lietojam \u0137erme\u0146a skrubjus, vai ne? Ta\u010du &scaron;o efektu iesp\u0113jams  sasniegt ar\u012b  ar sauso mas\u0101\u017eu! T\u0101 atbr\u012bvo \u0101du no atmiru&scaron;aj\u0101m &scaron;\u016bn\u0101m, \u013cauj  \u0101dai elpot  un efekt\u012bv\u0101k atjaunoties.     Uzlabo \u0101das kr\u0101su un izskatu &ndash;  pirmk\u0101rt, t\u0101d\u0113\u013c, ka \u0101da ir att\u012br\u012bta,  t\u0101 var elpot. Otrk\u0101rt, jo ir  stabila un vesel\u012bga asinsrite, kas pieg\u0101d\u0101  \u0101dai visas nepiecie&scaron;am\u0101s  bar\u012bbas vielas un sk\u0101bekli pietiekam\u0101 daudzum\u0101.     Pal\u012bdz samazin\u0101t  celul\u012btu -turkl\u0101t, uzs\u0101kot saus\u0101s mas\u0101\u017eas seansus  regul\u0101ri, &scaron;is efekts  ir redzams jau diezgan \u0101tri &ndash; \u0101da paliek glud\u0101ka,  vesel\u012bg\u0101ka. Protams,  lai sasniegtu lab\u0101kus rezult\u0101tus, ir v\u0113rts lietot  ar\u012b k\u0101du no  pretcelul\u012bta l\u012bdzek\u013ciem, ko uzkl\u0101j uz probl\u0113mzon\u0101m P\u0112C  mas\u0101\u017eas  veik&scaron;anas, kam\u0113r asinsrite v\u0113l ir \u013coti strauja.     Uzlabo \u0101das elast\u012bbu  &ndash; saus\u0101 mas\u0101\u017ea uzlabo \u0101das elast\u012bbu un  tvirtumu. \u0100da k\u013c\u016bst stingr\u0101ka,  maz\u0101k \u013cum\u012bga. T\u0101 izskat\u0101s jaun\u0101ka un  vesel\u012bg\u0101ka.     Pal\u012bdz v\u0113n\u0101m un  kapil\u0101riem &ndash; saus\u0101 mas\u0101\u017ea uzlabo asinsriti, t\u0101d\u0113j\u0101di  pal\u012bdzot ar\u012b v\u0113n\u0101m  funkcion\u0113t lab\u0101k, tiek samazin\u0101ta ar\u012b mazo  asinsvadi\u0146u &ndash; kapil\u0101ru &ndash;  pl\u012b&scaron;ana.     Uzlabo \u0101das st\u0101vokli kopum\u0101 &ndash; s\u0101kot veikt sauso mas\u0101\u017eu  regul\u0101ri, jau  p\u0113c neilga laika tu man\u012bsi, ka \u0101das izskats uzlabojas! T\u0101  paliek  jaunav\u012bg\u0101ka, vesel\u012bg\u0101ka, mirdzo&scaron;\u0101ka.     T\u0101 uzlabo im\u016bnsist\u0113mu &ndash;  j\u0101, un ne tikai \u0101dai n\u0101k par labu saus\u0101  mas\u0101\u017ea. T\u0101 uzlabo ar\u012b  im\u016bnsist\u0113mas darb\u012bbu. Tas t\u0101d\u0113\u013c, ka no organisma  daudz efekt\u012bv\u0101k tiek  izvad\u012bti toks\u012bni, kas savuk\u0101rt palielina dab\u012bg\u0101s  organisma  aizsargsp\u0113jas, imunit\u0101ti.     Samazin\u0101s stress, uzlabojas garast\u0101voklis &ndash;  sevi&scaron;\u0137i veicot sauso  mas\u0101\u017eu vakar\u0101, tiek samazin\u0101t stresa hormona  l\u012bmenis organism\u0101,  garast\u0101voklis uzlabojas, pr\u0101ts nomierin\u0101s.      Uzlabojas miegs &ndash; un, protams, l\u012bdz ar to visu, ir daudz liel\u0101ka   iesp\u0113ja vesel\u012bgam un kvalitat\u012bvam miegam!  K\u0100 VEIKT SAUSO MAS\u0100\u017dU? L\u016bk,  so\u013ci saus\u0101s mas\u0101\u017eas veik&scaron;anai m\u0101jas  apst\u0101k\u013cos:      Uzs\u0101kot mas\u0101\u017eu,  \u0101dai j\u0101b\u016bt sausai, uz t\u0101s nedr\u012bkst b\u016bt \u016bdens, kr\u0113mi,  e\u013c\u013cas vai jebk\u0101di  citi &scaron;\u0137idrumi vai kosm\u0113tikas produkti. Vislab\u0101k to  veikt, piem\u0113ram,  PIRMS do&scaron;an\u0101s du&scaron;\u0101 vai vann\u0101;     \u0145em birsti, s\u0101c mas\u0101\u017eu, s\u0101kot no  p\u0113d\u0101m, virzoties uz aug&scaron;u. Kust\u012bb\u0101m  j\u0101b\u016bt viegl\u0101m, gar\u0101m, sl\u012bdo&scaron;\u0101m,  maig\u0101m. Izm\u0113\u0123ini ar\u012b ap\u013cveida kust\u012bbas &ndash;  t\u0101s lieliski der mas\u0113jot  probl\u0113mzonas &ndash; aug&scaron;stilbus, dibenu. Mas\u0113joties  no r\u012bta, kust\u012bbas var\u0113tu  b\u016bt ener\u0123isk\u0101kas, \u012bs\u0101kas, intens\u012bv\u0101kas, lai  vairotu ener\u0123iju, savuk\u0101rt  vakar\u0101 &ndash; l\u0113n\u0101kas, glaudo&scaron;\u0101kas,  nomierino&scaron;\u0101kas, lai sagatavotu \u0137ermeni  naktsmieram;     Pirm\u0101s tiek mas\u0113tas k\u0101jas, tad v\u0113ders, p\u0113c tam &ndash; rokas,  s\u0101kot no  pirkstiem, virzoties uz pleciem. P\u0113c tam &ndash; mugura, s\u0101kot no  lejasda\u013cas,  virzien\u0101 uz aug&scaron;u;     Saus\u0101s mas\u0101\u017eas laik\u0101 nevajadz\u0113tu  aizmirst nevienu \u0137erme\u0146a da\u013cu. Ir  cilv\u0113ki, kas veic &scaron;o mas\u0101\u017eu ar\u012b  sejai, ta\u010du te domas dal\u0101s &ndash; citi  uzskata, ka tas ir labi, citi &ndash; ka  tas ir p\u0101r\u0101k agres\u012bvi sejas \u0101dai.  K\u0100DU BIRST\u012aTI IZV\u0112L\u0112TIES? Vislab\u0101k ir  izv\u0113l\u0113ties birsti, kas ir \u012bpa&scaron;i  paredz\u0113ta saus\u0101s mas\u0101\u017eas veik&scaron;anai.  Tai noteikti j\u0101b\u016bt gatavotai no  dab\u012bga materi\u0101la sari\u0146iem, sint\u0113tiskie  sari\u0146i nen\u0101ks \u0101dai par labu, tie  var pat kairin\u0101t \u0101du. Parasti ir  pieejamas divu veidu birstes &ndash; ar  rokturi-k\u0101tu vai t\u0101du rokturi, kuru  var uzmaukt uz plaukstas. Lab\u0101k  izv\u0113l\u0113ties otro variantu, jo t\u0101da  birste glu\u017ei vienk\u0101r&scaron;i ir \u0113rt\u0101ka  lieto&scaron;an\u0101.  V\u0112RT\u012aGI ZIN\u0100T! Ir v\u0113l  da\u017eas lietas, ko \u0146emt v\u0113r\u0101, pirms uzs\u0101kt saus\u0101s  mas\u0101\u017eas seansus pa&scaron;ai:       Uzs\u0101kot mas\u0101\u017eu, dari to maigi &ndash; \u0101da pie t\u0101s nav pieradusi, centies   mas\u0113t \u0101du viegli, sekojot l\u012bdzi, k\u0101 t\u0101 j\u016btas! T\u0101 izvair\u012bsies no   kairin\u0101juma un pal\u0113n\u0101m pieradin\u0101si savu \u0137ermeni pie &scaron;\u012b mas\u0101\u017eas veida;      Atceries &ndash; saus\u0101 mas\u0101\u017ea nenoz\u012bm\u0113 to, ka \u0101dai j\u0101b\u016bt ko&scaron;i sarkanai un   s\u016brsto&scaron;ai! Tas tikai noz\u012bm\u0113, ka tu mas\u0113 p\u0101r\u0101k sp\u0113c\u012bgi. Mas\u0101\u017eas laik\u0101   saj\u016bt\u0101m j\u0101b\u016bt PAT\u012aKAM\u0100M. P\u0113c mas\u0101\u017eas \u0101da nedr\u012bkst b\u016bt saskr\u0101p\u0113ta vai   cit\u0101di boj\u0101ta;     Nekad nemas\u0113 boj\u0101tu \u0101du, \u0101du, kas kl\u0101ta ar k\u0101diem  izsitumiem vai,  piem\u0113ram, saul\u0113 apdegu&scaron;u \u0101du! Saus\u0101 mas\u0101\u017ea ir  piem\u0113rojam tikai veselai  \u0101dai!     Vienm\u0113r mas\u0113jies virzien\u0101 UZ sirdi &ndash;  tas pareizi stimul\u0113s asinsriti,  limfas pl\u016bsmu un labv\u0113l\u012bgi ietekm\u0113s  vesel\u012bbu kopum\u0101;     Sauso mas\u0101\u017eu v\u0113lams veikt KATRU dienu, ide\u0101li &ndash; no  r\u012bta un vakar\u0101.  Ta\u010du tas nav j\u0101dara ilgi, pietiks ar p\u0101ris min\u016bt\u0113m no  r\u012bta un tikpat &ndash;  vakar\u0101.     P\u0113c mas\u0101\u017eas palutini \u0101du ar k\u0101du labu un  kvalitat\u012bvu \u0137erme\u0146a e\u013c\u013cu  vai losjonu &ndash; \u0101da to uz\u0146ems lieliski, tas  iedarbosies \u012bpa&scaron;i sp\u0113c\u012bgi;     Seko l\u012bdzi birstes higi\u0113nai &ndash; ik pa  laikam izmazg\u0101 to ar dab\u012bg\u0101m  ziep\u0113m vai &scaron;amp\u016bnu, jo taj\u0101 sakr\u0101jas  atmiru&scaron;\u0101s \u0101das &scaron;\u016bnas.<\/p>\n<p>&nbsp;<\/p>\n<p>izm\u0113rs: 19,5*8,5 \u0441\u043c.<\/p>\n<p><\/body><br \/>\n<\/html><\/p>\n","protected":false},"excerpt":{"rendered":"<p>Untitled document koks+dab\u012bgie sari as ir SAUS\u0100 MAS\u0100\u017dA! K\u0101 t\u0101 ir veicama, k\u0101 tu to vari dar\u012bt pati &ndash; m\u0101j\u0101s?<\/p>\n","protected":false},"featured_media":8684,"template":"","meta":[],"product_brand":[],"product_cat":[2231,2235],"product_tag":[],"class_list":{"0":"post-34001","1":"product","2":"type-product","3":"status-publish","4":"has-post-thumbnail","6":"product_cat-atveselojosas-preces-lv","7":"product_cat-kermenim-lv","9":"first","10":"outofstock","11":"sale","12":"taxable","13":"shipping-taxable","14":"purchasable","15":"product-type-simple"},"yoast_head":"<!-- This site is optimized with the Yoast SEO Premium plugin v27.0 (Yoast SEO v27.0) - https:\/\/yoast.com\/product\/yoast-seo-premium-wordpress\/ -->\n<title>Sausa dab\u012bga vannas suka, kas izgatavota no dab\u012bgiem sariem Detoks ar koka rokturi - cosmetic.lv<\/title>\n<meta name=\"robots\" content=\"index, follow, max-snippet:-1, max-image-preview:large, max-video-preview:-1\" \/>\n<link rel=\"canonical\" href=\"https:\/\/cosmetic.lv\/lv\/product\/sausa-dabiga-vannas-suka-kas-izgatavota-no-dabigiem-sariem-detoks-ar-koka-rokturi\/\" \/>\n<meta property=\"og:locale\" content=\"lv_LV\" \/>\n<meta property=\"og:type\" content=\"article\" \/>\n<meta property=\"og:title\" content=\"Sausa dab\u012bga vannas suka, kas izgatavota no dab\u012bgiem sariem Detoks ar koka rokturi\" \/>\n<meta property=\"og:description\" content=\"Untitled document koks+dab\u012bgie sari as ir SAUS\u0100 MAS\u0100\u017dA! K\u0101 t\u0101 ir veicama, k\u0101 tu to vari dar\u012bt pati &ndash; m\u0101j\u0101s?\" \/>\n<meta property=\"og:url\" content=\"https:\/\/cosmetic.lv\/lv\/product\/sausa-dabiga-vannas-suka-kas-izgatavota-no-dabigiem-sariem-detoks-ar-koka-rokturi\/\" \/>\n<meta property=\"og:site_name\" content=\"cosmetic.lv\" \/>\n<meta property=\"article:publisher\" content=\"https:\/\/www.facebook.com\/cosmetic.lv\/\" \/>\n<meta property=\"article:modified_time\" content=\"2021-02-06T17:47:15+00:00\" \/>\n<meta property=\"og:image\" content=\"https:\/\/cosmetic.lv\/wp-content\/uploads\/2021\/02\/20201020_1822401.jpg\" \/>\n\t<meta property=\"og:image:width\" content=\"1024\" \/>\n\t<meta property=\"og:image:height\" content=\"576\" \/>\n\t<meta property=\"og:image:type\" content=\"image\/jpeg\" \/>\n<meta name=\"twitter:card\" content=\"summary_large_image\" \/>\n<script type=\"application\/ld+json\" class=\"yoast-schema-graph\">{\"@context\":\"https:\/\/schema.org\",\"@graph\":[{\"@type\":\"WebPage\",\"@id\":\"https:\/\/cosmetic.lv\/lv\/product\/sausa-dabiga-vannas-suka-kas-izgatavota-no-dabigiem-sariem-detoks-ar-koka-rokturi\/\",\"url\":\"https:\/\/cosmetic.lv\/lv\/product\/sausa-dabiga-vannas-suka-kas-izgatavota-no-dabigiem-sariem-detoks-ar-koka-rokturi\/\",\"name\":\"Sausa dab\u012bga vannas suka, kas izgatavota no dab\u012bgiem sariem Detoks ar koka rokturi - cosmetic.lv\",\"isPartOf\":{\"@id\":\"https:\/\/cosmetic.lv\/lv\/#website\"},\"primaryImageOfPage\":{\"@id\":\"https:\/\/cosmetic.lv\/lv\/product\/sausa-dabiga-vannas-suka-kas-izgatavota-no-dabigiem-sariem-detoks-ar-koka-rokturi\/#primaryimage\"},\"image\":{\"@id\":\"https:\/\/cosmetic.lv\/lv\/product\/sausa-dabiga-vannas-suka-kas-izgatavota-no-dabigiem-sariem-detoks-ar-koka-rokturi\/#primaryimage\"},\"thumbnailUrl\":\"https:\/\/cosmetic.lv\/wp-content\/uploads\/2021\/02\/20201020_1822401.jpg\",\"datePublished\":\"2021-02-06T17:47:11+00:00\",\"dateModified\":\"2021-02-06T17:47:15+00:00\",\"breadcrumb\":{\"@id\":\"https:\/\/cosmetic.lv\/lv\/product\/sausa-dabiga-vannas-suka-kas-izgatavota-no-dabigiem-sariem-detoks-ar-koka-rokturi\/#breadcrumb\"},\"inLanguage\":\"lv-LV\",\"potentialAction\":[{\"@type\":\"ReadAction\",\"target\":[\"https:\/\/cosmetic.lv\/lv\/product\/sausa-dabiga-vannas-suka-kas-izgatavota-no-dabigiem-sariem-detoks-ar-koka-rokturi\/\"]}]},{\"@type\":\"ImageObject\",\"inLanguage\":\"lv-LV\",\"@id\":\"https:\/\/cosmetic.lv\/lv\/product\/sausa-dabiga-vannas-suka-kas-izgatavota-no-dabigiem-sariem-detoks-ar-koka-rokturi\/#primaryimage\",\"url\":\"https:\/\/cosmetic.lv\/wp-content\/uploads\/2021\/02\/20201020_1822401.jpg\",\"contentUrl\":\"https:\/\/cosmetic.lv\/wp-content\/uploads\/2021\/02\/20201020_1822401.jpg\",\"width\":1024,\"height\":576,\"caption\":\"20201020_182240[1].jpg\"},{\"@type\":\"BreadcrumbList\",\"@id\":\"https:\/\/cosmetic.lv\/lv\/product\/sausa-dabiga-vannas-suka-kas-izgatavota-no-dabigiem-sariem-detoks-ar-koka-rokturi\/#breadcrumb\",\"itemListElement\":[{\"@type\":\"ListItem\",\"position\":1,\"name\":\"Home\",\"item\":\"https:\/\/cosmetic.lv\/lv\/\"},{\"@type\":\"ListItem\",\"position\":2,\"name\":\"Veikals\",\"item\":\"https:\/\/cosmetic.lv\/lv\/veiklas\/\"},{\"@type\":\"ListItem\",\"position\":3,\"name\":\"Sausa dab\u012bga vannas suka, kas izgatavota no dab\u012bgiem sariem Detoks ar koka rokturi\"}]},{\"@type\":\"WebSite\",\"@id\":\"https:\/\/cosmetic.lv\/lv\/#website\",\"url\":\"https:\/\/cosmetic.lv\/lv\/\",\"name\":\"cosmetic.lv\",\"description\":\"Profesion\u0101la kosm\u0113tika - Maria Galland, Keune, Arkadija, GMT, Guam, Magiray\",\"publisher\":{\"@id\":\"https:\/\/cosmetic.lv\/lv\/#organization\"},\"potentialAction\":[{\"@type\":\"SearchAction\",\"target\":{\"@type\":\"EntryPoint\",\"urlTemplate\":\"https:\/\/cosmetic.lv\/lv\/?s={search_term_string}\"},\"query-input\":{\"@type\":\"PropertyValueSpecification\",\"valueRequired\":true,\"valueName\":\"search_term_string\"}}],\"inLanguage\":\"lv-LV\"},{\"@type\":\"Organization\",\"@id\":\"https:\/\/cosmetic.lv\/lv\/#organization\",\"name\":\"COSMETIC.LV\",\"url\":\"https:\/\/cosmetic.lv\/lv\/\",\"logo\":{\"@type\":\"ImageObject\",\"inLanguage\":\"lv-LV\",\"@id\":\"https:\/\/cosmetic.lv\/lv\/#\/schema\/logo\/image\/\",\"url\":\"https:\/\/cosmetic.lv\/wp-content\/uploads\/2021\/02\/cosmetic.lv_logo.jpg\",\"contentUrl\":\"https:\/\/cosmetic.lv\/wp-content\/uploads\/2021\/02\/cosmetic.lv_logo.jpg\",\"width\":596,\"height\":196,\"caption\":\"COSMETIC.LV\"},\"image\":{\"@id\":\"https:\/\/cosmetic.lv\/lv\/#\/schema\/logo\/image\/\"},\"sameAs\":[\"https:\/\/www.facebook.com\/cosmetic.lv\/\"]}]}<\/script>\n<meta property=\"product:price:amount\" content=\"8.31\" \/>\n<meta property=\"product:price:currency\" content=\"EUR\" \/>\n<meta property=\"og:availability\" content=\"out of stock\" \/>\n<meta property=\"product:availability\" content=\"out of stock\" \/>\n<meta property=\"product:retailer_item_id\" content=\"detoks\" \/>\n<meta property=\"product:condition\" content=\"new\" \/>\n<!-- \/ Yoast SEO Premium plugin. -->","yoast_head_json":{"title":"Sausa dab\u012bga vannas suka, kas izgatavota no dab\u012bgiem sariem Detoks ar koka rokturi - cosmetic.lv","robots":{"index":"index","follow":"follow","max-snippet":"max-snippet:-1","max-image-preview":"max-image-preview:large","max-video-preview":"max-video-preview:-1"},"canonical":"https:\/\/cosmetic.lv\/lv\/product\/sausa-dabiga-vannas-suka-kas-izgatavota-no-dabigiem-sariem-detoks-ar-koka-rokturi\/","og_locale":"lv_LV","og_type":"article","og_title":"Sausa dab\u012bga vannas suka, kas izgatavota no dab\u012bgiem sariem Detoks ar koka rokturi","og_description":"Untitled document koks+dab\u012bgie sari as ir SAUS\u0100 MAS\u0100\u017dA! K\u0101 t\u0101 ir veicama, k\u0101 tu to vari dar\u012bt pati &ndash; m\u0101j\u0101s?","og_url":"https:\/\/cosmetic.lv\/lv\/product\/sausa-dabiga-vannas-suka-kas-izgatavota-no-dabigiem-sariem-detoks-ar-koka-rokturi\/","og_site_name":"cosmetic.lv","article_publisher":"https:\/\/www.facebook.com\/cosmetic.lv\/","article_modified_time":"2021-02-06T17:47:15+00:00","og_image":[{"width":1024,"height":576,"url":"https:\/\/cosmetic.lv\/wp-content\/uploads\/2021\/02\/20201020_1822401.jpg","type":"image\/jpeg"}],"twitter_card":"summary_large_image","schema":{"@context":"https:\/\/schema.org","@graph":[{"@type":"WebPage","@id":"https:\/\/cosmetic.lv\/lv\/product\/sausa-dabiga-vannas-suka-kas-izgatavota-no-dabigiem-sariem-detoks-ar-koka-rokturi\/","url":"https:\/\/cosmetic.lv\/lv\/product\/sausa-dabiga-vannas-suka-kas-izgatavota-no-dabigiem-sariem-detoks-ar-koka-rokturi\/","name":"Sausa dab\u012bga vannas suka, kas izgatavota no dab\u012bgiem sariem Detoks ar koka rokturi - cosmetic.lv","isPartOf":{"@id":"https:\/\/cosmetic.lv\/lv\/#website"},"primaryImageOfPage":{"@id":"https:\/\/cosmetic.lv\/lv\/product\/sausa-dabiga-vannas-suka-kas-izgatavota-no-dabigiem-sariem-detoks-ar-koka-rokturi\/#primaryimage"},"image":{"@id":"https:\/\/cosmetic.lv\/lv\/product\/sausa-dabiga-vannas-suka-kas-izgatavota-no-dabigiem-sariem-detoks-ar-koka-rokturi\/#primaryimage"},"thumbnailUrl":"https:\/\/cosmetic.lv\/wp-content\/uploads\/2021\/02\/20201020_1822401.jpg","datePublished":"2021-02-06T17:47:11+00:00","dateModified":"2021-02-06T17:47:15+00:00","breadcrumb":{"@id":"https:\/\/cosmetic.lv\/lv\/product\/sausa-dabiga-vannas-suka-kas-izgatavota-no-dabigiem-sariem-detoks-ar-koka-rokturi\/#breadcrumb"},"inLanguage":"lv-LV","potentialAction":[{"@type":"ReadAction","target":["https:\/\/cosmetic.lv\/lv\/product\/sausa-dabiga-vannas-suka-kas-izgatavota-no-dabigiem-sariem-detoks-ar-koka-rokturi\/"]}]},{"@type":"ImageObject","inLanguage":"lv-LV","@id":"https:\/\/cosmetic.lv\/lv\/product\/sausa-dabiga-vannas-suka-kas-izgatavota-no-dabigiem-sariem-detoks-ar-koka-rokturi\/#primaryimage","url":"https:\/\/cosmetic.lv\/wp-content\/uploads\/2021\/02\/20201020_1822401.jpg","contentUrl":"https:\/\/cosmetic.lv\/wp-content\/uploads\/2021\/02\/20201020_1822401.jpg","width":1024,"height":576,"caption":"20201020_182240[1].jpg"},{"@type":"BreadcrumbList","@id":"https:\/\/cosmetic.lv\/lv\/product\/sausa-dabiga-vannas-suka-kas-izgatavota-no-dabigiem-sariem-detoks-ar-koka-rokturi\/#breadcrumb","itemListElement":[{"@type":"ListItem","position":1,"name":"Home","item":"https:\/\/cosmetic.lv\/lv\/"},{"@type":"ListItem","position":2,"name":"Veikals","item":"https:\/\/cosmetic.lv\/lv\/veiklas\/"},{"@type":"ListItem","position":3,"name":"Sausa dab\u012bga vannas suka, kas izgatavota no dab\u012bgiem sariem Detoks ar koka rokturi"}]},{"@type":"WebSite","@id":"https:\/\/cosmetic.lv\/lv\/#website","url":"https:\/\/cosmetic.lv\/lv\/","name":"cosmetic.lv","description":"Profesion\u0101la kosm\u0113tika - Maria Galland, Keune, Arkadija, GMT, Guam, Magiray","publisher":{"@id":"https:\/\/cosmetic.lv\/lv\/#organization"},"potentialAction":[{"@type":"SearchAction","target":{"@type":"EntryPoint","urlTemplate":"https:\/\/cosmetic.lv\/lv\/?s={search_term_string}"},"query-input":{"@type":"PropertyValueSpecification","valueRequired":true,"valueName":"search_term_string"}}],"inLanguage":"lv-LV"},{"@type":"Organization","@id":"https:\/\/cosmetic.lv\/lv\/#organization","name":"COSMETIC.LV","url":"https:\/\/cosmetic.lv\/lv\/","logo":{"@type":"ImageObject","inLanguage":"lv-LV","@id":"https:\/\/cosmetic.lv\/lv\/#\/schema\/logo\/image\/","url":"https:\/\/cosmetic.lv\/wp-content\/uploads\/2021\/02\/cosmetic.lv_logo.jpg","contentUrl":"https:\/\/cosmetic.lv\/wp-content\/uploads\/2021\/02\/cosmetic.lv_logo.jpg","width":596,"height":196,"caption":"COSMETIC.LV"},"image":{"@id":"https:\/\/cosmetic.lv\/lv\/#\/schema\/logo\/image\/"},"sameAs":["https:\/\/www.facebook.com\/cosmetic.lv\/"]}]},"product_price_amount":"8.31","product_price_currency":"EUR","og_availability":"out of stock","product_availability":"out of stock","product_retailer_item_id":"detoks","product_condition":"new"},"_links":{"self":[{"href":"https:\/\/cosmetic.lv\/lv\/wp-json\/wp\/v2\/product\/34001","targetHints":{"allow":["GET"]}}],"collection":[{"href":"https:\/\/cosmetic.lv\/lv\/wp-json\/wp\/v2\/product"}],"about":[{"href":"https:\/\/cosmetic.lv\/lv\/wp-json\/wp\/v2\/types\/product"}],"wp:featuredmedia":[{"embeddable":true,"href":"https:\/\/cosmetic.lv\/lv\/wp-json\/wp\/v2\/media\/8684"}],"wp:attachment":[{"href":"https:\/\/cosmetic.lv\/lv\/wp-json\/wp\/v2\/media?parent=34001"}],"wp:term":[{"taxonomy":"product_brand","embeddable":true,"href":"https:\/\/cosmetic.lv\/lv\/wp-json\/wp\/v2\/product_brand?post=34001"},{"taxonomy":"product_cat","embeddable":true,"href":"https:\/\/cosmetic.lv\/lv\/wp-json\/wp\/v2\/product_cat?post=34001"},{"taxonomy":"product_tag","embeddable":true,"href":"https:\/\/cosmetic.lv\/lv\/wp-json\/wp\/v2\/product_tag?post=34001"}],"curies":[{"name":"wp","href":"https:\/\/api.w.org\/{rel}","templated":true}]}}