{"id":34007,"date":"2021-02-05T22:38:00","date_gmt":"2021-02-06T17:47:18","guid":{"rendered":"https:\/\/damme.lv\/product\/vivasan-ready-steady-go-uz-startu-100-ml\/"},"modified":"2021-02-06T21:55:02","modified_gmt":"2021-02-06T19:55:02","slug":"vivasan-ready-steady-go-uz-startu-100-ml","status":"publish","type":"product","link":"https:\/\/cosmetic.lv\/lv\/product\/vivasan-ready-steady-go-uz-startu-100-ml\/","title":{"rendered":"VIVASAN Ready Steady Go Uz startu! 100 ml"},"content":{"rendered":"<p>&nbsp;<\/p>\n<p>Ready Steady Go (uz starta, uzman\u012bba, g\u0101jiens) ir produkts, kas aizsarg\u0101 musku\u013cus un loc\u012btavas. Daudzpus\u012bgs produkts, kas piem\u0113rots jebkura vecuma cilv\u0113kiem. Vai j\u016bs esat sportists? Gatavs Steady Go atbalsta musku\u013cus un loc\u012btavas, gatavojoties fizisk\u0101m aktivit\u0101t\u0113m, k\u0101 ar\u012b aizsarg\u0101 fizisko aktivit\u0101\u0161u laik\u0101. Vai j\u016bs cie\u0161at no musku\u013cu s\u0101p\u0113m? Ready Steady Go nodro\u0161ina akt\u012bvu aizsardz\u012bbu pret boj\u0101jumiem fizisk\u0101s slodzes laik\u0101, atjauno musku\u013cus p\u0113c treni\u0146a, palielina asinsriti musku\u013cos, atv\u0113sina un mazina s\u0101pes.<br \/>\nLieto\u0161anas veids:<\/p>\n<p>Pirms fizisk\u0101m aktivit\u0101t\u0113m: Izsmidziniet gatavu vienm\u0113r\u012bgu soli. Iet uz v\u0113lamo \u0137erme\u0146a zonu un viegli noberziet \u0101du. P\u0113c treni\u0146a atk\u0101rtojiet proced\u016bru.<\/p>\n<p>Sast\u0101vda\u013cas: arnikas e\u013c\u013ca, avokado e\u013c\u013ca, piparm\u0113tru \u0113terisk\u0101 e\u013c\u013ca, kampara e\u013c\u013ca, ziemza\u013co e\u013c\u013ca, saldo apels\u012bnu e\u013c\u013ca, eg\u013cu \u0113terisk\u0101 e\u013c\u013ca, ingvera e\u013c\u013ca.<\/p>\n<p>&nbsp;<\/p>\n","protected":false},"excerpt":{"rendered":"<p>&nbsp; Ready Steady Go (uz starta, uzman\u012bba, g\u0101jiens) ir produkts, kas aizsarg\u0101 musku\u013cus un loc\u012btavas. Daudzpus\u012bgs produkts, kas piem\u0113rots jebkura<\/p>\n","protected":false},"featured_media":8702,"template":"","meta":[],"product_brand":[],"product_cat":[2185],"product_tag":[],"class_list":{"0":"post-34007","1":"product","2":"type-product","3":"status-publish","4":"has-post-thumbnail","6":"product_cat-naturalas-eteriskas-ellas","8":"first","9":"instock","10":"sale","11":"taxable","12":"shipping-taxable","13":"purchasable","14":"product-type-simple"},"yoast_head":"<!-- This site is optimized with the Yoast SEO Premium plugin v27.0 (Yoast SEO v27.0) - https:\/\/yoast.com\/product\/yoast-seo-premium-wordpress\/ -->\n<title>VIVASAN Ready Steady Go Uz startu! 100 ml - cosmetic.lv<\/title>\n<meta name=\"robots\" content=\"index, follow, max-snippet:-1, max-image-preview:large, max-video-preview:-1\" \/>\n<link rel=\"canonical\" href=\"https:\/\/cosmetic.lv\/lv\/product\/vivasan-ready-steady-go-uz-startu-100-ml\/\" \/>\n<meta property=\"og:locale\" content=\"lv_LV\" \/>\n<meta property=\"og:type\" content=\"article\" \/>\n<meta property=\"og:title\" content=\"VIVASAN Ready Steady Go Uz startu! 100 ml\" \/>\n<meta property=\"og:description\" content=\"&nbsp; Ready Steady Go (uz starta, uzman\u012bba, g\u0101jiens) ir produkts, kas aizsarg\u0101 musku\u013cus un loc\u012btavas. Daudzpus\u012bgs produkts, kas piem\u0113rots jebkura\" \/>\n<meta property=\"og:url\" content=\"https:\/\/cosmetic.lv\/lv\/product\/vivasan-ready-steady-go-uz-startu-100-ml\/\" \/>\n<meta property=\"og:site_name\" content=\"cosmetic.lv\" \/>\n<meta property=\"article:publisher\" content=\"https:\/\/www.facebook.com\/cosmetic.lv\/\" \/>\n<meta property=\"article:modified_time\" content=\"2021-02-06T19:55:02+00:00\" \/>\n<meta property=\"og:image\" content=\"https:\/\/cosmetic.lv\/wp-content\/uploads\/2021\/02\/vivasan.club-20200217-1430-47141018e137.png\" \/>\n\t<meta property=\"og:image:width\" content=\"1024\" \/>\n\t<meta property=\"og:image:height\" content=\"1024\" \/>\n\t<meta property=\"og:image:type\" content=\"image\/png\" \/>\n<meta name=\"twitter:card\" content=\"summary_large_image\" \/>\n<script type=\"application\/ld+json\" class=\"yoast-schema-graph\">{\"@context\":\"https:\/\/schema.org\",\"@graph\":[{\"@type\":\"WebPage\",\"@id\":\"https:\/\/cosmetic.lv\/lv\/product\/vivasan-ready-steady-go-uz-startu-100-ml\/\",\"url\":\"https:\/\/cosmetic.lv\/lv\/product\/vivasan-ready-steady-go-uz-startu-100-ml\/\",\"name\":\"VIVASAN Ready Steady Go Uz startu! 100 ml - cosmetic.lv\",\"isPartOf\":{\"@id\":\"https:\/\/cosmetic.lv\/lv\/#website\"},\"primaryImageOfPage\":{\"@id\":\"https:\/\/cosmetic.lv\/lv\/product\/vivasan-ready-steady-go-uz-startu-100-ml\/#primaryimage\"},\"image\":{\"@id\":\"https:\/\/cosmetic.lv\/lv\/product\/vivasan-ready-steady-go-uz-startu-100-ml\/#primaryimage\"},\"thumbnailUrl\":\"https:\/\/cosmetic.lv\/wp-content\/uploads\/2021\/02\/vivasan.club-20200217-1430-47141018e137.png\",\"datePublished\":\"2021-02-06T17:47:18+00:00\",\"dateModified\":\"2021-02-06T19:55:02+00:00\",\"breadcrumb\":{\"@id\":\"https:\/\/cosmetic.lv\/lv\/product\/vivasan-ready-steady-go-uz-startu-100-ml\/#breadcrumb\"},\"inLanguage\":\"lv-LV\",\"potentialAction\":[{\"@type\":\"ReadAction\",\"target\":[\"https:\/\/cosmetic.lv\/lv\/product\/vivasan-ready-steady-go-uz-startu-100-ml\/\"]}]},{\"@type\":\"ImageObject\",\"inLanguage\":\"lv-LV\",\"@id\":\"https:\/\/cosmetic.lv\/lv\/product\/vivasan-ready-steady-go-uz-startu-100-ml\/#primaryimage\",\"url\":\"https:\/\/cosmetic.lv\/wp-content\/uploads\/2021\/02\/vivasan.club-20200217-1430-47141018e137.png\",\"contentUrl\":\"https:\/\/cosmetic.lv\/wp-content\/uploads\/2021\/02\/vivasan.club-20200217-1430-47141018e137.png\",\"width\":1024,\"height\":1024,\"caption\":\"vivasan.club-20200217-1430-47141018E137.png\"},{\"@type\":\"BreadcrumbList\",\"@id\":\"https:\/\/cosmetic.lv\/lv\/product\/vivasan-ready-steady-go-uz-startu-100-ml\/#breadcrumb\",\"itemListElement\":[{\"@type\":\"ListItem\",\"position\":1,\"name\":\"Home\",\"item\":\"https:\/\/cosmetic.lv\/lv\/\"},{\"@type\":\"ListItem\",\"position\":2,\"name\":\"Veikals\",\"item\":\"https:\/\/cosmetic.lv\/lv\/veiklas\/\"},{\"@type\":\"ListItem\",\"position\":3,\"name\":\"VIVASAN Ready Steady Go Uz startu! 100 ml\"}]},{\"@type\":\"WebSite\",\"@id\":\"https:\/\/cosmetic.lv\/lv\/#website\",\"url\":\"https:\/\/cosmetic.lv\/lv\/\",\"name\":\"cosmetic.lv\",\"description\":\"Profesion\u0101la kosm\u0113tika - Maria Galland, Keune, Arkadija, GMT, Guam, Magiray\",\"publisher\":{\"@id\":\"https:\/\/cosmetic.lv\/lv\/#organization\"},\"potentialAction\":[{\"@type\":\"SearchAction\",\"target\":{\"@type\":\"EntryPoint\",\"urlTemplate\":\"https:\/\/cosmetic.lv\/lv\/?s={search_term_string}\"},\"query-input\":{\"@type\":\"PropertyValueSpecification\",\"valueRequired\":true,\"valueName\":\"search_term_string\"}}],\"inLanguage\":\"lv-LV\"},{\"@type\":\"Organization\",\"@id\":\"https:\/\/cosmetic.lv\/lv\/#organization\",\"name\":\"COSMETIC.LV\",\"url\":\"https:\/\/cosmetic.lv\/lv\/\",\"logo\":{\"@type\":\"ImageObject\",\"inLanguage\":\"lv-LV\",\"@id\":\"https:\/\/cosmetic.lv\/lv\/#\/schema\/logo\/image\/\",\"url\":\"https:\/\/cosmetic.lv\/wp-content\/uploads\/2021\/02\/cosmetic.lv_logo.jpg\",\"contentUrl\":\"https:\/\/cosmetic.lv\/wp-content\/uploads\/2021\/02\/cosmetic.lv_logo.jpg\",\"width\":596,\"height\":196,\"caption\":\"COSMETIC.LV\"},\"image\":{\"@id\":\"https:\/\/cosmetic.lv\/lv\/#\/schema\/logo\/image\/\"},\"sameAs\":[\"https:\/\/www.facebook.com\/cosmetic.lv\/\"]}]}<\/script>\n<meta property=\"product:price:amount\" content=\"25.42\" \/>\n<meta property=\"product:price:currency\" content=\"EUR\" \/>\n<meta property=\"og:availability\" content=\"instock\" \/>\n<meta property=\"product:availability\" content=\"instock\" \/>\n<meta property=\"product:retailer_item_id\" content=\"E137\" \/>\n<meta property=\"product:condition\" content=\"new\" \/>\n<!-- \/ Yoast SEO Premium plugin. -->","yoast_head_json":{"title":"VIVASAN Ready Steady Go Uz startu! 100 ml - cosmetic.lv","robots":{"index":"index","follow":"follow","max-snippet":"max-snippet:-1","max-image-preview":"max-image-preview:large","max-video-preview":"max-video-preview:-1"},"canonical":"https:\/\/cosmetic.lv\/lv\/product\/vivasan-ready-steady-go-uz-startu-100-ml\/","og_locale":"lv_LV","og_type":"article","og_title":"VIVASAN Ready Steady Go Uz startu! 100 ml","og_description":"&nbsp; Ready Steady Go (uz starta, uzman\u012bba, g\u0101jiens) ir produkts, kas aizsarg\u0101 musku\u013cus un loc\u012btavas. Daudzpus\u012bgs produkts, kas piem\u0113rots jebkura","og_url":"https:\/\/cosmetic.lv\/lv\/product\/vivasan-ready-steady-go-uz-startu-100-ml\/","og_site_name":"cosmetic.lv","article_publisher":"https:\/\/www.facebook.com\/cosmetic.lv\/","article_modified_time":"2021-02-06T19:55:02+00:00","og_image":[{"width":1024,"height":1024,"url":"https:\/\/cosmetic.lv\/wp-content\/uploads\/2021\/02\/vivasan.club-20200217-1430-47141018e137.png","type":"image\/png"}],"twitter_card":"summary_large_image","schema":{"@context":"https:\/\/schema.org","@graph":[{"@type":"WebPage","@id":"https:\/\/cosmetic.lv\/lv\/product\/vivasan-ready-steady-go-uz-startu-100-ml\/","url":"https:\/\/cosmetic.lv\/lv\/product\/vivasan-ready-steady-go-uz-startu-100-ml\/","name":"VIVASAN Ready Steady Go Uz startu! 100 ml - cosmetic.lv","isPartOf":{"@id":"https:\/\/cosmetic.lv\/lv\/#website"},"primaryImageOfPage":{"@id":"https:\/\/cosmetic.lv\/lv\/product\/vivasan-ready-steady-go-uz-startu-100-ml\/#primaryimage"},"image":{"@id":"https:\/\/cosmetic.lv\/lv\/product\/vivasan-ready-steady-go-uz-startu-100-ml\/#primaryimage"},"thumbnailUrl":"https:\/\/cosmetic.lv\/wp-content\/uploads\/2021\/02\/vivasan.club-20200217-1430-47141018e137.png","datePublished":"2021-02-06T17:47:18+00:00","dateModified":"2021-02-06T19:55:02+00:00","breadcrumb":{"@id":"https:\/\/cosmetic.lv\/lv\/product\/vivasan-ready-steady-go-uz-startu-100-ml\/#breadcrumb"},"inLanguage":"lv-LV","potentialAction":[{"@type":"ReadAction","target":["https:\/\/cosmetic.lv\/lv\/product\/vivasan-ready-steady-go-uz-startu-100-ml\/"]}]},{"@type":"ImageObject","inLanguage":"lv-LV","@id":"https:\/\/cosmetic.lv\/lv\/product\/vivasan-ready-steady-go-uz-startu-100-ml\/#primaryimage","url":"https:\/\/cosmetic.lv\/wp-content\/uploads\/2021\/02\/vivasan.club-20200217-1430-47141018e137.png","contentUrl":"https:\/\/cosmetic.lv\/wp-content\/uploads\/2021\/02\/vivasan.club-20200217-1430-47141018e137.png","width":1024,"height":1024,"caption":"vivasan.club-20200217-1430-47141018E137.png"},{"@type":"BreadcrumbList","@id":"https:\/\/cosmetic.lv\/lv\/product\/vivasan-ready-steady-go-uz-startu-100-ml\/#breadcrumb","itemListElement":[{"@type":"ListItem","position":1,"name":"Home","item":"https:\/\/cosmetic.lv\/lv\/"},{"@type":"ListItem","position":2,"name":"Veikals","item":"https:\/\/cosmetic.lv\/lv\/veiklas\/"},{"@type":"ListItem","position":3,"name":"VIVASAN Ready Steady Go Uz startu! 100 ml"}]},{"@type":"WebSite","@id":"https:\/\/cosmetic.lv\/lv\/#website","url":"https:\/\/cosmetic.lv\/lv\/","name":"cosmetic.lv","description":"Profesion\u0101la kosm\u0113tika - Maria Galland, Keune, Arkadija, GMT, Guam, Magiray","publisher":{"@id":"https:\/\/cosmetic.lv\/lv\/#organization"},"potentialAction":[{"@type":"SearchAction","target":{"@type":"EntryPoint","urlTemplate":"https:\/\/cosmetic.lv\/lv\/?s={search_term_string}"},"query-input":{"@type":"PropertyValueSpecification","valueRequired":true,"valueName":"search_term_string"}}],"inLanguage":"lv-LV"},{"@type":"Organization","@id":"https:\/\/cosmetic.lv\/lv\/#organization","name":"COSMETIC.LV","url":"https:\/\/cosmetic.lv\/lv\/","logo":{"@type":"ImageObject","inLanguage":"lv-LV","@id":"https:\/\/cosmetic.lv\/lv\/#\/schema\/logo\/image\/","url":"https:\/\/cosmetic.lv\/wp-content\/uploads\/2021\/02\/cosmetic.lv_logo.jpg","contentUrl":"https:\/\/cosmetic.lv\/wp-content\/uploads\/2021\/02\/cosmetic.lv_logo.jpg","width":596,"height":196,"caption":"COSMETIC.LV"},"image":{"@id":"https:\/\/cosmetic.lv\/lv\/#\/schema\/logo\/image\/"},"sameAs":["https:\/\/www.facebook.com\/cosmetic.lv\/"]}]},"product_price_amount":"25.42","product_price_currency":"EUR","og_availability":"instock","product_availability":"instock","product_retailer_item_id":"E137","product_condition":"new"},"_links":{"self":[{"href":"https:\/\/cosmetic.lv\/lv\/wp-json\/wp\/v2\/product\/34007","targetHints":{"allow":["GET"]}}],"collection":[{"href":"https:\/\/cosmetic.lv\/lv\/wp-json\/wp\/v2\/product"}],"about":[{"href":"https:\/\/cosmetic.lv\/lv\/wp-json\/wp\/v2\/types\/product"}],"wp:featuredmedia":[{"embeddable":true,"href":"https:\/\/cosmetic.lv\/lv\/wp-json\/wp\/v2\/media\/8702"}],"wp:attachment":[{"href":"https:\/\/cosmetic.lv\/lv\/wp-json\/wp\/v2\/media?parent=34007"}],"wp:term":[{"taxonomy":"product_brand","embeddable":true,"href":"https:\/\/cosmetic.lv\/lv\/wp-json\/wp\/v2\/product_brand?post=34007"},{"taxonomy":"product_cat","embeddable":true,"href":"https:\/\/cosmetic.lv\/lv\/wp-json\/wp\/v2\/product_cat?post=34007"},{"taxonomy":"product_tag","embeddable":true,"href":"https:\/\/cosmetic.lv\/lv\/wp-json\/wp\/v2\/product_tag?post=34007"}],"curies":[{"name":"wp","href":"https:\/\/api.w.org\/{rel}","templated":true}]}}