{"id":34010,"date":"2021-02-05T22:38:00","date_gmt":"2021-02-06T17:47:18","guid":{"rendered":"https:\/\/damme.lv\/product\/vivasan-roll-on-lotion-tonus-9-ml\/"},"modified":"2021-02-06T21:54:03","modified_gmt":"2021-02-06T19:54:03","slug":"vivasan-roll-on-lotion-tonus-9-ml","status":"publish","type":"product","link":"https:\/\/cosmetic.lv\/lv\/product\/vivasan-roll-on-lotion-tonus-9-ml\/","title":{"rendered":"VIVASAN Roll-On Lotion Tonus 9 ml"},"content":{"rendered":"<p>&nbsp;<\/p>\n<p>Losjons-toniks &#8220;Koncentr\u0101cija&#8221; &#8211; atsvaidzino\u0161s, toniz\u0113jo\u0161s un uzmundrino\u0161s losjons ar efekt\u012bvi izv\u0113l\u0113tu dabisko \u0113terisko e\u013c\u013cu, pantenola un bisabolola sast\u0101vu, mazina nogurumu, palielina tonusu un koncentr\u0101ciju. Autovad\u012bt\u0101jiem \u012bpa\u0161i ieteicams lietot losjonu, tas \u0101tri atbr\u012bvo nogurumu un miegain\u012bbu, uzlabo tonusu un veicina liel\u0101ku koncentr\u0113\u0161anos. Atsvaidzina atmi\u0146u, att\u012bra apzi\u0146u, efekt\u012bvs studentiem un tiem, kam nakt\u012b j\u0101paliek nomod\u0101. Atbr\u012bvo galvass\u0101pes, stresu.<\/p>\n<p>100% \u0113terisk\u0101s e\u013c\u013cas<br \/>\nProdukts nav test\u0113ts ar dz\u012bvniekiem<br \/>\nDermatolo\u0123iski p\u0101rbaud\u012bts<br \/>\nNesatur kr\u0101svielas un sint\u0113tiskus piemais\u012bjumus<br \/>\nParab\u0113nu nesatur<br \/>\nHalal sertifik\u0101ts<br \/>\nGMP kvalit\u0101tes sertifik\u0101ts<\/p>\n<p>Pieteikums<\/p>\n<p>Uzkl\u0101jiet losjonu vair\u0101kas reizes dien\u0101 uz akt\u012bviem punktiem: temp\u013ciem, plaukstas loc\u012btav\u0101m.<\/p>\n<p>Sast\u0101vs: \u0113terisk\u0101s e\u013c\u013cas (lauka piparm\u0113tra, eksotisk\u0101 verbena, rozmar\u012bns), bisabolols, pantenols, \u016bdens, izopropilspirts, PEG-30, r\u012bcine\u013c\u013ca, propil\u0113nglikols, citrons, glicer\u012bns.<\/p>\n<p>&nbsp;<\/p>\n","protected":false},"excerpt":{"rendered":"<p>&nbsp; Losjons-toniks &#8220;Koncentr\u0101cija&#8221; &#8211; atsvaidzino\u0161s, toniz\u0113jo\u0161s un uzmundrino\u0161s losjons ar efekt\u012bvi izv\u0113l\u0113tu dabisko \u0113terisko e\u013c\u013cu, pantenola un bisabolola sast\u0101vu, mazina<\/p>\n","protected":false},"featured_media":15577,"template":"","meta":[],"product_brand":[],"product_cat":[2185],"product_tag":[],"class_list":{"0":"post-34010","1":"product","2":"type-product","3":"status-publish","4":"has-post-thumbnail","6":"product_cat-naturalas-eteriskas-ellas","8":"first","9":"instock","10":"sale","11":"taxable","12":"shipping-taxable","13":"purchasable","14":"product-type-simple"},"yoast_head":"<!-- This site is optimized with the Yoast SEO Premium plugin v27.0 (Yoast SEO v27.0) - https:\/\/yoast.com\/product\/yoast-seo-premium-wordpress\/ -->\n<title>VIVASAN Roll-On Lotion Tonus 9 ml - cosmetic.lv<\/title>\n<meta name=\"robots\" content=\"index, follow, max-snippet:-1, max-image-preview:large, max-video-preview:-1\" \/>\n<link rel=\"canonical\" href=\"https:\/\/cosmetic.lv\/lv\/product\/vivasan-roll-on-lotion-tonus-9-ml\/\" \/>\n<meta property=\"og:locale\" content=\"lv_LV\" \/>\n<meta property=\"og:type\" content=\"article\" \/>\n<meta property=\"og:title\" content=\"VIVASAN Roll-On Lotion Tonus 9 ml\" \/>\n<meta property=\"og:description\" content=\"&nbsp; Losjons-toniks &#8220;Koncentr\u0101cija&#8221; &#8211; atsvaidzino\u0161s, toniz\u0113jo\u0161s un uzmundrino\u0161s losjons ar efekt\u012bvi izv\u0113l\u0113tu dabisko \u0113terisko e\u013c\u013cu, pantenola un bisabolola sast\u0101vu, mazina\" \/>\n<meta property=\"og:url\" content=\"https:\/\/cosmetic.lv\/lv\/product\/vivasan-roll-on-lotion-tonus-9-ml\/\" \/>\n<meta property=\"og:site_name\" content=\"cosmetic.lv\" \/>\n<meta property=\"article:publisher\" content=\"https:\/\/www.facebook.com\/cosmetic.lv\/\" \/>\n<meta property=\"article:modified_time\" content=\"2021-02-06T19:54:03+00:00\" \/>\n<meta property=\"og:image\" content=\"https:\/\/cosmetic.lv\/wp-content\/uploads\/2021\/02\/vivasan.club-20191111-1440-21744425-4.png\" \/>\n\t<meta property=\"og:image:width\" content=\"1024\" \/>\n\t<meta property=\"og:image:height\" content=\"1024\" \/>\n\t<meta property=\"og:image:type\" content=\"image\/png\" \/>\n<meta name=\"twitter:card\" content=\"summary_large_image\" \/>\n<script type=\"application\/ld+json\" class=\"yoast-schema-graph\">{\"@context\":\"https:\/\/schema.org\",\"@graph\":[{\"@type\":\"WebPage\",\"@id\":\"https:\/\/cosmetic.lv\/lv\/product\/vivasan-roll-on-lotion-tonus-9-ml\/\",\"url\":\"https:\/\/cosmetic.lv\/lv\/product\/vivasan-roll-on-lotion-tonus-9-ml\/\",\"name\":\"VIVASAN Roll-On Lotion Tonus 9 ml - cosmetic.lv\",\"isPartOf\":{\"@id\":\"https:\/\/cosmetic.lv\/lv\/#website\"},\"primaryImageOfPage\":{\"@id\":\"https:\/\/cosmetic.lv\/lv\/product\/vivasan-roll-on-lotion-tonus-9-ml\/#primaryimage\"},\"image\":{\"@id\":\"https:\/\/cosmetic.lv\/lv\/product\/vivasan-roll-on-lotion-tonus-9-ml\/#primaryimage\"},\"thumbnailUrl\":\"https:\/\/cosmetic.lv\/wp-content\/uploads\/2021\/02\/vivasan.club-20191111-1440-21744425-4.png\",\"datePublished\":\"2021-02-06T17:47:18+00:00\",\"dateModified\":\"2021-02-06T19:54:03+00:00\",\"breadcrumb\":{\"@id\":\"https:\/\/cosmetic.lv\/lv\/product\/vivasan-roll-on-lotion-tonus-9-ml\/#breadcrumb\"},\"inLanguage\":\"lv-LV\",\"potentialAction\":[{\"@type\":\"ReadAction\",\"target\":[\"https:\/\/cosmetic.lv\/lv\/product\/vivasan-roll-on-lotion-tonus-9-ml\/\"]}]},{\"@type\":\"ImageObject\",\"inLanguage\":\"lv-LV\",\"@id\":\"https:\/\/cosmetic.lv\/lv\/product\/vivasan-roll-on-lotion-tonus-9-ml\/#primaryimage\",\"url\":\"https:\/\/cosmetic.lv\/wp-content\/uploads\/2021\/02\/vivasan.club-20191111-1440-21744425-4.png\",\"contentUrl\":\"https:\/\/cosmetic.lv\/wp-content\/uploads\/2021\/02\/vivasan.club-20191111-1440-21744425-4.png\",\"width\":1024,\"height\":1024,\"caption\":\"vivasan.club-20191111-1440-21744425.png\"},{\"@type\":\"BreadcrumbList\",\"@id\":\"https:\/\/cosmetic.lv\/lv\/product\/vivasan-roll-on-lotion-tonus-9-ml\/#breadcrumb\",\"itemListElement\":[{\"@type\":\"ListItem\",\"position\":1,\"name\":\"Home\",\"item\":\"https:\/\/cosmetic.lv\/lv\/\"},{\"@type\":\"ListItem\",\"position\":2,\"name\":\"Veikals\",\"item\":\"https:\/\/cosmetic.lv\/lv\/veiklas\/\"},{\"@type\":\"ListItem\",\"position\":3,\"name\":\"VIVASAN Roll-On Lotion Tonus 9 ml\"}]},{\"@type\":\"WebSite\",\"@id\":\"https:\/\/cosmetic.lv\/lv\/#website\",\"url\":\"https:\/\/cosmetic.lv\/lv\/\",\"name\":\"cosmetic.lv\",\"description\":\"Profesion\u0101la kosm\u0113tika - Maria Galland, Keune, Arkadija, GMT, Guam, Magiray\",\"publisher\":{\"@id\":\"https:\/\/cosmetic.lv\/lv\/#organization\"},\"potentialAction\":[{\"@type\":\"SearchAction\",\"target\":{\"@type\":\"EntryPoint\",\"urlTemplate\":\"https:\/\/cosmetic.lv\/lv\/?s={search_term_string}\"},\"query-input\":{\"@type\":\"PropertyValueSpecification\",\"valueRequired\":true,\"valueName\":\"search_term_string\"}}],\"inLanguage\":\"lv-LV\"},{\"@type\":\"Organization\",\"@id\":\"https:\/\/cosmetic.lv\/lv\/#organization\",\"name\":\"COSMETIC.LV\",\"url\":\"https:\/\/cosmetic.lv\/lv\/\",\"logo\":{\"@type\":\"ImageObject\",\"inLanguage\":\"lv-LV\",\"@id\":\"https:\/\/cosmetic.lv\/lv\/#\/schema\/logo\/image\/\",\"url\":\"https:\/\/cosmetic.lv\/wp-content\/uploads\/2021\/02\/cosmetic.lv_logo.jpg\",\"contentUrl\":\"https:\/\/cosmetic.lv\/wp-content\/uploads\/2021\/02\/cosmetic.lv_logo.jpg\",\"width\":596,\"height\":196,\"caption\":\"COSMETIC.LV\"},\"image\":{\"@id\":\"https:\/\/cosmetic.lv\/lv\/#\/schema\/logo\/image\/\"},\"sameAs\":[\"https:\/\/www.facebook.com\/cosmetic.lv\/\"]}]}<\/script>\n<meta property=\"product:price:amount\" content=\"18.09\" \/>\n<meta property=\"product:price:currency\" content=\"EUR\" \/>\n<meta property=\"og:availability\" content=\"instock\" \/>\n<meta property=\"product:availability\" content=\"instock\" \/>\n<meta property=\"product:retailer_item_id\" content=\"E149\" \/>\n<meta property=\"product:condition\" content=\"new\" \/>\n<!-- \/ Yoast SEO Premium plugin. -->","yoast_head_json":{"title":"VIVASAN Roll-On Lotion Tonus 9 ml - cosmetic.lv","robots":{"index":"index","follow":"follow","max-snippet":"max-snippet:-1","max-image-preview":"max-image-preview:large","max-video-preview":"max-video-preview:-1"},"canonical":"https:\/\/cosmetic.lv\/lv\/product\/vivasan-roll-on-lotion-tonus-9-ml\/","og_locale":"lv_LV","og_type":"article","og_title":"VIVASAN Roll-On Lotion Tonus 9 ml","og_description":"&nbsp; Losjons-toniks &#8220;Koncentr\u0101cija&#8221; &#8211; atsvaidzino\u0161s, toniz\u0113jo\u0161s un uzmundrino\u0161s losjons ar efekt\u012bvi izv\u0113l\u0113tu dabisko \u0113terisko e\u013c\u013cu, pantenola un bisabolola sast\u0101vu, mazina","og_url":"https:\/\/cosmetic.lv\/lv\/product\/vivasan-roll-on-lotion-tonus-9-ml\/","og_site_name":"cosmetic.lv","article_publisher":"https:\/\/www.facebook.com\/cosmetic.lv\/","article_modified_time":"2021-02-06T19:54:03+00:00","og_image":[{"width":1024,"height":1024,"url":"https:\/\/cosmetic.lv\/wp-content\/uploads\/2021\/02\/vivasan.club-20191111-1440-21744425-4.png","type":"image\/png"}],"twitter_card":"summary_large_image","schema":{"@context":"https:\/\/schema.org","@graph":[{"@type":"WebPage","@id":"https:\/\/cosmetic.lv\/lv\/product\/vivasan-roll-on-lotion-tonus-9-ml\/","url":"https:\/\/cosmetic.lv\/lv\/product\/vivasan-roll-on-lotion-tonus-9-ml\/","name":"VIVASAN Roll-On Lotion Tonus 9 ml - cosmetic.lv","isPartOf":{"@id":"https:\/\/cosmetic.lv\/lv\/#website"},"primaryImageOfPage":{"@id":"https:\/\/cosmetic.lv\/lv\/product\/vivasan-roll-on-lotion-tonus-9-ml\/#primaryimage"},"image":{"@id":"https:\/\/cosmetic.lv\/lv\/product\/vivasan-roll-on-lotion-tonus-9-ml\/#primaryimage"},"thumbnailUrl":"https:\/\/cosmetic.lv\/wp-content\/uploads\/2021\/02\/vivasan.club-20191111-1440-21744425-4.png","datePublished":"2021-02-06T17:47:18+00:00","dateModified":"2021-02-06T19:54:03+00:00","breadcrumb":{"@id":"https:\/\/cosmetic.lv\/lv\/product\/vivasan-roll-on-lotion-tonus-9-ml\/#breadcrumb"},"inLanguage":"lv-LV","potentialAction":[{"@type":"ReadAction","target":["https:\/\/cosmetic.lv\/lv\/product\/vivasan-roll-on-lotion-tonus-9-ml\/"]}]},{"@type":"ImageObject","inLanguage":"lv-LV","@id":"https:\/\/cosmetic.lv\/lv\/product\/vivasan-roll-on-lotion-tonus-9-ml\/#primaryimage","url":"https:\/\/cosmetic.lv\/wp-content\/uploads\/2021\/02\/vivasan.club-20191111-1440-21744425-4.png","contentUrl":"https:\/\/cosmetic.lv\/wp-content\/uploads\/2021\/02\/vivasan.club-20191111-1440-21744425-4.png","width":1024,"height":1024,"caption":"vivasan.club-20191111-1440-21744425.png"},{"@type":"BreadcrumbList","@id":"https:\/\/cosmetic.lv\/lv\/product\/vivasan-roll-on-lotion-tonus-9-ml\/#breadcrumb","itemListElement":[{"@type":"ListItem","position":1,"name":"Home","item":"https:\/\/cosmetic.lv\/lv\/"},{"@type":"ListItem","position":2,"name":"Veikals","item":"https:\/\/cosmetic.lv\/lv\/veiklas\/"},{"@type":"ListItem","position":3,"name":"VIVASAN Roll-On Lotion Tonus 9 ml"}]},{"@type":"WebSite","@id":"https:\/\/cosmetic.lv\/lv\/#website","url":"https:\/\/cosmetic.lv\/lv\/","name":"cosmetic.lv","description":"Profesion\u0101la kosm\u0113tika - Maria Galland, Keune, Arkadija, GMT, Guam, Magiray","publisher":{"@id":"https:\/\/cosmetic.lv\/lv\/#organization"},"potentialAction":[{"@type":"SearchAction","target":{"@type":"EntryPoint","urlTemplate":"https:\/\/cosmetic.lv\/lv\/?s={search_term_string}"},"query-input":{"@type":"PropertyValueSpecification","valueRequired":true,"valueName":"search_term_string"}}],"inLanguage":"lv-LV"},{"@type":"Organization","@id":"https:\/\/cosmetic.lv\/lv\/#organization","name":"COSMETIC.LV","url":"https:\/\/cosmetic.lv\/lv\/","logo":{"@type":"ImageObject","inLanguage":"lv-LV","@id":"https:\/\/cosmetic.lv\/lv\/#\/schema\/logo\/image\/","url":"https:\/\/cosmetic.lv\/wp-content\/uploads\/2021\/02\/cosmetic.lv_logo.jpg","contentUrl":"https:\/\/cosmetic.lv\/wp-content\/uploads\/2021\/02\/cosmetic.lv_logo.jpg","width":596,"height":196,"caption":"COSMETIC.LV"},"image":{"@id":"https:\/\/cosmetic.lv\/lv\/#\/schema\/logo\/image\/"},"sameAs":["https:\/\/www.facebook.com\/cosmetic.lv\/"]}]},"product_price_amount":"18.09","product_price_currency":"EUR","og_availability":"instock","product_availability":"instock","product_retailer_item_id":"E149","product_condition":"new"},"_links":{"self":[{"href":"https:\/\/cosmetic.lv\/lv\/wp-json\/wp\/v2\/product\/34010","targetHints":{"allow":["GET"]}}],"collection":[{"href":"https:\/\/cosmetic.lv\/lv\/wp-json\/wp\/v2\/product"}],"about":[{"href":"https:\/\/cosmetic.lv\/lv\/wp-json\/wp\/v2\/types\/product"}],"wp:featuredmedia":[{"embeddable":true,"href":"https:\/\/cosmetic.lv\/lv\/wp-json\/wp\/v2\/media\/15577"}],"wp:attachment":[{"href":"https:\/\/cosmetic.lv\/lv\/wp-json\/wp\/v2\/media?parent=34010"}],"wp:term":[{"taxonomy":"product_brand","embeddable":true,"href":"https:\/\/cosmetic.lv\/lv\/wp-json\/wp\/v2\/product_brand?post=34010"},{"taxonomy":"product_cat","embeddable":true,"href":"https:\/\/cosmetic.lv\/lv\/wp-json\/wp\/v2\/product_cat?post=34010"},{"taxonomy":"product_tag","embeddable":true,"href":"https:\/\/cosmetic.lv\/lv\/wp-json\/wp\/v2\/product_tag?post=34010"}],"curies":[{"name":"wp","href":"https:\/\/api.w.org\/{rel}","templated":true}]}}