{"id":34014,"date":"2021-02-06T19:47:25","date_gmt":"2021-02-06T17:47:25","guid":{"rendered":"https:\/\/damme.lv\/product\/echosline-serical-matu-maska-ar-keratinu-1000ml\/"},"modified":"2021-02-06T19:47:25","modified_gmt":"2021-02-06T17:47:25","slug":"echosline-serical-matu-maska-ar-keratinu-1000ml","status":"publish","type":"product","link":"https:\/\/cosmetic.lv\/lv\/product\/echosline-serical-matu-maska-ar-keratinu-1000ml\/","title":{"rendered":"ECHOSLINE SERICAL MATU MASKA AR KERAT\u012aNU 1000ml"},"content":{"rendered":"<p>Atjaunojo\u0161a maska ar kerat\u012bnu. Nogludina matus, padara tos viegli \u0137emm\u0113jamus un gludus, nov\u0113r\u0161 p\u016bkainumu. Dzi\u013ci atjauno matu strukt\u016bru, padarot tos m\u012bkstus un sp\u012bd\u012bgus, pilnus ar sp\u0113ku un ener\u0123iju. Viegla \u0137emm\u0113\u0161ana, m\u012bksti mati ar vesel\u012bgu izskatu. Ide\u0101li piem\u0113rota boj\u0101tiem, \u0137\u012bmiski iztaisnotiem vai dabiski cirtainiem matiem.<\/p>\n<p>LIETO\u0160ANA: p\u0113c matu mazg\u0101\u0161anas vienm\u0113r\u012bgi iekl\u0101jiet masku uz t\u012briem, nosusin\u0101tiem ar dvieli matiem vis\u0101 to garum\u0101. Atst\u0101jiet uz 5-10 min. Izmazg\u0101jiet ar lielu \u016bdens daudzumu.<\/p>\n<p>1000 ml<\/p>\n","protected":false},"excerpt":{"rendered":"<p>Atjaunojo\u0161a maska ar kerat\u012bnu. Nogludina matus, padara tos viegli \u0137emm\u0113jamus un gludus, nov\u0113r\u0161 p\u016bkainumu. Dzi\u013ci atjauno matu strukt\u016bru, padarot tos<\/p>\n","protected":false},"featured_media":15585,"template":"","meta":[],"product_brand":[],"product_cat":[2258,2266],"product_tag":[],"class_list":{"0":"post-34014","1":"product","2":"type-product","3":"status-publish","4":"has-post-thumbnail","6":"product_cat-profesionala-kosmetika-matiem-lv","7":"product_cat-echosline-professional-italy-lv","9":"first","10":"instock","11":"taxable","12":"shipping-taxable","13":"purchasable","14":"product-type-simple"},"yoast_head":"<!-- This site is optimized with the Yoast SEO Premium plugin v27.0 (Yoast SEO v27.0) - https:\/\/yoast.com\/product\/yoast-seo-premium-wordpress\/ -->\n<title>ECHOSLINE SERICAL MATU MASKA AR KERAT\u012aNU 1000ml - cosmetic.lv<\/title>\n<meta name=\"robots\" content=\"index, follow, max-snippet:-1, max-image-preview:large, max-video-preview:-1\" \/>\n<link rel=\"canonical\" href=\"https:\/\/cosmetic.lv\/lv\/product\/echosline-serical-matu-maska-ar-keratinu-1000ml\/\" \/>\n<meta property=\"og:locale\" content=\"lv_LV\" \/>\n<meta property=\"og:type\" content=\"article\" \/>\n<meta property=\"og:title\" content=\"ECHOSLINE SERICAL MATU MASKA AR KERAT\u012aNU 1000ml\" \/>\n<meta property=\"og:description\" content=\"Atjaunojo\u0161a maska ar kerat\u012bnu. Nogludina matus, padara tos viegli \u0137emm\u0113jamus un gludus, nov\u0113r\u0161 p\u016bkainumu. Dzi\u013ci atjauno matu strukt\u016bru, padarot tos\" \/>\n<meta property=\"og:url\" content=\"https:\/\/cosmetic.lv\/lv\/product\/echosline-serical-matu-maska-ar-keratinu-1000ml\/\" \/>\n<meta property=\"og:site_name\" content=\"cosmetic.lv\" \/>\n<meta property=\"article:publisher\" content=\"https:\/\/www.facebook.com\/cosmetic.lv\/\" \/>\n<meta property=\"og:image\" content=\"https:\/\/cosmetic.lv\/wp-content\/uploads\/2021\/02\/keratinamaska737m-4.jpg\" \/>\n\t<meta property=\"og:image:width\" content=\"296\" \/>\n\t<meta property=\"og:image:height\" content=\"434\" \/>\n\t<meta property=\"og:image:type\" content=\"image\/jpeg\" \/>\n<meta name=\"twitter:card\" content=\"summary_large_image\" \/>\n<script type=\"application\/ld+json\" class=\"yoast-schema-graph\">{\"@context\":\"https:\/\/schema.org\",\"@graph\":[{\"@type\":\"WebPage\",\"@id\":\"https:\/\/cosmetic.lv\/lv\/product\/echosline-serical-matu-maska-ar-keratinu-1000ml\/\",\"url\":\"https:\/\/cosmetic.lv\/lv\/product\/echosline-serical-matu-maska-ar-keratinu-1000ml\/\",\"name\":\"ECHOSLINE SERICAL MATU MASKA AR KERAT\u012aNU 1000ml - cosmetic.lv\",\"isPartOf\":{\"@id\":\"https:\/\/cosmetic.lv\/lv\/#website\"},\"primaryImageOfPage\":{\"@id\":\"https:\/\/cosmetic.lv\/lv\/product\/echosline-serical-matu-maska-ar-keratinu-1000ml\/#primaryimage\"},\"image\":{\"@id\":\"https:\/\/cosmetic.lv\/lv\/product\/echosline-serical-matu-maska-ar-keratinu-1000ml\/#primaryimage\"},\"thumbnailUrl\":\"https:\/\/cosmetic.lv\/wp-content\/uploads\/2021\/02\/keratinamaska737m-4.jpg\",\"datePublished\":\"2021-02-06T17:47:25+00:00\",\"breadcrumb\":{\"@id\":\"https:\/\/cosmetic.lv\/lv\/product\/echosline-serical-matu-maska-ar-keratinu-1000ml\/#breadcrumb\"},\"inLanguage\":\"lv-LV\",\"potentialAction\":[{\"@type\":\"ReadAction\",\"target\":[\"https:\/\/cosmetic.lv\/lv\/product\/echosline-serical-matu-maska-ar-keratinu-1000ml\/\"]}]},{\"@type\":\"ImageObject\",\"inLanguage\":\"lv-LV\",\"@id\":\"https:\/\/cosmetic.lv\/lv\/product\/echosline-serical-matu-maska-ar-keratinu-1000ml\/#primaryimage\",\"url\":\"https:\/\/cosmetic.lv\/wp-content\/uploads\/2021\/02\/keratinamaska737m-4.jpg\",\"contentUrl\":\"https:\/\/cosmetic.lv\/wp-content\/uploads\/2021\/02\/keratinamaska737m-4.jpg\",\"width\":296,\"height\":434,\"caption\":\"keratinamaska737m.jpg\"},{\"@type\":\"BreadcrumbList\",\"@id\":\"https:\/\/cosmetic.lv\/lv\/product\/echosline-serical-matu-maska-ar-keratinu-1000ml\/#breadcrumb\",\"itemListElement\":[{\"@type\":\"ListItem\",\"position\":1,\"name\":\"Home\",\"item\":\"https:\/\/cosmetic.lv\/lv\/\"},{\"@type\":\"ListItem\",\"position\":2,\"name\":\"Veikals\",\"item\":\"https:\/\/cosmetic.lv\/lv\/veiklas\/\"},{\"@type\":\"ListItem\",\"position\":3,\"name\":\"ECHOSLINE SERICAL MATU MASKA AR KERAT\u012aNU 1000ml\"}]},{\"@type\":\"WebSite\",\"@id\":\"https:\/\/cosmetic.lv\/lv\/#website\",\"url\":\"https:\/\/cosmetic.lv\/lv\/\",\"name\":\"cosmetic.lv\",\"description\":\"Profesion\u0101la kosm\u0113tika - Maria Galland, Keune, Arkadija, GMT, Guam, Magiray\",\"publisher\":{\"@id\":\"https:\/\/cosmetic.lv\/lv\/#organization\"},\"potentialAction\":[{\"@type\":\"SearchAction\",\"target\":{\"@type\":\"EntryPoint\",\"urlTemplate\":\"https:\/\/cosmetic.lv\/lv\/?s={search_term_string}\"},\"query-input\":{\"@type\":\"PropertyValueSpecification\",\"valueRequired\":true,\"valueName\":\"search_term_string\"}}],\"inLanguage\":\"lv-LV\"},{\"@type\":\"Organization\",\"@id\":\"https:\/\/cosmetic.lv\/lv\/#organization\",\"name\":\"COSMETIC.LV\",\"url\":\"https:\/\/cosmetic.lv\/lv\/\",\"logo\":{\"@type\":\"ImageObject\",\"inLanguage\":\"lv-LV\",\"@id\":\"https:\/\/cosmetic.lv\/lv\/#\/schema\/logo\/image\/\",\"url\":\"https:\/\/cosmetic.lv\/wp-content\/uploads\/2021\/02\/cosmetic.lv_logo.jpg\",\"contentUrl\":\"https:\/\/cosmetic.lv\/wp-content\/uploads\/2021\/02\/cosmetic.lv_logo.jpg\",\"width\":596,\"height\":196,\"caption\":\"COSMETIC.LV\"},\"image\":{\"@id\":\"https:\/\/cosmetic.lv\/lv\/#\/schema\/logo\/image\/\"},\"sameAs\":[\"https:\/\/www.facebook.com\/cosmetic.lv\/\"]}]}<\/script>\n<meta property=\"product:price:amount\" content=\"10.08\" \/>\n<meta property=\"product:price:currency\" content=\"EUR\" \/>\n<meta property=\"og:availability\" content=\"instock\" \/>\n<meta property=\"product:availability\" content=\"instock\" \/>\n<meta property=\"product:retailer_item_id\" content=\"es\" \/>\n<meta property=\"product:condition\" content=\"new\" \/>\n<!-- \/ Yoast SEO Premium plugin. -->","yoast_head_json":{"title":"ECHOSLINE SERICAL MATU MASKA AR KERAT\u012aNU 1000ml - cosmetic.lv","robots":{"index":"index","follow":"follow","max-snippet":"max-snippet:-1","max-image-preview":"max-image-preview:large","max-video-preview":"max-video-preview:-1"},"canonical":"https:\/\/cosmetic.lv\/lv\/product\/echosline-serical-matu-maska-ar-keratinu-1000ml\/","og_locale":"lv_LV","og_type":"article","og_title":"ECHOSLINE SERICAL MATU MASKA AR KERAT\u012aNU 1000ml","og_description":"Atjaunojo\u0161a maska ar kerat\u012bnu. Nogludina matus, padara tos viegli \u0137emm\u0113jamus un gludus, nov\u0113r\u0161 p\u016bkainumu. Dzi\u013ci atjauno matu strukt\u016bru, padarot tos","og_url":"https:\/\/cosmetic.lv\/lv\/product\/echosline-serical-matu-maska-ar-keratinu-1000ml\/","og_site_name":"cosmetic.lv","article_publisher":"https:\/\/www.facebook.com\/cosmetic.lv\/","og_image":[{"width":296,"height":434,"url":"https:\/\/cosmetic.lv\/wp-content\/uploads\/2021\/02\/keratinamaska737m-4.jpg","type":"image\/jpeg"}],"twitter_card":"summary_large_image","schema":{"@context":"https:\/\/schema.org","@graph":[{"@type":"WebPage","@id":"https:\/\/cosmetic.lv\/lv\/product\/echosline-serical-matu-maska-ar-keratinu-1000ml\/","url":"https:\/\/cosmetic.lv\/lv\/product\/echosline-serical-matu-maska-ar-keratinu-1000ml\/","name":"ECHOSLINE SERICAL MATU MASKA AR KERAT\u012aNU 1000ml - cosmetic.lv","isPartOf":{"@id":"https:\/\/cosmetic.lv\/lv\/#website"},"primaryImageOfPage":{"@id":"https:\/\/cosmetic.lv\/lv\/product\/echosline-serical-matu-maska-ar-keratinu-1000ml\/#primaryimage"},"image":{"@id":"https:\/\/cosmetic.lv\/lv\/product\/echosline-serical-matu-maska-ar-keratinu-1000ml\/#primaryimage"},"thumbnailUrl":"https:\/\/cosmetic.lv\/wp-content\/uploads\/2021\/02\/keratinamaska737m-4.jpg","datePublished":"2021-02-06T17:47:25+00:00","breadcrumb":{"@id":"https:\/\/cosmetic.lv\/lv\/product\/echosline-serical-matu-maska-ar-keratinu-1000ml\/#breadcrumb"},"inLanguage":"lv-LV","potentialAction":[{"@type":"ReadAction","target":["https:\/\/cosmetic.lv\/lv\/product\/echosline-serical-matu-maska-ar-keratinu-1000ml\/"]}]},{"@type":"ImageObject","inLanguage":"lv-LV","@id":"https:\/\/cosmetic.lv\/lv\/product\/echosline-serical-matu-maska-ar-keratinu-1000ml\/#primaryimage","url":"https:\/\/cosmetic.lv\/wp-content\/uploads\/2021\/02\/keratinamaska737m-4.jpg","contentUrl":"https:\/\/cosmetic.lv\/wp-content\/uploads\/2021\/02\/keratinamaska737m-4.jpg","width":296,"height":434,"caption":"keratinamaska737m.jpg"},{"@type":"BreadcrumbList","@id":"https:\/\/cosmetic.lv\/lv\/product\/echosline-serical-matu-maska-ar-keratinu-1000ml\/#breadcrumb","itemListElement":[{"@type":"ListItem","position":1,"name":"Home","item":"https:\/\/cosmetic.lv\/lv\/"},{"@type":"ListItem","position":2,"name":"Veikals","item":"https:\/\/cosmetic.lv\/lv\/veiklas\/"},{"@type":"ListItem","position":3,"name":"ECHOSLINE SERICAL MATU MASKA AR KERAT\u012aNU 1000ml"}]},{"@type":"WebSite","@id":"https:\/\/cosmetic.lv\/lv\/#website","url":"https:\/\/cosmetic.lv\/lv\/","name":"cosmetic.lv","description":"Profesion\u0101la kosm\u0113tika - Maria Galland, Keune, Arkadija, GMT, Guam, Magiray","publisher":{"@id":"https:\/\/cosmetic.lv\/lv\/#organization"},"potentialAction":[{"@type":"SearchAction","target":{"@type":"EntryPoint","urlTemplate":"https:\/\/cosmetic.lv\/lv\/?s={search_term_string}"},"query-input":{"@type":"PropertyValueSpecification","valueRequired":true,"valueName":"search_term_string"}}],"inLanguage":"lv-LV"},{"@type":"Organization","@id":"https:\/\/cosmetic.lv\/lv\/#organization","name":"COSMETIC.LV","url":"https:\/\/cosmetic.lv\/lv\/","logo":{"@type":"ImageObject","inLanguage":"lv-LV","@id":"https:\/\/cosmetic.lv\/lv\/#\/schema\/logo\/image\/","url":"https:\/\/cosmetic.lv\/wp-content\/uploads\/2021\/02\/cosmetic.lv_logo.jpg","contentUrl":"https:\/\/cosmetic.lv\/wp-content\/uploads\/2021\/02\/cosmetic.lv_logo.jpg","width":596,"height":196,"caption":"COSMETIC.LV"},"image":{"@id":"https:\/\/cosmetic.lv\/lv\/#\/schema\/logo\/image\/"},"sameAs":["https:\/\/www.facebook.com\/cosmetic.lv\/"]}]},"product_price_amount":"10.08","product_price_currency":"EUR","og_availability":"instock","product_availability":"instock","product_retailer_item_id":"es","product_condition":"new"},"_links":{"self":[{"href":"https:\/\/cosmetic.lv\/lv\/wp-json\/wp\/v2\/product\/34014","targetHints":{"allow":["GET"]}}],"collection":[{"href":"https:\/\/cosmetic.lv\/lv\/wp-json\/wp\/v2\/product"}],"about":[{"href":"https:\/\/cosmetic.lv\/lv\/wp-json\/wp\/v2\/types\/product"}],"wp:featuredmedia":[{"embeddable":true,"href":"https:\/\/cosmetic.lv\/lv\/wp-json\/wp\/v2\/media\/15585"}],"wp:attachment":[{"href":"https:\/\/cosmetic.lv\/lv\/wp-json\/wp\/v2\/media?parent=34014"}],"wp:term":[{"taxonomy":"product_brand","embeddable":true,"href":"https:\/\/cosmetic.lv\/lv\/wp-json\/wp\/v2\/product_brand?post=34014"},{"taxonomy":"product_cat","embeddable":true,"href":"https:\/\/cosmetic.lv\/lv\/wp-json\/wp\/v2\/product_cat?post=34014"},{"taxonomy":"product_tag","embeddable":true,"href":"https:\/\/cosmetic.lv\/lv\/wp-json\/wp\/v2\/product_tag?post=34014"}],"curies":[{"name":"wp","href":"https:\/\/api.w.org\/{rel}","templated":true}]}}