{"id":34016,"date":"2021-02-05T22:38:00","date_gmt":"2021-02-06T17:47:25","guid":{"rendered":"https:\/\/damme.lv\/product\/maria-galland-tonalais-liftinga-krems-510-lifting-foundation-30ml\/"},"modified":"2021-02-06T19:47:26","modified_gmt":"2021-02-06T17:47:26","slug":"maria-galland-tonalais-liftinga-krems-510-lifting-foundation-30ml","status":"publish","type":"product","link":"https:\/\/cosmetic.lv\/lv\/product\/maria-galland-tonalais-liftinga-krems-510-lifting-foundation-30ml\/","title":{"rendered":"Maria Galland Ton\u0101lais liftinga krems 510 Lifting Foundation 30ml"},"content":{"rendered":"<p><!DOCTYPE html PUBLIC &quot;-\/\/W3C\/\/DTD XHTML 1.0 Transitional\/\/EN&quot; &quot;http:\/\/www.w3.org\/TR\/xhtml1\/DTD\/xhtml1-transitional.dtd&quot;><br \/>\n<html><br \/>\n<head><br \/>\n<title>Untitled document<\/title><br \/>\n<\/head><br \/>\n<body><\/p>\n<p>Bag\u0101t\u012bgs, tom\u0113r pat\u012bkams kr\u0113mveida pamats ar \u012bpa&scaron;u &ldquo;m\u012bksta fokusa efektu&rdquo;, kas vizu\u0101li samazina grumbas un smalk\u0101s l\u012bnijas. Samtainais, smalkais grims nodro&scaron;ina lielisku p\u0101rkl\u0101jumu un lieliski kompens\u0113 nevienm\u0113r\u012bgumu.<br \/>efekts<\/p>\n<p>\u012apa&scaron;i pept\u012bdi m\u016bsdien\u012bg\u0101 form\u0101 samazina grumbas, palielina \u0101das tvirtumu un elast\u012bbu un t\u0101d\u0113j\u0101di nodro&scaron;ina liftinga efektu. Vi\u0146iem ir ar\u012b barojo&scaron;a iedarb\u012bba un tie nodro&scaron;ina mitrumu. C vitam\u012bns pie&scaron;\u0137ir \u0101dai mirdzumu un vesel\u012bgu, svaigu izskatu. \u012apa&scaron;s papildin\u0101jums: inovat\u012bvais bezgaisa stikla izsmidzin\u0101t\u0101js, no kura var iz\u0146emt l\u012bdz 98% satura. Nesatur parab\u0113nus un paraf\u012bnus.<\/p>\n<p>Bag\u0101t\u012bgs, tom\u0113r pat\u012bkams kr\u0113mveida pamats ar \u012bpa&scaron;u &ldquo;m\u012bksta fokusa  efektu&rdquo;, kas vizu\u0101li samazina grumbas un smalk\u0101s l\u012bnijas. Samtainais,  smalkais grims nodro&scaron;ina lielisku p\u0101rkl\u0101jumu un lieliski kompens\u0113  nevienm\u0113r\u012bgumu.<br \/>efekts<\/p>\n<p>\u012apa&scaron;i pept\u012bdi m\u016bsdien\u012bg\u0101 form\u0101 samazina  grumbas, palielina \u0101das tvirtumu un elast\u012bbu un t\u0101d\u0113j\u0101di nodro&scaron;ina  liftinga efektu. Vi\u0146iem ir ar\u012b barojo&scaron;a iedarb\u012bba un tie nodro&scaron;ina  mitrumu. C vitam\u012bns pie&scaron;\u0137ir \u0101dai mirdzumu un vesel\u012bgu, svaigu izskatu.  \u012apa&scaron;s papildin\u0101jums: inovat\u012bvais bezgaisa stikla izsmidzin\u0101t\u0101js, no kura  var iz\u0146emt l\u012bdz 98% satura. Nesatur parab\u0113nus un paraf\u012bnus.<\/p>\n<p>Cafe Cream<\/p>\n<p>30ml<\/p>\n<p>30ml<\/p>\n<p><\/body><br \/>\n<\/html><\/p>\n","protected":false},"excerpt":{"rendered":"<p>Untitled document Bag\u0101t\u012bgs, tom\u0113r pat\u012bkams kr\u0113mveida pamats ar \u012bpa&scaron;u &ldquo;m\u012bksta fokusa efektu&rdquo;, kas vizu\u0101li samazina grumbas un smalk\u0101s l\u012bnijas. Samtainais,<\/p>\n","protected":false},"featured_media":36061,"template":"","meta":[],"product_brand":[],"product_cat":[2198],"product_tag":[],"class_list":{"0":"post-34016","1":"product","2":"type-product","3":"status-publish","4":"has-post-thumbnail","6":"product_cat-dekorativa-kosmetika-lv","8":"first","9":"instock","10":"taxable","11":"shipping-taxable","12":"purchasable","13":"product-type-simple"},"yoast_head":"<!-- This site is optimized with the Yoast SEO Premium plugin v27.0 (Yoast SEO v27.0) - https:\/\/yoast.com\/product\/yoast-seo-premium-wordpress\/ -->\n<title>Maria Galland Ton\u0101lais liftinga krems 510 Lifting Foundation 30ml - cosmetic.lv<\/title>\n<meta name=\"robots\" content=\"index, follow, max-snippet:-1, max-image-preview:large, max-video-preview:-1\" \/>\n<link rel=\"canonical\" href=\"https:\/\/cosmetic.lv\/lv\/product\/maria-galland-tonalais-liftinga-krems-510-lifting-foundation-30ml\/\" \/>\n<meta property=\"og:locale\" content=\"lv_LV\" \/>\n<meta property=\"og:type\" content=\"article\" \/>\n<meta property=\"og:title\" content=\"Maria Galland Ton\u0101lais liftinga krems 510 Lifting Foundation 30ml\" \/>\n<meta property=\"og:description\" content=\"Untitled document Bag\u0101t\u012bgs, tom\u0113r pat\u012bkams kr\u0113mveida pamats ar \u012bpa&scaron;u &ldquo;m\u012bksta fokusa efektu&rdquo;, kas vizu\u0101li samazina grumbas un smalk\u0101s l\u012bnijas. Samtainais,\" \/>\n<meta property=\"og:url\" content=\"https:\/\/cosmetic.lv\/lv\/product\/maria-galland-tonalais-liftinga-krems-510-lifting-foundation-30ml\/\" \/>\n<meta property=\"og:site_name\" content=\"cosmetic.lv\" \/>\n<meta property=\"article:publisher\" content=\"https:\/\/www.facebook.com\/cosmetic.lv\/\" \/>\n<meta property=\"article:modified_time\" content=\"2021-02-06T17:47:26+00:00\" \/>\n<meta property=\"og:image\" content=\"https:\/\/cosmetic.lv\/wp-content\/uploads\/2021\/02\/maria-galland-510-cream-lifting-foundation-750x750-1.jpg\" \/>\n\t<meta property=\"og:image:width\" content=\"750\" \/>\n\t<meta property=\"og:image:height\" content=\"750\" \/>\n\t<meta property=\"og:image:type\" content=\"image\/jpeg\" \/>\n<meta name=\"twitter:card\" content=\"summary_large_image\" \/>\n<script type=\"application\/ld+json\" class=\"yoast-schema-graph\">{\"@context\":\"https:\/\/schema.org\",\"@graph\":[{\"@type\":\"WebPage\",\"@id\":\"https:\/\/cosmetic.lv\/lv\/product\/maria-galland-tonalais-liftinga-krems-510-lifting-foundation-30ml\/\",\"url\":\"https:\/\/cosmetic.lv\/lv\/product\/maria-galland-tonalais-liftinga-krems-510-lifting-foundation-30ml\/\",\"name\":\"Maria Galland Ton\u0101lais liftinga krems 510 Lifting Foundation 30ml - cosmetic.lv\",\"isPartOf\":{\"@id\":\"https:\/\/cosmetic.lv\/lv\/#website\"},\"primaryImageOfPage\":{\"@id\":\"https:\/\/cosmetic.lv\/lv\/product\/maria-galland-tonalais-liftinga-krems-510-lifting-foundation-30ml\/#primaryimage\"},\"image\":{\"@id\":\"https:\/\/cosmetic.lv\/lv\/product\/maria-galland-tonalais-liftinga-krems-510-lifting-foundation-30ml\/#primaryimage\"},\"thumbnailUrl\":\"https:\/\/cosmetic.lv\/wp-content\/uploads\/2021\/02\/maria-galland-510-cream-lifting-foundation-750x750-1.jpg\",\"datePublished\":\"2021-02-06T17:47:25+00:00\",\"dateModified\":\"2021-02-06T17:47:26+00:00\",\"breadcrumb\":{\"@id\":\"https:\/\/cosmetic.lv\/lv\/product\/maria-galland-tonalais-liftinga-krems-510-lifting-foundation-30ml\/#breadcrumb\"},\"inLanguage\":\"lv-LV\",\"potentialAction\":[{\"@type\":\"ReadAction\",\"target\":[\"https:\/\/cosmetic.lv\/lv\/product\/maria-galland-tonalais-liftinga-krems-510-lifting-foundation-30ml\/\"]}]},{\"@type\":\"ImageObject\",\"inLanguage\":\"lv-LV\",\"@id\":\"https:\/\/cosmetic.lv\/lv\/product\/maria-galland-tonalais-liftinga-krems-510-lifting-foundation-30ml\/#primaryimage\",\"url\":\"https:\/\/cosmetic.lv\/wp-content\/uploads\/2021\/02\/maria-galland-510-cream-lifting-foundation-750x750-1.jpg\",\"contentUrl\":\"https:\/\/cosmetic.lv\/wp-content\/uploads\/2021\/02\/maria-galland-510-cream-lifting-foundation-750x750-1.jpg\",\"width\":750,\"height\":750,\"caption\":\"maria-galland-510\"},{\"@type\":\"BreadcrumbList\",\"@id\":\"https:\/\/cosmetic.lv\/lv\/product\/maria-galland-tonalais-liftinga-krems-510-lifting-foundation-30ml\/#breadcrumb\",\"itemListElement\":[{\"@type\":\"ListItem\",\"position\":1,\"name\":\"Home\",\"item\":\"https:\/\/cosmetic.lv\/lv\/\"},{\"@type\":\"ListItem\",\"position\":2,\"name\":\"Veikals\",\"item\":\"https:\/\/cosmetic.lv\/lv\/veiklas\/\"},{\"@type\":\"ListItem\",\"position\":3,\"name\":\"Maria Galland Ton\u0101lais liftinga krems 510 Lifting Foundation 30ml\"}]},{\"@type\":\"WebSite\",\"@id\":\"https:\/\/cosmetic.lv\/lv\/#website\",\"url\":\"https:\/\/cosmetic.lv\/lv\/\",\"name\":\"cosmetic.lv\",\"description\":\"Profesion\u0101la kosm\u0113tika - Maria Galland, Keune, Arkadija, GMT, Guam, Magiray\",\"publisher\":{\"@id\":\"https:\/\/cosmetic.lv\/lv\/#organization\"},\"potentialAction\":[{\"@type\":\"SearchAction\",\"target\":{\"@type\":\"EntryPoint\",\"urlTemplate\":\"https:\/\/cosmetic.lv\/lv\/?s={search_term_string}\"},\"query-input\":{\"@type\":\"PropertyValueSpecification\",\"valueRequired\":true,\"valueName\":\"search_term_string\"}}],\"inLanguage\":\"lv-LV\"},{\"@type\":\"Organization\",\"@id\":\"https:\/\/cosmetic.lv\/lv\/#organization\",\"name\":\"COSMETIC.LV\",\"url\":\"https:\/\/cosmetic.lv\/lv\/\",\"logo\":{\"@type\":\"ImageObject\",\"inLanguage\":\"lv-LV\",\"@id\":\"https:\/\/cosmetic.lv\/lv\/#\/schema\/logo\/image\/\",\"url\":\"https:\/\/cosmetic.lv\/wp-content\/uploads\/2021\/02\/cosmetic.lv_logo.jpg\",\"contentUrl\":\"https:\/\/cosmetic.lv\/wp-content\/uploads\/2021\/02\/cosmetic.lv_logo.jpg\",\"width\":596,\"height\":196,\"caption\":\"COSMETIC.LV\"},\"image\":{\"@id\":\"https:\/\/cosmetic.lv\/lv\/#\/schema\/logo\/image\/\"},\"sameAs\":[\"https:\/\/www.facebook.com\/cosmetic.lv\/\"]}]}<\/script>\n<meta property=\"product:price:amount\" content=\"46.38\" \/>\n<meta property=\"product:price:currency\" content=\"EUR\" \/>\n<meta property=\"og:availability\" content=\"instock\" \/>\n<meta property=\"product:availability\" content=\"instock\" \/>\n<meta property=\"product:retailer_item_id\" content=\"510\/20\" \/>\n<meta property=\"product:condition\" content=\"new\" \/>\n<!-- \/ Yoast SEO Premium plugin. -->","yoast_head_json":{"title":"Maria Galland Ton\u0101lais liftinga krems 510 Lifting Foundation 30ml - cosmetic.lv","robots":{"index":"index","follow":"follow","max-snippet":"max-snippet:-1","max-image-preview":"max-image-preview:large","max-video-preview":"max-video-preview:-1"},"canonical":"https:\/\/cosmetic.lv\/lv\/product\/maria-galland-tonalais-liftinga-krems-510-lifting-foundation-30ml\/","og_locale":"lv_LV","og_type":"article","og_title":"Maria Galland Ton\u0101lais liftinga krems 510 Lifting Foundation 30ml","og_description":"Untitled document Bag\u0101t\u012bgs, tom\u0113r pat\u012bkams kr\u0113mveida pamats ar \u012bpa&scaron;u &ldquo;m\u012bksta fokusa efektu&rdquo;, kas vizu\u0101li samazina grumbas un smalk\u0101s l\u012bnijas. Samtainais,","og_url":"https:\/\/cosmetic.lv\/lv\/product\/maria-galland-tonalais-liftinga-krems-510-lifting-foundation-30ml\/","og_site_name":"cosmetic.lv","article_publisher":"https:\/\/www.facebook.com\/cosmetic.lv\/","article_modified_time":"2021-02-06T17:47:26+00:00","og_image":[{"width":750,"height":750,"url":"https:\/\/cosmetic.lv\/wp-content\/uploads\/2021\/02\/maria-galland-510-cream-lifting-foundation-750x750-1.jpg","type":"image\/jpeg"}],"twitter_card":"summary_large_image","schema":{"@context":"https:\/\/schema.org","@graph":[{"@type":"WebPage","@id":"https:\/\/cosmetic.lv\/lv\/product\/maria-galland-tonalais-liftinga-krems-510-lifting-foundation-30ml\/","url":"https:\/\/cosmetic.lv\/lv\/product\/maria-galland-tonalais-liftinga-krems-510-lifting-foundation-30ml\/","name":"Maria Galland Ton\u0101lais liftinga krems 510 Lifting Foundation 30ml - cosmetic.lv","isPartOf":{"@id":"https:\/\/cosmetic.lv\/lv\/#website"},"primaryImageOfPage":{"@id":"https:\/\/cosmetic.lv\/lv\/product\/maria-galland-tonalais-liftinga-krems-510-lifting-foundation-30ml\/#primaryimage"},"image":{"@id":"https:\/\/cosmetic.lv\/lv\/product\/maria-galland-tonalais-liftinga-krems-510-lifting-foundation-30ml\/#primaryimage"},"thumbnailUrl":"https:\/\/cosmetic.lv\/wp-content\/uploads\/2021\/02\/maria-galland-510-cream-lifting-foundation-750x750-1.jpg","datePublished":"2021-02-06T17:47:25+00:00","dateModified":"2021-02-06T17:47:26+00:00","breadcrumb":{"@id":"https:\/\/cosmetic.lv\/lv\/product\/maria-galland-tonalais-liftinga-krems-510-lifting-foundation-30ml\/#breadcrumb"},"inLanguage":"lv-LV","potentialAction":[{"@type":"ReadAction","target":["https:\/\/cosmetic.lv\/lv\/product\/maria-galland-tonalais-liftinga-krems-510-lifting-foundation-30ml\/"]}]},{"@type":"ImageObject","inLanguage":"lv-LV","@id":"https:\/\/cosmetic.lv\/lv\/product\/maria-galland-tonalais-liftinga-krems-510-lifting-foundation-30ml\/#primaryimage","url":"https:\/\/cosmetic.lv\/wp-content\/uploads\/2021\/02\/maria-galland-510-cream-lifting-foundation-750x750-1.jpg","contentUrl":"https:\/\/cosmetic.lv\/wp-content\/uploads\/2021\/02\/maria-galland-510-cream-lifting-foundation-750x750-1.jpg","width":750,"height":750,"caption":"maria-galland-510"},{"@type":"BreadcrumbList","@id":"https:\/\/cosmetic.lv\/lv\/product\/maria-galland-tonalais-liftinga-krems-510-lifting-foundation-30ml\/#breadcrumb","itemListElement":[{"@type":"ListItem","position":1,"name":"Home","item":"https:\/\/cosmetic.lv\/lv\/"},{"@type":"ListItem","position":2,"name":"Veikals","item":"https:\/\/cosmetic.lv\/lv\/veiklas\/"},{"@type":"ListItem","position":3,"name":"Maria Galland Ton\u0101lais liftinga krems 510 Lifting Foundation 30ml"}]},{"@type":"WebSite","@id":"https:\/\/cosmetic.lv\/lv\/#website","url":"https:\/\/cosmetic.lv\/lv\/","name":"cosmetic.lv","description":"Profesion\u0101la kosm\u0113tika - Maria Galland, Keune, Arkadija, GMT, Guam, Magiray","publisher":{"@id":"https:\/\/cosmetic.lv\/lv\/#organization"},"potentialAction":[{"@type":"SearchAction","target":{"@type":"EntryPoint","urlTemplate":"https:\/\/cosmetic.lv\/lv\/?s={search_term_string}"},"query-input":{"@type":"PropertyValueSpecification","valueRequired":true,"valueName":"search_term_string"}}],"inLanguage":"lv-LV"},{"@type":"Organization","@id":"https:\/\/cosmetic.lv\/lv\/#organization","name":"COSMETIC.LV","url":"https:\/\/cosmetic.lv\/lv\/","logo":{"@type":"ImageObject","inLanguage":"lv-LV","@id":"https:\/\/cosmetic.lv\/lv\/#\/schema\/logo\/image\/","url":"https:\/\/cosmetic.lv\/wp-content\/uploads\/2021\/02\/cosmetic.lv_logo.jpg","contentUrl":"https:\/\/cosmetic.lv\/wp-content\/uploads\/2021\/02\/cosmetic.lv_logo.jpg","width":596,"height":196,"caption":"COSMETIC.LV"},"image":{"@id":"https:\/\/cosmetic.lv\/lv\/#\/schema\/logo\/image\/"},"sameAs":["https:\/\/www.facebook.com\/cosmetic.lv\/"]}]},"product_price_amount":"46.38","product_price_currency":"EUR","og_availability":"instock","product_availability":"instock","product_retailer_item_id":"510\/20","product_condition":"new"},"_links":{"self":[{"href":"https:\/\/cosmetic.lv\/lv\/wp-json\/wp\/v2\/product\/34016","targetHints":{"allow":["GET"]}}],"collection":[{"href":"https:\/\/cosmetic.lv\/lv\/wp-json\/wp\/v2\/product"}],"about":[{"href":"https:\/\/cosmetic.lv\/lv\/wp-json\/wp\/v2\/types\/product"}],"wp:featuredmedia":[{"embeddable":true,"href":"https:\/\/cosmetic.lv\/lv\/wp-json\/wp\/v2\/media\/36061"}],"wp:attachment":[{"href":"https:\/\/cosmetic.lv\/lv\/wp-json\/wp\/v2\/media?parent=34016"}],"wp:term":[{"taxonomy":"product_brand","embeddable":true,"href":"https:\/\/cosmetic.lv\/lv\/wp-json\/wp\/v2\/product_brand?post=34016"},{"taxonomy":"product_cat","embeddable":true,"href":"https:\/\/cosmetic.lv\/lv\/wp-json\/wp\/v2\/product_cat?post=34016"},{"taxonomy":"product_tag","embeddable":true,"href":"https:\/\/cosmetic.lv\/lv\/wp-json\/wp\/v2\/product_tag?post=34016"}],"curies":[{"name":"wp","href":"https:\/\/api.w.org\/{rel}","templated":true}]}}