{"id":34020,"date":"2021-02-05T22:38:00","date_gmt":"2021-02-06T17:47:25","guid":{"rendered":"https:\/\/damme.lv\/product\/arkadia-krems-taukainai-un-problematiskai-adai-oily-home-ar-bioretinolu-50-ml\/"},"modified":"2021-02-06T19:47:29","modified_gmt":"2021-02-06T17:47:29","slug":"arkadia-krems-taukainai-un-problematiskai-adai-oily-home-ar-bioretinolu-50-ml","status":"publish","type":"product","link":"https:\/\/cosmetic.lv\/lv\/product\/arkadia-krems-taukainai-un-problematiskai-adai-oily-home-ar-bioretinolu-50-ml\/","title":{"rendered":"ARKADIA kr\u0113ms taukainai un problem\u0101tiskai \u0101dai &quot;Oily Home&quot; ar bioretinolu, 50 ml"},"content":{"rendered":"<p><!DOCTYPE html PUBLIC &quot;-\/\/W3C\/\/DTD XHTML 1.0 Transitional\/\/EN&quot; &quot;http:\/\/www.w3.org\/TR\/xhtml1\/DTD\/xhtml1-transitional.dtd&quot;><br \/>\n<html><br \/>\n<head><br \/>\n<title>Untitled document<\/title><br \/>\n<\/head><br \/>\n<body><\/p>\n<p>Fosfatidilhol\u012bns normaliz\u0113 tauku dziedzeru darb\u012bbu, regul\u0113 \u0101das tauku izdali, sa&scaron;aurina poras. Hialuronsk\u0101be un dab\u012bg\u0101 mitrino&scaron;\u0101 faktora komponenti atjauno mitruma l\u012bmeni. Beta&ndash;1,3-gluk\u0101ns pastiprina dab\u012bgo aizsardz\u012bbu no ultraviolet\u0101 starojuma un atmosf\u0113ras pies\u0101r\u0146ojuma, paaugstina \u0101das preto&scaron;an\u0101s sp\u0113jas mikroorganismiem. Vitam\u012bns F stiprina \u0101das barjerfunkciju. Kumel\u012b&scaron;u ekstraktam piem\u012bt izteikta pretiekaisuma iedarb\u012bba.<\/p>\n<p>Kr\u0113ms izl\u012bdzina \u0101das toni un mikroreljefu, neatst\u0101j taukainu sp\u012bdumu, padara \u0101du mat\u0113tu.Vieglais kr\u0113ms-\u017eeleja br\u012bni&scaron;\u0137\u012bgi kl\u0101jas uz \u0101das un rada komforta saj\u016btu visai dienai.<\/p>\n<p>Lietot: uz iepriek&scaron; att\u012br\u012btas \u0101das vienm\u0113r\u012bgi uzkl\u0101t nelielu kr\u0113ma daudzumu un iestr\u0101d\u0101t \u0101d\u0101. Rekomend\u0113 lietot katru dienu no r\u012bta un vakar\u0101.<\/p>\n<p>S\u0113rija &bdquo;Oily&rdquo;<\/p>\n<p>S\u0113rija paredz\u0113ta problem\u0101tiskas \u0101das, kurai ir nosliece uz izsitumu veido&scaron;anos, kop&scaron;anai m\u0101jas apst\u0101k\u013cos. &Scaron;\u012bs s\u0113rijas kosm\u0113tiskie l\u012bdzek\u013ci pal\u012bdz normaliz\u0113t \u0101das tauku izdali, mazin\u0101t iekaisumus, nov\u0113rst poru aizsprosto&scaron;anos, paaugstin\u0101t \u0101das preto&scaron;an\u0101s sp\u0113jas mikroorganismiem, nostiprin\u0101t \u0101das imunit\u0101ti. \u0100da izskat\u0101s mat\u0113ta, vesel\u012bga un kopta, izl\u012bdzin\u0101s t\u0101s mikroreljefs.<\/p>\n<p>50ml<\/p>\n<p><\/body><br \/>\n<\/html><\/p>\n","protected":false},"excerpt":{"rendered":"<p>Untitled document Fosfatidilhol\u012bns normaliz\u0113 tauku dziedzeru darb\u012bbu, regul\u0113 \u0101das tauku izdali, sa&scaron;aurina poras. Hialuronsk\u0101be un dab\u012bg\u0101 mitrino&scaron;\u0101 faktora komponenti atjauno<\/p>\n","protected":false},"featured_media":15603,"template":"","meta":[],"product_brand":[],"product_cat":[2273,2278,2279],"product_tag":[],"class_list":{"0":"post-34020","1":"product","2":"type-product","3":"status-publish","4":"has-post-thumbnail","6":"product_cat-profesionala-kosmetika-sejai-un-kermenim-lv","7":"product_cat-labaratorijas-kosmetika-arkadija-izstrada-luks-klases-kosmetiku-lv","8":"product_cat-sejas-kremi-lv","10":"first","11":"outofstock","12":"sale","13":"taxable","14":"shipping-taxable","15":"purchasable","16":"product-type-simple"},"yoast_head":"<!-- This site is optimized with the Yoast SEO Premium plugin v27.0 (Yoast SEO v27.0) - https:\/\/yoast.com\/product\/yoast-seo-premium-wordpress\/ -->\n<title>ARKADIA kr\u0113ms taukainai un problem\u0101tiskai \u0101dai &quot;Oily Home&quot; ar bioretinolu, 50 ml - cosmetic.lv<\/title>\n<meta name=\"robots\" content=\"index, follow, max-snippet:-1, max-image-preview:large, max-video-preview:-1\" \/>\n<link rel=\"canonical\" href=\"https:\/\/cosmetic.lv\/lv\/product\/arkadia-krems-taukainai-un-problematiskai-adai-oily-home-ar-bioretinolu-50-ml\/\" \/>\n<meta property=\"og:locale\" content=\"lv_LV\" \/>\n<meta property=\"og:type\" content=\"article\" \/>\n<meta property=\"og:title\" content=\"ARKADIA kr\u0113ms taukainai un problem\u0101tiskai \u0101dai &quot;Oily Home&quot; ar bioretinolu, 50 ml\" \/>\n<meta property=\"og:description\" content=\"Untitled document Fosfatidilhol\u012bns normaliz\u0113 tauku dziedzeru darb\u012bbu, regul\u0113 \u0101das tauku izdali, sa&scaron;aurina poras. Hialuronsk\u0101be un dab\u012bg\u0101 mitrino&scaron;\u0101 faktora komponenti atjauno\" \/>\n<meta property=\"og:url\" content=\"https:\/\/cosmetic.lv\/lv\/product\/arkadia-krems-taukainai-un-problematiskai-adai-oily-home-ar-bioretinolu-50-ml\/\" \/>\n<meta property=\"og:site_name\" content=\"cosmetic.lv\" \/>\n<meta property=\"article:publisher\" content=\"https:\/\/www.facebook.com\/cosmetic.lv\/\" \/>\n<meta property=\"article:modified_time\" content=\"2021-02-06T17:47:29+00:00\" \/>\n<meta property=\"og:image\" content=\"https:\/\/cosmetic.lv\/wp-content\/uploads\/2021\/02\/arkadija-maska-s-bioseroj-50ml.3352-122222222-4.jpeg\" \/>\n\t<meta property=\"og:image:width\" content=\"200\" \/>\n\t<meta property=\"og:image:height\" content=\"200\" \/>\n\t<meta property=\"og:image:type\" content=\"image\/jpeg\" \/>\n<meta name=\"twitter:card\" content=\"summary_large_image\" \/>\n<script type=\"application\/ld+json\" class=\"yoast-schema-graph\">{\"@context\":\"https:\/\/schema.org\",\"@graph\":[{\"@type\":\"WebPage\",\"@id\":\"https:\/\/cosmetic.lv\/lv\/product\/arkadia-krems-taukainai-un-problematiskai-adai-oily-home-ar-bioretinolu-50-ml\/\",\"url\":\"https:\/\/cosmetic.lv\/lv\/product\/arkadia-krems-taukainai-un-problematiskai-adai-oily-home-ar-bioretinolu-50-ml\/\",\"name\":\"ARKADIA kr\u0113ms taukainai un problem\u0101tiskai \u0101dai &quot;Oily Home&quot; ar bioretinolu, 50 ml - cosmetic.lv\",\"isPartOf\":{\"@id\":\"https:\/\/cosmetic.lv\/lv\/#website\"},\"primaryImageOfPage\":{\"@id\":\"https:\/\/cosmetic.lv\/lv\/product\/arkadia-krems-taukainai-un-problematiskai-adai-oily-home-ar-bioretinolu-50-ml\/#primaryimage\"},\"image\":{\"@id\":\"https:\/\/cosmetic.lv\/lv\/product\/arkadia-krems-taukainai-un-problematiskai-adai-oily-home-ar-bioretinolu-50-ml\/#primaryimage\"},\"thumbnailUrl\":\"https:\/\/cosmetic.lv\/wp-content\/uploads\/2021\/02\/arkadija-maska-s-bioseroj-50ml.3352-122222222-4.jpeg\",\"datePublished\":\"2021-02-06T17:47:25+00:00\",\"dateModified\":\"2021-02-06T17:47:29+00:00\",\"breadcrumb\":{\"@id\":\"https:\/\/cosmetic.lv\/lv\/product\/arkadia-krems-taukainai-un-problematiskai-adai-oily-home-ar-bioretinolu-50-ml\/#breadcrumb\"},\"inLanguage\":\"lv-LV\",\"potentialAction\":[{\"@type\":\"ReadAction\",\"target\":[\"https:\/\/cosmetic.lv\/lv\/product\/arkadia-krems-taukainai-un-problematiskai-adai-oily-home-ar-bioretinolu-50-ml\/\"]}]},{\"@type\":\"ImageObject\",\"inLanguage\":\"lv-LV\",\"@id\":\"https:\/\/cosmetic.lv\/lv\/product\/arkadia-krems-taukainai-un-problematiskai-adai-oily-home-ar-bioretinolu-50-ml\/#primaryimage\",\"url\":\"https:\/\/cosmetic.lv\/wp-content\/uploads\/2021\/02\/arkadija-maska-s-bioseroj-50ml.3352-122222222-4.jpeg\",\"contentUrl\":\"https:\/\/cosmetic.lv\/wp-content\/uploads\/2021\/02\/arkadija-maska-s-bioseroj-50ml.3352-122222222-4.jpeg\",\"width\":200,\"height\":200,\"caption\":\"arkadija-maska-s-bioseroj-50ml.3352-122222222.jpeg\"},{\"@type\":\"BreadcrumbList\",\"@id\":\"https:\/\/cosmetic.lv\/lv\/product\/arkadia-krems-taukainai-un-problematiskai-adai-oily-home-ar-bioretinolu-50-ml\/#breadcrumb\",\"itemListElement\":[{\"@type\":\"ListItem\",\"position\":1,\"name\":\"Home\",\"item\":\"https:\/\/cosmetic.lv\/lv\/\"},{\"@type\":\"ListItem\",\"position\":2,\"name\":\"Veikals\",\"item\":\"https:\/\/cosmetic.lv\/lv\/veiklas\/\"},{\"@type\":\"ListItem\",\"position\":3,\"name\":\"ARKADIA kr\u0113ms taukainai un problem\u0101tiskai \u0101dai &quot;Oily Home&quot; ar bioretinolu, 50 ml\"}]},{\"@type\":\"WebSite\",\"@id\":\"https:\/\/cosmetic.lv\/lv\/#website\",\"url\":\"https:\/\/cosmetic.lv\/lv\/\",\"name\":\"cosmetic.lv\",\"description\":\"Profesion\u0101la kosm\u0113tika - Maria Galland, Keune, Arkadija, GMT, Guam, Magiray\",\"publisher\":{\"@id\":\"https:\/\/cosmetic.lv\/lv\/#organization\"},\"potentialAction\":[{\"@type\":\"SearchAction\",\"target\":{\"@type\":\"EntryPoint\",\"urlTemplate\":\"https:\/\/cosmetic.lv\/lv\/?s={search_term_string}\"},\"query-input\":{\"@type\":\"PropertyValueSpecification\",\"valueRequired\":true,\"valueName\":\"search_term_string\"}}],\"inLanguage\":\"lv-LV\"},{\"@type\":\"Organization\",\"@id\":\"https:\/\/cosmetic.lv\/lv\/#organization\",\"name\":\"COSMETIC.LV\",\"url\":\"https:\/\/cosmetic.lv\/lv\/\",\"logo\":{\"@type\":\"ImageObject\",\"inLanguage\":\"lv-LV\",\"@id\":\"https:\/\/cosmetic.lv\/lv\/#\/schema\/logo\/image\/\",\"url\":\"https:\/\/cosmetic.lv\/wp-content\/uploads\/2021\/02\/cosmetic.lv_logo.jpg\",\"contentUrl\":\"https:\/\/cosmetic.lv\/wp-content\/uploads\/2021\/02\/cosmetic.lv_logo.jpg\",\"width\":596,\"height\":196,\"caption\":\"COSMETIC.LV\"},\"image\":{\"@id\":\"https:\/\/cosmetic.lv\/lv\/#\/schema\/logo\/image\/\"},\"sameAs\":[\"https:\/\/www.facebook.com\/cosmetic.lv\/\"]}]}<\/script>\n<meta property=\"product:price:amount\" content=\"27.40\" \/>\n<meta property=\"product:price:currency\" content=\"EUR\" \/>\n<meta property=\"og:availability\" content=\"out of stock\" \/>\n<meta property=\"product:availability\" content=\"out of stock\" \/>\n<meta property=\"product:retailer_item_id\" content=\"A023\" \/>\n<meta property=\"product:condition\" content=\"new\" \/>\n<!-- \/ Yoast SEO Premium plugin. -->","yoast_head_json":{"title":"ARKADIA kr\u0113ms taukainai un problem\u0101tiskai \u0101dai &quot;Oily Home&quot; ar bioretinolu, 50 ml - cosmetic.lv","robots":{"index":"index","follow":"follow","max-snippet":"max-snippet:-1","max-image-preview":"max-image-preview:large","max-video-preview":"max-video-preview:-1"},"canonical":"https:\/\/cosmetic.lv\/lv\/product\/arkadia-krems-taukainai-un-problematiskai-adai-oily-home-ar-bioretinolu-50-ml\/","og_locale":"lv_LV","og_type":"article","og_title":"ARKADIA kr\u0113ms taukainai un problem\u0101tiskai \u0101dai &quot;Oily Home&quot; ar bioretinolu, 50 ml","og_description":"Untitled document Fosfatidilhol\u012bns normaliz\u0113 tauku dziedzeru darb\u012bbu, regul\u0113 \u0101das tauku izdali, sa&scaron;aurina poras. Hialuronsk\u0101be un dab\u012bg\u0101 mitrino&scaron;\u0101 faktora komponenti atjauno","og_url":"https:\/\/cosmetic.lv\/lv\/product\/arkadia-krems-taukainai-un-problematiskai-adai-oily-home-ar-bioretinolu-50-ml\/","og_site_name":"cosmetic.lv","article_publisher":"https:\/\/www.facebook.com\/cosmetic.lv\/","article_modified_time":"2021-02-06T17:47:29+00:00","og_image":[{"width":200,"height":200,"url":"https:\/\/cosmetic.lv\/wp-content\/uploads\/2021\/02\/arkadija-maska-s-bioseroj-50ml.3352-122222222-4.jpeg","type":"image\/jpeg"}],"twitter_card":"summary_large_image","schema":{"@context":"https:\/\/schema.org","@graph":[{"@type":"WebPage","@id":"https:\/\/cosmetic.lv\/lv\/product\/arkadia-krems-taukainai-un-problematiskai-adai-oily-home-ar-bioretinolu-50-ml\/","url":"https:\/\/cosmetic.lv\/lv\/product\/arkadia-krems-taukainai-un-problematiskai-adai-oily-home-ar-bioretinolu-50-ml\/","name":"ARKADIA kr\u0113ms taukainai un problem\u0101tiskai \u0101dai &quot;Oily Home&quot; ar bioretinolu, 50 ml - cosmetic.lv","isPartOf":{"@id":"https:\/\/cosmetic.lv\/lv\/#website"},"primaryImageOfPage":{"@id":"https:\/\/cosmetic.lv\/lv\/product\/arkadia-krems-taukainai-un-problematiskai-adai-oily-home-ar-bioretinolu-50-ml\/#primaryimage"},"image":{"@id":"https:\/\/cosmetic.lv\/lv\/product\/arkadia-krems-taukainai-un-problematiskai-adai-oily-home-ar-bioretinolu-50-ml\/#primaryimage"},"thumbnailUrl":"https:\/\/cosmetic.lv\/wp-content\/uploads\/2021\/02\/arkadija-maska-s-bioseroj-50ml.3352-122222222-4.jpeg","datePublished":"2021-02-06T17:47:25+00:00","dateModified":"2021-02-06T17:47:29+00:00","breadcrumb":{"@id":"https:\/\/cosmetic.lv\/lv\/product\/arkadia-krems-taukainai-un-problematiskai-adai-oily-home-ar-bioretinolu-50-ml\/#breadcrumb"},"inLanguage":"lv-LV","potentialAction":[{"@type":"ReadAction","target":["https:\/\/cosmetic.lv\/lv\/product\/arkadia-krems-taukainai-un-problematiskai-adai-oily-home-ar-bioretinolu-50-ml\/"]}]},{"@type":"ImageObject","inLanguage":"lv-LV","@id":"https:\/\/cosmetic.lv\/lv\/product\/arkadia-krems-taukainai-un-problematiskai-adai-oily-home-ar-bioretinolu-50-ml\/#primaryimage","url":"https:\/\/cosmetic.lv\/wp-content\/uploads\/2021\/02\/arkadija-maska-s-bioseroj-50ml.3352-122222222-4.jpeg","contentUrl":"https:\/\/cosmetic.lv\/wp-content\/uploads\/2021\/02\/arkadija-maska-s-bioseroj-50ml.3352-122222222-4.jpeg","width":200,"height":200,"caption":"arkadija-maska-s-bioseroj-50ml.3352-122222222.jpeg"},{"@type":"BreadcrumbList","@id":"https:\/\/cosmetic.lv\/lv\/product\/arkadia-krems-taukainai-un-problematiskai-adai-oily-home-ar-bioretinolu-50-ml\/#breadcrumb","itemListElement":[{"@type":"ListItem","position":1,"name":"Home","item":"https:\/\/cosmetic.lv\/lv\/"},{"@type":"ListItem","position":2,"name":"Veikals","item":"https:\/\/cosmetic.lv\/lv\/veiklas\/"},{"@type":"ListItem","position":3,"name":"ARKADIA kr\u0113ms taukainai un problem\u0101tiskai \u0101dai &quot;Oily Home&quot; ar bioretinolu, 50 ml"}]},{"@type":"WebSite","@id":"https:\/\/cosmetic.lv\/lv\/#website","url":"https:\/\/cosmetic.lv\/lv\/","name":"cosmetic.lv","description":"Profesion\u0101la kosm\u0113tika - Maria Galland, Keune, Arkadija, GMT, Guam, Magiray","publisher":{"@id":"https:\/\/cosmetic.lv\/lv\/#organization"},"potentialAction":[{"@type":"SearchAction","target":{"@type":"EntryPoint","urlTemplate":"https:\/\/cosmetic.lv\/lv\/?s={search_term_string}"},"query-input":{"@type":"PropertyValueSpecification","valueRequired":true,"valueName":"search_term_string"}}],"inLanguage":"lv-LV"},{"@type":"Organization","@id":"https:\/\/cosmetic.lv\/lv\/#organization","name":"COSMETIC.LV","url":"https:\/\/cosmetic.lv\/lv\/","logo":{"@type":"ImageObject","inLanguage":"lv-LV","@id":"https:\/\/cosmetic.lv\/lv\/#\/schema\/logo\/image\/","url":"https:\/\/cosmetic.lv\/wp-content\/uploads\/2021\/02\/cosmetic.lv_logo.jpg","contentUrl":"https:\/\/cosmetic.lv\/wp-content\/uploads\/2021\/02\/cosmetic.lv_logo.jpg","width":596,"height":196,"caption":"COSMETIC.LV"},"image":{"@id":"https:\/\/cosmetic.lv\/lv\/#\/schema\/logo\/image\/"},"sameAs":["https:\/\/www.facebook.com\/cosmetic.lv\/"]}]},"product_price_amount":"27.40","product_price_currency":"EUR","og_availability":"out of stock","product_availability":"out of stock","product_retailer_item_id":"A023","product_condition":"new"},"_links":{"self":[{"href":"https:\/\/cosmetic.lv\/lv\/wp-json\/wp\/v2\/product\/34020","targetHints":{"allow":["GET"]}}],"collection":[{"href":"https:\/\/cosmetic.lv\/lv\/wp-json\/wp\/v2\/product"}],"about":[{"href":"https:\/\/cosmetic.lv\/lv\/wp-json\/wp\/v2\/types\/product"}],"wp:featuredmedia":[{"embeddable":true,"href":"https:\/\/cosmetic.lv\/lv\/wp-json\/wp\/v2\/media\/15603"}],"wp:attachment":[{"href":"https:\/\/cosmetic.lv\/lv\/wp-json\/wp\/v2\/media?parent=34020"}],"wp:term":[{"taxonomy":"product_brand","embeddable":true,"href":"https:\/\/cosmetic.lv\/lv\/wp-json\/wp\/v2\/product_brand?post=34020"},{"taxonomy":"product_cat","embeddable":true,"href":"https:\/\/cosmetic.lv\/lv\/wp-json\/wp\/v2\/product_cat?post=34020"},{"taxonomy":"product_tag","embeddable":true,"href":"https:\/\/cosmetic.lv\/lv\/wp-json\/wp\/v2\/product_tag?post=34020"}],"curies":[{"name":"wp","href":"https:\/\/api.w.org\/{rel}","templated":true}]}}