{"id":34021,"date":"2021-02-05T22:38:00","date_gmt":"2021-02-06T17:47:25","guid":{"rendered":"https:\/\/damme.lv\/product\/sungits-dabiskais-filtrs-dabas-dziednieks-udens-aktivizators\/"},"modified":"2021-10-06T19:39:23","modified_gmt":"2021-10-06T16:39:23","slug":"sungits-dabiskais-filtrs-dabas-dziednieks-udens-aktivizators","status":"publish","type":"product","link":"https:\/\/cosmetic.lv\/lv\/product\/sungits-dabiskais-filtrs-dabas-dziednieks-udens-aktivizators\/","title":{"rendered":"\u0160ung\u012bts Dabiskais filtrs Dabas dziednieks \u016adens aktiviz\u0101tors"},"content":{"rendered":"<p>Dabiskais filtrs Dabas dziednieks \u016adens aktiviz\u0101tors<\/p>\n<p>\u0160ung\u012bta \u012bpa\u0161\u012bbas<\/p>\n<p>\u0160ung\u012bts \u2013 miner\u0101ls, kuram nav analogu gan p\u0113c \u0101rstniecisk\u0101m, gan cit\u0101m \u012bpa\u0161\u012bb\u0101m. \u0160ung\u012bts \u0101rst\u0113, pal\u012bdz, att\u012bra, atvese\u013co, atjauno. Visu kas ir kait\u012bgs cilv\u0113kam, tas nogalina un absorb\u0113, bet to kas ir der\u012bgs \u2013 koncentr\u0113 un atjauno. Zin\u0101tnieki, kuri p\u0113t\u012bju\u0161i \u0161ung\u012btu, vien\u0101 bals\u012b apgalvo: tas ir br\u012bnums!<br \/>\n\u0160ung\u012bta sast\u0101v\u0101 ietilpst fuler\u0101ni. T\u0101 ir nesen atkl\u0101t\u0101 oglek\u013ca past\u0101v\u0113\u0161anas forma sf\u0113risko jonu veid\u0101. Mijiedarbojoties ar \u016bdeni, \u0161ung\u012bts taj\u0101 izdala fuler\u0101nu dziednieciskos kompleksus, kuri rada marci\u0101l\u0101 \u016bdens efektu, kas \u0101rst\u0113 aler\u0123ijas, \u0101das slim\u012bbas, br\u016bces, apdegumus, cukura diab\u0113tu, stomat\u012btu, kosm\u0113tiskos defektus, matu izkri\u0161anu.<br \/>\n\u0160ung\u012bta iegul\u0101m piem\u012bt sorbcijas, katal\u012bzes un bakteric\u012bdas \u012bpa\u0161\u012bbas. \u0160\u012bs \u012bpa\u0161\u012bbas pielieto \u0161ung\u012bta \u016bdens filtros.<br \/>\n\u0160ung\u012bta \u016bdens filtri att\u012bra \u016bdeni sav\u0101d\u0101k nek\u0101 og\u013cu pulvera filtri. Tie atjauno \u016bdens dabisko strukt\u016bru p\u0101rv\u0113r\u0161ot b\u012bstam\u0101s vielas der\u012bg\u0101s, jo \u016bdenim piem\u012bt ne tikai \u0137\u012bmisk\u0101s \u012bpa\u0161\u012bbas, bet ar\u012b informat\u012bv\u0101s. Un Kar\u0113lijas miner\u0101ls galvenok\u0101rt iedarbojas uz informat\u012bvo pl\u0101nu.<br \/>\n\u0160ung\u012bts satur gandr\u012bz visus Mende\u013cejeva tabulas \u0137\u012bmiskos elementus. Ta\u010du saskar\u0113 ar \u016bdeni vi\u0146\u0161 tam atdot tikai tos elementus, kuri labv\u0113l\u012bgi iedarbojas uz dz\u012bvu organismu. \u0160im miner\u0101lam piem\u012bt bakteric\u012bd\u0101s \u012bpa\u0161\u012bbas. Ta\u010du par sens\u0101ciju k\u013cuva pavisam cits atkl\u0101jums. Lai cik tas neliktos d\u012bvaini, \u0161ung\u012bta sv\u0101rst\u012bbu frekvence un ener\u0123\u0113tisk\u0101 lauka vi\u013c\u0146a garums ir t\u0101ds pats k\u0101 vesela cilv\u0113ka zarnu traktam un ku\u0146\u0123im. \u0160\u012b miner\u0101la iedarb\u012bba galvenok\u0101rt ietekm\u0113 gremo\u0161anas org\u0101nu sist\u0113mu. Ku\u0146\u0123a un zarnu trakta st\u0101voklis ir \u012bpa\u0161i svar\u012bgs, jo tie\u0161i \u0161\u012b sist\u0113ma organism\u0101 atbild par \u0137erme\u0146a saikni ar t\u0101 ener\u0123\u0113tiku. M\u016bsu p\u0101rtikas produkti ir dabas veltes, augu, zem\u016bdens un dz\u012bvnieku valsts veltes. T\u0101 k\u0101 \u0161\u012bs veltes ir dabas sast\u0101vda\u013ca, tad t\u0101s koncentr\u0113 sev\u012b varenu Visuma ener\u0123ijas l\u0101di\u0146u. Lietojot t\u0101s, m\u0113s sa\u0146emam \u0161o l\u0101di\u0146u. T\u0101 notiek ener\u0123\u0113tisk\u0101 apmai\u0146a starp Visumu un cilv\u0113ku.<\/p>\n<p>150 g<\/p>\n<p>&nbsp;<\/p>\n","protected":false},"excerpt":{"rendered":"<p>Dabiskais filtrs Dabas dziednieks \u016adens aktiviz\u0101tors \u0160ung\u012bta \u012bpa\u0161\u012bbas \u0160ung\u012bts \u2013 miner\u0101ls, kuram nav analogu gan p\u0113c \u0101rstniecisk\u0101m, gan cit\u0101m \u012bpa\u0161\u012bb\u0101m.<\/p>\n","protected":false},"featured_media":15606,"template":"","meta":[],"product_brand":[],"product_cat":[2231,2237],"product_tag":[],"class_list":{"0":"post-34021","1":"product","2":"type-product","3":"status-publish","4":"has-post-thumbnail","6":"product_cat-atveselojosas-preces-lv","7":"product_cat-citi-lv","9":"first","10":"outofstock","11":"sale","12":"taxable","13":"shipping-taxable","14":"purchasable","15":"product-type-simple"},"yoast_head":"<!-- This site is optimized with the Yoast SEO Premium plugin v27.0 (Yoast SEO v27.0) - https:\/\/yoast.com\/product\/yoast-seo-premium-wordpress\/ -->\n<title>\u0160ung\u012bts Dabiskais filtrs Dabas dziednieks \u016adens aktiviz\u0101tors - cosmetic.lv<\/title>\n<meta name=\"robots\" content=\"index, follow, max-snippet:-1, max-image-preview:large, max-video-preview:-1\" \/>\n<link rel=\"canonical\" href=\"https:\/\/cosmetic.lv\/lv\/product\/sungits-dabiskais-filtrs-dabas-dziednieks-udens-aktivizators\/\" \/>\n<meta property=\"og:locale\" content=\"lv_LV\" \/>\n<meta property=\"og:type\" content=\"article\" \/>\n<meta property=\"og:title\" content=\"\u0160ung\u012bts Dabiskais filtrs Dabas dziednieks \u016adens aktiviz\u0101tors\" \/>\n<meta property=\"og:description\" content=\"Dabiskais filtrs Dabas dziednieks \u016adens aktiviz\u0101tors \u0160ung\u012bta \u012bpa\u0161\u012bbas \u0160ung\u012bts \u2013 miner\u0101ls, kuram nav analogu gan p\u0113c \u0101rstniecisk\u0101m, gan cit\u0101m \u012bpa\u0161\u012bb\u0101m.\" \/>\n<meta property=\"og:url\" content=\"https:\/\/cosmetic.lv\/lv\/product\/sungits-dabiskais-filtrs-dabas-dziednieks-udens-aktivizators\/\" \/>\n<meta property=\"og:site_name\" content=\"cosmetic.lv\" \/>\n<meta property=\"article:publisher\" content=\"https:\/\/www.facebook.com\/cosmetic.lv\/\" \/>\n<meta property=\"article:modified_time\" content=\"2021-10-06T16:39:23+00:00\" \/>\n<meta property=\"og:image\" content=\"https:\/\/cosmetic.lv\/wp-content\/uploads\/2021\/02\/shungit-4.jpg\" \/>\n\t<meta property=\"og:image:width\" content=\"250\" \/>\n\t<meta property=\"og:image:height\" content=\"250\" \/>\n\t<meta property=\"og:image:type\" content=\"image\/jpeg\" \/>\n<meta name=\"twitter:card\" content=\"summary_large_image\" \/>\n<script type=\"application\/ld+json\" class=\"yoast-schema-graph\">{\"@context\":\"https:\/\/schema.org\",\"@graph\":[{\"@type\":\"WebPage\",\"@id\":\"https:\/\/cosmetic.lv\/lv\/product\/sungits-dabiskais-filtrs-dabas-dziednieks-udens-aktivizators\/\",\"url\":\"https:\/\/cosmetic.lv\/lv\/product\/sungits-dabiskais-filtrs-dabas-dziednieks-udens-aktivizators\/\",\"name\":\"\u0160ung\u012bts Dabiskais filtrs Dabas dziednieks \u016adens aktiviz\u0101tors - cosmetic.lv\",\"isPartOf\":{\"@id\":\"https:\/\/cosmetic.lv\/lv\/#website\"},\"primaryImageOfPage\":{\"@id\":\"https:\/\/cosmetic.lv\/lv\/product\/sungits-dabiskais-filtrs-dabas-dziednieks-udens-aktivizators\/#primaryimage\"},\"image\":{\"@id\":\"https:\/\/cosmetic.lv\/lv\/product\/sungits-dabiskais-filtrs-dabas-dziednieks-udens-aktivizators\/#primaryimage\"},\"thumbnailUrl\":\"https:\/\/cosmetic.lv\/wp-content\/uploads\/2021\/02\/shungit-4.jpg\",\"datePublished\":\"2021-02-06T17:47:25+00:00\",\"dateModified\":\"2021-10-06T16:39:23+00:00\",\"breadcrumb\":{\"@id\":\"https:\/\/cosmetic.lv\/lv\/product\/sungits-dabiskais-filtrs-dabas-dziednieks-udens-aktivizators\/#breadcrumb\"},\"inLanguage\":\"lv-LV\",\"potentialAction\":[{\"@type\":\"ReadAction\",\"target\":[\"https:\/\/cosmetic.lv\/lv\/product\/sungits-dabiskais-filtrs-dabas-dziednieks-udens-aktivizators\/\"]}]},{\"@type\":\"ImageObject\",\"inLanguage\":\"lv-LV\",\"@id\":\"https:\/\/cosmetic.lv\/lv\/product\/sungits-dabiskais-filtrs-dabas-dziednieks-udens-aktivizators\/#primaryimage\",\"url\":\"https:\/\/cosmetic.lv\/wp-content\/uploads\/2021\/02\/shungit-4.jpg\",\"contentUrl\":\"https:\/\/cosmetic.lv\/wp-content\/uploads\/2021\/02\/shungit-4.jpg\",\"width\":250,\"height\":250,\"caption\":\"shungit.jpg\"},{\"@type\":\"BreadcrumbList\",\"@id\":\"https:\/\/cosmetic.lv\/lv\/product\/sungits-dabiskais-filtrs-dabas-dziednieks-udens-aktivizators\/#breadcrumb\",\"itemListElement\":[{\"@type\":\"ListItem\",\"position\":1,\"name\":\"Home\",\"item\":\"https:\/\/cosmetic.lv\/lv\/\"},{\"@type\":\"ListItem\",\"position\":2,\"name\":\"Veikals\",\"item\":\"https:\/\/cosmetic.lv\/lv\/veiklas\/\"},{\"@type\":\"ListItem\",\"position\":3,\"name\":\"\u0160ung\u012bts Dabiskais filtrs Dabas dziednieks \u016adens aktiviz\u0101tors\"}]},{\"@type\":\"WebSite\",\"@id\":\"https:\/\/cosmetic.lv\/lv\/#website\",\"url\":\"https:\/\/cosmetic.lv\/lv\/\",\"name\":\"cosmetic.lv\",\"description\":\"Profesion\u0101la kosm\u0113tika - Maria Galland, Keune, Arkadija, GMT, Guam, Magiray\",\"publisher\":{\"@id\":\"https:\/\/cosmetic.lv\/lv\/#organization\"},\"potentialAction\":[{\"@type\":\"SearchAction\",\"target\":{\"@type\":\"EntryPoint\",\"urlTemplate\":\"https:\/\/cosmetic.lv\/lv\/?s={search_term_string}\"},\"query-input\":{\"@type\":\"PropertyValueSpecification\",\"valueRequired\":true,\"valueName\":\"search_term_string\"}}],\"inLanguage\":\"lv-LV\"},{\"@type\":\"Organization\",\"@id\":\"https:\/\/cosmetic.lv\/lv\/#organization\",\"name\":\"COSMETIC.LV\",\"url\":\"https:\/\/cosmetic.lv\/lv\/\",\"logo\":{\"@type\":\"ImageObject\",\"inLanguage\":\"lv-LV\",\"@id\":\"https:\/\/cosmetic.lv\/lv\/#\/schema\/logo\/image\/\",\"url\":\"https:\/\/cosmetic.lv\/wp-content\/uploads\/2021\/02\/cosmetic.lv_logo.jpg\",\"contentUrl\":\"https:\/\/cosmetic.lv\/wp-content\/uploads\/2021\/02\/cosmetic.lv_logo.jpg\",\"width\":596,\"height\":196,\"caption\":\"COSMETIC.LV\"},\"image\":{\"@id\":\"https:\/\/cosmetic.lv\/lv\/#\/schema\/logo\/image\/\"},\"sameAs\":[\"https:\/\/www.facebook.com\/cosmetic.lv\/\"]}]}<\/script>\n<meta property=\"product:price:amount\" content=\"2.44\" \/>\n<meta property=\"product:price:currency\" content=\"EUR\" \/>\n<meta property=\"og:availability\" content=\"out of stock\" \/>\n<meta property=\"product:availability\" content=\"out of stock\" \/>\n<meta property=\"product:retailer_item_id\" content=\"sungit1\" \/>\n<meta property=\"product:condition\" content=\"new\" \/>\n<!-- \/ Yoast SEO Premium plugin. -->","yoast_head_json":{"title":"\u0160ung\u012bts Dabiskais filtrs Dabas dziednieks \u016adens aktiviz\u0101tors - cosmetic.lv","robots":{"index":"index","follow":"follow","max-snippet":"max-snippet:-1","max-image-preview":"max-image-preview:large","max-video-preview":"max-video-preview:-1"},"canonical":"https:\/\/cosmetic.lv\/lv\/product\/sungits-dabiskais-filtrs-dabas-dziednieks-udens-aktivizators\/","og_locale":"lv_LV","og_type":"article","og_title":"\u0160ung\u012bts Dabiskais filtrs Dabas dziednieks \u016adens aktiviz\u0101tors","og_description":"Dabiskais filtrs Dabas dziednieks \u016adens aktiviz\u0101tors \u0160ung\u012bta \u012bpa\u0161\u012bbas \u0160ung\u012bts \u2013 miner\u0101ls, kuram nav analogu gan p\u0113c \u0101rstniecisk\u0101m, gan cit\u0101m \u012bpa\u0161\u012bb\u0101m.","og_url":"https:\/\/cosmetic.lv\/lv\/product\/sungits-dabiskais-filtrs-dabas-dziednieks-udens-aktivizators\/","og_site_name":"cosmetic.lv","article_publisher":"https:\/\/www.facebook.com\/cosmetic.lv\/","article_modified_time":"2021-10-06T16:39:23+00:00","og_image":[{"width":250,"height":250,"url":"https:\/\/cosmetic.lv\/wp-content\/uploads\/2021\/02\/shungit-4.jpg","type":"image\/jpeg"}],"twitter_card":"summary_large_image","schema":{"@context":"https:\/\/schema.org","@graph":[{"@type":"WebPage","@id":"https:\/\/cosmetic.lv\/lv\/product\/sungits-dabiskais-filtrs-dabas-dziednieks-udens-aktivizators\/","url":"https:\/\/cosmetic.lv\/lv\/product\/sungits-dabiskais-filtrs-dabas-dziednieks-udens-aktivizators\/","name":"\u0160ung\u012bts Dabiskais filtrs Dabas dziednieks \u016adens aktiviz\u0101tors - cosmetic.lv","isPartOf":{"@id":"https:\/\/cosmetic.lv\/lv\/#website"},"primaryImageOfPage":{"@id":"https:\/\/cosmetic.lv\/lv\/product\/sungits-dabiskais-filtrs-dabas-dziednieks-udens-aktivizators\/#primaryimage"},"image":{"@id":"https:\/\/cosmetic.lv\/lv\/product\/sungits-dabiskais-filtrs-dabas-dziednieks-udens-aktivizators\/#primaryimage"},"thumbnailUrl":"https:\/\/cosmetic.lv\/wp-content\/uploads\/2021\/02\/shungit-4.jpg","datePublished":"2021-02-06T17:47:25+00:00","dateModified":"2021-10-06T16:39:23+00:00","breadcrumb":{"@id":"https:\/\/cosmetic.lv\/lv\/product\/sungits-dabiskais-filtrs-dabas-dziednieks-udens-aktivizators\/#breadcrumb"},"inLanguage":"lv-LV","potentialAction":[{"@type":"ReadAction","target":["https:\/\/cosmetic.lv\/lv\/product\/sungits-dabiskais-filtrs-dabas-dziednieks-udens-aktivizators\/"]}]},{"@type":"ImageObject","inLanguage":"lv-LV","@id":"https:\/\/cosmetic.lv\/lv\/product\/sungits-dabiskais-filtrs-dabas-dziednieks-udens-aktivizators\/#primaryimage","url":"https:\/\/cosmetic.lv\/wp-content\/uploads\/2021\/02\/shungit-4.jpg","contentUrl":"https:\/\/cosmetic.lv\/wp-content\/uploads\/2021\/02\/shungit-4.jpg","width":250,"height":250,"caption":"shungit.jpg"},{"@type":"BreadcrumbList","@id":"https:\/\/cosmetic.lv\/lv\/product\/sungits-dabiskais-filtrs-dabas-dziednieks-udens-aktivizators\/#breadcrumb","itemListElement":[{"@type":"ListItem","position":1,"name":"Home","item":"https:\/\/cosmetic.lv\/lv\/"},{"@type":"ListItem","position":2,"name":"Veikals","item":"https:\/\/cosmetic.lv\/lv\/veiklas\/"},{"@type":"ListItem","position":3,"name":"\u0160ung\u012bts Dabiskais filtrs Dabas dziednieks \u016adens aktiviz\u0101tors"}]},{"@type":"WebSite","@id":"https:\/\/cosmetic.lv\/lv\/#website","url":"https:\/\/cosmetic.lv\/lv\/","name":"cosmetic.lv","description":"Profesion\u0101la kosm\u0113tika - Maria Galland, Keune, Arkadija, GMT, Guam, Magiray","publisher":{"@id":"https:\/\/cosmetic.lv\/lv\/#organization"},"potentialAction":[{"@type":"SearchAction","target":{"@type":"EntryPoint","urlTemplate":"https:\/\/cosmetic.lv\/lv\/?s={search_term_string}"},"query-input":{"@type":"PropertyValueSpecification","valueRequired":true,"valueName":"search_term_string"}}],"inLanguage":"lv-LV"},{"@type":"Organization","@id":"https:\/\/cosmetic.lv\/lv\/#organization","name":"COSMETIC.LV","url":"https:\/\/cosmetic.lv\/lv\/","logo":{"@type":"ImageObject","inLanguage":"lv-LV","@id":"https:\/\/cosmetic.lv\/lv\/#\/schema\/logo\/image\/","url":"https:\/\/cosmetic.lv\/wp-content\/uploads\/2021\/02\/cosmetic.lv_logo.jpg","contentUrl":"https:\/\/cosmetic.lv\/wp-content\/uploads\/2021\/02\/cosmetic.lv_logo.jpg","width":596,"height":196,"caption":"COSMETIC.LV"},"image":{"@id":"https:\/\/cosmetic.lv\/lv\/#\/schema\/logo\/image\/"},"sameAs":["https:\/\/www.facebook.com\/cosmetic.lv\/"]}]},"product_price_amount":"2.44","product_price_currency":"EUR","og_availability":"out of stock","product_availability":"out of stock","product_retailer_item_id":"sungit1","product_condition":"new"},"_links":{"self":[{"href":"https:\/\/cosmetic.lv\/lv\/wp-json\/wp\/v2\/product\/34021","targetHints":{"allow":["GET"]}}],"collection":[{"href":"https:\/\/cosmetic.lv\/lv\/wp-json\/wp\/v2\/product"}],"about":[{"href":"https:\/\/cosmetic.lv\/lv\/wp-json\/wp\/v2\/types\/product"}],"wp:featuredmedia":[{"embeddable":true,"href":"https:\/\/cosmetic.lv\/lv\/wp-json\/wp\/v2\/media\/15606"}],"wp:attachment":[{"href":"https:\/\/cosmetic.lv\/lv\/wp-json\/wp\/v2\/media?parent=34021"}],"wp:term":[{"taxonomy":"product_brand","embeddable":true,"href":"https:\/\/cosmetic.lv\/lv\/wp-json\/wp\/v2\/product_brand?post=34021"},{"taxonomy":"product_cat","embeddable":true,"href":"https:\/\/cosmetic.lv\/lv\/wp-json\/wp\/v2\/product_cat?post=34021"},{"taxonomy":"product_tag","embeddable":true,"href":"https:\/\/cosmetic.lv\/lv\/wp-json\/wp\/v2\/product_tag?post=34021"}],"curies":[{"name":"wp","href":"https:\/\/api.w.org\/{rel}","templated":true}]}}