{"id":34022,"date":"2021-02-05T22:38:00","date_gmt":"2021-02-06T17:47:25","guid":{"rendered":"https:\/\/damme.lv\/product\/davines-more-inside-this-is-a-strong-hold-cream-gel-kremveida-zeleja-125ml\/"},"modified":"2021-02-06T19:47:30","modified_gmt":"2021-02-06T17:47:30","slug":"davines-more-inside-this-is-a-strong-hold-cream-gel-kremveida-zeleja-125ml","status":"publish","type":"product","link":"https:\/\/cosmetic.lv\/lv\/product\/davines-more-inside-this-is-a-strong-hold-cream-gel-kremveida-zeleja-125ml\/","title":{"rendered":"Davines More Inside this is a strong hold cream gel kr\u0113mveida \u017eeleja 125ml"},"content":{"rendered":"<p><!DOCTYPE html PUBLIC &quot;-\/\/W3C\/\/DTD XHTML 1.0 Transitional\/\/EN&quot; &quot;http:\/\/www.w3.org\/TR\/xhtml1\/DTD\/xhtml1-transitional.dtd&quot;><br \/>\n<html><br \/>\n<head><br \/>\n<title>Untitled document<\/title><br \/>\n<\/head><br \/>\n<body><\/p>\n<div>\n<div>\n<p>Davines More Inside &ndash; god\u012bgi  produkti, kas komunic\u0113jas ar saviem sabiedrotajiem. Vi\u0146i jums past\u0101st\u012bs,  k\u0101 izmantot vi\u0146u \u012bpa&scaron;\u012bbas l\u012bdz piln\u012bgumam, \u010dukst\u0113s idejas, kas pal\u012bdz\u0113s  ar vi\u0146u darb\u012bbu, un dos praktiskus padomus, kas var b\u016bt noder\u012bgi  jebkur\u0101 dz\u012bves situ\u0101cij\u0101. Davines &ldquo;this is a strong hold modeling gel&rdquo;  model\u0113jo&scaron;ajai \u017eelejai ir p\u0113r\u013cveida formula, kas jut\u012bsies pat\u012bkami ne  tikai to turot, bet ar\u012b b\u016bs pat\u012bkama J\u016bsu matiem. \u017deleja nodro&scaron;ina  matiem defin\u012bciju un strukt\u016bru, un pateicoties t\u0101 \u0101trajam \u017e\u016b&scaron;anas  procesam, neatst\u0101j nogulsnes uz matiem. Ar &scaron;o \u017eeleju ir \u013coti viegli  darboties un t\u0101 b\u016bs piem\u0113rota pat ies\u0101c\u0113jam. Ieveidojiet savu perfekto  matu sak\u0101rtojumu un pateicoties atmi\u0146as efektam, &scaron;\u012b \u017eeleja pal\u012bdz\u0113s to  saglab\u0101t. Nek\u0101du p\u016bku, nek\u0101da matu pievilk&scaron;ana pie zemes.<\/p>\n<p>Formula sast\u0101v no papildus mitrino&scaron;iem faktoriem, kas pal\u012bdz mitrin\u0101t  matu strukt\u016bru. Formula ir bez parab\u0113niem un bez pievienot\u0101m  kr\u0101sviel\u0101m.<\/p>\n<p>Lieto&scaron;ana: Nelielu daudzumu produkta uzkl\u0101t uz sausiem matiem un tad  ieveidot tos p\u0113c savas patikas. Var tikt pielietots ar\u012b uz ar dvieli  iz\u017e\u0101v\u0113tiem matiem pirms matu veido&scaron;anas. Atkar\u012bb\u0101 no matu biezuma,  garuma un v\u0113lam\u0101 efekta, uzkl\u0101t 4-8g produkta.<\/p>\n<p>Tilpums: 125ml<\/p>\n<\/div>\n<\/div>\n<p><\/body><br \/>\n<\/html><\/p>\n","protected":false},"excerpt":{"rendered":"<p>Untitled document Davines More Inside &ndash; god\u012bgi produkti, kas komunic\u0113jas ar saviem sabiedrotajiem. Vi\u0146i jums past\u0101st\u012bs, k\u0101 izmantot vi\u0146u \u012bpa&scaron;\u012bbas<\/p>\n","protected":false},"featured_media":15609,"template":"","meta":[],"product_brand":[],"product_cat":[2258,2260,2261],"product_tag":[],"class_list":{"0":"post-34022","1":"product","2":"type-product","3":"status-publish","4":"has-post-thumbnail","6":"product_cat-profesionala-kosmetika-matiem-lv","7":"product_cat-davines-italija-lv","8":"product_cat-kondicionieris-matiem-lv","10":"first","11":"outofstock","12":"taxable","13":"shipping-taxable","14":"purchasable","15":"product-type-simple"},"yoast_head":"<!-- This site is optimized with the Yoast SEO Premium plugin v27.0 (Yoast SEO v27.0) - https:\/\/yoast.com\/product\/yoast-seo-premium-wordpress\/ -->\n<title>Davines More Inside this is a strong hold cream gel kr\u0113mveida \u017eeleja 125ml - cosmetic.lv<\/title>\n<meta name=\"robots\" content=\"index, follow, max-snippet:-1, max-image-preview:large, max-video-preview:-1\" \/>\n<link rel=\"canonical\" href=\"https:\/\/cosmetic.lv\/lv\/product\/davines-more-inside-this-is-a-strong-hold-cream-gel-kremveida-zeleja-125ml\/\" \/>\n<meta property=\"og:locale\" content=\"lv_LV\" \/>\n<meta property=\"og:type\" content=\"article\" \/>\n<meta property=\"og:title\" content=\"Davines More Inside this is a strong hold cream gel kr\u0113mveida \u017eeleja 125ml\" \/>\n<meta property=\"og:description\" content=\"Untitled document Davines More Inside &ndash; god\u012bgi produkti, kas komunic\u0113jas ar saviem sabiedrotajiem. Vi\u0146i jums past\u0101st\u012bs, k\u0101 izmantot vi\u0146u \u012bpa&scaron;\u012bbas\" \/>\n<meta property=\"og:url\" content=\"https:\/\/cosmetic.lv\/lv\/product\/davines-more-inside-this-is-a-strong-hold-cream-gel-kremveida-zeleja-125ml\/\" \/>\n<meta property=\"og:site_name\" content=\"cosmetic.lv\" \/>\n<meta property=\"article:publisher\" content=\"https:\/\/www.facebook.com\/cosmetic.lv\/\" \/>\n<meta property=\"article:modified_time\" content=\"2021-02-06T17:47:30+00:00\" \/>\n<meta property=\"og:image\" content=\"https:\/\/cosmetic.lv\/wp-content\/uploads\/2021\/02\/el-7.jpg\" \/>\n\t<meta property=\"og:image:width\" content=\"367\" \/>\n\t<meta property=\"og:image:height\" content=\"420\" \/>\n\t<meta property=\"og:image:type\" content=\"image\/jpeg\" \/>\n<meta name=\"twitter:card\" content=\"summary_large_image\" \/>\n<script type=\"application\/ld+json\" class=\"yoast-schema-graph\">{\"@context\":\"https:\/\/schema.org\",\"@graph\":[{\"@type\":\"WebPage\",\"@id\":\"https:\/\/cosmetic.lv\/lv\/product\/davines-more-inside-this-is-a-strong-hold-cream-gel-kremveida-zeleja-125ml\/\",\"url\":\"https:\/\/cosmetic.lv\/lv\/product\/davines-more-inside-this-is-a-strong-hold-cream-gel-kremveida-zeleja-125ml\/\",\"name\":\"Davines More Inside this is a strong hold cream gel kr\u0113mveida \u017eeleja 125ml - cosmetic.lv\",\"isPartOf\":{\"@id\":\"https:\/\/cosmetic.lv\/lv\/#website\"},\"primaryImageOfPage\":{\"@id\":\"https:\/\/cosmetic.lv\/lv\/product\/davines-more-inside-this-is-a-strong-hold-cream-gel-kremveida-zeleja-125ml\/#primaryimage\"},\"image\":{\"@id\":\"https:\/\/cosmetic.lv\/lv\/product\/davines-more-inside-this-is-a-strong-hold-cream-gel-kremveida-zeleja-125ml\/#primaryimage\"},\"thumbnailUrl\":\"https:\/\/cosmetic.lv\/wp-content\/uploads\/2021\/02\/el-7.jpg\",\"datePublished\":\"2021-02-06T17:47:25+00:00\",\"dateModified\":\"2021-02-06T17:47:30+00:00\",\"breadcrumb\":{\"@id\":\"https:\/\/cosmetic.lv\/lv\/product\/davines-more-inside-this-is-a-strong-hold-cream-gel-kremveida-zeleja-125ml\/#breadcrumb\"},\"inLanguage\":\"lv-LV\",\"potentialAction\":[{\"@type\":\"ReadAction\",\"target\":[\"https:\/\/cosmetic.lv\/lv\/product\/davines-more-inside-this-is-a-strong-hold-cream-gel-kremveida-zeleja-125ml\/\"]}]},{\"@type\":\"ImageObject\",\"inLanguage\":\"lv-LV\",\"@id\":\"https:\/\/cosmetic.lv\/lv\/product\/davines-more-inside-this-is-a-strong-hold-cream-gel-kremveida-zeleja-125ml\/#primaryimage\",\"url\":\"https:\/\/cosmetic.lv\/wp-content\/uploads\/2021\/02\/el-7.jpg\",\"contentUrl\":\"https:\/\/cosmetic.lv\/wp-content\/uploads\/2021\/02\/el-7.jpg\",\"width\":367,\"height\":420,\"caption\":\"el.jpg\"},{\"@type\":\"BreadcrumbList\",\"@id\":\"https:\/\/cosmetic.lv\/lv\/product\/davines-more-inside-this-is-a-strong-hold-cream-gel-kremveida-zeleja-125ml\/#breadcrumb\",\"itemListElement\":[{\"@type\":\"ListItem\",\"position\":1,\"name\":\"Home\",\"item\":\"https:\/\/cosmetic.lv\/lv\/\"},{\"@type\":\"ListItem\",\"position\":2,\"name\":\"Veikals\",\"item\":\"https:\/\/cosmetic.lv\/lv\/veiklas\/\"},{\"@type\":\"ListItem\",\"position\":3,\"name\":\"Davines More Inside this is a strong hold cream gel kr\u0113mveida \u017eeleja 125ml\"}]},{\"@type\":\"WebSite\",\"@id\":\"https:\/\/cosmetic.lv\/lv\/#website\",\"url\":\"https:\/\/cosmetic.lv\/lv\/\",\"name\":\"cosmetic.lv\",\"description\":\"Profesion\u0101la kosm\u0113tika - Maria Galland, Keune, Arkadija, GMT, Guam, Magiray\",\"publisher\":{\"@id\":\"https:\/\/cosmetic.lv\/lv\/#organization\"},\"potentialAction\":[{\"@type\":\"SearchAction\",\"target\":{\"@type\":\"EntryPoint\",\"urlTemplate\":\"https:\/\/cosmetic.lv\/lv\/?s={search_term_string}\"},\"query-input\":{\"@type\":\"PropertyValueSpecification\",\"valueRequired\":true,\"valueName\":\"search_term_string\"}}],\"inLanguage\":\"lv-LV\"},{\"@type\":\"Organization\",\"@id\":\"https:\/\/cosmetic.lv\/lv\/#organization\",\"name\":\"COSMETIC.LV\",\"url\":\"https:\/\/cosmetic.lv\/lv\/\",\"logo\":{\"@type\":\"ImageObject\",\"inLanguage\":\"lv-LV\",\"@id\":\"https:\/\/cosmetic.lv\/lv\/#\/schema\/logo\/image\/\",\"url\":\"https:\/\/cosmetic.lv\/wp-content\/uploads\/2021\/02\/cosmetic.lv_logo.jpg\",\"contentUrl\":\"https:\/\/cosmetic.lv\/wp-content\/uploads\/2021\/02\/cosmetic.lv_logo.jpg\",\"width\":596,\"height\":196,\"caption\":\"COSMETIC.LV\"},\"image\":{\"@id\":\"https:\/\/cosmetic.lv\/lv\/#\/schema\/logo\/image\/\"},\"sameAs\":[\"https:\/\/www.facebook.com\/cosmetic.lv\/\"]}]}<\/script>\n<meta property=\"product:price:amount\" content=\"17.14\" \/>\n<meta property=\"product:price:currency\" content=\"EUR\" \/>\n<meta property=\"og:availability\" content=\"out of stock\" \/>\n<meta property=\"product:availability\" content=\"out of stock\" \/>\n<meta property=\"product:retailer_item_id\" content=\"87013\" \/>\n<meta property=\"product:condition\" content=\"new\" \/>\n<!-- \/ Yoast SEO Premium plugin. -->","yoast_head_json":{"title":"Davines More Inside this is a strong hold cream gel kr\u0113mveida \u017eeleja 125ml - cosmetic.lv","robots":{"index":"index","follow":"follow","max-snippet":"max-snippet:-1","max-image-preview":"max-image-preview:large","max-video-preview":"max-video-preview:-1"},"canonical":"https:\/\/cosmetic.lv\/lv\/product\/davines-more-inside-this-is-a-strong-hold-cream-gel-kremveida-zeleja-125ml\/","og_locale":"lv_LV","og_type":"article","og_title":"Davines More Inside this is a strong hold cream gel kr\u0113mveida \u017eeleja 125ml","og_description":"Untitled document Davines More Inside &ndash; god\u012bgi produkti, kas komunic\u0113jas ar saviem sabiedrotajiem. Vi\u0146i jums past\u0101st\u012bs, k\u0101 izmantot vi\u0146u \u012bpa&scaron;\u012bbas","og_url":"https:\/\/cosmetic.lv\/lv\/product\/davines-more-inside-this-is-a-strong-hold-cream-gel-kremveida-zeleja-125ml\/","og_site_name":"cosmetic.lv","article_publisher":"https:\/\/www.facebook.com\/cosmetic.lv\/","article_modified_time":"2021-02-06T17:47:30+00:00","og_image":[{"width":367,"height":420,"url":"https:\/\/cosmetic.lv\/wp-content\/uploads\/2021\/02\/el-7.jpg","type":"image\/jpeg"}],"twitter_card":"summary_large_image","schema":{"@context":"https:\/\/schema.org","@graph":[{"@type":"WebPage","@id":"https:\/\/cosmetic.lv\/lv\/product\/davines-more-inside-this-is-a-strong-hold-cream-gel-kremveida-zeleja-125ml\/","url":"https:\/\/cosmetic.lv\/lv\/product\/davines-more-inside-this-is-a-strong-hold-cream-gel-kremveida-zeleja-125ml\/","name":"Davines More Inside this is a strong hold cream gel kr\u0113mveida \u017eeleja 125ml - cosmetic.lv","isPartOf":{"@id":"https:\/\/cosmetic.lv\/lv\/#website"},"primaryImageOfPage":{"@id":"https:\/\/cosmetic.lv\/lv\/product\/davines-more-inside-this-is-a-strong-hold-cream-gel-kremveida-zeleja-125ml\/#primaryimage"},"image":{"@id":"https:\/\/cosmetic.lv\/lv\/product\/davines-more-inside-this-is-a-strong-hold-cream-gel-kremveida-zeleja-125ml\/#primaryimage"},"thumbnailUrl":"https:\/\/cosmetic.lv\/wp-content\/uploads\/2021\/02\/el-7.jpg","datePublished":"2021-02-06T17:47:25+00:00","dateModified":"2021-02-06T17:47:30+00:00","breadcrumb":{"@id":"https:\/\/cosmetic.lv\/lv\/product\/davines-more-inside-this-is-a-strong-hold-cream-gel-kremveida-zeleja-125ml\/#breadcrumb"},"inLanguage":"lv-LV","potentialAction":[{"@type":"ReadAction","target":["https:\/\/cosmetic.lv\/lv\/product\/davines-more-inside-this-is-a-strong-hold-cream-gel-kremveida-zeleja-125ml\/"]}]},{"@type":"ImageObject","inLanguage":"lv-LV","@id":"https:\/\/cosmetic.lv\/lv\/product\/davines-more-inside-this-is-a-strong-hold-cream-gel-kremveida-zeleja-125ml\/#primaryimage","url":"https:\/\/cosmetic.lv\/wp-content\/uploads\/2021\/02\/el-7.jpg","contentUrl":"https:\/\/cosmetic.lv\/wp-content\/uploads\/2021\/02\/el-7.jpg","width":367,"height":420,"caption":"el.jpg"},{"@type":"BreadcrumbList","@id":"https:\/\/cosmetic.lv\/lv\/product\/davines-more-inside-this-is-a-strong-hold-cream-gel-kremveida-zeleja-125ml\/#breadcrumb","itemListElement":[{"@type":"ListItem","position":1,"name":"Home","item":"https:\/\/cosmetic.lv\/lv\/"},{"@type":"ListItem","position":2,"name":"Veikals","item":"https:\/\/cosmetic.lv\/lv\/veiklas\/"},{"@type":"ListItem","position":3,"name":"Davines More Inside this is a strong hold cream gel kr\u0113mveida \u017eeleja 125ml"}]},{"@type":"WebSite","@id":"https:\/\/cosmetic.lv\/lv\/#website","url":"https:\/\/cosmetic.lv\/lv\/","name":"cosmetic.lv","description":"Profesion\u0101la kosm\u0113tika - Maria Galland, Keune, Arkadija, GMT, Guam, Magiray","publisher":{"@id":"https:\/\/cosmetic.lv\/lv\/#organization"},"potentialAction":[{"@type":"SearchAction","target":{"@type":"EntryPoint","urlTemplate":"https:\/\/cosmetic.lv\/lv\/?s={search_term_string}"},"query-input":{"@type":"PropertyValueSpecification","valueRequired":true,"valueName":"search_term_string"}}],"inLanguage":"lv-LV"},{"@type":"Organization","@id":"https:\/\/cosmetic.lv\/lv\/#organization","name":"COSMETIC.LV","url":"https:\/\/cosmetic.lv\/lv\/","logo":{"@type":"ImageObject","inLanguage":"lv-LV","@id":"https:\/\/cosmetic.lv\/lv\/#\/schema\/logo\/image\/","url":"https:\/\/cosmetic.lv\/wp-content\/uploads\/2021\/02\/cosmetic.lv_logo.jpg","contentUrl":"https:\/\/cosmetic.lv\/wp-content\/uploads\/2021\/02\/cosmetic.lv_logo.jpg","width":596,"height":196,"caption":"COSMETIC.LV"},"image":{"@id":"https:\/\/cosmetic.lv\/lv\/#\/schema\/logo\/image\/"},"sameAs":["https:\/\/www.facebook.com\/cosmetic.lv\/"]}]},"product_price_amount":"17.14","product_price_currency":"EUR","og_availability":"out of stock","product_availability":"out of stock","product_retailer_item_id":"87013","product_condition":"new"},"_links":{"self":[{"href":"https:\/\/cosmetic.lv\/lv\/wp-json\/wp\/v2\/product\/34022","targetHints":{"allow":["GET"]}}],"collection":[{"href":"https:\/\/cosmetic.lv\/lv\/wp-json\/wp\/v2\/product"}],"about":[{"href":"https:\/\/cosmetic.lv\/lv\/wp-json\/wp\/v2\/types\/product"}],"wp:featuredmedia":[{"embeddable":true,"href":"https:\/\/cosmetic.lv\/lv\/wp-json\/wp\/v2\/media\/15609"}],"wp:attachment":[{"href":"https:\/\/cosmetic.lv\/lv\/wp-json\/wp\/v2\/media?parent=34022"}],"wp:term":[{"taxonomy":"product_brand","embeddable":true,"href":"https:\/\/cosmetic.lv\/lv\/wp-json\/wp\/v2\/product_brand?post=34022"},{"taxonomy":"product_cat","embeddable":true,"href":"https:\/\/cosmetic.lv\/lv\/wp-json\/wp\/v2\/product_cat?post=34022"},{"taxonomy":"product_tag","embeddable":true,"href":"https:\/\/cosmetic.lv\/lv\/wp-json\/wp\/v2\/product_tag?post=34022"}],"curies":[{"name":"wp","href":"https:\/\/api.w.org\/{rel}","templated":true}]}}