{"id":34029,"date":"2021-02-06T19:47:32","date_gmt":"2021-02-06T17:47:32","guid":{"rendered":"https:\/\/damme.lv\/product\/echosline-seliar-fluids\/"},"modified":"2021-02-06T19:47:36","modified_gmt":"2021-02-06T17:47:36","slug":"echosline-seliar-fluids","status":"publish","type":"product","link":"https:\/\/cosmetic.lv\/lv\/product\/echosline-seliar-fluids\/","title":{"rendered":"Echosline SELI\u00c1R FLU\u012aDS"},"content":{"rendered":"<p>Pies\u0101tina nespodrus matus ar sp\u012bdumu, izl\u012bdzina un pie\u0161\u0137ir l\u016bsto\u0161iem matiem z\u012bdainu m\u012bkstumu. Bag\u0101tin\u0101ts ar E vitam\u012bnu,. Aizsarg\u0101 visu veidu matus no kait\u012bg\u0101s UV staru iedarb\u012bbas, no toksiskiem gaisa savienojumiem, k\u0101 ar\u012b no br\u012bvo radik\u0101\u013cu iedarb\u012bbas. \u0100tri absorb\u0113jas. Garant\u0113 dz\u012b\u013cu, mitrino\u0161u iedarb\u012bbu.  LIETO\u0160ANA: uzkl\u0101t da\u017eus flu\u012bda pilienus uz sausiem vai mitriem matiem un vienm\u0113r\u012bgi izk\u0101rtot pa tiem. Matu taisno\u0161anai, at\u0161\u0137etin\u0101\u0161anai un kondicion\u0113\u0161anai: uzlikt da\u017eus flu\u012bda pilienus uz mitriem\/ nosusin\u0101tiem ar dvieli matiem, izsusin\u0101t un veidot k\u0101 ierasts. Lai pastiprin\u0101tu un atjaunotu kosm\u0113tisk\u0101s kr\u0101sas sp\u012bdumu un mirdzumu: pievienot 5-7 ml produkta kr\u0101sas sast\u0101vam un kr\u0101sot, k\u0101 parasti.   <\/p>\n<p>30ml<\/p>\n","protected":false},"excerpt":{"rendered":"<p>Pies\u0101tina nespodrus matus ar sp\u012bdumu, izl\u012bdzina un pie\u0161\u0137ir l\u016bsto\u0161iem matiem z\u012bdainu m\u012bkstumu. Bag\u0101tin\u0101ts ar E vitam\u012bnu,. Aizsarg\u0101 visu veidu matus<\/p>\n","protected":false},"featured_media":15626,"template":"","meta":[],"product_brand":[],"product_cat":[2258,2266],"product_tag":[],"class_list":{"0":"post-34029","1":"product","2":"type-product","3":"status-publish","4":"has-post-thumbnail","6":"product_cat-profesionala-kosmetika-matiem-lv","7":"product_cat-echosline-professional-italy-lv","9":"first","10":"instock","11":"taxable","12":"shipping-taxable","13":"purchasable","14":"product-type-simple"},"yoast_head":"<!-- This site is optimized with the Yoast SEO Premium plugin v27.0 (Yoast SEO v27.0) - https:\/\/yoast.com\/product\/yoast-seo-premium-wordpress\/ -->\n<title>Echosline SELI\u00c1R FLU\u012aDS - cosmetic.lv<\/title>\n<meta name=\"robots\" content=\"index, follow, max-snippet:-1, max-image-preview:large, max-video-preview:-1\" \/>\n<link rel=\"canonical\" href=\"https:\/\/cosmetic.lv\/lv\/product\/echosline-seliar-fluids\/\" \/>\n<meta property=\"og:locale\" content=\"lv_LV\" \/>\n<meta property=\"og:type\" content=\"article\" \/>\n<meta property=\"og:title\" content=\"Echosline SELI\u00c1R FLU\u012aDS\" \/>\n<meta property=\"og:description\" content=\"Pies\u0101tina nespodrus matus ar sp\u012bdumu, izl\u012bdzina un pie\u0161\u0137ir l\u016bsto\u0161iem matiem z\u012bdainu m\u012bkstumu. Bag\u0101tin\u0101ts ar E vitam\u012bnu,. Aizsarg\u0101 visu veidu matus\" \/>\n<meta property=\"og:url\" content=\"https:\/\/cosmetic.lv\/lv\/product\/echosline-seliar-fluids\/\" \/>\n<meta property=\"og:site_name\" content=\"cosmetic.lv\" \/>\n<meta property=\"article:publisher\" content=\"https:\/\/www.facebook.com\/cosmetic.lv\/\" \/>\n<meta property=\"article:modified_time\" content=\"2021-02-06T17:47:36+00:00\" \/>\n<meta property=\"og:image\" content=\"https:\/\/cosmetic.lv\/wp-content\/uploads\/2021\/02\/seliar-150ml-7.jpg\" \/>\n\t<meta property=\"og:image:width\" content=\"600\" \/>\n\t<meta property=\"og:image:height\" content=\"600\" \/>\n\t<meta property=\"og:image:type\" content=\"image\/jpeg\" \/>\n<meta name=\"twitter:card\" content=\"summary_large_image\" \/>\n<script type=\"application\/ld+json\" class=\"yoast-schema-graph\">{\"@context\":\"https:\/\/schema.org\",\"@graph\":[{\"@type\":\"WebPage\",\"@id\":\"https:\/\/cosmetic.lv\/lv\/product\/echosline-seliar-fluids\/\",\"url\":\"https:\/\/cosmetic.lv\/lv\/product\/echosline-seliar-fluids\/\",\"name\":\"Echosline SELI\u00c1R FLU\u012aDS - cosmetic.lv\",\"isPartOf\":{\"@id\":\"https:\/\/cosmetic.lv\/lv\/#website\"},\"primaryImageOfPage\":{\"@id\":\"https:\/\/cosmetic.lv\/lv\/product\/echosline-seliar-fluids\/#primaryimage\"},\"image\":{\"@id\":\"https:\/\/cosmetic.lv\/lv\/product\/echosline-seliar-fluids\/#primaryimage\"},\"thumbnailUrl\":\"https:\/\/cosmetic.lv\/wp-content\/uploads\/2021\/02\/seliar-150ml-7.jpg\",\"datePublished\":\"2021-02-06T17:47:32+00:00\",\"dateModified\":\"2021-02-06T17:47:36+00:00\",\"breadcrumb\":{\"@id\":\"https:\/\/cosmetic.lv\/lv\/product\/echosline-seliar-fluids\/#breadcrumb\"},\"inLanguage\":\"lv-LV\",\"potentialAction\":[{\"@type\":\"ReadAction\",\"target\":[\"https:\/\/cosmetic.lv\/lv\/product\/echosline-seliar-fluids\/\"]}]},{\"@type\":\"ImageObject\",\"inLanguage\":\"lv-LV\",\"@id\":\"https:\/\/cosmetic.lv\/lv\/product\/echosline-seliar-fluids\/#primaryimage\",\"url\":\"https:\/\/cosmetic.lv\/wp-content\/uploads\/2021\/02\/seliar-150ml-7.jpg\",\"contentUrl\":\"https:\/\/cosmetic.lv\/wp-content\/uploads\/2021\/02\/seliar-150ml-7.jpg\",\"width\":600,\"height\":600,\"caption\":\"seliar-150ml.jpg\"},{\"@type\":\"BreadcrumbList\",\"@id\":\"https:\/\/cosmetic.lv\/lv\/product\/echosline-seliar-fluids\/#breadcrumb\",\"itemListElement\":[{\"@type\":\"ListItem\",\"position\":1,\"name\":\"Home\",\"item\":\"https:\/\/cosmetic.lv\/lv\/\"},{\"@type\":\"ListItem\",\"position\":2,\"name\":\"Veikals\",\"item\":\"https:\/\/cosmetic.lv\/lv\/veiklas\/\"},{\"@type\":\"ListItem\",\"position\":3,\"name\":\"Echosline SELI\u00c1R FLU\u012aDS\"}]},{\"@type\":\"WebSite\",\"@id\":\"https:\/\/cosmetic.lv\/lv\/#website\",\"url\":\"https:\/\/cosmetic.lv\/lv\/\",\"name\":\"cosmetic.lv\",\"description\":\"Profesion\u0101la kosm\u0113tika - Maria Galland, Keune, Arkadija, GMT, Guam, Magiray\",\"publisher\":{\"@id\":\"https:\/\/cosmetic.lv\/lv\/#organization\"},\"potentialAction\":[{\"@type\":\"SearchAction\",\"target\":{\"@type\":\"EntryPoint\",\"urlTemplate\":\"https:\/\/cosmetic.lv\/lv\/?s={search_term_string}\"},\"query-input\":{\"@type\":\"PropertyValueSpecification\",\"valueRequired\":true,\"valueName\":\"search_term_string\"}}],\"inLanguage\":\"lv-LV\"},{\"@type\":\"Organization\",\"@id\":\"https:\/\/cosmetic.lv\/lv\/#organization\",\"name\":\"COSMETIC.LV\",\"url\":\"https:\/\/cosmetic.lv\/lv\/\",\"logo\":{\"@type\":\"ImageObject\",\"inLanguage\":\"lv-LV\",\"@id\":\"https:\/\/cosmetic.lv\/lv\/#\/schema\/logo\/image\/\",\"url\":\"https:\/\/cosmetic.lv\/wp-content\/uploads\/2021\/02\/cosmetic.lv_logo.jpg\",\"contentUrl\":\"https:\/\/cosmetic.lv\/wp-content\/uploads\/2021\/02\/cosmetic.lv_logo.jpg\",\"width\":596,\"height\":196,\"caption\":\"COSMETIC.LV\"},\"image\":{\"@id\":\"https:\/\/cosmetic.lv\/lv\/#\/schema\/logo\/image\/\"},\"sameAs\":[\"https:\/\/www.facebook.com\/cosmetic.lv\/\"]}]}<\/script>\n<meta property=\"product:price:amount\" content=\"9.06\" \/>\n<meta property=\"product:price:currency\" content=\"EUR\" \/>\n<meta property=\"og:availability\" content=\"instock\" \/>\n<meta property=\"product:availability\" content=\"instock\" \/>\n<meta property=\"product:retailer_item_id\" content=\"67ba02d73c54\" \/>\n<meta property=\"product:condition\" content=\"new\" \/>\n<!-- \/ Yoast SEO Premium plugin. -->","yoast_head_json":{"title":"Echosline SELI\u00c1R FLU\u012aDS - cosmetic.lv","robots":{"index":"index","follow":"follow","max-snippet":"max-snippet:-1","max-image-preview":"max-image-preview:large","max-video-preview":"max-video-preview:-1"},"canonical":"https:\/\/cosmetic.lv\/lv\/product\/echosline-seliar-fluids\/","og_locale":"lv_LV","og_type":"article","og_title":"Echosline SELI\u00c1R FLU\u012aDS","og_description":"Pies\u0101tina nespodrus matus ar sp\u012bdumu, izl\u012bdzina un pie\u0161\u0137ir l\u016bsto\u0161iem matiem z\u012bdainu m\u012bkstumu. Bag\u0101tin\u0101ts ar E vitam\u012bnu,. Aizsarg\u0101 visu veidu matus","og_url":"https:\/\/cosmetic.lv\/lv\/product\/echosline-seliar-fluids\/","og_site_name":"cosmetic.lv","article_publisher":"https:\/\/www.facebook.com\/cosmetic.lv\/","article_modified_time":"2021-02-06T17:47:36+00:00","og_image":[{"width":600,"height":600,"url":"https:\/\/cosmetic.lv\/wp-content\/uploads\/2021\/02\/seliar-150ml-7.jpg","type":"image\/jpeg"}],"twitter_card":"summary_large_image","schema":{"@context":"https:\/\/schema.org","@graph":[{"@type":"WebPage","@id":"https:\/\/cosmetic.lv\/lv\/product\/echosline-seliar-fluids\/","url":"https:\/\/cosmetic.lv\/lv\/product\/echosline-seliar-fluids\/","name":"Echosline SELI\u00c1R FLU\u012aDS - cosmetic.lv","isPartOf":{"@id":"https:\/\/cosmetic.lv\/lv\/#website"},"primaryImageOfPage":{"@id":"https:\/\/cosmetic.lv\/lv\/product\/echosline-seliar-fluids\/#primaryimage"},"image":{"@id":"https:\/\/cosmetic.lv\/lv\/product\/echosline-seliar-fluids\/#primaryimage"},"thumbnailUrl":"https:\/\/cosmetic.lv\/wp-content\/uploads\/2021\/02\/seliar-150ml-7.jpg","datePublished":"2021-02-06T17:47:32+00:00","dateModified":"2021-02-06T17:47:36+00:00","breadcrumb":{"@id":"https:\/\/cosmetic.lv\/lv\/product\/echosline-seliar-fluids\/#breadcrumb"},"inLanguage":"lv-LV","potentialAction":[{"@type":"ReadAction","target":["https:\/\/cosmetic.lv\/lv\/product\/echosline-seliar-fluids\/"]}]},{"@type":"ImageObject","inLanguage":"lv-LV","@id":"https:\/\/cosmetic.lv\/lv\/product\/echosline-seliar-fluids\/#primaryimage","url":"https:\/\/cosmetic.lv\/wp-content\/uploads\/2021\/02\/seliar-150ml-7.jpg","contentUrl":"https:\/\/cosmetic.lv\/wp-content\/uploads\/2021\/02\/seliar-150ml-7.jpg","width":600,"height":600,"caption":"seliar-150ml.jpg"},{"@type":"BreadcrumbList","@id":"https:\/\/cosmetic.lv\/lv\/product\/echosline-seliar-fluids\/#breadcrumb","itemListElement":[{"@type":"ListItem","position":1,"name":"Home","item":"https:\/\/cosmetic.lv\/lv\/"},{"@type":"ListItem","position":2,"name":"Veikals","item":"https:\/\/cosmetic.lv\/lv\/veiklas\/"},{"@type":"ListItem","position":3,"name":"Echosline SELI\u00c1R FLU\u012aDS"}]},{"@type":"WebSite","@id":"https:\/\/cosmetic.lv\/lv\/#website","url":"https:\/\/cosmetic.lv\/lv\/","name":"cosmetic.lv","description":"Profesion\u0101la kosm\u0113tika - Maria Galland, Keune, Arkadija, GMT, Guam, Magiray","publisher":{"@id":"https:\/\/cosmetic.lv\/lv\/#organization"},"potentialAction":[{"@type":"SearchAction","target":{"@type":"EntryPoint","urlTemplate":"https:\/\/cosmetic.lv\/lv\/?s={search_term_string}"},"query-input":{"@type":"PropertyValueSpecification","valueRequired":true,"valueName":"search_term_string"}}],"inLanguage":"lv-LV"},{"@type":"Organization","@id":"https:\/\/cosmetic.lv\/lv\/#organization","name":"COSMETIC.LV","url":"https:\/\/cosmetic.lv\/lv\/","logo":{"@type":"ImageObject","inLanguage":"lv-LV","@id":"https:\/\/cosmetic.lv\/lv\/#\/schema\/logo\/image\/","url":"https:\/\/cosmetic.lv\/wp-content\/uploads\/2021\/02\/cosmetic.lv_logo.jpg","contentUrl":"https:\/\/cosmetic.lv\/wp-content\/uploads\/2021\/02\/cosmetic.lv_logo.jpg","width":596,"height":196,"caption":"COSMETIC.LV"},"image":{"@id":"https:\/\/cosmetic.lv\/lv\/#\/schema\/logo\/image\/"},"sameAs":["https:\/\/www.facebook.com\/cosmetic.lv\/"]}]},"product_price_amount":"9.06","product_price_currency":"EUR","og_availability":"instock","product_availability":"instock","product_retailer_item_id":"67ba02d73c54","product_condition":"new"},"_links":{"self":[{"href":"https:\/\/cosmetic.lv\/lv\/wp-json\/wp\/v2\/product\/34029","targetHints":{"allow":["GET"]}}],"collection":[{"href":"https:\/\/cosmetic.lv\/lv\/wp-json\/wp\/v2\/product"}],"about":[{"href":"https:\/\/cosmetic.lv\/lv\/wp-json\/wp\/v2\/types\/product"}],"wp:featuredmedia":[{"embeddable":true,"href":"https:\/\/cosmetic.lv\/lv\/wp-json\/wp\/v2\/media\/15626"}],"wp:attachment":[{"href":"https:\/\/cosmetic.lv\/lv\/wp-json\/wp\/v2\/media?parent=34029"}],"wp:term":[{"taxonomy":"product_brand","embeddable":true,"href":"https:\/\/cosmetic.lv\/lv\/wp-json\/wp\/v2\/product_brand?post=34029"},{"taxonomy":"product_cat","embeddable":true,"href":"https:\/\/cosmetic.lv\/lv\/wp-json\/wp\/v2\/product_cat?post=34029"},{"taxonomy":"product_tag","embeddable":true,"href":"https:\/\/cosmetic.lv\/lv\/wp-json\/wp\/v2\/product_tag?post=34029"}],"curies":[{"name":"wp","href":"https:\/\/api.w.org\/{rel}","templated":true}]}}