{"id":34033,"date":"2021-02-05T22:38:10","date_gmt":"2021-02-06T17:47:32","guid":{"rendered":"https:\/\/damme.lv\/product\/guasa-masazai-skrubeklis-no-nefrita-1gab\/"},"modified":"2021-02-06T19:47:38","modified_gmt":"2021-02-06T17:47:38","slug":"guasa-masazai-skrubeklis-no-nefrita-1gab","status":"publish","type":"product","link":"https:\/\/cosmetic.lv\/lv\/product\/guasa-masazai-skrubeklis-no-nefrita-1gab\/","title":{"rendered":"Gu\u0101\u0161a mas\u0101\u017eai skrubeklis no nefr\u012bta   1gab"},"content":{"rendered":"<p><!DOCTYPE html PUBLIC &quot;-\/\/W3C\/\/DTD XHTML 1.0 Transitional\/\/EN&quot; &quot;http:\/\/www.w3.org\/TR\/xhtml1\/DTD\/xhtml1-transitional.dtd&quot;><br \/>\n<html><br \/>\n<head><br \/>\n<title>Untitled document<\/title><br \/>\n<\/head><br \/>\n<body><\/p>\n<p>Gu\u0101&scaron;a mas\u0101\u017eai skrubeklis no nefr\u012bta&nbsp; sejas mas\u0101\u017eai 1gab<\/p>\n<div>\n<div><span><span>Pietiek tikai ar 15 min\u016b&scaron;u mas\u0101\u017eu dien\u0101, lai mazin\u0101tu nogurumu un diskomfortu un uzlabotu visp\u0101r\u0113jo vesel\u012bbu.<\/span> <span>Guasha mas\u0101\u017ea no\u0146em toks\u012bnus, uzlabo asinsriti un labv\u0113l\u012bgi ietekm\u0113 limf\u0101tisko sist\u0113mu un \u0101du.<\/span><\/span><span><\/span><\/div>\n<\/div>\n<p>Izm\u0113rs apm\u0113r\u0101m (var main\u012bties) 6,5 x4,5 cm<\/p>\n<p><\/body><br \/>\n<\/html><\/p>\n","protected":false},"excerpt":{"rendered":"<p>Untitled document Gu\u0101&scaron;a mas\u0101\u017eai skrubeklis no nefr\u012bta&nbsp; sejas mas\u0101\u017eai 1gab Pietiek tikai ar 15 min\u016b&scaron;u mas\u0101\u017eu dien\u0101, lai mazin\u0101tu nogurumu<\/p>\n","protected":false},"featured_media":15634,"template":"","meta":[],"product_brand":[],"product_cat":[2225],"product_tag":[],"class_list":{"0":"post-34033","1":"product","2":"type-product","3":"status-publish","4":"has-post-thumbnail","6":"product_cat-masazas-lidzekli-lv","8":"first","9":"outofstock","10":"sale","11":"taxable","12":"shipping-taxable","13":"purchasable","14":"product-type-simple"},"yoast_head":"<!-- This site is optimized with the Yoast SEO Premium plugin v27.0 (Yoast SEO v27.0) - https:\/\/yoast.com\/product\/yoast-seo-premium-wordpress\/ -->\n<title>Gu\u0101\u0161a mas\u0101\u017eai skrubeklis no nefr\u012bta  1gab - cosmetic.lv<\/title>\n<meta name=\"robots\" content=\"index, follow, max-snippet:-1, max-image-preview:large, max-video-preview:-1\" \/>\n<link rel=\"canonical\" href=\"https:\/\/cosmetic.lv\/lv\/product\/guasa-masazai-skrubeklis-no-nefrita-1gab\/\" \/>\n<meta property=\"og:locale\" content=\"lv_LV\" \/>\n<meta property=\"og:type\" content=\"article\" \/>\n<meta property=\"og:title\" content=\"Gu\u0101\u0161a mas\u0101\u017eai skrubeklis no nefr\u012bta  1gab\" \/>\n<meta property=\"og:description\" content=\"Untitled document Gu\u0101&scaron;a mas\u0101\u017eai skrubeklis no nefr\u012bta&nbsp; sejas mas\u0101\u017eai 1gab Pietiek tikai ar 15 min\u016b&scaron;u mas\u0101\u017eu dien\u0101, lai mazin\u0101tu nogurumu\" \/>\n<meta property=\"og:url\" content=\"https:\/\/cosmetic.lv\/lv\/product\/guasa-masazai-skrubeklis-no-nefrita-1gab\/\" \/>\n<meta property=\"og:site_name\" content=\"cosmetic.lv\" \/>\n<meta property=\"article:publisher\" content=\"https:\/\/www.facebook.com\/cosmetic.lv\/\" \/>\n<meta property=\"article:modified_time\" content=\"2021-02-06T17:47:38+00:00\" \/>\n<meta property=\"og:image\" content=\"https:\/\/cosmetic.lv\/wp-content\/uploads\/2021\/02\/7b8f81bb5fddbe3e925aef2d8a6ebc97-4.jpg\" \/>\n\t<meta property=\"og:image:width\" content=\"1000\" \/>\n\t<meta property=\"og:image:height\" content=\"1000\" \/>\n\t<meta property=\"og:image:type\" content=\"image\/jpeg\" \/>\n<meta name=\"twitter:card\" content=\"summary_large_image\" \/>\n<script type=\"application\/ld+json\" class=\"yoast-schema-graph\">{\"@context\":\"https:\/\/schema.org\",\"@graph\":[{\"@type\":\"WebPage\",\"@id\":\"https:\/\/cosmetic.lv\/lv\/product\/guasa-masazai-skrubeklis-no-nefrita-1gab\/\",\"url\":\"https:\/\/cosmetic.lv\/lv\/product\/guasa-masazai-skrubeklis-no-nefrita-1gab\/\",\"name\":\"Gu\u0101\u0161a mas\u0101\u017eai skrubeklis no nefr\u012bta 1gab - cosmetic.lv\",\"isPartOf\":{\"@id\":\"https:\/\/cosmetic.lv\/lv\/#website\"},\"primaryImageOfPage\":{\"@id\":\"https:\/\/cosmetic.lv\/lv\/product\/guasa-masazai-skrubeklis-no-nefrita-1gab\/#primaryimage\"},\"image\":{\"@id\":\"https:\/\/cosmetic.lv\/lv\/product\/guasa-masazai-skrubeklis-no-nefrita-1gab\/#primaryimage\"},\"thumbnailUrl\":\"https:\/\/cosmetic.lv\/wp-content\/uploads\/2021\/02\/7b8f81bb5fddbe3e925aef2d8a6ebc97-4.jpg\",\"datePublished\":\"2021-02-06T17:47:32+00:00\",\"dateModified\":\"2021-02-06T17:47:38+00:00\",\"breadcrumb\":{\"@id\":\"https:\/\/cosmetic.lv\/lv\/product\/guasa-masazai-skrubeklis-no-nefrita-1gab\/#breadcrumb\"},\"inLanguage\":\"lv-LV\",\"potentialAction\":[{\"@type\":\"ReadAction\",\"target\":[\"https:\/\/cosmetic.lv\/lv\/product\/guasa-masazai-skrubeklis-no-nefrita-1gab\/\"]}]},{\"@type\":\"ImageObject\",\"inLanguage\":\"lv-LV\",\"@id\":\"https:\/\/cosmetic.lv\/lv\/product\/guasa-masazai-skrubeklis-no-nefrita-1gab\/#primaryimage\",\"url\":\"https:\/\/cosmetic.lv\/wp-content\/uploads\/2021\/02\/7b8f81bb5fddbe3e925aef2d8a6ebc97-4.jpg\",\"contentUrl\":\"https:\/\/cosmetic.lv\/wp-content\/uploads\/2021\/02\/7b8f81bb5fddbe3e925aef2d8a6ebc97-4.jpg\",\"width\":1000,\"height\":1000,\"caption\":\"7b8f81bb5fddbe3e925aef2d8a6ebc97.jpg\"},{\"@type\":\"BreadcrumbList\",\"@id\":\"https:\/\/cosmetic.lv\/lv\/product\/guasa-masazai-skrubeklis-no-nefrita-1gab\/#breadcrumb\",\"itemListElement\":[{\"@type\":\"ListItem\",\"position\":1,\"name\":\"Home\",\"item\":\"https:\/\/cosmetic.lv\/lv\/\"},{\"@type\":\"ListItem\",\"position\":2,\"name\":\"Veikals\",\"item\":\"https:\/\/cosmetic.lv\/lv\/veiklas\/\"},{\"@type\":\"ListItem\",\"position\":3,\"name\":\"Gu\u0101\u0161a mas\u0101\u017eai skrubeklis no nefr\u012bta 1gab\"}]},{\"@type\":\"WebSite\",\"@id\":\"https:\/\/cosmetic.lv\/lv\/#website\",\"url\":\"https:\/\/cosmetic.lv\/lv\/\",\"name\":\"cosmetic.lv\",\"description\":\"Profesion\u0101la kosm\u0113tika - Maria Galland, Keune, Arkadija, GMT, Guam, Magiray\",\"publisher\":{\"@id\":\"https:\/\/cosmetic.lv\/lv\/#organization\"},\"potentialAction\":[{\"@type\":\"SearchAction\",\"target\":{\"@type\":\"EntryPoint\",\"urlTemplate\":\"https:\/\/cosmetic.lv\/lv\/?s={search_term_string}\"},\"query-input\":{\"@type\":\"PropertyValueSpecification\",\"valueRequired\":true,\"valueName\":\"search_term_string\"}}],\"inLanguage\":\"lv-LV\"},{\"@type\":\"Organization\",\"@id\":\"https:\/\/cosmetic.lv\/lv\/#organization\",\"name\":\"COSMETIC.LV\",\"url\":\"https:\/\/cosmetic.lv\/lv\/\",\"logo\":{\"@type\":\"ImageObject\",\"inLanguage\":\"lv-LV\",\"@id\":\"https:\/\/cosmetic.lv\/lv\/#\/schema\/logo\/image\/\",\"url\":\"https:\/\/cosmetic.lv\/wp-content\/uploads\/2021\/02\/cosmetic.lv_logo.jpg\",\"contentUrl\":\"https:\/\/cosmetic.lv\/wp-content\/uploads\/2021\/02\/cosmetic.lv_logo.jpg\",\"width\":596,\"height\":196,\"caption\":\"COSMETIC.LV\"},\"image\":{\"@id\":\"https:\/\/cosmetic.lv\/lv\/#\/schema\/logo\/image\/\"},\"sameAs\":[\"https:\/\/www.facebook.com\/cosmetic.lv\/\"]}]}<\/script>\n<meta property=\"product:price:amount\" content=\"5.90\" \/>\n<meta property=\"product:price:currency\" content=\"EUR\" \/>\n<meta property=\"og:availability\" content=\"out of stock\" \/>\n<meta property=\"product:availability\" content=\"out of stock\" \/>\n<meta property=\"product:retailer_item_id\" content=\"nef1\" \/>\n<meta property=\"product:condition\" content=\"new\" \/>\n<!-- \/ Yoast SEO Premium plugin. -->","yoast_head_json":{"title":"Gu\u0101\u0161a mas\u0101\u017eai skrubeklis no nefr\u012bta  1gab - cosmetic.lv","robots":{"index":"index","follow":"follow","max-snippet":"max-snippet:-1","max-image-preview":"max-image-preview:large","max-video-preview":"max-video-preview:-1"},"canonical":"https:\/\/cosmetic.lv\/lv\/product\/guasa-masazai-skrubeklis-no-nefrita-1gab\/","og_locale":"lv_LV","og_type":"article","og_title":"Gu\u0101\u0161a mas\u0101\u017eai skrubeklis no nefr\u012bta  1gab","og_description":"Untitled document Gu\u0101&scaron;a mas\u0101\u017eai skrubeklis no nefr\u012bta&nbsp; sejas mas\u0101\u017eai 1gab Pietiek tikai ar 15 min\u016b&scaron;u mas\u0101\u017eu dien\u0101, lai mazin\u0101tu nogurumu","og_url":"https:\/\/cosmetic.lv\/lv\/product\/guasa-masazai-skrubeklis-no-nefrita-1gab\/","og_site_name":"cosmetic.lv","article_publisher":"https:\/\/www.facebook.com\/cosmetic.lv\/","article_modified_time":"2021-02-06T17:47:38+00:00","og_image":[{"width":1000,"height":1000,"url":"https:\/\/cosmetic.lv\/wp-content\/uploads\/2021\/02\/7b8f81bb5fddbe3e925aef2d8a6ebc97-4.jpg","type":"image\/jpeg"}],"twitter_card":"summary_large_image","schema":{"@context":"https:\/\/schema.org","@graph":[{"@type":"WebPage","@id":"https:\/\/cosmetic.lv\/lv\/product\/guasa-masazai-skrubeklis-no-nefrita-1gab\/","url":"https:\/\/cosmetic.lv\/lv\/product\/guasa-masazai-skrubeklis-no-nefrita-1gab\/","name":"Gu\u0101\u0161a mas\u0101\u017eai skrubeklis no nefr\u012bta 1gab - cosmetic.lv","isPartOf":{"@id":"https:\/\/cosmetic.lv\/lv\/#website"},"primaryImageOfPage":{"@id":"https:\/\/cosmetic.lv\/lv\/product\/guasa-masazai-skrubeklis-no-nefrita-1gab\/#primaryimage"},"image":{"@id":"https:\/\/cosmetic.lv\/lv\/product\/guasa-masazai-skrubeklis-no-nefrita-1gab\/#primaryimage"},"thumbnailUrl":"https:\/\/cosmetic.lv\/wp-content\/uploads\/2021\/02\/7b8f81bb5fddbe3e925aef2d8a6ebc97-4.jpg","datePublished":"2021-02-06T17:47:32+00:00","dateModified":"2021-02-06T17:47:38+00:00","breadcrumb":{"@id":"https:\/\/cosmetic.lv\/lv\/product\/guasa-masazai-skrubeklis-no-nefrita-1gab\/#breadcrumb"},"inLanguage":"lv-LV","potentialAction":[{"@type":"ReadAction","target":["https:\/\/cosmetic.lv\/lv\/product\/guasa-masazai-skrubeklis-no-nefrita-1gab\/"]}]},{"@type":"ImageObject","inLanguage":"lv-LV","@id":"https:\/\/cosmetic.lv\/lv\/product\/guasa-masazai-skrubeklis-no-nefrita-1gab\/#primaryimage","url":"https:\/\/cosmetic.lv\/wp-content\/uploads\/2021\/02\/7b8f81bb5fddbe3e925aef2d8a6ebc97-4.jpg","contentUrl":"https:\/\/cosmetic.lv\/wp-content\/uploads\/2021\/02\/7b8f81bb5fddbe3e925aef2d8a6ebc97-4.jpg","width":1000,"height":1000,"caption":"7b8f81bb5fddbe3e925aef2d8a6ebc97.jpg"},{"@type":"BreadcrumbList","@id":"https:\/\/cosmetic.lv\/lv\/product\/guasa-masazai-skrubeklis-no-nefrita-1gab\/#breadcrumb","itemListElement":[{"@type":"ListItem","position":1,"name":"Home","item":"https:\/\/cosmetic.lv\/lv\/"},{"@type":"ListItem","position":2,"name":"Veikals","item":"https:\/\/cosmetic.lv\/lv\/veiklas\/"},{"@type":"ListItem","position":3,"name":"Gu\u0101\u0161a mas\u0101\u017eai skrubeklis no nefr\u012bta 1gab"}]},{"@type":"WebSite","@id":"https:\/\/cosmetic.lv\/lv\/#website","url":"https:\/\/cosmetic.lv\/lv\/","name":"cosmetic.lv","description":"Profesion\u0101la kosm\u0113tika - Maria Galland, Keune, Arkadija, GMT, Guam, Magiray","publisher":{"@id":"https:\/\/cosmetic.lv\/lv\/#organization"},"potentialAction":[{"@type":"SearchAction","target":{"@type":"EntryPoint","urlTemplate":"https:\/\/cosmetic.lv\/lv\/?s={search_term_string}"},"query-input":{"@type":"PropertyValueSpecification","valueRequired":true,"valueName":"search_term_string"}}],"inLanguage":"lv-LV"},{"@type":"Organization","@id":"https:\/\/cosmetic.lv\/lv\/#organization","name":"COSMETIC.LV","url":"https:\/\/cosmetic.lv\/lv\/","logo":{"@type":"ImageObject","inLanguage":"lv-LV","@id":"https:\/\/cosmetic.lv\/lv\/#\/schema\/logo\/image\/","url":"https:\/\/cosmetic.lv\/wp-content\/uploads\/2021\/02\/cosmetic.lv_logo.jpg","contentUrl":"https:\/\/cosmetic.lv\/wp-content\/uploads\/2021\/02\/cosmetic.lv_logo.jpg","width":596,"height":196,"caption":"COSMETIC.LV"},"image":{"@id":"https:\/\/cosmetic.lv\/lv\/#\/schema\/logo\/image\/"},"sameAs":["https:\/\/www.facebook.com\/cosmetic.lv\/"]}]},"product_price_amount":"5.90","product_price_currency":"EUR","og_availability":"out of stock","product_availability":"out of stock","product_retailer_item_id":"nef1","product_condition":"new"},"_links":{"self":[{"href":"https:\/\/cosmetic.lv\/lv\/wp-json\/wp\/v2\/product\/34033","targetHints":{"allow":["GET"]}}],"collection":[{"href":"https:\/\/cosmetic.lv\/lv\/wp-json\/wp\/v2\/product"}],"about":[{"href":"https:\/\/cosmetic.lv\/lv\/wp-json\/wp\/v2\/types\/product"}],"wp:featuredmedia":[{"embeddable":true,"href":"https:\/\/cosmetic.lv\/lv\/wp-json\/wp\/v2\/media\/15634"}],"wp:attachment":[{"href":"https:\/\/cosmetic.lv\/lv\/wp-json\/wp\/v2\/media?parent=34033"}],"wp:term":[{"taxonomy":"product_brand","embeddable":true,"href":"https:\/\/cosmetic.lv\/lv\/wp-json\/wp\/v2\/product_brand?post=34033"},{"taxonomy":"product_cat","embeddable":true,"href":"https:\/\/cosmetic.lv\/lv\/wp-json\/wp\/v2\/product_cat?post=34033"},{"taxonomy":"product_tag","embeddable":true,"href":"https:\/\/cosmetic.lv\/lv\/wp-json\/wp\/v2\/product_tag?post=34033"}],"curies":[{"name":"wp","href":"https:\/\/api.w.org\/{rel}","templated":true}]}}