{"id":34045,"date":"2021-02-05T22:38:19","date_gmt":"2021-02-06T17:47:49","guid":{"rendered":"https:\/\/damme.lv\/product\/perforacijas-brilles-trenazieri-2\/"},"modified":"2021-02-06T22:10:23","modified_gmt":"2021-02-06T20:10:23","slug":"perforacijas-brilles-trenazieri-2","status":"publish","type":"product","link":"https:\/\/cosmetic.lv\/lv\/product\/perforacijas-brilles-trenazieri-2\/","title":{"rendered":"Perfor\u0101cijas brilles-trena\u017eieri"},"content":{"rendered":"<p>&nbsp;<\/p>\n<p>brilles-trena\u017eieri Perfor\u0101cijas brilles-trena\u017eieri efetkt\u012bvi jebkura vecuma cilv\u0113kiem, kuru darbs vai m\u0101c\u012bbas saist\u012bti ar intens\u012bvu redzes slodzi. Lieto, ja ir tuvredz\u012bba vai t\u0101lredz\u012bba, k\u0101 ar\u012b profilaksei, ja ir norm\u0101la redze. Brilles-trena\u017eierus lieto, ja &#8211; redzes slodze (nogurums); &#8211; tuvredz\u012bba; &#8211; t\u0101lredz\u012bba; &#8211; presbiopija (vecuma redze); &#8211; gauismas bailes. Profilakses nol\u016bkos lieto: &#8211; no\u0146emtu acs spriegumu un nogurumu p\u0113c ilgas redzes slodzes b\u0113rniem un pieaugu\u0161ajiem (pirmsskolas b\u0113rniem, skolniekiem, studentiem, skolot\u0101jiem, datori utt.) &#8211; nodro\u0161ina acs musku\u013cu relaks\u0101ciju; &#8211; b\u0113rniem ar iedzimtu tuvredz\u012bbu un t\u0101lredz\u012bbu; &#8211; ja ir liels acs nogurums b\u0113rniem un pieaugu\u0161ajiem brilles j\u0101lieto 20-30 min\u016btes atp\u016btas laik\u0101; Lieto\u0161ana: Nos\u0101kuma gr\u016bti pierast skat\u012bties caur perfor\u0101cijas l\u0113ces caurumi\u0146iem, bet p\u0113c 2-3 dien\u0101m J\u016bs jau tos nepaman\u012bsiet. Katru dienu n\u0113s\u0101jiet brilles 30-40 min\u016btes. Nelietojiet brilles, kad esat pie st\u016bres vai ejat \u0101r\u0101! Uz vesel\u012bbu!<\/p>\n<p>&nbsp;<\/p>\n","protected":false},"excerpt":{"rendered":"<p>&nbsp; brilles-trena\u017eieri Perfor\u0101cijas brilles-trena\u017eieri efetkt\u012bvi jebkura vecuma cilv\u0113kiem, kuru darbs vai m\u0101c\u012bbas saist\u012bti ar intens\u012bvu redzes slodzi. Lieto, ja ir<\/p>\n","protected":false},"featured_media":8816,"template":"","meta":[],"product_brand":[],"product_cat":[2231,2232],"product_tag":[],"class_list":{"0":"post-34045","1":"product","2":"type-product","3":"status-publish","4":"has-post-thumbnail","6":"product_cat-atveselojosas-preces-lv","7":"product_cat-sejai-galvai-lv","9":"first","10":"instock","11":"sale","12":"taxable","13":"shipping-taxable","14":"purchasable","15":"product-type-simple"},"yoast_head":"<!-- This site is optimized with the Yoast SEO Premium plugin v27.0 (Yoast SEO v27.0) - https:\/\/yoast.com\/product\/yoast-seo-premium-wordpress\/ -->\n<title>Perfor\u0101cijas brilles-trena\u017eieri - cosmetic.lv<\/title>\n<meta name=\"robots\" content=\"index, follow, max-snippet:-1, max-image-preview:large, max-video-preview:-1\" \/>\n<link rel=\"canonical\" href=\"https:\/\/cosmetic.lv\/lv\/product\/perforacijas-brilles-trenazieri-2\/\" \/>\n<meta property=\"og:locale\" content=\"lv_LV\" \/>\n<meta property=\"og:type\" content=\"article\" \/>\n<meta property=\"og:title\" content=\"Perfor\u0101cijas brilles-trena\u017eieri\" \/>\n<meta property=\"og:description\" content=\"&nbsp; brilles-trena\u017eieri Perfor\u0101cijas brilles-trena\u017eieri efetkt\u012bvi jebkura vecuma cilv\u0113kiem, kuru darbs vai m\u0101c\u012bbas saist\u012bti ar intens\u012bvu redzes slodzi. Lieto, ja ir\" \/>\n<meta property=\"og:url\" content=\"https:\/\/cosmetic.lv\/lv\/product\/perforacijas-brilles-trenazieri-2\/\" \/>\n<meta property=\"og:site_name\" content=\"cosmetic.lv\" \/>\n<meta property=\"article:publisher\" content=\"https:\/\/www.facebook.com\/cosmetic.lv\/\" \/>\n<meta property=\"article:modified_time\" content=\"2021-02-06T20:10:23+00:00\" \/>\n<meta property=\"og:image\" content=\"https:\/\/cosmetic.lv\/wp-content\/uploads\/2021\/02\/img_20160921_114021.jpg\" \/>\n\t<meta property=\"og:image:width\" content=\"800\" \/>\n\t<meta property=\"og:image:height\" content=\"509\" \/>\n\t<meta property=\"og:image:type\" content=\"image\/jpeg\" \/>\n<meta name=\"twitter:card\" content=\"summary_large_image\" \/>\n<script type=\"application\/ld+json\" class=\"yoast-schema-graph\">{\"@context\":\"https:\/\/schema.org\",\"@graph\":[{\"@type\":\"WebPage\",\"@id\":\"https:\/\/cosmetic.lv\/lv\/product\/perforacijas-brilles-trenazieri-2\/\",\"url\":\"https:\/\/cosmetic.lv\/lv\/product\/perforacijas-brilles-trenazieri-2\/\",\"name\":\"Perfor\u0101cijas brilles-trena\u017eieri - cosmetic.lv\",\"isPartOf\":{\"@id\":\"https:\/\/cosmetic.lv\/lv\/#website\"},\"primaryImageOfPage\":{\"@id\":\"https:\/\/cosmetic.lv\/lv\/product\/perforacijas-brilles-trenazieri-2\/#primaryimage\"},\"image\":{\"@id\":\"https:\/\/cosmetic.lv\/lv\/product\/perforacijas-brilles-trenazieri-2\/#primaryimage\"},\"thumbnailUrl\":\"https:\/\/cosmetic.lv\/wp-content\/uploads\/2021\/02\/img_20160921_114021.jpg\",\"datePublished\":\"2021-02-06T17:47:49+00:00\",\"dateModified\":\"2021-02-06T20:10:23+00:00\",\"breadcrumb\":{\"@id\":\"https:\/\/cosmetic.lv\/lv\/product\/perforacijas-brilles-trenazieri-2\/#breadcrumb\"},\"inLanguage\":\"lv-LV\",\"potentialAction\":[{\"@type\":\"ReadAction\",\"target\":[\"https:\/\/cosmetic.lv\/lv\/product\/perforacijas-brilles-trenazieri-2\/\"]}]},{\"@type\":\"ImageObject\",\"inLanguage\":\"lv-LV\",\"@id\":\"https:\/\/cosmetic.lv\/lv\/product\/perforacijas-brilles-trenazieri-2\/#primaryimage\",\"url\":\"https:\/\/cosmetic.lv\/wp-content\/uploads\/2021\/02\/img_20160921_114021.jpg\",\"contentUrl\":\"https:\/\/cosmetic.lv\/wp-content\/uploads\/2021\/02\/img_20160921_114021.jpg\",\"width\":800,\"height\":509,\"caption\":\"IMG_20160921_114021.jpg\"},{\"@type\":\"BreadcrumbList\",\"@id\":\"https:\/\/cosmetic.lv\/lv\/product\/perforacijas-brilles-trenazieri-2\/#breadcrumb\",\"itemListElement\":[{\"@type\":\"ListItem\",\"position\":1,\"name\":\"Home\",\"item\":\"https:\/\/cosmetic.lv\/lv\/\"},{\"@type\":\"ListItem\",\"position\":2,\"name\":\"Veikals\",\"item\":\"https:\/\/cosmetic.lv\/lv\/veiklas\/\"},{\"@type\":\"ListItem\",\"position\":3,\"name\":\"Perfor\u0101cijas brilles-trena\u017eieri\"}]},{\"@type\":\"WebSite\",\"@id\":\"https:\/\/cosmetic.lv\/lv\/#website\",\"url\":\"https:\/\/cosmetic.lv\/lv\/\",\"name\":\"cosmetic.lv\",\"description\":\"Profesion\u0101la kosm\u0113tika - Maria Galland, Keune, Arkadija, GMT, Guam, Magiray\",\"publisher\":{\"@id\":\"https:\/\/cosmetic.lv\/lv\/#organization\"},\"potentialAction\":[{\"@type\":\"SearchAction\",\"target\":{\"@type\":\"EntryPoint\",\"urlTemplate\":\"https:\/\/cosmetic.lv\/lv\/?s={search_term_string}\"},\"query-input\":{\"@type\":\"PropertyValueSpecification\",\"valueRequired\":true,\"valueName\":\"search_term_string\"}}],\"inLanguage\":\"lv-LV\"},{\"@type\":\"Organization\",\"@id\":\"https:\/\/cosmetic.lv\/lv\/#organization\",\"name\":\"COSMETIC.LV\",\"url\":\"https:\/\/cosmetic.lv\/lv\/\",\"logo\":{\"@type\":\"ImageObject\",\"inLanguage\":\"lv-LV\",\"@id\":\"https:\/\/cosmetic.lv\/lv\/#\/schema\/logo\/image\/\",\"url\":\"https:\/\/cosmetic.lv\/wp-content\/uploads\/2021\/02\/cosmetic.lv_logo.jpg\",\"contentUrl\":\"https:\/\/cosmetic.lv\/wp-content\/uploads\/2021\/02\/cosmetic.lv_logo.jpg\",\"width\":596,\"height\":196,\"caption\":\"COSMETIC.LV\"},\"image\":{\"@id\":\"https:\/\/cosmetic.lv\/lv\/#\/schema\/logo\/image\/\"},\"sameAs\":[\"https:\/\/www.facebook.com\/cosmetic.lv\/\"]}]}<\/script>\n<meta property=\"product:price:amount\" content=\"7.50\" \/>\n<meta property=\"product:price:currency\" content=\"EUR\" \/>\n<meta property=\"og:availability\" content=\"instock\" \/>\n<meta property=\"product:availability\" content=\"instock\" \/>\n<meta property=\"product:retailer_item_id\" content=\"perfbl2\" \/>\n<meta property=\"product:condition\" content=\"new\" \/>\n<!-- \/ Yoast SEO Premium plugin. -->","yoast_head_json":{"title":"Perfor\u0101cijas brilles-trena\u017eieri - cosmetic.lv","robots":{"index":"index","follow":"follow","max-snippet":"max-snippet:-1","max-image-preview":"max-image-preview:large","max-video-preview":"max-video-preview:-1"},"canonical":"https:\/\/cosmetic.lv\/lv\/product\/perforacijas-brilles-trenazieri-2\/","og_locale":"lv_LV","og_type":"article","og_title":"Perfor\u0101cijas brilles-trena\u017eieri","og_description":"&nbsp; brilles-trena\u017eieri Perfor\u0101cijas brilles-trena\u017eieri efetkt\u012bvi jebkura vecuma cilv\u0113kiem, kuru darbs vai m\u0101c\u012bbas saist\u012bti ar intens\u012bvu redzes slodzi. Lieto, ja ir","og_url":"https:\/\/cosmetic.lv\/lv\/product\/perforacijas-brilles-trenazieri-2\/","og_site_name":"cosmetic.lv","article_publisher":"https:\/\/www.facebook.com\/cosmetic.lv\/","article_modified_time":"2021-02-06T20:10:23+00:00","og_image":[{"width":800,"height":509,"url":"https:\/\/cosmetic.lv\/wp-content\/uploads\/2021\/02\/img_20160921_114021.jpg","type":"image\/jpeg"}],"twitter_card":"summary_large_image","schema":{"@context":"https:\/\/schema.org","@graph":[{"@type":"WebPage","@id":"https:\/\/cosmetic.lv\/lv\/product\/perforacijas-brilles-trenazieri-2\/","url":"https:\/\/cosmetic.lv\/lv\/product\/perforacijas-brilles-trenazieri-2\/","name":"Perfor\u0101cijas brilles-trena\u017eieri - cosmetic.lv","isPartOf":{"@id":"https:\/\/cosmetic.lv\/lv\/#website"},"primaryImageOfPage":{"@id":"https:\/\/cosmetic.lv\/lv\/product\/perforacijas-brilles-trenazieri-2\/#primaryimage"},"image":{"@id":"https:\/\/cosmetic.lv\/lv\/product\/perforacijas-brilles-trenazieri-2\/#primaryimage"},"thumbnailUrl":"https:\/\/cosmetic.lv\/wp-content\/uploads\/2021\/02\/img_20160921_114021.jpg","datePublished":"2021-02-06T17:47:49+00:00","dateModified":"2021-02-06T20:10:23+00:00","breadcrumb":{"@id":"https:\/\/cosmetic.lv\/lv\/product\/perforacijas-brilles-trenazieri-2\/#breadcrumb"},"inLanguage":"lv-LV","potentialAction":[{"@type":"ReadAction","target":["https:\/\/cosmetic.lv\/lv\/product\/perforacijas-brilles-trenazieri-2\/"]}]},{"@type":"ImageObject","inLanguage":"lv-LV","@id":"https:\/\/cosmetic.lv\/lv\/product\/perforacijas-brilles-trenazieri-2\/#primaryimage","url":"https:\/\/cosmetic.lv\/wp-content\/uploads\/2021\/02\/img_20160921_114021.jpg","contentUrl":"https:\/\/cosmetic.lv\/wp-content\/uploads\/2021\/02\/img_20160921_114021.jpg","width":800,"height":509,"caption":"IMG_20160921_114021.jpg"},{"@type":"BreadcrumbList","@id":"https:\/\/cosmetic.lv\/lv\/product\/perforacijas-brilles-trenazieri-2\/#breadcrumb","itemListElement":[{"@type":"ListItem","position":1,"name":"Home","item":"https:\/\/cosmetic.lv\/lv\/"},{"@type":"ListItem","position":2,"name":"Veikals","item":"https:\/\/cosmetic.lv\/lv\/veiklas\/"},{"@type":"ListItem","position":3,"name":"Perfor\u0101cijas brilles-trena\u017eieri"}]},{"@type":"WebSite","@id":"https:\/\/cosmetic.lv\/lv\/#website","url":"https:\/\/cosmetic.lv\/lv\/","name":"cosmetic.lv","description":"Profesion\u0101la kosm\u0113tika - Maria Galland, Keune, Arkadija, GMT, Guam, Magiray","publisher":{"@id":"https:\/\/cosmetic.lv\/lv\/#organization"},"potentialAction":[{"@type":"SearchAction","target":{"@type":"EntryPoint","urlTemplate":"https:\/\/cosmetic.lv\/lv\/?s={search_term_string}"},"query-input":{"@type":"PropertyValueSpecification","valueRequired":true,"valueName":"search_term_string"}}],"inLanguage":"lv-LV"},{"@type":"Organization","@id":"https:\/\/cosmetic.lv\/lv\/#organization","name":"COSMETIC.LV","url":"https:\/\/cosmetic.lv\/lv\/","logo":{"@type":"ImageObject","inLanguage":"lv-LV","@id":"https:\/\/cosmetic.lv\/lv\/#\/schema\/logo\/image\/","url":"https:\/\/cosmetic.lv\/wp-content\/uploads\/2021\/02\/cosmetic.lv_logo.jpg","contentUrl":"https:\/\/cosmetic.lv\/wp-content\/uploads\/2021\/02\/cosmetic.lv_logo.jpg","width":596,"height":196,"caption":"COSMETIC.LV"},"image":{"@id":"https:\/\/cosmetic.lv\/lv\/#\/schema\/logo\/image\/"},"sameAs":["https:\/\/www.facebook.com\/cosmetic.lv\/"]}]},"product_price_amount":"7.50","product_price_currency":"EUR","og_availability":"instock","product_availability":"instock","product_retailer_item_id":"perfbl2","product_condition":"new"},"_links":{"self":[{"href":"https:\/\/cosmetic.lv\/lv\/wp-json\/wp\/v2\/product\/34045","targetHints":{"allow":["GET"]}}],"collection":[{"href":"https:\/\/cosmetic.lv\/lv\/wp-json\/wp\/v2\/product"}],"about":[{"href":"https:\/\/cosmetic.lv\/lv\/wp-json\/wp\/v2\/types\/product"}],"wp:featuredmedia":[{"embeddable":true,"href":"https:\/\/cosmetic.lv\/lv\/wp-json\/wp\/v2\/media\/8816"}],"wp:attachment":[{"href":"https:\/\/cosmetic.lv\/lv\/wp-json\/wp\/v2\/media?parent=34045"}],"wp:term":[{"taxonomy":"product_brand","embeddable":true,"href":"https:\/\/cosmetic.lv\/lv\/wp-json\/wp\/v2\/product_brand?post=34045"},{"taxonomy":"product_cat","embeddable":true,"href":"https:\/\/cosmetic.lv\/lv\/wp-json\/wp\/v2\/product_cat?post=34045"},{"taxonomy":"product_tag","embeddable":true,"href":"https:\/\/cosmetic.lv\/lv\/wp-json\/wp\/v2\/product_tag?post=34045"}],"curies":[{"name":"wp","href":"https:\/\/api.w.org\/{rel}","templated":true}]}}