{"id":34050,"date":"2021-02-05T22:38:19","date_gmt":"2021-02-06T17:47:49","guid":{"rendered":"https:\/\/damme.lv\/product\/aparats-efektivai-un-drosai-sejas-adas-savilksanai-majas-apstaklos\/"},"modified":"2021-02-06T22:10:23","modified_gmt":"2021-02-06T20:10:23","slug":"aparats-efektivai-un-drosai-sejas-adas-savilksanai-majas-apstaklos","status":"publish","type":"product","link":"https:\/\/cosmetic.lv\/lv\/product\/aparats-efektivai-un-drosai-sejas-adas-savilksanai-majas-apstaklos\/","title":{"rendered":"Apar\u0101ts efekt\u012bvai un dro\u0161ai sejas \u0101das savilk\u0161anai m\u0101jas apst\u0101k\u013cos."},"content":{"rendered":"<p>&nbsp;<\/p>\n<p>Dom\u0101jat par to, k\u0101 likvid\u0113t dubultzodu? Pietiks pr\u0101tot, laiks r\u012bkoties. Apar\u0101ts \u201eNeckline Slimmer\u201d pal\u012bdz\u0113s jums savilkt sejas \u0101du. \u0160is inovat\u012bvais trena\u017eieris paredz\u0113ts ide\u0101la sejas ov\u0101la uztur\u0113\u0161anai.<br \/>\nDom\u0101jat par to, k\u0101 likvid\u0113t dubultzodu? Pietiks pr\u0101tot, laiks r\u012bkoties. Apar\u0101ts \u201eNeckline Slimmer\u201d pal\u012bdz\u0113s jums savilkt sejas \u0101du. \u0160is inovat\u012bvais trena\u017eieris paredz\u0113ts ide\u0101la sejas ov\u0101la uztur\u0113\u0161anai.<br \/>\n\u00abNeckline Slimmer\u00bb &#8211; tas ir lielisks veids k\u0101 atg\u016bt jaunekl\u012bgu izskatu \u012bs\u0101 laika posm\u0101. Vairs nav nepiecie\u0161amas riskantas un s\u0101p\u012bgas oper\u0101cijas<br \/>\n\u00abNeckline Slimmer\u00bb ir pasaul\u0113 pirmais sejas un apak\u0161\u017eok\u013ca musku\u013cu trena\u017eieris. Izmantojiet \u0161o lielisko ier\u012bci vien 2 min\u016btes dien\u0101 un uzreiz sajut\u012bsiet, k\u0101 paaugstin\u0101s visu m\u012bmikas musku\u013cu tonuss un nostiprin\u0101s kakla musku\u013ci, savuk\u0101rt \u0101da tiek savilkta<br \/>\nTrena\u017eieri \u201eNeckline Slimmer\u201d projekt\u0113ja un test\u0113ja slavenais fiziologs Pols Juneins. Lietot \u201eNeckline Slimmer\u201d ir visnota\u013c vienk\u0101r\u0161i un regul\u0101ras izmanto\u0161anas rezult\u0101ti man\u0101mi jau p\u0113c vienas ned\u0113\u013cas.<\/p>\n<p>&nbsp;<\/p>\n","protected":false},"excerpt":{"rendered":"<p>&nbsp; Dom\u0101jat par to, k\u0101 likvid\u0113t dubultzodu? Pietiks pr\u0101tot, laiks r\u012bkoties. Apar\u0101ts \u201eNeckline Slimmer\u201d pal\u012bdz\u0113s jums savilkt sejas \u0101du. \u0160is<\/p>\n","protected":false},"featured_media":15675,"template":"","meta":[],"product_brand":[],"product_cat":[2231,2232],"product_tag":[],"class_list":{"0":"post-34050","1":"product","2":"type-product","3":"status-publish","4":"has-post-thumbnail","6":"product_cat-atveselojosas-preces-lv","7":"product_cat-sejai-galvai-lv","9":"first","10":"instock","11":"taxable","12":"shipping-taxable","13":"purchasable","14":"product-type-simple"},"yoast_head":"<!-- This site is optimized with the Yoast SEO Premium plugin v27.0 (Yoast SEO v27.0) - https:\/\/yoast.com\/product\/yoast-seo-premium-wordpress\/ -->\n<title>Apar\u0101ts efekt\u012bvai un dro\u0161ai sejas \u0101das savilk\u0161anai m\u0101jas apst\u0101k\u013cos. - cosmetic.lv<\/title>\n<meta name=\"robots\" content=\"index, follow, max-snippet:-1, max-image-preview:large, max-video-preview:-1\" \/>\n<link rel=\"canonical\" href=\"https:\/\/cosmetic.lv\/lv\/product\/aparats-efektivai-un-drosai-sejas-adas-savilksanai-majas-apstaklos\/\" \/>\n<meta property=\"og:locale\" content=\"lv_LV\" \/>\n<meta property=\"og:type\" content=\"article\" \/>\n<meta property=\"og:title\" content=\"Apar\u0101ts efekt\u012bvai un dro\u0161ai sejas \u0101das savilk\u0161anai m\u0101jas apst\u0101k\u013cos.\" \/>\n<meta property=\"og:description\" content=\"&nbsp; Dom\u0101jat par to, k\u0101 likvid\u0113t dubultzodu? Pietiks pr\u0101tot, laiks r\u012bkoties. Apar\u0101ts \u201eNeckline Slimmer\u201d pal\u012bdz\u0113s jums savilkt sejas \u0101du. \u0160is\" \/>\n<meta property=\"og:url\" content=\"https:\/\/cosmetic.lv\/lv\/product\/aparats-efektivai-un-drosai-sejas-adas-savilksanai-majas-apstaklos\/\" \/>\n<meta property=\"og:site_name\" content=\"cosmetic.lv\" \/>\n<meta property=\"article:publisher\" content=\"https:\/\/www.facebook.com\/cosmetic.lv\/\" \/>\n<meta property=\"article:modified_time\" content=\"2021-02-06T20:10:23+00:00\" \/>\n<meta property=\"og:image\" content=\"https:\/\/cosmetic.lv\/wp-content\/uploads\/2021\/02\/appartapodbar1-4.jpg\" \/>\n\t<meta property=\"og:image:width\" content=\"760\" \/>\n\t<meta property=\"og:image:height\" content=\"760\" \/>\n\t<meta property=\"og:image:type\" content=\"image\/jpeg\" \/>\n<meta name=\"twitter:card\" content=\"summary_large_image\" \/>\n<script type=\"application\/ld+json\" class=\"yoast-schema-graph\">{\"@context\":\"https:\/\/schema.org\",\"@graph\":[{\"@type\":\"WebPage\",\"@id\":\"https:\/\/cosmetic.lv\/lv\/product\/aparats-efektivai-un-drosai-sejas-adas-savilksanai-majas-apstaklos\/\",\"url\":\"https:\/\/cosmetic.lv\/lv\/product\/aparats-efektivai-un-drosai-sejas-adas-savilksanai-majas-apstaklos\/\",\"name\":\"Apar\u0101ts efekt\u012bvai un dro\u0161ai sejas \u0101das savilk\u0161anai m\u0101jas apst\u0101k\u013cos. - cosmetic.lv\",\"isPartOf\":{\"@id\":\"https:\/\/cosmetic.lv\/lv\/#website\"},\"primaryImageOfPage\":{\"@id\":\"https:\/\/cosmetic.lv\/lv\/product\/aparats-efektivai-un-drosai-sejas-adas-savilksanai-majas-apstaklos\/#primaryimage\"},\"image\":{\"@id\":\"https:\/\/cosmetic.lv\/lv\/product\/aparats-efektivai-un-drosai-sejas-adas-savilksanai-majas-apstaklos\/#primaryimage\"},\"thumbnailUrl\":\"https:\/\/cosmetic.lv\/wp-content\/uploads\/2021\/02\/appartapodbar1-4.jpg\",\"datePublished\":\"2021-02-06T17:47:49+00:00\",\"dateModified\":\"2021-02-06T20:10:23+00:00\",\"breadcrumb\":{\"@id\":\"https:\/\/cosmetic.lv\/lv\/product\/aparats-efektivai-un-drosai-sejas-adas-savilksanai-majas-apstaklos\/#breadcrumb\"},\"inLanguage\":\"lv-LV\",\"potentialAction\":[{\"@type\":\"ReadAction\",\"target\":[\"https:\/\/cosmetic.lv\/lv\/product\/aparats-efektivai-un-drosai-sejas-adas-savilksanai-majas-apstaklos\/\"]}]},{\"@type\":\"ImageObject\",\"inLanguage\":\"lv-LV\",\"@id\":\"https:\/\/cosmetic.lv\/lv\/product\/aparats-efektivai-un-drosai-sejas-adas-savilksanai-majas-apstaklos\/#primaryimage\",\"url\":\"https:\/\/cosmetic.lv\/wp-content\/uploads\/2021\/02\/appartapodbar1-4.jpg\",\"contentUrl\":\"https:\/\/cosmetic.lv\/wp-content\/uploads\/2021\/02\/appartapodbar1-4.jpg\",\"width\":760,\"height\":760,\"caption\":\"appartapodbar1.jpg\"},{\"@type\":\"BreadcrumbList\",\"@id\":\"https:\/\/cosmetic.lv\/lv\/product\/aparats-efektivai-un-drosai-sejas-adas-savilksanai-majas-apstaklos\/#breadcrumb\",\"itemListElement\":[{\"@type\":\"ListItem\",\"position\":1,\"name\":\"Home\",\"item\":\"https:\/\/cosmetic.lv\/lv\/\"},{\"@type\":\"ListItem\",\"position\":2,\"name\":\"Veikals\",\"item\":\"https:\/\/cosmetic.lv\/lv\/veiklas\/\"},{\"@type\":\"ListItem\",\"position\":3,\"name\":\"Apar\u0101ts efekt\u012bvai un dro\u0161ai sejas \u0101das savilk\u0161anai m\u0101jas apst\u0101k\u013cos.\"}]},{\"@type\":\"WebSite\",\"@id\":\"https:\/\/cosmetic.lv\/lv\/#website\",\"url\":\"https:\/\/cosmetic.lv\/lv\/\",\"name\":\"cosmetic.lv\",\"description\":\"Profesion\u0101la kosm\u0113tika - Maria Galland, Keune, Arkadija, GMT, Guam, Magiray\",\"publisher\":{\"@id\":\"https:\/\/cosmetic.lv\/lv\/#organization\"},\"potentialAction\":[{\"@type\":\"SearchAction\",\"target\":{\"@type\":\"EntryPoint\",\"urlTemplate\":\"https:\/\/cosmetic.lv\/lv\/?s={search_term_string}\"},\"query-input\":{\"@type\":\"PropertyValueSpecification\",\"valueRequired\":true,\"valueName\":\"search_term_string\"}}],\"inLanguage\":\"lv-LV\"},{\"@type\":\"Organization\",\"@id\":\"https:\/\/cosmetic.lv\/lv\/#organization\",\"name\":\"COSMETIC.LV\",\"url\":\"https:\/\/cosmetic.lv\/lv\/\",\"logo\":{\"@type\":\"ImageObject\",\"inLanguage\":\"lv-LV\",\"@id\":\"https:\/\/cosmetic.lv\/lv\/#\/schema\/logo\/image\/\",\"url\":\"https:\/\/cosmetic.lv\/wp-content\/uploads\/2021\/02\/cosmetic.lv_logo.jpg\",\"contentUrl\":\"https:\/\/cosmetic.lv\/wp-content\/uploads\/2021\/02\/cosmetic.lv_logo.jpg\",\"width\":596,\"height\":196,\"caption\":\"COSMETIC.LV\"},\"image\":{\"@id\":\"https:\/\/cosmetic.lv\/lv\/#\/schema\/logo\/image\/\"},\"sameAs\":[\"https:\/\/www.facebook.com\/cosmetic.lv\/\"]}]}<\/script>\n<meta property=\"product:price:amount\" content=\"8.90\" \/>\n<meta property=\"product:price:currency\" content=\"EUR\" \/>\n<meta property=\"og:availability\" content=\"instock\" \/>\n<meta property=\"product:availability\" content=\"instock\" \/>\n<meta property=\"product:retailer_item_id\" content=\"bm\" \/>\n<meta property=\"product:condition\" content=\"new\" \/>\n<!-- \/ Yoast SEO Premium plugin. -->","yoast_head_json":{"title":"Apar\u0101ts efekt\u012bvai un dro\u0161ai sejas \u0101das savilk\u0161anai m\u0101jas apst\u0101k\u013cos. - cosmetic.lv","robots":{"index":"index","follow":"follow","max-snippet":"max-snippet:-1","max-image-preview":"max-image-preview:large","max-video-preview":"max-video-preview:-1"},"canonical":"https:\/\/cosmetic.lv\/lv\/product\/aparats-efektivai-un-drosai-sejas-adas-savilksanai-majas-apstaklos\/","og_locale":"lv_LV","og_type":"article","og_title":"Apar\u0101ts efekt\u012bvai un dro\u0161ai sejas \u0101das savilk\u0161anai m\u0101jas apst\u0101k\u013cos.","og_description":"&nbsp; Dom\u0101jat par to, k\u0101 likvid\u0113t dubultzodu? Pietiks pr\u0101tot, laiks r\u012bkoties. Apar\u0101ts \u201eNeckline Slimmer\u201d pal\u012bdz\u0113s jums savilkt sejas \u0101du. \u0160is","og_url":"https:\/\/cosmetic.lv\/lv\/product\/aparats-efektivai-un-drosai-sejas-adas-savilksanai-majas-apstaklos\/","og_site_name":"cosmetic.lv","article_publisher":"https:\/\/www.facebook.com\/cosmetic.lv\/","article_modified_time":"2021-02-06T20:10:23+00:00","og_image":[{"width":760,"height":760,"url":"https:\/\/cosmetic.lv\/wp-content\/uploads\/2021\/02\/appartapodbar1-4.jpg","type":"image\/jpeg"}],"twitter_card":"summary_large_image","schema":{"@context":"https:\/\/schema.org","@graph":[{"@type":"WebPage","@id":"https:\/\/cosmetic.lv\/lv\/product\/aparats-efektivai-un-drosai-sejas-adas-savilksanai-majas-apstaklos\/","url":"https:\/\/cosmetic.lv\/lv\/product\/aparats-efektivai-un-drosai-sejas-adas-savilksanai-majas-apstaklos\/","name":"Apar\u0101ts efekt\u012bvai un dro\u0161ai sejas \u0101das savilk\u0161anai m\u0101jas apst\u0101k\u013cos. - cosmetic.lv","isPartOf":{"@id":"https:\/\/cosmetic.lv\/lv\/#website"},"primaryImageOfPage":{"@id":"https:\/\/cosmetic.lv\/lv\/product\/aparats-efektivai-un-drosai-sejas-adas-savilksanai-majas-apstaklos\/#primaryimage"},"image":{"@id":"https:\/\/cosmetic.lv\/lv\/product\/aparats-efektivai-un-drosai-sejas-adas-savilksanai-majas-apstaklos\/#primaryimage"},"thumbnailUrl":"https:\/\/cosmetic.lv\/wp-content\/uploads\/2021\/02\/appartapodbar1-4.jpg","datePublished":"2021-02-06T17:47:49+00:00","dateModified":"2021-02-06T20:10:23+00:00","breadcrumb":{"@id":"https:\/\/cosmetic.lv\/lv\/product\/aparats-efektivai-un-drosai-sejas-adas-savilksanai-majas-apstaklos\/#breadcrumb"},"inLanguage":"lv-LV","potentialAction":[{"@type":"ReadAction","target":["https:\/\/cosmetic.lv\/lv\/product\/aparats-efektivai-un-drosai-sejas-adas-savilksanai-majas-apstaklos\/"]}]},{"@type":"ImageObject","inLanguage":"lv-LV","@id":"https:\/\/cosmetic.lv\/lv\/product\/aparats-efektivai-un-drosai-sejas-adas-savilksanai-majas-apstaklos\/#primaryimage","url":"https:\/\/cosmetic.lv\/wp-content\/uploads\/2021\/02\/appartapodbar1-4.jpg","contentUrl":"https:\/\/cosmetic.lv\/wp-content\/uploads\/2021\/02\/appartapodbar1-4.jpg","width":760,"height":760,"caption":"appartapodbar1.jpg"},{"@type":"BreadcrumbList","@id":"https:\/\/cosmetic.lv\/lv\/product\/aparats-efektivai-un-drosai-sejas-adas-savilksanai-majas-apstaklos\/#breadcrumb","itemListElement":[{"@type":"ListItem","position":1,"name":"Home","item":"https:\/\/cosmetic.lv\/lv\/"},{"@type":"ListItem","position":2,"name":"Veikals","item":"https:\/\/cosmetic.lv\/lv\/veiklas\/"},{"@type":"ListItem","position":3,"name":"Apar\u0101ts efekt\u012bvai un dro\u0161ai sejas \u0101das savilk\u0161anai m\u0101jas apst\u0101k\u013cos."}]},{"@type":"WebSite","@id":"https:\/\/cosmetic.lv\/lv\/#website","url":"https:\/\/cosmetic.lv\/lv\/","name":"cosmetic.lv","description":"Profesion\u0101la kosm\u0113tika - Maria Galland, Keune, Arkadija, GMT, Guam, Magiray","publisher":{"@id":"https:\/\/cosmetic.lv\/lv\/#organization"},"potentialAction":[{"@type":"SearchAction","target":{"@type":"EntryPoint","urlTemplate":"https:\/\/cosmetic.lv\/lv\/?s={search_term_string}"},"query-input":{"@type":"PropertyValueSpecification","valueRequired":true,"valueName":"search_term_string"}}],"inLanguage":"lv-LV"},{"@type":"Organization","@id":"https:\/\/cosmetic.lv\/lv\/#organization","name":"COSMETIC.LV","url":"https:\/\/cosmetic.lv\/lv\/","logo":{"@type":"ImageObject","inLanguage":"lv-LV","@id":"https:\/\/cosmetic.lv\/lv\/#\/schema\/logo\/image\/","url":"https:\/\/cosmetic.lv\/wp-content\/uploads\/2021\/02\/cosmetic.lv_logo.jpg","contentUrl":"https:\/\/cosmetic.lv\/wp-content\/uploads\/2021\/02\/cosmetic.lv_logo.jpg","width":596,"height":196,"caption":"COSMETIC.LV"},"image":{"@id":"https:\/\/cosmetic.lv\/lv\/#\/schema\/logo\/image\/"},"sameAs":["https:\/\/www.facebook.com\/cosmetic.lv\/"]}]},"product_price_amount":"8.90","product_price_currency":"EUR","og_availability":"instock","product_availability":"instock","product_retailer_item_id":"bm","product_condition":"new"},"_links":{"self":[{"href":"https:\/\/cosmetic.lv\/lv\/wp-json\/wp\/v2\/product\/34050","targetHints":{"allow":["GET"]}}],"collection":[{"href":"https:\/\/cosmetic.lv\/lv\/wp-json\/wp\/v2\/product"}],"about":[{"href":"https:\/\/cosmetic.lv\/lv\/wp-json\/wp\/v2\/types\/product"}],"wp:featuredmedia":[{"embeddable":true,"href":"https:\/\/cosmetic.lv\/lv\/wp-json\/wp\/v2\/media\/15675"}],"wp:attachment":[{"href":"https:\/\/cosmetic.lv\/lv\/wp-json\/wp\/v2\/media?parent=34050"}],"wp:term":[{"taxonomy":"product_brand","embeddable":true,"href":"https:\/\/cosmetic.lv\/lv\/wp-json\/wp\/v2\/product_brand?post=34050"},{"taxonomy":"product_cat","embeddable":true,"href":"https:\/\/cosmetic.lv\/lv\/wp-json\/wp\/v2\/product_cat?post=34050"},{"taxonomy":"product_tag","embeddable":true,"href":"https:\/\/cosmetic.lv\/lv\/wp-json\/wp\/v2\/product_tag?post=34050"}],"curies":[{"name":"wp","href":"https:\/\/api.w.org\/{rel}","templated":true}]}}