{"id":34051,"date":"2021-02-05T22:38:19","date_gmt":"2021-02-06T17:47:49","guid":{"rendered":"https:\/\/damme.lv\/product\/kakla-pneimatiska-apkakle\/"},"modified":"2021-12-02T20:44:02","modified_gmt":"2021-12-02T18:44:02","slug":"kakla-pneimatiska-apkakle","status":"publish","type":"product","link":"https:\/\/cosmetic.lv\/lv\/product\/kakla-pneimatiska-apkakle\/","title":{"rendered":"Kakla pneimatisk\u0101 apkakle"},"content":{"rendered":"<p>Apkakle &#8211; jauna medic\u012bnisk\u0101 tehnolo\u0123ija, lai \u0101rst\u0113tu muguras trauc\u0113jumus.<\/p>\n<p>&nbsp;<\/p>\n<p>Ir jauns instruments, lai \u0101rst\u0113tu kakla osteoartr\u012btu, uzlabos asinsriti mugurkaul\u0101\u00a0un smadzen\u0113m, kas stimul\u0113 boj\u0101to audu re\u0123ener\u0101ciju.<\/p>\n<p>Kakla pneimatisk\u0101 apkakle.<br \/>\nKakla pneimatisk\u0101 apkakle j\u0101lieto, tad ,kad par\u0101d\u0101s pirm\u0101s osteohandrozes paz\u012bmes:<br \/>\n1)\u00a0Da\u017e\u0101da veida s\u0101pes pakau\u0161a da\u013c\u0101, plecos, l\u0101psti\u0146u rajon\u0101<br \/>\n2)\u00a0Apgr\u016btin\u0101tas galvas kust\u012bbas<br \/>\n3)\u00a0Roku tirp\u0161ana jebkur\u0101 diennakts laik\u0101<br \/>\n4)\u00a0Galvas s\u0101pes, galvas reibonis, slikta d\u016b\u0161a<br \/>\n5)\u00a0Meteoatkar\u012bba, bezmiegs<br \/>\n6)\u00a0Paaugstin\u0101ts asinsspiediens, troksnis aus\u012bs<br \/>\n7)\u00a0S\u0101pes var p\u0101riet uz rok\u0101m, pirkstiem.<\/p>\n<p>S\u012bk\u0101k par preci<br \/>\nK\u0101p\u0113c izv\u0113l\u0113ties pneumatisko apkakli? Dot\u0101 konstrukcija iedarbojas tie\u0161i uz osteohandrozes ra\u0161an\u0101s iemesliem. Piep\u016b\u0161am\u0101 apkakle \u0101rst\u0113 nevis osteohandrozes simptomus, bet pa\u0161u slim\u012bbu.<br \/>\nK\u0101 t\u0101 str\u0101d\u0101?<br \/>\nIedom\u0101jieties, ka Jums rok\u0101s ir 5-6 kilogramus smags arb\u016bzs. Smagi.Bet kakls past\u0101v\u012bgi tur t\u0101du smagumu un tikai laiku pa laikam ar neliel\u0101m s\u0101p\u0113m un nepat\u012bkam\u0101m saj\u016bt\u0101m atg\u0101dina mums, ka tam ir vajadz\u012bga atslodze. Mugurkaula kakla da\u013ca ir \u013coti viegli ievainojama.<\/p>\n<p>Iemesli tam ir visda\u017e\u0101d\u0101kie:<br \/>\n1.\u00a0Da\u017e\u0101das traumas<br \/>\n2. Im\u016bnsist\u0113mas trauc\u0113jumi<br \/>\n3. Aukstums, caurv\u0113j\u0161<br \/>\n4. Ilga bezkust\u012bba<br \/>\n5. Ilglaic\u012bgs kakla musku\u013cu saspringums<br \/>\n\u0160ie un daudzi citi faktori noved l\u012bdz tam, ka mugurkaula starpskrieme\u013cu plat\u012bba samazin\u0101s, k\u0101 rezult\u0101t\u0101 skriemeli it k\u0101 uzs\u0113\u017eas viens uz otra.Tas savuk\u0101rt noved l\u012bdz tam, ka tiek saspiesti nervu kan\u0101li. Pielietojot piep\u016b\u0161amo apkakli, m\u0113s saudz\u012bgi izvelkam kakla skrieme\u013cus, palielinot atstarpi starp skrieme\u013ciem un atbr\u012bvojam nervu un asinsvadu kan\u0101lus no saspie\u0161anas.<br \/>\nKakla skrieme\u013cu izstiep\u0161ana \u013cauj samazin\u0101t iesp\u0113ju izveidoties kakla skrieme\u013cu brukai.<\/p>\n<p>Tadej\u0101di, pielietojot apkakli J\u016bs:<br \/>\n1. Uzlabojat galvas, galvas smadze\u0146u, muguras smadze\u0146u, kakla, plecu da\u013cas apg\u0101di ar asin\u012bm.<br \/>\n2. Nostiprin\u0101t mugurkaula skrieme\u013cus, musku\u013cus un saites.<br \/>\n3. No\u0146emat paaugstin\u0101tu ikdienas spriedzi uz muguru un kaklu.<br \/>\n4. Atjaunojat norm\u0101lu roku j\u016btam\u012bbu.<br \/>\n5. Atjaunojat piln\u012bgu galvas un kakla kust\u012bbu sp\u0113ju.<\/p>\n<p>Pielieto\u0161anas metodika:<br \/>\n1. Pirms proced\u016bras uzs\u0101k\u0161anas ie\u0146emiet \u0113rtu poz\u012bciju kr\u0113sl\u0101.<br \/>\n2. Aplieciet apkakli ap kaklu.<br \/>\n3. Atregul\u0113jiet apkakli atkar\u012bb\u0101 no kakla platuma un aizpogajiet to.<br \/>\n4. Aizskr\u016bv\u0113jiet ventili pulkste\u0146r\u0101d\u012bt\u0101ja virzien\u0101.<br \/>\n5. Spie\u017eot pump\u012bti, piepildiet apkakli ar gaisu l\u012bdz komfortablam st\u0101voklim.<br \/>\n6. Pirmo ned\u0113\u013cu ieteicams veikt pa div\u0101m 5 min\u016b\u0161\u016b ilg\u0101m proced\u016br\u0101m dien\u0101, pie kam apkakli stipri nepiep\u016b\u0161ot. Pak\u0101peniski palieliniet proced\u016bru laiku l\u012bdz 30 min\u016bt\u0113m dien\u0101 (katru ned\u0113\u013cu paildzinot proced\u016bru pa 5 min\u016bt\u0113m) k\u0101 ar\u012b piep\u016b\u0161ot apkakli ar vien stipr\u0101k.<br \/>\n7. P\u0113c proced\u016bru pabeig\u0161anas pak\u0101peniski atveriet ventili uz pump\u012b\u0161a, l\u0113ni izlai\u017eot gaisu no apkakles.<br \/>\n8. \u041aad no apkakles izies viss gaiss, atpog\u0101jiet un no\u0146emiet to.<br \/>\n9. P\u0113c proced\u016bras atp\u016btieties kr\u0113sl\u0101 vai gult\u0101 20-30 min\u016btes (neveiciet nek\u0101das akt\u012bvas kust\u012bbas). Proced\u016bru veik\u0161anas kurss j\u0101turpina no 1 l\u012bdz 3 m\u0113ne\u0161iem (kurss tiek noteikts katram individu\u0101li).<br \/>\nMaksim\u0101lais laiks proced\u016bru veik\u0161anai- ne ilg\u0101ks par 30 min\u016bt\u0113m<br \/>\nPiesardz\u012bba:<br \/>\nJa piep\u016b\u0161ot apkakli, j\u016btat veiglu galvas reiboni, raibumu ac\u012bs un sliktu d\u016b\u0161\u016b, l\u0113ni izlaidiet gaisu no apkakles un sak\u0101rtojiet to, ie\u0146emiet \u0113rtu poz\u012bciju. Spriedzi var no\u0146emt ar\u012b pamainot galvas st\u0101vokli, noliecot to uz apak\u0161u vai atliecot uz aizmuguri.<br \/>\nGaisu no apkakles j\u0101izlai\u017e pak\u0101peniski, ja to dara \u0101tri, iesp\u0113jams sajut\u012bsiet \u012bslaic\u012bgu galvas reiboni. T\u0101d\u0101 gad\u012bjum\u0101 mazliet atp\u016btieties un diskomforts p\u0101ries. Aizliegts stiept apkakli ar sp\u0113ku, apkakle, var sapl\u012bst.<\/p>\n<p>Raksturojums:<br \/>\n1. \u0112rta un viegli lietojama.<br \/>\n2. Veicot proced\u016bru, var ie\u0146emt jebkuru pozu: s\u0113d\u0113t, gul\u0113t.<br \/>\n3. Piep\u016b\u0161am\u0101s apkakles pielieto\u0161ana ir piln\u012bgi dro\u0161a.<br \/>\n4. Izstiep\u0161anas robe\u017eas \u2013 l\u012bdz 17 cm (vertik\u0101li).<br \/>\n5. Izstiep\u0161anas sp\u0113ks no 0 l\u012bdz 20kg.<br \/>\n6. Proced\u016bru veik\u0161anas laiks, izmantojot apkakli, ne vair\u0101k par 30 min. .<br \/>\nEkspluat\u0101cijas garantijas laiks \u2013 6 m\u0113ne\u0161i no p\u0101rdo\u0161anas br\u012b\u017ea.<\/p>\n<p>Uz vesel\u012bbu!<\/p>\n<p>&nbsp;<\/p>\n","protected":false},"excerpt":{"rendered":"<p>Apkakle &#8211; jauna medic\u012bnisk\u0101 tehnolo\u0123ija, lai \u0101rst\u0113tu muguras trauc\u0113jumus. &nbsp; Ir jauns instruments, lai \u0101rst\u0113tu kakla osteoartr\u012btu, uzlabos asinsriti mugurkaul\u0101\u00a0un<\/p>\n","protected":false},"featured_media":15678,"template":"","meta":[],"product_brand":[],"product_cat":[2231,2236],"product_tag":[],"class_list":{"0":"post-34051","1":"product","2":"type-product","3":"status-publish","4":"has-post-thumbnail","6":"product_cat-atveselojosas-preces-lv","7":"product_cat-kaklam-lv","9":"first","10":"instock","11":"sale","12":"taxable","13":"shipping-taxable","14":"purchasable","15":"product-type-simple"},"yoast_head":"<!-- This site is optimized with the Yoast SEO Premium plugin v27.0 (Yoast SEO v27.0) - https:\/\/yoast.com\/product\/yoast-seo-premium-wordpress\/ -->\n<title>Kakla pneimatisk\u0101 apkakle - cosmetic.lv<\/title>\n<meta name=\"robots\" content=\"index, follow, max-snippet:-1, max-image-preview:large, max-video-preview:-1\" \/>\n<link rel=\"canonical\" href=\"https:\/\/cosmetic.lv\/lv\/product\/kakla-pneimatiska-apkakle\/\" \/>\n<meta property=\"og:locale\" content=\"lv_LV\" \/>\n<meta property=\"og:type\" content=\"article\" \/>\n<meta property=\"og:title\" content=\"Kakla pneimatisk\u0101 apkakle\" \/>\n<meta property=\"og:description\" content=\"Apkakle &#8211; jauna medic\u012bnisk\u0101 tehnolo\u0123ija, lai \u0101rst\u0113tu muguras trauc\u0113jumus. &nbsp; Ir jauns instruments, lai \u0101rst\u0113tu kakla osteoartr\u012btu, uzlabos asinsriti mugurkaul\u0101\u00a0un\" \/>\n<meta property=\"og:url\" content=\"https:\/\/cosmetic.lv\/lv\/product\/kakla-pneimatiska-apkakle\/\" \/>\n<meta property=\"og:site_name\" content=\"cosmetic.lv\" \/>\n<meta property=\"article:publisher\" content=\"https:\/\/www.facebook.com\/cosmetic.lv\/\" \/>\n<meta property=\"article:modified_time\" content=\"2021-12-02T18:44:02+00:00\" \/>\n<meta property=\"og:image\" content=\"https:\/\/cosmetic.lv\/wp-content\/uploads\/2021\/02\/vorotneyk-miagkii-naduvnoi-flok_enl-4.jpg\" \/>\n\t<meta property=\"og:image:width\" content=\"450\" \/>\n\t<meta property=\"og:image:height\" content=\"450\" \/>\n\t<meta property=\"og:image:type\" content=\"image\/jpeg\" \/>\n<meta name=\"twitter:card\" content=\"summary_large_image\" \/>\n<script type=\"application\/ld+json\" class=\"yoast-schema-graph\">{\"@context\":\"https:\/\/schema.org\",\"@graph\":[{\"@type\":\"WebPage\",\"@id\":\"https:\/\/cosmetic.lv\/lv\/product\/kakla-pneimatiska-apkakle\/\",\"url\":\"https:\/\/cosmetic.lv\/lv\/product\/kakla-pneimatiska-apkakle\/\",\"name\":\"Kakla pneimatisk\u0101 apkakle - cosmetic.lv\",\"isPartOf\":{\"@id\":\"https:\/\/cosmetic.lv\/lv\/#website\"},\"primaryImageOfPage\":{\"@id\":\"https:\/\/cosmetic.lv\/lv\/product\/kakla-pneimatiska-apkakle\/#primaryimage\"},\"image\":{\"@id\":\"https:\/\/cosmetic.lv\/lv\/product\/kakla-pneimatiska-apkakle\/#primaryimage\"},\"thumbnailUrl\":\"https:\/\/cosmetic.lv\/wp-content\/uploads\/2021\/02\/vorotneyk-miagkii-naduvnoi-flok_enl-4.jpg\",\"datePublished\":\"2021-02-06T17:47:49+00:00\",\"dateModified\":\"2021-12-02T18:44:02+00:00\",\"breadcrumb\":{\"@id\":\"https:\/\/cosmetic.lv\/lv\/product\/kakla-pneimatiska-apkakle\/#breadcrumb\"},\"inLanguage\":\"lv-LV\",\"potentialAction\":[{\"@type\":\"ReadAction\",\"target\":[\"https:\/\/cosmetic.lv\/lv\/product\/kakla-pneimatiska-apkakle\/\"]}]},{\"@type\":\"ImageObject\",\"inLanguage\":\"lv-LV\",\"@id\":\"https:\/\/cosmetic.lv\/lv\/product\/kakla-pneimatiska-apkakle\/#primaryimage\",\"url\":\"https:\/\/cosmetic.lv\/wp-content\/uploads\/2021\/02\/vorotneyk-miagkii-naduvnoi-flok_enl-4.jpg\",\"contentUrl\":\"https:\/\/cosmetic.lv\/wp-content\/uploads\/2021\/02\/vorotneyk-miagkii-naduvnoi-flok_enl-4.jpg\",\"width\":450,\"height\":450,\"caption\":\"vorotneyk-miagkii-naduvnoi-flok_enl.jpg\"},{\"@type\":\"BreadcrumbList\",\"@id\":\"https:\/\/cosmetic.lv\/lv\/product\/kakla-pneimatiska-apkakle\/#breadcrumb\",\"itemListElement\":[{\"@type\":\"ListItem\",\"position\":1,\"name\":\"Home\",\"item\":\"https:\/\/cosmetic.lv\/lv\/\"},{\"@type\":\"ListItem\",\"position\":2,\"name\":\"Veikals\",\"item\":\"https:\/\/cosmetic.lv\/lv\/veiklas\/\"},{\"@type\":\"ListItem\",\"position\":3,\"name\":\"Kakla pneimatisk\u0101 apkakle\"}]},{\"@type\":\"WebSite\",\"@id\":\"https:\/\/cosmetic.lv\/lv\/#website\",\"url\":\"https:\/\/cosmetic.lv\/lv\/\",\"name\":\"cosmetic.lv\",\"description\":\"Profesion\u0101la kosm\u0113tika - Maria Galland, Keune, Arkadija, GMT, Guam, Magiray\",\"publisher\":{\"@id\":\"https:\/\/cosmetic.lv\/lv\/#organization\"},\"potentialAction\":[{\"@type\":\"SearchAction\",\"target\":{\"@type\":\"EntryPoint\",\"urlTemplate\":\"https:\/\/cosmetic.lv\/lv\/?s={search_term_string}\"},\"query-input\":{\"@type\":\"PropertyValueSpecification\",\"valueRequired\":true,\"valueName\":\"search_term_string\"}}],\"inLanguage\":\"lv-LV\"},{\"@type\":\"Organization\",\"@id\":\"https:\/\/cosmetic.lv\/lv\/#organization\",\"name\":\"COSMETIC.LV\",\"url\":\"https:\/\/cosmetic.lv\/lv\/\",\"logo\":{\"@type\":\"ImageObject\",\"inLanguage\":\"lv-LV\",\"@id\":\"https:\/\/cosmetic.lv\/lv\/#\/schema\/logo\/image\/\",\"url\":\"https:\/\/cosmetic.lv\/wp-content\/uploads\/2021\/02\/cosmetic.lv_logo.jpg\",\"contentUrl\":\"https:\/\/cosmetic.lv\/wp-content\/uploads\/2021\/02\/cosmetic.lv_logo.jpg\",\"width\":596,\"height\":196,\"caption\":\"COSMETIC.LV\"},\"image\":{\"@id\":\"https:\/\/cosmetic.lv\/lv\/#\/schema\/logo\/image\/\"},\"sameAs\":[\"https:\/\/www.facebook.com\/cosmetic.lv\/\"]}]}<\/script>\n<meta property=\"product:price:amount\" content=\"15.90\" \/>\n<meta property=\"product:price:currency\" content=\"EUR\" \/>\n<meta property=\"og:availability\" content=\"instock\" \/>\n<meta property=\"product:availability\" content=\"instock\" \/>\n<meta property=\"product:retailer_item_id\" content=\"vo\" \/>\n<meta property=\"product:condition\" content=\"new\" \/>\n<!-- \/ Yoast SEO Premium plugin. -->","yoast_head_json":{"title":"Kakla pneimatisk\u0101 apkakle - cosmetic.lv","robots":{"index":"index","follow":"follow","max-snippet":"max-snippet:-1","max-image-preview":"max-image-preview:large","max-video-preview":"max-video-preview:-1"},"canonical":"https:\/\/cosmetic.lv\/lv\/product\/kakla-pneimatiska-apkakle\/","og_locale":"lv_LV","og_type":"article","og_title":"Kakla pneimatisk\u0101 apkakle","og_description":"Apkakle &#8211; jauna medic\u012bnisk\u0101 tehnolo\u0123ija, lai \u0101rst\u0113tu muguras trauc\u0113jumus. &nbsp; Ir jauns instruments, lai \u0101rst\u0113tu kakla osteoartr\u012btu, uzlabos asinsriti mugurkaul\u0101\u00a0un","og_url":"https:\/\/cosmetic.lv\/lv\/product\/kakla-pneimatiska-apkakle\/","og_site_name":"cosmetic.lv","article_publisher":"https:\/\/www.facebook.com\/cosmetic.lv\/","article_modified_time":"2021-12-02T18:44:02+00:00","og_image":[{"width":450,"height":450,"url":"https:\/\/cosmetic.lv\/wp-content\/uploads\/2021\/02\/vorotneyk-miagkii-naduvnoi-flok_enl-4.jpg","type":"image\/jpeg"}],"twitter_card":"summary_large_image","schema":{"@context":"https:\/\/schema.org","@graph":[{"@type":"WebPage","@id":"https:\/\/cosmetic.lv\/lv\/product\/kakla-pneimatiska-apkakle\/","url":"https:\/\/cosmetic.lv\/lv\/product\/kakla-pneimatiska-apkakle\/","name":"Kakla pneimatisk\u0101 apkakle - cosmetic.lv","isPartOf":{"@id":"https:\/\/cosmetic.lv\/lv\/#website"},"primaryImageOfPage":{"@id":"https:\/\/cosmetic.lv\/lv\/product\/kakla-pneimatiska-apkakle\/#primaryimage"},"image":{"@id":"https:\/\/cosmetic.lv\/lv\/product\/kakla-pneimatiska-apkakle\/#primaryimage"},"thumbnailUrl":"https:\/\/cosmetic.lv\/wp-content\/uploads\/2021\/02\/vorotneyk-miagkii-naduvnoi-flok_enl-4.jpg","datePublished":"2021-02-06T17:47:49+00:00","dateModified":"2021-12-02T18:44:02+00:00","breadcrumb":{"@id":"https:\/\/cosmetic.lv\/lv\/product\/kakla-pneimatiska-apkakle\/#breadcrumb"},"inLanguage":"lv-LV","potentialAction":[{"@type":"ReadAction","target":["https:\/\/cosmetic.lv\/lv\/product\/kakla-pneimatiska-apkakle\/"]}]},{"@type":"ImageObject","inLanguage":"lv-LV","@id":"https:\/\/cosmetic.lv\/lv\/product\/kakla-pneimatiska-apkakle\/#primaryimage","url":"https:\/\/cosmetic.lv\/wp-content\/uploads\/2021\/02\/vorotneyk-miagkii-naduvnoi-flok_enl-4.jpg","contentUrl":"https:\/\/cosmetic.lv\/wp-content\/uploads\/2021\/02\/vorotneyk-miagkii-naduvnoi-flok_enl-4.jpg","width":450,"height":450,"caption":"vorotneyk-miagkii-naduvnoi-flok_enl.jpg"},{"@type":"BreadcrumbList","@id":"https:\/\/cosmetic.lv\/lv\/product\/kakla-pneimatiska-apkakle\/#breadcrumb","itemListElement":[{"@type":"ListItem","position":1,"name":"Home","item":"https:\/\/cosmetic.lv\/lv\/"},{"@type":"ListItem","position":2,"name":"Veikals","item":"https:\/\/cosmetic.lv\/lv\/veiklas\/"},{"@type":"ListItem","position":3,"name":"Kakla pneimatisk\u0101 apkakle"}]},{"@type":"WebSite","@id":"https:\/\/cosmetic.lv\/lv\/#website","url":"https:\/\/cosmetic.lv\/lv\/","name":"cosmetic.lv","description":"Profesion\u0101la kosm\u0113tika - Maria Galland, Keune, Arkadija, GMT, Guam, Magiray","publisher":{"@id":"https:\/\/cosmetic.lv\/lv\/#organization"},"potentialAction":[{"@type":"SearchAction","target":{"@type":"EntryPoint","urlTemplate":"https:\/\/cosmetic.lv\/lv\/?s={search_term_string}"},"query-input":{"@type":"PropertyValueSpecification","valueRequired":true,"valueName":"search_term_string"}}],"inLanguage":"lv-LV"},{"@type":"Organization","@id":"https:\/\/cosmetic.lv\/lv\/#organization","name":"COSMETIC.LV","url":"https:\/\/cosmetic.lv\/lv\/","logo":{"@type":"ImageObject","inLanguage":"lv-LV","@id":"https:\/\/cosmetic.lv\/lv\/#\/schema\/logo\/image\/","url":"https:\/\/cosmetic.lv\/wp-content\/uploads\/2021\/02\/cosmetic.lv_logo.jpg","contentUrl":"https:\/\/cosmetic.lv\/wp-content\/uploads\/2021\/02\/cosmetic.lv_logo.jpg","width":596,"height":196,"caption":"COSMETIC.LV"},"image":{"@id":"https:\/\/cosmetic.lv\/lv\/#\/schema\/logo\/image\/"},"sameAs":["https:\/\/www.facebook.com\/cosmetic.lv\/"]}]},"product_price_amount":"15.90","product_price_currency":"EUR","og_availability":"instock","product_availability":"instock","product_retailer_item_id":"vo","product_condition":"new"},"_links":{"self":[{"href":"https:\/\/cosmetic.lv\/lv\/wp-json\/wp\/v2\/product\/34051","targetHints":{"allow":["GET"]}}],"collection":[{"href":"https:\/\/cosmetic.lv\/lv\/wp-json\/wp\/v2\/product"}],"about":[{"href":"https:\/\/cosmetic.lv\/lv\/wp-json\/wp\/v2\/types\/product"}],"wp:featuredmedia":[{"embeddable":true,"href":"https:\/\/cosmetic.lv\/lv\/wp-json\/wp\/v2\/media\/15678"}],"wp:attachment":[{"href":"https:\/\/cosmetic.lv\/lv\/wp-json\/wp\/v2\/media?parent=34051"}],"wp:term":[{"taxonomy":"product_brand","embeddable":true,"href":"https:\/\/cosmetic.lv\/lv\/wp-json\/wp\/v2\/product_brand?post=34051"},{"taxonomy":"product_cat","embeddable":true,"href":"https:\/\/cosmetic.lv\/lv\/wp-json\/wp\/v2\/product_cat?post=34051"},{"taxonomy":"product_tag","embeddable":true,"href":"https:\/\/cosmetic.lv\/lv\/wp-json\/wp\/v2\/product_tag?post=34051"}],"curies":[{"name":"wp","href":"https:\/\/api.w.org\/{rel}","templated":true}]}}