{"id":34052,"date":"2021-02-05T22:38:19","date_gmt":"2021-02-06T17:47:49","guid":{"rendered":"https:\/\/damme.lv\/product\/piramida-singits-5-cm-celitelj-noversis-geopatogeno-zonu\/"},"modified":"2021-02-06T19:47:54","modified_gmt":"2021-02-06T17:47:54","slug":"piramida-singits-5-cm-celitelj-noversis-geopatogeno-zonu","status":"publish","type":"product","link":"https:\/\/cosmetic.lv\/lv\/product\/piramida-singits-5-cm-celitelj-noversis-geopatogeno-zonu\/","title":{"rendered":"Piram\u012bda \u0161ing\u012bts 5 cm Celitelj nov\u0113rs\u012bs \u0123eopatog\u0113no zonu"},"content":{"rendered":"<p><!DOCTYPE html PUBLIC &quot;-\/\/W3C\/\/DTD XHTML 1.0 Transitional\/\/EN&quot; &quot;http:\/\/www.w3.org\/TR\/xhtml1\/DTD\/xhtml1-transitional.dtd&quot;><br \/>\n<html><br \/>\n<head><br \/>\n<title>Untitled document<\/title><br \/>\n<\/head><br \/>\n<body><\/p>\n<p>&Scaron;ung\u012bts ir miner\u0101ls meln\u0101 kr\u0101s\u0101. Vien\u012bg\u0101s atradnes atrodas Krievij\u0101, One\u017eas ezera krast\u0101. T\u0101 kvarca strukt\u016bra ir doba, pild\u012bta ar og\u013c\u016bde\u0146radi. \u012apa&scaron;\u0101s dziedino&scaron;\u0101s \u012bpa&scaron;\u012bbas tam dod fullereni- unik\u0101las lodveida dobas molekulas, kuras sast\u0101v no vair\u0101kiem desmitiem og\u013c\u016bde\u0146ra\u017ea atomu. T\u0101 ir tre&scaron;\u0101 p\u0113c dimanta un graf\u012bta og\u013c\u016bde\u0146ra\u017ea forma, kura ir \u013coti reti sastopama dab\u0101.<\/p>\n<p>&Scaron;ung\u012bts- tas ir fenomens, kura \u012bpa&scaron;\u012bbas zin\u0101tnieki p\u0113ta jau vair\u0101kus desmitus gadu. Tas att\u012bra \u016bdeni, struktur\u0113 to un padara dziedino&scaron;u. Ar &scaron;ung\u012bta pal\u012bdz\u012bbu \u016bdens piln\u012bb\u0101 att\u012br\u0101s no organiskajiem un neorganiskajiem piemais\u012bjumiem, tiek neitraliz\u0113tas zarnu n\u016bji\u0146as, hol\u0113ras vibrioni, bakt\u0113rijas, sporas utt. &Scaron;ung\u012bts sp\u0113j absorb\u0113t t\u0101das organisk\u0101s vielas k\u0101 spirtus, sve\u0137us, pestic\u012bdus, naftas produktus, p\u0101rsp\u0113jot aktiv\u0113to ogli 30 reizes. Bet, galvenais, ka ar &scaron;ung\u012btu uzl\u0101d\u0113tais \u016bdens, k\u013c\u016bst biolo\u0123iski akt\u012bvs- k\u0101 \u016bdens no dab\u012bga avota!<\/p>\n<p>&Scaron;ung\u012bts ir unik\u0101ls miner\u0101ls p\u0113c sava sast\u0101va, strukt\u016bras un \u012bpa&scaron;\u012bb\u0101m. T\u0101 sast\u0101v\u0101 ir vair\u0101k k\u0101 20 cilv\u0113ka organismam noder\u012bgi mikroelementi. Analogu tam nav. P\u0113t\u012bjumi ir par\u0101d\u012bju&scaron;i- &scaron;ung\u012bts \u0101rst\u0113, att\u012bra,mazina s\u0101pes, atvese\u013co, aizsarg\u0101, normaliz\u0113, atjauno- sp\u0113j atjaunot elektrisko un magn\u0113tisko lauku l\u012bdzsvaru organism\u0101.<\/p>\n<p>&nbsp;&Scaron;ung\u012bta pielietojums ir \u0101rk\u0101rt\u012bgi daudzpus\u0113js- to ir ieteicams n\u0113s\u0101t rot\u0101s, uz t\u0101 nost\u0101din\u0101ts \u016bdens att\u012br\u012bsies un k\u013c\u016bs biolo\u0123iski akt\u012bvs, &scaron;ung\u012bta piram\u012bda pasarg\u0101s j\u016bs no datora kait\u012bgajiem izstarojumiem vai nov\u0113rs\u012bs \u0123eopatog\u0113no zonu (\u0101deres) ietekmi.<\/p>\n<p>5 cm pul\u0113ta<\/p>\n<p><\/body><br \/>\n<\/html><\/p>\n","protected":false},"excerpt":{"rendered":"<p>Untitled document &Scaron;ung\u012bts ir miner\u0101ls meln\u0101 kr\u0101s\u0101. Vien\u012bg\u0101s atradnes atrodas Krievij\u0101, One\u017eas ezera krast\u0101. T\u0101 kvarca strukt\u016bra ir doba, pild\u012bta<\/p>\n","protected":false},"featured_media":15681,"template":"","meta":[],"product_brand":[],"product_cat":[2231,2237],"product_tag":[],"class_list":{"0":"post-34052","1":"product","2":"type-product","3":"status-publish","4":"has-post-thumbnail","6":"product_cat-atveselojosas-preces-lv","7":"product_cat-citi-lv","9":"first","10":"instock","11":"taxable","12":"shipping-taxable","13":"purchasable","14":"product-type-simple"},"yoast_head":"<!-- This site is optimized with the Yoast SEO Premium plugin v27.0 (Yoast SEO v27.0) - https:\/\/yoast.com\/product\/yoast-seo-premium-wordpress\/ -->\n<title>Piram\u012bda \u0161ing\u012bts 5 cm Celitelj nov\u0113rs\u012bs \u0123eopatog\u0113no zonu - cosmetic.lv<\/title>\n<meta name=\"robots\" content=\"index, follow, max-snippet:-1, max-image-preview:large, max-video-preview:-1\" \/>\n<link rel=\"canonical\" href=\"https:\/\/cosmetic.lv\/lv\/product\/piramida-singits-5-cm-celitelj-noversis-geopatogeno-zonu\/\" \/>\n<meta property=\"og:locale\" content=\"lv_LV\" \/>\n<meta property=\"og:type\" content=\"article\" \/>\n<meta property=\"og:title\" content=\"Piram\u012bda \u0161ing\u012bts 5 cm Celitelj nov\u0113rs\u012bs \u0123eopatog\u0113no zonu\" \/>\n<meta property=\"og:description\" content=\"Untitled document &Scaron;ung\u012bts ir miner\u0101ls meln\u0101 kr\u0101s\u0101. Vien\u012bg\u0101s atradnes atrodas Krievij\u0101, One\u017eas ezera krast\u0101. T\u0101 kvarca strukt\u016bra ir doba, pild\u012bta\" \/>\n<meta property=\"og:url\" content=\"https:\/\/cosmetic.lv\/lv\/product\/piramida-singits-5-cm-celitelj-noversis-geopatogeno-zonu\/\" \/>\n<meta property=\"og:site_name\" content=\"cosmetic.lv\" \/>\n<meta property=\"article:publisher\" content=\"https:\/\/www.facebook.com\/cosmetic.lv\/\" \/>\n<meta property=\"article:modified_time\" content=\"2021-02-06T17:47:54+00:00\" \/>\n<meta property=\"og:image\" content=\"https:\/\/cosmetic.lv\/wp-content\/uploads\/2021\/02\/5b55d98shungitpiramida2-4.jpg\" \/>\n\t<meta property=\"og:image:width\" content=\"500\" \/>\n\t<meta property=\"og:image:height\" content=\"500\" \/>\n\t<meta property=\"og:image:type\" content=\"image\/jpeg\" \/>\n<meta name=\"twitter:card\" content=\"summary_large_image\" \/>\n<script type=\"application\/ld+json\" class=\"yoast-schema-graph\">{\"@context\":\"https:\/\/schema.org\",\"@graph\":[{\"@type\":\"WebPage\",\"@id\":\"https:\/\/cosmetic.lv\/lv\/product\/piramida-singits-5-cm-celitelj-noversis-geopatogeno-zonu\/\",\"url\":\"https:\/\/cosmetic.lv\/lv\/product\/piramida-singits-5-cm-celitelj-noversis-geopatogeno-zonu\/\",\"name\":\"Piram\u012bda \u0161ing\u012bts 5 cm Celitelj nov\u0113rs\u012bs \u0123eopatog\u0113no zonu - cosmetic.lv\",\"isPartOf\":{\"@id\":\"https:\/\/cosmetic.lv\/lv\/#website\"},\"primaryImageOfPage\":{\"@id\":\"https:\/\/cosmetic.lv\/lv\/product\/piramida-singits-5-cm-celitelj-noversis-geopatogeno-zonu\/#primaryimage\"},\"image\":{\"@id\":\"https:\/\/cosmetic.lv\/lv\/product\/piramida-singits-5-cm-celitelj-noversis-geopatogeno-zonu\/#primaryimage\"},\"thumbnailUrl\":\"https:\/\/cosmetic.lv\/wp-content\/uploads\/2021\/02\/5b55d98shungitpiramida2-4.jpg\",\"datePublished\":\"2021-02-06T17:47:49+00:00\",\"dateModified\":\"2021-02-06T17:47:54+00:00\",\"breadcrumb\":{\"@id\":\"https:\/\/cosmetic.lv\/lv\/product\/piramida-singits-5-cm-celitelj-noversis-geopatogeno-zonu\/#breadcrumb\"},\"inLanguage\":\"lv-LV\",\"potentialAction\":[{\"@type\":\"ReadAction\",\"target\":[\"https:\/\/cosmetic.lv\/lv\/product\/piramida-singits-5-cm-celitelj-noversis-geopatogeno-zonu\/\"]}]},{\"@type\":\"ImageObject\",\"inLanguage\":\"lv-LV\",\"@id\":\"https:\/\/cosmetic.lv\/lv\/product\/piramida-singits-5-cm-celitelj-noversis-geopatogeno-zonu\/#primaryimage\",\"url\":\"https:\/\/cosmetic.lv\/wp-content\/uploads\/2021\/02\/5b55d98shungitpiramida2-4.jpg\",\"contentUrl\":\"https:\/\/cosmetic.lv\/wp-content\/uploads\/2021\/02\/5b55d98shungitpiramida2-4.jpg\",\"width\":500,\"height\":500,\"caption\":\"5b55d98shungitpiramida2.jpg\"},{\"@type\":\"BreadcrumbList\",\"@id\":\"https:\/\/cosmetic.lv\/lv\/product\/piramida-singits-5-cm-celitelj-noversis-geopatogeno-zonu\/#breadcrumb\",\"itemListElement\":[{\"@type\":\"ListItem\",\"position\":1,\"name\":\"Home\",\"item\":\"https:\/\/cosmetic.lv\/lv\/\"},{\"@type\":\"ListItem\",\"position\":2,\"name\":\"Veikals\",\"item\":\"https:\/\/cosmetic.lv\/lv\/veiklas\/\"},{\"@type\":\"ListItem\",\"position\":3,\"name\":\"Piram\u012bda \u0161ing\u012bts 5 cm Celitelj nov\u0113rs\u012bs \u0123eopatog\u0113no zonu\"}]},{\"@type\":\"WebSite\",\"@id\":\"https:\/\/cosmetic.lv\/lv\/#website\",\"url\":\"https:\/\/cosmetic.lv\/lv\/\",\"name\":\"cosmetic.lv\",\"description\":\"Profesion\u0101la kosm\u0113tika - Maria Galland, Keune, Arkadija, GMT, Guam, Magiray\",\"publisher\":{\"@id\":\"https:\/\/cosmetic.lv\/lv\/#organization\"},\"potentialAction\":[{\"@type\":\"SearchAction\",\"target\":{\"@type\":\"EntryPoint\",\"urlTemplate\":\"https:\/\/cosmetic.lv\/lv\/?s={search_term_string}\"},\"query-input\":{\"@type\":\"PropertyValueSpecification\",\"valueRequired\":true,\"valueName\":\"search_term_string\"}}],\"inLanguage\":\"lv-LV\"},{\"@type\":\"Organization\",\"@id\":\"https:\/\/cosmetic.lv\/lv\/#organization\",\"name\":\"COSMETIC.LV\",\"url\":\"https:\/\/cosmetic.lv\/lv\/\",\"logo\":{\"@type\":\"ImageObject\",\"inLanguage\":\"lv-LV\",\"@id\":\"https:\/\/cosmetic.lv\/lv\/#\/schema\/logo\/image\/\",\"url\":\"https:\/\/cosmetic.lv\/wp-content\/uploads\/2021\/02\/cosmetic.lv_logo.jpg\",\"contentUrl\":\"https:\/\/cosmetic.lv\/wp-content\/uploads\/2021\/02\/cosmetic.lv_logo.jpg\",\"width\":596,\"height\":196,\"caption\":\"COSMETIC.LV\"},\"image\":{\"@id\":\"https:\/\/cosmetic.lv\/lv\/#\/schema\/logo\/image\/\"},\"sameAs\":[\"https:\/\/www.facebook.com\/cosmetic.lv\/\"]}]}<\/script>\n<meta property=\"product:price:amount\" content=\"18.00\" \/>\n<meta property=\"product:price:currency\" content=\"EUR\" \/>\n<meta property=\"og:availability\" content=\"instock\" \/>\n<meta property=\"product:availability\" content=\"instock\" \/>\n<meta property=\"product:retailer_item_id\" content=\"sh1\" \/>\n<meta property=\"product:condition\" content=\"new\" \/>\n<!-- \/ Yoast SEO Premium plugin. -->","yoast_head_json":{"title":"Piram\u012bda \u0161ing\u012bts 5 cm Celitelj nov\u0113rs\u012bs \u0123eopatog\u0113no zonu - cosmetic.lv","robots":{"index":"index","follow":"follow","max-snippet":"max-snippet:-1","max-image-preview":"max-image-preview:large","max-video-preview":"max-video-preview:-1"},"canonical":"https:\/\/cosmetic.lv\/lv\/product\/piramida-singits-5-cm-celitelj-noversis-geopatogeno-zonu\/","og_locale":"lv_LV","og_type":"article","og_title":"Piram\u012bda \u0161ing\u012bts 5 cm Celitelj nov\u0113rs\u012bs \u0123eopatog\u0113no zonu","og_description":"Untitled document &Scaron;ung\u012bts ir miner\u0101ls meln\u0101 kr\u0101s\u0101. Vien\u012bg\u0101s atradnes atrodas Krievij\u0101, One\u017eas ezera krast\u0101. T\u0101 kvarca strukt\u016bra ir doba, pild\u012bta","og_url":"https:\/\/cosmetic.lv\/lv\/product\/piramida-singits-5-cm-celitelj-noversis-geopatogeno-zonu\/","og_site_name":"cosmetic.lv","article_publisher":"https:\/\/www.facebook.com\/cosmetic.lv\/","article_modified_time":"2021-02-06T17:47:54+00:00","og_image":[{"width":500,"height":500,"url":"https:\/\/cosmetic.lv\/wp-content\/uploads\/2021\/02\/5b55d98shungitpiramida2-4.jpg","type":"image\/jpeg"}],"twitter_card":"summary_large_image","schema":{"@context":"https:\/\/schema.org","@graph":[{"@type":"WebPage","@id":"https:\/\/cosmetic.lv\/lv\/product\/piramida-singits-5-cm-celitelj-noversis-geopatogeno-zonu\/","url":"https:\/\/cosmetic.lv\/lv\/product\/piramida-singits-5-cm-celitelj-noversis-geopatogeno-zonu\/","name":"Piram\u012bda \u0161ing\u012bts 5 cm Celitelj nov\u0113rs\u012bs \u0123eopatog\u0113no zonu - cosmetic.lv","isPartOf":{"@id":"https:\/\/cosmetic.lv\/lv\/#website"},"primaryImageOfPage":{"@id":"https:\/\/cosmetic.lv\/lv\/product\/piramida-singits-5-cm-celitelj-noversis-geopatogeno-zonu\/#primaryimage"},"image":{"@id":"https:\/\/cosmetic.lv\/lv\/product\/piramida-singits-5-cm-celitelj-noversis-geopatogeno-zonu\/#primaryimage"},"thumbnailUrl":"https:\/\/cosmetic.lv\/wp-content\/uploads\/2021\/02\/5b55d98shungitpiramida2-4.jpg","datePublished":"2021-02-06T17:47:49+00:00","dateModified":"2021-02-06T17:47:54+00:00","breadcrumb":{"@id":"https:\/\/cosmetic.lv\/lv\/product\/piramida-singits-5-cm-celitelj-noversis-geopatogeno-zonu\/#breadcrumb"},"inLanguage":"lv-LV","potentialAction":[{"@type":"ReadAction","target":["https:\/\/cosmetic.lv\/lv\/product\/piramida-singits-5-cm-celitelj-noversis-geopatogeno-zonu\/"]}]},{"@type":"ImageObject","inLanguage":"lv-LV","@id":"https:\/\/cosmetic.lv\/lv\/product\/piramida-singits-5-cm-celitelj-noversis-geopatogeno-zonu\/#primaryimage","url":"https:\/\/cosmetic.lv\/wp-content\/uploads\/2021\/02\/5b55d98shungitpiramida2-4.jpg","contentUrl":"https:\/\/cosmetic.lv\/wp-content\/uploads\/2021\/02\/5b55d98shungitpiramida2-4.jpg","width":500,"height":500,"caption":"5b55d98shungitpiramida2.jpg"},{"@type":"BreadcrumbList","@id":"https:\/\/cosmetic.lv\/lv\/product\/piramida-singits-5-cm-celitelj-noversis-geopatogeno-zonu\/#breadcrumb","itemListElement":[{"@type":"ListItem","position":1,"name":"Home","item":"https:\/\/cosmetic.lv\/lv\/"},{"@type":"ListItem","position":2,"name":"Veikals","item":"https:\/\/cosmetic.lv\/lv\/veiklas\/"},{"@type":"ListItem","position":3,"name":"Piram\u012bda \u0161ing\u012bts 5 cm Celitelj nov\u0113rs\u012bs \u0123eopatog\u0113no zonu"}]},{"@type":"WebSite","@id":"https:\/\/cosmetic.lv\/lv\/#website","url":"https:\/\/cosmetic.lv\/lv\/","name":"cosmetic.lv","description":"Profesion\u0101la kosm\u0113tika - Maria Galland, Keune, Arkadija, GMT, Guam, Magiray","publisher":{"@id":"https:\/\/cosmetic.lv\/lv\/#organization"},"potentialAction":[{"@type":"SearchAction","target":{"@type":"EntryPoint","urlTemplate":"https:\/\/cosmetic.lv\/lv\/?s={search_term_string}"},"query-input":{"@type":"PropertyValueSpecification","valueRequired":true,"valueName":"search_term_string"}}],"inLanguage":"lv-LV"},{"@type":"Organization","@id":"https:\/\/cosmetic.lv\/lv\/#organization","name":"COSMETIC.LV","url":"https:\/\/cosmetic.lv\/lv\/","logo":{"@type":"ImageObject","inLanguage":"lv-LV","@id":"https:\/\/cosmetic.lv\/lv\/#\/schema\/logo\/image\/","url":"https:\/\/cosmetic.lv\/wp-content\/uploads\/2021\/02\/cosmetic.lv_logo.jpg","contentUrl":"https:\/\/cosmetic.lv\/wp-content\/uploads\/2021\/02\/cosmetic.lv_logo.jpg","width":596,"height":196,"caption":"COSMETIC.LV"},"image":{"@id":"https:\/\/cosmetic.lv\/lv\/#\/schema\/logo\/image\/"},"sameAs":["https:\/\/www.facebook.com\/cosmetic.lv\/"]}]},"product_price_amount":"18.00","product_price_currency":"EUR","og_availability":"instock","product_availability":"instock","product_retailer_item_id":"sh1","product_condition":"new"},"_links":{"self":[{"href":"https:\/\/cosmetic.lv\/lv\/wp-json\/wp\/v2\/product\/34052","targetHints":{"allow":["GET"]}}],"collection":[{"href":"https:\/\/cosmetic.lv\/lv\/wp-json\/wp\/v2\/product"}],"about":[{"href":"https:\/\/cosmetic.lv\/lv\/wp-json\/wp\/v2\/types\/product"}],"wp:featuredmedia":[{"embeddable":true,"href":"https:\/\/cosmetic.lv\/lv\/wp-json\/wp\/v2\/media\/15681"}],"wp:attachment":[{"href":"https:\/\/cosmetic.lv\/lv\/wp-json\/wp\/v2\/media?parent=34052"}],"wp:term":[{"taxonomy":"product_brand","embeddable":true,"href":"https:\/\/cosmetic.lv\/lv\/wp-json\/wp\/v2\/product_brand?post=34052"},{"taxonomy":"product_cat","embeddable":true,"href":"https:\/\/cosmetic.lv\/lv\/wp-json\/wp\/v2\/product_cat?post=34052"},{"taxonomy":"product_tag","embeddable":true,"href":"https:\/\/cosmetic.lv\/lv\/wp-json\/wp\/v2\/product_tag?post=34052"}],"curies":[{"name":"wp","href":"https:\/\/api.w.org\/{rel}","templated":true}]}}