{"id":34056,"date":"2021-02-05T22:38:19","date_gmt":"2021-02-06T17:47:57","guid":{"rendered":"https:\/\/damme.lv\/product\/masazas-magnetiskas-bumbinas-1-komplekts-2-gabali\/"},"modified":"2021-02-06T19:47:59","modified_gmt":"2021-02-06T17:47:59","slug":"masazas-magnetiskas-bumbinas-1-komplekts-2-gabali","status":"publish","type":"product","link":"https:\/\/cosmetic.lv\/lv\/product\/masazas-magnetiskas-bumbinas-1-komplekts-2-gabali\/","title":{"rendered":"Mas\u0101\u017eas magn\u0113tisk\u0101s bumbi\u0146as 1 komplekts &#8211; 2 gabali"},"content":{"rendered":"<p><!DOCTYPE html PUBLIC &quot;-\/\/W3C\/\/DTD XHTML 1.0 Transitional\/\/EN&quot; &quot;http:\/\/www.w3.org\/TR\/xhtml1\/DTD\/xhtml1-transitional.dtd&quot;><br \/>\n<html><br \/>\n<head><br \/>\n<title>Untitled document<\/title><br \/>\n<\/head><br \/>\n<body><\/p>\n<p>Mas\u0101\u017eas bumbi\u0146as stimul\u0113 akt\u012bvus punktus un iedarbojas ar magn\u0113tisko lauku.<\/p>\n<p>Var veikt rolu un k\u0101ju mas\u0101\u017eu, muguras.<\/p>\n<p>1 komplekts &#8211; 2 gabali<\/p>\n<p>D = 4,5 &#8211; 4,8 \u0441m.<\/p>\n<p>Esiet veseli!<\/p>\n<p><\/body><br \/>\n<\/html><\/p>\n","protected":false},"excerpt":{"rendered":"<p>Untitled document Mas\u0101\u017eas bumbi\u0146as stimul\u0113 akt\u012bvus punktus un iedarbojas ar magn\u0113tisko lauku. Var veikt rolu un k\u0101ju mas\u0101\u017eu, muguras. 1<\/p>\n","protected":false},"featured_media":8847,"template":"","meta":[],"product_brand":[],"product_cat":[2231,2234],"product_tag":[],"class_list":{"0":"post-34056","1":"product","2":"type-product","3":"status-publish","4":"has-post-thumbnail","6":"product_cat-atveselojosas-preces-lv","7":"product_cat-rokam-lv","9":"first","10":"instock","11":"sale","12":"taxable","13":"shipping-taxable","14":"purchasable","15":"product-type-simple"},"yoast_head":"<!-- This site is optimized with the Yoast SEO Premium plugin v27.0 (Yoast SEO v27.0) - https:\/\/yoast.com\/product\/yoast-seo-premium-wordpress\/ -->\n<title>Mas\u0101\u017eas magn\u0113tisk\u0101s bumbi\u0146as 1 komplekts - 2 gabali - cosmetic.lv<\/title>\n<meta name=\"robots\" content=\"index, follow, max-snippet:-1, max-image-preview:large, max-video-preview:-1\" \/>\n<link rel=\"canonical\" href=\"https:\/\/cosmetic.lv\/lv\/product\/masazas-magnetiskas-bumbinas-1-komplekts-2-gabali\/\" \/>\n<meta property=\"og:locale\" content=\"lv_LV\" \/>\n<meta property=\"og:type\" content=\"article\" \/>\n<meta property=\"og:title\" content=\"Mas\u0101\u017eas magn\u0113tisk\u0101s bumbi\u0146as 1 komplekts - 2 gabali\" \/>\n<meta property=\"og:description\" content=\"Untitled document Mas\u0101\u017eas bumbi\u0146as stimul\u0113 akt\u012bvus punktus un iedarbojas ar magn\u0113tisko lauku. Var veikt rolu un k\u0101ju mas\u0101\u017eu, muguras. 1\" \/>\n<meta property=\"og:url\" content=\"https:\/\/cosmetic.lv\/lv\/product\/masazas-magnetiskas-bumbinas-1-komplekts-2-gabali\/\" \/>\n<meta property=\"og:site_name\" content=\"cosmetic.lv\" \/>\n<meta property=\"article:publisher\" content=\"https:\/\/www.facebook.com\/cosmetic.lv\/\" \/>\n<meta property=\"article:modified_time\" content=\"2021-02-06T17:47:59+00:00\" \/>\n<meta property=\"og:image\" content=\"https:\/\/cosmetic.lv\/wp-content\/uploads\/2021\/02\/hr-hm31.jpg\" \/>\n\t<meta property=\"og:image:width\" content=\"199\" \/>\n\t<meta property=\"og:image:height\" content=\"213\" \/>\n\t<meta property=\"og:image:type\" content=\"image\/jpeg\" \/>\n<meta name=\"twitter:card\" content=\"summary_large_image\" \/>\n<script type=\"application\/ld+json\" class=\"yoast-schema-graph\">{\"@context\":\"https:\/\/schema.org\",\"@graph\":[{\"@type\":\"WebPage\",\"@id\":\"https:\/\/cosmetic.lv\/lv\/product\/masazas-magnetiskas-bumbinas-1-komplekts-2-gabali\/\",\"url\":\"https:\/\/cosmetic.lv\/lv\/product\/masazas-magnetiskas-bumbinas-1-komplekts-2-gabali\/\",\"name\":\"Mas\u0101\u017eas magn\u0113tisk\u0101s bumbi\u0146as 1 komplekts - 2 gabali - cosmetic.lv\",\"isPartOf\":{\"@id\":\"https:\/\/cosmetic.lv\/lv\/#website\"},\"primaryImageOfPage\":{\"@id\":\"https:\/\/cosmetic.lv\/lv\/product\/masazas-magnetiskas-bumbinas-1-komplekts-2-gabali\/#primaryimage\"},\"image\":{\"@id\":\"https:\/\/cosmetic.lv\/lv\/product\/masazas-magnetiskas-bumbinas-1-komplekts-2-gabali\/#primaryimage\"},\"thumbnailUrl\":\"https:\/\/cosmetic.lv\/wp-content\/uploads\/2021\/02\/hr-hm31.jpg\",\"datePublished\":\"2021-02-06T17:47:57+00:00\",\"dateModified\":\"2021-02-06T17:47:59+00:00\",\"breadcrumb\":{\"@id\":\"https:\/\/cosmetic.lv\/lv\/product\/masazas-magnetiskas-bumbinas-1-komplekts-2-gabali\/#breadcrumb\"},\"inLanguage\":\"lv-LV\",\"potentialAction\":[{\"@type\":\"ReadAction\",\"target\":[\"https:\/\/cosmetic.lv\/lv\/product\/masazas-magnetiskas-bumbinas-1-komplekts-2-gabali\/\"]}]},{\"@type\":\"ImageObject\",\"inLanguage\":\"lv-LV\",\"@id\":\"https:\/\/cosmetic.lv\/lv\/product\/masazas-magnetiskas-bumbinas-1-komplekts-2-gabali\/#primaryimage\",\"url\":\"https:\/\/cosmetic.lv\/wp-content\/uploads\/2021\/02\/hr-hm31.jpg\",\"contentUrl\":\"https:\/\/cosmetic.lv\/wp-content\/uploads\/2021\/02\/hr-hm31.jpg\",\"width\":199,\"height\":213,\"caption\":\"HR-HM31.jpg\"},{\"@type\":\"BreadcrumbList\",\"@id\":\"https:\/\/cosmetic.lv\/lv\/product\/masazas-magnetiskas-bumbinas-1-komplekts-2-gabali\/#breadcrumb\",\"itemListElement\":[{\"@type\":\"ListItem\",\"position\":1,\"name\":\"Home\",\"item\":\"https:\/\/cosmetic.lv\/lv\/\"},{\"@type\":\"ListItem\",\"position\":2,\"name\":\"Veikals\",\"item\":\"https:\/\/cosmetic.lv\/lv\/veiklas\/\"},{\"@type\":\"ListItem\",\"position\":3,\"name\":\"Mas\u0101\u017eas magn\u0113tisk\u0101s bumbi\u0146as 1 komplekts &#8211; 2 gabali\"}]},{\"@type\":\"WebSite\",\"@id\":\"https:\/\/cosmetic.lv\/lv\/#website\",\"url\":\"https:\/\/cosmetic.lv\/lv\/\",\"name\":\"cosmetic.lv\",\"description\":\"Profesion\u0101la kosm\u0113tika - Maria Galland, Keune, Arkadija, GMT, Guam, Magiray\",\"publisher\":{\"@id\":\"https:\/\/cosmetic.lv\/lv\/#organization\"},\"potentialAction\":[{\"@type\":\"SearchAction\",\"target\":{\"@type\":\"EntryPoint\",\"urlTemplate\":\"https:\/\/cosmetic.lv\/lv\/?s={search_term_string}\"},\"query-input\":{\"@type\":\"PropertyValueSpecification\",\"valueRequired\":true,\"valueName\":\"search_term_string\"}}],\"inLanguage\":\"lv-LV\"},{\"@type\":\"Organization\",\"@id\":\"https:\/\/cosmetic.lv\/lv\/#organization\",\"name\":\"COSMETIC.LV\",\"url\":\"https:\/\/cosmetic.lv\/lv\/\",\"logo\":{\"@type\":\"ImageObject\",\"inLanguage\":\"lv-LV\",\"@id\":\"https:\/\/cosmetic.lv\/lv\/#\/schema\/logo\/image\/\",\"url\":\"https:\/\/cosmetic.lv\/wp-content\/uploads\/2021\/02\/cosmetic.lv_logo.jpg\",\"contentUrl\":\"https:\/\/cosmetic.lv\/wp-content\/uploads\/2021\/02\/cosmetic.lv_logo.jpg\",\"width\":596,\"height\":196,\"caption\":\"COSMETIC.LV\"},\"image\":{\"@id\":\"https:\/\/cosmetic.lv\/lv\/#\/schema\/logo\/image\/\"},\"sameAs\":[\"https:\/\/www.facebook.com\/cosmetic.lv\/\"]}]}<\/script>\n<meta property=\"product:price:amount\" content=\"6.98\" \/>\n<meta property=\"product:price:currency\" content=\"EUR\" \/>\n<meta property=\"og:availability\" content=\"instock\" \/>\n<meta property=\"product:availability\" content=\"instock\" \/>\n<meta property=\"product:retailer_item_id\" content=\"magsh\" \/>\n<meta property=\"product:condition\" content=\"new\" \/>\n<!-- \/ Yoast SEO Premium plugin. -->","yoast_head_json":{"title":"Mas\u0101\u017eas magn\u0113tisk\u0101s bumbi\u0146as 1 komplekts - 2 gabali - cosmetic.lv","robots":{"index":"index","follow":"follow","max-snippet":"max-snippet:-1","max-image-preview":"max-image-preview:large","max-video-preview":"max-video-preview:-1"},"canonical":"https:\/\/cosmetic.lv\/lv\/product\/masazas-magnetiskas-bumbinas-1-komplekts-2-gabali\/","og_locale":"lv_LV","og_type":"article","og_title":"Mas\u0101\u017eas magn\u0113tisk\u0101s bumbi\u0146as 1 komplekts - 2 gabali","og_description":"Untitled document Mas\u0101\u017eas bumbi\u0146as stimul\u0113 akt\u012bvus punktus un iedarbojas ar magn\u0113tisko lauku. Var veikt rolu un k\u0101ju mas\u0101\u017eu, muguras. 1","og_url":"https:\/\/cosmetic.lv\/lv\/product\/masazas-magnetiskas-bumbinas-1-komplekts-2-gabali\/","og_site_name":"cosmetic.lv","article_publisher":"https:\/\/www.facebook.com\/cosmetic.lv\/","article_modified_time":"2021-02-06T17:47:59+00:00","og_image":[{"width":199,"height":213,"url":"https:\/\/cosmetic.lv\/wp-content\/uploads\/2021\/02\/hr-hm31.jpg","type":"image\/jpeg"}],"twitter_card":"summary_large_image","schema":{"@context":"https:\/\/schema.org","@graph":[{"@type":"WebPage","@id":"https:\/\/cosmetic.lv\/lv\/product\/masazas-magnetiskas-bumbinas-1-komplekts-2-gabali\/","url":"https:\/\/cosmetic.lv\/lv\/product\/masazas-magnetiskas-bumbinas-1-komplekts-2-gabali\/","name":"Mas\u0101\u017eas magn\u0113tisk\u0101s bumbi\u0146as 1 komplekts - 2 gabali - cosmetic.lv","isPartOf":{"@id":"https:\/\/cosmetic.lv\/lv\/#website"},"primaryImageOfPage":{"@id":"https:\/\/cosmetic.lv\/lv\/product\/masazas-magnetiskas-bumbinas-1-komplekts-2-gabali\/#primaryimage"},"image":{"@id":"https:\/\/cosmetic.lv\/lv\/product\/masazas-magnetiskas-bumbinas-1-komplekts-2-gabali\/#primaryimage"},"thumbnailUrl":"https:\/\/cosmetic.lv\/wp-content\/uploads\/2021\/02\/hr-hm31.jpg","datePublished":"2021-02-06T17:47:57+00:00","dateModified":"2021-02-06T17:47:59+00:00","breadcrumb":{"@id":"https:\/\/cosmetic.lv\/lv\/product\/masazas-magnetiskas-bumbinas-1-komplekts-2-gabali\/#breadcrumb"},"inLanguage":"lv-LV","potentialAction":[{"@type":"ReadAction","target":["https:\/\/cosmetic.lv\/lv\/product\/masazas-magnetiskas-bumbinas-1-komplekts-2-gabali\/"]}]},{"@type":"ImageObject","inLanguage":"lv-LV","@id":"https:\/\/cosmetic.lv\/lv\/product\/masazas-magnetiskas-bumbinas-1-komplekts-2-gabali\/#primaryimage","url":"https:\/\/cosmetic.lv\/wp-content\/uploads\/2021\/02\/hr-hm31.jpg","contentUrl":"https:\/\/cosmetic.lv\/wp-content\/uploads\/2021\/02\/hr-hm31.jpg","width":199,"height":213,"caption":"HR-HM31.jpg"},{"@type":"BreadcrumbList","@id":"https:\/\/cosmetic.lv\/lv\/product\/masazas-magnetiskas-bumbinas-1-komplekts-2-gabali\/#breadcrumb","itemListElement":[{"@type":"ListItem","position":1,"name":"Home","item":"https:\/\/cosmetic.lv\/lv\/"},{"@type":"ListItem","position":2,"name":"Veikals","item":"https:\/\/cosmetic.lv\/lv\/veiklas\/"},{"@type":"ListItem","position":3,"name":"Mas\u0101\u017eas magn\u0113tisk\u0101s bumbi\u0146as 1 komplekts &#8211; 2 gabali"}]},{"@type":"WebSite","@id":"https:\/\/cosmetic.lv\/lv\/#website","url":"https:\/\/cosmetic.lv\/lv\/","name":"cosmetic.lv","description":"Profesion\u0101la kosm\u0113tika - Maria Galland, Keune, Arkadija, GMT, Guam, Magiray","publisher":{"@id":"https:\/\/cosmetic.lv\/lv\/#organization"},"potentialAction":[{"@type":"SearchAction","target":{"@type":"EntryPoint","urlTemplate":"https:\/\/cosmetic.lv\/lv\/?s={search_term_string}"},"query-input":{"@type":"PropertyValueSpecification","valueRequired":true,"valueName":"search_term_string"}}],"inLanguage":"lv-LV"},{"@type":"Organization","@id":"https:\/\/cosmetic.lv\/lv\/#organization","name":"COSMETIC.LV","url":"https:\/\/cosmetic.lv\/lv\/","logo":{"@type":"ImageObject","inLanguage":"lv-LV","@id":"https:\/\/cosmetic.lv\/lv\/#\/schema\/logo\/image\/","url":"https:\/\/cosmetic.lv\/wp-content\/uploads\/2021\/02\/cosmetic.lv_logo.jpg","contentUrl":"https:\/\/cosmetic.lv\/wp-content\/uploads\/2021\/02\/cosmetic.lv_logo.jpg","width":596,"height":196,"caption":"COSMETIC.LV"},"image":{"@id":"https:\/\/cosmetic.lv\/lv\/#\/schema\/logo\/image\/"},"sameAs":["https:\/\/www.facebook.com\/cosmetic.lv\/"]}]},"product_price_amount":"6.98","product_price_currency":"EUR","og_availability":"instock","product_availability":"instock","product_retailer_item_id":"magsh","product_condition":"new"},"_links":{"self":[{"href":"https:\/\/cosmetic.lv\/lv\/wp-json\/wp\/v2\/product\/34056","targetHints":{"allow":["GET"]}}],"collection":[{"href":"https:\/\/cosmetic.lv\/lv\/wp-json\/wp\/v2\/product"}],"about":[{"href":"https:\/\/cosmetic.lv\/lv\/wp-json\/wp\/v2\/types\/product"}],"wp:featuredmedia":[{"embeddable":true,"href":"https:\/\/cosmetic.lv\/lv\/wp-json\/wp\/v2\/media\/8847"}],"wp:attachment":[{"href":"https:\/\/cosmetic.lv\/lv\/wp-json\/wp\/v2\/media?parent=34056"}],"wp:term":[{"taxonomy":"product_brand","embeddable":true,"href":"https:\/\/cosmetic.lv\/lv\/wp-json\/wp\/v2\/product_brand?post=34056"},{"taxonomy":"product_cat","embeddable":true,"href":"https:\/\/cosmetic.lv\/lv\/wp-json\/wp\/v2\/product_cat?post=34056"},{"taxonomy":"product_tag","embeddable":true,"href":"https:\/\/cosmetic.lv\/lv\/wp-json\/wp\/v2\/product_tag?post=34056"}],"curies":[{"name":"wp","href":"https:\/\/api.w.org\/{rel}","templated":true}]}}