{"id":34061,"date":"2021-02-06T19:47:57","date_gmt":"2021-02-06T17:47:57","guid":{"rendered":"https:\/\/damme.lv\/product\/sals-lampa-liela-labai-labsajutai-18-24kg\/"},"modified":"2021-02-06T19:48:02","modified_gmt":"2021-02-06T17:48:02","slug":"sals-lampa-liela-labai-labsajutai-18-24kg","status":"publish","type":"product","link":"https:\/\/cosmetic.lv\/lv\/product\/sals-lampa-liela-labai-labsajutai-18-24kg\/","title":{"rendered":"S\u0101ls lampa Liela labai labsaj\u016btai 18-24kg"},"content":{"rendered":"<p><!DOCTYPE html PUBLIC &quot;-\/\/W3C\/\/DTD XHTML 1.0 Transitional\/\/EN&quot; &quot;http:\/\/www.w3.org\/TR\/xhtml1\/DTD\/xhtml1-transitional.dtd&quot;><br \/>\n<html><br \/>\n<head><br \/>\n<title>Untitled document<\/title><br \/>\n<\/head><br \/>\n<body><\/p>\n<p>S\u0101ls lampas atjauno jonu l\u012bdzsvaru, kam ir pozit\u012bva iedarb\u012bba uz m\u016bsu pa&scaron;saj\u016btu. S\u0101ls lampas izgatavotas no \u012bpa&scaron;as s\u0101ls, kura atrodas milz\u012bg\u0101 dzi\u013cum\u0101 (300-600m), t\u0101d\u0113\u013c t\u0101s nesatur piln\u012bgi nek\u0101dus \u0137\u012bmiskos piejaukumus. Var ne&scaron;aub\u012bgi apgalvot, ka &scaron;\u0101da lampa burtiski izstaro dziedniecisko ener\u0123iju <br \/>Cilv\u0113ka gar\u012bg\u0101 pa&scaron;saj\u016bta un fiziskais st\u0101voklis ir atkar\u012bgs no gaisa sast\u0101va, kuru tas ieelpo.<\/p>\n<p>S\u0101ls lampa ir dab\u012bgs gaisa joniz\u0113t\u0101js. Lampas tiek izgatavotas ar rok\u0101m no dab\u012bgiem materi\u0101liem, t\u0101d\u0113\u013c katra no t\u0101m ir unik\u0101la. Pateicoties formu da\u017e\u0101d\u012bb\u0101m un maig\u0101m kr\u0101s\u0101m lampas iederas jebkur\u0101 interjer\u0101.<\/p>\n<p>Maigi roz\u0101 &#8211; sarkan\u012bga nokr\u0101sa s\u0101ls lamp\u0101m labv\u0113l\u012bgi ietekm\u0113 cilv\u0113ka pa&scaron;a j\u016btu un garast\u0101vokli.<\/p>\n<p>&nbsp;<\/p>\n<p>s\u0101ls lampas var izmantot &scaron;\u0101diem m\u0113r\u0137iem: <br \/>&#8211; elpo&scaron;anas slim\u012bbu simptomu mazin\u0101&scaron;anai; <br \/>&#8211; koncentr\u0101cijai un stresa neitraliz\u0101cijai, k\u0101 ar\u012b datora starojuma mazin\u0101&scaron;anai; <br \/>&#8211; mas\u0101\u017eas sniegt\u0101s relaks\u0101cijas palielin\u0101&scaron;anai; <br \/>&#8211; reabilit\u0101cijas kabinetu iek\u0101rto&scaron;anai; <br \/>&#8211; gu\u013camistab\u0101 vai b\u0113rnistab\u0101 k\u0101 naktslampi\u0146u; <br \/>&#8211; sm\u0113\u0137\u0113t\u0101ju telp\u0101s nepat\u012bkam\u0101 arom\u0101ta neitraliz\u0113&scaron;anai<\/p>\n<p>&nbsp;<\/p>\n<p>&Scaron;\u012bs s\u0101ls lampas ir izgatavotas no pasaul\u0113 sen\u0101k\u0101s akmens s\u0101ls ( 250-300 miljonu gadu), kura sastopama tikai vien\u0101 pasaules mal\u0101 &#8211; Himalaju kalnos, Pakist\u0101nas teritorij\u0101.<\/p>\n<p>Zin\u0101tniski pier\u0101d\u012bts, ka s\u0101ls krist\u0101la lamp\u0101m uzsilstot efekt\u012bvi joniz\u0113j\u0101s gaiss un rada l\u012bdzsvaru starp pozit\u012bviem un negat\u012bviem joniem sl\u0113gt\u0101s telp\u0101s.<\/p>\n<p>S\u0101ls lampas rekomend\u0113 lietot jebkur\u0101 sl\u0113gt\u0101 telp\u0101, kur atrodas datori, televizori, kondicionieri un cita elektrotehnika. S\u0101ls lampas var ieder\u0113ties ar\u012b senatn\u012bg\u0101s m\u0101ksalas Fen-&Scaron;uj telp\u0101s. &Scaron;\u012bs lampas atnes\u012bs j\u016bsu m\u0101j\u0101s vai ofis\u0101 mier\u012bgu un siltu atmosf\u0113ru.<\/p>\n<p>Pateicoties savai darb\u012bbai, s\u0101ls lampa pozit\u012bvi ietekm\u0113 cilv\u0113ku pa&scaron;saj\u016btu, mazina stresu, palielina organisma preto&scaron;an\u0101s sp\u0113jas pret da\u017e\u0101d\u0101m slim\u012bb\u0101m. Par lielisku pier\u0101d\u012bjumu s\u0101ls lampu labv\u0113l\u012bgai ietekmei uz cilv\u0113ka organismu kalpo popul\u0101r\u0101s s\u0101ls alas un dziedn\u012bcas, kuras ir izveidotas biju&scaron;aj\u0101s s\u0101ls raktuv\u0113s.<\/p>\n<p>S\u0101ls lampas pozit\u012bv\u0101s \u012bpa&scaron;\u012bbas: S\u0101ls lampa joniz\u0113 gaisu, pies\u0101tinot to ar negat\u012bvajiem joniem, l\u012bdz ar to kompens\u0113 papildus nelietder\u012bgo joniz\u0101ciju (pozit\u012bvie joni). S\u0101ls lampa mazina elektromagn\u0113tisk\u0101 lauka negat\u012bvo ietekmi, ja tiek novietota blakus elektroier\u012bc\u0113m. S\u0101ls lampa regul\u0113 mitrumu, jo t\u0101s \u0137\u012bmiskais sast\u0101vs iesl\u0113gt\u0101 st\u0101vokl\u012b \u013cauj efekt\u012bvi uz\u0146emt mitrumu, savuk\u0101rt izsl\u0113gt\u0101 st\u0101vokli &ndash; atdot to.<\/p>\n<p>S\u0101ls lampa likvid\u0113 nepat\u012bkamo smar\u017eu, jo sp\u0113j negat\u012bvi ietekm\u0113t mikroorganismus un pies\u0101tin\u0101t gaisu ar svaigumu. S\u0101ls lampa pal\u012bdz pie sekojo&scaron;\u0101m saslim&scaron;an\u0101m: astmas, tonzil\u012bts, haimor\u012bts, aler\u0123ija, bezmiegs, sirds-asinsvadu slim\u012bbas u.c. Katra s\u0101ls lampa ir neatk\u0101rtojama, jo t\u0101s forma ir unik\u0101la.<\/p>\n<p>S\u0101ls lampa var nedaudz at&scaron;\u0137irties p\u0113c formas vai kr\u0101sas no att\u0113l\u0101 redzam\u0101s<\/p>\n<p>AC 230-V 50 Hz. Lampi\u0146a E14, \u043c\u0430\u0445 15 W<\/p>\n<p>Izm\u0113rs: H 35-40cm. Svars: 18-24kg<\/p>\n<p>Svar\u012bgi:<br \/>S\u0101ls lampu vajag izmantot sam\u0113r\u0101 saus\u0101s telp\u0101s.<br \/>Dz\u012bvojam\u0101s telpas ar norm\u0101lu gaisa temperat\u016bru, aptuveni +18 gr\u0101di, ir<br \/>ide\u0101li piem\u0113rotas priek&scaron; J\u016bsu s\u0101ls lampas izmanto&scaron;anas un uzglab\u0101&scaron;anas.<br \/>Ir j\u0101\u0146em v\u0113r\u0101, ka s\u0101lim piem\u012bt \u012bpa&scaron;\u012bba &#8211; uzs\u016bkt mitrumu no apkart\u0113j\u0101 gaisa.<br \/>Pazemin\u0101ta temperat\u016bra, k\u0101 likums, rada paaugstin\u0101tu gaisa mitrumu telp\u0101s.<br \/>Kad s\u0101ls krist\u0101ls ir maksim\u0101li pies\u0101tin\u0101ts ar mitrumu, lampa \u0137\u013c\u016bst mitra un<br \/>var pat burtiski tec\u0113t, izdalot lieko mitrumu.<br \/>Tas var novest pie lampas boj\u0101&scaron;an\u0101s, vizu\u0101liem defektiem.<br \/>Iesl\u0113gta lampi\u0146a past\u0101v\u012bgi silda s\u0101ls krist\u0101lu un \u017e\u0101v\u0113 to, kas b\u016btiski<br \/>uzlabo lampas iedarb\u012bbu uz vesel\u012bbas st\u0101vokli.<\/p>\n<p>Ra\u017eot\u0101js: Pakistan<\/p>\n<p><\/body><br \/>\n<\/html><\/p>\n","protected":false},"excerpt":{"rendered":"<p>Untitled document S\u0101ls lampas atjauno jonu l\u012bdzsvaru, kam ir pozit\u012bva iedarb\u012bba uz m\u016bsu pa&scaron;saj\u016btu. S\u0101ls lampas izgatavotas no \u012bpa&scaron;as s\u0101ls,<\/p>\n","protected":false},"featured_media":8862,"template":"","meta":[],"product_brand":[],"product_cat":[2187,2194],"product_tag":[],"class_list":{"0":"post-34061","1":"product","2":"type-product","3":"status-publish","4":"has-post-thumbnail","6":"product_cat-majas-saimniecibai-lv","7":"product_cat-sals-lapmas-lv","9":"first","10":"instock","11":"taxable","12":"shipping-taxable","13":"purchasable","14":"product-type-simple"},"yoast_head":"<!-- This site is optimized with the Yoast SEO Premium plugin v27.0 (Yoast SEO v27.0) - https:\/\/yoast.com\/product\/yoast-seo-premium-wordpress\/ -->\n<title>S\u0101ls lampa Liela labai labsaj\u016btai 18-24kg - cosmetic.lv<\/title>\n<meta name=\"robots\" content=\"index, follow, max-snippet:-1, max-image-preview:large, max-video-preview:-1\" \/>\n<link rel=\"canonical\" href=\"https:\/\/cosmetic.lv\/lv\/product\/sals-lampa-liela-labai-labsajutai-18-24kg\/\" \/>\n<meta property=\"og:locale\" content=\"lv_LV\" \/>\n<meta property=\"og:type\" content=\"article\" \/>\n<meta property=\"og:title\" content=\"S\u0101ls lampa Liela labai labsaj\u016btai 18-24kg\" \/>\n<meta property=\"og:description\" content=\"Untitled document S\u0101ls lampas atjauno jonu l\u012bdzsvaru, kam ir pozit\u012bva iedarb\u012bba uz m\u016bsu pa&scaron;saj\u016btu. S\u0101ls lampas izgatavotas no \u012bpa&scaron;as s\u0101ls,\" \/>\n<meta property=\"og:url\" content=\"https:\/\/cosmetic.lv\/lv\/product\/sals-lampa-liela-labai-labsajutai-18-24kg\/\" \/>\n<meta property=\"og:site_name\" content=\"cosmetic.lv\" \/>\n<meta property=\"article:publisher\" content=\"https:\/\/www.facebook.com\/cosmetic.lv\/\" \/>\n<meta property=\"article:modified_time\" content=\"2021-02-06T17:48:02+00:00\" \/>\n<meta name=\"twitter:card\" content=\"summary_large_image\" \/>\n<script type=\"application\/ld+json\" class=\"yoast-schema-graph\">{\"@context\":\"https:\/\/schema.org\",\"@graph\":[{\"@type\":\"WebPage\",\"@id\":\"https:\/\/cosmetic.lv\/lv\/product\/sals-lampa-liela-labai-labsajutai-18-24kg\/\",\"url\":\"https:\/\/cosmetic.lv\/lv\/product\/sals-lampa-liela-labai-labsajutai-18-24kg\/\",\"name\":\"S\u0101ls lampa Liela labai labsaj\u016btai 18-24kg - cosmetic.lv\",\"isPartOf\":{\"@id\":\"https:\/\/cosmetic.lv\/lv\/#website\"},\"primaryImageOfPage\":{\"@id\":\"https:\/\/cosmetic.lv\/lv\/product\/sals-lampa-liela-labai-labsajutai-18-24kg\/#primaryimage\"},\"image\":{\"@id\":\"https:\/\/cosmetic.lv\/lv\/product\/sals-lampa-liela-labai-labsajutai-18-24kg\/#primaryimage\"},\"thumbnailUrl\":\"https:\/\/cosmetic.lv\/wp-content\/uploads\/2021\/02\/mxsl0026-26sal.jps_.bmp\",\"datePublished\":\"2021-02-06T17:47:57+00:00\",\"dateModified\":\"2021-02-06T17:48:02+00:00\",\"breadcrumb\":{\"@id\":\"https:\/\/cosmetic.lv\/lv\/product\/sals-lampa-liela-labai-labsajutai-18-24kg\/#breadcrumb\"},\"inLanguage\":\"lv-LV\",\"potentialAction\":[{\"@type\":\"ReadAction\",\"target\":[\"https:\/\/cosmetic.lv\/lv\/product\/sals-lampa-liela-labai-labsajutai-18-24kg\/\"]}]},{\"@type\":\"ImageObject\",\"inLanguage\":\"lv-LV\",\"@id\":\"https:\/\/cosmetic.lv\/lv\/product\/sals-lampa-liela-labai-labsajutai-18-24kg\/#primaryimage\",\"url\":\"https:\/\/cosmetic.lv\/wp-content\/uploads\/2021\/02\/mxsl0026-26sal.jps_.bmp\",\"contentUrl\":\"https:\/\/cosmetic.lv\/wp-content\/uploads\/2021\/02\/mxsl0026-26sal.jps_.bmp\",\"width\":500,\"height\":500,\"caption\":\"MXSL0026-26sal.jps.bmp\"},{\"@type\":\"BreadcrumbList\",\"@id\":\"https:\/\/cosmetic.lv\/lv\/product\/sals-lampa-liela-labai-labsajutai-18-24kg\/#breadcrumb\",\"itemListElement\":[{\"@type\":\"ListItem\",\"position\":1,\"name\":\"Home\",\"item\":\"https:\/\/cosmetic.lv\/lv\/\"},{\"@type\":\"ListItem\",\"position\":2,\"name\":\"Veikals\",\"item\":\"https:\/\/cosmetic.lv\/lv\/veiklas\/\"},{\"@type\":\"ListItem\",\"position\":3,\"name\":\"S\u0101ls lampa Liela labai labsaj\u016btai 18-24kg\"}]},{\"@type\":\"WebSite\",\"@id\":\"https:\/\/cosmetic.lv\/lv\/#website\",\"url\":\"https:\/\/cosmetic.lv\/lv\/\",\"name\":\"cosmetic.lv\",\"description\":\"Profesion\u0101la kosm\u0113tika - Maria Galland, Keune, Arkadija, GMT, Guam, Magiray\",\"publisher\":{\"@id\":\"https:\/\/cosmetic.lv\/lv\/#organization\"},\"potentialAction\":[{\"@type\":\"SearchAction\",\"target\":{\"@type\":\"EntryPoint\",\"urlTemplate\":\"https:\/\/cosmetic.lv\/lv\/?s={search_term_string}\"},\"query-input\":{\"@type\":\"PropertyValueSpecification\",\"valueRequired\":true,\"valueName\":\"search_term_string\"}}],\"inLanguage\":\"lv-LV\"},{\"@type\":\"Organization\",\"@id\":\"https:\/\/cosmetic.lv\/lv\/#organization\",\"name\":\"COSMETIC.LV\",\"url\":\"https:\/\/cosmetic.lv\/lv\/\",\"logo\":{\"@type\":\"ImageObject\",\"inLanguage\":\"lv-LV\",\"@id\":\"https:\/\/cosmetic.lv\/lv\/#\/schema\/logo\/image\/\",\"url\":\"https:\/\/cosmetic.lv\/wp-content\/uploads\/2021\/02\/cosmetic.lv_logo.jpg\",\"contentUrl\":\"https:\/\/cosmetic.lv\/wp-content\/uploads\/2021\/02\/cosmetic.lv_logo.jpg\",\"width\":596,\"height\":196,\"caption\":\"COSMETIC.LV\"},\"image\":{\"@id\":\"https:\/\/cosmetic.lv\/lv\/#\/schema\/logo\/image\/\"},\"sameAs\":[\"https:\/\/www.facebook.com\/cosmetic.lv\/\"]}]}<\/script>\n<meta property=\"product:price:amount\" content=\"38.31\" \/>\n<meta property=\"product:price:currency\" content=\"EUR\" \/>\n<meta property=\"og:availability\" content=\"instock\" \/>\n<meta property=\"product:availability\" content=\"instock\" \/>\n<meta property=\"product:retailer_item_id\" content=\"18-24\" \/>\n<meta property=\"product:condition\" content=\"new\" \/>\n<!-- \/ Yoast SEO Premium plugin. -->","yoast_head_json":{"title":"S\u0101ls lampa Liela labai labsaj\u016btai 18-24kg - cosmetic.lv","robots":{"index":"index","follow":"follow","max-snippet":"max-snippet:-1","max-image-preview":"max-image-preview:large","max-video-preview":"max-video-preview:-1"},"canonical":"https:\/\/cosmetic.lv\/lv\/product\/sals-lampa-liela-labai-labsajutai-18-24kg\/","og_locale":"lv_LV","og_type":"article","og_title":"S\u0101ls lampa Liela labai labsaj\u016btai 18-24kg","og_description":"Untitled document S\u0101ls lampas atjauno jonu l\u012bdzsvaru, kam ir pozit\u012bva iedarb\u012bba uz m\u016bsu pa&scaron;saj\u016btu. S\u0101ls lampas izgatavotas no \u012bpa&scaron;as s\u0101ls,","og_url":"https:\/\/cosmetic.lv\/lv\/product\/sals-lampa-liela-labai-labsajutai-18-24kg\/","og_site_name":"cosmetic.lv","article_publisher":"https:\/\/www.facebook.com\/cosmetic.lv\/","article_modified_time":"2021-02-06T17:48:02+00:00","twitter_card":"summary_large_image","schema":{"@context":"https:\/\/schema.org","@graph":[{"@type":"WebPage","@id":"https:\/\/cosmetic.lv\/lv\/product\/sals-lampa-liela-labai-labsajutai-18-24kg\/","url":"https:\/\/cosmetic.lv\/lv\/product\/sals-lampa-liela-labai-labsajutai-18-24kg\/","name":"S\u0101ls lampa Liela labai labsaj\u016btai 18-24kg - cosmetic.lv","isPartOf":{"@id":"https:\/\/cosmetic.lv\/lv\/#website"},"primaryImageOfPage":{"@id":"https:\/\/cosmetic.lv\/lv\/product\/sals-lampa-liela-labai-labsajutai-18-24kg\/#primaryimage"},"image":{"@id":"https:\/\/cosmetic.lv\/lv\/product\/sals-lampa-liela-labai-labsajutai-18-24kg\/#primaryimage"},"thumbnailUrl":"https:\/\/cosmetic.lv\/wp-content\/uploads\/2021\/02\/mxsl0026-26sal.jps_.bmp","datePublished":"2021-02-06T17:47:57+00:00","dateModified":"2021-02-06T17:48:02+00:00","breadcrumb":{"@id":"https:\/\/cosmetic.lv\/lv\/product\/sals-lampa-liela-labai-labsajutai-18-24kg\/#breadcrumb"},"inLanguage":"lv-LV","potentialAction":[{"@type":"ReadAction","target":["https:\/\/cosmetic.lv\/lv\/product\/sals-lampa-liela-labai-labsajutai-18-24kg\/"]}]},{"@type":"ImageObject","inLanguage":"lv-LV","@id":"https:\/\/cosmetic.lv\/lv\/product\/sals-lampa-liela-labai-labsajutai-18-24kg\/#primaryimage","url":"https:\/\/cosmetic.lv\/wp-content\/uploads\/2021\/02\/mxsl0026-26sal.jps_.bmp","contentUrl":"https:\/\/cosmetic.lv\/wp-content\/uploads\/2021\/02\/mxsl0026-26sal.jps_.bmp","width":500,"height":500,"caption":"MXSL0026-26sal.jps.bmp"},{"@type":"BreadcrumbList","@id":"https:\/\/cosmetic.lv\/lv\/product\/sals-lampa-liela-labai-labsajutai-18-24kg\/#breadcrumb","itemListElement":[{"@type":"ListItem","position":1,"name":"Home","item":"https:\/\/cosmetic.lv\/lv\/"},{"@type":"ListItem","position":2,"name":"Veikals","item":"https:\/\/cosmetic.lv\/lv\/veiklas\/"},{"@type":"ListItem","position":3,"name":"S\u0101ls lampa Liela labai labsaj\u016btai 18-24kg"}]},{"@type":"WebSite","@id":"https:\/\/cosmetic.lv\/lv\/#website","url":"https:\/\/cosmetic.lv\/lv\/","name":"cosmetic.lv","description":"Profesion\u0101la kosm\u0113tika - Maria Galland, Keune, Arkadija, GMT, Guam, Magiray","publisher":{"@id":"https:\/\/cosmetic.lv\/lv\/#organization"},"potentialAction":[{"@type":"SearchAction","target":{"@type":"EntryPoint","urlTemplate":"https:\/\/cosmetic.lv\/lv\/?s={search_term_string}"},"query-input":{"@type":"PropertyValueSpecification","valueRequired":true,"valueName":"search_term_string"}}],"inLanguage":"lv-LV"},{"@type":"Organization","@id":"https:\/\/cosmetic.lv\/lv\/#organization","name":"COSMETIC.LV","url":"https:\/\/cosmetic.lv\/lv\/","logo":{"@type":"ImageObject","inLanguage":"lv-LV","@id":"https:\/\/cosmetic.lv\/lv\/#\/schema\/logo\/image\/","url":"https:\/\/cosmetic.lv\/wp-content\/uploads\/2021\/02\/cosmetic.lv_logo.jpg","contentUrl":"https:\/\/cosmetic.lv\/wp-content\/uploads\/2021\/02\/cosmetic.lv_logo.jpg","width":596,"height":196,"caption":"COSMETIC.LV"},"image":{"@id":"https:\/\/cosmetic.lv\/lv\/#\/schema\/logo\/image\/"},"sameAs":["https:\/\/www.facebook.com\/cosmetic.lv\/"]}]},"product_price_amount":"38.31","product_price_currency":"EUR","og_availability":"instock","product_availability":"instock","product_retailer_item_id":"18-24","product_condition":"new"},"_links":{"self":[{"href":"https:\/\/cosmetic.lv\/lv\/wp-json\/wp\/v2\/product\/34061","targetHints":{"allow":["GET"]}}],"collection":[{"href":"https:\/\/cosmetic.lv\/lv\/wp-json\/wp\/v2\/product"}],"about":[{"href":"https:\/\/cosmetic.lv\/lv\/wp-json\/wp\/v2\/types\/product"}],"wp:featuredmedia":[{"embeddable":true,"href":"https:\/\/cosmetic.lv\/lv\/wp-json\/wp\/v2\/media\/8862"}],"wp:attachment":[{"href":"https:\/\/cosmetic.lv\/lv\/wp-json\/wp\/v2\/media?parent=34061"}],"wp:term":[{"taxonomy":"product_brand","embeddable":true,"href":"https:\/\/cosmetic.lv\/lv\/wp-json\/wp\/v2\/product_brand?post=34061"},{"taxonomy":"product_cat","embeddable":true,"href":"https:\/\/cosmetic.lv\/lv\/wp-json\/wp\/v2\/product_cat?post=34061"},{"taxonomy":"product_tag","embeddable":true,"href":"https:\/\/cosmetic.lv\/lv\/wp-json\/wp\/v2\/product_tag?post=34061"}],"curies":[{"name":"wp","href":"https:\/\/api.w.org\/{rel}","templated":true}]}}