{"id":34063,"date":"2021-02-06T19:47:57","date_gmt":"2021-02-06T17:47:57","guid":{"rendered":"https:\/\/damme.lv\/product\/svecturis-no-sals-kristala-07-1-kg\/"},"modified":"2021-02-06T19:48:03","modified_gmt":"2021-02-06T17:48:03","slug":"svecturis-no-sals-kristala-07-1-kg","status":"publish","type":"product","link":"https:\/\/cosmetic.lv\/lv\/product\/svecturis-no-sals-kristala-07-1-kg\/","title":{"rendered":"Sve\u010dturis no s\u0101ls krist\u0101la 0,7-1 kg"},"content":{"rendered":"<p><!DOCTYPE html PUBLIC &quot;-\/\/W3C\/\/DTD XHTML 1.0 Transitional\/\/EN&quot; &quot;http:\/\/www.w3.org\/TR\/xhtml1\/DTD\/xhtml1-transitional.dtd&quot;><br \/>\n<html><br \/>\n<head><br \/>\n<title>Untitled document<\/title><br \/>\n<\/head><br \/>\n<body><\/p>\n<p>Sve\u010dturis var nedaudz at&scaron;\u0137irties p\u0113c formas vai kr\u0101sas no att\u0113l\u0101 redzam\u0101. Izm\u0113rs: H8-10cm, svars 0.7-1.0kg. Cauruma diametrs priek&scaron; sveces 46mm.    Svar\u012bgi:  Sve\u010dturi vajag izmantot sam\u0113r\u0101 saus\u0101s telp\u0101s. Dz\u012bvojam\u0101s telpas ar norm\u0101lu gaisa temperat\u016bru, aptuveni +18 gr\u0101di, ir ide\u0101li piem\u0113rotas priek&scaron; J\u016bsu sve\u010dtura izmanto&scaron;anas un uzglab\u0101&scaron;anas. Ir j\u0101\u0146em v\u0113r\u0101, ka s\u0101lim piem\u012bt \u012bpa&scaron;\u012bba &#8211; uzs\u016bkt mitrumu no apkart\u0113j\u0101 gaisa. Pazemin\u0101ta temperat\u016bra, k\u0101 likums, rada paaugstin\u0101tu gaisa mitrumu telp\u0101s. Kad s\u0101ls krist\u0101ls ir maksim\u0101li pies\u0101tin\u0101ts ar mitrumu, sve\u010dturis \u0137\u013c\u016bst mitrs un var pat burtiski tec\u0113t, izdalot lieko mitrumu. Tas var novest pie sve\u010dtura boj\u0101&scaron;an\u0101s, vizu\u0101liem defektiem. Iedegta svece past\u0101v\u012bgi silda s\u0101ls krist\u0101lu un \u017e\u0101v\u0113 to, kas b\u016btiski uzlabo sve\u010dtura iedarb\u012bbu uz vesel\u012bbas st\u0101vokli.<\/p>\n<p><\/body><br \/>\n<\/html><\/p>\n","protected":false},"excerpt":{"rendered":"<p>Untitled document Sve\u010dturis var nedaudz at&scaron;\u0137irties p\u0113c formas vai kr\u0101sas no att\u0113l\u0101 redzam\u0101. Izm\u0113rs: H8-10cm, svars 0.7-1.0kg. Cauruma diametrs priek&scaron;<\/p>\n","protected":false},"featured_media":15700,"template":"","meta":[],"product_brand":[],"product_cat":[2187,2194],"product_tag":[],"class_list":{"0":"post-34063","1":"product","2":"type-product","3":"status-publish","4":"has-post-thumbnail","6":"product_cat-majas-saimniecibai-lv","7":"product_cat-sals-lapmas-lv","9":"first","10":"instock","11":"taxable","12":"shipping-taxable","13":"purchasable","14":"product-type-simple"},"yoast_head":"<!-- This site is optimized with the Yoast SEO Premium plugin v27.0 (Yoast SEO v27.0) - https:\/\/yoast.com\/product\/yoast-seo-premium-wordpress\/ -->\n<title>Sve\u010dturis no s\u0101ls krist\u0101la 0,7-1 kg - cosmetic.lv<\/title>\n<meta name=\"robots\" content=\"index, follow, max-snippet:-1, max-image-preview:large, max-video-preview:-1\" \/>\n<link rel=\"canonical\" href=\"https:\/\/cosmetic.lv\/lv\/product\/svecturis-no-sals-kristala-07-1-kg\/\" \/>\n<meta property=\"og:locale\" content=\"lv_LV\" \/>\n<meta property=\"og:type\" content=\"article\" \/>\n<meta property=\"og:title\" content=\"Sve\u010dturis no s\u0101ls krist\u0101la 0,7-1 kg\" \/>\n<meta property=\"og:description\" content=\"Untitled document Sve\u010dturis var nedaudz at&scaron;\u0137irties p\u0113c formas vai kr\u0101sas no att\u0113l\u0101 redzam\u0101. Izm\u0113rs: H8-10cm, svars 0.7-1.0kg. Cauruma diametrs priek&scaron;\" \/>\n<meta property=\"og:url\" content=\"https:\/\/cosmetic.lv\/lv\/product\/svecturis-no-sals-kristala-07-1-kg\/\" \/>\n<meta property=\"og:site_name\" content=\"cosmetic.lv\" \/>\n<meta property=\"article:publisher\" content=\"https:\/\/www.facebook.com\/cosmetic.lv\/\" \/>\n<meta property=\"article:modified_time\" content=\"2021-02-06T17:48:03+00:00\" \/>\n<meta property=\"og:image\" content=\"https:\/\/cosmetic.lv\/wp-content\/uploads\/2021\/02\/mxsl001_1_-270x270-4.jpg\" \/>\n\t<meta property=\"og:image:width\" content=\"270\" \/>\n\t<meta property=\"og:image:height\" content=\"270\" \/>\n\t<meta property=\"og:image:type\" content=\"image\/jpeg\" \/>\n<meta name=\"twitter:card\" content=\"summary_large_image\" \/>\n<script type=\"application\/ld+json\" class=\"yoast-schema-graph\">{\"@context\":\"https:\/\/schema.org\",\"@graph\":[{\"@type\":\"WebPage\",\"@id\":\"https:\/\/cosmetic.lv\/lv\/product\/svecturis-no-sals-kristala-07-1-kg\/\",\"url\":\"https:\/\/cosmetic.lv\/lv\/product\/svecturis-no-sals-kristala-07-1-kg\/\",\"name\":\"Sve\u010dturis no s\u0101ls krist\u0101la 0,7-1 kg - cosmetic.lv\",\"isPartOf\":{\"@id\":\"https:\/\/cosmetic.lv\/lv\/#website\"},\"primaryImageOfPage\":{\"@id\":\"https:\/\/cosmetic.lv\/lv\/product\/svecturis-no-sals-kristala-07-1-kg\/#primaryimage\"},\"image\":{\"@id\":\"https:\/\/cosmetic.lv\/lv\/product\/svecturis-no-sals-kristala-07-1-kg\/#primaryimage\"},\"thumbnailUrl\":\"https:\/\/cosmetic.lv\/wp-content\/uploads\/2021\/02\/mxsl001_1_-270x270-4.jpg\",\"datePublished\":\"2021-02-06T17:47:57+00:00\",\"dateModified\":\"2021-02-06T17:48:03+00:00\",\"breadcrumb\":{\"@id\":\"https:\/\/cosmetic.lv\/lv\/product\/svecturis-no-sals-kristala-07-1-kg\/#breadcrumb\"},\"inLanguage\":\"lv-LV\",\"potentialAction\":[{\"@type\":\"ReadAction\",\"target\":[\"https:\/\/cosmetic.lv\/lv\/product\/svecturis-no-sals-kristala-07-1-kg\/\"]}]},{\"@type\":\"ImageObject\",\"inLanguage\":\"lv-LV\",\"@id\":\"https:\/\/cosmetic.lv\/lv\/product\/svecturis-no-sals-kristala-07-1-kg\/#primaryimage\",\"url\":\"https:\/\/cosmetic.lv\/wp-content\/uploads\/2021\/02\/mxsl001_1_-270x270-4.jpg\",\"contentUrl\":\"https:\/\/cosmetic.lv\/wp-content\/uploads\/2021\/02\/mxsl001_1_-270x270-4.jpg\",\"width\":270,\"height\":270,\"caption\":\"mxsl001_1_-270x270.jpg\"},{\"@type\":\"BreadcrumbList\",\"@id\":\"https:\/\/cosmetic.lv\/lv\/product\/svecturis-no-sals-kristala-07-1-kg\/#breadcrumb\",\"itemListElement\":[{\"@type\":\"ListItem\",\"position\":1,\"name\":\"Home\",\"item\":\"https:\/\/cosmetic.lv\/lv\/\"},{\"@type\":\"ListItem\",\"position\":2,\"name\":\"Veikals\",\"item\":\"https:\/\/cosmetic.lv\/lv\/veiklas\/\"},{\"@type\":\"ListItem\",\"position\":3,\"name\":\"Sve\u010dturis no s\u0101ls krist\u0101la 0,7-1 kg\"}]},{\"@type\":\"WebSite\",\"@id\":\"https:\/\/cosmetic.lv\/lv\/#website\",\"url\":\"https:\/\/cosmetic.lv\/lv\/\",\"name\":\"cosmetic.lv\",\"description\":\"Profesion\u0101la kosm\u0113tika - Maria Galland, Keune, Arkadija, GMT, Guam, Magiray\",\"publisher\":{\"@id\":\"https:\/\/cosmetic.lv\/lv\/#organization\"},\"potentialAction\":[{\"@type\":\"SearchAction\",\"target\":{\"@type\":\"EntryPoint\",\"urlTemplate\":\"https:\/\/cosmetic.lv\/lv\/?s={search_term_string}\"},\"query-input\":{\"@type\":\"PropertyValueSpecification\",\"valueRequired\":true,\"valueName\":\"search_term_string\"}}],\"inLanguage\":\"lv-LV\"},{\"@type\":\"Organization\",\"@id\":\"https:\/\/cosmetic.lv\/lv\/#organization\",\"name\":\"COSMETIC.LV\",\"url\":\"https:\/\/cosmetic.lv\/lv\/\",\"logo\":{\"@type\":\"ImageObject\",\"inLanguage\":\"lv-LV\",\"@id\":\"https:\/\/cosmetic.lv\/lv\/#\/schema\/logo\/image\/\",\"url\":\"https:\/\/cosmetic.lv\/wp-content\/uploads\/2021\/02\/cosmetic.lv_logo.jpg\",\"contentUrl\":\"https:\/\/cosmetic.lv\/wp-content\/uploads\/2021\/02\/cosmetic.lv_logo.jpg\",\"width\":596,\"height\":196,\"caption\":\"COSMETIC.LV\"},\"image\":{\"@id\":\"https:\/\/cosmetic.lv\/lv\/#\/schema\/logo\/image\/\"},\"sameAs\":[\"https:\/\/www.facebook.com\/cosmetic.lv\/\"]}]}<\/script>\n<meta property=\"product:price:amount\" content=\"6.55\" \/>\n<meta property=\"product:price:currency\" content=\"EUR\" \/>\n<meta property=\"og:availability\" content=\"instock\" \/>\n<meta property=\"product:availability\" content=\"instock\" \/>\n<meta property=\"product:retailer_item_id\" content=\"sv1\" \/>\n<meta property=\"product:condition\" content=\"new\" \/>\n<!-- \/ Yoast SEO Premium plugin. -->","yoast_head_json":{"title":"Sve\u010dturis no s\u0101ls krist\u0101la 0,7-1 kg - cosmetic.lv","robots":{"index":"index","follow":"follow","max-snippet":"max-snippet:-1","max-image-preview":"max-image-preview:large","max-video-preview":"max-video-preview:-1"},"canonical":"https:\/\/cosmetic.lv\/lv\/product\/svecturis-no-sals-kristala-07-1-kg\/","og_locale":"lv_LV","og_type":"article","og_title":"Sve\u010dturis no s\u0101ls krist\u0101la 0,7-1 kg","og_description":"Untitled document Sve\u010dturis var nedaudz at&scaron;\u0137irties p\u0113c formas vai kr\u0101sas no att\u0113l\u0101 redzam\u0101. Izm\u0113rs: H8-10cm, svars 0.7-1.0kg. Cauruma diametrs priek&scaron;","og_url":"https:\/\/cosmetic.lv\/lv\/product\/svecturis-no-sals-kristala-07-1-kg\/","og_site_name":"cosmetic.lv","article_publisher":"https:\/\/www.facebook.com\/cosmetic.lv\/","article_modified_time":"2021-02-06T17:48:03+00:00","og_image":[{"width":270,"height":270,"url":"https:\/\/cosmetic.lv\/wp-content\/uploads\/2021\/02\/mxsl001_1_-270x270-4.jpg","type":"image\/jpeg"}],"twitter_card":"summary_large_image","schema":{"@context":"https:\/\/schema.org","@graph":[{"@type":"WebPage","@id":"https:\/\/cosmetic.lv\/lv\/product\/svecturis-no-sals-kristala-07-1-kg\/","url":"https:\/\/cosmetic.lv\/lv\/product\/svecturis-no-sals-kristala-07-1-kg\/","name":"Sve\u010dturis no s\u0101ls krist\u0101la 0,7-1 kg - cosmetic.lv","isPartOf":{"@id":"https:\/\/cosmetic.lv\/lv\/#website"},"primaryImageOfPage":{"@id":"https:\/\/cosmetic.lv\/lv\/product\/svecturis-no-sals-kristala-07-1-kg\/#primaryimage"},"image":{"@id":"https:\/\/cosmetic.lv\/lv\/product\/svecturis-no-sals-kristala-07-1-kg\/#primaryimage"},"thumbnailUrl":"https:\/\/cosmetic.lv\/wp-content\/uploads\/2021\/02\/mxsl001_1_-270x270-4.jpg","datePublished":"2021-02-06T17:47:57+00:00","dateModified":"2021-02-06T17:48:03+00:00","breadcrumb":{"@id":"https:\/\/cosmetic.lv\/lv\/product\/svecturis-no-sals-kristala-07-1-kg\/#breadcrumb"},"inLanguage":"lv-LV","potentialAction":[{"@type":"ReadAction","target":["https:\/\/cosmetic.lv\/lv\/product\/svecturis-no-sals-kristala-07-1-kg\/"]}]},{"@type":"ImageObject","inLanguage":"lv-LV","@id":"https:\/\/cosmetic.lv\/lv\/product\/svecturis-no-sals-kristala-07-1-kg\/#primaryimage","url":"https:\/\/cosmetic.lv\/wp-content\/uploads\/2021\/02\/mxsl001_1_-270x270-4.jpg","contentUrl":"https:\/\/cosmetic.lv\/wp-content\/uploads\/2021\/02\/mxsl001_1_-270x270-4.jpg","width":270,"height":270,"caption":"mxsl001_1_-270x270.jpg"},{"@type":"BreadcrumbList","@id":"https:\/\/cosmetic.lv\/lv\/product\/svecturis-no-sals-kristala-07-1-kg\/#breadcrumb","itemListElement":[{"@type":"ListItem","position":1,"name":"Home","item":"https:\/\/cosmetic.lv\/lv\/"},{"@type":"ListItem","position":2,"name":"Veikals","item":"https:\/\/cosmetic.lv\/lv\/veiklas\/"},{"@type":"ListItem","position":3,"name":"Sve\u010dturis no s\u0101ls krist\u0101la 0,7-1 kg"}]},{"@type":"WebSite","@id":"https:\/\/cosmetic.lv\/lv\/#website","url":"https:\/\/cosmetic.lv\/lv\/","name":"cosmetic.lv","description":"Profesion\u0101la kosm\u0113tika - Maria Galland, Keune, Arkadija, GMT, Guam, Magiray","publisher":{"@id":"https:\/\/cosmetic.lv\/lv\/#organization"},"potentialAction":[{"@type":"SearchAction","target":{"@type":"EntryPoint","urlTemplate":"https:\/\/cosmetic.lv\/lv\/?s={search_term_string}"},"query-input":{"@type":"PropertyValueSpecification","valueRequired":true,"valueName":"search_term_string"}}],"inLanguage":"lv-LV"},{"@type":"Organization","@id":"https:\/\/cosmetic.lv\/lv\/#organization","name":"COSMETIC.LV","url":"https:\/\/cosmetic.lv\/lv\/","logo":{"@type":"ImageObject","inLanguage":"lv-LV","@id":"https:\/\/cosmetic.lv\/lv\/#\/schema\/logo\/image\/","url":"https:\/\/cosmetic.lv\/wp-content\/uploads\/2021\/02\/cosmetic.lv_logo.jpg","contentUrl":"https:\/\/cosmetic.lv\/wp-content\/uploads\/2021\/02\/cosmetic.lv_logo.jpg","width":596,"height":196,"caption":"COSMETIC.LV"},"image":{"@id":"https:\/\/cosmetic.lv\/lv\/#\/schema\/logo\/image\/"},"sameAs":["https:\/\/www.facebook.com\/cosmetic.lv\/"]}]},"product_price_amount":"6.55","product_price_currency":"EUR","og_availability":"instock","product_availability":"instock","product_retailer_item_id":"sv1","product_condition":"new"},"_links":{"self":[{"href":"https:\/\/cosmetic.lv\/lv\/wp-json\/wp\/v2\/product\/34063","targetHints":{"allow":["GET"]}}],"collection":[{"href":"https:\/\/cosmetic.lv\/lv\/wp-json\/wp\/v2\/product"}],"about":[{"href":"https:\/\/cosmetic.lv\/lv\/wp-json\/wp\/v2\/types\/product"}],"wp:featuredmedia":[{"embeddable":true,"href":"https:\/\/cosmetic.lv\/lv\/wp-json\/wp\/v2\/media\/15700"}],"wp:attachment":[{"href":"https:\/\/cosmetic.lv\/lv\/wp-json\/wp\/v2\/media?parent=34063"}],"wp:term":[{"taxonomy":"product_brand","embeddable":true,"href":"https:\/\/cosmetic.lv\/lv\/wp-json\/wp\/v2\/product_brand?post=34063"},{"taxonomy":"product_cat","embeddable":true,"href":"https:\/\/cosmetic.lv\/lv\/wp-json\/wp\/v2\/product_cat?post=34063"},{"taxonomy":"product_tag","embeddable":true,"href":"https:\/\/cosmetic.lv\/lv\/wp-json\/wp\/v2\/product_tag?post=34063"}],"curies":[{"name":"wp","href":"https:\/\/api.w.org\/{rel}","templated":true}]}}