{"id":34105,"date":"2021-02-05T22:38:49","date_gmt":"2021-02-06T17:48:34","guid":{"rendered":"https:\/\/damme.lv\/product\/triphala-organic\/"},"modified":"2021-02-06T19:48:35","modified_gmt":"2021-02-06T17:48:35","slug":"triphala-organic","status":"publish","type":"product","link":"https:\/\/cosmetic.lv\/lv\/product\/triphala-organic\/","title":{"rendered":"TRIPHALA ORGANIC"},"content":{"rendered":"<p><!DOCTYPE html PUBLIC &quot;-\/\/W3C\/\/DTD XHTML 1.0 Transitional\/\/EN&quot; &quot;http:\/\/www.w3.org\/TR\/xhtml1\/DTD\/xhtml1-transitional.dtd&quot;><br \/>\n<html><br \/>\n<head><br \/>\n<title>Untitled document<\/title><br \/>\n<\/head><br \/>\n<body><\/p>\n<p>TRIFALA ORGANIC Uztura bag\u0101tin\u0101t\u0101js. Sertific\u0113ti organiskie augi. Bez konservantiem, m\u0101ksl\u012bg\u0101m kr\u0101sviel\u0101m, \u0137\u012bmisk\u0101m viel\u0101m un pestic\u012bdiem. T\u012brs dab\u012bgs produkts bez \u0137\u012bmiska un biolo\u0123iska pies\u0101r\u0146ojuma. Nesatur dz\u012bvnieku izcelsmes produktus.  Sast\u0101vs. 1 kapsula satur: &bull; \u0100rstniec\u012bbas emblika (Phyllanthus emblica)* Amalaki (aug\u013ci) &#8211; 160mg &bull; Termin\u0101lija balerika (Terminalia belerica)* Vibhitaki (aug\u013ci) &#8211; 160mg   &bull; Termin\u0101lija \u010debula (Terminalia chebula)* Haritaki (aug\u013ci) &#8211; 160mg *CU &ndash; sertific\u0113ti organiskie augi  Lieto&scaron;ana: 3-4 kapsulas ar silta piena vai \u016bdens gl\u0101zi pirms gul\u0113&scaron;anas, vai no r\u012bta uzdzeriet siltu \u016bdeni. Rekomend\u0113 nelietot produktu gr\u016btniec\u012bbas un z\u012bd\u012b&scaron;anas laik\u0101. Nav paredz\u0113ts b\u0113rniem un z\u012bdainiem. Ieteicams nep\u0101rsniegt rekomend\u0113jamo diennakts devu. &Scaron;is produkts nav dom\u0101ts k\u0101 pilnv\u0113rt\u012bga un sabalans\u0113ta uztura aizvietot\u0101js.  Iepakojums: 60 kapsulas Ra\u017eot\u0101js: ORGANIC INDIA Ltd, Indija ORGANICINDIA  USDA Organic Certification   *Iev\u0113r\u012bbai! Jebkura nor\u0101de uz \u012bpa&scaron;\u012bb\u0101m, kas piem\u012bt &scaron;aj\u0101 produkt\u0101 eso&scaron;aj\u0101m akt\u012bvaj\u0101m viel\u0101m, ir balst\u012bta uz autoritat\u012bvu avotu ieg\u016bto inform\u0101ciju, ta\u010du t\u0101s nesekm\u0113 galaprodukta iedarb\u012bbu un t\u0101 nav produkta rekl\u0101ma. Inform\u0101cijas avots: The Yoga of Herbs: (An Ayurvedic Guide to Herbal Medicine) by Dr Vasant Lad, Dr David Frawley, 1993.<\/p>\n<p><\/body><br \/>\n<\/html><\/p>\n","protected":false},"excerpt":{"rendered":"<p>Untitled document TRIFALA ORGANIC Uztura bag\u0101tin\u0101t\u0101js. Sertific\u0113ti organiskie augi. Bez konservantiem, m\u0101ksl\u012bg\u0101m kr\u0101sviel\u0101m, \u0137\u012bmisk\u0101m viel\u0101m un pestic\u012bdiem. T\u012brs dab\u012bgs produkts<\/p>\n","protected":false},"featured_media":15760,"template":"","meta":[],"product_brand":[],"product_cat":[2378,2380,2239,2246],"product_tag":[],"class_list":{"0":"post-34105","1":"product","2":"type-product","3":"status-publish","4":"has-post-thumbnail","6":"product_cat-caurejas-lidzekli-lv","7":"product_cat-vez-insulta-profilakse-lv","8":"product_cat-uztura-bagatinataji-lv","9":"product_cat-figuras-korekcijai-lv","11":"first","12":"outofstock","13":"taxable","14":"shipping-taxable","15":"purchasable","16":"product-type-simple"},"yoast_head":"<!-- This site is optimized with the Yoast SEO Premium plugin v27.0 (Yoast SEO v27.0) - https:\/\/yoast.com\/product\/yoast-seo-premium-wordpress\/ -->\n<title>TRIPHALA ORGANIC - cosmetic.lv<\/title>\n<meta name=\"robots\" content=\"index, follow, max-snippet:-1, max-image-preview:large, max-video-preview:-1\" \/>\n<link rel=\"canonical\" href=\"https:\/\/cosmetic.lv\/lv\/product\/triphala-organic\/\" \/>\n<meta property=\"og:locale\" content=\"lv_LV\" \/>\n<meta property=\"og:type\" content=\"article\" \/>\n<meta property=\"og:title\" content=\"TRIPHALA ORGANIC\" \/>\n<meta property=\"og:description\" content=\"Untitled document TRIFALA ORGANIC Uztura bag\u0101tin\u0101t\u0101js. Sertific\u0113ti organiskie augi. Bez konservantiem, m\u0101ksl\u012bg\u0101m kr\u0101sviel\u0101m, \u0137\u012bmisk\u0101m viel\u0101m un pestic\u012bdiem. T\u012brs dab\u012bgs produkts\" \/>\n<meta property=\"og:url\" content=\"https:\/\/cosmetic.lv\/lv\/product\/triphala-organic\/\" \/>\n<meta property=\"og:site_name\" content=\"cosmetic.lv\" \/>\n<meta property=\"article:publisher\" content=\"https:\/\/www.facebook.com\/cosmetic.lv\/\" \/>\n<meta property=\"article:modified_time\" content=\"2021-02-06T17:48:35+00:00\" \/>\n<meta property=\"og:image\" content=\"https:\/\/cosmetic.lv\/wp-content\/uploads\/2021\/02\/trifolaorganic-4.jpg\" \/>\n\t<meta property=\"og:image:width\" content=\"333\" \/>\n\t<meta property=\"og:image:height\" content=\"333\" \/>\n\t<meta property=\"og:image:type\" content=\"image\/jpeg\" \/>\n<meta name=\"twitter:card\" content=\"summary_large_image\" \/>\n<script type=\"application\/ld+json\" class=\"yoast-schema-graph\">{\"@context\":\"https:\/\/schema.org\",\"@graph\":[{\"@type\":\"WebPage\",\"@id\":\"https:\/\/cosmetic.lv\/lv\/product\/triphala-organic\/\",\"url\":\"https:\/\/cosmetic.lv\/lv\/product\/triphala-organic\/\",\"name\":\"TRIPHALA ORGANIC - cosmetic.lv\",\"isPartOf\":{\"@id\":\"https:\/\/cosmetic.lv\/lv\/#website\"},\"primaryImageOfPage\":{\"@id\":\"https:\/\/cosmetic.lv\/lv\/product\/triphala-organic\/#primaryimage\"},\"image\":{\"@id\":\"https:\/\/cosmetic.lv\/lv\/product\/triphala-organic\/#primaryimage\"},\"thumbnailUrl\":\"https:\/\/cosmetic.lv\/wp-content\/uploads\/2021\/02\/trifolaorganic-4.jpg\",\"datePublished\":\"2021-02-06T17:48:34+00:00\",\"dateModified\":\"2021-02-06T17:48:35+00:00\",\"breadcrumb\":{\"@id\":\"https:\/\/cosmetic.lv\/lv\/product\/triphala-organic\/#breadcrumb\"},\"inLanguage\":\"lv-LV\",\"potentialAction\":[{\"@type\":\"ReadAction\",\"target\":[\"https:\/\/cosmetic.lv\/lv\/product\/triphala-organic\/\"]}]},{\"@type\":\"ImageObject\",\"inLanguage\":\"lv-LV\",\"@id\":\"https:\/\/cosmetic.lv\/lv\/product\/triphala-organic\/#primaryimage\",\"url\":\"https:\/\/cosmetic.lv\/wp-content\/uploads\/2021\/02\/trifolaorganic-4.jpg\",\"contentUrl\":\"https:\/\/cosmetic.lv\/wp-content\/uploads\/2021\/02\/trifolaorganic-4.jpg\",\"width\":333,\"height\":333,\"caption\":\"trifolaorganic.jpg\"},{\"@type\":\"BreadcrumbList\",\"@id\":\"https:\/\/cosmetic.lv\/lv\/product\/triphala-organic\/#breadcrumb\",\"itemListElement\":[{\"@type\":\"ListItem\",\"position\":1,\"name\":\"Home\",\"item\":\"https:\/\/cosmetic.lv\/lv\/\"},{\"@type\":\"ListItem\",\"position\":2,\"name\":\"Veikals\",\"item\":\"https:\/\/cosmetic.lv\/lv\/veiklas\/\"},{\"@type\":\"ListItem\",\"position\":3,\"name\":\"TRIPHALA ORGANIC\"}]},{\"@type\":\"WebSite\",\"@id\":\"https:\/\/cosmetic.lv\/lv\/#website\",\"url\":\"https:\/\/cosmetic.lv\/lv\/\",\"name\":\"cosmetic.lv\",\"description\":\"Profesion\u0101la kosm\u0113tika - Maria Galland, Keune, Arkadija, GMT, Guam, Magiray\",\"publisher\":{\"@id\":\"https:\/\/cosmetic.lv\/lv\/#organization\"},\"potentialAction\":[{\"@type\":\"SearchAction\",\"target\":{\"@type\":\"EntryPoint\",\"urlTemplate\":\"https:\/\/cosmetic.lv\/lv\/?s={search_term_string}\"},\"query-input\":{\"@type\":\"PropertyValueSpecification\",\"valueRequired\":true,\"valueName\":\"search_term_string\"}}],\"inLanguage\":\"lv-LV\"},{\"@type\":\"Organization\",\"@id\":\"https:\/\/cosmetic.lv\/lv\/#organization\",\"name\":\"COSMETIC.LV\",\"url\":\"https:\/\/cosmetic.lv\/lv\/\",\"logo\":{\"@type\":\"ImageObject\",\"inLanguage\":\"lv-LV\",\"@id\":\"https:\/\/cosmetic.lv\/lv\/#\/schema\/logo\/image\/\",\"url\":\"https:\/\/cosmetic.lv\/wp-content\/uploads\/2021\/02\/cosmetic.lv_logo.jpg\",\"contentUrl\":\"https:\/\/cosmetic.lv\/wp-content\/uploads\/2021\/02\/cosmetic.lv_logo.jpg\",\"width\":596,\"height\":196,\"caption\":\"COSMETIC.LV\"},\"image\":{\"@id\":\"https:\/\/cosmetic.lv\/lv\/#\/schema\/logo\/image\/\"},\"sameAs\":[\"https:\/\/www.facebook.com\/cosmetic.lv\/\"]}]}<\/script>\n<meta property=\"product:price:amount\" content=\"14.12\" \/>\n<meta property=\"product:price:currency\" content=\"EUR\" \/>\n<meta property=\"og:availability\" content=\"out of stock\" \/>\n<meta property=\"product:availability\" content=\"out of stock\" \/>\n<meta property=\"product:retailer_item_id\" content=\"tro\" \/>\n<meta property=\"product:condition\" content=\"new\" \/>\n<!-- \/ Yoast SEO Premium plugin. -->","yoast_head_json":{"title":"TRIPHALA ORGANIC - cosmetic.lv","robots":{"index":"index","follow":"follow","max-snippet":"max-snippet:-1","max-image-preview":"max-image-preview:large","max-video-preview":"max-video-preview:-1"},"canonical":"https:\/\/cosmetic.lv\/lv\/product\/triphala-organic\/","og_locale":"lv_LV","og_type":"article","og_title":"TRIPHALA ORGANIC","og_description":"Untitled document TRIFALA ORGANIC Uztura bag\u0101tin\u0101t\u0101js. Sertific\u0113ti organiskie augi. Bez konservantiem, m\u0101ksl\u012bg\u0101m kr\u0101sviel\u0101m, \u0137\u012bmisk\u0101m viel\u0101m un pestic\u012bdiem. T\u012brs dab\u012bgs produkts","og_url":"https:\/\/cosmetic.lv\/lv\/product\/triphala-organic\/","og_site_name":"cosmetic.lv","article_publisher":"https:\/\/www.facebook.com\/cosmetic.lv\/","article_modified_time":"2021-02-06T17:48:35+00:00","og_image":[{"width":333,"height":333,"url":"https:\/\/cosmetic.lv\/wp-content\/uploads\/2021\/02\/trifolaorganic-4.jpg","type":"image\/jpeg"}],"twitter_card":"summary_large_image","schema":{"@context":"https:\/\/schema.org","@graph":[{"@type":"WebPage","@id":"https:\/\/cosmetic.lv\/lv\/product\/triphala-organic\/","url":"https:\/\/cosmetic.lv\/lv\/product\/triphala-organic\/","name":"TRIPHALA ORGANIC - cosmetic.lv","isPartOf":{"@id":"https:\/\/cosmetic.lv\/lv\/#website"},"primaryImageOfPage":{"@id":"https:\/\/cosmetic.lv\/lv\/product\/triphala-organic\/#primaryimage"},"image":{"@id":"https:\/\/cosmetic.lv\/lv\/product\/triphala-organic\/#primaryimage"},"thumbnailUrl":"https:\/\/cosmetic.lv\/wp-content\/uploads\/2021\/02\/trifolaorganic-4.jpg","datePublished":"2021-02-06T17:48:34+00:00","dateModified":"2021-02-06T17:48:35+00:00","breadcrumb":{"@id":"https:\/\/cosmetic.lv\/lv\/product\/triphala-organic\/#breadcrumb"},"inLanguage":"lv-LV","potentialAction":[{"@type":"ReadAction","target":["https:\/\/cosmetic.lv\/lv\/product\/triphala-organic\/"]}]},{"@type":"ImageObject","inLanguage":"lv-LV","@id":"https:\/\/cosmetic.lv\/lv\/product\/triphala-organic\/#primaryimage","url":"https:\/\/cosmetic.lv\/wp-content\/uploads\/2021\/02\/trifolaorganic-4.jpg","contentUrl":"https:\/\/cosmetic.lv\/wp-content\/uploads\/2021\/02\/trifolaorganic-4.jpg","width":333,"height":333,"caption":"trifolaorganic.jpg"},{"@type":"BreadcrumbList","@id":"https:\/\/cosmetic.lv\/lv\/product\/triphala-organic\/#breadcrumb","itemListElement":[{"@type":"ListItem","position":1,"name":"Home","item":"https:\/\/cosmetic.lv\/lv\/"},{"@type":"ListItem","position":2,"name":"Veikals","item":"https:\/\/cosmetic.lv\/lv\/veiklas\/"},{"@type":"ListItem","position":3,"name":"TRIPHALA ORGANIC"}]},{"@type":"WebSite","@id":"https:\/\/cosmetic.lv\/lv\/#website","url":"https:\/\/cosmetic.lv\/lv\/","name":"cosmetic.lv","description":"Profesion\u0101la kosm\u0113tika - Maria Galland, Keune, Arkadija, GMT, Guam, Magiray","publisher":{"@id":"https:\/\/cosmetic.lv\/lv\/#organization"},"potentialAction":[{"@type":"SearchAction","target":{"@type":"EntryPoint","urlTemplate":"https:\/\/cosmetic.lv\/lv\/?s={search_term_string}"},"query-input":{"@type":"PropertyValueSpecification","valueRequired":true,"valueName":"search_term_string"}}],"inLanguage":"lv-LV"},{"@type":"Organization","@id":"https:\/\/cosmetic.lv\/lv\/#organization","name":"COSMETIC.LV","url":"https:\/\/cosmetic.lv\/lv\/","logo":{"@type":"ImageObject","inLanguage":"lv-LV","@id":"https:\/\/cosmetic.lv\/lv\/#\/schema\/logo\/image\/","url":"https:\/\/cosmetic.lv\/wp-content\/uploads\/2021\/02\/cosmetic.lv_logo.jpg","contentUrl":"https:\/\/cosmetic.lv\/wp-content\/uploads\/2021\/02\/cosmetic.lv_logo.jpg","width":596,"height":196,"caption":"COSMETIC.LV"},"image":{"@id":"https:\/\/cosmetic.lv\/lv\/#\/schema\/logo\/image\/"},"sameAs":["https:\/\/www.facebook.com\/cosmetic.lv\/"]}]},"product_price_amount":"14.12","product_price_currency":"EUR","og_availability":"out of stock","product_availability":"out of stock","product_retailer_item_id":"tro","product_condition":"new"},"_links":{"self":[{"href":"https:\/\/cosmetic.lv\/lv\/wp-json\/wp\/v2\/product\/34105","targetHints":{"allow":["GET"]}}],"collection":[{"href":"https:\/\/cosmetic.lv\/lv\/wp-json\/wp\/v2\/product"}],"about":[{"href":"https:\/\/cosmetic.lv\/lv\/wp-json\/wp\/v2\/types\/product"}],"wp:featuredmedia":[{"embeddable":true,"href":"https:\/\/cosmetic.lv\/lv\/wp-json\/wp\/v2\/media\/15760"}],"wp:attachment":[{"href":"https:\/\/cosmetic.lv\/lv\/wp-json\/wp\/v2\/media?parent=34105"}],"wp:term":[{"taxonomy":"product_brand","embeddable":true,"href":"https:\/\/cosmetic.lv\/lv\/wp-json\/wp\/v2\/product_brand?post=34105"},{"taxonomy":"product_cat","embeddable":true,"href":"https:\/\/cosmetic.lv\/lv\/wp-json\/wp\/v2\/product_cat?post=34105"},{"taxonomy":"product_tag","embeddable":true,"href":"https:\/\/cosmetic.lv\/lv\/wp-json\/wp\/v2\/product_tag?post=34105"}],"curies":[{"name":"wp","href":"https:\/\/api.w.org\/{rel}","templated":true}]}}