{"id":34107,"date":"2021-02-05T22:38:49","date_gmt":"2021-02-06T17:48:34","guid":{"rendered":"https:\/\/damme.lv\/product\/vivasan-vitamini-a-z-mozums-visu-dienu\/"},"modified":"2021-02-06T19:48:36","modified_gmt":"2021-02-06T17:48:36","slug":"vivasan-vitamini-a-z-mozums-visu-dienu","status":"publish","type":"product","link":"https:\/\/cosmetic.lv\/lv\/product\/vivasan-vitamini-a-z-mozums-visu-dienu\/","title":{"rendered":"VIVASAN Vitam\u012bni A-Z Mo\u017eums visu dienu"},"content":{"rendered":"<p>Bar\u012bbu viela<P>Apraksts <\/P><br \/>\n<P>Activs vitam\u012bnu-miner\u0101lvielu komplekss ar\u00a0toniz\u0113jo\u0161u efektu normaliz\u0113 vielmai\u0146as procesus cilv\u0113ka organism\u0101,\u00a0 kas stimul\u0113 im\u016bnsist\u0113mu(135 gr.) <\/P><\/p>\n<p><P>Sast\u0101vda\u013cas: <BR>Vitam\u012bni: A, beta karot\u012bns, C, E, B1, B2, B6, B12, K1, nikot\u012bnam\u012bda, kalcija pantoten\u0101ts, folsk\u0101be, biot\u012bns. makroelementiem: kalcija, fosfora, magnija, k\u0101lija, n\u0101trija un hlora. mikroelementi: jods, mang\u0101ns, hroms (III), sel\u0113ns, molibd\u0113ns, var\u0161, cinks, dzelzs (II), sil\u012bcija, citi: saharoze. <\/P><br \/>\n<P>Sertifik\u0101cija: Fit par dienu. Vitam\u012bni A-Z CD <\/P><br \/>\n<P>Izm\u0113rs: 100 tabletes &#8211; 135 <\/P><\/p>\n","protected":false},"excerpt":{"rendered":"<p>Bar\u012bbu vielaApraksts Activs vitam\u012bnu-miner\u0101lvielu komplekss ar\u00a0toniz\u0113jo\u0161u efektu normaliz\u0113 vielmai\u0146as procesus cilv\u0113ka organism\u0101,\u00a0 kas stimul\u0113 im\u016bnsist\u0113mu(135 gr.) Sast\u0101vda\u013cas: Vitam\u012bni: A, beta<\/p>\n","protected":false},"featured_media":15766,"template":"","meta":[],"product_brand":[],"product_cat":[2239,2250],"product_tag":[],"class_list":{"0":"post-34107","1":"product","2":"type-product","3":"status-publish","4":"has-post-thumbnail","6":"product_cat-uztura-bagatinataji-lv","7":"product_cat-visparnostiprinosi-lidzekli-lv","9":"first","10":"instock","11":"sale","12":"taxable","13":"shipping-taxable","14":"purchasable","15":"product-type-simple"},"yoast_head":"<!-- This site is optimized with the Yoast SEO Premium plugin v27.0 (Yoast SEO v27.0) - https:\/\/yoast.com\/product\/yoast-seo-premium-wordpress\/ -->\n<title>VIVASAN Vitam\u012bni A-Z Mo\u017eums visu dienu - cosmetic.lv<\/title>\n<meta name=\"robots\" content=\"index, follow, max-snippet:-1, max-image-preview:large, max-video-preview:-1\" \/>\n<link rel=\"canonical\" href=\"https:\/\/cosmetic.lv\/lv\/product\/vivasan-vitamini-a-z-mozums-visu-dienu\/\" \/>\n<meta property=\"og:locale\" content=\"lv_LV\" \/>\n<meta property=\"og:type\" content=\"article\" \/>\n<meta property=\"og:title\" content=\"VIVASAN Vitam\u012bni A-Z Mo\u017eums visu dienu\" \/>\n<meta property=\"og:description\" content=\"Bar\u012bbu vielaApraksts Activs vitam\u012bnu-miner\u0101lvielu komplekss ar\u00a0toniz\u0113jo\u0161u efektu normaliz\u0113 vielmai\u0146as procesus cilv\u0113ka organism\u0101,\u00a0 kas stimul\u0113 im\u016bnsist\u0113mu(135 gr.) Sast\u0101vda\u013cas: Vitam\u012bni: A, beta\" \/>\n<meta property=\"og:url\" content=\"https:\/\/cosmetic.lv\/lv\/product\/vivasan-vitamini-a-z-mozums-visu-dienu\/\" \/>\n<meta property=\"og:site_name\" content=\"cosmetic.lv\" \/>\n<meta property=\"article:publisher\" content=\"https:\/\/www.facebook.com\/cosmetic.lv\/\" \/>\n<meta property=\"article:modified_time\" content=\"2021-02-06T17:48:36+00:00\" \/>\n<meta property=\"og:image\" content=\"https:\/\/cosmetic.lv\/wp-content\/uploads\/2021\/02\/bodrost-4.jpg\" \/>\n\t<meta property=\"og:image:width\" content=\"205\" \/>\n\t<meta property=\"og:image:height\" content=\"300\" \/>\n\t<meta property=\"og:image:type\" content=\"image\/jpeg\" \/>\n<meta name=\"twitter:card\" content=\"summary_large_image\" \/>\n<script type=\"application\/ld+json\" class=\"yoast-schema-graph\">{\"@context\":\"https:\/\/schema.org\",\"@graph\":[{\"@type\":\"WebPage\",\"@id\":\"https:\/\/cosmetic.lv\/lv\/product\/vivasan-vitamini-a-z-mozums-visu-dienu\/\",\"url\":\"https:\/\/cosmetic.lv\/lv\/product\/vivasan-vitamini-a-z-mozums-visu-dienu\/\",\"name\":\"VIVASAN Vitam\u012bni A-Z Mo\u017eums visu dienu - cosmetic.lv\",\"isPartOf\":{\"@id\":\"https:\/\/cosmetic.lv\/lv\/#website\"},\"primaryImageOfPage\":{\"@id\":\"https:\/\/cosmetic.lv\/lv\/product\/vivasan-vitamini-a-z-mozums-visu-dienu\/#primaryimage\"},\"image\":{\"@id\":\"https:\/\/cosmetic.lv\/lv\/product\/vivasan-vitamini-a-z-mozums-visu-dienu\/#primaryimage\"},\"thumbnailUrl\":\"https:\/\/cosmetic.lv\/wp-content\/uploads\/2021\/02\/bodrost-4.jpg\",\"datePublished\":\"2021-02-06T17:48:34+00:00\",\"dateModified\":\"2021-02-06T17:48:36+00:00\",\"breadcrumb\":{\"@id\":\"https:\/\/cosmetic.lv\/lv\/product\/vivasan-vitamini-a-z-mozums-visu-dienu\/#breadcrumb\"},\"inLanguage\":\"lv-LV\",\"potentialAction\":[{\"@type\":\"ReadAction\",\"target\":[\"https:\/\/cosmetic.lv\/lv\/product\/vivasan-vitamini-a-z-mozums-visu-dienu\/\"]}]},{\"@type\":\"ImageObject\",\"inLanguage\":\"lv-LV\",\"@id\":\"https:\/\/cosmetic.lv\/lv\/product\/vivasan-vitamini-a-z-mozums-visu-dienu\/#primaryimage\",\"url\":\"https:\/\/cosmetic.lv\/wp-content\/uploads\/2021\/02\/bodrost-4.jpg\",\"contentUrl\":\"https:\/\/cosmetic.lv\/wp-content\/uploads\/2021\/02\/bodrost-4.jpg\",\"width\":205,\"height\":300,\"caption\":\"bodrost.jpg\"},{\"@type\":\"BreadcrumbList\",\"@id\":\"https:\/\/cosmetic.lv\/lv\/product\/vivasan-vitamini-a-z-mozums-visu-dienu\/#breadcrumb\",\"itemListElement\":[{\"@type\":\"ListItem\",\"position\":1,\"name\":\"Home\",\"item\":\"https:\/\/cosmetic.lv\/lv\/\"},{\"@type\":\"ListItem\",\"position\":2,\"name\":\"Veikals\",\"item\":\"https:\/\/cosmetic.lv\/lv\/veiklas\/\"},{\"@type\":\"ListItem\",\"position\":3,\"name\":\"VIVASAN Vitam\u012bni A-Z Mo\u017eums visu dienu\"}]},{\"@type\":\"WebSite\",\"@id\":\"https:\/\/cosmetic.lv\/lv\/#website\",\"url\":\"https:\/\/cosmetic.lv\/lv\/\",\"name\":\"cosmetic.lv\",\"description\":\"Profesion\u0101la kosm\u0113tika - Maria Galland, Keune, Arkadija, GMT, Guam, Magiray\",\"publisher\":{\"@id\":\"https:\/\/cosmetic.lv\/lv\/#organization\"},\"potentialAction\":[{\"@type\":\"SearchAction\",\"target\":{\"@type\":\"EntryPoint\",\"urlTemplate\":\"https:\/\/cosmetic.lv\/lv\/?s={search_term_string}\"},\"query-input\":{\"@type\":\"PropertyValueSpecification\",\"valueRequired\":true,\"valueName\":\"search_term_string\"}}],\"inLanguage\":\"lv-LV\"},{\"@type\":\"Organization\",\"@id\":\"https:\/\/cosmetic.lv\/lv\/#organization\",\"name\":\"COSMETIC.LV\",\"url\":\"https:\/\/cosmetic.lv\/lv\/\",\"logo\":{\"@type\":\"ImageObject\",\"inLanguage\":\"lv-LV\",\"@id\":\"https:\/\/cosmetic.lv\/lv\/#\/schema\/logo\/image\/\",\"url\":\"https:\/\/cosmetic.lv\/wp-content\/uploads\/2021\/02\/cosmetic.lv_logo.jpg\",\"contentUrl\":\"https:\/\/cosmetic.lv\/wp-content\/uploads\/2021\/02\/cosmetic.lv_logo.jpg\",\"width\":596,\"height\":196,\"caption\":\"COSMETIC.LV\"},\"image\":{\"@id\":\"https:\/\/cosmetic.lv\/lv\/#\/schema\/logo\/image\/\"},\"sameAs\":[\"https:\/\/www.facebook.com\/cosmetic.lv\/\"]}]}<\/script>\n<meta property=\"product:price:amount\" content=\"36.69\" \/>\n<meta property=\"product:price:currency\" content=\"EUR\" \/>\n<meta property=\"og:availability\" content=\"instock\" \/>\n<meta property=\"product:availability\" content=\"instock\" \/>\n<meta property=\"product:retailer_item_id\" content=\"bio\" \/>\n<meta property=\"product:condition\" content=\"new\" \/>\n<!-- \/ Yoast SEO Premium plugin. -->","yoast_head_json":{"title":"VIVASAN Vitam\u012bni A-Z Mo\u017eums visu dienu - cosmetic.lv","robots":{"index":"index","follow":"follow","max-snippet":"max-snippet:-1","max-image-preview":"max-image-preview:large","max-video-preview":"max-video-preview:-1"},"canonical":"https:\/\/cosmetic.lv\/lv\/product\/vivasan-vitamini-a-z-mozums-visu-dienu\/","og_locale":"lv_LV","og_type":"article","og_title":"VIVASAN Vitam\u012bni A-Z Mo\u017eums visu dienu","og_description":"Bar\u012bbu vielaApraksts Activs vitam\u012bnu-miner\u0101lvielu komplekss ar\u00a0toniz\u0113jo\u0161u efektu normaliz\u0113 vielmai\u0146as procesus cilv\u0113ka organism\u0101,\u00a0 kas stimul\u0113 im\u016bnsist\u0113mu(135 gr.) Sast\u0101vda\u013cas: Vitam\u012bni: A, beta","og_url":"https:\/\/cosmetic.lv\/lv\/product\/vivasan-vitamini-a-z-mozums-visu-dienu\/","og_site_name":"cosmetic.lv","article_publisher":"https:\/\/www.facebook.com\/cosmetic.lv\/","article_modified_time":"2021-02-06T17:48:36+00:00","og_image":[{"width":205,"height":300,"url":"https:\/\/cosmetic.lv\/wp-content\/uploads\/2021\/02\/bodrost-4.jpg","type":"image\/jpeg"}],"twitter_card":"summary_large_image","schema":{"@context":"https:\/\/schema.org","@graph":[{"@type":"WebPage","@id":"https:\/\/cosmetic.lv\/lv\/product\/vivasan-vitamini-a-z-mozums-visu-dienu\/","url":"https:\/\/cosmetic.lv\/lv\/product\/vivasan-vitamini-a-z-mozums-visu-dienu\/","name":"VIVASAN Vitam\u012bni A-Z Mo\u017eums visu dienu - cosmetic.lv","isPartOf":{"@id":"https:\/\/cosmetic.lv\/lv\/#website"},"primaryImageOfPage":{"@id":"https:\/\/cosmetic.lv\/lv\/product\/vivasan-vitamini-a-z-mozums-visu-dienu\/#primaryimage"},"image":{"@id":"https:\/\/cosmetic.lv\/lv\/product\/vivasan-vitamini-a-z-mozums-visu-dienu\/#primaryimage"},"thumbnailUrl":"https:\/\/cosmetic.lv\/wp-content\/uploads\/2021\/02\/bodrost-4.jpg","datePublished":"2021-02-06T17:48:34+00:00","dateModified":"2021-02-06T17:48:36+00:00","breadcrumb":{"@id":"https:\/\/cosmetic.lv\/lv\/product\/vivasan-vitamini-a-z-mozums-visu-dienu\/#breadcrumb"},"inLanguage":"lv-LV","potentialAction":[{"@type":"ReadAction","target":["https:\/\/cosmetic.lv\/lv\/product\/vivasan-vitamini-a-z-mozums-visu-dienu\/"]}]},{"@type":"ImageObject","inLanguage":"lv-LV","@id":"https:\/\/cosmetic.lv\/lv\/product\/vivasan-vitamini-a-z-mozums-visu-dienu\/#primaryimage","url":"https:\/\/cosmetic.lv\/wp-content\/uploads\/2021\/02\/bodrost-4.jpg","contentUrl":"https:\/\/cosmetic.lv\/wp-content\/uploads\/2021\/02\/bodrost-4.jpg","width":205,"height":300,"caption":"bodrost.jpg"},{"@type":"BreadcrumbList","@id":"https:\/\/cosmetic.lv\/lv\/product\/vivasan-vitamini-a-z-mozums-visu-dienu\/#breadcrumb","itemListElement":[{"@type":"ListItem","position":1,"name":"Home","item":"https:\/\/cosmetic.lv\/lv\/"},{"@type":"ListItem","position":2,"name":"Veikals","item":"https:\/\/cosmetic.lv\/lv\/veiklas\/"},{"@type":"ListItem","position":3,"name":"VIVASAN Vitam\u012bni A-Z Mo\u017eums visu dienu"}]},{"@type":"WebSite","@id":"https:\/\/cosmetic.lv\/lv\/#website","url":"https:\/\/cosmetic.lv\/lv\/","name":"cosmetic.lv","description":"Profesion\u0101la kosm\u0113tika - Maria Galland, Keune, Arkadija, GMT, Guam, Magiray","publisher":{"@id":"https:\/\/cosmetic.lv\/lv\/#organization"},"potentialAction":[{"@type":"SearchAction","target":{"@type":"EntryPoint","urlTemplate":"https:\/\/cosmetic.lv\/lv\/?s={search_term_string}"},"query-input":{"@type":"PropertyValueSpecification","valueRequired":true,"valueName":"search_term_string"}}],"inLanguage":"lv-LV"},{"@type":"Organization","@id":"https:\/\/cosmetic.lv\/lv\/#organization","name":"COSMETIC.LV","url":"https:\/\/cosmetic.lv\/lv\/","logo":{"@type":"ImageObject","inLanguage":"lv-LV","@id":"https:\/\/cosmetic.lv\/lv\/#\/schema\/logo\/image\/","url":"https:\/\/cosmetic.lv\/wp-content\/uploads\/2021\/02\/cosmetic.lv_logo.jpg","contentUrl":"https:\/\/cosmetic.lv\/wp-content\/uploads\/2021\/02\/cosmetic.lv_logo.jpg","width":596,"height":196,"caption":"COSMETIC.LV"},"image":{"@id":"https:\/\/cosmetic.lv\/lv\/#\/schema\/logo\/image\/"},"sameAs":["https:\/\/www.facebook.com\/cosmetic.lv\/"]}]},"product_price_amount":"36.69","product_price_currency":"EUR","og_availability":"instock","product_availability":"instock","product_retailer_item_id":"bio","product_condition":"new"},"_links":{"self":[{"href":"https:\/\/cosmetic.lv\/lv\/wp-json\/wp\/v2\/product\/34107","targetHints":{"allow":["GET"]}}],"collection":[{"href":"https:\/\/cosmetic.lv\/lv\/wp-json\/wp\/v2\/product"}],"about":[{"href":"https:\/\/cosmetic.lv\/lv\/wp-json\/wp\/v2\/types\/product"}],"wp:featuredmedia":[{"embeddable":true,"href":"https:\/\/cosmetic.lv\/lv\/wp-json\/wp\/v2\/media\/15766"}],"wp:attachment":[{"href":"https:\/\/cosmetic.lv\/lv\/wp-json\/wp\/v2\/media?parent=34107"}],"wp:term":[{"taxonomy":"product_brand","embeddable":true,"href":"https:\/\/cosmetic.lv\/lv\/wp-json\/wp\/v2\/product_brand?post=34107"},{"taxonomy":"product_cat","embeddable":true,"href":"https:\/\/cosmetic.lv\/lv\/wp-json\/wp\/v2\/product_cat?post=34107"},{"taxonomy":"product_tag","embeddable":true,"href":"https:\/\/cosmetic.lv\/lv\/wp-json\/wp\/v2\/product_tag?post=34107"}],"curies":[{"name":"wp","href":"https:\/\/api.w.org\/{rel}","templated":true}]}}