{"id":34108,"date":"2021-02-05T22:38:49","date_gmt":"2021-02-06T17:48:34","guid":{"rendered":"https:\/\/damme.lv\/product\/vivasan-anti-novecosanas-kapsulas-sievietem\/"},"modified":"2021-02-06T19:48:36","modified_gmt":"2021-02-06T17:48:36","slug":"vivasan-anti-novecosanas-kapsulas-sievietem","status":"publish","type":"product","link":"https:\/\/cosmetic.lv\/lv\/product\/vivasan-anti-novecosanas-kapsulas-sievietem\/","title":{"rendered":"Vivasan Anti-noveco\u0161an\u0101s kapsulas sieviet\u0113m"},"content":{"rendered":"<p>Bar\u012bbu viela<P>Kapsulas, anti-noveco\u0161an\u0101s!<\/p>\n<p><P>\u00a0<BR>Sast\u0101vda\u013cas 1 kapsula: <\/P><br \/>\n<P>\u2022Gur\u0137u m\u0113tra s\u0113klu e\u013c\u013cu, 18-25% no aukst\u0101 spieduma 200 mg <BR>\u2022 Kalcijs (kalcija karbon\u0101ts) 75 mg <BR>\u2022 Vitam\u012bns C (kalcija askorb\u0101ts k\u0101) 30 mg <BR>\u2022 E\u013c\u013cas s\u0113klu ekstrakts 25 mg prosa <BR>\u2022 Dabas E vitam\u012bns 18 mg <BR>\u2022 Pantot\u0113nsk\u0101be (piem\u0113ram, D-kalcija pantoten\u0101ts) 10 mg <BR>\u2022 Koenz\u012bms Q10 (k\u0101 ubidekarenona) 5 mg <BR>\u2022 Cinks (cinka oks\u012bds), 5 mg <BR>\u2022 dabisk\u0101 ekstrakts tom\u0101tu (likop\u0113na) 3 mg <BR>\u2022 B6 vitam\u012bns (k\u0101 piridoksingidrohlorid) 1,50 mg <BR>\u2022 folijsk\u0101be 200 mcg <BR>\u2022 Biot\u012bns 100 mkg <BR>\u2022 Sel\u0113ns (k\u0101 n\u0101trija selen\u012bts) 20 mcg<\/P><br \/>\n<P>\u00a0<BR>Ieteikumi lieto\u0161anai: <BR>Anti-noveco\u0161an\u0101s kapsula Vivasan Viva Beauty ieteicamas sieviet\u0113m un v\u012brie\u0161iem p\u0113c 30 gadiem, sportistiem, cilv\u0113kiem ir nosliece uz stresu un rezult\u0101t\u0101 akt\u012bvu dz\u012bvesveidu. \u0145emt tos j\u0101lieto pa 1 kapsulai dien\u0101 \u0113\u0161anas laik\u0101 vai p\u0113c \u0113\u0161anas.Ieteicam\u0101 dienas deva nedr\u012bkst p\u0101rsniegt!<BR>\u00a0<\/P><br \/>\n<P>Iepakojums: 60 kapsulas<\/P><\/p>\n","protected":false},"excerpt":{"rendered":"<p>Bar\u012bbu vielaKapsulas, anti-noveco\u0161an\u0101s! \u00a0Sast\u0101vda\u013cas 1 kapsula: \u2022Gur\u0137u m\u0113tra s\u0113klu e\u013c\u013cu, 18-25% no aukst\u0101 spieduma 200 mg \u2022 Kalcijs (kalcija karbon\u0101ts)<\/p>\n","protected":false},"featured_media":15769,"template":"","meta":[],"product_brand":[],"product_cat":[2239,2250],"product_tag":[],"class_list":{"0":"post-34108","1":"product","2":"type-product","3":"status-publish","4":"has-post-thumbnail","6":"product_cat-uztura-bagatinataji-lv","7":"product_cat-visparnostiprinosi-lidzekli-lv","9":"first","10":"instock","11":"sale","12":"taxable","13":"shipping-taxable","14":"purchasable","15":"product-type-simple"},"yoast_head":"<!-- This site is optimized with the Yoast SEO Premium plugin v27.0 (Yoast SEO v27.0) - https:\/\/yoast.com\/product\/yoast-seo-premium-wordpress\/ -->\n<title>Vivasan Anti-noveco\u0161an\u0101s kapsulas sieviet\u0113m - cosmetic.lv<\/title>\n<meta name=\"robots\" content=\"index, follow, max-snippet:-1, max-image-preview:large, max-video-preview:-1\" \/>\n<link rel=\"canonical\" href=\"https:\/\/cosmetic.lv\/lv\/product\/vivasan-anti-novecosanas-kapsulas-sievietem\/\" \/>\n<meta property=\"og:locale\" content=\"lv_LV\" \/>\n<meta property=\"og:type\" content=\"article\" \/>\n<meta property=\"og:title\" content=\"Vivasan Anti-noveco\u0161an\u0101s kapsulas sieviet\u0113m\" \/>\n<meta property=\"og:description\" content=\"Bar\u012bbu vielaKapsulas, anti-noveco\u0161an\u0101s! \u00a0Sast\u0101vda\u013cas 1 kapsula: \u2022Gur\u0137u m\u0113tra s\u0113klu e\u013c\u013cu, 18-25% no aukst\u0101 spieduma 200 mg \u2022 Kalcijs (kalcija karbon\u0101ts)\" \/>\n<meta property=\"og:url\" content=\"https:\/\/cosmetic.lv\/lv\/product\/vivasan-anti-novecosanas-kapsulas-sievietem\/\" \/>\n<meta property=\"og:site_name\" content=\"cosmetic.lv\" \/>\n<meta property=\"article:publisher\" content=\"https:\/\/www.facebook.com\/cosmetic.lv\/\" \/>\n<meta property=\"article:modified_time\" content=\"2021-02-06T17:48:36+00:00\" \/>\n<meta property=\"og:image\" content=\"https:\/\/cosmetic.lv\/wp-content\/uploads\/2021\/02\/viva_beauty_kapsul_big-4.gif\" \/>\n\t<meta property=\"og:image:width\" content=\"382\" \/>\n\t<meta property=\"og:image:height\" content=\"382\" \/>\n\t<meta property=\"og:image:type\" content=\"image\/gif\" \/>\n<meta name=\"twitter:card\" content=\"summary_large_image\" \/>\n<script type=\"application\/ld+json\" class=\"yoast-schema-graph\">{\"@context\":\"https:\/\/schema.org\",\"@graph\":[{\"@type\":\"WebPage\",\"@id\":\"https:\/\/cosmetic.lv\/lv\/product\/vivasan-anti-novecosanas-kapsulas-sievietem\/\",\"url\":\"https:\/\/cosmetic.lv\/lv\/product\/vivasan-anti-novecosanas-kapsulas-sievietem\/\",\"name\":\"Vivasan Anti-noveco\u0161an\u0101s kapsulas sieviet\u0113m - cosmetic.lv\",\"isPartOf\":{\"@id\":\"https:\/\/cosmetic.lv\/lv\/#website\"},\"primaryImageOfPage\":{\"@id\":\"https:\/\/cosmetic.lv\/lv\/product\/vivasan-anti-novecosanas-kapsulas-sievietem\/#primaryimage\"},\"image\":{\"@id\":\"https:\/\/cosmetic.lv\/lv\/product\/vivasan-anti-novecosanas-kapsulas-sievietem\/#primaryimage\"},\"thumbnailUrl\":\"https:\/\/cosmetic.lv\/wp-content\/uploads\/2021\/02\/viva_beauty_kapsul_big-4.gif\",\"datePublished\":\"2021-02-06T17:48:34+00:00\",\"dateModified\":\"2021-02-06T17:48:36+00:00\",\"breadcrumb\":{\"@id\":\"https:\/\/cosmetic.lv\/lv\/product\/vivasan-anti-novecosanas-kapsulas-sievietem\/#breadcrumb\"},\"inLanguage\":\"lv-LV\",\"potentialAction\":[{\"@type\":\"ReadAction\",\"target\":[\"https:\/\/cosmetic.lv\/lv\/product\/vivasan-anti-novecosanas-kapsulas-sievietem\/\"]}]},{\"@type\":\"ImageObject\",\"inLanguage\":\"lv-LV\",\"@id\":\"https:\/\/cosmetic.lv\/lv\/product\/vivasan-anti-novecosanas-kapsulas-sievietem\/#primaryimage\",\"url\":\"https:\/\/cosmetic.lv\/wp-content\/uploads\/2021\/02\/viva_beauty_kapsul_big-4.gif\",\"contentUrl\":\"https:\/\/cosmetic.lv\/wp-content\/uploads\/2021\/02\/viva_beauty_kapsul_big-4.gif\",\"width\":382,\"height\":382,\"caption\":\"viva_beauty_kapsul_big.gif\"},{\"@type\":\"BreadcrumbList\",\"@id\":\"https:\/\/cosmetic.lv\/lv\/product\/vivasan-anti-novecosanas-kapsulas-sievietem\/#breadcrumb\",\"itemListElement\":[{\"@type\":\"ListItem\",\"position\":1,\"name\":\"Home\",\"item\":\"https:\/\/cosmetic.lv\/lv\/\"},{\"@type\":\"ListItem\",\"position\":2,\"name\":\"Veikals\",\"item\":\"https:\/\/cosmetic.lv\/lv\/veiklas\/\"},{\"@type\":\"ListItem\",\"position\":3,\"name\":\"Vivasan Anti-noveco\u0161an\u0101s kapsulas sieviet\u0113m\"}]},{\"@type\":\"WebSite\",\"@id\":\"https:\/\/cosmetic.lv\/lv\/#website\",\"url\":\"https:\/\/cosmetic.lv\/lv\/\",\"name\":\"cosmetic.lv\",\"description\":\"Profesion\u0101la kosm\u0113tika - Maria Galland, Keune, Arkadija, GMT, Guam, Magiray\",\"publisher\":{\"@id\":\"https:\/\/cosmetic.lv\/lv\/#organization\"},\"potentialAction\":[{\"@type\":\"SearchAction\",\"target\":{\"@type\":\"EntryPoint\",\"urlTemplate\":\"https:\/\/cosmetic.lv\/lv\/?s={search_term_string}\"},\"query-input\":{\"@type\":\"PropertyValueSpecification\",\"valueRequired\":true,\"valueName\":\"search_term_string\"}}],\"inLanguage\":\"lv-LV\"},{\"@type\":\"Organization\",\"@id\":\"https:\/\/cosmetic.lv\/lv\/#organization\",\"name\":\"COSMETIC.LV\",\"url\":\"https:\/\/cosmetic.lv\/lv\/\",\"logo\":{\"@type\":\"ImageObject\",\"inLanguage\":\"lv-LV\",\"@id\":\"https:\/\/cosmetic.lv\/lv\/#\/schema\/logo\/image\/\",\"url\":\"https:\/\/cosmetic.lv\/wp-content\/uploads\/2021\/02\/cosmetic.lv_logo.jpg\",\"contentUrl\":\"https:\/\/cosmetic.lv\/wp-content\/uploads\/2021\/02\/cosmetic.lv_logo.jpg\",\"width\":596,\"height\":196,\"caption\":\"COSMETIC.LV\"},\"image\":{\"@id\":\"https:\/\/cosmetic.lv\/lv\/#\/schema\/logo\/image\/\"},\"sameAs\":[\"https:\/\/www.facebook.com\/cosmetic.lv\/\"]}]}<\/script>\n<meta property=\"product:price:amount\" content=\"34.34\" \/>\n<meta property=\"product:price:currency\" content=\"EUR\" \/>\n<meta property=\"og:availability\" content=\"instock\" \/>\n<meta property=\"product:availability\" content=\"instock\" \/>\n<meta property=\"product:retailer_item_id\" content=\"s14\" \/>\n<meta property=\"product:condition\" content=\"new\" \/>\n<!-- \/ Yoast SEO Premium plugin. -->","yoast_head_json":{"title":"Vivasan Anti-noveco\u0161an\u0101s kapsulas sieviet\u0113m - cosmetic.lv","robots":{"index":"index","follow":"follow","max-snippet":"max-snippet:-1","max-image-preview":"max-image-preview:large","max-video-preview":"max-video-preview:-1"},"canonical":"https:\/\/cosmetic.lv\/lv\/product\/vivasan-anti-novecosanas-kapsulas-sievietem\/","og_locale":"lv_LV","og_type":"article","og_title":"Vivasan Anti-noveco\u0161an\u0101s kapsulas sieviet\u0113m","og_description":"Bar\u012bbu vielaKapsulas, anti-noveco\u0161an\u0101s! \u00a0Sast\u0101vda\u013cas 1 kapsula: \u2022Gur\u0137u m\u0113tra s\u0113klu e\u013c\u013cu, 18-25% no aukst\u0101 spieduma 200 mg \u2022 Kalcijs (kalcija karbon\u0101ts)","og_url":"https:\/\/cosmetic.lv\/lv\/product\/vivasan-anti-novecosanas-kapsulas-sievietem\/","og_site_name":"cosmetic.lv","article_publisher":"https:\/\/www.facebook.com\/cosmetic.lv\/","article_modified_time":"2021-02-06T17:48:36+00:00","og_image":[{"width":382,"height":382,"url":"https:\/\/cosmetic.lv\/wp-content\/uploads\/2021\/02\/viva_beauty_kapsul_big-4.gif","type":"image\/gif"}],"twitter_card":"summary_large_image","schema":{"@context":"https:\/\/schema.org","@graph":[{"@type":"WebPage","@id":"https:\/\/cosmetic.lv\/lv\/product\/vivasan-anti-novecosanas-kapsulas-sievietem\/","url":"https:\/\/cosmetic.lv\/lv\/product\/vivasan-anti-novecosanas-kapsulas-sievietem\/","name":"Vivasan Anti-noveco\u0161an\u0101s kapsulas sieviet\u0113m - cosmetic.lv","isPartOf":{"@id":"https:\/\/cosmetic.lv\/lv\/#website"},"primaryImageOfPage":{"@id":"https:\/\/cosmetic.lv\/lv\/product\/vivasan-anti-novecosanas-kapsulas-sievietem\/#primaryimage"},"image":{"@id":"https:\/\/cosmetic.lv\/lv\/product\/vivasan-anti-novecosanas-kapsulas-sievietem\/#primaryimage"},"thumbnailUrl":"https:\/\/cosmetic.lv\/wp-content\/uploads\/2021\/02\/viva_beauty_kapsul_big-4.gif","datePublished":"2021-02-06T17:48:34+00:00","dateModified":"2021-02-06T17:48:36+00:00","breadcrumb":{"@id":"https:\/\/cosmetic.lv\/lv\/product\/vivasan-anti-novecosanas-kapsulas-sievietem\/#breadcrumb"},"inLanguage":"lv-LV","potentialAction":[{"@type":"ReadAction","target":["https:\/\/cosmetic.lv\/lv\/product\/vivasan-anti-novecosanas-kapsulas-sievietem\/"]}]},{"@type":"ImageObject","inLanguage":"lv-LV","@id":"https:\/\/cosmetic.lv\/lv\/product\/vivasan-anti-novecosanas-kapsulas-sievietem\/#primaryimage","url":"https:\/\/cosmetic.lv\/wp-content\/uploads\/2021\/02\/viva_beauty_kapsul_big-4.gif","contentUrl":"https:\/\/cosmetic.lv\/wp-content\/uploads\/2021\/02\/viva_beauty_kapsul_big-4.gif","width":382,"height":382,"caption":"viva_beauty_kapsul_big.gif"},{"@type":"BreadcrumbList","@id":"https:\/\/cosmetic.lv\/lv\/product\/vivasan-anti-novecosanas-kapsulas-sievietem\/#breadcrumb","itemListElement":[{"@type":"ListItem","position":1,"name":"Home","item":"https:\/\/cosmetic.lv\/lv\/"},{"@type":"ListItem","position":2,"name":"Veikals","item":"https:\/\/cosmetic.lv\/lv\/veiklas\/"},{"@type":"ListItem","position":3,"name":"Vivasan Anti-noveco\u0161an\u0101s kapsulas sieviet\u0113m"}]},{"@type":"WebSite","@id":"https:\/\/cosmetic.lv\/lv\/#website","url":"https:\/\/cosmetic.lv\/lv\/","name":"cosmetic.lv","description":"Profesion\u0101la kosm\u0113tika - Maria Galland, Keune, Arkadija, GMT, Guam, Magiray","publisher":{"@id":"https:\/\/cosmetic.lv\/lv\/#organization"},"potentialAction":[{"@type":"SearchAction","target":{"@type":"EntryPoint","urlTemplate":"https:\/\/cosmetic.lv\/lv\/?s={search_term_string}"},"query-input":{"@type":"PropertyValueSpecification","valueRequired":true,"valueName":"search_term_string"}}],"inLanguage":"lv-LV"},{"@type":"Organization","@id":"https:\/\/cosmetic.lv\/lv\/#organization","name":"COSMETIC.LV","url":"https:\/\/cosmetic.lv\/lv\/","logo":{"@type":"ImageObject","inLanguage":"lv-LV","@id":"https:\/\/cosmetic.lv\/lv\/#\/schema\/logo\/image\/","url":"https:\/\/cosmetic.lv\/wp-content\/uploads\/2021\/02\/cosmetic.lv_logo.jpg","contentUrl":"https:\/\/cosmetic.lv\/wp-content\/uploads\/2021\/02\/cosmetic.lv_logo.jpg","width":596,"height":196,"caption":"COSMETIC.LV"},"image":{"@id":"https:\/\/cosmetic.lv\/lv\/#\/schema\/logo\/image\/"},"sameAs":["https:\/\/www.facebook.com\/cosmetic.lv\/"]}]},"product_price_amount":"34.34","product_price_currency":"EUR","og_availability":"instock","product_availability":"instock","product_retailer_item_id":"s14","product_condition":"new"},"_links":{"self":[{"href":"https:\/\/cosmetic.lv\/lv\/wp-json\/wp\/v2\/product\/34108","targetHints":{"allow":["GET"]}}],"collection":[{"href":"https:\/\/cosmetic.lv\/lv\/wp-json\/wp\/v2\/product"}],"about":[{"href":"https:\/\/cosmetic.lv\/lv\/wp-json\/wp\/v2\/types\/product"}],"wp:featuredmedia":[{"embeddable":true,"href":"https:\/\/cosmetic.lv\/lv\/wp-json\/wp\/v2\/media\/15769"}],"wp:attachment":[{"href":"https:\/\/cosmetic.lv\/lv\/wp-json\/wp\/v2\/media?parent=34108"}],"wp:term":[{"taxonomy":"product_brand","embeddable":true,"href":"https:\/\/cosmetic.lv\/lv\/wp-json\/wp\/v2\/product_brand?post=34108"},{"taxonomy":"product_cat","embeddable":true,"href":"https:\/\/cosmetic.lv\/lv\/wp-json\/wp\/v2\/product_cat?post=34108"},{"taxonomy":"product_tag","embeddable":true,"href":"https:\/\/cosmetic.lv\/lv\/wp-json\/wp\/v2\/product_tag?post=34108"}],"curies":[{"name":"wp","href":"https:\/\/api.w.org\/{rel}","templated":true}]}}