{"id":34109,"date":"2021-02-05T22:38:49","date_gmt":"2021-02-06T17:48:34","guid":{"rendered":"https:\/\/damme.lv\/product\/vivasan-zala-teja-ar-piparmetru-ir-efektivs-ierocis-cina-pret-brivajiem-radika\/"},"modified":"2021-02-06T19:48:37","modified_gmt":"2021-02-06T17:48:37","slug":"vivasan-zala-teja-ar-piparmetru-ir-efektivs-ierocis-cina-pret-brivajiem-radika","status":"publish","type":"product","link":"https:\/\/cosmetic.lv\/lv\/product\/vivasan-zala-teja-ar-piparmetru-ir-efektivs-ierocis-cina-pret-brivajiem-radika\/","title":{"rendered":"VIVASAN Za\u013c\u0101 t\u0113ja ar piparm\u0113tru ir efekt\u012bvs ierocis c\u012b\u0146\u0101 pret br\u012bvajiem radik\u0101"},"content":{"rendered":"<p>Bar\u012bbu viela <P>Za\u013c\u0101 t\u0113ja ar piparm\u0113tru ir efekt\u012bvs ierocis c\u012b\u0146\u0101 pret br\u012bvajiem radik\u0101\u013ciem. <\/P><br \/>\n<P>Sel\u0113ns &#8211; b\u016btisks mikroelements. Kop\u0101 ar vitam\u012bniem A un E tas pasarg\u0101 no v\u0113\u017ea att\u012bst\u012bbas. <\/P><br \/>\n<P>Za\u013c\u0101 t\u0113ja ir noder\u012bgs ar\u012b gr\u016btniec\u0113m, vi\u0146\u0161 tos sniedz ar \u0137erme\u0146a ir vajadz\u012bgi \u0161aj\u0101 period\u0101 mikroelementu &#8211; vara un cinka normaliz\u0113 gr\u016btniec\u012bbas laik\u0101. K\u0101 lietot: <BR>1 tablete 3 reizes dien\u0101. <\/P><br \/>\n<P><BR>Pieaugu\u0161ie un b\u0113rni vec\u0101ki par 12 gadiem &#8211; pa 1 tabletei 3 reizes dien\u0101 p\u0113c \u0113\u0161anas. Ieteicams lietot ilgu laiku, l\u012bdz 3 m\u0113ne\u0161iem bez p\u0101rtraukuma. Ar hipertensiju &#8211; 1 \/ 2 tab. 2-3 reizes dien\u0101. <\/P><br \/>\n<P>Devas b\u0113rniem <BR>* No 1 l\u012bdz 6 gadiem un 1 \/ 4 tabletes 2-3 reizes dien\u0101, lai 1-3 m\u0113ne\u0161u laik\u0101; iz\u0161\u0137\u012bdina p\u0113c \u0113\u0161anas <BR>* 6 l\u012bdz 12 gadiem par 1 \/ 2 tabletes 2-3 reizes dien\u0101, lai 1-3 m\u0113ne\u0161u laik\u0101; iz\u0161\u0137\u012bdina p\u0113c \u0113\u0161anas <\/P><br \/>\n<P>Sastavs<BR>sorbitols, mann\u012bts, maltodekstr\u012bns, Dry vitam\u012bns E50%, askorb\u012bnsk\u0101bes, glicer\u012bna (C vitam\u012bns), garo \u0137\u0113\u017eu glicer\u012bdu, piparm\u0113tru lapas pulveris, sil\u012bcija dioks\u012bds nos\u0113dumu, saus\u0101 ekstrakta lapas za\u013c\u0101s t\u0113jas pulveris, beta karot\u012bns, magnija stear\u0101ts, sel\u0113na rauga. <\/P><br \/>\n<P>Sertifik\u0101ts: Za\u013c\u0101 t\u0113ja ar piparm\u0113tru tabletes <\/P><br \/>\n<P>161 g.120 tabletes <\/P><\/p>\n","protected":false},"excerpt":{"rendered":"<p>Bar\u012bbu viela Za\u013c\u0101 t\u0113ja ar piparm\u0113tru ir efekt\u012bvs ierocis c\u012b\u0146\u0101 pret br\u012bvajiem radik\u0101\u013ciem. Sel\u0113ns &#8211; b\u016btisks mikroelements. Kop\u0101 ar vitam\u012bniem<\/p>\n","protected":false},"featured_media":15772,"template":"","meta":[],"product_brand":[],"product_cat":[2239,2250],"product_tag":[],"class_list":{"0":"post-34109","1":"product","2":"type-product","3":"status-publish","4":"has-post-thumbnail","6":"product_cat-uztura-bagatinataji-lv","7":"product_cat-visparnostiprinosi-lidzekli-lv","9":"first","10":"instock","11":"sale","12":"taxable","13":"shipping-taxable","14":"purchasable","15":"product-type-simple"},"yoast_head":"<!-- This site is optimized with the Yoast SEO Premium plugin v27.0 (Yoast SEO v27.0) - https:\/\/yoast.com\/product\/yoast-seo-premium-wordpress\/ -->\n<title>VIVASAN Za\u013c\u0101 t\u0113ja ar piparm\u0113tru ir efekt\u012bvs ierocis c\u012b\u0146\u0101 pret br\u012bvajiem radik\u0101 - cosmetic.lv<\/title>\n<meta name=\"robots\" content=\"index, follow, max-snippet:-1, max-image-preview:large, max-video-preview:-1\" \/>\n<link rel=\"canonical\" href=\"https:\/\/cosmetic.lv\/lv\/product\/vivasan-zala-teja-ar-piparmetru-ir-efektivs-ierocis-cina-pret-brivajiem-radika\/\" \/>\n<meta property=\"og:locale\" content=\"lv_LV\" \/>\n<meta property=\"og:type\" content=\"article\" \/>\n<meta property=\"og:title\" content=\"VIVASAN Za\u013c\u0101 t\u0113ja ar piparm\u0113tru ir efekt\u012bvs ierocis c\u012b\u0146\u0101 pret br\u012bvajiem radik\u0101\" \/>\n<meta property=\"og:description\" content=\"Bar\u012bbu viela Za\u013c\u0101 t\u0113ja ar piparm\u0113tru ir efekt\u012bvs ierocis c\u012b\u0146\u0101 pret br\u012bvajiem radik\u0101\u013ciem. Sel\u0113ns &#8211; b\u016btisks mikroelements. Kop\u0101 ar vitam\u012bniem\" \/>\n<meta property=\"og:url\" content=\"https:\/\/cosmetic.lv\/lv\/product\/vivasan-zala-teja-ar-piparmetru-ir-efektivs-ierocis-cina-pret-brivajiem-radika\/\" \/>\n<meta property=\"og:site_name\" content=\"cosmetic.lv\" \/>\n<meta property=\"article:publisher\" content=\"https:\/\/www.facebook.com\/cosmetic.lv\/\" \/>\n<meta property=\"article:modified_time\" content=\"2021-02-06T17:48:37+00:00\" \/>\n<meta property=\"og:image\" content=\"https:\/\/cosmetic.lv\/wp-content\/uploads\/2021\/02\/image393-4.jpg\" \/>\n\t<meta property=\"og:image:width\" content=\"150\" \/>\n\t<meta property=\"og:image:height\" content=\"186\" \/>\n\t<meta property=\"og:image:type\" content=\"image\/jpeg\" \/>\n<meta name=\"twitter:card\" content=\"summary_large_image\" \/>\n<script type=\"application\/ld+json\" class=\"yoast-schema-graph\">{\"@context\":\"https:\/\/schema.org\",\"@graph\":[{\"@type\":\"WebPage\",\"@id\":\"https:\/\/cosmetic.lv\/lv\/product\/vivasan-zala-teja-ar-piparmetru-ir-efektivs-ierocis-cina-pret-brivajiem-radika\/\",\"url\":\"https:\/\/cosmetic.lv\/lv\/product\/vivasan-zala-teja-ar-piparmetru-ir-efektivs-ierocis-cina-pret-brivajiem-radika\/\",\"name\":\"VIVASAN Za\u013c\u0101 t\u0113ja ar piparm\u0113tru ir efekt\u012bvs ierocis c\u012b\u0146\u0101 pret br\u012bvajiem radik\u0101 - cosmetic.lv\",\"isPartOf\":{\"@id\":\"https:\/\/cosmetic.lv\/lv\/#website\"},\"primaryImageOfPage\":{\"@id\":\"https:\/\/cosmetic.lv\/lv\/product\/vivasan-zala-teja-ar-piparmetru-ir-efektivs-ierocis-cina-pret-brivajiem-radika\/#primaryimage\"},\"image\":{\"@id\":\"https:\/\/cosmetic.lv\/lv\/product\/vivasan-zala-teja-ar-piparmetru-ir-efektivs-ierocis-cina-pret-brivajiem-radika\/#primaryimage\"},\"thumbnailUrl\":\"https:\/\/cosmetic.lv\/wp-content\/uploads\/2021\/02\/image393-4.jpg\",\"datePublished\":\"2021-02-06T17:48:34+00:00\",\"dateModified\":\"2021-02-06T17:48:37+00:00\",\"breadcrumb\":{\"@id\":\"https:\/\/cosmetic.lv\/lv\/product\/vivasan-zala-teja-ar-piparmetru-ir-efektivs-ierocis-cina-pret-brivajiem-radika\/#breadcrumb\"},\"inLanguage\":\"lv-LV\",\"potentialAction\":[{\"@type\":\"ReadAction\",\"target\":[\"https:\/\/cosmetic.lv\/lv\/product\/vivasan-zala-teja-ar-piparmetru-ir-efektivs-ierocis-cina-pret-brivajiem-radika\/\"]}]},{\"@type\":\"ImageObject\",\"inLanguage\":\"lv-LV\",\"@id\":\"https:\/\/cosmetic.lv\/lv\/product\/vivasan-zala-teja-ar-piparmetru-ir-efektivs-ierocis-cina-pret-brivajiem-radika\/#primaryimage\",\"url\":\"https:\/\/cosmetic.lv\/wp-content\/uploads\/2021\/02\/image393-4.jpg\",\"contentUrl\":\"https:\/\/cosmetic.lv\/wp-content\/uploads\/2021\/02\/image393-4.jpg\",\"width\":150,\"height\":186,\"caption\":\"image393.jpg\"},{\"@type\":\"BreadcrumbList\",\"@id\":\"https:\/\/cosmetic.lv\/lv\/product\/vivasan-zala-teja-ar-piparmetru-ir-efektivs-ierocis-cina-pret-brivajiem-radika\/#breadcrumb\",\"itemListElement\":[{\"@type\":\"ListItem\",\"position\":1,\"name\":\"Home\",\"item\":\"https:\/\/cosmetic.lv\/lv\/\"},{\"@type\":\"ListItem\",\"position\":2,\"name\":\"Veikals\",\"item\":\"https:\/\/cosmetic.lv\/lv\/veiklas\/\"},{\"@type\":\"ListItem\",\"position\":3,\"name\":\"VIVASAN Za\u013c\u0101 t\u0113ja ar piparm\u0113tru ir efekt\u012bvs ierocis c\u012b\u0146\u0101 pret br\u012bvajiem radik\u0101\"}]},{\"@type\":\"WebSite\",\"@id\":\"https:\/\/cosmetic.lv\/lv\/#website\",\"url\":\"https:\/\/cosmetic.lv\/lv\/\",\"name\":\"cosmetic.lv\",\"description\":\"Profesion\u0101la kosm\u0113tika - Maria Galland, Keune, Arkadija, GMT, Guam, Magiray\",\"publisher\":{\"@id\":\"https:\/\/cosmetic.lv\/lv\/#organization\"},\"potentialAction\":[{\"@type\":\"SearchAction\",\"target\":{\"@type\":\"EntryPoint\",\"urlTemplate\":\"https:\/\/cosmetic.lv\/lv\/?s={search_term_string}\"},\"query-input\":{\"@type\":\"PropertyValueSpecification\",\"valueRequired\":true,\"valueName\":\"search_term_string\"}}],\"inLanguage\":\"lv-LV\"},{\"@type\":\"Organization\",\"@id\":\"https:\/\/cosmetic.lv\/lv\/#organization\",\"name\":\"COSMETIC.LV\",\"url\":\"https:\/\/cosmetic.lv\/lv\/\",\"logo\":{\"@type\":\"ImageObject\",\"inLanguage\":\"lv-LV\",\"@id\":\"https:\/\/cosmetic.lv\/lv\/#\/schema\/logo\/image\/\",\"url\":\"https:\/\/cosmetic.lv\/wp-content\/uploads\/2021\/02\/cosmetic.lv_logo.jpg\",\"contentUrl\":\"https:\/\/cosmetic.lv\/wp-content\/uploads\/2021\/02\/cosmetic.lv_logo.jpg\",\"width\":596,\"height\":196,\"caption\":\"COSMETIC.LV\"},\"image\":{\"@id\":\"https:\/\/cosmetic.lv\/lv\/#\/schema\/logo\/image\/\"},\"sameAs\":[\"https:\/\/www.facebook.com\/cosmetic.lv\/\"]}]}<\/script>\n<meta property=\"product:price:amount\" content=\"51.76\" \/>\n<meta property=\"product:price:currency\" content=\"EUR\" \/>\n<meta property=\"og:availability\" content=\"instock\" \/>\n<meta property=\"product:availability\" content=\"instock\" \/>\n<meta property=\"product:retailer_item_id\" content=\"zal\" \/>\n<meta property=\"product:condition\" content=\"new\" \/>\n<!-- \/ Yoast SEO Premium plugin. -->","yoast_head_json":{"title":"VIVASAN Za\u013c\u0101 t\u0113ja ar piparm\u0113tru ir efekt\u012bvs ierocis c\u012b\u0146\u0101 pret br\u012bvajiem radik\u0101 - cosmetic.lv","robots":{"index":"index","follow":"follow","max-snippet":"max-snippet:-1","max-image-preview":"max-image-preview:large","max-video-preview":"max-video-preview:-1"},"canonical":"https:\/\/cosmetic.lv\/lv\/product\/vivasan-zala-teja-ar-piparmetru-ir-efektivs-ierocis-cina-pret-brivajiem-radika\/","og_locale":"lv_LV","og_type":"article","og_title":"VIVASAN Za\u013c\u0101 t\u0113ja ar piparm\u0113tru ir efekt\u012bvs ierocis c\u012b\u0146\u0101 pret br\u012bvajiem radik\u0101","og_description":"Bar\u012bbu viela Za\u013c\u0101 t\u0113ja ar piparm\u0113tru ir efekt\u012bvs ierocis c\u012b\u0146\u0101 pret br\u012bvajiem radik\u0101\u013ciem. Sel\u0113ns &#8211; b\u016btisks mikroelements. Kop\u0101 ar vitam\u012bniem","og_url":"https:\/\/cosmetic.lv\/lv\/product\/vivasan-zala-teja-ar-piparmetru-ir-efektivs-ierocis-cina-pret-brivajiem-radika\/","og_site_name":"cosmetic.lv","article_publisher":"https:\/\/www.facebook.com\/cosmetic.lv\/","article_modified_time":"2021-02-06T17:48:37+00:00","og_image":[{"width":150,"height":186,"url":"https:\/\/cosmetic.lv\/wp-content\/uploads\/2021\/02\/image393-4.jpg","type":"image\/jpeg"}],"twitter_card":"summary_large_image","schema":{"@context":"https:\/\/schema.org","@graph":[{"@type":"WebPage","@id":"https:\/\/cosmetic.lv\/lv\/product\/vivasan-zala-teja-ar-piparmetru-ir-efektivs-ierocis-cina-pret-brivajiem-radika\/","url":"https:\/\/cosmetic.lv\/lv\/product\/vivasan-zala-teja-ar-piparmetru-ir-efektivs-ierocis-cina-pret-brivajiem-radika\/","name":"VIVASAN Za\u013c\u0101 t\u0113ja ar piparm\u0113tru ir efekt\u012bvs ierocis c\u012b\u0146\u0101 pret br\u012bvajiem radik\u0101 - cosmetic.lv","isPartOf":{"@id":"https:\/\/cosmetic.lv\/lv\/#website"},"primaryImageOfPage":{"@id":"https:\/\/cosmetic.lv\/lv\/product\/vivasan-zala-teja-ar-piparmetru-ir-efektivs-ierocis-cina-pret-brivajiem-radika\/#primaryimage"},"image":{"@id":"https:\/\/cosmetic.lv\/lv\/product\/vivasan-zala-teja-ar-piparmetru-ir-efektivs-ierocis-cina-pret-brivajiem-radika\/#primaryimage"},"thumbnailUrl":"https:\/\/cosmetic.lv\/wp-content\/uploads\/2021\/02\/image393-4.jpg","datePublished":"2021-02-06T17:48:34+00:00","dateModified":"2021-02-06T17:48:37+00:00","breadcrumb":{"@id":"https:\/\/cosmetic.lv\/lv\/product\/vivasan-zala-teja-ar-piparmetru-ir-efektivs-ierocis-cina-pret-brivajiem-radika\/#breadcrumb"},"inLanguage":"lv-LV","potentialAction":[{"@type":"ReadAction","target":["https:\/\/cosmetic.lv\/lv\/product\/vivasan-zala-teja-ar-piparmetru-ir-efektivs-ierocis-cina-pret-brivajiem-radika\/"]}]},{"@type":"ImageObject","inLanguage":"lv-LV","@id":"https:\/\/cosmetic.lv\/lv\/product\/vivasan-zala-teja-ar-piparmetru-ir-efektivs-ierocis-cina-pret-brivajiem-radika\/#primaryimage","url":"https:\/\/cosmetic.lv\/wp-content\/uploads\/2021\/02\/image393-4.jpg","contentUrl":"https:\/\/cosmetic.lv\/wp-content\/uploads\/2021\/02\/image393-4.jpg","width":150,"height":186,"caption":"image393.jpg"},{"@type":"BreadcrumbList","@id":"https:\/\/cosmetic.lv\/lv\/product\/vivasan-zala-teja-ar-piparmetru-ir-efektivs-ierocis-cina-pret-brivajiem-radika\/#breadcrumb","itemListElement":[{"@type":"ListItem","position":1,"name":"Home","item":"https:\/\/cosmetic.lv\/lv\/"},{"@type":"ListItem","position":2,"name":"Veikals","item":"https:\/\/cosmetic.lv\/lv\/veiklas\/"},{"@type":"ListItem","position":3,"name":"VIVASAN Za\u013c\u0101 t\u0113ja ar piparm\u0113tru ir efekt\u012bvs ierocis c\u012b\u0146\u0101 pret br\u012bvajiem radik\u0101"}]},{"@type":"WebSite","@id":"https:\/\/cosmetic.lv\/lv\/#website","url":"https:\/\/cosmetic.lv\/lv\/","name":"cosmetic.lv","description":"Profesion\u0101la kosm\u0113tika - Maria Galland, Keune, Arkadija, GMT, Guam, Magiray","publisher":{"@id":"https:\/\/cosmetic.lv\/lv\/#organization"},"potentialAction":[{"@type":"SearchAction","target":{"@type":"EntryPoint","urlTemplate":"https:\/\/cosmetic.lv\/lv\/?s={search_term_string}"},"query-input":{"@type":"PropertyValueSpecification","valueRequired":true,"valueName":"search_term_string"}}],"inLanguage":"lv-LV"},{"@type":"Organization","@id":"https:\/\/cosmetic.lv\/lv\/#organization","name":"COSMETIC.LV","url":"https:\/\/cosmetic.lv\/lv\/","logo":{"@type":"ImageObject","inLanguage":"lv-LV","@id":"https:\/\/cosmetic.lv\/lv\/#\/schema\/logo\/image\/","url":"https:\/\/cosmetic.lv\/wp-content\/uploads\/2021\/02\/cosmetic.lv_logo.jpg","contentUrl":"https:\/\/cosmetic.lv\/wp-content\/uploads\/2021\/02\/cosmetic.lv_logo.jpg","width":596,"height":196,"caption":"COSMETIC.LV"},"image":{"@id":"https:\/\/cosmetic.lv\/lv\/#\/schema\/logo\/image\/"},"sameAs":["https:\/\/www.facebook.com\/cosmetic.lv\/"]}]},"product_price_amount":"51.76","product_price_currency":"EUR","og_availability":"instock","product_availability":"instock","product_retailer_item_id":"zal","product_condition":"new"},"_links":{"self":[{"href":"https:\/\/cosmetic.lv\/lv\/wp-json\/wp\/v2\/product\/34109","targetHints":{"allow":["GET"]}}],"collection":[{"href":"https:\/\/cosmetic.lv\/lv\/wp-json\/wp\/v2\/product"}],"about":[{"href":"https:\/\/cosmetic.lv\/lv\/wp-json\/wp\/v2\/types\/product"}],"wp:featuredmedia":[{"embeddable":true,"href":"https:\/\/cosmetic.lv\/lv\/wp-json\/wp\/v2\/media\/15772"}],"wp:attachment":[{"href":"https:\/\/cosmetic.lv\/lv\/wp-json\/wp\/v2\/media?parent=34109"}],"wp:term":[{"taxonomy":"product_brand","embeddable":true,"href":"https:\/\/cosmetic.lv\/lv\/wp-json\/wp\/v2\/product_brand?post=34109"},{"taxonomy":"product_cat","embeddable":true,"href":"https:\/\/cosmetic.lv\/lv\/wp-json\/wp\/v2\/product_cat?post=34109"},{"taxonomy":"product_tag","embeddable":true,"href":"https:\/\/cosmetic.lv\/lv\/wp-json\/wp\/v2\/product_tag?post=34109"}],"curies":[{"name":"wp","href":"https:\/\/api.w.org\/{rel}","templated":true}]}}