{"id":34117,"date":"2021-02-05T22:38:49","date_gmt":"2021-02-06T17:48:41","guid":{"rendered":"https:\/\/damme.lv\/product\/womans-well-being-organic-sievites-veseliba\/"},"modified":"2021-02-06T19:48:44","modified_gmt":"2021-02-06T17:48:44","slug":"womans-well-being-organic-sievites-veseliba","status":"publish","type":"product","link":"https:\/\/cosmetic.lv\/lv\/product\/womans-well-being-organic-sievites-veseliba\/","title":{"rendered":"WOMAN&#8217;S WELL-BEING ORGANIC Sievites vesel\u012bba"},"content":{"rendered":"<p><!DOCTYPE html PUBLIC &quot;-\/\/W3C\/\/DTD XHTML 1.0 Transitional\/\/EN&quot; &quot;http:\/\/www.w3.org\/TR\/xhtml1\/DTD\/xhtml1-transitional.dtd&quot;><br \/>\n<html><br \/>\n<head><br \/>\n<title>Untitled document<\/title><br \/>\n<\/head><br \/>\n<body><\/p>\n<p>WOMAN&#8217;S WELL-BEING ORGANIC Uztura bag\u0101tin\u0101t\u0101js. Izgatavots no sertific\u0113tiem organiskiem augiem. Nesatur konservantus, m\u0101ksl\u012bgas kr\u0101svielas, \u0137\u012bmiskas vielas un pestic\u012bdus. Piem\u0113rots ve\u0123et\u0101rie&scaron;iem.  Sast\u0101vs. Katra kapsula satur: &bull; &Scaron;atavari, Parasta spar\u0123e\u013ca saknes (Asparagus racemosus)*  &#8211; 250 mg &bull; Gudu\u010di, Tinosporas stubl\u0101jas stumbrs (Tinospora cordifolia)* &#8211; 50 mg  &bull; Eigona bazilika lapas (Ocimum gratissimum)* Vana Tulsi  &#8211; 25 mg  &bull; Lodhras miza(Symplocos racemosa)* &#8211; 25 mg *CU &ndash; sertific\u0113ti organiskie augi  Ieteicam\u0101 diennakts deva: 1 &ndash; 2 kapsulas \u0113&scaron;anas laik\u0101. Rekomend\u0101cijas lieto&scaron;anai: Ieteicams lietot vismaz 1 m\u0113nesi. Br\u012bdin\u0101jums: Nep\u0101rsniegt ieteicamo diennakts devu. Nav paredz\u0113ts b\u0113rniem un z\u012bd\u012bt\u0101j\u0101m. Nelietot produktu gr\u016btniec\u012bbas laik\u0101. Uzglab\u0101t b\u0113rniem l\u012bdz 3 gadu vecumam nepieejam\u0101 viet\u0101. Neizmantot uztura bag\u0101tin\u0101t\u0101ju k\u0101 pilnv\u0113rt\u012bgo un sabalans\u0113tu uztura aizvietot\u0101ju.  Iepakojum\u0101: 60 kapsulas Ra\u017eot\u0101js: ORGANIC INDIA Ltd,India  ORGANICIND   USDA Organic Certification   *Iev\u0113r\u012bbai! Jebkura nor\u0101de uz \u012bpa&scaron;\u012bb\u0101m, kas piem\u012bt &scaron;aj\u0101 produkt\u0101 eso&scaron;aj\u0101m akt\u012bvaj\u0101m viel\u0101m, ir balst\u012bta uz autoritat\u012bvu avotu ieg\u016bto inform\u0101ciju, ta\u010du t\u0101s nesekm\u0113 galaprodukta iedarb\u012bbu un t\u0101 nav produkta rekl\u0101ma. Inform\u0101cijas avots: The Yoga of Herbs: (An Ayurvedic Guide to Herbal Medicine) by Dr Vasant Lad, Dr David Frawley, 2006.<\/p>\n<p><\/body><br \/>\n<\/html><\/p>\n","protected":false},"excerpt":{"rendered":"<p>Untitled document WOMAN&#8217;S WELL-BEING ORGANIC Uztura bag\u0101tin\u0101t\u0101js. Izgatavots no sertific\u0113tiem organiskiem augiem. Nesatur konservantus, m\u0101ksl\u012bgas kr\u0101svielas, \u0137\u012bmiskas vielas un pestic\u012bdus.<\/p>\n","protected":false},"featured_media":15796,"template":"","meta":[],"product_brand":[],"product_cat":[2239,2250],"product_tag":[],"class_list":{"0":"post-34117","1":"product","2":"type-product","3":"status-publish","4":"has-post-thumbnail","6":"product_cat-uztura-bagatinataji-lv","7":"product_cat-visparnostiprinosi-lidzekli-lv","9":"first","10":"outofstock","11":"taxable","12":"shipping-taxable","13":"purchasable","14":"product-type-simple"},"yoast_head":"<!-- This site is optimized with the Yoast SEO Premium plugin v27.0 (Yoast SEO v27.0) - https:\/\/yoast.com\/product\/yoast-seo-premium-wordpress\/ -->\n<title>WOMAN&#039;S WELL-BEING ORGANIC Sievites vesel\u012bba - cosmetic.lv<\/title>\n<meta name=\"robots\" content=\"index, follow, max-snippet:-1, max-image-preview:large, max-video-preview:-1\" \/>\n<link rel=\"canonical\" href=\"https:\/\/cosmetic.lv\/lv\/product\/womans-well-being-organic-sievites-veseliba\/\" \/>\n<meta property=\"og:locale\" content=\"lv_LV\" \/>\n<meta property=\"og:type\" content=\"article\" \/>\n<meta property=\"og:title\" content=\"WOMAN&#039;S WELL-BEING ORGANIC Sievites vesel\u012bba\" \/>\n<meta property=\"og:description\" content=\"Untitled document WOMAN&#8217;S WELL-BEING ORGANIC Uztura bag\u0101tin\u0101t\u0101js. Izgatavots no sertific\u0113tiem organiskiem augiem. Nesatur konservantus, m\u0101ksl\u012bgas kr\u0101svielas, \u0137\u012bmiskas vielas un pestic\u012bdus.\" \/>\n<meta property=\"og:url\" content=\"https:\/\/cosmetic.lv\/lv\/product\/womans-well-being-organic-sievites-veseliba\/\" \/>\n<meta property=\"og:site_name\" content=\"cosmetic.lv\" \/>\n<meta property=\"article:publisher\" content=\"https:\/\/www.facebook.com\/cosmetic.lv\/\" \/>\n<meta property=\"article:modified_time\" content=\"2021-02-06T17:48:44+00:00\" \/>\n<meta property=\"og:image\" content=\"https:\/\/cosmetic.lv\/wp-content\/uploads\/2021\/02\/womanweel-4.jpg\" \/>\n\t<meta property=\"og:image:width\" content=\"351\" \/>\n\t<meta property=\"og:image:height\" content=\"351\" \/>\n\t<meta property=\"og:image:type\" content=\"image\/jpeg\" \/>\n<meta name=\"twitter:card\" content=\"summary_large_image\" \/>\n<script type=\"application\/ld+json\" class=\"yoast-schema-graph\">{\"@context\":\"https:\/\/schema.org\",\"@graph\":[{\"@type\":\"WebPage\",\"@id\":\"https:\/\/cosmetic.lv\/lv\/product\/womans-well-being-organic-sievites-veseliba\/\",\"url\":\"https:\/\/cosmetic.lv\/lv\/product\/womans-well-being-organic-sievites-veseliba\/\",\"name\":\"WOMAN'S WELL-BEING ORGANIC Sievites vesel\u012bba - cosmetic.lv\",\"isPartOf\":{\"@id\":\"https:\/\/cosmetic.lv\/lv\/#website\"},\"primaryImageOfPage\":{\"@id\":\"https:\/\/cosmetic.lv\/lv\/product\/womans-well-being-organic-sievites-veseliba\/#primaryimage\"},\"image\":{\"@id\":\"https:\/\/cosmetic.lv\/lv\/product\/womans-well-being-organic-sievites-veseliba\/#primaryimage\"},\"thumbnailUrl\":\"https:\/\/cosmetic.lv\/wp-content\/uploads\/2021\/02\/womanweel-4.jpg\",\"datePublished\":\"2021-02-06T17:48:41+00:00\",\"dateModified\":\"2021-02-06T17:48:44+00:00\",\"breadcrumb\":{\"@id\":\"https:\/\/cosmetic.lv\/lv\/product\/womans-well-being-organic-sievites-veseliba\/#breadcrumb\"},\"inLanguage\":\"lv-LV\",\"potentialAction\":[{\"@type\":\"ReadAction\",\"target\":[\"https:\/\/cosmetic.lv\/lv\/product\/womans-well-being-organic-sievites-veseliba\/\"]}]},{\"@type\":\"ImageObject\",\"inLanguage\":\"lv-LV\",\"@id\":\"https:\/\/cosmetic.lv\/lv\/product\/womans-well-being-organic-sievites-veseliba\/#primaryimage\",\"url\":\"https:\/\/cosmetic.lv\/wp-content\/uploads\/2021\/02\/womanweel-4.jpg\",\"contentUrl\":\"https:\/\/cosmetic.lv\/wp-content\/uploads\/2021\/02\/womanweel-4.jpg\",\"width\":351,\"height\":351,\"caption\":\"womanweel.jpg\"},{\"@type\":\"BreadcrumbList\",\"@id\":\"https:\/\/cosmetic.lv\/lv\/product\/womans-well-being-organic-sievites-veseliba\/#breadcrumb\",\"itemListElement\":[{\"@type\":\"ListItem\",\"position\":1,\"name\":\"Home\",\"item\":\"https:\/\/cosmetic.lv\/lv\/\"},{\"@type\":\"ListItem\",\"position\":2,\"name\":\"Veikals\",\"item\":\"https:\/\/cosmetic.lv\/lv\/veiklas\/\"},{\"@type\":\"ListItem\",\"position\":3,\"name\":\"WOMAN&#8217;S WELL-BEING ORGANIC Sievites vesel\u012bba\"}]},{\"@type\":\"WebSite\",\"@id\":\"https:\/\/cosmetic.lv\/lv\/#website\",\"url\":\"https:\/\/cosmetic.lv\/lv\/\",\"name\":\"cosmetic.lv\",\"description\":\"Profesion\u0101la kosm\u0113tika - Maria Galland, Keune, Arkadija, GMT, Guam, Magiray\",\"publisher\":{\"@id\":\"https:\/\/cosmetic.lv\/lv\/#organization\"},\"potentialAction\":[{\"@type\":\"SearchAction\",\"target\":{\"@type\":\"EntryPoint\",\"urlTemplate\":\"https:\/\/cosmetic.lv\/lv\/?s={search_term_string}\"},\"query-input\":{\"@type\":\"PropertyValueSpecification\",\"valueRequired\":true,\"valueName\":\"search_term_string\"}}],\"inLanguage\":\"lv-LV\"},{\"@type\":\"Organization\",\"@id\":\"https:\/\/cosmetic.lv\/lv\/#organization\",\"name\":\"COSMETIC.LV\",\"url\":\"https:\/\/cosmetic.lv\/lv\/\",\"logo\":{\"@type\":\"ImageObject\",\"inLanguage\":\"lv-LV\",\"@id\":\"https:\/\/cosmetic.lv\/lv\/#\/schema\/logo\/image\/\",\"url\":\"https:\/\/cosmetic.lv\/wp-content\/uploads\/2021\/02\/cosmetic.lv_logo.jpg\",\"contentUrl\":\"https:\/\/cosmetic.lv\/wp-content\/uploads\/2021\/02\/cosmetic.lv_logo.jpg\",\"width\":596,\"height\":196,\"caption\":\"COSMETIC.LV\"},\"image\":{\"@id\":\"https:\/\/cosmetic.lv\/lv\/#\/schema\/logo\/image\/\"},\"sameAs\":[\"https:\/\/www.facebook.com\/cosmetic.lv\/\"]}]}<\/script>\n<meta property=\"product:price:amount\" content=\"14.12\" \/>\n<meta property=\"product:price:currency\" content=\"EUR\" \/>\n<meta property=\"og:availability\" content=\"out of stock\" \/>\n<meta property=\"product:availability\" content=\"out of stock\" \/>\n<meta property=\"product:retailer_item_id\" content=\"wom\" \/>\n<meta property=\"product:condition\" content=\"new\" \/>\n<!-- \/ Yoast SEO Premium plugin. -->","yoast_head_json":{"title":"WOMAN'S WELL-BEING ORGANIC Sievites vesel\u012bba - cosmetic.lv","robots":{"index":"index","follow":"follow","max-snippet":"max-snippet:-1","max-image-preview":"max-image-preview:large","max-video-preview":"max-video-preview:-1"},"canonical":"https:\/\/cosmetic.lv\/lv\/product\/womans-well-being-organic-sievites-veseliba\/","og_locale":"lv_LV","og_type":"article","og_title":"WOMAN'S WELL-BEING ORGANIC Sievites vesel\u012bba","og_description":"Untitled document WOMAN&#8217;S WELL-BEING ORGANIC Uztura bag\u0101tin\u0101t\u0101js. Izgatavots no sertific\u0113tiem organiskiem augiem. Nesatur konservantus, m\u0101ksl\u012bgas kr\u0101svielas, \u0137\u012bmiskas vielas un pestic\u012bdus.","og_url":"https:\/\/cosmetic.lv\/lv\/product\/womans-well-being-organic-sievites-veseliba\/","og_site_name":"cosmetic.lv","article_publisher":"https:\/\/www.facebook.com\/cosmetic.lv\/","article_modified_time":"2021-02-06T17:48:44+00:00","og_image":[{"width":351,"height":351,"url":"https:\/\/cosmetic.lv\/wp-content\/uploads\/2021\/02\/womanweel-4.jpg","type":"image\/jpeg"}],"twitter_card":"summary_large_image","schema":{"@context":"https:\/\/schema.org","@graph":[{"@type":"WebPage","@id":"https:\/\/cosmetic.lv\/lv\/product\/womans-well-being-organic-sievites-veseliba\/","url":"https:\/\/cosmetic.lv\/lv\/product\/womans-well-being-organic-sievites-veseliba\/","name":"WOMAN'S WELL-BEING ORGANIC Sievites vesel\u012bba - cosmetic.lv","isPartOf":{"@id":"https:\/\/cosmetic.lv\/lv\/#website"},"primaryImageOfPage":{"@id":"https:\/\/cosmetic.lv\/lv\/product\/womans-well-being-organic-sievites-veseliba\/#primaryimage"},"image":{"@id":"https:\/\/cosmetic.lv\/lv\/product\/womans-well-being-organic-sievites-veseliba\/#primaryimage"},"thumbnailUrl":"https:\/\/cosmetic.lv\/wp-content\/uploads\/2021\/02\/womanweel-4.jpg","datePublished":"2021-02-06T17:48:41+00:00","dateModified":"2021-02-06T17:48:44+00:00","breadcrumb":{"@id":"https:\/\/cosmetic.lv\/lv\/product\/womans-well-being-organic-sievites-veseliba\/#breadcrumb"},"inLanguage":"lv-LV","potentialAction":[{"@type":"ReadAction","target":["https:\/\/cosmetic.lv\/lv\/product\/womans-well-being-organic-sievites-veseliba\/"]}]},{"@type":"ImageObject","inLanguage":"lv-LV","@id":"https:\/\/cosmetic.lv\/lv\/product\/womans-well-being-organic-sievites-veseliba\/#primaryimage","url":"https:\/\/cosmetic.lv\/wp-content\/uploads\/2021\/02\/womanweel-4.jpg","contentUrl":"https:\/\/cosmetic.lv\/wp-content\/uploads\/2021\/02\/womanweel-4.jpg","width":351,"height":351,"caption":"womanweel.jpg"},{"@type":"BreadcrumbList","@id":"https:\/\/cosmetic.lv\/lv\/product\/womans-well-being-organic-sievites-veseliba\/#breadcrumb","itemListElement":[{"@type":"ListItem","position":1,"name":"Home","item":"https:\/\/cosmetic.lv\/lv\/"},{"@type":"ListItem","position":2,"name":"Veikals","item":"https:\/\/cosmetic.lv\/lv\/veiklas\/"},{"@type":"ListItem","position":3,"name":"WOMAN&#8217;S WELL-BEING ORGANIC Sievites vesel\u012bba"}]},{"@type":"WebSite","@id":"https:\/\/cosmetic.lv\/lv\/#website","url":"https:\/\/cosmetic.lv\/lv\/","name":"cosmetic.lv","description":"Profesion\u0101la kosm\u0113tika - Maria Galland, Keune, Arkadija, GMT, Guam, Magiray","publisher":{"@id":"https:\/\/cosmetic.lv\/lv\/#organization"},"potentialAction":[{"@type":"SearchAction","target":{"@type":"EntryPoint","urlTemplate":"https:\/\/cosmetic.lv\/lv\/?s={search_term_string}"},"query-input":{"@type":"PropertyValueSpecification","valueRequired":true,"valueName":"search_term_string"}}],"inLanguage":"lv-LV"},{"@type":"Organization","@id":"https:\/\/cosmetic.lv\/lv\/#organization","name":"COSMETIC.LV","url":"https:\/\/cosmetic.lv\/lv\/","logo":{"@type":"ImageObject","inLanguage":"lv-LV","@id":"https:\/\/cosmetic.lv\/lv\/#\/schema\/logo\/image\/","url":"https:\/\/cosmetic.lv\/wp-content\/uploads\/2021\/02\/cosmetic.lv_logo.jpg","contentUrl":"https:\/\/cosmetic.lv\/wp-content\/uploads\/2021\/02\/cosmetic.lv_logo.jpg","width":596,"height":196,"caption":"COSMETIC.LV"},"image":{"@id":"https:\/\/cosmetic.lv\/lv\/#\/schema\/logo\/image\/"},"sameAs":["https:\/\/www.facebook.com\/cosmetic.lv\/"]}]},"product_price_amount":"14.12","product_price_currency":"EUR","og_availability":"out of stock","product_availability":"out of stock","product_retailer_item_id":"wom","product_condition":"new"},"_links":{"self":[{"href":"https:\/\/cosmetic.lv\/lv\/wp-json\/wp\/v2\/product\/34117","targetHints":{"allow":["GET"]}}],"collection":[{"href":"https:\/\/cosmetic.lv\/lv\/wp-json\/wp\/v2\/product"}],"about":[{"href":"https:\/\/cosmetic.lv\/lv\/wp-json\/wp\/v2\/types\/product"}],"wp:featuredmedia":[{"embeddable":true,"href":"https:\/\/cosmetic.lv\/lv\/wp-json\/wp\/v2\/media\/15796"}],"wp:attachment":[{"href":"https:\/\/cosmetic.lv\/lv\/wp-json\/wp\/v2\/media?parent=34117"}],"wp:term":[{"taxonomy":"product_brand","embeddable":true,"href":"https:\/\/cosmetic.lv\/lv\/wp-json\/wp\/v2\/product_brand?post=34117"},{"taxonomy":"product_cat","embeddable":true,"href":"https:\/\/cosmetic.lv\/lv\/wp-json\/wp\/v2\/product_cat?post=34117"},{"taxonomy":"product_tag","embeddable":true,"href":"https:\/\/cosmetic.lv\/lv\/wp-json\/wp\/v2\/product_tag?post=34117"}],"curies":[{"name":"wp","href":"https:\/\/api.w.org\/{rel}","templated":true}]}}