{"id":34118,"date":"2021-02-05T22:38:49","date_gmt":"2021-02-06T17:48:41","guid":{"rendered":"https:\/\/damme.lv\/product\/dabur-chyawanprash-dabur-auglu-maisijums-izgatavots-no-49-augiem-augliem-un-gar\/"},"modified":"2021-02-11T23:13:29","modified_gmt":"2021-02-11T21:13:29","slug":"dabur-chyawanprash-dabur-auglu-maisijums-izgatavots-no-49-augiem-augliem-un-gar","status":"publish","type":"product","link":"https:\/\/cosmetic.lv\/lv\/product\/dabur-chyawanprash-dabur-auglu-maisijums-izgatavots-no-49-augiem-augliem-un-gar\/","title":{"rendered":"Dabur Chyawanprash Dabur Aug\u013cu mais\u012bjums, izgatavots no 49 augiem, aug\u013ciem un gar#"},"content":{"rendered":"<p>\u010cavanpra\u0161 Dabur. D\u017eems. Aug\u013cu mais\u012bjums, izgatavots no 49 augiem, aug\u013ciem un gar\u0161viel\u0101m. Uztura bag\u0101tin\u0101t\u0101js. (Re\u0123.Nr. 5961 &#8211; Latvijas P\u0101rtikas centrs) Unik\u0101la seno gudr\u012bbu un m\u016bsdien\u012bgas zin\u0101tnes kombin\u0101cija. Sast\u0101vam izmantotas senas receptes stingri iev\u0113rojot visas tehnolo\u0123ijas. Lieto\u0161ana un devas: Lietot 15-20 min. pirms \u0113\u0161anas, uzdzerot za\u013co t\u0113ju, pienu vai \u016bdeni. Ieteicams patur\u0113t mut\u0113 2-3 min\u016btes. Pieaugu\u0161ajiem 1-2 t\u0113jkarotes dien\u0101, b\u0113rniem \u00bd t\u0113jkarotes no r\u012bta un vakar\u0101. V\u0113lams vakar\u0101 uzdzerot siltu pienu. Vec\u0101kiem cilv\u0113kiem ieteicami 2 kursi gad\u0101, lietojot 2-3 iepakojumus vienam kursam. Chyawanprash \u010cavanpra\u0161a komponenti: Dasmula (desmit saknes) &#8211; Bilva (Aegle marmelos, Bilva), Agnimathi (Premna integrefolia), Shyonaka (Oroxylum indicum, \u0160ionaki), Gambhari (Gmelina arborea, Gambari), Patala (Stereospermum suaveolens), \u0160aliparni (Desmodium gangeticum), Pri\u0161ni parni (Uraria picta), Brihati (Solanum indicum), Kantakari (Solanum xanthocarpum) un Gokshura (Tribulis terrestris, Gok\u0161ura); Bala (Sida cordifolia, Bala), GotuKola (Centella asiatica, GotuKola), Mungaparni (Phaseolus trilobus), Ma\u0161aparni (Teramnus labialis), Karkata \u0161ringi (Pistasia integerima), Bhumyaamalaki (Phyllanthus amarus, Bhumiamalaki), Madhusrava (Leptadenia reticulata, Madhu\u0161rava), Ku\u0161tha (Suasserea lappa), Haridra (Curcuma longa, Kurkuma), Agarka\u0161ta, Haritaki (Terminalia chebula, Haritaki), Guduchi (Tinospora cordifolia, Gudu\u010di), Kat\u010dhur (Fagonia cretika), Musta (Cyperus rotundus, Di\u017emeldri), Punarnava (Boerhaavia diffusa, Punarnava), Niilkamal (Indigofera tinctoria), Vasaka (Adhatoda vasica,Vasaka), Kakanasa (Asclepias curassavica), Yashti-madhu (Glycyrrhiza glabra, Lakrica), Aluka (Dioskorea bulbifera, Jamss), Ashwagandha (Withania somnifera, A\u0161vagandha), Shatavari (Asparagus racemosus, Aspar\u0101gi), Vidarikant (Pucrearia tuberosa), Akarakarabha (Anacyclus pyrethnim), Pippali (Piper longum, Pippali), Nagakeshara (Mesua ferrea, Nagake\u0161ara), Tumburu (Zanthoxylum alatum, Zantoksils), Lavanga (Caryophyllus aromaticus, Krustnagli\u0146as), Ela (Elettaria cardamomum, Kardamons), Kumkuma, Kesar (Crocus sativus, Safr\u0101ns), e\u013c\u013ca Chandana (Santalum album, Sandals), za\u013cie augli Amalaki, Amla (Emblica officinalis, Amla). Satur Ghi sviestu (kaus\u0113ts sviests), e\u013c\u013ca Tila (Sesamum indicum, Sezams), \u0160arkara (neatt\u012br\u012bts niedru cukurs), Abhrak basma (j\u016bras glieme\u017ev\u0101ku pulveris), Muktasukti pi\u0161ti (p\u0113rlu pulveris). Satur ari silvers foliju un himalaju medu. Ra\u017eot\u0101js: Dabur, Indija<\/p>\n<p>&nbsp;<\/p>\n","protected":false},"excerpt":{"rendered":"<p>\u010cavanpra\u0161 Dabur. D\u017eems. Aug\u013cu mais\u012bjums, izgatavots no 49 augiem, aug\u013ciem un gar\u0161viel\u0101m. Uztura bag\u0101tin\u0101t\u0101js. (Re\u0123.Nr. 5961 &#8211; Latvijas P\u0101rtikas centrs)<\/p>\n","protected":false},"featured_media":15799,"template":"","meta":[],"product_brand":[],"product_cat":[2380,2239,2244],"product_tag":[],"class_list":{"0":"post-34118","1":"product","2":"type-product","3":"status-publish","4":"has-post-thumbnail","6":"product_cat-vez-insulta-profilakse-lv","7":"product_cat-uztura-bagatinataji-lv","8":"product_cat-skaistiem-matiem-nagiem-un-adai-lv","10":"first","11":"instock","12":"taxable","13":"shipping-taxable","14":"purchasable","15":"product-type-simple"},"yoast_head":"<!-- This site is optimized with the Yoast SEO Premium plugin v27.0 (Yoast SEO v27.0) - https:\/\/yoast.com\/product\/yoast-seo-premium-wordpress\/ -->\n<title>Dabur Chyawanprash Dabur Aug\u013cu mais\u012bjums, izgatavots no 49 augiem, aug\u013ciem un gar# - cosmetic.lv<\/title>\n<meta name=\"robots\" content=\"index, follow, max-snippet:-1, max-image-preview:large, max-video-preview:-1\" \/>\n<link rel=\"canonical\" href=\"https:\/\/cosmetic.lv\/lv\/product\/dabur-chyawanprash-dabur-auglu-maisijums-izgatavots-no-49-augiem-augliem-un-gar\/\" \/>\n<meta property=\"og:locale\" content=\"lv_LV\" \/>\n<meta property=\"og:type\" content=\"article\" \/>\n<meta property=\"og:title\" content=\"Dabur Chyawanprash Dabur Aug\u013cu mais\u012bjums, izgatavots no 49 augiem, aug\u013ciem un gar#\" \/>\n<meta property=\"og:description\" content=\"\u010cavanpra\u0161 Dabur. D\u017eems. Aug\u013cu mais\u012bjums, izgatavots no 49 augiem, aug\u013ciem un gar\u0161viel\u0101m. Uztura bag\u0101tin\u0101t\u0101js. (Re\u0123.Nr. 5961 &#8211; Latvijas P\u0101rtikas centrs)\" \/>\n<meta property=\"og:url\" content=\"https:\/\/cosmetic.lv\/lv\/product\/dabur-chyawanprash-dabur-auglu-maisijums-izgatavots-no-49-augiem-augliem-un-gar\/\" \/>\n<meta property=\"og:site_name\" content=\"cosmetic.lv\" \/>\n<meta property=\"article:publisher\" content=\"https:\/\/www.facebook.com\/cosmetic.lv\/\" \/>\n<meta property=\"article:modified_time\" content=\"2021-02-11T21:13:29+00:00\" \/>\n<meta property=\"og:image\" content=\"https:\/\/cosmetic.lv\/wp-content\/uploads\/2021\/02\/chuawanprash-4.jpg\" \/>\n\t<meta property=\"og:image:width\" content=\"341\" \/>\n\t<meta property=\"og:image:height\" content=\"341\" \/>\n\t<meta property=\"og:image:type\" content=\"image\/jpeg\" \/>\n<meta name=\"twitter:card\" content=\"summary_large_image\" \/>\n<script type=\"application\/ld+json\" class=\"yoast-schema-graph\">{\"@context\":\"https:\/\/schema.org\",\"@graph\":[{\"@type\":\"WebPage\",\"@id\":\"https:\/\/cosmetic.lv\/lv\/product\/dabur-chyawanprash-dabur-auglu-maisijums-izgatavots-no-49-augiem-augliem-un-gar\/\",\"url\":\"https:\/\/cosmetic.lv\/lv\/product\/dabur-chyawanprash-dabur-auglu-maisijums-izgatavots-no-49-augiem-augliem-un-gar\/\",\"name\":\"Dabur Chyawanprash Dabur Aug\u013cu mais\u012bjums, izgatavots no 49 augiem, aug\u013ciem un gar# - cosmetic.lv\",\"isPartOf\":{\"@id\":\"https:\/\/cosmetic.lv\/lv\/#website\"},\"primaryImageOfPage\":{\"@id\":\"https:\/\/cosmetic.lv\/lv\/product\/dabur-chyawanprash-dabur-auglu-maisijums-izgatavots-no-49-augiem-augliem-un-gar\/#primaryimage\"},\"image\":{\"@id\":\"https:\/\/cosmetic.lv\/lv\/product\/dabur-chyawanprash-dabur-auglu-maisijums-izgatavots-no-49-augiem-augliem-un-gar\/#primaryimage\"},\"thumbnailUrl\":\"https:\/\/cosmetic.lv\/wp-content\/uploads\/2021\/02\/chuawanprash-4.jpg\",\"datePublished\":\"2021-02-06T17:48:41+00:00\",\"dateModified\":\"2021-02-11T21:13:29+00:00\",\"breadcrumb\":{\"@id\":\"https:\/\/cosmetic.lv\/lv\/product\/dabur-chyawanprash-dabur-auglu-maisijums-izgatavots-no-49-augiem-augliem-un-gar\/#breadcrumb\"},\"inLanguage\":\"lv-LV\",\"potentialAction\":[{\"@type\":\"ReadAction\",\"target\":[\"https:\/\/cosmetic.lv\/lv\/product\/dabur-chyawanprash-dabur-auglu-maisijums-izgatavots-no-49-augiem-augliem-un-gar\/\"]}]},{\"@type\":\"ImageObject\",\"inLanguage\":\"lv-LV\",\"@id\":\"https:\/\/cosmetic.lv\/lv\/product\/dabur-chyawanprash-dabur-auglu-maisijums-izgatavots-no-49-augiem-augliem-un-gar\/#primaryimage\",\"url\":\"https:\/\/cosmetic.lv\/wp-content\/uploads\/2021\/02\/chuawanprash-4.jpg\",\"contentUrl\":\"https:\/\/cosmetic.lv\/wp-content\/uploads\/2021\/02\/chuawanprash-4.jpg\",\"width\":341,\"height\":341,\"caption\":\"chuawanprash.jpg\"},{\"@type\":\"BreadcrumbList\",\"@id\":\"https:\/\/cosmetic.lv\/lv\/product\/dabur-chyawanprash-dabur-auglu-maisijums-izgatavots-no-49-augiem-augliem-un-gar\/#breadcrumb\",\"itemListElement\":[{\"@type\":\"ListItem\",\"position\":1,\"name\":\"Home\",\"item\":\"https:\/\/cosmetic.lv\/lv\/\"},{\"@type\":\"ListItem\",\"position\":2,\"name\":\"Veikals\",\"item\":\"https:\/\/cosmetic.lv\/lv\/veiklas\/\"},{\"@type\":\"ListItem\",\"position\":3,\"name\":\"Dabur Chyawanprash Dabur Aug\u013cu mais\u012bjums, izgatavots no 49 augiem, aug\u013ciem un gar#\"}]},{\"@type\":\"WebSite\",\"@id\":\"https:\/\/cosmetic.lv\/lv\/#website\",\"url\":\"https:\/\/cosmetic.lv\/lv\/\",\"name\":\"cosmetic.lv\",\"description\":\"Profesion\u0101la kosm\u0113tika - Maria Galland, Keune, Arkadija, GMT, Guam, Magiray\",\"publisher\":{\"@id\":\"https:\/\/cosmetic.lv\/lv\/#organization\"},\"potentialAction\":[{\"@type\":\"SearchAction\",\"target\":{\"@type\":\"EntryPoint\",\"urlTemplate\":\"https:\/\/cosmetic.lv\/lv\/?s={search_term_string}\"},\"query-input\":{\"@type\":\"PropertyValueSpecification\",\"valueRequired\":true,\"valueName\":\"search_term_string\"}}],\"inLanguage\":\"lv-LV\"},{\"@type\":\"Organization\",\"@id\":\"https:\/\/cosmetic.lv\/lv\/#organization\",\"name\":\"COSMETIC.LV\",\"url\":\"https:\/\/cosmetic.lv\/lv\/\",\"logo\":{\"@type\":\"ImageObject\",\"inLanguage\":\"lv-LV\",\"@id\":\"https:\/\/cosmetic.lv\/lv\/#\/schema\/logo\/image\/\",\"url\":\"https:\/\/cosmetic.lv\/wp-content\/uploads\/2021\/02\/cosmetic.lv_logo.jpg\",\"contentUrl\":\"https:\/\/cosmetic.lv\/wp-content\/uploads\/2021\/02\/cosmetic.lv_logo.jpg\",\"width\":596,\"height\":196,\"caption\":\"COSMETIC.LV\"},\"image\":{\"@id\":\"https:\/\/cosmetic.lv\/lv\/#\/schema\/logo\/image\/\"},\"sameAs\":[\"https:\/\/www.facebook.com\/cosmetic.lv\/\"]}]}<\/script>\n<meta property=\"product:price:amount\" content=\"8.97\" \/>\n<meta property=\"product:price:currency\" content=\"EUR\" \/>\n<meta property=\"og:availability\" content=\"instock\" \/>\n<meta property=\"product:availability\" content=\"instock\" \/>\n<meta property=\"product:retailer_item_id\" content=\"ch\" \/>\n<meta property=\"product:condition\" content=\"new\" \/>\n<!-- \/ Yoast SEO Premium plugin. -->","yoast_head_json":{"title":"Dabur Chyawanprash Dabur Aug\u013cu mais\u012bjums, izgatavots no 49 augiem, aug\u013ciem un gar# - cosmetic.lv","robots":{"index":"index","follow":"follow","max-snippet":"max-snippet:-1","max-image-preview":"max-image-preview:large","max-video-preview":"max-video-preview:-1"},"canonical":"https:\/\/cosmetic.lv\/lv\/product\/dabur-chyawanprash-dabur-auglu-maisijums-izgatavots-no-49-augiem-augliem-un-gar\/","og_locale":"lv_LV","og_type":"article","og_title":"Dabur Chyawanprash Dabur Aug\u013cu mais\u012bjums, izgatavots no 49 augiem, aug\u013ciem un gar#","og_description":"\u010cavanpra\u0161 Dabur. D\u017eems. Aug\u013cu mais\u012bjums, izgatavots no 49 augiem, aug\u013ciem un gar\u0161viel\u0101m. Uztura bag\u0101tin\u0101t\u0101js. (Re\u0123.Nr. 5961 &#8211; Latvijas P\u0101rtikas centrs)","og_url":"https:\/\/cosmetic.lv\/lv\/product\/dabur-chyawanprash-dabur-auglu-maisijums-izgatavots-no-49-augiem-augliem-un-gar\/","og_site_name":"cosmetic.lv","article_publisher":"https:\/\/www.facebook.com\/cosmetic.lv\/","article_modified_time":"2021-02-11T21:13:29+00:00","og_image":[{"width":341,"height":341,"url":"https:\/\/cosmetic.lv\/wp-content\/uploads\/2021\/02\/chuawanprash-4.jpg","type":"image\/jpeg"}],"twitter_card":"summary_large_image","schema":{"@context":"https:\/\/schema.org","@graph":[{"@type":"WebPage","@id":"https:\/\/cosmetic.lv\/lv\/product\/dabur-chyawanprash-dabur-auglu-maisijums-izgatavots-no-49-augiem-augliem-un-gar\/","url":"https:\/\/cosmetic.lv\/lv\/product\/dabur-chyawanprash-dabur-auglu-maisijums-izgatavots-no-49-augiem-augliem-un-gar\/","name":"Dabur Chyawanprash Dabur Aug\u013cu mais\u012bjums, izgatavots no 49 augiem, aug\u013ciem un gar# - cosmetic.lv","isPartOf":{"@id":"https:\/\/cosmetic.lv\/lv\/#website"},"primaryImageOfPage":{"@id":"https:\/\/cosmetic.lv\/lv\/product\/dabur-chyawanprash-dabur-auglu-maisijums-izgatavots-no-49-augiem-augliem-un-gar\/#primaryimage"},"image":{"@id":"https:\/\/cosmetic.lv\/lv\/product\/dabur-chyawanprash-dabur-auglu-maisijums-izgatavots-no-49-augiem-augliem-un-gar\/#primaryimage"},"thumbnailUrl":"https:\/\/cosmetic.lv\/wp-content\/uploads\/2021\/02\/chuawanprash-4.jpg","datePublished":"2021-02-06T17:48:41+00:00","dateModified":"2021-02-11T21:13:29+00:00","breadcrumb":{"@id":"https:\/\/cosmetic.lv\/lv\/product\/dabur-chyawanprash-dabur-auglu-maisijums-izgatavots-no-49-augiem-augliem-un-gar\/#breadcrumb"},"inLanguage":"lv-LV","potentialAction":[{"@type":"ReadAction","target":["https:\/\/cosmetic.lv\/lv\/product\/dabur-chyawanprash-dabur-auglu-maisijums-izgatavots-no-49-augiem-augliem-un-gar\/"]}]},{"@type":"ImageObject","inLanguage":"lv-LV","@id":"https:\/\/cosmetic.lv\/lv\/product\/dabur-chyawanprash-dabur-auglu-maisijums-izgatavots-no-49-augiem-augliem-un-gar\/#primaryimage","url":"https:\/\/cosmetic.lv\/wp-content\/uploads\/2021\/02\/chuawanprash-4.jpg","contentUrl":"https:\/\/cosmetic.lv\/wp-content\/uploads\/2021\/02\/chuawanprash-4.jpg","width":341,"height":341,"caption":"chuawanprash.jpg"},{"@type":"BreadcrumbList","@id":"https:\/\/cosmetic.lv\/lv\/product\/dabur-chyawanprash-dabur-auglu-maisijums-izgatavots-no-49-augiem-augliem-un-gar\/#breadcrumb","itemListElement":[{"@type":"ListItem","position":1,"name":"Home","item":"https:\/\/cosmetic.lv\/lv\/"},{"@type":"ListItem","position":2,"name":"Veikals","item":"https:\/\/cosmetic.lv\/lv\/veiklas\/"},{"@type":"ListItem","position":3,"name":"Dabur Chyawanprash Dabur Aug\u013cu mais\u012bjums, izgatavots no 49 augiem, aug\u013ciem un gar#"}]},{"@type":"WebSite","@id":"https:\/\/cosmetic.lv\/lv\/#website","url":"https:\/\/cosmetic.lv\/lv\/","name":"cosmetic.lv","description":"Profesion\u0101la kosm\u0113tika - Maria Galland, Keune, Arkadija, GMT, Guam, Magiray","publisher":{"@id":"https:\/\/cosmetic.lv\/lv\/#organization"},"potentialAction":[{"@type":"SearchAction","target":{"@type":"EntryPoint","urlTemplate":"https:\/\/cosmetic.lv\/lv\/?s={search_term_string}"},"query-input":{"@type":"PropertyValueSpecification","valueRequired":true,"valueName":"search_term_string"}}],"inLanguage":"lv-LV"},{"@type":"Organization","@id":"https:\/\/cosmetic.lv\/lv\/#organization","name":"COSMETIC.LV","url":"https:\/\/cosmetic.lv\/lv\/","logo":{"@type":"ImageObject","inLanguage":"lv-LV","@id":"https:\/\/cosmetic.lv\/lv\/#\/schema\/logo\/image\/","url":"https:\/\/cosmetic.lv\/wp-content\/uploads\/2021\/02\/cosmetic.lv_logo.jpg","contentUrl":"https:\/\/cosmetic.lv\/wp-content\/uploads\/2021\/02\/cosmetic.lv_logo.jpg","width":596,"height":196,"caption":"COSMETIC.LV"},"image":{"@id":"https:\/\/cosmetic.lv\/lv\/#\/schema\/logo\/image\/"},"sameAs":["https:\/\/www.facebook.com\/cosmetic.lv\/"]}]},"product_price_amount":"8.97","product_price_currency":"EUR","og_availability":"instock","product_availability":"instock","product_retailer_item_id":"ch","product_condition":"new"},"_links":{"self":[{"href":"https:\/\/cosmetic.lv\/lv\/wp-json\/wp\/v2\/product\/34118","targetHints":{"allow":["GET"]}}],"collection":[{"href":"https:\/\/cosmetic.lv\/lv\/wp-json\/wp\/v2\/product"}],"about":[{"href":"https:\/\/cosmetic.lv\/lv\/wp-json\/wp\/v2\/types\/product"}],"wp:featuredmedia":[{"embeddable":true,"href":"https:\/\/cosmetic.lv\/lv\/wp-json\/wp\/v2\/media\/15799"}],"wp:attachment":[{"href":"https:\/\/cosmetic.lv\/lv\/wp-json\/wp\/v2\/media?parent=34118"}],"wp:term":[{"taxonomy":"product_brand","embeddable":true,"href":"https:\/\/cosmetic.lv\/lv\/wp-json\/wp\/v2\/product_brand?post=34118"},{"taxonomy":"product_cat","embeddable":true,"href":"https:\/\/cosmetic.lv\/lv\/wp-json\/wp\/v2\/product_cat?post=34118"},{"taxonomy":"product_tag","embeddable":true,"href":"https:\/\/cosmetic.lv\/lv\/wp-json\/wp\/v2\/product_tag?post=34118"}],"curies":[{"name":"wp","href":"https:\/\/api.w.org\/{rel}","templated":true}]}}