{"id":34119,"date":"2021-02-06T19:48:41","date_gmt":"2021-02-06T17:48:41","guid":{"rendered":"https:\/\/damme.lv\/product\/melnais-sals-smalka-satur-dazadus-mineralus-un-dzelzi\/"},"modified":"2021-02-06T19:48:45","modified_gmt":"2021-02-06T17:48:45","slug":"melnais-sals-smalka-satur-dazadus-mineralus-un-dzelzi","status":"publish","type":"product","link":"https:\/\/cosmetic.lv\/lv\/product\/melnais-sals-smalka-satur-dazadus-mineralus-un-dzelzi\/","title":{"rendered":"Melnais s\u0101ls (smalk\u0101) satur da\u017e\u0101dus miner\u0101lus un dzelzi"},"content":{"rendered":"<p><!DOCTYPE html PUBLIC &quot;-\/\/W3C\/\/DTD XHTML 1.0 Transitional\/\/EN&quot; &quot;http:\/\/www.w3.org\/TR\/xhtml1\/DTD\/xhtml1-transitional.dtd&quot;><br \/>\n<html><br \/>\n<head><br \/>\n<title>Untitled document<\/title><br \/>\n<\/head><br \/>\n<body><\/p>\n<p>Tas ir dab\u012bgs neatt\u012br\u012bts s\u0101ls, kuru ieg\u016bst Himalajos. Himalaju s\u0101ls veidojies pirms 200-250 milj. gadu, kad izkalta sen\u0101s j\u016bras m\u016bsdienu Indijas un Pakist\u0101nas teritorij\u0101. &Scaron;is s\u0101ls ir roz\u0101 kr\u0101s\u0101, jo, nogulsn\u0113joties uz kalnu ie\u017eiem, tas sajaucies ar vulk\u0101nisko magmu. Himalaju s\u0101ls paz\u012bstams, pateicoties savam unik\u0101lajam sast\u0101vam un noder\u012bgo mikroelementu kopumam. Daudzu gadsimtu garum\u0101 \u0101rsti izmantoju&scaron;i &scaron;o s\u0101li, lai \u0101rst\u0113tu neskait\u0101mas slim\u012bbas. \u0100rsti apzin\u0101j\u0101s, ka krist\u0101liskaj\u0101 s\u0101l\u012b koncentr\u0113ts \u0101rstniecisks sp\u0113ks, kas satur miner\u0101lu ener\u0123ijas inform\u0101ciju.<\/p>\n<p>Melnais s\u0101ls bag\u0101ts ar jodu, k\u0101liju, fluoru, s\u0113ru, dzelzi un citiem mikroelementiem. Bag\u0101t\u012bg\u0101 dabisk\u0101 sast\u0101va d\u0113\u013c s\u0101ls p\u0113c gar&scaron;as nav tik s\u0101\u013c&scaron; un taj\u0101 pa&scaron;\u0101 laik\u0101 vair\u0101k noder\u012bgs. Piem\u012bt savdab\u012bgs, specifisks arom\u0101ts, kur&scaron; atg\u0101dina v\u0101r\u012btas olas dzeltenuma arom\u0101tu. Var aizst\u0101t j\u016bras un v\u0101r\u0101mo s\u0101li jebkur\u0101 \u0113dien\u0101, kur pievieno s\u0101li. Kaut gan sauc par melno s\u0101li, tom\u0113r tam ir sarkan\u012bgi br\u016bna kr\u0101sa, jo tas satur da\u017e\u0101dus miner\u0101lus un dzelzi.&nbsp;<\/p>\n<p>Melnaj\u0101 s\u0101l\u012b NaCl saturs zem\u0101ks nek\u0101 parastaj\u0101 v\u0101r\u0101maj\u0101 s\u0101l\u012b, t\u0101p\u0113c tas vesel\u012bg\u0101ks no s\u0101\u013cu nogulsn\u0113&scaron;an\u0101s viedok\u013ca loc\u012btav\u0101m. Norm\u0101l\u0101 daudzum\u0101 lietojot, melnais s\u0101ls neaizkav\u0113 &scaron;\u0137idruma izdal\u012b&scaron;anos no organisma, k\u0101 to dara citi s\u0101ls veidi.<\/p>\n<p>Saska\u0146\u0101 ar Ajurv\u0113du &ndash; seno medic\u012bnas zin\u0101tni, &ndash; melnais s\u0101ls satur \u016bdens un uguns elementus, t\u0101p\u0113c veicina intelekta gai&scaron;umu un pastiprina zarnu peristaltiku, darbojas ar\u012b k\u0101 viegls caurejas l\u012bdzeklis.<\/p>\n<p>Melnais s\u0101ls pal\u012bdz nov\u0113rst aizciet\u0113jumus, samazina g\u0101zu veido&scaron;anos un uzlabo apet\u012bti. Melnais s\u0101ls ir popul\u0101ras indie&scaron;u gar&scaron;vielas CHUNKY CHAT MASALA (sal\u0101tu piedeva) galvenais ingredients, kuru pievieno d\u0101rze\u0146u un aug\u013cu sal\u0101tiem, avokado un grauzd\u0113tiem riekstiem.<\/p>\n<p>200 g<\/p>\n<p><\/body><br \/>\n<\/html><\/p>\n","protected":false},"excerpt":{"rendered":"<p>Untitled document Tas ir dab\u012bgs neatt\u012br\u012bts s\u0101ls, kuru ieg\u016bst Himalajos. Himalaju s\u0101ls veidojies pirms 200-250 milj. gadu, kad izkalta sen\u0101s<\/p>\n","protected":false},"featured_media":15802,"template":"","meta":[],"product_brand":[],"product_cat":[2239,2250],"product_tag":[],"class_list":{"0":"post-34119","1":"product","2":"type-product","3":"status-publish","4":"has-post-thumbnail","6":"product_cat-uztura-bagatinataji-lv","7":"product_cat-visparnostiprinosi-lidzekli-lv","9":"first","10":"instock","11":"taxable","12":"shipping-taxable","13":"purchasable","14":"product-type-simple"},"yoast_head":"<!-- This site is optimized with the Yoast SEO Premium plugin v27.0 (Yoast SEO v27.0) - https:\/\/yoast.com\/product\/yoast-seo-premium-wordpress\/ -->\n<title>Melnais s\u0101ls (smalk\u0101) satur da\u017e\u0101dus miner\u0101lus un dzelzi - cosmetic.lv<\/title>\n<meta name=\"robots\" content=\"index, follow, max-snippet:-1, max-image-preview:large, max-video-preview:-1\" \/>\n<link rel=\"canonical\" href=\"https:\/\/cosmetic.lv\/lv\/product\/melnais-sals-smalka-satur-dazadus-mineralus-un-dzelzi\/\" \/>\n<meta property=\"og:locale\" content=\"lv_LV\" \/>\n<meta property=\"og:type\" content=\"article\" \/>\n<meta property=\"og:title\" content=\"Melnais s\u0101ls (smalk\u0101) satur da\u017e\u0101dus miner\u0101lus un dzelzi\" \/>\n<meta property=\"og:description\" content=\"Untitled document Tas ir dab\u012bgs neatt\u012br\u012bts s\u0101ls, kuru ieg\u016bst Himalajos. Himalaju s\u0101ls veidojies pirms 200-250 milj. gadu, kad izkalta sen\u0101s\" \/>\n<meta property=\"og:url\" content=\"https:\/\/cosmetic.lv\/lv\/product\/melnais-sals-smalka-satur-dazadus-mineralus-un-dzelzi\/\" \/>\n<meta property=\"og:site_name\" content=\"cosmetic.lv\" \/>\n<meta property=\"article:publisher\" content=\"https:\/\/www.facebook.com\/cosmetic.lv\/\" \/>\n<meta property=\"article:modified_time\" content=\"2021-02-06T17:48:45+00:00\" \/>\n<meta property=\"og:image\" content=\"https:\/\/cosmetic.lv\/wp-content\/uploads\/2021\/02\/299csalsmela-4.jpg\" \/>\n\t<meta property=\"og:image:width\" content=\"587\" \/>\n\t<meta property=\"og:image:height\" content=\"587\" \/>\n\t<meta property=\"og:image:type\" content=\"image\/jpeg\" \/>\n<meta name=\"twitter:card\" content=\"summary_large_image\" \/>\n<script type=\"application\/ld+json\" class=\"yoast-schema-graph\">{\"@context\":\"https:\/\/schema.org\",\"@graph\":[{\"@type\":\"WebPage\",\"@id\":\"https:\/\/cosmetic.lv\/lv\/product\/melnais-sals-smalka-satur-dazadus-mineralus-un-dzelzi\/\",\"url\":\"https:\/\/cosmetic.lv\/lv\/product\/melnais-sals-smalka-satur-dazadus-mineralus-un-dzelzi\/\",\"name\":\"Melnais s\u0101ls (smalk\u0101) satur da\u017e\u0101dus miner\u0101lus un dzelzi - cosmetic.lv\",\"isPartOf\":{\"@id\":\"https:\/\/cosmetic.lv\/lv\/#website\"},\"primaryImageOfPage\":{\"@id\":\"https:\/\/cosmetic.lv\/lv\/product\/melnais-sals-smalka-satur-dazadus-mineralus-un-dzelzi\/#primaryimage\"},\"image\":{\"@id\":\"https:\/\/cosmetic.lv\/lv\/product\/melnais-sals-smalka-satur-dazadus-mineralus-un-dzelzi\/#primaryimage\"},\"thumbnailUrl\":\"https:\/\/cosmetic.lv\/wp-content\/uploads\/2021\/02\/299csalsmela-4.jpg\",\"datePublished\":\"2021-02-06T17:48:41+00:00\",\"dateModified\":\"2021-02-06T17:48:45+00:00\",\"breadcrumb\":{\"@id\":\"https:\/\/cosmetic.lv\/lv\/product\/melnais-sals-smalka-satur-dazadus-mineralus-un-dzelzi\/#breadcrumb\"},\"inLanguage\":\"lv-LV\",\"potentialAction\":[{\"@type\":\"ReadAction\",\"target\":[\"https:\/\/cosmetic.lv\/lv\/product\/melnais-sals-smalka-satur-dazadus-mineralus-un-dzelzi\/\"]}]},{\"@type\":\"ImageObject\",\"inLanguage\":\"lv-LV\",\"@id\":\"https:\/\/cosmetic.lv\/lv\/product\/melnais-sals-smalka-satur-dazadus-mineralus-un-dzelzi\/#primaryimage\",\"url\":\"https:\/\/cosmetic.lv\/wp-content\/uploads\/2021\/02\/299csalsmela-4.jpg\",\"contentUrl\":\"https:\/\/cosmetic.lv\/wp-content\/uploads\/2021\/02\/299csalsmela-4.jpg\",\"width\":587,\"height\":587,\"caption\":\"299csalsmela.jpg\"},{\"@type\":\"BreadcrumbList\",\"@id\":\"https:\/\/cosmetic.lv\/lv\/product\/melnais-sals-smalka-satur-dazadus-mineralus-un-dzelzi\/#breadcrumb\",\"itemListElement\":[{\"@type\":\"ListItem\",\"position\":1,\"name\":\"Home\",\"item\":\"https:\/\/cosmetic.lv\/lv\/\"},{\"@type\":\"ListItem\",\"position\":2,\"name\":\"Veikals\",\"item\":\"https:\/\/cosmetic.lv\/lv\/veiklas\/\"},{\"@type\":\"ListItem\",\"position\":3,\"name\":\"Melnais s\u0101ls (smalk\u0101) satur da\u017e\u0101dus miner\u0101lus un dzelzi\"}]},{\"@type\":\"WebSite\",\"@id\":\"https:\/\/cosmetic.lv\/lv\/#website\",\"url\":\"https:\/\/cosmetic.lv\/lv\/\",\"name\":\"cosmetic.lv\",\"description\":\"Profesion\u0101la kosm\u0113tika - Maria Galland, Keune, Arkadija, GMT, Guam, Magiray\",\"publisher\":{\"@id\":\"https:\/\/cosmetic.lv\/lv\/#organization\"},\"potentialAction\":[{\"@type\":\"SearchAction\",\"target\":{\"@type\":\"EntryPoint\",\"urlTemplate\":\"https:\/\/cosmetic.lv\/lv\/?s={search_term_string}\"},\"query-input\":{\"@type\":\"PropertyValueSpecification\",\"valueRequired\":true,\"valueName\":\"search_term_string\"}}],\"inLanguage\":\"lv-LV\"},{\"@type\":\"Organization\",\"@id\":\"https:\/\/cosmetic.lv\/lv\/#organization\",\"name\":\"COSMETIC.LV\",\"url\":\"https:\/\/cosmetic.lv\/lv\/\",\"logo\":{\"@type\":\"ImageObject\",\"inLanguage\":\"lv-LV\",\"@id\":\"https:\/\/cosmetic.lv\/lv\/#\/schema\/logo\/image\/\",\"url\":\"https:\/\/cosmetic.lv\/wp-content\/uploads\/2021\/02\/cosmetic.lv_logo.jpg\",\"contentUrl\":\"https:\/\/cosmetic.lv\/wp-content\/uploads\/2021\/02\/cosmetic.lv_logo.jpg\",\"width\":596,\"height\":196,\"caption\":\"COSMETIC.LV\"},\"image\":{\"@id\":\"https:\/\/cosmetic.lv\/lv\/#\/schema\/logo\/image\/\"},\"sameAs\":[\"https:\/\/www.facebook.com\/cosmetic.lv\/\"]}]}<\/script>\n<meta property=\"product:price:amount\" content=\"1.71\" \/>\n<meta property=\"product:price:currency\" content=\"EUR\" \/>\n<meta property=\"og:availability\" content=\"instock\" \/>\n<meta property=\"product:availability\" content=\"instock\" \/>\n<meta property=\"product:retailer_item_id\" content=\"mel\" \/>\n<meta property=\"product:condition\" content=\"new\" \/>\n<!-- \/ Yoast SEO Premium plugin. -->","yoast_head_json":{"title":"Melnais s\u0101ls (smalk\u0101) satur da\u017e\u0101dus miner\u0101lus un dzelzi - cosmetic.lv","robots":{"index":"index","follow":"follow","max-snippet":"max-snippet:-1","max-image-preview":"max-image-preview:large","max-video-preview":"max-video-preview:-1"},"canonical":"https:\/\/cosmetic.lv\/lv\/product\/melnais-sals-smalka-satur-dazadus-mineralus-un-dzelzi\/","og_locale":"lv_LV","og_type":"article","og_title":"Melnais s\u0101ls (smalk\u0101) satur da\u017e\u0101dus miner\u0101lus un dzelzi","og_description":"Untitled document Tas ir dab\u012bgs neatt\u012br\u012bts s\u0101ls, kuru ieg\u016bst Himalajos. Himalaju s\u0101ls veidojies pirms 200-250 milj. gadu, kad izkalta sen\u0101s","og_url":"https:\/\/cosmetic.lv\/lv\/product\/melnais-sals-smalka-satur-dazadus-mineralus-un-dzelzi\/","og_site_name":"cosmetic.lv","article_publisher":"https:\/\/www.facebook.com\/cosmetic.lv\/","article_modified_time":"2021-02-06T17:48:45+00:00","og_image":[{"width":587,"height":587,"url":"https:\/\/cosmetic.lv\/wp-content\/uploads\/2021\/02\/299csalsmela-4.jpg","type":"image\/jpeg"}],"twitter_card":"summary_large_image","schema":{"@context":"https:\/\/schema.org","@graph":[{"@type":"WebPage","@id":"https:\/\/cosmetic.lv\/lv\/product\/melnais-sals-smalka-satur-dazadus-mineralus-un-dzelzi\/","url":"https:\/\/cosmetic.lv\/lv\/product\/melnais-sals-smalka-satur-dazadus-mineralus-un-dzelzi\/","name":"Melnais s\u0101ls (smalk\u0101) satur da\u017e\u0101dus miner\u0101lus un dzelzi - cosmetic.lv","isPartOf":{"@id":"https:\/\/cosmetic.lv\/lv\/#website"},"primaryImageOfPage":{"@id":"https:\/\/cosmetic.lv\/lv\/product\/melnais-sals-smalka-satur-dazadus-mineralus-un-dzelzi\/#primaryimage"},"image":{"@id":"https:\/\/cosmetic.lv\/lv\/product\/melnais-sals-smalka-satur-dazadus-mineralus-un-dzelzi\/#primaryimage"},"thumbnailUrl":"https:\/\/cosmetic.lv\/wp-content\/uploads\/2021\/02\/299csalsmela-4.jpg","datePublished":"2021-02-06T17:48:41+00:00","dateModified":"2021-02-06T17:48:45+00:00","breadcrumb":{"@id":"https:\/\/cosmetic.lv\/lv\/product\/melnais-sals-smalka-satur-dazadus-mineralus-un-dzelzi\/#breadcrumb"},"inLanguage":"lv-LV","potentialAction":[{"@type":"ReadAction","target":["https:\/\/cosmetic.lv\/lv\/product\/melnais-sals-smalka-satur-dazadus-mineralus-un-dzelzi\/"]}]},{"@type":"ImageObject","inLanguage":"lv-LV","@id":"https:\/\/cosmetic.lv\/lv\/product\/melnais-sals-smalka-satur-dazadus-mineralus-un-dzelzi\/#primaryimage","url":"https:\/\/cosmetic.lv\/wp-content\/uploads\/2021\/02\/299csalsmela-4.jpg","contentUrl":"https:\/\/cosmetic.lv\/wp-content\/uploads\/2021\/02\/299csalsmela-4.jpg","width":587,"height":587,"caption":"299csalsmela.jpg"},{"@type":"BreadcrumbList","@id":"https:\/\/cosmetic.lv\/lv\/product\/melnais-sals-smalka-satur-dazadus-mineralus-un-dzelzi\/#breadcrumb","itemListElement":[{"@type":"ListItem","position":1,"name":"Home","item":"https:\/\/cosmetic.lv\/lv\/"},{"@type":"ListItem","position":2,"name":"Veikals","item":"https:\/\/cosmetic.lv\/lv\/veiklas\/"},{"@type":"ListItem","position":3,"name":"Melnais s\u0101ls (smalk\u0101) satur da\u017e\u0101dus miner\u0101lus un dzelzi"}]},{"@type":"WebSite","@id":"https:\/\/cosmetic.lv\/lv\/#website","url":"https:\/\/cosmetic.lv\/lv\/","name":"cosmetic.lv","description":"Profesion\u0101la kosm\u0113tika - Maria Galland, Keune, Arkadija, GMT, Guam, Magiray","publisher":{"@id":"https:\/\/cosmetic.lv\/lv\/#organization"},"potentialAction":[{"@type":"SearchAction","target":{"@type":"EntryPoint","urlTemplate":"https:\/\/cosmetic.lv\/lv\/?s={search_term_string}"},"query-input":{"@type":"PropertyValueSpecification","valueRequired":true,"valueName":"search_term_string"}}],"inLanguage":"lv-LV"},{"@type":"Organization","@id":"https:\/\/cosmetic.lv\/lv\/#organization","name":"COSMETIC.LV","url":"https:\/\/cosmetic.lv\/lv\/","logo":{"@type":"ImageObject","inLanguage":"lv-LV","@id":"https:\/\/cosmetic.lv\/lv\/#\/schema\/logo\/image\/","url":"https:\/\/cosmetic.lv\/wp-content\/uploads\/2021\/02\/cosmetic.lv_logo.jpg","contentUrl":"https:\/\/cosmetic.lv\/wp-content\/uploads\/2021\/02\/cosmetic.lv_logo.jpg","width":596,"height":196,"caption":"COSMETIC.LV"},"image":{"@id":"https:\/\/cosmetic.lv\/lv\/#\/schema\/logo\/image\/"},"sameAs":["https:\/\/www.facebook.com\/cosmetic.lv\/"]}]},"product_price_amount":"1.71","product_price_currency":"EUR","og_availability":"instock","product_availability":"instock","product_retailer_item_id":"mel","product_condition":"new"},"_links":{"self":[{"href":"https:\/\/cosmetic.lv\/lv\/wp-json\/wp\/v2\/product\/34119","targetHints":{"allow":["GET"]}}],"collection":[{"href":"https:\/\/cosmetic.lv\/lv\/wp-json\/wp\/v2\/product"}],"about":[{"href":"https:\/\/cosmetic.lv\/lv\/wp-json\/wp\/v2\/types\/product"}],"wp:featuredmedia":[{"embeddable":true,"href":"https:\/\/cosmetic.lv\/lv\/wp-json\/wp\/v2\/media\/15802"}],"wp:attachment":[{"href":"https:\/\/cosmetic.lv\/lv\/wp-json\/wp\/v2\/media?parent=34119"}],"wp:term":[{"taxonomy":"product_brand","embeddable":true,"href":"https:\/\/cosmetic.lv\/lv\/wp-json\/wp\/v2\/product_brand?post=34119"},{"taxonomy":"product_cat","embeddable":true,"href":"https:\/\/cosmetic.lv\/lv\/wp-json\/wp\/v2\/product_cat?post=34119"},{"taxonomy":"product_tag","embeddable":true,"href":"https:\/\/cosmetic.lv\/lv\/wp-json\/wp\/v2\/product_tag?post=34119"}],"curies":[{"name":"wp","href":"https:\/\/api.w.org\/{rel}","templated":true}]}}