{"id":34121,"date":"2021-02-05T22:38:49","date_gmt":"2021-02-06T17:48:41","guid":{"rendered":"https:\/\/damme.lv\/product\/vivasan-gljukohons-forte\/"},"modified":"2021-02-06T19:48:47","modified_gmt":"2021-02-06T17:48:47","slug":"vivasan-gljukohons-forte","status":"publish","type":"product","link":"https:\/\/cosmetic.lv\/lv\/product\/vivasan-gljukohons-forte\/","title":{"rendered":"VIVASAN Gljukohons forte"},"content":{"rendered":"<p>Bar\u012bbu viela<P>Apraksts <BR>GLYUKOHON FORTE Vivasan ir sare\u017e\u0123\u012bts 2-v\u0113rt\u012bgas sast\u0101vda\u013cas &#8211; glikozam\u012bna sulf\u0101ts (780 mg) un hondroit\u012bna sulf\u0101ts (624 mg), kas ir b\u016btisks kauliem.\u00a0<\/P><br \/>\n<P><BR>* Nov\u0113r\u0161 s\u0101pes <BR>* Uzlabo loc\u012btavu mobilit\u0101tin<\/P><br \/>\n<P><BR>Lieto\u0161anas indik\u0101cijas <\/P><br \/>\n<P>* Optim\u0101ls uzturs loc\u012btav\u0101m <BR>* Artr\u012bts, artr\u012bts 2.1 kl\u012bnisk\u0101 posma <BR><\/P><br \/>\n<P>Nor\u0101d\u012bjumi par sagatavo\u0161anu lieto\u0161anai Gyukohon Forte: Veikt pieaugu\u0161o 1 tabletei 1-3 reizes (atkar\u012bb\u0101 no \u0137erme\u0146a svara) dien\u0101 \u0113\u0161anas laik\u0101. 1 m\u0113nesis.\u00a0 <\/P><br \/>\n<P>Kontrindik\u0101cijas: individu\u0101l\u0101 nepanes\u012bba sast\u0101vda\u013cas, gr\u016btniec\u012bbas, lakt\u0101cijas. <\/P><br \/>\n<P>Akt\u012bv\u0101s sast\u0101vda\u013cas glikozam\u012bnu sulf\u0101tu dikaliumhlorid, hondroit\u012bns sulf\u0101ts n\u0101trija, garo \u0137\u0113\u017eu da\u013c\u0113ju glicer\u012bdu, KC, nogulsn\u0113to sil\u012bcija dioks\u012bdu, kroskarmelozes n\u0101trija s\u0101ls, magnija stear\u0101ts, \u0161ellaka, talks. <\/P><br \/>\n<P>Izm\u0113rs: 60 tabletes &#8211; 100,8 g <\/P><\/p>\n","protected":false},"excerpt":{"rendered":"<p>Bar\u012bbu vielaApraksts GLYUKOHON FORTE Vivasan ir sare\u017e\u0123\u012bts 2-v\u0113rt\u012bgas sast\u0101vda\u013cas &#8211; glikozam\u012bna sulf\u0101ts (780 mg) un hondroit\u012bna sulf\u0101ts (624 mg), kas<\/p>\n","protected":false},"featured_media":15808,"template":"","meta":[],"product_brand":[],"product_cat":[2239,2252],"product_tag":[],"class_list":{"0":"post-34121","1":"product","2":"type-product","3":"status-publish","4":"has-post-thumbnail","6":"product_cat-uztura-bagatinataji-lv","7":"product_cat-dazadi-venam-loitam-kauliem-lv","9":"first","10":"instock","11":"sale","12":"taxable","13":"shipping-taxable","14":"purchasable","15":"product-type-simple"},"yoast_head":"<!-- This site is optimized with the Yoast SEO Premium plugin v27.0 (Yoast SEO v27.0) - https:\/\/yoast.com\/product\/yoast-seo-premium-wordpress\/ -->\n<title>VIVASAN Gljukohons forte - cosmetic.lv<\/title>\n<meta name=\"robots\" content=\"index, follow, max-snippet:-1, max-image-preview:large, max-video-preview:-1\" \/>\n<link rel=\"canonical\" href=\"https:\/\/cosmetic.lv\/lv\/product\/vivasan-gljukohons-forte\/\" \/>\n<meta property=\"og:locale\" content=\"lv_LV\" \/>\n<meta property=\"og:type\" content=\"article\" \/>\n<meta property=\"og:title\" content=\"VIVASAN Gljukohons forte\" \/>\n<meta property=\"og:description\" content=\"Bar\u012bbu vielaApraksts GLYUKOHON FORTE Vivasan ir sare\u017e\u0123\u012bts 2-v\u0113rt\u012bgas sast\u0101vda\u013cas &#8211; glikozam\u012bna sulf\u0101ts (780 mg) un hondroit\u012bna sulf\u0101ts (624 mg), kas\" \/>\n<meta property=\"og:url\" content=\"https:\/\/cosmetic.lv\/lv\/product\/vivasan-gljukohons-forte\/\" \/>\n<meta property=\"og:site_name\" content=\"cosmetic.lv\" \/>\n<meta property=\"article:publisher\" content=\"https:\/\/www.facebook.com\/cosmetic.lv\/\" \/>\n<meta property=\"article:modified_time\" content=\"2021-02-06T17:48:47+00:00\" \/>\n<meta property=\"og:image\" content=\"https:\/\/cosmetic.lv\/wp-content\/uploads\/2021\/02\/9_0-4.jpg\" \/>\n\t<meta property=\"og:image:width\" content=\"640\" \/>\n\t<meta property=\"og:image:height\" content=\"467\" \/>\n\t<meta property=\"og:image:type\" content=\"image\/jpeg\" \/>\n<meta name=\"twitter:card\" content=\"summary_large_image\" \/>\n<script type=\"application\/ld+json\" class=\"yoast-schema-graph\">{\"@context\":\"https:\/\/schema.org\",\"@graph\":[{\"@type\":\"WebPage\",\"@id\":\"https:\/\/cosmetic.lv\/lv\/product\/vivasan-gljukohons-forte\/\",\"url\":\"https:\/\/cosmetic.lv\/lv\/product\/vivasan-gljukohons-forte\/\",\"name\":\"VIVASAN Gljukohons forte - cosmetic.lv\",\"isPartOf\":{\"@id\":\"https:\/\/cosmetic.lv\/lv\/#website\"},\"primaryImageOfPage\":{\"@id\":\"https:\/\/cosmetic.lv\/lv\/product\/vivasan-gljukohons-forte\/#primaryimage\"},\"image\":{\"@id\":\"https:\/\/cosmetic.lv\/lv\/product\/vivasan-gljukohons-forte\/#primaryimage\"},\"thumbnailUrl\":\"https:\/\/cosmetic.lv\/wp-content\/uploads\/2021\/02\/9_0-4.jpg\",\"datePublished\":\"2021-02-06T17:48:41+00:00\",\"dateModified\":\"2021-02-06T17:48:47+00:00\",\"breadcrumb\":{\"@id\":\"https:\/\/cosmetic.lv\/lv\/product\/vivasan-gljukohons-forte\/#breadcrumb\"},\"inLanguage\":\"lv-LV\",\"potentialAction\":[{\"@type\":\"ReadAction\",\"target\":[\"https:\/\/cosmetic.lv\/lv\/product\/vivasan-gljukohons-forte\/\"]}]},{\"@type\":\"ImageObject\",\"inLanguage\":\"lv-LV\",\"@id\":\"https:\/\/cosmetic.lv\/lv\/product\/vivasan-gljukohons-forte\/#primaryimage\",\"url\":\"https:\/\/cosmetic.lv\/wp-content\/uploads\/2021\/02\/9_0-4.jpg\",\"contentUrl\":\"https:\/\/cosmetic.lv\/wp-content\/uploads\/2021\/02\/9_0-4.jpg\",\"width\":640,\"height\":467,\"caption\":\"9_0.jpg\"},{\"@type\":\"BreadcrumbList\",\"@id\":\"https:\/\/cosmetic.lv\/lv\/product\/vivasan-gljukohons-forte\/#breadcrumb\",\"itemListElement\":[{\"@type\":\"ListItem\",\"position\":1,\"name\":\"Home\",\"item\":\"https:\/\/cosmetic.lv\/lv\/\"},{\"@type\":\"ListItem\",\"position\":2,\"name\":\"Veikals\",\"item\":\"https:\/\/cosmetic.lv\/lv\/veiklas\/\"},{\"@type\":\"ListItem\",\"position\":3,\"name\":\"VIVASAN Gljukohons forte\"}]},{\"@type\":\"WebSite\",\"@id\":\"https:\/\/cosmetic.lv\/lv\/#website\",\"url\":\"https:\/\/cosmetic.lv\/lv\/\",\"name\":\"cosmetic.lv\",\"description\":\"Profesion\u0101la kosm\u0113tika - Maria Galland, Keune, Arkadija, GMT, Guam, Magiray\",\"publisher\":{\"@id\":\"https:\/\/cosmetic.lv\/lv\/#organization\"},\"potentialAction\":[{\"@type\":\"SearchAction\",\"target\":{\"@type\":\"EntryPoint\",\"urlTemplate\":\"https:\/\/cosmetic.lv\/lv\/?s={search_term_string}\"},\"query-input\":{\"@type\":\"PropertyValueSpecification\",\"valueRequired\":true,\"valueName\":\"search_term_string\"}}],\"inLanguage\":\"lv-LV\"},{\"@type\":\"Organization\",\"@id\":\"https:\/\/cosmetic.lv\/lv\/#organization\",\"name\":\"COSMETIC.LV\",\"url\":\"https:\/\/cosmetic.lv\/lv\/\",\"logo\":{\"@type\":\"ImageObject\",\"inLanguage\":\"lv-LV\",\"@id\":\"https:\/\/cosmetic.lv\/lv\/#\/schema\/logo\/image\/\",\"url\":\"https:\/\/cosmetic.lv\/wp-content\/uploads\/2021\/02\/cosmetic.lv_logo.jpg\",\"contentUrl\":\"https:\/\/cosmetic.lv\/wp-content\/uploads\/2021\/02\/cosmetic.lv_logo.jpg\",\"width\":596,\"height\":196,\"caption\":\"COSMETIC.LV\"},\"image\":{\"@id\":\"https:\/\/cosmetic.lv\/lv\/#\/schema\/logo\/image\/\"},\"sameAs\":[\"https:\/\/www.facebook.com\/cosmetic.lv\/\"]}]}<\/script>\n<meta property=\"product:price:amount\" content=\"43.78\" \/>\n<meta property=\"product:price:currency\" content=\"EUR\" \/>\n<meta property=\"og:availability\" content=\"instock\" \/>\n<meta property=\"product:availability\" content=\"instock\" \/>\n<meta property=\"product:retailer_item_id\" content=\"gl\" \/>\n<meta property=\"product:condition\" content=\"new\" \/>\n<!-- \/ Yoast SEO Premium plugin. -->","yoast_head_json":{"title":"VIVASAN Gljukohons forte - cosmetic.lv","robots":{"index":"index","follow":"follow","max-snippet":"max-snippet:-1","max-image-preview":"max-image-preview:large","max-video-preview":"max-video-preview:-1"},"canonical":"https:\/\/cosmetic.lv\/lv\/product\/vivasan-gljukohons-forte\/","og_locale":"lv_LV","og_type":"article","og_title":"VIVASAN Gljukohons forte","og_description":"Bar\u012bbu vielaApraksts GLYUKOHON FORTE Vivasan ir sare\u017e\u0123\u012bts 2-v\u0113rt\u012bgas sast\u0101vda\u013cas &#8211; glikozam\u012bna sulf\u0101ts (780 mg) un hondroit\u012bna sulf\u0101ts (624 mg), kas","og_url":"https:\/\/cosmetic.lv\/lv\/product\/vivasan-gljukohons-forte\/","og_site_name":"cosmetic.lv","article_publisher":"https:\/\/www.facebook.com\/cosmetic.lv\/","article_modified_time":"2021-02-06T17:48:47+00:00","og_image":[{"width":640,"height":467,"url":"https:\/\/cosmetic.lv\/wp-content\/uploads\/2021\/02\/9_0-4.jpg","type":"image\/jpeg"}],"twitter_card":"summary_large_image","schema":{"@context":"https:\/\/schema.org","@graph":[{"@type":"WebPage","@id":"https:\/\/cosmetic.lv\/lv\/product\/vivasan-gljukohons-forte\/","url":"https:\/\/cosmetic.lv\/lv\/product\/vivasan-gljukohons-forte\/","name":"VIVASAN Gljukohons forte - cosmetic.lv","isPartOf":{"@id":"https:\/\/cosmetic.lv\/lv\/#website"},"primaryImageOfPage":{"@id":"https:\/\/cosmetic.lv\/lv\/product\/vivasan-gljukohons-forte\/#primaryimage"},"image":{"@id":"https:\/\/cosmetic.lv\/lv\/product\/vivasan-gljukohons-forte\/#primaryimage"},"thumbnailUrl":"https:\/\/cosmetic.lv\/wp-content\/uploads\/2021\/02\/9_0-4.jpg","datePublished":"2021-02-06T17:48:41+00:00","dateModified":"2021-02-06T17:48:47+00:00","breadcrumb":{"@id":"https:\/\/cosmetic.lv\/lv\/product\/vivasan-gljukohons-forte\/#breadcrumb"},"inLanguage":"lv-LV","potentialAction":[{"@type":"ReadAction","target":["https:\/\/cosmetic.lv\/lv\/product\/vivasan-gljukohons-forte\/"]}]},{"@type":"ImageObject","inLanguage":"lv-LV","@id":"https:\/\/cosmetic.lv\/lv\/product\/vivasan-gljukohons-forte\/#primaryimage","url":"https:\/\/cosmetic.lv\/wp-content\/uploads\/2021\/02\/9_0-4.jpg","contentUrl":"https:\/\/cosmetic.lv\/wp-content\/uploads\/2021\/02\/9_0-4.jpg","width":640,"height":467,"caption":"9_0.jpg"},{"@type":"BreadcrumbList","@id":"https:\/\/cosmetic.lv\/lv\/product\/vivasan-gljukohons-forte\/#breadcrumb","itemListElement":[{"@type":"ListItem","position":1,"name":"Home","item":"https:\/\/cosmetic.lv\/lv\/"},{"@type":"ListItem","position":2,"name":"Veikals","item":"https:\/\/cosmetic.lv\/lv\/veiklas\/"},{"@type":"ListItem","position":3,"name":"VIVASAN Gljukohons forte"}]},{"@type":"WebSite","@id":"https:\/\/cosmetic.lv\/lv\/#website","url":"https:\/\/cosmetic.lv\/lv\/","name":"cosmetic.lv","description":"Profesion\u0101la kosm\u0113tika - Maria Galland, Keune, Arkadija, GMT, Guam, Magiray","publisher":{"@id":"https:\/\/cosmetic.lv\/lv\/#organization"},"potentialAction":[{"@type":"SearchAction","target":{"@type":"EntryPoint","urlTemplate":"https:\/\/cosmetic.lv\/lv\/?s={search_term_string}"},"query-input":{"@type":"PropertyValueSpecification","valueRequired":true,"valueName":"search_term_string"}}],"inLanguage":"lv-LV"},{"@type":"Organization","@id":"https:\/\/cosmetic.lv\/lv\/#organization","name":"COSMETIC.LV","url":"https:\/\/cosmetic.lv\/lv\/","logo":{"@type":"ImageObject","inLanguage":"lv-LV","@id":"https:\/\/cosmetic.lv\/lv\/#\/schema\/logo\/image\/","url":"https:\/\/cosmetic.lv\/wp-content\/uploads\/2021\/02\/cosmetic.lv_logo.jpg","contentUrl":"https:\/\/cosmetic.lv\/wp-content\/uploads\/2021\/02\/cosmetic.lv_logo.jpg","width":596,"height":196,"caption":"COSMETIC.LV"},"image":{"@id":"https:\/\/cosmetic.lv\/lv\/#\/schema\/logo\/image\/"},"sameAs":["https:\/\/www.facebook.com\/cosmetic.lv\/"]}]},"product_price_amount":"43.78","product_price_currency":"EUR","og_availability":"instock","product_availability":"instock","product_retailer_item_id":"gl","product_condition":"new"},"_links":{"self":[{"href":"https:\/\/cosmetic.lv\/lv\/wp-json\/wp\/v2\/product\/34121","targetHints":{"allow":["GET"]}}],"collection":[{"href":"https:\/\/cosmetic.lv\/lv\/wp-json\/wp\/v2\/product"}],"about":[{"href":"https:\/\/cosmetic.lv\/lv\/wp-json\/wp\/v2\/types\/product"}],"wp:featuredmedia":[{"embeddable":true,"href":"https:\/\/cosmetic.lv\/lv\/wp-json\/wp\/v2\/media\/15808"}],"wp:attachment":[{"href":"https:\/\/cosmetic.lv\/lv\/wp-json\/wp\/v2\/media?parent=34121"}],"wp:term":[{"taxonomy":"product_brand","embeddable":true,"href":"https:\/\/cosmetic.lv\/lv\/wp-json\/wp\/v2\/product_brand?post=34121"},{"taxonomy":"product_cat","embeddable":true,"href":"https:\/\/cosmetic.lv\/lv\/wp-json\/wp\/v2\/product_cat?post=34121"},{"taxonomy":"product_tag","embeddable":true,"href":"https:\/\/cosmetic.lv\/lv\/wp-json\/wp\/v2\/product_tag?post=34121"}],"curies":[{"name":"wp","href":"https:\/\/api.w.org\/{rel}","templated":true}]}}