{"id":34129,"date":"2021-02-05T22:39:01","date_gmt":"2021-02-06T17:48:50","guid":{"rendered":"https:\/\/damme.lv\/product\/sesame-oil-100-sezama-kunzuta-ella\/"},"modified":"2023-10-28T18:15:45","modified_gmt":"2023-10-28T15:15:45","slug":"sesame-oil-100-sezama-kunzuta-ella","status":"publish","type":"product","link":"https:\/\/cosmetic.lv\/lv\/product\/sesame-oil-100-sezama-kunzuta-ella\/","title":{"rendered":"SESAME OIL   100% Sezama (kun\u017euta) e\u013c\u013ca 500ml"},"content":{"rendered":"<p>&nbsp;<\/p>\n<p>100% Sezama (kun\u017euta) e\u013c\u013ca<\/p>\n<p>Iek\u0161\u0137\u012bga lieto\u0161ana:<br \/>\nPopul\u0101ra e\u013c\u013ca ar pat\u012bkamu gar\u0161u un savdab\u012bgu arom\u0101tu. Ta izmantojama sal\u0101tu, mer\u010du, austrum\u0113dienu pagatavo\u0161anai. \u013boti stabila un lieliski aizvieto ol\u012bve\u013c\u013cu.<br \/>\nE\u013c\u013ca satur vitam\u012bnu E, asto\u0146as svar\u012bg\u0101kas aminosk\u0101bes. Nesatur holester\u012bnu.<\/p>\n<p>\u0100r\u012bga lieto\u0161ana:<br \/>\nPiem\u012bt harmoniz\u0113jo\u0161a iedarb\u012bba uz \u0101du un organismu kopum\u0101. Sezama e\u013c\u013ca m\u012bkstina sausu \u0101du, baro, mitrina, nov\u0113r\u0161 \u0101das priek\u0161laic\u012bgu noveco\u0161anos. Piedod \u0101dai elasticit\u0101ti un tvirtumu.<\/p>\n<p>Nov\u0113r\u0161 lob\u012b\u0161anos un iekaisumu, atjauno \u016bdens-lip\u012bdu l\u012bdzsvaru. Efekt\u012bvi izmantojama pretcelul\u012bta mais\u012bjumos. Gr\u016btniec\u012bbas laik\u0101 izmantojama k\u0101 pretstriju l\u012bdzeklis. E\u013c\u013ca ide\u0101li piem\u0113rota z\u012bdai\u0146u, b\u0113rnu \u0101das kop\u0161an\u0101. Ieteicama \u0101dai ap ac\u012bm, plaksti\u0146iem. Atjauno matu kr\u0101su, nostiprina un baro matu saknes, aizkav\u0113 plikpaur\u012bbas ra\u0161anos. Sezama e\u013c\u013cu var jaukt ar cit\u0101m e\u013c\u013c\u0101m vai izmantot vienu pa\u0161u.<\/p>\n<p>&nbsp;<\/p>\n<p>500 ml<\/p>\n<p>&nbsp;<\/p>\n","protected":false},"excerpt":{"rendered":"<p>&nbsp; 100% Sezama (kun\u017euta) e\u013c\u013ca Iek\u0161\u0137\u012bga lieto\u0161ana: Popul\u0101ra e\u013c\u013ca ar pat\u012bkamu gar\u0161u un savdab\u012bgu arom\u0101tu. Ta izmantojama sal\u0101tu, mer\u010du, austrum\u0113dienu<\/p>\n","protected":false},"featured_media":15830,"template":"","meta":[],"product_brand":[],"product_cat":[2239,2249],"product_tag":[],"class_list":{"0":"post-34129","1":"product","2":"type-product","3":"status-publish","4":"has-post-thumbnail","6":"product_cat-uztura-bagatinataji-lv","7":"product_cat-dabiskas-ella-lv","9":"first","10":"instock","11":"taxable","12":"shipping-taxable","13":"purchasable","14":"product-type-simple"},"yoast_head":"<!-- This site is optimized with the Yoast SEO Premium plugin v27.0 (Yoast SEO v27.0) - https:\/\/yoast.com\/product\/yoast-seo-premium-wordpress\/ -->\n<title>SESAME OIL  100% Sezama (kun\u017euta) e\u013c\u013ca 500ml - cosmetic.lv<\/title>\n<meta name=\"robots\" content=\"index, follow, max-snippet:-1, max-image-preview:large, max-video-preview:-1\" \/>\n<link rel=\"canonical\" href=\"https:\/\/cosmetic.lv\/lv\/product\/sesame-oil-100-sezama-kunzuta-ella\/\" \/>\n<meta property=\"og:locale\" content=\"lv_LV\" \/>\n<meta property=\"og:type\" content=\"article\" \/>\n<meta property=\"og:title\" content=\"SESAME OIL  100% Sezama (kun\u017euta) e\u013c\u013ca 500ml\" \/>\n<meta property=\"og:description\" content=\"&nbsp; 100% Sezama (kun\u017euta) e\u013c\u013ca Iek\u0161\u0137\u012bga lieto\u0161ana: Popul\u0101ra e\u013c\u013ca ar pat\u012bkamu gar\u0161u un savdab\u012bgu arom\u0101tu. Ta izmantojama sal\u0101tu, mer\u010du, austrum\u0113dienu\" \/>\n<meta property=\"og:url\" content=\"https:\/\/cosmetic.lv\/lv\/product\/sesame-oil-100-sezama-kunzuta-ella\/\" \/>\n<meta property=\"og:site_name\" content=\"cosmetic.lv\" \/>\n<meta property=\"article:publisher\" content=\"https:\/\/www.facebook.com\/cosmetic.lv\/\" \/>\n<meta property=\"article:modified_time\" content=\"2023-10-28T15:15:45+00:00\" \/>\n<meta property=\"og:image\" content=\"https:\/\/cosmetic.lv\/wp-content\/uploads\/2021\/02\/sezamoilorg-4.jpg\" \/>\n\t<meta property=\"og:image:width\" content=\"459\" \/>\n\t<meta property=\"og:image:height\" content=\"459\" \/>\n\t<meta property=\"og:image:type\" content=\"image\/jpeg\" \/>\n<meta name=\"twitter:card\" content=\"summary_large_image\" \/>\n<script type=\"application\/ld+json\" class=\"yoast-schema-graph\">{\"@context\":\"https:\/\/schema.org\",\"@graph\":[{\"@type\":\"WebPage\",\"@id\":\"https:\/\/cosmetic.lv\/lv\/product\/sesame-oil-100-sezama-kunzuta-ella\/\",\"url\":\"https:\/\/cosmetic.lv\/lv\/product\/sesame-oil-100-sezama-kunzuta-ella\/\",\"name\":\"SESAME OIL 100% Sezama (kun\u017euta) e\u013c\u013ca 500ml - cosmetic.lv\",\"isPartOf\":{\"@id\":\"https:\/\/cosmetic.lv\/lv\/#website\"},\"primaryImageOfPage\":{\"@id\":\"https:\/\/cosmetic.lv\/lv\/product\/sesame-oil-100-sezama-kunzuta-ella\/#primaryimage\"},\"image\":{\"@id\":\"https:\/\/cosmetic.lv\/lv\/product\/sesame-oil-100-sezama-kunzuta-ella\/#primaryimage\"},\"thumbnailUrl\":\"https:\/\/cosmetic.lv\/wp-content\/uploads\/2021\/02\/sezamoilorg-4.jpg\",\"datePublished\":\"2021-02-06T17:48:50+00:00\",\"dateModified\":\"2023-10-28T15:15:45+00:00\",\"breadcrumb\":{\"@id\":\"https:\/\/cosmetic.lv\/lv\/product\/sesame-oil-100-sezama-kunzuta-ella\/#breadcrumb\"},\"inLanguage\":\"lv-LV\",\"potentialAction\":[{\"@type\":\"ReadAction\",\"target\":[\"https:\/\/cosmetic.lv\/lv\/product\/sesame-oil-100-sezama-kunzuta-ella\/\"]}]},{\"@type\":\"ImageObject\",\"inLanguage\":\"lv-LV\",\"@id\":\"https:\/\/cosmetic.lv\/lv\/product\/sesame-oil-100-sezama-kunzuta-ella\/#primaryimage\",\"url\":\"https:\/\/cosmetic.lv\/wp-content\/uploads\/2021\/02\/sezamoilorg-4.jpg\",\"contentUrl\":\"https:\/\/cosmetic.lv\/wp-content\/uploads\/2021\/02\/sezamoilorg-4.jpg\",\"width\":459,\"height\":459,\"caption\":\"sezamoilorg.jpg\"},{\"@type\":\"BreadcrumbList\",\"@id\":\"https:\/\/cosmetic.lv\/lv\/product\/sesame-oil-100-sezama-kunzuta-ella\/#breadcrumb\",\"itemListElement\":[{\"@type\":\"ListItem\",\"position\":1,\"name\":\"Home\",\"item\":\"https:\/\/cosmetic.lv\/lv\/\"},{\"@type\":\"ListItem\",\"position\":2,\"name\":\"Veikals\",\"item\":\"https:\/\/cosmetic.lv\/lv\/veiklas\/\"},{\"@type\":\"ListItem\",\"position\":3,\"name\":\"SESAME OIL 100% Sezama (kun\u017euta) e\u013c\u013ca 500ml\"}]},{\"@type\":\"WebSite\",\"@id\":\"https:\/\/cosmetic.lv\/lv\/#website\",\"url\":\"https:\/\/cosmetic.lv\/lv\/\",\"name\":\"cosmetic.lv\",\"description\":\"Profesion\u0101la kosm\u0113tika - Maria Galland, Keune, Arkadija, GMT, Guam, Magiray\",\"publisher\":{\"@id\":\"https:\/\/cosmetic.lv\/lv\/#organization\"},\"potentialAction\":[{\"@type\":\"SearchAction\",\"target\":{\"@type\":\"EntryPoint\",\"urlTemplate\":\"https:\/\/cosmetic.lv\/lv\/?s={search_term_string}\"},\"query-input\":{\"@type\":\"PropertyValueSpecification\",\"valueRequired\":true,\"valueName\":\"search_term_string\"}}],\"inLanguage\":\"lv-LV\"},{\"@type\":\"Organization\",\"@id\":\"https:\/\/cosmetic.lv\/lv\/#organization\",\"name\":\"COSMETIC.LV\",\"url\":\"https:\/\/cosmetic.lv\/lv\/\",\"logo\":{\"@type\":\"ImageObject\",\"inLanguage\":\"lv-LV\",\"@id\":\"https:\/\/cosmetic.lv\/lv\/#\/schema\/logo\/image\/\",\"url\":\"https:\/\/cosmetic.lv\/wp-content\/uploads\/2021\/02\/cosmetic.lv_logo.jpg\",\"contentUrl\":\"https:\/\/cosmetic.lv\/wp-content\/uploads\/2021\/02\/cosmetic.lv_logo.jpg\",\"width\":596,\"height\":196,\"caption\":\"COSMETIC.LV\"},\"image\":{\"@id\":\"https:\/\/cosmetic.lv\/lv\/#\/schema\/logo\/image\/\"},\"sameAs\":[\"https:\/\/www.facebook.com\/cosmetic.lv\/\"]}]}<\/script>\n<meta property=\"product:price:amount\" content=\"7.00\" \/>\n<meta property=\"product:price:currency\" content=\"EUR\" \/>\n<meta property=\"og:availability\" content=\"instock\" \/>\n<meta property=\"product:availability\" content=\"instock\" \/>\n<meta property=\"product:retailer_item_id\" content=\"sez\" \/>\n<meta property=\"product:condition\" content=\"new\" \/>\n<!-- \/ Yoast SEO Premium plugin. -->","yoast_head_json":{"title":"SESAME OIL  100% Sezama (kun\u017euta) e\u013c\u013ca 500ml - cosmetic.lv","robots":{"index":"index","follow":"follow","max-snippet":"max-snippet:-1","max-image-preview":"max-image-preview:large","max-video-preview":"max-video-preview:-1"},"canonical":"https:\/\/cosmetic.lv\/lv\/product\/sesame-oil-100-sezama-kunzuta-ella\/","og_locale":"lv_LV","og_type":"article","og_title":"SESAME OIL  100% Sezama (kun\u017euta) e\u013c\u013ca 500ml","og_description":"&nbsp; 100% Sezama (kun\u017euta) e\u013c\u013ca Iek\u0161\u0137\u012bga lieto\u0161ana: Popul\u0101ra e\u013c\u013ca ar pat\u012bkamu gar\u0161u un savdab\u012bgu arom\u0101tu. Ta izmantojama sal\u0101tu, mer\u010du, austrum\u0113dienu","og_url":"https:\/\/cosmetic.lv\/lv\/product\/sesame-oil-100-sezama-kunzuta-ella\/","og_site_name":"cosmetic.lv","article_publisher":"https:\/\/www.facebook.com\/cosmetic.lv\/","article_modified_time":"2023-10-28T15:15:45+00:00","og_image":[{"width":459,"height":459,"url":"https:\/\/cosmetic.lv\/wp-content\/uploads\/2021\/02\/sezamoilorg-4.jpg","type":"image\/jpeg"}],"twitter_card":"summary_large_image","schema":{"@context":"https:\/\/schema.org","@graph":[{"@type":"WebPage","@id":"https:\/\/cosmetic.lv\/lv\/product\/sesame-oil-100-sezama-kunzuta-ella\/","url":"https:\/\/cosmetic.lv\/lv\/product\/sesame-oil-100-sezama-kunzuta-ella\/","name":"SESAME OIL 100% Sezama (kun\u017euta) e\u013c\u013ca 500ml - cosmetic.lv","isPartOf":{"@id":"https:\/\/cosmetic.lv\/lv\/#website"},"primaryImageOfPage":{"@id":"https:\/\/cosmetic.lv\/lv\/product\/sesame-oil-100-sezama-kunzuta-ella\/#primaryimage"},"image":{"@id":"https:\/\/cosmetic.lv\/lv\/product\/sesame-oil-100-sezama-kunzuta-ella\/#primaryimage"},"thumbnailUrl":"https:\/\/cosmetic.lv\/wp-content\/uploads\/2021\/02\/sezamoilorg-4.jpg","datePublished":"2021-02-06T17:48:50+00:00","dateModified":"2023-10-28T15:15:45+00:00","breadcrumb":{"@id":"https:\/\/cosmetic.lv\/lv\/product\/sesame-oil-100-sezama-kunzuta-ella\/#breadcrumb"},"inLanguage":"lv-LV","potentialAction":[{"@type":"ReadAction","target":["https:\/\/cosmetic.lv\/lv\/product\/sesame-oil-100-sezama-kunzuta-ella\/"]}]},{"@type":"ImageObject","inLanguage":"lv-LV","@id":"https:\/\/cosmetic.lv\/lv\/product\/sesame-oil-100-sezama-kunzuta-ella\/#primaryimage","url":"https:\/\/cosmetic.lv\/wp-content\/uploads\/2021\/02\/sezamoilorg-4.jpg","contentUrl":"https:\/\/cosmetic.lv\/wp-content\/uploads\/2021\/02\/sezamoilorg-4.jpg","width":459,"height":459,"caption":"sezamoilorg.jpg"},{"@type":"BreadcrumbList","@id":"https:\/\/cosmetic.lv\/lv\/product\/sesame-oil-100-sezama-kunzuta-ella\/#breadcrumb","itemListElement":[{"@type":"ListItem","position":1,"name":"Home","item":"https:\/\/cosmetic.lv\/lv\/"},{"@type":"ListItem","position":2,"name":"Veikals","item":"https:\/\/cosmetic.lv\/lv\/veiklas\/"},{"@type":"ListItem","position":3,"name":"SESAME OIL 100% Sezama (kun\u017euta) e\u013c\u013ca 500ml"}]},{"@type":"WebSite","@id":"https:\/\/cosmetic.lv\/lv\/#website","url":"https:\/\/cosmetic.lv\/lv\/","name":"cosmetic.lv","description":"Profesion\u0101la kosm\u0113tika - Maria Galland, Keune, Arkadija, GMT, Guam, Magiray","publisher":{"@id":"https:\/\/cosmetic.lv\/lv\/#organization"},"potentialAction":[{"@type":"SearchAction","target":{"@type":"EntryPoint","urlTemplate":"https:\/\/cosmetic.lv\/lv\/?s={search_term_string}"},"query-input":{"@type":"PropertyValueSpecification","valueRequired":true,"valueName":"search_term_string"}}],"inLanguage":"lv-LV"},{"@type":"Organization","@id":"https:\/\/cosmetic.lv\/lv\/#organization","name":"COSMETIC.LV","url":"https:\/\/cosmetic.lv\/lv\/","logo":{"@type":"ImageObject","inLanguage":"lv-LV","@id":"https:\/\/cosmetic.lv\/lv\/#\/schema\/logo\/image\/","url":"https:\/\/cosmetic.lv\/wp-content\/uploads\/2021\/02\/cosmetic.lv_logo.jpg","contentUrl":"https:\/\/cosmetic.lv\/wp-content\/uploads\/2021\/02\/cosmetic.lv_logo.jpg","width":596,"height":196,"caption":"COSMETIC.LV"},"image":{"@id":"https:\/\/cosmetic.lv\/lv\/#\/schema\/logo\/image\/"},"sameAs":["https:\/\/www.facebook.com\/cosmetic.lv\/"]}]},"product_price_amount":"7.00","product_price_currency":"EUR","og_availability":"instock","product_availability":"instock","product_retailer_item_id":"sez","product_condition":"new"},"_links":{"self":[{"href":"https:\/\/cosmetic.lv\/lv\/wp-json\/wp\/v2\/product\/34129","targetHints":{"allow":["GET"]}}],"collection":[{"href":"https:\/\/cosmetic.lv\/lv\/wp-json\/wp\/v2\/product"}],"about":[{"href":"https:\/\/cosmetic.lv\/lv\/wp-json\/wp\/v2\/types\/product"}],"wp:featuredmedia":[{"embeddable":true,"href":"https:\/\/cosmetic.lv\/lv\/wp-json\/wp\/v2\/media\/15830"}],"wp:attachment":[{"href":"https:\/\/cosmetic.lv\/lv\/wp-json\/wp\/v2\/media?parent=34129"}],"wp:term":[{"taxonomy":"product_brand","embeddable":true,"href":"https:\/\/cosmetic.lv\/lv\/wp-json\/wp\/v2\/product_brand?post=34129"},{"taxonomy":"product_cat","embeddable":true,"href":"https:\/\/cosmetic.lv\/lv\/wp-json\/wp\/v2\/product_cat?post=34129"},{"taxonomy":"product_tag","embeddable":true,"href":"https:\/\/cosmetic.lv\/lv\/wp-json\/wp\/v2\/product_tag?post=34129"}],"curies":[{"name":"wp","href":"https:\/\/api.w.org\/{rel}","templated":true}]}}