{"id":34132,"date":"2021-02-05T22:39:01","date_gmt":"2021-02-06T17:48:50","guid":{"rendered":"https:\/\/damme.lv\/product\/ashwagandha-organic\/"},"modified":"2021-02-12T10:17:36","modified_gmt":"2021-02-12T08:17:36","slug":"ashwagandha-organic","status":"publish","type":"product","link":"https:\/\/cosmetic.lv\/lv\/product\/ashwagandha-organic\/","title":{"rendered":"ASHWAGANDHA ORGANIC"},"content":{"rendered":"<p>&nbsp;<\/p>\n<p>ASHWAGANDHA ORGANIC Uztura bag\u0101tin\u0101t\u0101js. Izgatavots no sertific\u0113tiem organiskiem augiem. Nesatur konservantus, m\u0101ksl\u012bgas kr\u0101svielas, \u0137\u012bmiskas vielas un pestic\u012bdus. Piem\u0113rots ve\u0123et\u0101rie\u0161iem. Sast\u0101vs. Katra kapsula satur: Vit\u0101nija (Whitania somnifera)* A\u0161vaganda sakne &#8211; 400mg *CU \u2013 sertific\u0113ti organiskie augi Lieto\u0161ana: 2-4 kapsulas dien\u0101 \u0113\u0161anas laik\u0101. Br\u012bdin\u0101jums: Rekomend\u0113 nelietot produktu gr\u016btniec\u012bbas un z\u012bd\u012b\u0161anas laik\u0101. Ieteicams nep\u0101rsniegt rekomend\u0113jamo diennakts devu. \u0160is produkts nav dom\u0101ts k\u0101 pilnv\u0113rt\u012bga un sabalans\u0113ta uztura aizvietot\u0101js. Iepakojums: 60 kapsulas Ra\u017eot\u0101js: ORGANIC INDIA Ltd, Indija ORGANICINDIA USDA Organic Certification Indijas \u017ee\u0146\u0161e\u0146s (A\u0161vagandha) &#8211; ASHWAGANDHA_ORGANIC herbals A\u0161vagandha ir mazs kr\u016bms, 35-175 cm. \u0160im augam ir dzelten\u012bgi za\u013ci ziedi un sarkani aug\u013ci. T\u0101 garas br\u016bnas saknes izmanto medic\u012bn\u0101. ASHWAGANDHA ORGANIC herbals *Iev\u0113r\u012bbai! Jebkura nor\u0101de uz \u012bpa\u0161\u012bb\u0101m, kas piem\u012bt \u0161aj\u0101 produkt\u0101 eso\u0161aj\u0101m akt\u012bvaj\u0101m viel\u0101m, ir balst\u012bta uz autoritat\u012bvu avotu ieg\u016bto inform\u0101ciju, ta\u010du t\u0101s nesekm\u0113 galaprodukta iedarb\u012bbu un t\u0101 nav produkta rekl\u0101ma. Inform\u0101cijas avots: The Yoga of Herbs: (An Ayurvedic Guide to Herbal Medicine) by Dr Vasant Lad, Dr David Frawley, 1993.<\/p>\n<p>&nbsp;<\/p>\n","protected":false},"excerpt":{"rendered":"<p>&nbsp; ASHWAGANDHA ORGANIC Uztura bag\u0101tin\u0101t\u0101js. Izgatavots no sertific\u0113tiem organiskiem augiem. Nesatur konservantus, m\u0101ksl\u012bgas kr\u0101svielas, \u0137\u012bmiskas vielas un pestic\u012bdus. Piem\u0113rots ve\u0123et\u0101rie\u0161iem.<\/p>\n","protected":false},"featured_media":15839,"template":"","meta":[],"product_brand":[],"product_cat":[2357,2239],"product_tag":[],"class_list":{"0":"post-34132","1":"product","2":"type-product","3":"status-publish","4":"has-post-thumbnail","6":"product_cat-sirdis-nervi-stress","7":"product_cat-uztura-bagatinataji-lv","9":"first","10":"outofstock","11":"taxable","12":"shipping-taxable","13":"purchasable","14":"product-type-simple"},"yoast_head":"<!-- This site is optimized with the Yoast SEO Premium plugin v27.0 (Yoast SEO v27.0) - https:\/\/yoast.com\/product\/yoast-seo-premium-wordpress\/ -->\n<title>ASHWAGANDHA ORGANIC - cosmetic.lv<\/title>\n<meta name=\"robots\" content=\"index, follow, max-snippet:-1, max-image-preview:large, max-video-preview:-1\" \/>\n<link rel=\"canonical\" href=\"https:\/\/cosmetic.lv\/lv\/product\/ashwagandha-organic\/\" \/>\n<meta property=\"og:locale\" content=\"lv_LV\" \/>\n<meta property=\"og:type\" content=\"article\" \/>\n<meta property=\"og:title\" content=\"ASHWAGANDHA ORGANIC\" \/>\n<meta property=\"og:description\" content=\"&nbsp; ASHWAGANDHA ORGANIC Uztura bag\u0101tin\u0101t\u0101js. Izgatavots no sertific\u0113tiem organiskiem augiem. Nesatur konservantus, m\u0101ksl\u012bgas kr\u0101svielas, \u0137\u012bmiskas vielas un pestic\u012bdus. Piem\u0113rots ve\u0123et\u0101rie\u0161iem.\" \/>\n<meta property=\"og:url\" content=\"https:\/\/cosmetic.lv\/lv\/product\/ashwagandha-organic\/\" \/>\n<meta property=\"og:site_name\" content=\"cosmetic.lv\" \/>\n<meta property=\"article:publisher\" content=\"https:\/\/www.facebook.com\/cosmetic.lv\/\" \/>\n<meta property=\"article:modified_time\" content=\"2021-02-12T08:17:36+00:00\" \/>\n<meta property=\"og:image\" content=\"https:\/\/cosmetic.lv\/wp-content\/uploads\/2021\/02\/ashvag-4.jpg\" \/>\n\t<meta property=\"og:image:width\" content=\"324\" \/>\n\t<meta property=\"og:image:height\" content=\"324\" \/>\n\t<meta property=\"og:image:type\" content=\"image\/jpeg\" \/>\n<meta name=\"twitter:card\" content=\"summary_large_image\" \/>\n<script type=\"application\/ld+json\" class=\"yoast-schema-graph\">{\"@context\":\"https:\/\/schema.org\",\"@graph\":[{\"@type\":\"WebPage\",\"@id\":\"https:\/\/cosmetic.lv\/lv\/product\/ashwagandha-organic\/\",\"url\":\"https:\/\/cosmetic.lv\/lv\/product\/ashwagandha-organic\/\",\"name\":\"ASHWAGANDHA ORGANIC - cosmetic.lv\",\"isPartOf\":{\"@id\":\"https:\/\/cosmetic.lv\/lv\/#website\"},\"primaryImageOfPage\":{\"@id\":\"https:\/\/cosmetic.lv\/lv\/product\/ashwagandha-organic\/#primaryimage\"},\"image\":{\"@id\":\"https:\/\/cosmetic.lv\/lv\/product\/ashwagandha-organic\/#primaryimage\"},\"thumbnailUrl\":\"https:\/\/cosmetic.lv\/wp-content\/uploads\/2021\/02\/ashvag-4.jpg\",\"datePublished\":\"2021-02-06T17:48:50+00:00\",\"dateModified\":\"2021-02-12T08:17:36+00:00\",\"breadcrumb\":{\"@id\":\"https:\/\/cosmetic.lv\/lv\/product\/ashwagandha-organic\/#breadcrumb\"},\"inLanguage\":\"lv-LV\",\"potentialAction\":[{\"@type\":\"ReadAction\",\"target\":[\"https:\/\/cosmetic.lv\/lv\/product\/ashwagandha-organic\/\"]}]},{\"@type\":\"ImageObject\",\"inLanguage\":\"lv-LV\",\"@id\":\"https:\/\/cosmetic.lv\/lv\/product\/ashwagandha-organic\/#primaryimage\",\"url\":\"https:\/\/cosmetic.lv\/wp-content\/uploads\/2021\/02\/ashvag-4.jpg\",\"contentUrl\":\"https:\/\/cosmetic.lv\/wp-content\/uploads\/2021\/02\/ashvag-4.jpg\",\"width\":324,\"height\":324,\"caption\":\"ashvag.jpg\"},{\"@type\":\"BreadcrumbList\",\"@id\":\"https:\/\/cosmetic.lv\/lv\/product\/ashwagandha-organic\/#breadcrumb\",\"itemListElement\":[{\"@type\":\"ListItem\",\"position\":1,\"name\":\"Home\",\"item\":\"https:\/\/cosmetic.lv\/lv\/\"},{\"@type\":\"ListItem\",\"position\":2,\"name\":\"Veikals\",\"item\":\"https:\/\/cosmetic.lv\/lv\/veiklas\/\"},{\"@type\":\"ListItem\",\"position\":3,\"name\":\"ASHWAGANDHA ORGANIC\"}]},{\"@type\":\"WebSite\",\"@id\":\"https:\/\/cosmetic.lv\/lv\/#website\",\"url\":\"https:\/\/cosmetic.lv\/lv\/\",\"name\":\"cosmetic.lv\",\"description\":\"Profesion\u0101la kosm\u0113tika - Maria Galland, Keune, Arkadija, GMT, Guam, Magiray\",\"publisher\":{\"@id\":\"https:\/\/cosmetic.lv\/lv\/#organization\"},\"potentialAction\":[{\"@type\":\"SearchAction\",\"target\":{\"@type\":\"EntryPoint\",\"urlTemplate\":\"https:\/\/cosmetic.lv\/lv\/?s={search_term_string}\"},\"query-input\":{\"@type\":\"PropertyValueSpecification\",\"valueRequired\":true,\"valueName\":\"search_term_string\"}}],\"inLanguage\":\"lv-LV\"},{\"@type\":\"Organization\",\"@id\":\"https:\/\/cosmetic.lv\/lv\/#organization\",\"name\":\"COSMETIC.LV\",\"url\":\"https:\/\/cosmetic.lv\/lv\/\",\"logo\":{\"@type\":\"ImageObject\",\"inLanguage\":\"lv-LV\",\"@id\":\"https:\/\/cosmetic.lv\/lv\/#\/schema\/logo\/image\/\",\"url\":\"https:\/\/cosmetic.lv\/wp-content\/uploads\/2021\/02\/cosmetic.lv_logo.jpg\",\"contentUrl\":\"https:\/\/cosmetic.lv\/wp-content\/uploads\/2021\/02\/cosmetic.lv_logo.jpg\",\"width\":596,\"height\":196,\"caption\":\"COSMETIC.LV\"},\"image\":{\"@id\":\"https:\/\/cosmetic.lv\/lv\/#\/schema\/logo\/image\/\"},\"sameAs\":[\"https:\/\/www.facebook.com\/cosmetic.lv\/\"]}]}<\/script>\n<meta property=\"product:price:amount\" content=\"14.12\" \/>\n<meta property=\"product:price:currency\" content=\"EUR\" \/>\n<meta property=\"og:availability\" content=\"out of stock\" \/>\n<meta property=\"product:availability\" content=\"out of stock\" \/>\n<meta property=\"product:retailer_item_id\" content=\"aw\" \/>\n<meta property=\"product:condition\" content=\"new\" \/>\n<!-- \/ Yoast SEO Premium plugin. -->","yoast_head_json":{"title":"ASHWAGANDHA ORGANIC - cosmetic.lv","robots":{"index":"index","follow":"follow","max-snippet":"max-snippet:-1","max-image-preview":"max-image-preview:large","max-video-preview":"max-video-preview:-1"},"canonical":"https:\/\/cosmetic.lv\/lv\/product\/ashwagandha-organic\/","og_locale":"lv_LV","og_type":"article","og_title":"ASHWAGANDHA ORGANIC","og_description":"&nbsp; ASHWAGANDHA ORGANIC Uztura bag\u0101tin\u0101t\u0101js. Izgatavots no sertific\u0113tiem organiskiem augiem. Nesatur konservantus, m\u0101ksl\u012bgas kr\u0101svielas, \u0137\u012bmiskas vielas un pestic\u012bdus. Piem\u0113rots ve\u0123et\u0101rie\u0161iem.","og_url":"https:\/\/cosmetic.lv\/lv\/product\/ashwagandha-organic\/","og_site_name":"cosmetic.lv","article_publisher":"https:\/\/www.facebook.com\/cosmetic.lv\/","article_modified_time":"2021-02-12T08:17:36+00:00","og_image":[{"width":324,"height":324,"url":"https:\/\/cosmetic.lv\/wp-content\/uploads\/2021\/02\/ashvag-4.jpg","type":"image\/jpeg"}],"twitter_card":"summary_large_image","schema":{"@context":"https:\/\/schema.org","@graph":[{"@type":"WebPage","@id":"https:\/\/cosmetic.lv\/lv\/product\/ashwagandha-organic\/","url":"https:\/\/cosmetic.lv\/lv\/product\/ashwagandha-organic\/","name":"ASHWAGANDHA ORGANIC - cosmetic.lv","isPartOf":{"@id":"https:\/\/cosmetic.lv\/lv\/#website"},"primaryImageOfPage":{"@id":"https:\/\/cosmetic.lv\/lv\/product\/ashwagandha-organic\/#primaryimage"},"image":{"@id":"https:\/\/cosmetic.lv\/lv\/product\/ashwagandha-organic\/#primaryimage"},"thumbnailUrl":"https:\/\/cosmetic.lv\/wp-content\/uploads\/2021\/02\/ashvag-4.jpg","datePublished":"2021-02-06T17:48:50+00:00","dateModified":"2021-02-12T08:17:36+00:00","breadcrumb":{"@id":"https:\/\/cosmetic.lv\/lv\/product\/ashwagandha-organic\/#breadcrumb"},"inLanguage":"lv-LV","potentialAction":[{"@type":"ReadAction","target":["https:\/\/cosmetic.lv\/lv\/product\/ashwagandha-organic\/"]}]},{"@type":"ImageObject","inLanguage":"lv-LV","@id":"https:\/\/cosmetic.lv\/lv\/product\/ashwagandha-organic\/#primaryimage","url":"https:\/\/cosmetic.lv\/wp-content\/uploads\/2021\/02\/ashvag-4.jpg","contentUrl":"https:\/\/cosmetic.lv\/wp-content\/uploads\/2021\/02\/ashvag-4.jpg","width":324,"height":324,"caption":"ashvag.jpg"},{"@type":"BreadcrumbList","@id":"https:\/\/cosmetic.lv\/lv\/product\/ashwagandha-organic\/#breadcrumb","itemListElement":[{"@type":"ListItem","position":1,"name":"Home","item":"https:\/\/cosmetic.lv\/lv\/"},{"@type":"ListItem","position":2,"name":"Veikals","item":"https:\/\/cosmetic.lv\/lv\/veiklas\/"},{"@type":"ListItem","position":3,"name":"ASHWAGANDHA ORGANIC"}]},{"@type":"WebSite","@id":"https:\/\/cosmetic.lv\/lv\/#website","url":"https:\/\/cosmetic.lv\/lv\/","name":"cosmetic.lv","description":"Profesion\u0101la kosm\u0113tika - Maria Galland, Keune, Arkadija, GMT, Guam, Magiray","publisher":{"@id":"https:\/\/cosmetic.lv\/lv\/#organization"},"potentialAction":[{"@type":"SearchAction","target":{"@type":"EntryPoint","urlTemplate":"https:\/\/cosmetic.lv\/lv\/?s={search_term_string}"},"query-input":{"@type":"PropertyValueSpecification","valueRequired":true,"valueName":"search_term_string"}}],"inLanguage":"lv-LV"},{"@type":"Organization","@id":"https:\/\/cosmetic.lv\/lv\/#organization","name":"COSMETIC.LV","url":"https:\/\/cosmetic.lv\/lv\/","logo":{"@type":"ImageObject","inLanguage":"lv-LV","@id":"https:\/\/cosmetic.lv\/lv\/#\/schema\/logo\/image\/","url":"https:\/\/cosmetic.lv\/wp-content\/uploads\/2021\/02\/cosmetic.lv_logo.jpg","contentUrl":"https:\/\/cosmetic.lv\/wp-content\/uploads\/2021\/02\/cosmetic.lv_logo.jpg","width":596,"height":196,"caption":"COSMETIC.LV"},"image":{"@id":"https:\/\/cosmetic.lv\/lv\/#\/schema\/logo\/image\/"},"sameAs":["https:\/\/www.facebook.com\/cosmetic.lv\/"]}]},"product_price_amount":"14.12","product_price_currency":"EUR","og_availability":"out of stock","product_availability":"out of stock","product_retailer_item_id":"aw","product_condition":"new"},"_links":{"self":[{"href":"https:\/\/cosmetic.lv\/lv\/wp-json\/wp\/v2\/product\/34132","targetHints":{"allow":["GET"]}}],"collection":[{"href":"https:\/\/cosmetic.lv\/lv\/wp-json\/wp\/v2\/product"}],"about":[{"href":"https:\/\/cosmetic.lv\/lv\/wp-json\/wp\/v2\/types\/product"}],"wp:featuredmedia":[{"embeddable":true,"href":"https:\/\/cosmetic.lv\/lv\/wp-json\/wp\/v2\/media\/15839"}],"wp:attachment":[{"href":"https:\/\/cosmetic.lv\/lv\/wp-json\/wp\/v2\/media?parent=34132"}],"wp:term":[{"taxonomy":"product_brand","embeddable":true,"href":"https:\/\/cosmetic.lv\/lv\/wp-json\/wp\/v2\/product_brand?post=34132"},{"taxonomy":"product_cat","embeddable":true,"href":"https:\/\/cosmetic.lv\/lv\/wp-json\/wp\/v2\/product_cat?post=34132"},{"taxonomy":"product_tag","embeddable":true,"href":"https:\/\/cosmetic.lv\/lv\/wp-json\/wp\/v2\/product_tag?post=34132"}],"curies":[{"name":"wp","href":"https:\/\/api.w.org\/{rel}","templated":true}]}}