{"id":34135,"date":"2021-02-05T22:39:01","date_gmt":"2021-02-06T17:48:59","guid":{"rendered":"https:\/\/damme.lv\/product\/serenita-100-augu-kapsulas-labakam-miegam\/"},"modified":"2021-02-12T10:20:31","modified_gmt":"2021-02-12T08:20:31","slug":"serenita-100-augu-kapsulas-labakam-miegam","status":"publish","type":"product","link":"https:\/\/cosmetic.lv\/lv\/product\/serenita-100-augu-kapsulas-labakam-miegam\/","title":{"rendered":"Serenita   100% augu kapsulas lab\u0101kam miegam"},"content":{"rendered":"<p>Bar\u012bbu viela<\/p>\n<p>Serenita<br \/>\n100% augu kapsulas lab\u0101kam miegam.<\/p>\n<p>SERENITA kapsulu sast\u0101v\u0101 ir Kalifornijas magones ekstrakts, kas pal\u012bdz nodro\u0161in\u0101t norm\u0101lu atp\u016btu.<\/p>\n<p>Sast\u0101vs<br \/>\n1 kapsula satur:<br \/>\nKalifornijas magones ekstrakts\u00a0 &#8211; 97,90 mg<br \/>\nCitronm\u0113tras ekstrakts\u00a0\u00a0\u00a0\u00a0\u00a0\u00a0\u00a0\u00a0\u00a0\u00a0\u00a0 &#8211; 53,04 mg<br \/>\nSald\u0101 apels\u012bna ekstrakts\u00a0\u00a0\u00a0\u00a0\u00a0\u00a0\u00a0\u00a0\u00a0\u00a0 &#8211; 53,04 mg<br \/>\nPasifloras ekstrakts\u00a0\u00a0\u00a0\u00a0\u00a0\u00a0\u00a0\u00a0\u00a0\u00a0\u00a0\u00a0\u00a0\u00a0\u00a0\u00a0 &#8211; 48,96 mg<br \/>\nBaldri\u0101na ekstrakts\u00a0\u00a0\u00a0\u00a0\u00a0\u00a0\u00a0\u00a0\u00a0\u00a0\u00a0\u00a0\u00a0\u00a0\u00a0\u00a0 &#8211; 48,96 mg<br \/>\nApi\u0146u eksrakts\u00a0\u00a0\u00a0\u00a0\u00a0\u00a0\u00a0\u00a0\u00a0\u00a0\u00a0\u00a0\u00a0\u00a0\u00a0\u00a0\u00a0\u00a0\u00a0\u00a0\u00a0 &#8211; 48,96 mg<br \/>\nParastas liepas ekstrakts\u00a0\u00a0\u00a0\u00a0\u00a0\u00a0\u00a0\u00a0\u00a0 &#8211; 48,96 mg<\/p>\n<p>Rekomend\u0101cijas lieto\u0161anai: 1 kapsula vakar\u0101 pirms gul\u0113\u0161anas.<br \/>\nBr\u012bdin\u0101jums: Rekomend\u0113 nelietot produktu gr\u016btniec\u012bbas un z\u012bd\u012b\u0161anas laik\u0101.<br \/>\nIeteicams nep\u0101rsniegt rekomend\u0113jamo diennakts devu.<br \/>\n\u0160is produkts nav dom\u0101ts k\u0101 pilnv\u0113rt\u012bga un sabalans\u0113ta uztura aizvietot\u0101js.<\/p>\n<p>Ra\u017eot\u0101js: NATURA HOUSE<br \/>\nIepakojums: 60 kapsulas<\/p>\n","protected":false},"excerpt":{"rendered":"<p>Bar\u012bbu viela Serenita 100% augu kapsulas lab\u0101kam miegam. SERENITA kapsulu sast\u0101v\u0101 ir Kalifornijas magones ekstrakts, kas pal\u012bdz nodro\u0161in\u0101t norm\u0101lu atp\u016btu.<\/p>\n","protected":false},"featured_media":15848,"template":"","meta":[],"product_brand":[],"product_cat":[2357,2239],"product_tag":[],"class_list":{"0":"post-34135","1":"product","2":"type-product","3":"status-publish","4":"has-post-thumbnail","6":"product_cat-sirdis-nervi-stress","7":"product_cat-uztura-bagatinataji-lv","9":"first","10":"outofstock","11":"taxable","12":"shipping-taxable","13":"purchasable","14":"product-type-simple"},"yoast_head":"<!-- This site is optimized with the Yoast SEO Premium plugin v27.0 (Yoast SEO v27.0) - https:\/\/yoast.com\/product\/yoast-seo-premium-wordpress\/ -->\n<title>Serenita  100% augu kapsulas lab\u0101kam miegam - cosmetic.lv<\/title>\n<meta name=\"robots\" content=\"index, follow, max-snippet:-1, max-image-preview:large, max-video-preview:-1\" \/>\n<link rel=\"canonical\" href=\"https:\/\/cosmetic.lv\/lv\/product\/serenita-100-augu-kapsulas-labakam-miegam\/\" \/>\n<meta property=\"og:locale\" content=\"lv_LV\" \/>\n<meta property=\"og:type\" content=\"article\" \/>\n<meta property=\"og:title\" content=\"Serenita  100% augu kapsulas lab\u0101kam miegam\" \/>\n<meta property=\"og:description\" content=\"Bar\u012bbu viela Serenita 100% augu kapsulas lab\u0101kam miegam. SERENITA kapsulu sast\u0101v\u0101 ir Kalifornijas magones ekstrakts, kas pal\u012bdz nodro\u0161in\u0101t norm\u0101lu atp\u016btu.\" \/>\n<meta property=\"og:url\" content=\"https:\/\/cosmetic.lv\/lv\/product\/serenita-100-augu-kapsulas-labakam-miegam\/\" \/>\n<meta property=\"og:site_name\" content=\"cosmetic.lv\" \/>\n<meta property=\"article:publisher\" content=\"https:\/\/www.facebook.com\/cosmetic.lv\/\" \/>\n<meta property=\"article:modified_time\" content=\"2021-02-12T08:20:31+00:00\" \/>\n<meta property=\"og:image\" content=\"https:\/\/cosmetic.lv\/wp-content\/uploads\/2021\/02\/serenita-4.jpg\" \/>\n\t<meta property=\"og:image:width\" content=\"231\" \/>\n\t<meta property=\"og:image:height\" content=\"231\" \/>\n\t<meta property=\"og:image:type\" content=\"image\/jpeg\" \/>\n<meta name=\"twitter:card\" content=\"summary_large_image\" \/>\n<script type=\"application\/ld+json\" class=\"yoast-schema-graph\">{\"@context\":\"https:\/\/schema.org\",\"@graph\":[{\"@type\":\"WebPage\",\"@id\":\"https:\/\/cosmetic.lv\/lv\/product\/serenita-100-augu-kapsulas-labakam-miegam\/\",\"url\":\"https:\/\/cosmetic.lv\/lv\/product\/serenita-100-augu-kapsulas-labakam-miegam\/\",\"name\":\"Serenita 100% augu kapsulas lab\u0101kam miegam - cosmetic.lv\",\"isPartOf\":{\"@id\":\"https:\/\/cosmetic.lv\/lv\/#website\"},\"primaryImageOfPage\":{\"@id\":\"https:\/\/cosmetic.lv\/lv\/product\/serenita-100-augu-kapsulas-labakam-miegam\/#primaryimage\"},\"image\":{\"@id\":\"https:\/\/cosmetic.lv\/lv\/product\/serenita-100-augu-kapsulas-labakam-miegam\/#primaryimage\"},\"thumbnailUrl\":\"https:\/\/cosmetic.lv\/wp-content\/uploads\/2021\/02\/serenita-4.jpg\",\"datePublished\":\"2021-02-06T17:48:59+00:00\",\"dateModified\":\"2021-02-12T08:20:31+00:00\",\"breadcrumb\":{\"@id\":\"https:\/\/cosmetic.lv\/lv\/product\/serenita-100-augu-kapsulas-labakam-miegam\/#breadcrumb\"},\"inLanguage\":\"lv-LV\",\"potentialAction\":[{\"@type\":\"ReadAction\",\"target\":[\"https:\/\/cosmetic.lv\/lv\/product\/serenita-100-augu-kapsulas-labakam-miegam\/\"]}]},{\"@type\":\"ImageObject\",\"inLanguage\":\"lv-LV\",\"@id\":\"https:\/\/cosmetic.lv\/lv\/product\/serenita-100-augu-kapsulas-labakam-miegam\/#primaryimage\",\"url\":\"https:\/\/cosmetic.lv\/wp-content\/uploads\/2021\/02\/serenita-4.jpg\",\"contentUrl\":\"https:\/\/cosmetic.lv\/wp-content\/uploads\/2021\/02\/serenita-4.jpg\",\"width\":231,\"height\":231,\"caption\":\"serenita.jpg\"},{\"@type\":\"BreadcrumbList\",\"@id\":\"https:\/\/cosmetic.lv\/lv\/product\/serenita-100-augu-kapsulas-labakam-miegam\/#breadcrumb\",\"itemListElement\":[{\"@type\":\"ListItem\",\"position\":1,\"name\":\"Home\",\"item\":\"https:\/\/cosmetic.lv\/lv\/\"},{\"@type\":\"ListItem\",\"position\":2,\"name\":\"Veikals\",\"item\":\"https:\/\/cosmetic.lv\/lv\/veiklas\/\"},{\"@type\":\"ListItem\",\"position\":3,\"name\":\"Serenita 100% augu kapsulas lab\u0101kam miegam\"}]},{\"@type\":\"WebSite\",\"@id\":\"https:\/\/cosmetic.lv\/lv\/#website\",\"url\":\"https:\/\/cosmetic.lv\/lv\/\",\"name\":\"cosmetic.lv\",\"description\":\"Profesion\u0101la kosm\u0113tika - Maria Galland, Keune, Arkadija, GMT, Guam, Magiray\",\"publisher\":{\"@id\":\"https:\/\/cosmetic.lv\/lv\/#organization\"},\"potentialAction\":[{\"@type\":\"SearchAction\",\"target\":{\"@type\":\"EntryPoint\",\"urlTemplate\":\"https:\/\/cosmetic.lv\/lv\/?s={search_term_string}\"},\"query-input\":{\"@type\":\"PropertyValueSpecification\",\"valueRequired\":true,\"valueName\":\"search_term_string\"}}],\"inLanguage\":\"lv-LV\"},{\"@type\":\"Organization\",\"@id\":\"https:\/\/cosmetic.lv\/lv\/#organization\",\"name\":\"COSMETIC.LV\",\"url\":\"https:\/\/cosmetic.lv\/lv\/\",\"logo\":{\"@type\":\"ImageObject\",\"inLanguage\":\"lv-LV\",\"@id\":\"https:\/\/cosmetic.lv\/lv\/#\/schema\/logo\/image\/\",\"url\":\"https:\/\/cosmetic.lv\/wp-content\/uploads\/2021\/02\/cosmetic.lv_logo.jpg\",\"contentUrl\":\"https:\/\/cosmetic.lv\/wp-content\/uploads\/2021\/02\/cosmetic.lv_logo.jpg\",\"width\":596,\"height\":196,\"caption\":\"COSMETIC.LV\"},\"image\":{\"@id\":\"https:\/\/cosmetic.lv\/lv\/#\/schema\/logo\/image\/\"},\"sameAs\":[\"https:\/\/www.facebook.com\/cosmetic.lv\/\"]}]}<\/script>\n<meta property=\"product:price:amount\" content=\"18.00\" \/>\n<meta property=\"product:price:currency\" content=\"EUR\" \/>\n<meta property=\"og:availability\" content=\"out of stock\" \/>\n<meta property=\"product:availability\" content=\"out of stock\" \/>\n<meta property=\"product:retailer_item_id\" content=\"ser\" \/>\n<meta property=\"product:condition\" content=\"new\" \/>\n<!-- \/ Yoast SEO Premium plugin. -->","yoast_head_json":{"title":"Serenita  100% augu kapsulas lab\u0101kam miegam - cosmetic.lv","robots":{"index":"index","follow":"follow","max-snippet":"max-snippet:-1","max-image-preview":"max-image-preview:large","max-video-preview":"max-video-preview:-1"},"canonical":"https:\/\/cosmetic.lv\/lv\/product\/serenita-100-augu-kapsulas-labakam-miegam\/","og_locale":"lv_LV","og_type":"article","og_title":"Serenita  100% augu kapsulas lab\u0101kam miegam","og_description":"Bar\u012bbu viela Serenita 100% augu kapsulas lab\u0101kam miegam. SERENITA kapsulu sast\u0101v\u0101 ir Kalifornijas magones ekstrakts, kas pal\u012bdz nodro\u0161in\u0101t norm\u0101lu atp\u016btu.","og_url":"https:\/\/cosmetic.lv\/lv\/product\/serenita-100-augu-kapsulas-labakam-miegam\/","og_site_name":"cosmetic.lv","article_publisher":"https:\/\/www.facebook.com\/cosmetic.lv\/","article_modified_time":"2021-02-12T08:20:31+00:00","og_image":[{"width":231,"height":231,"url":"https:\/\/cosmetic.lv\/wp-content\/uploads\/2021\/02\/serenita-4.jpg","type":"image\/jpeg"}],"twitter_card":"summary_large_image","schema":{"@context":"https:\/\/schema.org","@graph":[{"@type":"WebPage","@id":"https:\/\/cosmetic.lv\/lv\/product\/serenita-100-augu-kapsulas-labakam-miegam\/","url":"https:\/\/cosmetic.lv\/lv\/product\/serenita-100-augu-kapsulas-labakam-miegam\/","name":"Serenita 100% augu kapsulas lab\u0101kam miegam - cosmetic.lv","isPartOf":{"@id":"https:\/\/cosmetic.lv\/lv\/#website"},"primaryImageOfPage":{"@id":"https:\/\/cosmetic.lv\/lv\/product\/serenita-100-augu-kapsulas-labakam-miegam\/#primaryimage"},"image":{"@id":"https:\/\/cosmetic.lv\/lv\/product\/serenita-100-augu-kapsulas-labakam-miegam\/#primaryimage"},"thumbnailUrl":"https:\/\/cosmetic.lv\/wp-content\/uploads\/2021\/02\/serenita-4.jpg","datePublished":"2021-02-06T17:48:59+00:00","dateModified":"2021-02-12T08:20:31+00:00","breadcrumb":{"@id":"https:\/\/cosmetic.lv\/lv\/product\/serenita-100-augu-kapsulas-labakam-miegam\/#breadcrumb"},"inLanguage":"lv-LV","potentialAction":[{"@type":"ReadAction","target":["https:\/\/cosmetic.lv\/lv\/product\/serenita-100-augu-kapsulas-labakam-miegam\/"]}]},{"@type":"ImageObject","inLanguage":"lv-LV","@id":"https:\/\/cosmetic.lv\/lv\/product\/serenita-100-augu-kapsulas-labakam-miegam\/#primaryimage","url":"https:\/\/cosmetic.lv\/wp-content\/uploads\/2021\/02\/serenita-4.jpg","contentUrl":"https:\/\/cosmetic.lv\/wp-content\/uploads\/2021\/02\/serenita-4.jpg","width":231,"height":231,"caption":"serenita.jpg"},{"@type":"BreadcrumbList","@id":"https:\/\/cosmetic.lv\/lv\/product\/serenita-100-augu-kapsulas-labakam-miegam\/#breadcrumb","itemListElement":[{"@type":"ListItem","position":1,"name":"Home","item":"https:\/\/cosmetic.lv\/lv\/"},{"@type":"ListItem","position":2,"name":"Veikals","item":"https:\/\/cosmetic.lv\/lv\/veiklas\/"},{"@type":"ListItem","position":3,"name":"Serenita 100% augu kapsulas lab\u0101kam miegam"}]},{"@type":"WebSite","@id":"https:\/\/cosmetic.lv\/lv\/#website","url":"https:\/\/cosmetic.lv\/lv\/","name":"cosmetic.lv","description":"Profesion\u0101la kosm\u0113tika - Maria Galland, Keune, Arkadija, GMT, Guam, Magiray","publisher":{"@id":"https:\/\/cosmetic.lv\/lv\/#organization"},"potentialAction":[{"@type":"SearchAction","target":{"@type":"EntryPoint","urlTemplate":"https:\/\/cosmetic.lv\/lv\/?s={search_term_string}"},"query-input":{"@type":"PropertyValueSpecification","valueRequired":true,"valueName":"search_term_string"}}],"inLanguage":"lv-LV"},{"@type":"Organization","@id":"https:\/\/cosmetic.lv\/lv\/#organization","name":"COSMETIC.LV","url":"https:\/\/cosmetic.lv\/lv\/","logo":{"@type":"ImageObject","inLanguage":"lv-LV","@id":"https:\/\/cosmetic.lv\/lv\/#\/schema\/logo\/image\/","url":"https:\/\/cosmetic.lv\/wp-content\/uploads\/2021\/02\/cosmetic.lv_logo.jpg","contentUrl":"https:\/\/cosmetic.lv\/wp-content\/uploads\/2021\/02\/cosmetic.lv_logo.jpg","width":596,"height":196,"caption":"COSMETIC.LV"},"image":{"@id":"https:\/\/cosmetic.lv\/lv\/#\/schema\/logo\/image\/"},"sameAs":["https:\/\/www.facebook.com\/cosmetic.lv\/"]}]},"product_price_amount":"18.00","product_price_currency":"EUR","og_availability":"out of stock","product_availability":"out of stock","product_retailer_item_id":"ser","product_condition":"new"},"_links":{"self":[{"href":"https:\/\/cosmetic.lv\/lv\/wp-json\/wp\/v2\/product\/34135","targetHints":{"allow":["GET"]}}],"collection":[{"href":"https:\/\/cosmetic.lv\/lv\/wp-json\/wp\/v2\/product"}],"about":[{"href":"https:\/\/cosmetic.lv\/lv\/wp-json\/wp\/v2\/types\/product"}],"wp:featuredmedia":[{"embeddable":true,"href":"https:\/\/cosmetic.lv\/lv\/wp-json\/wp\/v2\/media\/15848"}],"wp:attachment":[{"href":"https:\/\/cosmetic.lv\/lv\/wp-json\/wp\/v2\/media?parent=34135"}],"wp:term":[{"taxonomy":"product_brand","embeddable":true,"href":"https:\/\/cosmetic.lv\/lv\/wp-json\/wp\/v2\/product_brand?post=34135"},{"taxonomy":"product_cat","embeddable":true,"href":"https:\/\/cosmetic.lv\/lv\/wp-json\/wp\/v2\/product_cat?post=34135"},{"taxonomy":"product_tag","embeddable":true,"href":"https:\/\/cosmetic.lv\/lv\/wp-json\/wp\/v2\/product_tag?post=34135"}],"curies":[{"name":"wp","href":"https:\/\/api.w.org\/{rel}","templated":true}]}}