{"id":34167,"date":"2021-02-05T22:39:32","date_gmt":"2021-02-06T17:49:23","guid":{"rendered":"https:\/\/damme.lv\/product\/echosline-loson-protiv-perhoti-i-kontrol-zhirnosti-volos-t4\/"},"modified":"2021-02-06T19:49:25","modified_gmt":"2021-02-06T17:49:25","slug":"echosline-loson-protiv-perhoti-i-kontrol-zhirnosti-volos-t4","status":"publish","type":"product","link":"https:\/\/cosmetic.lv\/lv\/product\/echosline-loson-protiv-perhoti-i-kontrol-zhirnosti-volos-t4\/","title":{"rendered":"ECHOSLINE \u041b\u041e\u0421\u042c\u041e\u041d \u041f\u0420\u041e\u0422\u0418\u0412 \u041f\u0415\u0420\u0425\u041e\u0422\u0418 \u0418 \u041a\u041e\u041d\u0422\u0420\u041e\u041b\u042c \u0416\u0418\u0420\u041d\u041e\u0421\u0422\u0418 \u0412\u041e\u041b\u041e\u0421 T4"},"content":{"rendered":"<p><P>Att\u012bro\u0161\u0101 un antimikrobu iedarb\u012bba notiek pateicoties di\u017edad\u017ea un n\u0101tres ekstraktiem un Piroctone Olamine, kuri pal\u012bdz atrisin\u0101t blaugznu probl\u0113mu un noregul\u0113t p\u0101rm\u0113r\u012bgu tauku dziedzeru darb\u012bbu.<\/P><br \/>\n<P>LIETO\u0160ANA: p\u0113c mazg\u0101\u0161anas ar \u0161amp\u016bnu S4 vai S4 PLUSS, nosusiniet matus ar dvieli, uzkl\u0101jiet losjonu uz galvas \u0101das un iemas\u0113jiet. Neskalot.<\/P><br \/>\n<P>Programma: intens\u012bvais cikls: 2 reizes ned\u0113\u013cas, 6 ned\u0113\u013cu laik\u0101. Atbalsto\u0161ais cikls: 1 reizi ned\u0113\u013c\u0101 &#8211; 3 m\u0113ne\u0161us.<\/P><br \/>\n<P>&nbsp;<\/P><br \/>\n<P>Svars\/Tilpums: 12x10ml<\/P><\/p>\n","protected":false},"excerpt":{"rendered":"<p>Att\u012bro\u0161\u0101 un antimikrobu iedarb\u012bba notiek pateicoties di\u017edad\u017ea un n\u0101tres ekstraktiem un Piroctone Olamine, kuri pal\u012bdz atrisin\u0101t blaugznu probl\u0113mu un noregul\u0113t<\/p>\n","protected":false},"featured_media":15942,"template":"","meta":[],"product_brand":[],"product_cat":[2258,2266],"product_tag":[],"class_list":{"0":"post-34167","1":"product","2":"type-product","3":"status-publish","4":"has-post-thumbnail","6":"product_cat-profesionala-kosmetika-matiem-lv","7":"product_cat-echosline-professional-italy-lv","9":"first","10":"outofstock","11":"taxable","12":"shipping-taxable","13":"purchasable","14":"product-type-simple"},"yoast_head":"<!-- This site is optimized with the Yoast SEO Premium plugin v27.0 (Yoast SEO v27.0) - https:\/\/yoast.com\/product\/yoast-seo-premium-wordpress\/ -->\n<title>ECHOSLINE \u041b\u041e\u0421\u042c\u041e\u041d \u041f\u0420\u041e\u0422\u0418\u0412 \u041f\u0415\u0420\u0425\u041e\u0422\u0418 \u0418 \u041a\u041e\u041d\u0422\u0420\u041e\u041b\u042c \u0416\u0418\u0420\u041d\u041e\u0421\u0422\u0418 \u0412\u041e\u041b\u041e\u0421 T4 - cosmetic.lv<\/title>\n<meta name=\"robots\" content=\"index, follow, max-snippet:-1, max-image-preview:large, max-video-preview:-1\" \/>\n<link rel=\"canonical\" href=\"https:\/\/cosmetic.lv\/lv\/product\/echosline-loson-protiv-perhoti-i-kontrol-zhirnosti-volos-t4\/\" \/>\n<meta property=\"og:locale\" content=\"lv_LV\" \/>\n<meta property=\"og:type\" content=\"article\" \/>\n<meta property=\"og:title\" content=\"ECHOSLINE \u041b\u041e\u0421\u042c\u041e\u041d \u041f\u0420\u041e\u0422\u0418\u0412 \u041f\u0415\u0420\u0425\u041e\u0422\u0418 \u0418 \u041a\u041e\u041d\u0422\u0420\u041e\u041b\u042c \u0416\u0418\u0420\u041d\u041e\u0421\u0422\u0418 \u0412\u041e\u041b\u041e\u0421 T4\" \/>\n<meta property=\"og:description\" content=\"Att\u012bro\u0161\u0101 un antimikrobu iedarb\u012bba notiek pateicoties di\u017edad\u017ea un n\u0101tres ekstraktiem un Piroctone Olamine, kuri pal\u012bdz atrisin\u0101t blaugznu probl\u0113mu un noregul\u0113t\" \/>\n<meta property=\"og:url\" content=\"https:\/\/cosmetic.lv\/lv\/product\/echosline-loson-protiv-perhoti-i-kontrol-zhirnosti-volos-t4\/\" \/>\n<meta property=\"og:site_name\" content=\"cosmetic.lv\" \/>\n<meta property=\"article:publisher\" content=\"https:\/\/www.facebook.com\/cosmetic.lv\/\" \/>\n<meta property=\"article:modified_time\" content=\"2021-02-06T17:49:25+00:00\" \/>\n<meta property=\"og:image\" content=\"https:\/\/cosmetic.lv\/wp-content\/uploads\/2021\/02\/echosline_t4-4.gif\" \/>\n\t<meta property=\"og:image:width\" content=\"400\" \/>\n\t<meta property=\"og:image:height\" content=\"400\" \/>\n\t<meta property=\"og:image:type\" content=\"image\/gif\" \/>\n<meta name=\"twitter:card\" content=\"summary_large_image\" \/>\n<script type=\"application\/ld+json\" class=\"yoast-schema-graph\">{\"@context\":\"https:\/\/schema.org\",\"@graph\":[{\"@type\":\"WebPage\",\"@id\":\"https:\/\/cosmetic.lv\/lv\/product\/echosline-loson-protiv-perhoti-i-kontrol-zhirnosti-volos-t4\/\",\"url\":\"https:\/\/cosmetic.lv\/lv\/product\/echosline-loson-protiv-perhoti-i-kontrol-zhirnosti-volos-t4\/\",\"name\":\"ECHOSLINE \u041b\u041e\u0421\u042c\u041e\u041d \u041f\u0420\u041e\u0422\u0418\u0412 \u041f\u0415\u0420\u0425\u041e\u0422\u0418 \u0418 \u041a\u041e\u041d\u0422\u0420\u041e\u041b\u042c \u0416\u0418\u0420\u041d\u041e\u0421\u0422\u0418 \u0412\u041e\u041b\u041e\u0421 T4 - cosmetic.lv\",\"isPartOf\":{\"@id\":\"https:\/\/cosmetic.lv\/lv\/#website\"},\"primaryImageOfPage\":{\"@id\":\"https:\/\/cosmetic.lv\/lv\/product\/echosline-loson-protiv-perhoti-i-kontrol-zhirnosti-volos-t4\/#primaryimage\"},\"image\":{\"@id\":\"https:\/\/cosmetic.lv\/lv\/product\/echosline-loson-protiv-perhoti-i-kontrol-zhirnosti-volos-t4\/#primaryimage\"},\"thumbnailUrl\":\"https:\/\/cosmetic.lv\/wp-content\/uploads\/2021\/02\/echosline_t4-4.gif\",\"datePublished\":\"2021-02-06T17:49:23+00:00\",\"dateModified\":\"2021-02-06T17:49:25+00:00\",\"breadcrumb\":{\"@id\":\"https:\/\/cosmetic.lv\/lv\/product\/echosline-loson-protiv-perhoti-i-kontrol-zhirnosti-volos-t4\/#breadcrumb\"},\"inLanguage\":\"lv-LV\",\"potentialAction\":[{\"@type\":\"ReadAction\",\"target\":[\"https:\/\/cosmetic.lv\/lv\/product\/echosline-loson-protiv-perhoti-i-kontrol-zhirnosti-volos-t4\/\"]}]},{\"@type\":\"ImageObject\",\"inLanguage\":\"lv-LV\",\"@id\":\"https:\/\/cosmetic.lv\/lv\/product\/echosline-loson-protiv-perhoti-i-kontrol-zhirnosti-volos-t4\/#primaryimage\",\"url\":\"https:\/\/cosmetic.lv\/wp-content\/uploads\/2021\/02\/echosline_t4-4.gif\",\"contentUrl\":\"https:\/\/cosmetic.lv\/wp-content\/uploads\/2021\/02\/echosline_t4-4.gif\",\"width\":400,\"height\":400,\"caption\":\"echosline_t4.gif\"},{\"@type\":\"BreadcrumbList\",\"@id\":\"https:\/\/cosmetic.lv\/lv\/product\/echosline-loson-protiv-perhoti-i-kontrol-zhirnosti-volos-t4\/#breadcrumb\",\"itemListElement\":[{\"@type\":\"ListItem\",\"position\":1,\"name\":\"Home\",\"item\":\"https:\/\/cosmetic.lv\/lv\/\"},{\"@type\":\"ListItem\",\"position\":2,\"name\":\"Veikals\",\"item\":\"https:\/\/cosmetic.lv\/lv\/veiklas\/\"},{\"@type\":\"ListItem\",\"position\":3,\"name\":\"ECHOSLINE \u041b\u041e\u0421\u042c\u041e\u041d \u041f\u0420\u041e\u0422\u0418\u0412 \u041f\u0415\u0420\u0425\u041e\u0422\u0418 \u0418 \u041a\u041e\u041d\u0422\u0420\u041e\u041b\u042c \u0416\u0418\u0420\u041d\u041e\u0421\u0422\u0418 \u0412\u041e\u041b\u041e\u0421 T4\"}]},{\"@type\":\"WebSite\",\"@id\":\"https:\/\/cosmetic.lv\/lv\/#website\",\"url\":\"https:\/\/cosmetic.lv\/lv\/\",\"name\":\"cosmetic.lv\",\"description\":\"Profesion\u0101la kosm\u0113tika - Maria Galland, Keune, Arkadija, GMT, Guam, Magiray\",\"publisher\":{\"@id\":\"https:\/\/cosmetic.lv\/lv\/#organization\"},\"potentialAction\":[{\"@type\":\"SearchAction\",\"target\":{\"@type\":\"EntryPoint\",\"urlTemplate\":\"https:\/\/cosmetic.lv\/lv\/?s={search_term_string}\"},\"query-input\":{\"@type\":\"PropertyValueSpecification\",\"valueRequired\":true,\"valueName\":\"search_term_string\"}}],\"inLanguage\":\"lv-LV\"},{\"@type\":\"Organization\",\"@id\":\"https:\/\/cosmetic.lv\/lv\/#organization\",\"name\":\"COSMETIC.LV\",\"url\":\"https:\/\/cosmetic.lv\/lv\/\",\"logo\":{\"@type\":\"ImageObject\",\"inLanguage\":\"lv-LV\",\"@id\":\"https:\/\/cosmetic.lv\/lv\/#\/schema\/logo\/image\/\",\"url\":\"https:\/\/cosmetic.lv\/wp-content\/uploads\/2021\/02\/cosmetic.lv_logo.jpg\",\"contentUrl\":\"https:\/\/cosmetic.lv\/wp-content\/uploads\/2021\/02\/cosmetic.lv_logo.jpg\",\"width\":596,\"height\":196,\"caption\":\"COSMETIC.LV\"},\"image\":{\"@id\":\"https:\/\/cosmetic.lv\/lv\/#\/schema\/logo\/image\/\"},\"sameAs\":[\"https:\/\/www.facebook.com\/cosmetic.lv\/\"]}]}<\/script>\n<meta property=\"product:price:amount\" content=\"21.30\" \/>\n<meta property=\"product:price:currency\" content=\"EUR\" \/>\n<meta property=\"og:availability\" content=\"out of stock\" \/>\n<meta property=\"product:availability\" content=\"out of stock\" \/>\n<meta property=\"product:retailer_item_id\" content=\"ex\" \/>\n<meta property=\"product:condition\" content=\"new\" \/>\n<!-- \/ Yoast SEO Premium plugin. -->","yoast_head_json":{"title":"ECHOSLINE \u041b\u041e\u0421\u042c\u041e\u041d \u041f\u0420\u041e\u0422\u0418\u0412 \u041f\u0415\u0420\u0425\u041e\u0422\u0418 \u0418 \u041a\u041e\u041d\u0422\u0420\u041e\u041b\u042c \u0416\u0418\u0420\u041d\u041e\u0421\u0422\u0418 \u0412\u041e\u041b\u041e\u0421 T4 - cosmetic.lv","robots":{"index":"index","follow":"follow","max-snippet":"max-snippet:-1","max-image-preview":"max-image-preview:large","max-video-preview":"max-video-preview:-1"},"canonical":"https:\/\/cosmetic.lv\/lv\/product\/echosline-loson-protiv-perhoti-i-kontrol-zhirnosti-volos-t4\/","og_locale":"lv_LV","og_type":"article","og_title":"ECHOSLINE \u041b\u041e\u0421\u042c\u041e\u041d \u041f\u0420\u041e\u0422\u0418\u0412 \u041f\u0415\u0420\u0425\u041e\u0422\u0418 \u0418 \u041a\u041e\u041d\u0422\u0420\u041e\u041b\u042c \u0416\u0418\u0420\u041d\u041e\u0421\u0422\u0418 \u0412\u041e\u041b\u041e\u0421 T4","og_description":"Att\u012bro\u0161\u0101 un antimikrobu iedarb\u012bba notiek pateicoties di\u017edad\u017ea un n\u0101tres ekstraktiem un Piroctone Olamine, kuri pal\u012bdz atrisin\u0101t blaugznu probl\u0113mu un noregul\u0113t","og_url":"https:\/\/cosmetic.lv\/lv\/product\/echosline-loson-protiv-perhoti-i-kontrol-zhirnosti-volos-t4\/","og_site_name":"cosmetic.lv","article_publisher":"https:\/\/www.facebook.com\/cosmetic.lv\/","article_modified_time":"2021-02-06T17:49:25+00:00","og_image":[{"width":400,"height":400,"url":"https:\/\/cosmetic.lv\/wp-content\/uploads\/2021\/02\/echosline_t4-4.gif","type":"image\/gif"}],"twitter_card":"summary_large_image","schema":{"@context":"https:\/\/schema.org","@graph":[{"@type":"WebPage","@id":"https:\/\/cosmetic.lv\/lv\/product\/echosline-loson-protiv-perhoti-i-kontrol-zhirnosti-volos-t4\/","url":"https:\/\/cosmetic.lv\/lv\/product\/echosline-loson-protiv-perhoti-i-kontrol-zhirnosti-volos-t4\/","name":"ECHOSLINE \u041b\u041e\u0421\u042c\u041e\u041d \u041f\u0420\u041e\u0422\u0418\u0412 \u041f\u0415\u0420\u0425\u041e\u0422\u0418 \u0418 \u041a\u041e\u041d\u0422\u0420\u041e\u041b\u042c \u0416\u0418\u0420\u041d\u041e\u0421\u0422\u0418 \u0412\u041e\u041b\u041e\u0421 T4 - cosmetic.lv","isPartOf":{"@id":"https:\/\/cosmetic.lv\/lv\/#website"},"primaryImageOfPage":{"@id":"https:\/\/cosmetic.lv\/lv\/product\/echosline-loson-protiv-perhoti-i-kontrol-zhirnosti-volos-t4\/#primaryimage"},"image":{"@id":"https:\/\/cosmetic.lv\/lv\/product\/echosline-loson-protiv-perhoti-i-kontrol-zhirnosti-volos-t4\/#primaryimage"},"thumbnailUrl":"https:\/\/cosmetic.lv\/wp-content\/uploads\/2021\/02\/echosline_t4-4.gif","datePublished":"2021-02-06T17:49:23+00:00","dateModified":"2021-02-06T17:49:25+00:00","breadcrumb":{"@id":"https:\/\/cosmetic.lv\/lv\/product\/echosline-loson-protiv-perhoti-i-kontrol-zhirnosti-volos-t4\/#breadcrumb"},"inLanguage":"lv-LV","potentialAction":[{"@type":"ReadAction","target":["https:\/\/cosmetic.lv\/lv\/product\/echosline-loson-protiv-perhoti-i-kontrol-zhirnosti-volos-t4\/"]}]},{"@type":"ImageObject","inLanguage":"lv-LV","@id":"https:\/\/cosmetic.lv\/lv\/product\/echosline-loson-protiv-perhoti-i-kontrol-zhirnosti-volos-t4\/#primaryimage","url":"https:\/\/cosmetic.lv\/wp-content\/uploads\/2021\/02\/echosline_t4-4.gif","contentUrl":"https:\/\/cosmetic.lv\/wp-content\/uploads\/2021\/02\/echosline_t4-4.gif","width":400,"height":400,"caption":"echosline_t4.gif"},{"@type":"BreadcrumbList","@id":"https:\/\/cosmetic.lv\/lv\/product\/echosline-loson-protiv-perhoti-i-kontrol-zhirnosti-volos-t4\/#breadcrumb","itemListElement":[{"@type":"ListItem","position":1,"name":"Home","item":"https:\/\/cosmetic.lv\/lv\/"},{"@type":"ListItem","position":2,"name":"Veikals","item":"https:\/\/cosmetic.lv\/lv\/veiklas\/"},{"@type":"ListItem","position":3,"name":"ECHOSLINE \u041b\u041e\u0421\u042c\u041e\u041d \u041f\u0420\u041e\u0422\u0418\u0412 \u041f\u0415\u0420\u0425\u041e\u0422\u0418 \u0418 \u041a\u041e\u041d\u0422\u0420\u041e\u041b\u042c \u0416\u0418\u0420\u041d\u041e\u0421\u0422\u0418 \u0412\u041e\u041b\u041e\u0421 T4"}]},{"@type":"WebSite","@id":"https:\/\/cosmetic.lv\/lv\/#website","url":"https:\/\/cosmetic.lv\/lv\/","name":"cosmetic.lv","description":"Profesion\u0101la kosm\u0113tika - Maria Galland, Keune, Arkadija, GMT, Guam, Magiray","publisher":{"@id":"https:\/\/cosmetic.lv\/lv\/#organization"},"potentialAction":[{"@type":"SearchAction","target":{"@type":"EntryPoint","urlTemplate":"https:\/\/cosmetic.lv\/lv\/?s={search_term_string}"},"query-input":{"@type":"PropertyValueSpecification","valueRequired":true,"valueName":"search_term_string"}}],"inLanguage":"lv-LV"},{"@type":"Organization","@id":"https:\/\/cosmetic.lv\/lv\/#organization","name":"COSMETIC.LV","url":"https:\/\/cosmetic.lv\/lv\/","logo":{"@type":"ImageObject","inLanguage":"lv-LV","@id":"https:\/\/cosmetic.lv\/lv\/#\/schema\/logo\/image\/","url":"https:\/\/cosmetic.lv\/wp-content\/uploads\/2021\/02\/cosmetic.lv_logo.jpg","contentUrl":"https:\/\/cosmetic.lv\/wp-content\/uploads\/2021\/02\/cosmetic.lv_logo.jpg","width":596,"height":196,"caption":"COSMETIC.LV"},"image":{"@id":"https:\/\/cosmetic.lv\/lv\/#\/schema\/logo\/image\/"},"sameAs":["https:\/\/www.facebook.com\/cosmetic.lv\/"]}]},"product_price_amount":"21.30","product_price_currency":"EUR","og_availability":"out of stock","product_availability":"out of stock","product_retailer_item_id":"ex","product_condition":"new"},"_links":{"self":[{"href":"https:\/\/cosmetic.lv\/lv\/wp-json\/wp\/v2\/product\/34167","targetHints":{"allow":["GET"]}}],"collection":[{"href":"https:\/\/cosmetic.lv\/lv\/wp-json\/wp\/v2\/product"}],"about":[{"href":"https:\/\/cosmetic.lv\/lv\/wp-json\/wp\/v2\/types\/product"}],"wp:featuredmedia":[{"embeddable":true,"href":"https:\/\/cosmetic.lv\/lv\/wp-json\/wp\/v2\/media\/15942"}],"wp:attachment":[{"href":"https:\/\/cosmetic.lv\/lv\/wp-json\/wp\/v2\/media?parent=34167"}],"wp:term":[{"taxonomy":"product_brand","embeddable":true,"href":"https:\/\/cosmetic.lv\/lv\/wp-json\/wp\/v2\/product_brand?post=34167"},{"taxonomy":"product_cat","embeddable":true,"href":"https:\/\/cosmetic.lv\/lv\/wp-json\/wp\/v2\/product_cat?post=34167"},{"taxonomy":"product_tag","embeddable":true,"href":"https:\/\/cosmetic.lv\/lv\/wp-json\/wp\/v2\/product_tag?post=34167"}],"curies":[{"name":"wp","href":"https:\/\/api.w.org\/{rel}","templated":true}]}}