{"id":34168,"date":"2021-02-05T22:39:32","date_gmt":"2021-02-06T17:49:23","guid":{"rendered":"https:\/\/damme.lv\/product\/echosline-seliar-ar-arganu-ellu\/"},"modified":"2021-02-06T19:49:26","modified_gmt":"2021-02-06T17:49:26","slug":"echosline-seliar-ar-arganu-ellu","status":"publish","type":"product","link":"https:\/\/cosmetic.lv\/lv\/product\/echosline-seliar-ar-arganu-ellu\/","title":{"rendered":"ECHOSLINE SELI\u00c1R ar arganu e\u013c\u013cu"},"content":{"rendered":"<p><P>SELI\u00c1R Barojo\u0161a maska ar arganu e\u013c\u013cu.<\/P><br \/>\n<P>Satur linu seklu e\u013c\u013cu un z\u012bda prote\u012bnus. Piem\u012bt intens\u012bva mitrino\u0161a iedarb\u012bba. Atjaunojo\u0161a maska at\u0161\u0137etina matus, baro un atjauno matiem vesel\u012bgu skatu, mirdzumu, z\u012bdainu m\u012bkstumu un elast\u012bgumu. Padara matus viegli \u0137emm\u0113jamus. LIETO\u0160ANA: uzkl\u0101t uz mitriem matiem, atst\u0101t uz 5 min. un izskalot.<\/P><\/p>\n","protected":false},"excerpt":{"rendered":"<p>SELI\u00c1R Barojo\u0161a maska ar arganu e\u013c\u013cu. Satur linu seklu e\u013c\u013cu un z\u012bda prote\u012bnus. Piem\u012bt intens\u012bva mitrino\u0161a iedarb\u012bba. Atjaunojo\u0161a maska at\u0161\u0137etina<\/p>\n","protected":false},"featured_media":15945,"template":"","meta":[],"product_brand":[],"product_cat":[2258,2266],"product_tag":[],"class_list":{"0":"post-34168","1":"product","2":"type-product","3":"status-publish","4":"has-post-thumbnail","6":"product_cat-profesionala-kosmetika-matiem-lv","7":"product_cat-echosline-professional-italy-lv","9":"first","10":"instock","11":"taxable","12":"shipping-taxable","13":"purchasable","14":"product-type-simple"},"yoast_head":"<!-- This site is optimized with the Yoast SEO Premium plugin v27.0 (Yoast SEO v27.0) - https:\/\/yoast.com\/product\/yoast-seo-premium-wordpress\/ -->\n<title>ECHOSLINE SELI\u00c1R ar arganu e\u013c\u013cu - cosmetic.lv<\/title>\n<meta name=\"robots\" content=\"index, follow, max-snippet:-1, max-image-preview:large, max-video-preview:-1\" \/>\n<link rel=\"canonical\" href=\"https:\/\/cosmetic.lv\/lv\/product\/echosline-seliar-ar-arganu-ellu\/\" \/>\n<meta property=\"og:locale\" content=\"lv_LV\" \/>\n<meta property=\"og:type\" content=\"article\" \/>\n<meta property=\"og:title\" content=\"ECHOSLINE SELI\u00c1R ar arganu e\u013c\u013cu\" \/>\n<meta property=\"og:description\" content=\"SELI\u00c1R Barojo\u0161a maska ar arganu e\u013c\u013cu. Satur linu seklu e\u013c\u013cu un z\u012bda prote\u012bnus. Piem\u012bt intens\u012bva mitrino\u0161a iedarb\u012bba. Atjaunojo\u0161a maska at\u0161\u0137etina\" \/>\n<meta property=\"og:url\" content=\"https:\/\/cosmetic.lv\/lv\/product\/echosline-seliar-ar-arganu-ellu\/\" \/>\n<meta property=\"og:site_name\" content=\"cosmetic.lv\" \/>\n<meta property=\"article:publisher\" content=\"https:\/\/www.facebook.com\/cosmetic.lv\/\" \/>\n<meta property=\"article:modified_time\" content=\"2021-02-06T17:49:26+00:00\" \/>\n<meta property=\"og:image\" content=\"https:\/\/cosmetic.lv\/wp-content\/uploads\/2021\/02\/selir_500__3295_0_3856_s2-4.jpg\" \/>\n\t<meta property=\"og:image:width\" content=\"200\" \/>\n\t<meta property=\"og:image:height\" content=\"200\" \/>\n\t<meta property=\"og:image:type\" content=\"image\/jpeg\" \/>\n<meta name=\"twitter:card\" content=\"summary_large_image\" \/>\n<script type=\"application\/ld+json\" class=\"yoast-schema-graph\">{\"@context\":\"https:\/\/schema.org\",\"@graph\":[{\"@type\":\"WebPage\",\"@id\":\"https:\/\/cosmetic.lv\/lv\/product\/echosline-seliar-ar-arganu-ellu\/\",\"url\":\"https:\/\/cosmetic.lv\/lv\/product\/echosline-seliar-ar-arganu-ellu\/\",\"name\":\"ECHOSLINE SELI\u00c1R ar arganu e\u013c\u013cu - cosmetic.lv\",\"isPartOf\":{\"@id\":\"https:\/\/cosmetic.lv\/lv\/#website\"},\"primaryImageOfPage\":{\"@id\":\"https:\/\/cosmetic.lv\/lv\/product\/echosline-seliar-ar-arganu-ellu\/#primaryimage\"},\"image\":{\"@id\":\"https:\/\/cosmetic.lv\/lv\/product\/echosline-seliar-ar-arganu-ellu\/#primaryimage\"},\"thumbnailUrl\":\"https:\/\/cosmetic.lv\/wp-content\/uploads\/2021\/02\/selir_500__3295_0_3856_s2-4.jpg\",\"datePublished\":\"2021-02-06T17:49:23+00:00\",\"dateModified\":\"2021-02-06T17:49:26+00:00\",\"breadcrumb\":{\"@id\":\"https:\/\/cosmetic.lv\/lv\/product\/echosline-seliar-ar-arganu-ellu\/#breadcrumb\"},\"inLanguage\":\"lv-LV\",\"potentialAction\":[{\"@type\":\"ReadAction\",\"target\":[\"https:\/\/cosmetic.lv\/lv\/product\/echosline-seliar-ar-arganu-ellu\/\"]}]},{\"@type\":\"ImageObject\",\"inLanguage\":\"lv-LV\",\"@id\":\"https:\/\/cosmetic.lv\/lv\/product\/echosline-seliar-ar-arganu-ellu\/#primaryimage\",\"url\":\"https:\/\/cosmetic.lv\/wp-content\/uploads\/2021\/02\/selir_500__3295_0_3856_s2-4.jpg\",\"contentUrl\":\"https:\/\/cosmetic.lv\/wp-content\/uploads\/2021\/02\/selir_500__3295_0_3856_s2-4.jpg\",\"width\":200,\"height\":200,\"caption\":\"selir_500__3295_0_3856_s2.jpg\"},{\"@type\":\"BreadcrumbList\",\"@id\":\"https:\/\/cosmetic.lv\/lv\/product\/echosline-seliar-ar-arganu-ellu\/#breadcrumb\",\"itemListElement\":[{\"@type\":\"ListItem\",\"position\":1,\"name\":\"Home\",\"item\":\"https:\/\/cosmetic.lv\/lv\/\"},{\"@type\":\"ListItem\",\"position\":2,\"name\":\"Veikals\",\"item\":\"https:\/\/cosmetic.lv\/lv\/veiklas\/\"},{\"@type\":\"ListItem\",\"position\":3,\"name\":\"ECHOSLINE SELI\u00c1R ar arganu e\u013c\u013cu\"}]},{\"@type\":\"WebSite\",\"@id\":\"https:\/\/cosmetic.lv\/lv\/#website\",\"url\":\"https:\/\/cosmetic.lv\/lv\/\",\"name\":\"cosmetic.lv\",\"description\":\"Profesion\u0101la kosm\u0113tika - Maria Galland, Keune, Arkadija, GMT, Guam, Magiray\",\"publisher\":{\"@id\":\"https:\/\/cosmetic.lv\/lv\/#organization\"},\"potentialAction\":[{\"@type\":\"SearchAction\",\"target\":{\"@type\":\"EntryPoint\",\"urlTemplate\":\"https:\/\/cosmetic.lv\/lv\/?s={search_term_string}\"},\"query-input\":{\"@type\":\"PropertyValueSpecification\",\"valueRequired\":true,\"valueName\":\"search_term_string\"}}],\"inLanguage\":\"lv-LV\"},{\"@type\":\"Organization\",\"@id\":\"https:\/\/cosmetic.lv\/lv\/#organization\",\"name\":\"COSMETIC.LV\",\"url\":\"https:\/\/cosmetic.lv\/lv\/\",\"logo\":{\"@type\":\"ImageObject\",\"inLanguage\":\"lv-LV\",\"@id\":\"https:\/\/cosmetic.lv\/lv\/#\/schema\/logo\/image\/\",\"url\":\"https:\/\/cosmetic.lv\/wp-content\/uploads\/2021\/02\/cosmetic.lv_logo.jpg\",\"contentUrl\":\"https:\/\/cosmetic.lv\/wp-content\/uploads\/2021\/02\/cosmetic.lv_logo.jpg\",\"width\":596,\"height\":196,\"caption\":\"COSMETIC.LV\"},\"image\":{\"@id\":\"https:\/\/cosmetic.lv\/lv\/#\/schema\/logo\/image\/\"},\"sameAs\":[\"https:\/\/www.facebook.com\/cosmetic.lv\/\"]}]}<\/script>\n<meta property=\"product:price:amount\" content=\"11.00\" \/>\n<meta property=\"product:price:currency\" content=\"EUR\" \/>\n<meta property=\"og:availability\" content=\"instock\" \/>\n<meta property=\"product:availability\" content=\"instock\" \/>\n<meta property=\"product:retailer_item_id\" content=\"exm\" \/>\n<meta property=\"product:condition\" content=\"new\" \/>\n<!-- \/ Yoast SEO Premium plugin. -->","yoast_head_json":{"title":"ECHOSLINE SELI\u00c1R ar arganu e\u013c\u013cu - cosmetic.lv","robots":{"index":"index","follow":"follow","max-snippet":"max-snippet:-1","max-image-preview":"max-image-preview:large","max-video-preview":"max-video-preview:-1"},"canonical":"https:\/\/cosmetic.lv\/lv\/product\/echosline-seliar-ar-arganu-ellu\/","og_locale":"lv_LV","og_type":"article","og_title":"ECHOSLINE SELI\u00c1R ar arganu e\u013c\u013cu","og_description":"SELI\u00c1R Barojo\u0161a maska ar arganu e\u013c\u013cu. Satur linu seklu e\u013c\u013cu un z\u012bda prote\u012bnus. Piem\u012bt intens\u012bva mitrino\u0161a iedarb\u012bba. Atjaunojo\u0161a maska at\u0161\u0137etina","og_url":"https:\/\/cosmetic.lv\/lv\/product\/echosline-seliar-ar-arganu-ellu\/","og_site_name":"cosmetic.lv","article_publisher":"https:\/\/www.facebook.com\/cosmetic.lv\/","article_modified_time":"2021-02-06T17:49:26+00:00","og_image":[{"width":200,"height":200,"url":"https:\/\/cosmetic.lv\/wp-content\/uploads\/2021\/02\/selir_500__3295_0_3856_s2-4.jpg","type":"image\/jpeg"}],"twitter_card":"summary_large_image","schema":{"@context":"https:\/\/schema.org","@graph":[{"@type":"WebPage","@id":"https:\/\/cosmetic.lv\/lv\/product\/echosline-seliar-ar-arganu-ellu\/","url":"https:\/\/cosmetic.lv\/lv\/product\/echosline-seliar-ar-arganu-ellu\/","name":"ECHOSLINE SELI\u00c1R ar arganu e\u013c\u013cu - cosmetic.lv","isPartOf":{"@id":"https:\/\/cosmetic.lv\/lv\/#website"},"primaryImageOfPage":{"@id":"https:\/\/cosmetic.lv\/lv\/product\/echosline-seliar-ar-arganu-ellu\/#primaryimage"},"image":{"@id":"https:\/\/cosmetic.lv\/lv\/product\/echosline-seliar-ar-arganu-ellu\/#primaryimage"},"thumbnailUrl":"https:\/\/cosmetic.lv\/wp-content\/uploads\/2021\/02\/selir_500__3295_0_3856_s2-4.jpg","datePublished":"2021-02-06T17:49:23+00:00","dateModified":"2021-02-06T17:49:26+00:00","breadcrumb":{"@id":"https:\/\/cosmetic.lv\/lv\/product\/echosline-seliar-ar-arganu-ellu\/#breadcrumb"},"inLanguage":"lv-LV","potentialAction":[{"@type":"ReadAction","target":["https:\/\/cosmetic.lv\/lv\/product\/echosline-seliar-ar-arganu-ellu\/"]}]},{"@type":"ImageObject","inLanguage":"lv-LV","@id":"https:\/\/cosmetic.lv\/lv\/product\/echosline-seliar-ar-arganu-ellu\/#primaryimage","url":"https:\/\/cosmetic.lv\/wp-content\/uploads\/2021\/02\/selir_500__3295_0_3856_s2-4.jpg","contentUrl":"https:\/\/cosmetic.lv\/wp-content\/uploads\/2021\/02\/selir_500__3295_0_3856_s2-4.jpg","width":200,"height":200,"caption":"selir_500__3295_0_3856_s2.jpg"},{"@type":"BreadcrumbList","@id":"https:\/\/cosmetic.lv\/lv\/product\/echosline-seliar-ar-arganu-ellu\/#breadcrumb","itemListElement":[{"@type":"ListItem","position":1,"name":"Home","item":"https:\/\/cosmetic.lv\/lv\/"},{"@type":"ListItem","position":2,"name":"Veikals","item":"https:\/\/cosmetic.lv\/lv\/veiklas\/"},{"@type":"ListItem","position":3,"name":"ECHOSLINE SELI\u00c1R ar arganu e\u013c\u013cu"}]},{"@type":"WebSite","@id":"https:\/\/cosmetic.lv\/lv\/#website","url":"https:\/\/cosmetic.lv\/lv\/","name":"cosmetic.lv","description":"Profesion\u0101la kosm\u0113tika - Maria Galland, Keune, Arkadija, GMT, Guam, Magiray","publisher":{"@id":"https:\/\/cosmetic.lv\/lv\/#organization"},"potentialAction":[{"@type":"SearchAction","target":{"@type":"EntryPoint","urlTemplate":"https:\/\/cosmetic.lv\/lv\/?s={search_term_string}"},"query-input":{"@type":"PropertyValueSpecification","valueRequired":true,"valueName":"search_term_string"}}],"inLanguage":"lv-LV"},{"@type":"Organization","@id":"https:\/\/cosmetic.lv\/lv\/#organization","name":"COSMETIC.LV","url":"https:\/\/cosmetic.lv\/lv\/","logo":{"@type":"ImageObject","inLanguage":"lv-LV","@id":"https:\/\/cosmetic.lv\/lv\/#\/schema\/logo\/image\/","url":"https:\/\/cosmetic.lv\/wp-content\/uploads\/2021\/02\/cosmetic.lv_logo.jpg","contentUrl":"https:\/\/cosmetic.lv\/wp-content\/uploads\/2021\/02\/cosmetic.lv_logo.jpg","width":596,"height":196,"caption":"COSMETIC.LV"},"image":{"@id":"https:\/\/cosmetic.lv\/lv\/#\/schema\/logo\/image\/"},"sameAs":["https:\/\/www.facebook.com\/cosmetic.lv\/"]}]},"product_price_amount":"11.00","product_price_currency":"EUR","og_availability":"instock","product_availability":"instock","product_retailer_item_id":"exm","product_condition":"new"},"_links":{"self":[{"href":"https:\/\/cosmetic.lv\/lv\/wp-json\/wp\/v2\/product\/34168","targetHints":{"allow":["GET"]}}],"collection":[{"href":"https:\/\/cosmetic.lv\/lv\/wp-json\/wp\/v2\/product"}],"about":[{"href":"https:\/\/cosmetic.lv\/lv\/wp-json\/wp\/v2\/types\/product"}],"wp:featuredmedia":[{"embeddable":true,"href":"https:\/\/cosmetic.lv\/lv\/wp-json\/wp\/v2\/media\/15945"}],"wp:attachment":[{"href":"https:\/\/cosmetic.lv\/lv\/wp-json\/wp\/v2\/media?parent=34168"}],"wp:term":[{"taxonomy":"product_brand","embeddable":true,"href":"https:\/\/cosmetic.lv\/lv\/wp-json\/wp\/v2\/product_brand?post=34168"},{"taxonomy":"product_cat","embeddable":true,"href":"https:\/\/cosmetic.lv\/lv\/wp-json\/wp\/v2\/product_cat?post=34168"},{"taxonomy":"product_tag","embeddable":true,"href":"https:\/\/cosmetic.lv\/lv\/wp-json\/wp\/v2\/product_tag?post=34168"}],"curies":[{"name":"wp","href":"https:\/\/api.w.org\/{rel}","templated":true}]}}