{"id":34172,"date":"2021-02-05T22:39:32","date_gmt":"2021-02-06T17:49:23","guid":{"rendered":"https:\/\/damme.lv\/product\/davines-solu-shampoo-aktivi-delikats-sampuns-ar-atsvaidzinosu-iedarbibu\/"},"modified":"2021-02-06T19:49:29","modified_gmt":"2021-02-06T17:49:29","slug":"davines-solu-shampoo-aktivi-delikats-sampuns-ar-atsvaidzinosu-iedarbibu","status":"publish","type":"product","link":"https:\/\/cosmetic.lv\/lv\/product\/davines-solu-shampoo-aktivi-delikats-sampuns-ar-atsvaidzinosu-iedarbibu\/","title":{"rendered":"DAVINES  SOLU Shampoo Akt\u012bvi delik\u0101ts \u0161amp\u016bns ar atsvaidzino\u0161u iedarb\u012bbu"},"content":{"rendered":"<p><P>Dzi\u013ci att\u012bra matus un atbr\u012bvo tos no jebkuru veido\u0161anas produktu p\u0113d\u0101m. SOLU \u0161amp\u016bns ar kutikulu aizvero\u0161u un antistatistisku iedarb\u012bbu, tiek ieteikts ikdienas matu mazg\u0101\u0161anai cilv\u0113kiem, kas nodarbojas ar sportu. Sast\u0101vda\u013c\u0101s: maigi mande\u013cu prote\u012bni ar mitrino\u0161u, aizsarg\u0101jo\u0161u un kondicion\u0113jo\u0161u iedarb\u012bbu. Mie\u017eu ekstrakts, bag\u0101tin\u0101ts ar \u0113teriskaj\u0101m tauksk\u0101b\u0113m, ar aizsarg\u0101jo\u0161u un un galvas \u0101das nomierino\u0161u efektu. Ol\u012bvu ANPHOACETATE (dab\u012bga sast\u0101vda\u013ca) ar aizsarg\u0101jo\u0161u un mitrino\u0161u efektu. <\/P><br \/>\n<P>Rezult\u0101ts: mati ir z\u012bdaini, viegli \u0137emm\u0113jami ar labu strukt\u016bru. <BR>\u0410\u043a\u0442\u0438\u0432\u043d\u044b\u0439 \u0434\u0435\u043b\u0438\u043a\u0430\u0442\u043d\u044b\u0439 \u0448\u0430\u043c\u043f\u0443\u043d\u044c \u0441 \u043e\u0441\u0432\u0435\u0436\u0430\u044e\u0449\u0438\u043c \u0434\u0435\u0439\u0441\u0442\u0432\u0438\u0435.<\/P><\/p>\n","protected":false},"excerpt":{"rendered":"<p>Dzi\u013ci att\u012bra matus un atbr\u012bvo tos no jebkuru veido\u0161anas produktu p\u0113d\u0101m. SOLU \u0161amp\u016bns ar kutikulu aizvero\u0161u un antistatistisku iedarb\u012bbu, tiek<\/p>\n","protected":false},"featured_media":15957,"template":"","meta":[],"product_brand":[],"product_cat":[2258,2260,2265],"product_tag":[],"class_list":{"0":"post-34172","1":"product","2":"type-product","3":"status-publish","4":"has-post-thumbnail","6":"product_cat-profesionala-kosmetika-matiem-lv","7":"product_cat-davines-italija-lv","8":"product_cat-matu-sampuni-lv","10":"first","11":"outofstock","12":"taxable","13":"shipping-taxable","14":"purchasable","15":"product-type-simple"},"yoast_head":"<!-- This site is optimized with the Yoast SEO Premium plugin v27.0 (Yoast SEO v27.0) - https:\/\/yoast.com\/product\/yoast-seo-premium-wordpress\/ -->\n<title>DAVINES SOLU Shampoo Akt\u012bvi delik\u0101ts \u0161amp\u016bns ar atsvaidzino\u0161u iedarb\u012bbu - cosmetic.lv<\/title>\n<meta name=\"robots\" content=\"index, follow, max-snippet:-1, max-image-preview:large, max-video-preview:-1\" \/>\n<link rel=\"canonical\" href=\"https:\/\/cosmetic.lv\/lv\/product\/davines-solu-shampoo-aktivi-delikats-sampuns-ar-atsvaidzinosu-iedarbibu\/\" \/>\n<meta property=\"og:locale\" content=\"lv_LV\" \/>\n<meta property=\"og:type\" content=\"article\" \/>\n<meta property=\"og:title\" content=\"DAVINES SOLU Shampoo Akt\u012bvi delik\u0101ts \u0161amp\u016bns ar atsvaidzino\u0161u iedarb\u012bbu\" \/>\n<meta property=\"og:description\" content=\"Dzi\u013ci att\u012bra matus un atbr\u012bvo tos no jebkuru veido\u0161anas produktu p\u0113d\u0101m. SOLU \u0161amp\u016bns ar kutikulu aizvero\u0161u un antistatistisku iedarb\u012bbu, tiek\" \/>\n<meta property=\"og:url\" content=\"https:\/\/cosmetic.lv\/lv\/product\/davines-solu-shampoo-aktivi-delikats-sampuns-ar-atsvaidzinosu-iedarbibu\/\" \/>\n<meta property=\"og:site_name\" content=\"cosmetic.lv\" \/>\n<meta property=\"article:publisher\" content=\"https:\/\/www.facebook.com\/cosmetic.lv\/\" \/>\n<meta property=\"article:modified_time\" content=\"2021-02-06T17:49:29+00:00\" \/>\n<meta property=\"og:image\" content=\"https:\/\/cosmetic.lv\/wp-content\/uploads\/2021\/02\/dav_19-4.jpg\" \/>\n\t<meta property=\"og:image:width\" content=\"350\" \/>\n\t<meta property=\"og:image:height\" content=\"350\" \/>\n\t<meta property=\"og:image:type\" content=\"image\/jpeg\" \/>\n<meta name=\"twitter:card\" content=\"summary_large_image\" \/>\n<script type=\"application\/ld+json\" class=\"yoast-schema-graph\">{\"@context\":\"https:\/\/schema.org\",\"@graph\":[{\"@type\":\"WebPage\",\"@id\":\"https:\/\/cosmetic.lv\/lv\/product\/davines-solu-shampoo-aktivi-delikats-sampuns-ar-atsvaidzinosu-iedarbibu\/\",\"url\":\"https:\/\/cosmetic.lv\/lv\/product\/davines-solu-shampoo-aktivi-delikats-sampuns-ar-atsvaidzinosu-iedarbibu\/\",\"name\":\"DAVINES SOLU Shampoo Akt\u012bvi delik\u0101ts \u0161amp\u016bns ar atsvaidzino\u0161u iedarb\u012bbu - cosmetic.lv\",\"isPartOf\":{\"@id\":\"https:\/\/cosmetic.lv\/lv\/#website\"},\"primaryImageOfPage\":{\"@id\":\"https:\/\/cosmetic.lv\/lv\/product\/davines-solu-shampoo-aktivi-delikats-sampuns-ar-atsvaidzinosu-iedarbibu\/#primaryimage\"},\"image\":{\"@id\":\"https:\/\/cosmetic.lv\/lv\/product\/davines-solu-shampoo-aktivi-delikats-sampuns-ar-atsvaidzinosu-iedarbibu\/#primaryimage\"},\"thumbnailUrl\":\"https:\/\/cosmetic.lv\/wp-content\/uploads\/2021\/02\/dav_19-4.jpg\",\"datePublished\":\"2021-02-06T17:49:23+00:00\",\"dateModified\":\"2021-02-06T17:49:29+00:00\",\"breadcrumb\":{\"@id\":\"https:\/\/cosmetic.lv\/lv\/product\/davines-solu-shampoo-aktivi-delikats-sampuns-ar-atsvaidzinosu-iedarbibu\/#breadcrumb\"},\"inLanguage\":\"lv-LV\",\"potentialAction\":[{\"@type\":\"ReadAction\",\"target\":[\"https:\/\/cosmetic.lv\/lv\/product\/davines-solu-shampoo-aktivi-delikats-sampuns-ar-atsvaidzinosu-iedarbibu\/\"]}]},{\"@type\":\"ImageObject\",\"inLanguage\":\"lv-LV\",\"@id\":\"https:\/\/cosmetic.lv\/lv\/product\/davines-solu-shampoo-aktivi-delikats-sampuns-ar-atsvaidzinosu-iedarbibu\/#primaryimage\",\"url\":\"https:\/\/cosmetic.lv\/wp-content\/uploads\/2021\/02\/dav_19-4.jpg\",\"contentUrl\":\"https:\/\/cosmetic.lv\/wp-content\/uploads\/2021\/02\/dav_19-4.jpg\",\"width\":350,\"height\":350,\"caption\":\"dav_19.jpg\"},{\"@type\":\"BreadcrumbList\",\"@id\":\"https:\/\/cosmetic.lv\/lv\/product\/davines-solu-shampoo-aktivi-delikats-sampuns-ar-atsvaidzinosu-iedarbibu\/#breadcrumb\",\"itemListElement\":[{\"@type\":\"ListItem\",\"position\":1,\"name\":\"Home\",\"item\":\"https:\/\/cosmetic.lv\/lv\/\"},{\"@type\":\"ListItem\",\"position\":2,\"name\":\"Veikals\",\"item\":\"https:\/\/cosmetic.lv\/lv\/veiklas\/\"},{\"@type\":\"ListItem\",\"position\":3,\"name\":\"DAVINES SOLU Shampoo Akt\u012bvi delik\u0101ts \u0161amp\u016bns ar atsvaidzino\u0161u iedarb\u012bbu\"}]},{\"@type\":\"WebSite\",\"@id\":\"https:\/\/cosmetic.lv\/lv\/#website\",\"url\":\"https:\/\/cosmetic.lv\/lv\/\",\"name\":\"cosmetic.lv\",\"description\":\"Profesion\u0101la kosm\u0113tika - Maria Galland, Keune, Arkadija, GMT, Guam, Magiray\",\"publisher\":{\"@id\":\"https:\/\/cosmetic.lv\/lv\/#organization\"},\"potentialAction\":[{\"@type\":\"SearchAction\",\"target\":{\"@type\":\"EntryPoint\",\"urlTemplate\":\"https:\/\/cosmetic.lv\/lv\/?s={search_term_string}\"},\"query-input\":{\"@type\":\"PropertyValueSpecification\",\"valueRequired\":true,\"valueName\":\"search_term_string\"}}],\"inLanguage\":\"lv-LV\"},{\"@type\":\"Organization\",\"@id\":\"https:\/\/cosmetic.lv\/lv\/#organization\",\"name\":\"COSMETIC.LV\",\"url\":\"https:\/\/cosmetic.lv\/lv\/\",\"logo\":{\"@type\":\"ImageObject\",\"inLanguage\":\"lv-LV\",\"@id\":\"https:\/\/cosmetic.lv\/lv\/#\/schema\/logo\/image\/\",\"url\":\"https:\/\/cosmetic.lv\/wp-content\/uploads\/2021\/02\/cosmetic.lv_logo.jpg\",\"contentUrl\":\"https:\/\/cosmetic.lv\/wp-content\/uploads\/2021\/02\/cosmetic.lv_logo.jpg\",\"width\":596,\"height\":196,\"caption\":\"COSMETIC.LV\"},\"image\":{\"@id\":\"https:\/\/cosmetic.lv\/lv\/#\/schema\/logo\/image\/\"},\"sameAs\":[\"https:\/\/www.facebook.com\/cosmetic.lv\/\"]}]}<\/script>\n<meta property=\"product:price:amount\" content=\"16.13\" \/>\n<meta property=\"product:price:currency\" content=\"EUR\" \/>\n<meta property=\"og:availability\" content=\"out of stock\" \/>\n<meta property=\"product:availability\" content=\"out of stock\" \/>\n<meta property=\"product:retailer_item_id\" content=\"D1\" \/>\n<meta property=\"product:condition\" content=\"new\" \/>\n<!-- \/ Yoast SEO Premium plugin. -->","yoast_head_json":{"title":"DAVINES SOLU Shampoo Akt\u012bvi delik\u0101ts \u0161amp\u016bns ar atsvaidzino\u0161u iedarb\u012bbu - cosmetic.lv","robots":{"index":"index","follow":"follow","max-snippet":"max-snippet:-1","max-image-preview":"max-image-preview:large","max-video-preview":"max-video-preview:-1"},"canonical":"https:\/\/cosmetic.lv\/lv\/product\/davines-solu-shampoo-aktivi-delikats-sampuns-ar-atsvaidzinosu-iedarbibu\/","og_locale":"lv_LV","og_type":"article","og_title":"DAVINES SOLU Shampoo Akt\u012bvi delik\u0101ts \u0161amp\u016bns ar atsvaidzino\u0161u iedarb\u012bbu","og_description":"Dzi\u013ci att\u012bra matus un atbr\u012bvo tos no jebkuru veido\u0161anas produktu p\u0113d\u0101m. SOLU \u0161amp\u016bns ar kutikulu aizvero\u0161u un antistatistisku iedarb\u012bbu, tiek","og_url":"https:\/\/cosmetic.lv\/lv\/product\/davines-solu-shampoo-aktivi-delikats-sampuns-ar-atsvaidzinosu-iedarbibu\/","og_site_name":"cosmetic.lv","article_publisher":"https:\/\/www.facebook.com\/cosmetic.lv\/","article_modified_time":"2021-02-06T17:49:29+00:00","og_image":[{"width":350,"height":350,"url":"https:\/\/cosmetic.lv\/wp-content\/uploads\/2021\/02\/dav_19-4.jpg","type":"image\/jpeg"}],"twitter_card":"summary_large_image","schema":{"@context":"https:\/\/schema.org","@graph":[{"@type":"WebPage","@id":"https:\/\/cosmetic.lv\/lv\/product\/davines-solu-shampoo-aktivi-delikats-sampuns-ar-atsvaidzinosu-iedarbibu\/","url":"https:\/\/cosmetic.lv\/lv\/product\/davines-solu-shampoo-aktivi-delikats-sampuns-ar-atsvaidzinosu-iedarbibu\/","name":"DAVINES SOLU Shampoo Akt\u012bvi delik\u0101ts \u0161amp\u016bns ar atsvaidzino\u0161u iedarb\u012bbu - cosmetic.lv","isPartOf":{"@id":"https:\/\/cosmetic.lv\/lv\/#website"},"primaryImageOfPage":{"@id":"https:\/\/cosmetic.lv\/lv\/product\/davines-solu-shampoo-aktivi-delikats-sampuns-ar-atsvaidzinosu-iedarbibu\/#primaryimage"},"image":{"@id":"https:\/\/cosmetic.lv\/lv\/product\/davines-solu-shampoo-aktivi-delikats-sampuns-ar-atsvaidzinosu-iedarbibu\/#primaryimage"},"thumbnailUrl":"https:\/\/cosmetic.lv\/wp-content\/uploads\/2021\/02\/dav_19-4.jpg","datePublished":"2021-02-06T17:49:23+00:00","dateModified":"2021-02-06T17:49:29+00:00","breadcrumb":{"@id":"https:\/\/cosmetic.lv\/lv\/product\/davines-solu-shampoo-aktivi-delikats-sampuns-ar-atsvaidzinosu-iedarbibu\/#breadcrumb"},"inLanguage":"lv-LV","potentialAction":[{"@type":"ReadAction","target":["https:\/\/cosmetic.lv\/lv\/product\/davines-solu-shampoo-aktivi-delikats-sampuns-ar-atsvaidzinosu-iedarbibu\/"]}]},{"@type":"ImageObject","inLanguage":"lv-LV","@id":"https:\/\/cosmetic.lv\/lv\/product\/davines-solu-shampoo-aktivi-delikats-sampuns-ar-atsvaidzinosu-iedarbibu\/#primaryimage","url":"https:\/\/cosmetic.lv\/wp-content\/uploads\/2021\/02\/dav_19-4.jpg","contentUrl":"https:\/\/cosmetic.lv\/wp-content\/uploads\/2021\/02\/dav_19-4.jpg","width":350,"height":350,"caption":"dav_19.jpg"},{"@type":"BreadcrumbList","@id":"https:\/\/cosmetic.lv\/lv\/product\/davines-solu-shampoo-aktivi-delikats-sampuns-ar-atsvaidzinosu-iedarbibu\/#breadcrumb","itemListElement":[{"@type":"ListItem","position":1,"name":"Home","item":"https:\/\/cosmetic.lv\/lv\/"},{"@type":"ListItem","position":2,"name":"Veikals","item":"https:\/\/cosmetic.lv\/lv\/veiklas\/"},{"@type":"ListItem","position":3,"name":"DAVINES SOLU Shampoo Akt\u012bvi delik\u0101ts \u0161amp\u016bns ar atsvaidzino\u0161u iedarb\u012bbu"}]},{"@type":"WebSite","@id":"https:\/\/cosmetic.lv\/lv\/#website","url":"https:\/\/cosmetic.lv\/lv\/","name":"cosmetic.lv","description":"Profesion\u0101la kosm\u0113tika - Maria Galland, Keune, Arkadija, GMT, Guam, Magiray","publisher":{"@id":"https:\/\/cosmetic.lv\/lv\/#organization"},"potentialAction":[{"@type":"SearchAction","target":{"@type":"EntryPoint","urlTemplate":"https:\/\/cosmetic.lv\/lv\/?s={search_term_string}"},"query-input":{"@type":"PropertyValueSpecification","valueRequired":true,"valueName":"search_term_string"}}],"inLanguage":"lv-LV"},{"@type":"Organization","@id":"https:\/\/cosmetic.lv\/lv\/#organization","name":"COSMETIC.LV","url":"https:\/\/cosmetic.lv\/lv\/","logo":{"@type":"ImageObject","inLanguage":"lv-LV","@id":"https:\/\/cosmetic.lv\/lv\/#\/schema\/logo\/image\/","url":"https:\/\/cosmetic.lv\/wp-content\/uploads\/2021\/02\/cosmetic.lv_logo.jpg","contentUrl":"https:\/\/cosmetic.lv\/wp-content\/uploads\/2021\/02\/cosmetic.lv_logo.jpg","width":596,"height":196,"caption":"COSMETIC.LV"},"image":{"@id":"https:\/\/cosmetic.lv\/lv\/#\/schema\/logo\/image\/"},"sameAs":["https:\/\/www.facebook.com\/cosmetic.lv\/"]}]},"product_price_amount":"16.13","product_price_currency":"EUR","og_availability":"out of stock","product_availability":"out of stock","product_retailer_item_id":"D1","product_condition":"new"},"_links":{"self":[{"href":"https:\/\/cosmetic.lv\/lv\/wp-json\/wp\/v2\/product\/34172","targetHints":{"allow":["GET"]}}],"collection":[{"href":"https:\/\/cosmetic.lv\/lv\/wp-json\/wp\/v2\/product"}],"about":[{"href":"https:\/\/cosmetic.lv\/lv\/wp-json\/wp\/v2\/types\/product"}],"wp:featuredmedia":[{"embeddable":true,"href":"https:\/\/cosmetic.lv\/lv\/wp-json\/wp\/v2\/media\/15957"}],"wp:attachment":[{"href":"https:\/\/cosmetic.lv\/lv\/wp-json\/wp\/v2\/media?parent=34172"}],"wp:term":[{"taxonomy":"product_brand","embeddable":true,"href":"https:\/\/cosmetic.lv\/lv\/wp-json\/wp\/v2\/product_brand?post=34172"},{"taxonomy":"product_cat","embeddable":true,"href":"https:\/\/cosmetic.lv\/lv\/wp-json\/wp\/v2\/product_cat?post=34172"},{"taxonomy":"product_tag","embeddable":true,"href":"https:\/\/cosmetic.lv\/lv\/wp-json\/wp\/v2\/product_tag?post=34172"}],"curies":[{"name":"wp","href":"https:\/\/api.w.org\/{rel}","templated":true}]}}