{"id":34177,"date":"2021-02-05T22:39:32","date_gmt":"2021-02-06T17:49:31","guid":{"rendered":"https:\/\/damme.lv\/product\/davines-purifying-shampoo-pretblaugznu-sampuns\/"},"modified":"2021-02-06T19:49:33","modified_gmt":"2021-02-06T17:49:33","slug":"davines-purifying-shampoo-pretblaugznu-sampuns","status":"publish","type":"product","link":"https:\/\/cosmetic.lv\/lv\/product\/davines-purifying-shampoo-pretblaugznu-sampuns\/","title":{"rendered":"DAVINES Purifying Shampoo &#8211; pretblaugznu \u0161amp\u016bns"},"content":{"rendered":"<p>Purifying Shampoo &#8211; pretblaugznu \u0161amp\u016bns. pH4.9 <BR>Efekt\u012bvi atrisina visu veidu blaugznu probl\u0113mas. <BR>Sast\u0101v\u0101: Phytoceuticals no pienenes, kas satur polifenolus un sahar\u012bdus ar stipru antioksid\u0113jo\u0161u iedarb\u012bbu; sel\u0113na disulf\u012bds ar akt\u012bvu pret s\u0113n\u012b\u0161u iedarb\u012bbu; lavandas, mires un salvijas \u0113terisk\u0101s e\u013c\u013cas ar pretiekaisuma, nomierino\u0161u un antibiotiku iedarb\u012bbu. <BR>Lieto\u0161ana: iemas\u0113t nelielu produkta daudzumu mitros matos, atst\u0101t uz p\u0101ris min\u016bt\u0113m. K\u0101rt\u012bgi izskalot. <BR>Tilpums: 250 ml\/1l<\/p>\n","protected":false},"excerpt":{"rendered":"<p>Purifying Shampoo &#8211; pretblaugznu \u0161amp\u016bns. pH4.9 Efekt\u012bvi atrisina visu veidu blaugznu probl\u0113mas. Sast\u0101v\u0101: Phytoceuticals no pienenes, kas satur polifenolus un<\/p>\n","protected":false},"featured_media":9210,"template":"","meta":[],"product_brand":[],"product_cat":[2258,2260,2265],"product_tag":[],"class_list":{"0":"post-34177","1":"product","2":"type-product","3":"status-publish","4":"has-post-thumbnail","6":"product_cat-profesionala-kosmetika-matiem-lv","7":"product_cat-davines-italija-lv","8":"product_cat-matu-sampuni-lv","10":"first","11":"outofstock","12":"taxable","13":"shipping-taxable","14":"purchasable","15":"product-type-simple"},"yoast_head":"<!-- This site is optimized with the Yoast SEO Premium plugin v27.0 (Yoast SEO v27.0) - https:\/\/yoast.com\/product\/yoast-seo-premium-wordpress\/ -->\n<title>DAVINES Purifying Shampoo - pretblaugznu \u0161amp\u016bns - cosmetic.lv<\/title>\n<meta name=\"robots\" content=\"index, follow, max-snippet:-1, max-image-preview:large, max-video-preview:-1\" \/>\n<link rel=\"canonical\" href=\"https:\/\/cosmetic.lv\/lv\/product\/davines-purifying-shampoo-pretblaugznu-sampuns\/\" \/>\n<meta property=\"og:locale\" content=\"lv_LV\" \/>\n<meta property=\"og:type\" content=\"article\" \/>\n<meta property=\"og:title\" content=\"DAVINES Purifying Shampoo - pretblaugznu \u0161amp\u016bns\" \/>\n<meta property=\"og:description\" content=\"Purifying Shampoo &#8211; pretblaugznu \u0161amp\u016bns. pH4.9 Efekt\u012bvi atrisina visu veidu blaugznu probl\u0113mas. Sast\u0101v\u0101: Phytoceuticals no pienenes, kas satur polifenolus un\" \/>\n<meta property=\"og:url\" content=\"https:\/\/cosmetic.lv\/lv\/product\/davines-purifying-shampoo-pretblaugznu-sampuns\/\" \/>\n<meta property=\"og:site_name\" content=\"cosmetic.lv\" \/>\n<meta property=\"article:publisher\" content=\"https:\/\/www.facebook.com\/cosmetic.lv\/\" \/>\n<meta property=\"article:modified_time\" content=\"2021-02-06T17:49:33+00:00\" \/>\n<meta property=\"og:image\" content=\"https:\/\/cosmetic.lv\/wp-content\/uploads\/2021\/02\/purifyingshampoo250_bg.png\" \/>\n\t<meta property=\"og:image:width\" content=\"465\" \/>\n\t<meta property=\"og:image:height\" content=\"465\" \/>\n\t<meta property=\"og:image:type\" content=\"image\/png\" \/>\n<meta name=\"twitter:card\" content=\"summary_large_image\" \/>\n<script type=\"application\/ld+json\" class=\"yoast-schema-graph\">{\"@context\":\"https:\/\/schema.org\",\"@graph\":[{\"@type\":\"WebPage\",\"@id\":\"https:\/\/cosmetic.lv\/lv\/product\/davines-purifying-shampoo-pretblaugznu-sampuns\/\",\"url\":\"https:\/\/cosmetic.lv\/lv\/product\/davines-purifying-shampoo-pretblaugznu-sampuns\/\",\"name\":\"DAVINES Purifying Shampoo - pretblaugznu \u0161amp\u016bns - cosmetic.lv\",\"isPartOf\":{\"@id\":\"https:\/\/cosmetic.lv\/lv\/#website\"},\"primaryImageOfPage\":{\"@id\":\"https:\/\/cosmetic.lv\/lv\/product\/davines-purifying-shampoo-pretblaugznu-sampuns\/#primaryimage\"},\"image\":{\"@id\":\"https:\/\/cosmetic.lv\/lv\/product\/davines-purifying-shampoo-pretblaugznu-sampuns\/#primaryimage\"},\"thumbnailUrl\":\"https:\/\/cosmetic.lv\/wp-content\/uploads\/2021\/02\/purifyingshampoo250_bg.png\",\"datePublished\":\"2021-02-06T17:49:31+00:00\",\"dateModified\":\"2021-02-06T17:49:33+00:00\",\"breadcrumb\":{\"@id\":\"https:\/\/cosmetic.lv\/lv\/product\/davines-purifying-shampoo-pretblaugznu-sampuns\/#breadcrumb\"},\"inLanguage\":\"lv-LV\",\"potentialAction\":[{\"@type\":\"ReadAction\",\"target\":[\"https:\/\/cosmetic.lv\/lv\/product\/davines-purifying-shampoo-pretblaugznu-sampuns\/\"]}]},{\"@type\":\"ImageObject\",\"inLanguage\":\"lv-LV\",\"@id\":\"https:\/\/cosmetic.lv\/lv\/product\/davines-purifying-shampoo-pretblaugznu-sampuns\/#primaryimage\",\"url\":\"https:\/\/cosmetic.lv\/wp-content\/uploads\/2021\/02\/purifyingshampoo250_bg.png\",\"contentUrl\":\"https:\/\/cosmetic.lv\/wp-content\/uploads\/2021\/02\/purifyingshampoo250_bg.png\",\"width\":465,\"height\":465,\"caption\":\"PURIFYINGshampoo250_bg.png\"},{\"@type\":\"BreadcrumbList\",\"@id\":\"https:\/\/cosmetic.lv\/lv\/product\/davines-purifying-shampoo-pretblaugznu-sampuns\/#breadcrumb\",\"itemListElement\":[{\"@type\":\"ListItem\",\"position\":1,\"name\":\"Home\",\"item\":\"https:\/\/cosmetic.lv\/lv\/\"},{\"@type\":\"ListItem\",\"position\":2,\"name\":\"Veikals\",\"item\":\"https:\/\/cosmetic.lv\/lv\/veiklas\/\"},{\"@type\":\"ListItem\",\"position\":3,\"name\":\"DAVINES Purifying Shampoo &#8211; pretblaugznu \u0161amp\u016bns\"}]},{\"@type\":\"WebSite\",\"@id\":\"https:\/\/cosmetic.lv\/lv\/#website\",\"url\":\"https:\/\/cosmetic.lv\/lv\/\",\"name\":\"cosmetic.lv\",\"description\":\"Profesion\u0101la kosm\u0113tika - Maria Galland, Keune, Arkadija, GMT, Guam, Magiray\",\"publisher\":{\"@id\":\"https:\/\/cosmetic.lv\/lv\/#organization\"},\"potentialAction\":[{\"@type\":\"SearchAction\",\"target\":{\"@type\":\"EntryPoint\",\"urlTemplate\":\"https:\/\/cosmetic.lv\/lv\/?s={search_term_string}\"},\"query-input\":{\"@type\":\"PropertyValueSpecification\",\"valueRequired\":true,\"valueName\":\"search_term_string\"}}],\"inLanguage\":\"lv-LV\"},{\"@type\":\"Organization\",\"@id\":\"https:\/\/cosmetic.lv\/lv\/#organization\",\"name\":\"COSMETIC.LV\",\"url\":\"https:\/\/cosmetic.lv\/lv\/\",\"logo\":{\"@type\":\"ImageObject\",\"inLanguage\":\"lv-LV\",\"@id\":\"https:\/\/cosmetic.lv\/lv\/#\/schema\/logo\/image\/\",\"url\":\"https:\/\/cosmetic.lv\/wp-content\/uploads\/2021\/02\/cosmetic.lv_logo.jpg\",\"contentUrl\":\"https:\/\/cosmetic.lv\/wp-content\/uploads\/2021\/02\/cosmetic.lv_logo.jpg\",\"width\":596,\"height\":196,\"caption\":\"COSMETIC.LV\"},\"image\":{\"@id\":\"https:\/\/cosmetic.lv\/lv\/#\/schema\/logo\/image\/\"},\"sameAs\":[\"https:\/\/www.facebook.com\/cosmetic.lv\/\"]}]}<\/script>\n<meta property=\"product:price:amount\" content=\"16.13\" \/>\n<meta property=\"product:price:currency\" content=\"EUR\" \/>\n<meta property=\"og:availability\" content=\"out of stock\" \/>\n<meta property=\"product:availability\" content=\"out of stock\" \/>\n<meta property=\"product:retailer_item_id\" content=\"dav7\" \/>\n<meta property=\"product:condition\" content=\"new\" \/>\n<!-- \/ Yoast SEO Premium plugin. -->","yoast_head_json":{"title":"DAVINES Purifying Shampoo - pretblaugznu \u0161amp\u016bns - cosmetic.lv","robots":{"index":"index","follow":"follow","max-snippet":"max-snippet:-1","max-image-preview":"max-image-preview:large","max-video-preview":"max-video-preview:-1"},"canonical":"https:\/\/cosmetic.lv\/lv\/product\/davines-purifying-shampoo-pretblaugznu-sampuns\/","og_locale":"lv_LV","og_type":"article","og_title":"DAVINES Purifying Shampoo - pretblaugznu \u0161amp\u016bns","og_description":"Purifying Shampoo &#8211; pretblaugznu \u0161amp\u016bns. pH4.9 Efekt\u012bvi atrisina visu veidu blaugznu probl\u0113mas. Sast\u0101v\u0101: Phytoceuticals no pienenes, kas satur polifenolus un","og_url":"https:\/\/cosmetic.lv\/lv\/product\/davines-purifying-shampoo-pretblaugznu-sampuns\/","og_site_name":"cosmetic.lv","article_publisher":"https:\/\/www.facebook.com\/cosmetic.lv\/","article_modified_time":"2021-02-06T17:49:33+00:00","og_image":[{"width":465,"height":465,"url":"https:\/\/cosmetic.lv\/wp-content\/uploads\/2021\/02\/purifyingshampoo250_bg.png","type":"image\/png"}],"twitter_card":"summary_large_image","schema":{"@context":"https:\/\/schema.org","@graph":[{"@type":"WebPage","@id":"https:\/\/cosmetic.lv\/lv\/product\/davines-purifying-shampoo-pretblaugznu-sampuns\/","url":"https:\/\/cosmetic.lv\/lv\/product\/davines-purifying-shampoo-pretblaugznu-sampuns\/","name":"DAVINES Purifying Shampoo - pretblaugznu \u0161amp\u016bns - cosmetic.lv","isPartOf":{"@id":"https:\/\/cosmetic.lv\/lv\/#website"},"primaryImageOfPage":{"@id":"https:\/\/cosmetic.lv\/lv\/product\/davines-purifying-shampoo-pretblaugznu-sampuns\/#primaryimage"},"image":{"@id":"https:\/\/cosmetic.lv\/lv\/product\/davines-purifying-shampoo-pretblaugznu-sampuns\/#primaryimage"},"thumbnailUrl":"https:\/\/cosmetic.lv\/wp-content\/uploads\/2021\/02\/purifyingshampoo250_bg.png","datePublished":"2021-02-06T17:49:31+00:00","dateModified":"2021-02-06T17:49:33+00:00","breadcrumb":{"@id":"https:\/\/cosmetic.lv\/lv\/product\/davines-purifying-shampoo-pretblaugznu-sampuns\/#breadcrumb"},"inLanguage":"lv-LV","potentialAction":[{"@type":"ReadAction","target":["https:\/\/cosmetic.lv\/lv\/product\/davines-purifying-shampoo-pretblaugznu-sampuns\/"]}]},{"@type":"ImageObject","inLanguage":"lv-LV","@id":"https:\/\/cosmetic.lv\/lv\/product\/davines-purifying-shampoo-pretblaugznu-sampuns\/#primaryimage","url":"https:\/\/cosmetic.lv\/wp-content\/uploads\/2021\/02\/purifyingshampoo250_bg.png","contentUrl":"https:\/\/cosmetic.lv\/wp-content\/uploads\/2021\/02\/purifyingshampoo250_bg.png","width":465,"height":465,"caption":"PURIFYINGshampoo250_bg.png"},{"@type":"BreadcrumbList","@id":"https:\/\/cosmetic.lv\/lv\/product\/davines-purifying-shampoo-pretblaugznu-sampuns\/#breadcrumb","itemListElement":[{"@type":"ListItem","position":1,"name":"Home","item":"https:\/\/cosmetic.lv\/lv\/"},{"@type":"ListItem","position":2,"name":"Veikals","item":"https:\/\/cosmetic.lv\/lv\/veiklas\/"},{"@type":"ListItem","position":3,"name":"DAVINES Purifying Shampoo &#8211; pretblaugznu \u0161amp\u016bns"}]},{"@type":"WebSite","@id":"https:\/\/cosmetic.lv\/lv\/#website","url":"https:\/\/cosmetic.lv\/lv\/","name":"cosmetic.lv","description":"Profesion\u0101la kosm\u0113tika - Maria Galland, Keune, Arkadija, GMT, Guam, Magiray","publisher":{"@id":"https:\/\/cosmetic.lv\/lv\/#organization"},"potentialAction":[{"@type":"SearchAction","target":{"@type":"EntryPoint","urlTemplate":"https:\/\/cosmetic.lv\/lv\/?s={search_term_string}"},"query-input":{"@type":"PropertyValueSpecification","valueRequired":true,"valueName":"search_term_string"}}],"inLanguage":"lv-LV"},{"@type":"Organization","@id":"https:\/\/cosmetic.lv\/lv\/#organization","name":"COSMETIC.LV","url":"https:\/\/cosmetic.lv\/lv\/","logo":{"@type":"ImageObject","inLanguage":"lv-LV","@id":"https:\/\/cosmetic.lv\/lv\/#\/schema\/logo\/image\/","url":"https:\/\/cosmetic.lv\/wp-content\/uploads\/2021\/02\/cosmetic.lv_logo.jpg","contentUrl":"https:\/\/cosmetic.lv\/wp-content\/uploads\/2021\/02\/cosmetic.lv_logo.jpg","width":596,"height":196,"caption":"COSMETIC.LV"},"image":{"@id":"https:\/\/cosmetic.lv\/lv\/#\/schema\/logo\/image\/"},"sameAs":["https:\/\/www.facebook.com\/cosmetic.lv\/"]}]},"product_price_amount":"16.13","product_price_currency":"EUR","og_availability":"out of stock","product_availability":"out of stock","product_retailer_item_id":"dav7","product_condition":"new"},"_links":{"self":[{"href":"https:\/\/cosmetic.lv\/lv\/wp-json\/wp\/v2\/product\/34177","targetHints":{"allow":["GET"]}}],"collection":[{"href":"https:\/\/cosmetic.lv\/lv\/wp-json\/wp\/v2\/product"}],"about":[{"href":"https:\/\/cosmetic.lv\/lv\/wp-json\/wp\/v2\/types\/product"}],"wp:featuredmedia":[{"embeddable":true,"href":"https:\/\/cosmetic.lv\/lv\/wp-json\/wp\/v2\/media\/9210"}],"wp:attachment":[{"href":"https:\/\/cosmetic.lv\/lv\/wp-json\/wp\/v2\/media?parent=34177"}],"wp:term":[{"taxonomy":"product_brand","embeddable":true,"href":"https:\/\/cosmetic.lv\/lv\/wp-json\/wp\/v2\/product_brand?post=34177"},{"taxonomy":"product_cat","embeddable":true,"href":"https:\/\/cosmetic.lv\/lv\/wp-json\/wp\/v2\/product_cat?post=34177"},{"taxonomy":"product_tag","embeddable":true,"href":"https:\/\/cosmetic.lv\/lv\/wp-json\/wp\/v2\/product_tag?post=34177"}],"curies":[{"name":"wp","href":"https:\/\/api.w.org\/{rel}","templated":true}]}}