{"id":34180,"date":"2021-02-05T22:39:32","date_gmt":"2021-02-06T17:49:31","guid":{"rendered":"https:\/\/damme.lv\/product\/davines-dede-delicate-shampoo-delikatais-sampuns-planiem-matiem\/"},"modified":"2021-02-06T19:49:35","modified_gmt":"2021-02-06T17:49:35","slug":"davines-dede-delicate-shampoo-delikatais-sampuns-planiem-matiem","status":"publish","type":"product","link":"https:\/\/cosmetic.lv\/lv\/product\/davines-dede-delicate-shampoo-delikatais-sampuns-planiem-matiem\/","title":{"rendered":"DAVINES DEDE Delicate Shampoo Delik\u0101tais \u0161amp\u016bns  pl\u0101niem matiem"},"content":{"rendered":"<p><P>Ekstrem\u0101li delik\u0101tais \u0161amp\u016bns dzi\u013ci att\u012bra matus, \u012bpa\u0161i tos netraum\u0113jot. Ide\u0101ls bie\u017eai matu mazg\u0101\u0161anai, iesp\u0113jams lietot visiem matu tipiem. Sast\u0101vda\u013c\u0101s: att\u012br\u012bts burk\u0101nu sulas ekstrakts, kas bag\u0101tin\u0101ts ar miner\u0101ls\u0101\u013ciem, kur\u0161 tik \u013coti nepiecie\u0161ams matu strukt\u016brai. Maigs mande\u013cu prote\u012bns ar mitrino\u0161u, aizsarg\u0101jo\u0161u un kondicion\u0113jo\u0161u iedarb\u012bbu. Ol\u012bvu ANPHOACETATE (dab\u012bga sast\u0101vda\u013ca) ar aizsarg\u0101jo\u0161u un mitrino\u0161u efektu. <\/P><br \/>\n<P>Rezult\u0101ts: mati ir dzi\u013ci att\u012br\u012bti, aizsarg\u0101ti, mitrin\u0101ti un z\u012bdaini viegli. <BR><\/P><\/p>\n","protected":false},"excerpt":{"rendered":"<p>Ekstrem\u0101li delik\u0101tais \u0161amp\u016bns dzi\u013ci att\u012bra matus, \u012bpa\u0161i tos netraum\u0113jot. Ide\u0101ls bie\u017eai matu mazg\u0101\u0161anai, iesp\u0113jams lietot visiem matu tipiem. Sast\u0101vda\u013c\u0101s: att\u012br\u012bts<\/p>\n","protected":false},"featured_media":15971,"template":"","meta":[],"product_brand":[],"product_cat":[2258,2260,2265],"product_tag":[],"class_list":{"0":"post-34180","1":"product","2":"type-product","3":"status-publish","4":"has-post-thumbnail","6":"product_cat-profesionala-kosmetika-matiem-lv","7":"product_cat-davines-italija-lv","8":"product_cat-matu-sampuni-lv","10":"first","11":"outofstock","12":"taxable","13":"shipping-taxable","14":"purchasable","15":"product-type-simple"},"yoast_head":"<!-- This site is optimized with the Yoast SEO Premium plugin v27.0 (Yoast SEO v27.0) - https:\/\/yoast.com\/product\/yoast-seo-premium-wordpress\/ -->\n<title>DAVINES DEDE Delicate Shampoo Delik\u0101tais \u0161amp\u016bns pl\u0101niem matiem - cosmetic.lv<\/title>\n<meta name=\"robots\" content=\"index, follow, max-snippet:-1, max-image-preview:large, max-video-preview:-1\" \/>\n<link rel=\"canonical\" href=\"https:\/\/cosmetic.lv\/lv\/product\/davines-dede-delicate-shampoo-delikatais-sampuns-planiem-matiem\/\" \/>\n<meta property=\"og:locale\" content=\"lv_LV\" \/>\n<meta property=\"og:type\" content=\"article\" \/>\n<meta property=\"og:title\" content=\"DAVINES DEDE Delicate Shampoo Delik\u0101tais \u0161amp\u016bns pl\u0101niem matiem\" \/>\n<meta property=\"og:description\" content=\"Ekstrem\u0101li delik\u0101tais \u0161amp\u016bns dzi\u013ci att\u012bra matus, \u012bpa\u0161i tos netraum\u0113jot. Ide\u0101ls bie\u017eai matu mazg\u0101\u0161anai, iesp\u0113jams lietot visiem matu tipiem. Sast\u0101vda\u013c\u0101s: att\u012br\u012bts\" \/>\n<meta property=\"og:url\" content=\"https:\/\/cosmetic.lv\/lv\/product\/davines-dede-delicate-shampoo-delikatais-sampuns-planiem-matiem\/\" \/>\n<meta property=\"og:site_name\" content=\"cosmetic.lv\" \/>\n<meta property=\"article:publisher\" content=\"https:\/\/www.facebook.com\/cosmetic.lv\/\" \/>\n<meta property=\"article:modified_time\" content=\"2021-02-06T17:49:35+00:00\" \/>\n<meta property=\"og:image\" content=\"https:\/\/cosmetic.lv\/wp-content\/uploads\/2021\/02\/dav_15davide-4.jpg\" \/>\n\t<meta property=\"og:image:width\" content=\"350\" \/>\n\t<meta property=\"og:image:height\" content=\"350\" \/>\n\t<meta property=\"og:image:type\" content=\"image\/jpeg\" \/>\n<meta name=\"twitter:card\" content=\"summary_large_image\" \/>\n<script type=\"application\/ld+json\" class=\"yoast-schema-graph\">{\"@context\":\"https:\/\/schema.org\",\"@graph\":[{\"@type\":\"WebPage\",\"@id\":\"https:\/\/cosmetic.lv\/lv\/product\/davines-dede-delicate-shampoo-delikatais-sampuns-planiem-matiem\/\",\"url\":\"https:\/\/cosmetic.lv\/lv\/product\/davines-dede-delicate-shampoo-delikatais-sampuns-planiem-matiem\/\",\"name\":\"DAVINES DEDE Delicate Shampoo Delik\u0101tais \u0161amp\u016bns pl\u0101niem matiem - cosmetic.lv\",\"isPartOf\":{\"@id\":\"https:\/\/cosmetic.lv\/lv\/#website\"},\"primaryImageOfPage\":{\"@id\":\"https:\/\/cosmetic.lv\/lv\/product\/davines-dede-delicate-shampoo-delikatais-sampuns-planiem-matiem\/#primaryimage\"},\"image\":{\"@id\":\"https:\/\/cosmetic.lv\/lv\/product\/davines-dede-delicate-shampoo-delikatais-sampuns-planiem-matiem\/#primaryimage\"},\"thumbnailUrl\":\"https:\/\/cosmetic.lv\/wp-content\/uploads\/2021\/02\/dav_15davide-4.jpg\",\"datePublished\":\"2021-02-06T17:49:31+00:00\",\"dateModified\":\"2021-02-06T17:49:35+00:00\",\"breadcrumb\":{\"@id\":\"https:\/\/cosmetic.lv\/lv\/product\/davines-dede-delicate-shampoo-delikatais-sampuns-planiem-matiem\/#breadcrumb\"},\"inLanguage\":\"lv-LV\",\"potentialAction\":[{\"@type\":\"ReadAction\",\"target\":[\"https:\/\/cosmetic.lv\/lv\/product\/davines-dede-delicate-shampoo-delikatais-sampuns-planiem-matiem\/\"]}]},{\"@type\":\"ImageObject\",\"inLanguage\":\"lv-LV\",\"@id\":\"https:\/\/cosmetic.lv\/lv\/product\/davines-dede-delicate-shampoo-delikatais-sampuns-planiem-matiem\/#primaryimage\",\"url\":\"https:\/\/cosmetic.lv\/wp-content\/uploads\/2021\/02\/dav_15davide-4.jpg\",\"contentUrl\":\"https:\/\/cosmetic.lv\/wp-content\/uploads\/2021\/02\/dav_15davide-4.jpg\",\"width\":350,\"height\":350,\"caption\":\"dav_15davide.jpg\"},{\"@type\":\"BreadcrumbList\",\"@id\":\"https:\/\/cosmetic.lv\/lv\/product\/davines-dede-delicate-shampoo-delikatais-sampuns-planiem-matiem\/#breadcrumb\",\"itemListElement\":[{\"@type\":\"ListItem\",\"position\":1,\"name\":\"Home\",\"item\":\"https:\/\/cosmetic.lv\/lv\/\"},{\"@type\":\"ListItem\",\"position\":2,\"name\":\"Veikals\",\"item\":\"https:\/\/cosmetic.lv\/lv\/veiklas\/\"},{\"@type\":\"ListItem\",\"position\":3,\"name\":\"DAVINES DEDE Delicate Shampoo Delik\u0101tais \u0161amp\u016bns pl\u0101niem matiem\"}]},{\"@type\":\"WebSite\",\"@id\":\"https:\/\/cosmetic.lv\/lv\/#website\",\"url\":\"https:\/\/cosmetic.lv\/lv\/\",\"name\":\"cosmetic.lv\",\"description\":\"Profesion\u0101la kosm\u0113tika - Maria Galland, Keune, Arkadija, GMT, Guam, Magiray\",\"publisher\":{\"@id\":\"https:\/\/cosmetic.lv\/lv\/#organization\"},\"potentialAction\":[{\"@type\":\"SearchAction\",\"target\":{\"@type\":\"EntryPoint\",\"urlTemplate\":\"https:\/\/cosmetic.lv\/lv\/?s={search_term_string}\"},\"query-input\":{\"@type\":\"PropertyValueSpecification\",\"valueRequired\":true,\"valueName\":\"search_term_string\"}}],\"inLanguage\":\"lv-LV\"},{\"@type\":\"Organization\",\"@id\":\"https:\/\/cosmetic.lv\/lv\/#organization\",\"name\":\"COSMETIC.LV\",\"url\":\"https:\/\/cosmetic.lv\/lv\/\",\"logo\":{\"@type\":\"ImageObject\",\"inLanguage\":\"lv-LV\",\"@id\":\"https:\/\/cosmetic.lv\/lv\/#\/schema\/logo\/image\/\",\"url\":\"https:\/\/cosmetic.lv\/wp-content\/uploads\/2021\/02\/cosmetic.lv_logo.jpg\",\"contentUrl\":\"https:\/\/cosmetic.lv\/wp-content\/uploads\/2021\/02\/cosmetic.lv_logo.jpg\",\"width\":596,\"height\":196,\"caption\":\"COSMETIC.LV\"},\"image\":{\"@id\":\"https:\/\/cosmetic.lv\/lv\/#\/schema\/logo\/image\/\"},\"sameAs\":[\"https:\/\/www.facebook.com\/cosmetic.lv\/\"]}]}<\/script>\n<meta property=\"product:price:amount\" content=\"15.12\" \/>\n<meta property=\"product:price:currency\" content=\"EUR\" \/>\n<meta property=\"og:availability\" content=\"out of stock\" \/>\n<meta property=\"product:availability\" content=\"out of stock\" \/>\n<meta property=\"product:retailer_item_id\" content=\"dav12\" \/>\n<meta property=\"product:condition\" content=\"new\" \/>\n<!-- \/ Yoast SEO Premium plugin. -->","yoast_head_json":{"title":"DAVINES DEDE Delicate Shampoo Delik\u0101tais \u0161amp\u016bns pl\u0101niem matiem - cosmetic.lv","robots":{"index":"index","follow":"follow","max-snippet":"max-snippet:-1","max-image-preview":"max-image-preview:large","max-video-preview":"max-video-preview:-1"},"canonical":"https:\/\/cosmetic.lv\/lv\/product\/davines-dede-delicate-shampoo-delikatais-sampuns-planiem-matiem\/","og_locale":"lv_LV","og_type":"article","og_title":"DAVINES DEDE Delicate Shampoo Delik\u0101tais \u0161amp\u016bns pl\u0101niem matiem","og_description":"Ekstrem\u0101li delik\u0101tais \u0161amp\u016bns dzi\u013ci att\u012bra matus, \u012bpa\u0161i tos netraum\u0113jot. Ide\u0101ls bie\u017eai matu mazg\u0101\u0161anai, iesp\u0113jams lietot visiem matu tipiem. Sast\u0101vda\u013c\u0101s: att\u012br\u012bts","og_url":"https:\/\/cosmetic.lv\/lv\/product\/davines-dede-delicate-shampoo-delikatais-sampuns-planiem-matiem\/","og_site_name":"cosmetic.lv","article_publisher":"https:\/\/www.facebook.com\/cosmetic.lv\/","article_modified_time":"2021-02-06T17:49:35+00:00","og_image":[{"width":350,"height":350,"url":"https:\/\/cosmetic.lv\/wp-content\/uploads\/2021\/02\/dav_15davide-4.jpg","type":"image\/jpeg"}],"twitter_card":"summary_large_image","schema":{"@context":"https:\/\/schema.org","@graph":[{"@type":"WebPage","@id":"https:\/\/cosmetic.lv\/lv\/product\/davines-dede-delicate-shampoo-delikatais-sampuns-planiem-matiem\/","url":"https:\/\/cosmetic.lv\/lv\/product\/davines-dede-delicate-shampoo-delikatais-sampuns-planiem-matiem\/","name":"DAVINES DEDE Delicate Shampoo Delik\u0101tais \u0161amp\u016bns pl\u0101niem matiem - cosmetic.lv","isPartOf":{"@id":"https:\/\/cosmetic.lv\/lv\/#website"},"primaryImageOfPage":{"@id":"https:\/\/cosmetic.lv\/lv\/product\/davines-dede-delicate-shampoo-delikatais-sampuns-planiem-matiem\/#primaryimage"},"image":{"@id":"https:\/\/cosmetic.lv\/lv\/product\/davines-dede-delicate-shampoo-delikatais-sampuns-planiem-matiem\/#primaryimage"},"thumbnailUrl":"https:\/\/cosmetic.lv\/wp-content\/uploads\/2021\/02\/dav_15davide-4.jpg","datePublished":"2021-02-06T17:49:31+00:00","dateModified":"2021-02-06T17:49:35+00:00","breadcrumb":{"@id":"https:\/\/cosmetic.lv\/lv\/product\/davines-dede-delicate-shampoo-delikatais-sampuns-planiem-matiem\/#breadcrumb"},"inLanguage":"lv-LV","potentialAction":[{"@type":"ReadAction","target":["https:\/\/cosmetic.lv\/lv\/product\/davines-dede-delicate-shampoo-delikatais-sampuns-planiem-matiem\/"]}]},{"@type":"ImageObject","inLanguage":"lv-LV","@id":"https:\/\/cosmetic.lv\/lv\/product\/davines-dede-delicate-shampoo-delikatais-sampuns-planiem-matiem\/#primaryimage","url":"https:\/\/cosmetic.lv\/wp-content\/uploads\/2021\/02\/dav_15davide-4.jpg","contentUrl":"https:\/\/cosmetic.lv\/wp-content\/uploads\/2021\/02\/dav_15davide-4.jpg","width":350,"height":350,"caption":"dav_15davide.jpg"},{"@type":"BreadcrumbList","@id":"https:\/\/cosmetic.lv\/lv\/product\/davines-dede-delicate-shampoo-delikatais-sampuns-planiem-matiem\/#breadcrumb","itemListElement":[{"@type":"ListItem","position":1,"name":"Home","item":"https:\/\/cosmetic.lv\/lv\/"},{"@type":"ListItem","position":2,"name":"Veikals","item":"https:\/\/cosmetic.lv\/lv\/veiklas\/"},{"@type":"ListItem","position":3,"name":"DAVINES DEDE Delicate Shampoo Delik\u0101tais \u0161amp\u016bns pl\u0101niem matiem"}]},{"@type":"WebSite","@id":"https:\/\/cosmetic.lv\/lv\/#website","url":"https:\/\/cosmetic.lv\/lv\/","name":"cosmetic.lv","description":"Profesion\u0101la kosm\u0113tika - Maria Galland, Keune, Arkadija, GMT, Guam, Magiray","publisher":{"@id":"https:\/\/cosmetic.lv\/lv\/#organization"},"potentialAction":[{"@type":"SearchAction","target":{"@type":"EntryPoint","urlTemplate":"https:\/\/cosmetic.lv\/lv\/?s={search_term_string}"},"query-input":{"@type":"PropertyValueSpecification","valueRequired":true,"valueName":"search_term_string"}}],"inLanguage":"lv-LV"},{"@type":"Organization","@id":"https:\/\/cosmetic.lv\/lv\/#organization","name":"COSMETIC.LV","url":"https:\/\/cosmetic.lv\/lv\/","logo":{"@type":"ImageObject","inLanguage":"lv-LV","@id":"https:\/\/cosmetic.lv\/lv\/#\/schema\/logo\/image\/","url":"https:\/\/cosmetic.lv\/wp-content\/uploads\/2021\/02\/cosmetic.lv_logo.jpg","contentUrl":"https:\/\/cosmetic.lv\/wp-content\/uploads\/2021\/02\/cosmetic.lv_logo.jpg","width":596,"height":196,"caption":"COSMETIC.LV"},"image":{"@id":"https:\/\/cosmetic.lv\/lv\/#\/schema\/logo\/image\/"},"sameAs":["https:\/\/www.facebook.com\/cosmetic.lv\/"]}]},"product_price_amount":"15.12","product_price_currency":"EUR","og_availability":"out of stock","product_availability":"out of stock","product_retailer_item_id":"dav12","product_condition":"new"},"_links":{"self":[{"href":"https:\/\/cosmetic.lv\/lv\/wp-json\/wp\/v2\/product\/34180","targetHints":{"allow":["GET"]}}],"collection":[{"href":"https:\/\/cosmetic.lv\/lv\/wp-json\/wp\/v2\/product"}],"about":[{"href":"https:\/\/cosmetic.lv\/lv\/wp-json\/wp\/v2\/types\/product"}],"wp:featuredmedia":[{"embeddable":true,"href":"https:\/\/cosmetic.lv\/lv\/wp-json\/wp\/v2\/media\/15971"}],"wp:attachment":[{"href":"https:\/\/cosmetic.lv\/lv\/wp-json\/wp\/v2\/media?parent=34180"}],"wp:term":[{"taxonomy":"product_brand","embeddable":true,"href":"https:\/\/cosmetic.lv\/lv\/wp-json\/wp\/v2\/product_brand?post=34180"},{"taxonomy":"product_cat","embeddable":true,"href":"https:\/\/cosmetic.lv\/lv\/wp-json\/wp\/v2\/product_cat?post=34180"},{"taxonomy":"product_tag","embeddable":true,"href":"https:\/\/cosmetic.lv\/lv\/wp-json\/wp\/v2\/product_tag?post=34180"}],"curies":[{"name":"wp","href":"https:\/\/api.w.org\/{rel}","templated":true}]}}