{"id":34181,"date":"2021-02-05T22:39:32","date_gmt":"2021-02-06T17:49:31","guid":{"rendered":"https:\/\/damme.lv\/product\/davines-detoxifying-scrub-shampoo-atjaunojoss-sampuns\/"},"modified":"2021-02-06T19:49:35","modified_gmt":"2021-02-06T17:49:35","slug":"davines-detoxifying-scrub-shampoo-atjaunojoss-sampuns","status":"publish","type":"product","link":"https:\/\/cosmetic.lv\/lv\/product\/davines-detoxifying-scrub-shampoo-atjaunojoss-sampuns\/","title":{"rendered":"DAVINES Detoxifying Scrub Shampoo \u2013 atjaunojo\u0161s \u0161amp\u016bns"},"content":{"rendered":"<p>Detoxifying Scrub Shampoo<\/p>\n<p>Davines Detoksik\u0101cijas Scrub Shampoo Detoksik\u0101cijas detoksik\u0101cijas MAZG\u0100\u0160ANAS \u0161amp\u016bns SHAMPOO-SKRUBIS<\/p>\n<p>Detoksik\u0101cijas \u0160amp\u016bns Scrub<br \/>\n\u0160amp\u016bns nov\u0101jin\u0101ta, atoniskai skalpa. \u0160\u012b apstr\u0101de apvieno maigi att\u012bra \u0101du ar pal\u012bdz\u012bbu s\u012bku p\u012blinga da\u013ci\u0146as un aizsarg\u0101jo\u0161u iedarb\u012bbu pret br\u012bvajiem radik\u0101\u013ciem. Formula Shampoo ietver mikrokapsulas jojobas e\u013c\u013ca, maigi mas\u0113jot galvas \u0101du un veicin\u0101t to ar sk\u0101bekli pies\u0101tin\u0101jumu. S\u012bkas da\u013ci\u0146as sil\u012bcija padara p\u012blings dzi\u013c\u0101k un, pateicoties t\u0101s mikroskopisko izm\u0113ru, stimul\u0113 asinsriti dzi\u013cajos \u0101das sl\u0101\u0146os. T\u0101 satur phytoceutical, kas ieg\u016bti no arti\u0161oku, bag\u0101ts ar polifenolu ar \u013coti sp\u0113c\u012bgu antioksidantu iedarb\u012bbu. Bag\u0101tin\u0101ts ar \u0113teriskaj\u0101m e\u013c\u013c\u0101m koriandra, kardamona un piparm\u0113tras, ir stimul\u0113t, antiseptiska un nomierino\u0161a iedarb\u012bba. PH 5,4.<\/p>\n<p>Pielietojums:<br \/>\nUzkl\u0101jiet uz mitriem matiem, mas\u0101\u017ea, noskalo, ja nepiecie\u0161ams &#8211; atk\u0101rtot.<\/p>\n","protected":false},"excerpt":{"rendered":"<p>Detoxifying Scrub Shampoo Davines Detoksik\u0101cijas Scrub Shampoo Detoksik\u0101cijas detoksik\u0101cijas MAZG\u0100\u0160ANAS \u0161amp\u016bns SHAMPOO-SKRUBIS Detoksik\u0101cijas \u0160amp\u016bns Scrub \u0160amp\u016bns nov\u0101jin\u0101ta, atoniskai skalpa. \u0160\u012b<\/p>\n","protected":false},"featured_media":9222,"template":"","meta":[],"product_brand":[],"product_cat":[2258,2260,2265],"product_tag":[],"class_list":{"0":"post-34181","1":"product","2":"type-product","3":"status-publish","4":"has-post-thumbnail","6":"product_cat-profesionala-kosmetika-matiem-lv","7":"product_cat-davines-italija-lv","8":"product_cat-matu-sampuni-lv","10":"first","11":"outofstock","12":"taxable","13":"shipping-taxable","14":"purchasable","15":"product-type-simple"},"yoast_head":"<!-- This site is optimized with the Yoast SEO Premium plugin v27.0 (Yoast SEO v27.0) - https:\/\/yoast.com\/product\/yoast-seo-premium-wordpress\/ -->\n<title>DAVINES Detoxifying Scrub Shampoo \u2013 atjaunojo\u0161s \u0161amp\u016bns - cosmetic.lv<\/title>\n<meta name=\"robots\" content=\"index, follow, max-snippet:-1, max-image-preview:large, max-video-preview:-1\" \/>\n<link rel=\"canonical\" href=\"https:\/\/cosmetic.lv\/lv\/product\/davines-detoxifying-scrub-shampoo-atjaunojoss-sampuns\/\" \/>\n<meta property=\"og:locale\" content=\"lv_LV\" \/>\n<meta property=\"og:type\" content=\"article\" \/>\n<meta property=\"og:title\" content=\"DAVINES Detoxifying Scrub Shampoo \u2013 atjaunojo\u0161s \u0161amp\u016bns\" \/>\n<meta property=\"og:description\" content=\"Detoxifying Scrub Shampoo Davines Detoksik\u0101cijas Scrub Shampoo Detoksik\u0101cijas detoksik\u0101cijas MAZG\u0100\u0160ANAS \u0161amp\u016bns SHAMPOO-SKRUBIS Detoksik\u0101cijas \u0160amp\u016bns Scrub \u0160amp\u016bns nov\u0101jin\u0101ta, atoniskai skalpa. \u0160\u012b\" \/>\n<meta property=\"og:url\" content=\"https:\/\/cosmetic.lv\/lv\/product\/davines-detoxifying-scrub-shampoo-atjaunojoss-sampuns\/\" \/>\n<meta property=\"og:site_name\" content=\"cosmetic.lv\" \/>\n<meta property=\"article:publisher\" content=\"https:\/\/www.facebook.com\/cosmetic.lv\/\" \/>\n<meta property=\"article:modified_time\" content=\"2021-02-06T17:49:35+00:00\" \/>\n<meta property=\"og:image\" content=\"https:\/\/cosmetic.lv\/wp-content\/uploads\/2021\/02\/detoxifying2shampoo250w__41505_zoom.jpg\" \/>\n\t<meta property=\"og:image:width\" content=\"461\" \/>\n\t<meta property=\"og:image:height\" content=\"461\" \/>\n\t<meta property=\"og:image:type\" content=\"image\/jpeg\" \/>\n<meta name=\"twitter:card\" content=\"summary_large_image\" \/>\n<script type=\"application\/ld+json\" class=\"yoast-schema-graph\">{\"@context\":\"https:\/\/schema.org\",\"@graph\":[{\"@type\":\"WebPage\",\"@id\":\"https:\/\/cosmetic.lv\/lv\/product\/davines-detoxifying-scrub-shampoo-atjaunojoss-sampuns\/\",\"url\":\"https:\/\/cosmetic.lv\/lv\/product\/davines-detoxifying-scrub-shampoo-atjaunojoss-sampuns\/\",\"name\":\"DAVINES Detoxifying Scrub Shampoo \u2013 atjaunojo\u0161s \u0161amp\u016bns - cosmetic.lv\",\"isPartOf\":{\"@id\":\"https:\/\/cosmetic.lv\/lv\/#website\"},\"primaryImageOfPage\":{\"@id\":\"https:\/\/cosmetic.lv\/lv\/product\/davines-detoxifying-scrub-shampoo-atjaunojoss-sampuns\/#primaryimage\"},\"image\":{\"@id\":\"https:\/\/cosmetic.lv\/lv\/product\/davines-detoxifying-scrub-shampoo-atjaunojoss-sampuns\/#primaryimage\"},\"thumbnailUrl\":\"https:\/\/cosmetic.lv\/wp-content\/uploads\/2021\/02\/detoxifying2shampoo250w__41505_zoom.jpg\",\"datePublished\":\"2021-02-06T17:49:31+00:00\",\"dateModified\":\"2021-02-06T17:49:35+00:00\",\"breadcrumb\":{\"@id\":\"https:\/\/cosmetic.lv\/lv\/product\/davines-detoxifying-scrub-shampoo-atjaunojoss-sampuns\/#breadcrumb\"},\"inLanguage\":\"lv-LV\",\"potentialAction\":[{\"@type\":\"ReadAction\",\"target\":[\"https:\/\/cosmetic.lv\/lv\/product\/davines-detoxifying-scrub-shampoo-atjaunojoss-sampuns\/\"]}]},{\"@type\":\"ImageObject\",\"inLanguage\":\"lv-LV\",\"@id\":\"https:\/\/cosmetic.lv\/lv\/product\/davines-detoxifying-scrub-shampoo-atjaunojoss-sampuns\/#primaryimage\",\"url\":\"https:\/\/cosmetic.lv\/wp-content\/uploads\/2021\/02\/detoxifying2shampoo250w__41505_zoom.jpg\",\"contentUrl\":\"https:\/\/cosmetic.lv\/wp-content\/uploads\/2021\/02\/detoxifying2shampoo250w__41505_zoom.jpg\",\"width\":461,\"height\":461,\"caption\":\"DETOXIFYING2shampoo250w__41505_zoom.jpg\"},{\"@type\":\"BreadcrumbList\",\"@id\":\"https:\/\/cosmetic.lv\/lv\/product\/davines-detoxifying-scrub-shampoo-atjaunojoss-sampuns\/#breadcrumb\",\"itemListElement\":[{\"@type\":\"ListItem\",\"position\":1,\"name\":\"Home\",\"item\":\"https:\/\/cosmetic.lv\/lv\/\"},{\"@type\":\"ListItem\",\"position\":2,\"name\":\"Veikals\",\"item\":\"https:\/\/cosmetic.lv\/lv\/veiklas\/\"},{\"@type\":\"ListItem\",\"position\":3,\"name\":\"DAVINES Detoxifying Scrub Shampoo \u2013 atjaunojo\u0161s \u0161amp\u016bns\"}]},{\"@type\":\"WebSite\",\"@id\":\"https:\/\/cosmetic.lv\/lv\/#website\",\"url\":\"https:\/\/cosmetic.lv\/lv\/\",\"name\":\"cosmetic.lv\",\"description\":\"Profesion\u0101la kosm\u0113tika - Maria Galland, Keune, Arkadija, GMT, Guam, Magiray\",\"publisher\":{\"@id\":\"https:\/\/cosmetic.lv\/lv\/#organization\"},\"potentialAction\":[{\"@type\":\"SearchAction\",\"target\":{\"@type\":\"EntryPoint\",\"urlTemplate\":\"https:\/\/cosmetic.lv\/lv\/?s={search_term_string}\"},\"query-input\":{\"@type\":\"PropertyValueSpecification\",\"valueRequired\":true,\"valueName\":\"search_term_string\"}}],\"inLanguage\":\"lv-LV\"},{\"@type\":\"Organization\",\"@id\":\"https:\/\/cosmetic.lv\/lv\/#organization\",\"name\":\"COSMETIC.LV\",\"url\":\"https:\/\/cosmetic.lv\/lv\/\",\"logo\":{\"@type\":\"ImageObject\",\"inLanguage\":\"lv-LV\",\"@id\":\"https:\/\/cosmetic.lv\/lv\/#\/schema\/logo\/image\/\",\"url\":\"https:\/\/cosmetic.lv\/wp-content\/uploads\/2021\/02\/cosmetic.lv_logo.jpg\",\"contentUrl\":\"https:\/\/cosmetic.lv\/wp-content\/uploads\/2021\/02\/cosmetic.lv_logo.jpg\",\"width\":596,\"height\":196,\"caption\":\"COSMETIC.LV\"},\"image\":{\"@id\":\"https:\/\/cosmetic.lv\/lv\/#\/schema\/logo\/image\/\"},\"sameAs\":[\"https:\/\/www.facebook.com\/cosmetic.lv\/\"]}]}<\/script>\n<meta property=\"product:price:amount\" content=\"16.13\" \/>\n<meta property=\"product:price:currency\" content=\"EUR\" \/>\n<meta property=\"og:availability\" content=\"out of stock\" \/>\n<meta property=\"product:availability\" content=\"out of stock\" \/>\n<meta property=\"product:retailer_item_id\" content=\"dav13\" \/>\n<meta property=\"product:condition\" content=\"new\" \/>\n<!-- \/ Yoast SEO Premium plugin. -->","yoast_head_json":{"title":"DAVINES Detoxifying Scrub Shampoo \u2013 atjaunojo\u0161s \u0161amp\u016bns - cosmetic.lv","robots":{"index":"index","follow":"follow","max-snippet":"max-snippet:-1","max-image-preview":"max-image-preview:large","max-video-preview":"max-video-preview:-1"},"canonical":"https:\/\/cosmetic.lv\/lv\/product\/davines-detoxifying-scrub-shampoo-atjaunojoss-sampuns\/","og_locale":"lv_LV","og_type":"article","og_title":"DAVINES Detoxifying Scrub Shampoo \u2013 atjaunojo\u0161s \u0161amp\u016bns","og_description":"Detoxifying Scrub Shampoo Davines Detoksik\u0101cijas Scrub Shampoo Detoksik\u0101cijas detoksik\u0101cijas MAZG\u0100\u0160ANAS \u0161amp\u016bns SHAMPOO-SKRUBIS Detoksik\u0101cijas \u0160amp\u016bns Scrub \u0160amp\u016bns nov\u0101jin\u0101ta, atoniskai skalpa. \u0160\u012b","og_url":"https:\/\/cosmetic.lv\/lv\/product\/davines-detoxifying-scrub-shampoo-atjaunojoss-sampuns\/","og_site_name":"cosmetic.lv","article_publisher":"https:\/\/www.facebook.com\/cosmetic.lv\/","article_modified_time":"2021-02-06T17:49:35+00:00","og_image":[{"width":461,"height":461,"url":"https:\/\/cosmetic.lv\/wp-content\/uploads\/2021\/02\/detoxifying2shampoo250w__41505_zoom.jpg","type":"image\/jpeg"}],"twitter_card":"summary_large_image","schema":{"@context":"https:\/\/schema.org","@graph":[{"@type":"WebPage","@id":"https:\/\/cosmetic.lv\/lv\/product\/davines-detoxifying-scrub-shampoo-atjaunojoss-sampuns\/","url":"https:\/\/cosmetic.lv\/lv\/product\/davines-detoxifying-scrub-shampoo-atjaunojoss-sampuns\/","name":"DAVINES Detoxifying Scrub Shampoo \u2013 atjaunojo\u0161s \u0161amp\u016bns - cosmetic.lv","isPartOf":{"@id":"https:\/\/cosmetic.lv\/lv\/#website"},"primaryImageOfPage":{"@id":"https:\/\/cosmetic.lv\/lv\/product\/davines-detoxifying-scrub-shampoo-atjaunojoss-sampuns\/#primaryimage"},"image":{"@id":"https:\/\/cosmetic.lv\/lv\/product\/davines-detoxifying-scrub-shampoo-atjaunojoss-sampuns\/#primaryimage"},"thumbnailUrl":"https:\/\/cosmetic.lv\/wp-content\/uploads\/2021\/02\/detoxifying2shampoo250w__41505_zoom.jpg","datePublished":"2021-02-06T17:49:31+00:00","dateModified":"2021-02-06T17:49:35+00:00","breadcrumb":{"@id":"https:\/\/cosmetic.lv\/lv\/product\/davines-detoxifying-scrub-shampoo-atjaunojoss-sampuns\/#breadcrumb"},"inLanguage":"lv-LV","potentialAction":[{"@type":"ReadAction","target":["https:\/\/cosmetic.lv\/lv\/product\/davines-detoxifying-scrub-shampoo-atjaunojoss-sampuns\/"]}]},{"@type":"ImageObject","inLanguage":"lv-LV","@id":"https:\/\/cosmetic.lv\/lv\/product\/davines-detoxifying-scrub-shampoo-atjaunojoss-sampuns\/#primaryimage","url":"https:\/\/cosmetic.lv\/wp-content\/uploads\/2021\/02\/detoxifying2shampoo250w__41505_zoom.jpg","contentUrl":"https:\/\/cosmetic.lv\/wp-content\/uploads\/2021\/02\/detoxifying2shampoo250w__41505_zoom.jpg","width":461,"height":461,"caption":"DETOXIFYING2shampoo250w__41505_zoom.jpg"},{"@type":"BreadcrumbList","@id":"https:\/\/cosmetic.lv\/lv\/product\/davines-detoxifying-scrub-shampoo-atjaunojoss-sampuns\/#breadcrumb","itemListElement":[{"@type":"ListItem","position":1,"name":"Home","item":"https:\/\/cosmetic.lv\/lv\/"},{"@type":"ListItem","position":2,"name":"Veikals","item":"https:\/\/cosmetic.lv\/lv\/veiklas\/"},{"@type":"ListItem","position":3,"name":"DAVINES Detoxifying Scrub Shampoo \u2013 atjaunojo\u0161s \u0161amp\u016bns"}]},{"@type":"WebSite","@id":"https:\/\/cosmetic.lv\/lv\/#website","url":"https:\/\/cosmetic.lv\/lv\/","name":"cosmetic.lv","description":"Profesion\u0101la kosm\u0113tika - Maria Galland, Keune, Arkadija, GMT, Guam, Magiray","publisher":{"@id":"https:\/\/cosmetic.lv\/lv\/#organization"},"potentialAction":[{"@type":"SearchAction","target":{"@type":"EntryPoint","urlTemplate":"https:\/\/cosmetic.lv\/lv\/?s={search_term_string}"},"query-input":{"@type":"PropertyValueSpecification","valueRequired":true,"valueName":"search_term_string"}}],"inLanguage":"lv-LV"},{"@type":"Organization","@id":"https:\/\/cosmetic.lv\/lv\/#organization","name":"COSMETIC.LV","url":"https:\/\/cosmetic.lv\/lv\/","logo":{"@type":"ImageObject","inLanguage":"lv-LV","@id":"https:\/\/cosmetic.lv\/lv\/#\/schema\/logo\/image\/","url":"https:\/\/cosmetic.lv\/wp-content\/uploads\/2021\/02\/cosmetic.lv_logo.jpg","contentUrl":"https:\/\/cosmetic.lv\/wp-content\/uploads\/2021\/02\/cosmetic.lv_logo.jpg","width":596,"height":196,"caption":"COSMETIC.LV"},"image":{"@id":"https:\/\/cosmetic.lv\/lv\/#\/schema\/logo\/image\/"},"sameAs":["https:\/\/www.facebook.com\/cosmetic.lv\/"]}]},"product_price_amount":"16.13","product_price_currency":"EUR","og_availability":"out of stock","product_availability":"out of stock","product_retailer_item_id":"dav13","product_condition":"new"},"_links":{"self":[{"href":"https:\/\/cosmetic.lv\/lv\/wp-json\/wp\/v2\/product\/34181","targetHints":{"allow":["GET"]}}],"collection":[{"href":"https:\/\/cosmetic.lv\/lv\/wp-json\/wp\/v2\/product"}],"about":[{"href":"https:\/\/cosmetic.lv\/lv\/wp-json\/wp\/v2\/types\/product"}],"wp:featuredmedia":[{"embeddable":true,"href":"https:\/\/cosmetic.lv\/lv\/wp-json\/wp\/v2\/media\/9222"}],"wp:attachment":[{"href":"https:\/\/cosmetic.lv\/lv\/wp-json\/wp\/v2\/media?parent=34181"}],"wp:term":[{"taxonomy":"product_brand","embeddable":true,"href":"https:\/\/cosmetic.lv\/lv\/wp-json\/wp\/v2\/product_brand?post=34181"},{"taxonomy":"product_cat","embeddable":true,"href":"https:\/\/cosmetic.lv\/lv\/wp-json\/wp\/v2\/product_cat?post=34181"},{"taxonomy":"product_tag","embeddable":true,"href":"https:\/\/cosmetic.lv\/lv\/wp-json\/wp\/v2\/product_tag?post=34181"}],"curies":[{"name":"wp","href":"https:\/\/api.w.org\/{rel}","templated":true}]}}