{"id":34185,"date":"2021-02-05T22:39:43","date_gmt":"2021-02-06T17:49:38","guid":{"rendered":"https:\/\/damme.lv\/product\/sampuns-love-smoothing-shampoo-matu-gludumam\/"},"modified":"2021-02-06T19:49:39","modified_gmt":"2021-02-06T17:49:39","slug":"sampuns-love-smoothing-shampoo-matu-gludumam","status":"publish","type":"product","link":"https:\/\/cosmetic.lv\/lv\/product\/sampuns-love-smoothing-shampoo-matu-gludumam\/","title":{"rendered":"\u0160amp\u016bns Love  Smoothing Shampoo matu gludumam"},"content":{"rendered":"<p><P>Ide\u0101ls nepaklaus\u012bgiem un sprogainiem matiem ar nogludin\u0101\u0161anas un m\u012bktin\u0101\u0161anas efektu. <\/P><br \/>\n<P>Sast\u0101vda\u013cas: \u0113rk\u0161\u0137ain\u0101 bumbiera ekstrakts ar intens\u012bvo mitrino\u0161o efektu; r\u012bsu prote\u012bni ar aizsardz\u012bbas pl\u0113ves efektu, ol\u012bve\u013c\u013cas peg-7 esteris un ol\u012bvu ANPHOACETATE (dab\u012bg\u0101 sast\u0101vda\u013ca) atjauno matu dab\u012bgu \u016bdens \u2013 lip\u012bgo bilanci. <\/P><br \/>\n<P>Lieto\u0161ana: maigi iemas\u0113t mitros matos, noskalot, atk\u0101rtot\u00a0 p\u0113c nepiecie\u0161am\u012bbas.\u00a0<BR>\u00a0<BR><\/P><\/p>\n","protected":false},"excerpt":{"rendered":"<p>Ide\u0101ls nepaklaus\u012bgiem un sprogainiem matiem ar nogludin\u0101\u0161anas un m\u012bktin\u0101\u0161anas efektu. Sast\u0101vda\u013cas: \u0113rk\u0161\u0137ain\u0101 bumbiera ekstrakts ar intens\u012bvo mitrino\u0161o efektu; r\u012bsu prote\u012bni<\/p>\n","protected":false},"featured_media":15984,"template":"","meta":[],"product_brand":[],"product_cat":[2258,2260,2265],"product_tag":[],"class_list":{"0":"post-34185","1":"product","2":"type-product","3":"status-publish","4":"has-post-thumbnail","6":"product_cat-profesionala-kosmetika-matiem-lv","7":"product_cat-davines-italija-lv","8":"product_cat-matu-sampuni-lv","10":"first","11":"outofstock","12":"taxable","13":"shipping-taxable","14":"purchasable","15":"product-type-simple"},"yoast_head":"<!-- This site is optimized with the Yoast SEO Premium plugin v27.0 (Yoast SEO v27.0) - https:\/\/yoast.com\/product\/yoast-seo-premium-wordpress\/ -->\n<title>\u0160amp\u016bns Love Smoothing Shampoo matu gludumam - cosmetic.lv<\/title>\n<meta name=\"robots\" content=\"index, follow, max-snippet:-1, max-image-preview:large, max-video-preview:-1\" \/>\n<link rel=\"canonical\" href=\"https:\/\/cosmetic.lv\/lv\/product\/sampuns-love-smoothing-shampoo-matu-gludumam\/\" \/>\n<meta property=\"og:locale\" content=\"lv_LV\" \/>\n<meta property=\"og:type\" content=\"article\" \/>\n<meta property=\"og:title\" content=\"\u0160amp\u016bns Love Smoothing Shampoo matu gludumam\" \/>\n<meta property=\"og:description\" content=\"Ide\u0101ls nepaklaus\u012bgiem un sprogainiem matiem ar nogludin\u0101\u0161anas un m\u012bktin\u0101\u0161anas efektu. Sast\u0101vda\u013cas: \u0113rk\u0161\u0137ain\u0101 bumbiera ekstrakts ar intens\u012bvo mitrino\u0161o efektu; r\u012bsu prote\u012bni\" \/>\n<meta property=\"og:url\" content=\"https:\/\/cosmetic.lv\/lv\/product\/sampuns-love-smoothing-shampoo-matu-gludumam\/\" \/>\n<meta property=\"og:site_name\" content=\"cosmetic.lv\" \/>\n<meta property=\"article:publisher\" content=\"https:\/\/www.facebook.com\/cosmetic.lv\/\" \/>\n<meta property=\"article:modified_time\" content=\"2021-02-06T17:49:39+00:00\" \/>\n<meta property=\"og:image\" content=\"https:\/\/cosmetic.lv\/wp-content\/uploads\/2021\/02\/davin_14-4.jpg\" \/>\n\t<meta property=\"og:image:width\" content=\"220\" \/>\n\t<meta property=\"og:image:height\" content=\"220\" \/>\n\t<meta property=\"og:image:type\" content=\"image\/jpeg\" \/>\n<meta name=\"twitter:card\" content=\"summary_large_image\" \/>\n<script type=\"application\/ld+json\" class=\"yoast-schema-graph\">{\"@context\":\"https:\/\/schema.org\",\"@graph\":[{\"@type\":\"WebPage\",\"@id\":\"https:\/\/cosmetic.lv\/lv\/product\/sampuns-love-smoothing-shampoo-matu-gludumam\/\",\"url\":\"https:\/\/cosmetic.lv\/lv\/product\/sampuns-love-smoothing-shampoo-matu-gludumam\/\",\"name\":\"\u0160amp\u016bns Love Smoothing Shampoo matu gludumam - cosmetic.lv\",\"isPartOf\":{\"@id\":\"https:\/\/cosmetic.lv\/lv\/#website\"},\"primaryImageOfPage\":{\"@id\":\"https:\/\/cosmetic.lv\/lv\/product\/sampuns-love-smoothing-shampoo-matu-gludumam\/#primaryimage\"},\"image\":{\"@id\":\"https:\/\/cosmetic.lv\/lv\/product\/sampuns-love-smoothing-shampoo-matu-gludumam\/#primaryimage\"},\"thumbnailUrl\":\"https:\/\/cosmetic.lv\/wp-content\/uploads\/2021\/02\/davin_14-4.jpg\",\"datePublished\":\"2021-02-06T17:49:38+00:00\",\"dateModified\":\"2021-02-06T17:49:39+00:00\",\"breadcrumb\":{\"@id\":\"https:\/\/cosmetic.lv\/lv\/product\/sampuns-love-smoothing-shampoo-matu-gludumam\/#breadcrumb\"},\"inLanguage\":\"lv-LV\",\"potentialAction\":[{\"@type\":\"ReadAction\",\"target\":[\"https:\/\/cosmetic.lv\/lv\/product\/sampuns-love-smoothing-shampoo-matu-gludumam\/\"]}]},{\"@type\":\"ImageObject\",\"inLanguage\":\"lv-LV\",\"@id\":\"https:\/\/cosmetic.lv\/lv\/product\/sampuns-love-smoothing-shampoo-matu-gludumam\/#primaryimage\",\"url\":\"https:\/\/cosmetic.lv\/wp-content\/uploads\/2021\/02\/davin_14-4.jpg\",\"contentUrl\":\"https:\/\/cosmetic.lv\/wp-content\/uploads\/2021\/02\/davin_14-4.jpg\",\"width\":220,\"height\":220,\"caption\":\"davin_14.jpg\"},{\"@type\":\"BreadcrumbList\",\"@id\":\"https:\/\/cosmetic.lv\/lv\/product\/sampuns-love-smoothing-shampoo-matu-gludumam\/#breadcrumb\",\"itemListElement\":[{\"@type\":\"ListItem\",\"position\":1,\"name\":\"Home\",\"item\":\"https:\/\/cosmetic.lv\/lv\/\"},{\"@type\":\"ListItem\",\"position\":2,\"name\":\"Veikals\",\"item\":\"https:\/\/cosmetic.lv\/lv\/veiklas\/\"},{\"@type\":\"ListItem\",\"position\":3,\"name\":\"\u0160amp\u016bns Love Smoothing Shampoo matu gludumam\"}]},{\"@type\":\"WebSite\",\"@id\":\"https:\/\/cosmetic.lv\/lv\/#website\",\"url\":\"https:\/\/cosmetic.lv\/lv\/\",\"name\":\"cosmetic.lv\",\"description\":\"Profesion\u0101la kosm\u0113tika - Maria Galland, Keune, Arkadija, GMT, Guam, Magiray\",\"publisher\":{\"@id\":\"https:\/\/cosmetic.lv\/lv\/#organization\"},\"potentialAction\":[{\"@type\":\"SearchAction\",\"target\":{\"@type\":\"EntryPoint\",\"urlTemplate\":\"https:\/\/cosmetic.lv\/lv\/?s={search_term_string}\"},\"query-input\":{\"@type\":\"PropertyValueSpecification\",\"valueRequired\":true,\"valueName\":\"search_term_string\"}}],\"inLanguage\":\"lv-LV\"},{\"@type\":\"Organization\",\"@id\":\"https:\/\/cosmetic.lv\/lv\/#organization\",\"name\":\"COSMETIC.LV\",\"url\":\"https:\/\/cosmetic.lv\/lv\/\",\"logo\":{\"@type\":\"ImageObject\",\"inLanguage\":\"lv-LV\",\"@id\":\"https:\/\/cosmetic.lv\/lv\/#\/schema\/logo\/image\/\",\"url\":\"https:\/\/cosmetic.lv\/wp-content\/uploads\/2021\/02\/cosmetic.lv_logo.jpg\",\"contentUrl\":\"https:\/\/cosmetic.lv\/wp-content\/uploads\/2021\/02\/cosmetic.lv_logo.jpg\",\"width\":596,\"height\":196,\"caption\":\"COSMETIC.LV\"},\"image\":{\"@id\":\"https:\/\/cosmetic.lv\/lv\/#\/schema\/logo\/image\/\"},\"sameAs\":[\"https:\/\/www.facebook.com\/cosmetic.lv\/\"]}]}<\/script>\n<meta property=\"product:price:amount\" content=\"16.13\" \/>\n<meta property=\"product:price:currency\" content=\"EUR\" \/>\n<meta property=\"og:availability\" content=\"out of stock\" \/>\n<meta property=\"product:availability\" content=\"out of stock\" \/>\n<meta property=\"product:retailer_item_id\" content=\"dav17\" \/>\n<meta property=\"product:condition\" content=\"new\" \/>\n<!-- \/ Yoast SEO Premium plugin. -->","yoast_head_json":{"title":"\u0160amp\u016bns Love Smoothing Shampoo matu gludumam - cosmetic.lv","robots":{"index":"index","follow":"follow","max-snippet":"max-snippet:-1","max-image-preview":"max-image-preview:large","max-video-preview":"max-video-preview:-1"},"canonical":"https:\/\/cosmetic.lv\/lv\/product\/sampuns-love-smoothing-shampoo-matu-gludumam\/","og_locale":"lv_LV","og_type":"article","og_title":"\u0160amp\u016bns Love Smoothing Shampoo matu gludumam","og_description":"Ide\u0101ls nepaklaus\u012bgiem un sprogainiem matiem ar nogludin\u0101\u0161anas un m\u012bktin\u0101\u0161anas efektu. Sast\u0101vda\u013cas: \u0113rk\u0161\u0137ain\u0101 bumbiera ekstrakts ar intens\u012bvo mitrino\u0161o efektu; r\u012bsu prote\u012bni","og_url":"https:\/\/cosmetic.lv\/lv\/product\/sampuns-love-smoothing-shampoo-matu-gludumam\/","og_site_name":"cosmetic.lv","article_publisher":"https:\/\/www.facebook.com\/cosmetic.lv\/","article_modified_time":"2021-02-06T17:49:39+00:00","og_image":[{"width":220,"height":220,"url":"https:\/\/cosmetic.lv\/wp-content\/uploads\/2021\/02\/davin_14-4.jpg","type":"image\/jpeg"}],"twitter_card":"summary_large_image","schema":{"@context":"https:\/\/schema.org","@graph":[{"@type":"WebPage","@id":"https:\/\/cosmetic.lv\/lv\/product\/sampuns-love-smoothing-shampoo-matu-gludumam\/","url":"https:\/\/cosmetic.lv\/lv\/product\/sampuns-love-smoothing-shampoo-matu-gludumam\/","name":"\u0160amp\u016bns Love Smoothing Shampoo matu gludumam - cosmetic.lv","isPartOf":{"@id":"https:\/\/cosmetic.lv\/lv\/#website"},"primaryImageOfPage":{"@id":"https:\/\/cosmetic.lv\/lv\/product\/sampuns-love-smoothing-shampoo-matu-gludumam\/#primaryimage"},"image":{"@id":"https:\/\/cosmetic.lv\/lv\/product\/sampuns-love-smoothing-shampoo-matu-gludumam\/#primaryimage"},"thumbnailUrl":"https:\/\/cosmetic.lv\/wp-content\/uploads\/2021\/02\/davin_14-4.jpg","datePublished":"2021-02-06T17:49:38+00:00","dateModified":"2021-02-06T17:49:39+00:00","breadcrumb":{"@id":"https:\/\/cosmetic.lv\/lv\/product\/sampuns-love-smoothing-shampoo-matu-gludumam\/#breadcrumb"},"inLanguage":"lv-LV","potentialAction":[{"@type":"ReadAction","target":["https:\/\/cosmetic.lv\/lv\/product\/sampuns-love-smoothing-shampoo-matu-gludumam\/"]}]},{"@type":"ImageObject","inLanguage":"lv-LV","@id":"https:\/\/cosmetic.lv\/lv\/product\/sampuns-love-smoothing-shampoo-matu-gludumam\/#primaryimage","url":"https:\/\/cosmetic.lv\/wp-content\/uploads\/2021\/02\/davin_14-4.jpg","contentUrl":"https:\/\/cosmetic.lv\/wp-content\/uploads\/2021\/02\/davin_14-4.jpg","width":220,"height":220,"caption":"davin_14.jpg"},{"@type":"BreadcrumbList","@id":"https:\/\/cosmetic.lv\/lv\/product\/sampuns-love-smoothing-shampoo-matu-gludumam\/#breadcrumb","itemListElement":[{"@type":"ListItem","position":1,"name":"Home","item":"https:\/\/cosmetic.lv\/lv\/"},{"@type":"ListItem","position":2,"name":"Veikals","item":"https:\/\/cosmetic.lv\/lv\/veiklas\/"},{"@type":"ListItem","position":3,"name":"\u0160amp\u016bns Love Smoothing Shampoo matu gludumam"}]},{"@type":"WebSite","@id":"https:\/\/cosmetic.lv\/lv\/#website","url":"https:\/\/cosmetic.lv\/lv\/","name":"cosmetic.lv","description":"Profesion\u0101la kosm\u0113tika - Maria Galland, Keune, Arkadija, GMT, Guam, Magiray","publisher":{"@id":"https:\/\/cosmetic.lv\/lv\/#organization"},"potentialAction":[{"@type":"SearchAction","target":{"@type":"EntryPoint","urlTemplate":"https:\/\/cosmetic.lv\/lv\/?s={search_term_string}"},"query-input":{"@type":"PropertyValueSpecification","valueRequired":true,"valueName":"search_term_string"}}],"inLanguage":"lv-LV"},{"@type":"Organization","@id":"https:\/\/cosmetic.lv\/lv\/#organization","name":"COSMETIC.LV","url":"https:\/\/cosmetic.lv\/lv\/","logo":{"@type":"ImageObject","inLanguage":"lv-LV","@id":"https:\/\/cosmetic.lv\/lv\/#\/schema\/logo\/image\/","url":"https:\/\/cosmetic.lv\/wp-content\/uploads\/2021\/02\/cosmetic.lv_logo.jpg","contentUrl":"https:\/\/cosmetic.lv\/wp-content\/uploads\/2021\/02\/cosmetic.lv_logo.jpg","width":596,"height":196,"caption":"COSMETIC.LV"},"image":{"@id":"https:\/\/cosmetic.lv\/lv\/#\/schema\/logo\/image\/"},"sameAs":["https:\/\/www.facebook.com\/cosmetic.lv\/"]}]},"product_price_amount":"16.13","product_price_currency":"EUR","og_availability":"out of stock","product_availability":"out of stock","product_retailer_item_id":"dav17","product_condition":"new"},"_links":{"self":[{"href":"https:\/\/cosmetic.lv\/lv\/wp-json\/wp\/v2\/product\/34185","targetHints":{"allow":["GET"]}}],"collection":[{"href":"https:\/\/cosmetic.lv\/lv\/wp-json\/wp\/v2\/product"}],"about":[{"href":"https:\/\/cosmetic.lv\/lv\/wp-json\/wp\/v2\/types\/product"}],"wp:featuredmedia":[{"embeddable":true,"href":"https:\/\/cosmetic.lv\/lv\/wp-json\/wp\/v2\/media\/15984"}],"wp:attachment":[{"href":"https:\/\/cosmetic.lv\/lv\/wp-json\/wp\/v2\/media?parent=34185"}],"wp:term":[{"taxonomy":"product_brand","embeddable":true,"href":"https:\/\/cosmetic.lv\/lv\/wp-json\/wp\/v2\/product_brand?post=34185"},{"taxonomy":"product_cat","embeddable":true,"href":"https:\/\/cosmetic.lv\/lv\/wp-json\/wp\/v2\/product_cat?post=34185"},{"taxonomy":"product_tag","embeddable":true,"href":"https:\/\/cosmetic.lv\/lv\/wp-json\/wp\/v2\/product_tag?post=34185"}],"curies":[{"name":"wp","href":"https:\/\/api.w.org\/{rel}","templated":true}]}}