{"id":34189,"date":"2021-02-05T22:39:43","date_gmt":"2021-02-06T17:49:38","guid":{"rendered":"https:\/\/damme.lv\/product\/davines-sampuns-ar-zeltainu-nokrasu-davines-alchemic-shampoo-golden\/"},"modified":"2021-02-06T19:49:42","modified_gmt":"2021-02-06T17:49:42","slug":"davines-sampuns-ar-zeltainu-nokrasu-davines-alchemic-shampoo-golden","status":"publish","type":"product","link":"https:\/\/cosmetic.lv\/lv\/product\/davines-sampuns-ar-zeltainu-nokrasu-davines-alchemic-shampoo-golden\/","title":{"rendered":"DAVINES \u0160amp\u016bns ar zeltainu nokr\u0101su Davines Alchemic Shampoo Golden"},"content":{"rendered":"<p><P>Maigi att\u012bra un pastiprina dab\u012bgo vai kosm\u0113tisko zeltaino, zeltaini \u2013 blondu un medus &#8211; blondu to\u0146us. Speci\u0101l\u0101 formula, bag\u0101tin\u0101t\u0101 ar piena prote\u012bniem un vitam\u012bniem, nodro\u0161ina intens\u012bvu mitrino\u0161o un&nbsp; barojo\u0161o efektu. M\u012bksti un z\u012bdaini mati katru dienu. <\/P><br \/>\n<P>Lieto\u0161ana: uzkl\u0101t uz mitriem matiem ar vieglo mas\u0101\u017eu. Noskalot. Atk\u0101rtot p\u0113c nepiecie\u0161am\u012bbas<\/P><br \/>\n<P>250 ml<\/P><\/p>\n","protected":false},"excerpt":{"rendered":"<p>Maigi att\u012bra un pastiprina dab\u012bgo vai kosm\u0113tisko zeltaino, zeltaini \u2013 blondu un medus &#8211; blondu to\u0146us. Speci\u0101l\u0101 formula, bag\u0101tin\u0101t\u0101 ar<\/p>\n","protected":false},"featured_media":15996,"template":"","meta":[],"product_brand":[],"product_cat":[2258,2260,2265],"product_tag":[],"class_list":{"0":"post-34189","1":"product","2":"type-product","3":"status-publish","4":"has-post-thumbnail","6":"product_cat-profesionala-kosmetika-matiem-lv","7":"product_cat-davines-italija-lv","8":"product_cat-matu-sampuni-lv","10":"first","11":"outofstock","12":"taxable","13":"shipping-taxable","14":"purchasable","15":"product-type-simple"},"yoast_head":"<!-- This site is optimized with the Yoast SEO Premium plugin v27.0 (Yoast SEO v27.0) - https:\/\/yoast.com\/product\/yoast-seo-premium-wordpress\/ -->\n<title>DAVINES \u0160amp\u016bns ar zeltainu nokr\u0101su Davines Alchemic Shampoo Golden - cosmetic.lv<\/title>\n<meta name=\"robots\" content=\"index, follow, max-snippet:-1, max-image-preview:large, max-video-preview:-1\" \/>\n<link rel=\"canonical\" href=\"https:\/\/cosmetic.lv\/lv\/product\/davines-sampuns-ar-zeltainu-nokrasu-davines-alchemic-shampoo-golden\/\" \/>\n<meta property=\"og:locale\" content=\"lv_LV\" \/>\n<meta property=\"og:type\" content=\"article\" \/>\n<meta property=\"og:title\" content=\"DAVINES \u0160amp\u016bns ar zeltainu nokr\u0101su Davines Alchemic Shampoo Golden\" \/>\n<meta property=\"og:description\" content=\"Maigi att\u012bra un pastiprina dab\u012bgo vai kosm\u0113tisko zeltaino, zeltaini \u2013 blondu un medus &#8211; blondu to\u0146us. Speci\u0101l\u0101 formula, bag\u0101tin\u0101t\u0101 ar\" \/>\n<meta property=\"og:url\" content=\"https:\/\/cosmetic.lv\/lv\/product\/davines-sampuns-ar-zeltainu-nokrasu-davines-alchemic-shampoo-golden\/\" \/>\n<meta property=\"og:site_name\" content=\"cosmetic.lv\" \/>\n<meta property=\"article:publisher\" content=\"https:\/\/www.facebook.com\/cosmetic.lv\/\" \/>\n<meta property=\"article:modified_time\" content=\"2021-02-06T17:49:42+00:00\" \/>\n<meta property=\"og:image\" content=\"https:\/\/cosmetic.lv\/wp-content\/uploads\/2021\/02\/davines_alchemic_shampoo_golden_250ml-4.jpg\" \/>\n\t<meta property=\"og:image:width\" content=\"250\" \/>\n\t<meta property=\"og:image:height\" content=\"279\" \/>\n\t<meta property=\"og:image:type\" content=\"image\/jpeg\" \/>\n<meta name=\"twitter:card\" content=\"summary_large_image\" \/>\n<script type=\"application\/ld+json\" class=\"yoast-schema-graph\">{\"@context\":\"https:\/\/schema.org\",\"@graph\":[{\"@type\":\"WebPage\",\"@id\":\"https:\/\/cosmetic.lv\/lv\/product\/davines-sampuns-ar-zeltainu-nokrasu-davines-alchemic-shampoo-golden\/\",\"url\":\"https:\/\/cosmetic.lv\/lv\/product\/davines-sampuns-ar-zeltainu-nokrasu-davines-alchemic-shampoo-golden\/\",\"name\":\"DAVINES \u0160amp\u016bns ar zeltainu nokr\u0101su Davines Alchemic Shampoo Golden - cosmetic.lv\",\"isPartOf\":{\"@id\":\"https:\/\/cosmetic.lv\/lv\/#website\"},\"primaryImageOfPage\":{\"@id\":\"https:\/\/cosmetic.lv\/lv\/product\/davines-sampuns-ar-zeltainu-nokrasu-davines-alchemic-shampoo-golden\/#primaryimage\"},\"image\":{\"@id\":\"https:\/\/cosmetic.lv\/lv\/product\/davines-sampuns-ar-zeltainu-nokrasu-davines-alchemic-shampoo-golden\/#primaryimage\"},\"thumbnailUrl\":\"https:\/\/cosmetic.lv\/wp-content\/uploads\/2021\/02\/davines_alchemic_shampoo_golden_250ml-4.jpg\",\"datePublished\":\"2021-02-06T17:49:38+00:00\",\"dateModified\":\"2021-02-06T17:49:42+00:00\",\"breadcrumb\":{\"@id\":\"https:\/\/cosmetic.lv\/lv\/product\/davines-sampuns-ar-zeltainu-nokrasu-davines-alchemic-shampoo-golden\/#breadcrumb\"},\"inLanguage\":\"lv-LV\",\"potentialAction\":[{\"@type\":\"ReadAction\",\"target\":[\"https:\/\/cosmetic.lv\/lv\/product\/davines-sampuns-ar-zeltainu-nokrasu-davines-alchemic-shampoo-golden\/\"]}]},{\"@type\":\"ImageObject\",\"inLanguage\":\"lv-LV\",\"@id\":\"https:\/\/cosmetic.lv\/lv\/product\/davines-sampuns-ar-zeltainu-nokrasu-davines-alchemic-shampoo-golden\/#primaryimage\",\"url\":\"https:\/\/cosmetic.lv\/wp-content\/uploads\/2021\/02\/davines_alchemic_shampoo_golden_250ml-4.jpg\",\"contentUrl\":\"https:\/\/cosmetic.lv\/wp-content\/uploads\/2021\/02\/davines_alchemic_shampoo_golden_250ml-4.jpg\",\"width\":250,\"height\":279,\"caption\":\"davines_alchemic_shampoo_golden_250ml.jpg\"},{\"@type\":\"BreadcrumbList\",\"@id\":\"https:\/\/cosmetic.lv\/lv\/product\/davines-sampuns-ar-zeltainu-nokrasu-davines-alchemic-shampoo-golden\/#breadcrumb\",\"itemListElement\":[{\"@type\":\"ListItem\",\"position\":1,\"name\":\"Home\",\"item\":\"https:\/\/cosmetic.lv\/lv\/\"},{\"@type\":\"ListItem\",\"position\":2,\"name\":\"Veikals\",\"item\":\"https:\/\/cosmetic.lv\/lv\/veiklas\/\"},{\"@type\":\"ListItem\",\"position\":3,\"name\":\"DAVINES \u0160amp\u016bns ar zeltainu nokr\u0101su Davines Alchemic Shampoo Golden\"}]},{\"@type\":\"WebSite\",\"@id\":\"https:\/\/cosmetic.lv\/lv\/#website\",\"url\":\"https:\/\/cosmetic.lv\/lv\/\",\"name\":\"cosmetic.lv\",\"description\":\"Profesion\u0101la kosm\u0113tika - Maria Galland, Keune, Arkadija, GMT, Guam, Magiray\",\"publisher\":{\"@id\":\"https:\/\/cosmetic.lv\/lv\/#organization\"},\"potentialAction\":[{\"@type\":\"SearchAction\",\"target\":{\"@type\":\"EntryPoint\",\"urlTemplate\":\"https:\/\/cosmetic.lv\/lv\/?s={search_term_string}\"},\"query-input\":{\"@type\":\"PropertyValueSpecification\",\"valueRequired\":true,\"valueName\":\"search_term_string\"}}],\"inLanguage\":\"lv-LV\"},{\"@type\":\"Organization\",\"@id\":\"https:\/\/cosmetic.lv\/lv\/#organization\",\"name\":\"COSMETIC.LV\",\"url\":\"https:\/\/cosmetic.lv\/lv\/\",\"logo\":{\"@type\":\"ImageObject\",\"inLanguage\":\"lv-LV\",\"@id\":\"https:\/\/cosmetic.lv\/lv\/#\/schema\/logo\/image\/\",\"url\":\"https:\/\/cosmetic.lv\/wp-content\/uploads\/2021\/02\/cosmetic.lv_logo.jpg\",\"contentUrl\":\"https:\/\/cosmetic.lv\/wp-content\/uploads\/2021\/02\/cosmetic.lv_logo.jpg\",\"width\":596,\"height\":196,\"caption\":\"COSMETIC.LV\"},\"image\":{\"@id\":\"https:\/\/cosmetic.lv\/lv\/#\/schema\/logo\/image\/\"},\"sameAs\":[\"https:\/\/www.facebook.com\/cosmetic.lv\/\"]}]}<\/script>\n<meta property=\"product:price:amount\" content=\"12.95\" \/>\n<meta property=\"product:price:currency\" content=\"EUR\" \/>\n<meta property=\"og:availability\" content=\"out of stock\" \/>\n<meta property=\"product:availability\" content=\"out of stock\" \/>\n<meta property=\"product:retailer_item_id\" content=\"dav23\" \/>\n<meta property=\"product:condition\" content=\"new\" \/>\n<!-- \/ Yoast SEO Premium plugin. -->","yoast_head_json":{"title":"DAVINES \u0160amp\u016bns ar zeltainu nokr\u0101su Davines Alchemic Shampoo Golden - cosmetic.lv","robots":{"index":"index","follow":"follow","max-snippet":"max-snippet:-1","max-image-preview":"max-image-preview:large","max-video-preview":"max-video-preview:-1"},"canonical":"https:\/\/cosmetic.lv\/lv\/product\/davines-sampuns-ar-zeltainu-nokrasu-davines-alchemic-shampoo-golden\/","og_locale":"lv_LV","og_type":"article","og_title":"DAVINES \u0160amp\u016bns ar zeltainu nokr\u0101su Davines Alchemic Shampoo Golden","og_description":"Maigi att\u012bra un pastiprina dab\u012bgo vai kosm\u0113tisko zeltaino, zeltaini \u2013 blondu un medus &#8211; blondu to\u0146us. Speci\u0101l\u0101 formula, bag\u0101tin\u0101t\u0101 ar","og_url":"https:\/\/cosmetic.lv\/lv\/product\/davines-sampuns-ar-zeltainu-nokrasu-davines-alchemic-shampoo-golden\/","og_site_name":"cosmetic.lv","article_publisher":"https:\/\/www.facebook.com\/cosmetic.lv\/","article_modified_time":"2021-02-06T17:49:42+00:00","og_image":[{"width":250,"height":279,"url":"https:\/\/cosmetic.lv\/wp-content\/uploads\/2021\/02\/davines_alchemic_shampoo_golden_250ml-4.jpg","type":"image\/jpeg"}],"twitter_card":"summary_large_image","schema":{"@context":"https:\/\/schema.org","@graph":[{"@type":"WebPage","@id":"https:\/\/cosmetic.lv\/lv\/product\/davines-sampuns-ar-zeltainu-nokrasu-davines-alchemic-shampoo-golden\/","url":"https:\/\/cosmetic.lv\/lv\/product\/davines-sampuns-ar-zeltainu-nokrasu-davines-alchemic-shampoo-golden\/","name":"DAVINES \u0160amp\u016bns ar zeltainu nokr\u0101su Davines Alchemic Shampoo Golden - cosmetic.lv","isPartOf":{"@id":"https:\/\/cosmetic.lv\/lv\/#website"},"primaryImageOfPage":{"@id":"https:\/\/cosmetic.lv\/lv\/product\/davines-sampuns-ar-zeltainu-nokrasu-davines-alchemic-shampoo-golden\/#primaryimage"},"image":{"@id":"https:\/\/cosmetic.lv\/lv\/product\/davines-sampuns-ar-zeltainu-nokrasu-davines-alchemic-shampoo-golden\/#primaryimage"},"thumbnailUrl":"https:\/\/cosmetic.lv\/wp-content\/uploads\/2021\/02\/davines_alchemic_shampoo_golden_250ml-4.jpg","datePublished":"2021-02-06T17:49:38+00:00","dateModified":"2021-02-06T17:49:42+00:00","breadcrumb":{"@id":"https:\/\/cosmetic.lv\/lv\/product\/davines-sampuns-ar-zeltainu-nokrasu-davines-alchemic-shampoo-golden\/#breadcrumb"},"inLanguage":"lv-LV","potentialAction":[{"@type":"ReadAction","target":["https:\/\/cosmetic.lv\/lv\/product\/davines-sampuns-ar-zeltainu-nokrasu-davines-alchemic-shampoo-golden\/"]}]},{"@type":"ImageObject","inLanguage":"lv-LV","@id":"https:\/\/cosmetic.lv\/lv\/product\/davines-sampuns-ar-zeltainu-nokrasu-davines-alchemic-shampoo-golden\/#primaryimage","url":"https:\/\/cosmetic.lv\/wp-content\/uploads\/2021\/02\/davines_alchemic_shampoo_golden_250ml-4.jpg","contentUrl":"https:\/\/cosmetic.lv\/wp-content\/uploads\/2021\/02\/davines_alchemic_shampoo_golden_250ml-4.jpg","width":250,"height":279,"caption":"davines_alchemic_shampoo_golden_250ml.jpg"},{"@type":"BreadcrumbList","@id":"https:\/\/cosmetic.lv\/lv\/product\/davines-sampuns-ar-zeltainu-nokrasu-davines-alchemic-shampoo-golden\/#breadcrumb","itemListElement":[{"@type":"ListItem","position":1,"name":"Home","item":"https:\/\/cosmetic.lv\/lv\/"},{"@type":"ListItem","position":2,"name":"Veikals","item":"https:\/\/cosmetic.lv\/lv\/veiklas\/"},{"@type":"ListItem","position":3,"name":"DAVINES \u0160amp\u016bns ar zeltainu nokr\u0101su Davines Alchemic Shampoo Golden"}]},{"@type":"WebSite","@id":"https:\/\/cosmetic.lv\/lv\/#website","url":"https:\/\/cosmetic.lv\/lv\/","name":"cosmetic.lv","description":"Profesion\u0101la kosm\u0113tika - Maria Galland, Keune, Arkadija, GMT, Guam, Magiray","publisher":{"@id":"https:\/\/cosmetic.lv\/lv\/#organization"},"potentialAction":[{"@type":"SearchAction","target":{"@type":"EntryPoint","urlTemplate":"https:\/\/cosmetic.lv\/lv\/?s={search_term_string}"},"query-input":{"@type":"PropertyValueSpecification","valueRequired":true,"valueName":"search_term_string"}}],"inLanguage":"lv-LV"},{"@type":"Organization","@id":"https:\/\/cosmetic.lv\/lv\/#organization","name":"COSMETIC.LV","url":"https:\/\/cosmetic.lv\/lv\/","logo":{"@type":"ImageObject","inLanguage":"lv-LV","@id":"https:\/\/cosmetic.lv\/lv\/#\/schema\/logo\/image\/","url":"https:\/\/cosmetic.lv\/wp-content\/uploads\/2021\/02\/cosmetic.lv_logo.jpg","contentUrl":"https:\/\/cosmetic.lv\/wp-content\/uploads\/2021\/02\/cosmetic.lv_logo.jpg","width":596,"height":196,"caption":"COSMETIC.LV"},"image":{"@id":"https:\/\/cosmetic.lv\/lv\/#\/schema\/logo\/image\/"},"sameAs":["https:\/\/www.facebook.com\/cosmetic.lv\/"]}]},"product_price_amount":"12.95","product_price_currency":"EUR","og_availability":"out of stock","product_availability":"out of stock","product_retailer_item_id":"dav23","product_condition":"new"},"_links":{"self":[{"href":"https:\/\/cosmetic.lv\/lv\/wp-json\/wp\/v2\/product\/34189","targetHints":{"allow":["GET"]}}],"collection":[{"href":"https:\/\/cosmetic.lv\/lv\/wp-json\/wp\/v2\/product"}],"about":[{"href":"https:\/\/cosmetic.lv\/lv\/wp-json\/wp\/v2\/types\/product"}],"wp:featuredmedia":[{"embeddable":true,"href":"https:\/\/cosmetic.lv\/lv\/wp-json\/wp\/v2\/media\/15996"}],"wp:attachment":[{"href":"https:\/\/cosmetic.lv\/lv\/wp-json\/wp\/v2\/media?parent=34189"}],"wp:term":[{"taxonomy":"product_brand","embeddable":true,"href":"https:\/\/cosmetic.lv\/lv\/wp-json\/wp\/v2\/product_brand?post=34189"},{"taxonomy":"product_cat","embeddable":true,"href":"https:\/\/cosmetic.lv\/lv\/wp-json\/wp\/v2\/product_cat?post=34189"},{"taxonomy":"product_tag","embeddable":true,"href":"https:\/\/cosmetic.lv\/lv\/wp-json\/wp\/v2\/product_tag?post=34189"}],"curies":[{"name":"wp","href":"https:\/\/api.w.org\/{rel}","templated":true}]}}