{"id":34190,"date":"2021-02-05T22:39:43","date_gmt":"2021-02-06T17:49:38","guid":{"rendered":"https:\/\/damme.lv\/product\/davines-melu-sampuns-ar-aizsardzibu-pret-lusanu-gariem-mirdzosiem-matiem\/"},"modified":"2021-02-06T19:49:43","modified_gmt":"2021-02-06T17:49:43","slug":"davines-melu-sampuns-ar-aizsardzibu-pret-lusanu-gariem-mirdzosiem-matiem","status":"publish","type":"product","link":"https:\/\/cosmetic.lv\/lv\/product\/davines-melu-sampuns-ar-aizsardzibu-pret-lusanu-gariem-mirdzosiem-matiem\/","title":{"rendered":"DAVINES MELU \u0160amp\u016bns ar aizsardz\u012bbu pret l\u016b\u0161anu gariem, mirdzo\u0161iem matiem"},"content":{"rendered":"<p><!DOCTYPE html PUBLIC &quot;-\/\/W3C\/\/DTD XHTML 1.0 Transitional\/\/EN&quot; &quot;http:\/\/www.w3.org\/TR\/xhtml1\/DTD\/xhtml1-transitional.dtd&quot;><br \/>\n<html><br \/>\n<head><br \/>\n<title>Untitled document<\/title><br \/>\n<\/head><br \/>\n<body><\/p>\n<p>Ide\u0101ls gariem matiem, boj\u0101tiem no regul\u0101ras termisk\u0101s (gludeklis, f\u0113ns) un meh\u0101nisk\u0101s (\u0137emmes, sukas&#8230;) apstr\u0101des .<\/p>\n<p>Sast\u0101vda\u013cas: spin\u0101tu ekstrakts, bag\u0101ts ar vitam\u012bniem( A,C, E, K , B1, B2, B6 UN PP) ar antioksidejo&scaron;o, remineralizejo&scaron;o un matu strukt\u016bras stiprino&scaron;o efektu; maigi att\u012bro&scaron;ie a\u0123enti, respekt\u0113jo&scaron;ie garu matu strukt\u016bru; kokosrieksta akt\u012bvs a\u0123ents ar mitrino&scaron;u un barojo&scaron;u funkciju; speci\u0101ls komplekss atvieglo garu matu \u0137emm\u0113&scaron;anu, aizsarg\u0101 no meh\u0101niskiem boj\u0101jumiem; no celulozes izstr\u0101d\u0101ts matu mikstino&scaron;s a\u0123ents.<\/p>\n<p>Lieto&scaron;ana: maigi iemas\u0113t mitros matos, noskalot, atk\u0101rtot p\u0113c nepiecie&scaron;am\u012bbas.<\/p>\n<p><\/body><br \/>\n<\/html><\/p>\n","protected":false},"excerpt":{"rendered":"<p>Untitled document Ide\u0101ls gariem matiem, boj\u0101tiem no regul\u0101ras termisk\u0101s (gludeklis, f\u0113ns) un meh\u0101nisk\u0101s (\u0137emmes, sukas&#8230;) apstr\u0101des . Sast\u0101vda\u013cas: spin\u0101tu ekstrakts,<\/p>\n","protected":false},"featured_media":15999,"template":"","meta":[],"product_brand":[],"product_cat":[2258,2260,2265],"product_tag":[],"class_list":{"0":"post-34190","1":"product","2":"type-product","3":"status-publish","4":"has-post-thumbnail","6":"product_cat-profesionala-kosmetika-matiem-lv","7":"product_cat-davines-italija-lv","8":"product_cat-matu-sampuni-lv","10":"first","11":"outofstock","12":"taxable","13":"shipping-taxable","14":"purchasable","15":"product-type-simple"},"yoast_head":"<!-- This site is optimized with the Yoast SEO Premium plugin v27.0 (Yoast SEO v27.0) - https:\/\/yoast.com\/product\/yoast-seo-premium-wordpress\/ -->\n<title>DAVINES MELU \u0160amp\u016bns ar aizsardz\u012bbu pret l\u016b\u0161anu gariem, mirdzo\u0161iem matiem - cosmetic.lv<\/title>\n<meta name=\"robots\" content=\"index, follow, max-snippet:-1, max-image-preview:large, max-video-preview:-1\" \/>\n<link rel=\"canonical\" href=\"https:\/\/cosmetic.lv\/lv\/product\/davines-melu-sampuns-ar-aizsardzibu-pret-lusanu-gariem-mirdzosiem-matiem\/\" \/>\n<meta property=\"og:locale\" content=\"lv_LV\" \/>\n<meta property=\"og:type\" content=\"article\" \/>\n<meta property=\"og:title\" content=\"DAVINES MELU \u0160amp\u016bns ar aizsardz\u012bbu pret l\u016b\u0161anu gariem, mirdzo\u0161iem matiem\" \/>\n<meta property=\"og:description\" content=\"Untitled document Ide\u0101ls gariem matiem, boj\u0101tiem no regul\u0101ras termisk\u0101s (gludeklis, f\u0113ns) un meh\u0101nisk\u0101s (\u0137emmes, sukas&#8230;) apstr\u0101des . Sast\u0101vda\u013cas: spin\u0101tu ekstrakts,\" \/>\n<meta property=\"og:url\" content=\"https:\/\/cosmetic.lv\/lv\/product\/davines-melu-sampuns-ar-aizsardzibu-pret-lusanu-gariem-mirdzosiem-matiem\/\" \/>\n<meta property=\"og:site_name\" content=\"cosmetic.lv\" \/>\n<meta property=\"article:publisher\" content=\"https:\/\/www.facebook.com\/cosmetic.lv\/\" \/>\n<meta property=\"article:modified_time\" content=\"2021-02-06T17:49:43+00:00\" \/>\n<meta property=\"og:image\" content=\"https:\/\/cosmetic.lv\/wp-content\/uploads\/2021\/02\/31xlrfboaml-4.jpg\" \/>\n\t<meta property=\"og:image:width\" content=\"350\" \/>\n\t<meta property=\"og:image:height\" content=\"350\" \/>\n\t<meta property=\"og:image:type\" content=\"image\/jpeg\" \/>\n<meta name=\"twitter:card\" content=\"summary_large_image\" \/>\n<script type=\"application\/ld+json\" class=\"yoast-schema-graph\">{\"@context\":\"https:\/\/schema.org\",\"@graph\":[{\"@type\":\"WebPage\",\"@id\":\"https:\/\/cosmetic.lv\/lv\/product\/davines-melu-sampuns-ar-aizsardzibu-pret-lusanu-gariem-mirdzosiem-matiem\/\",\"url\":\"https:\/\/cosmetic.lv\/lv\/product\/davines-melu-sampuns-ar-aizsardzibu-pret-lusanu-gariem-mirdzosiem-matiem\/\",\"name\":\"DAVINES MELU \u0160amp\u016bns ar aizsardz\u012bbu pret l\u016b\u0161anu gariem, mirdzo\u0161iem matiem - cosmetic.lv\",\"isPartOf\":{\"@id\":\"https:\/\/cosmetic.lv\/lv\/#website\"},\"primaryImageOfPage\":{\"@id\":\"https:\/\/cosmetic.lv\/lv\/product\/davines-melu-sampuns-ar-aizsardzibu-pret-lusanu-gariem-mirdzosiem-matiem\/#primaryimage\"},\"image\":{\"@id\":\"https:\/\/cosmetic.lv\/lv\/product\/davines-melu-sampuns-ar-aizsardzibu-pret-lusanu-gariem-mirdzosiem-matiem\/#primaryimage\"},\"thumbnailUrl\":\"https:\/\/cosmetic.lv\/wp-content\/uploads\/2021\/02\/31xlrfboaml-4.jpg\",\"datePublished\":\"2021-02-06T17:49:38+00:00\",\"dateModified\":\"2021-02-06T17:49:43+00:00\",\"breadcrumb\":{\"@id\":\"https:\/\/cosmetic.lv\/lv\/product\/davines-melu-sampuns-ar-aizsardzibu-pret-lusanu-gariem-mirdzosiem-matiem\/#breadcrumb\"},\"inLanguage\":\"lv-LV\",\"potentialAction\":[{\"@type\":\"ReadAction\",\"target\":[\"https:\/\/cosmetic.lv\/lv\/product\/davines-melu-sampuns-ar-aizsardzibu-pret-lusanu-gariem-mirdzosiem-matiem\/\"]}]},{\"@type\":\"ImageObject\",\"inLanguage\":\"lv-LV\",\"@id\":\"https:\/\/cosmetic.lv\/lv\/product\/davines-melu-sampuns-ar-aizsardzibu-pret-lusanu-gariem-mirdzosiem-matiem\/#primaryimage\",\"url\":\"https:\/\/cosmetic.lv\/wp-content\/uploads\/2021\/02\/31xlrfboaml-4.jpg\",\"contentUrl\":\"https:\/\/cosmetic.lv\/wp-content\/uploads\/2021\/02\/31xlrfboaml-4.jpg\",\"width\":350,\"height\":350,\"caption\":\"31xlrfboaml.jpg\"},{\"@type\":\"BreadcrumbList\",\"@id\":\"https:\/\/cosmetic.lv\/lv\/product\/davines-melu-sampuns-ar-aizsardzibu-pret-lusanu-gariem-mirdzosiem-matiem\/#breadcrumb\",\"itemListElement\":[{\"@type\":\"ListItem\",\"position\":1,\"name\":\"Home\",\"item\":\"https:\/\/cosmetic.lv\/lv\/\"},{\"@type\":\"ListItem\",\"position\":2,\"name\":\"Veikals\",\"item\":\"https:\/\/cosmetic.lv\/lv\/veiklas\/\"},{\"@type\":\"ListItem\",\"position\":3,\"name\":\"DAVINES MELU \u0160amp\u016bns ar aizsardz\u012bbu pret l\u016b\u0161anu gariem, mirdzo\u0161iem matiem\"}]},{\"@type\":\"WebSite\",\"@id\":\"https:\/\/cosmetic.lv\/lv\/#website\",\"url\":\"https:\/\/cosmetic.lv\/lv\/\",\"name\":\"cosmetic.lv\",\"description\":\"Profesion\u0101la kosm\u0113tika - Maria Galland, Keune, Arkadija, GMT, Guam, Magiray\",\"publisher\":{\"@id\":\"https:\/\/cosmetic.lv\/lv\/#organization\"},\"potentialAction\":[{\"@type\":\"SearchAction\",\"target\":{\"@type\":\"EntryPoint\",\"urlTemplate\":\"https:\/\/cosmetic.lv\/lv\/?s={search_term_string}\"},\"query-input\":{\"@type\":\"PropertyValueSpecification\",\"valueRequired\":true,\"valueName\":\"search_term_string\"}}],\"inLanguage\":\"lv-LV\"},{\"@type\":\"Organization\",\"@id\":\"https:\/\/cosmetic.lv\/lv\/#organization\",\"name\":\"COSMETIC.LV\",\"url\":\"https:\/\/cosmetic.lv\/lv\/\",\"logo\":{\"@type\":\"ImageObject\",\"inLanguage\":\"lv-LV\",\"@id\":\"https:\/\/cosmetic.lv\/lv\/#\/schema\/logo\/image\/\",\"url\":\"https:\/\/cosmetic.lv\/wp-content\/uploads\/2021\/02\/cosmetic.lv_logo.jpg\",\"contentUrl\":\"https:\/\/cosmetic.lv\/wp-content\/uploads\/2021\/02\/cosmetic.lv_logo.jpg\",\"width\":596,\"height\":196,\"caption\":\"COSMETIC.LV\"},\"image\":{\"@id\":\"https:\/\/cosmetic.lv\/lv\/#\/schema\/logo\/image\/\"},\"sameAs\":[\"https:\/\/www.facebook.com\/cosmetic.lv\/\"]}]}<\/script>\n<meta property=\"product:price:amount\" content=\"15.12\" \/>\n<meta property=\"product:price:currency\" content=\"EUR\" \/>\n<meta property=\"og:availability\" content=\"out of stock\" \/>\n<meta property=\"product:availability\" content=\"out of stock\" \/>\n<meta property=\"product:retailer_item_id\" content=\"dav24\" \/>\n<meta property=\"product:condition\" content=\"new\" \/>\n<!-- \/ Yoast SEO Premium plugin. -->","yoast_head_json":{"title":"DAVINES MELU \u0160amp\u016bns ar aizsardz\u012bbu pret l\u016b\u0161anu gariem, mirdzo\u0161iem matiem - cosmetic.lv","robots":{"index":"index","follow":"follow","max-snippet":"max-snippet:-1","max-image-preview":"max-image-preview:large","max-video-preview":"max-video-preview:-1"},"canonical":"https:\/\/cosmetic.lv\/lv\/product\/davines-melu-sampuns-ar-aizsardzibu-pret-lusanu-gariem-mirdzosiem-matiem\/","og_locale":"lv_LV","og_type":"article","og_title":"DAVINES MELU \u0160amp\u016bns ar aizsardz\u012bbu pret l\u016b\u0161anu gariem, mirdzo\u0161iem matiem","og_description":"Untitled document Ide\u0101ls gariem matiem, boj\u0101tiem no regul\u0101ras termisk\u0101s (gludeklis, f\u0113ns) un meh\u0101nisk\u0101s (\u0137emmes, sukas&#8230;) apstr\u0101des . Sast\u0101vda\u013cas: spin\u0101tu ekstrakts,","og_url":"https:\/\/cosmetic.lv\/lv\/product\/davines-melu-sampuns-ar-aizsardzibu-pret-lusanu-gariem-mirdzosiem-matiem\/","og_site_name":"cosmetic.lv","article_publisher":"https:\/\/www.facebook.com\/cosmetic.lv\/","article_modified_time":"2021-02-06T17:49:43+00:00","og_image":[{"width":350,"height":350,"url":"https:\/\/cosmetic.lv\/wp-content\/uploads\/2021\/02\/31xlrfboaml-4.jpg","type":"image\/jpeg"}],"twitter_card":"summary_large_image","schema":{"@context":"https:\/\/schema.org","@graph":[{"@type":"WebPage","@id":"https:\/\/cosmetic.lv\/lv\/product\/davines-melu-sampuns-ar-aizsardzibu-pret-lusanu-gariem-mirdzosiem-matiem\/","url":"https:\/\/cosmetic.lv\/lv\/product\/davines-melu-sampuns-ar-aizsardzibu-pret-lusanu-gariem-mirdzosiem-matiem\/","name":"DAVINES MELU \u0160amp\u016bns ar aizsardz\u012bbu pret l\u016b\u0161anu gariem, mirdzo\u0161iem matiem - cosmetic.lv","isPartOf":{"@id":"https:\/\/cosmetic.lv\/lv\/#website"},"primaryImageOfPage":{"@id":"https:\/\/cosmetic.lv\/lv\/product\/davines-melu-sampuns-ar-aizsardzibu-pret-lusanu-gariem-mirdzosiem-matiem\/#primaryimage"},"image":{"@id":"https:\/\/cosmetic.lv\/lv\/product\/davines-melu-sampuns-ar-aizsardzibu-pret-lusanu-gariem-mirdzosiem-matiem\/#primaryimage"},"thumbnailUrl":"https:\/\/cosmetic.lv\/wp-content\/uploads\/2021\/02\/31xlrfboaml-4.jpg","datePublished":"2021-02-06T17:49:38+00:00","dateModified":"2021-02-06T17:49:43+00:00","breadcrumb":{"@id":"https:\/\/cosmetic.lv\/lv\/product\/davines-melu-sampuns-ar-aizsardzibu-pret-lusanu-gariem-mirdzosiem-matiem\/#breadcrumb"},"inLanguage":"lv-LV","potentialAction":[{"@type":"ReadAction","target":["https:\/\/cosmetic.lv\/lv\/product\/davines-melu-sampuns-ar-aizsardzibu-pret-lusanu-gariem-mirdzosiem-matiem\/"]}]},{"@type":"ImageObject","inLanguage":"lv-LV","@id":"https:\/\/cosmetic.lv\/lv\/product\/davines-melu-sampuns-ar-aizsardzibu-pret-lusanu-gariem-mirdzosiem-matiem\/#primaryimage","url":"https:\/\/cosmetic.lv\/wp-content\/uploads\/2021\/02\/31xlrfboaml-4.jpg","contentUrl":"https:\/\/cosmetic.lv\/wp-content\/uploads\/2021\/02\/31xlrfboaml-4.jpg","width":350,"height":350,"caption":"31xlrfboaml.jpg"},{"@type":"BreadcrumbList","@id":"https:\/\/cosmetic.lv\/lv\/product\/davines-melu-sampuns-ar-aizsardzibu-pret-lusanu-gariem-mirdzosiem-matiem\/#breadcrumb","itemListElement":[{"@type":"ListItem","position":1,"name":"Home","item":"https:\/\/cosmetic.lv\/lv\/"},{"@type":"ListItem","position":2,"name":"Veikals","item":"https:\/\/cosmetic.lv\/lv\/veiklas\/"},{"@type":"ListItem","position":3,"name":"DAVINES MELU \u0160amp\u016bns ar aizsardz\u012bbu pret l\u016b\u0161anu gariem, mirdzo\u0161iem matiem"}]},{"@type":"WebSite","@id":"https:\/\/cosmetic.lv\/lv\/#website","url":"https:\/\/cosmetic.lv\/lv\/","name":"cosmetic.lv","description":"Profesion\u0101la kosm\u0113tika - Maria Galland, Keune, Arkadija, GMT, Guam, Magiray","publisher":{"@id":"https:\/\/cosmetic.lv\/lv\/#organization"},"potentialAction":[{"@type":"SearchAction","target":{"@type":"EntryPoint","urlTemplate":"https:\/\/cosmetic.lv\/lv\/?s={search_term_string}"},"query-input":{"@type":"PropertyValueSpecification","valueRequired":true,"valueName":"search_term_string"}}],"inLanguage":"lv-LV"},{"@type":"Organization","@id":"https:\/\/cosmetic.lv\/lv\/#organization","name":"COSMETIC.LV","url":"https:\/\/cosmetic.lv\/lv\/","logo":{"@type":"ImageObject","inLanguage":"lv-LV","@id":"https:\/\/cosmetic.lv\/lv\/#\/schema\/logo\/image\/","url":"https:\/\/cosmetic.lv\/wp-content\/uploads\/2021\/02\/cosmetic.lv_logo.jpg","contentUrl":"https:\/\/cosmetic.lv\/wp-content\/uploads\/2021\/02\/cosmetic.lv_logo.jpg","width":596,"height":196,"caption":"COSMETIC.LV"},"image":{"@id":"https:\/\/cosmetic.lv\/lv\/#\/schema\/logo\/image\/"},"sameAs":["https:\/\/www.facebook.com\/cosmetic.lv\/"]}]},"product_price_amount":"15.12","product_price_currency":"EUR","og_availability":"out of stock","product_availability":"out of stock","product_retailer_item_id":"dav24","product_condition":"new"},"_links":{"self":[{"href":"https:\/\/cosmetic.lv\/lv\/wp-json\/wp\/v2\/product\/34190","targetHints":{"allow":["GET"]}}],"collection":[{"href":"https:\/\/cosmetic.lv\/lv\/wp-json\/wp\/v2\/product"}],"about":[{"href":"https:\/\/cosmetic.lv\/lv\/wp-json\/wp\/v2\/types\/product"}],"wp:featuredmedia":[{"embeddable":true,"href":"https:\/\/cosmetic.lv\/lv\/wp-json\/wp\/v2\/media\/15999"}],"wp:attachment":[{"href":"https:\/\/cosmetic.lv\/lv\/wp-json\/wp\/v2\/media?parent=34190"}],"wp:term":[{"taxonomy":"product_brand","embeddable":true,"href":"https:\/\/cosmetic.lv\/lv\/wp-json\/wp\/v2\/product_brand?post=34190"},{"taxonomy":"product_cat","embeddable":true,"href":"https:\/\/cosmetic.lv\/lv\/wp-json\/wp\/v2\/product_cat?post=34190"},{"taxonomy":"product_tag","embeddable":true,"href":"https:\/\/cosmetic.lv\/lv\/wp-json\/wp\/v2\/product_tag?post=34190"}],"curies":[{"name":"wp","href":"https:\/\/api.w.org\/{rel}","templated":true}]}}