{"id":34200,"date":"2021-02-05T22:39:43","date_gmt":"2021-02-06T17:49:47","guid":{"rendered":"https:\/\/damme.lv\/product\/davines-nounou-kondiczioner-s-pitatelnym-effektom\/"},"modified":"2021-02-06T19:49:52","modified_gmt":"2021-02-06T17:49:52","slug":"davines-nounou-kondiczioner-s-pitatelnym-effektom","status":"publish","type":"product","link":"https:\/\/cosmetic.lv\/lv\/product\/davines-nounou-kondiczioner-s-pitatelnym-effektom\/","title":{"rendered":"DAVINES Nounou \u041a\u043e\u043d\u0434\u0438\u0446\u0438\u043e\u043d\u0435\u0440 \u0441 \u043f\u0438\u0442\u0430\u0442\u0435\u043b\u044c\u043d\u044b\u043c \u044d\u0444\u0444\u0435\u043a\u0442\u043e\u043c"},"content":{"rendered":"<p>Baro un efekt\u012bvi atjauno balin\u0101ta, kr\u0101sota un \u0137\u012bmiski boj\u0101ti mati, aizsarg\u0101jot kr\u0101su.<br \/>\n    Matu atg\u016bt, k\u013c\u016bstot par spilgtu sp\u012bdumu un maigumu.<\/p>\n<p>Nounou produktu saime ir izstr\u0101d\u0101ta sausiem matiem vai \u0137\u012bmiski boj\u0101ti kr\u0101so\u0161anas, balin\u0101\u0161anu, ilgvi\u013c\u0146u vai matu iztaisno\u0161anas. Tie satur da\u017e\u0101das tom\u0101tu ekstrakts Fyasketto Torre Guacheto audz\u0113to Slow Food prezidija programmas ietvaros. Formula pies\u0101tin\u0101ts ar og\u013chidr\u0101tiem un olbaltumviel\u0101m, ir sp\u0113c\u012bga baro\u0161anas jaudu un antioksidanta iedarb\u012bba, pateicoties C vitam\u012bna ieg\u016bto ekstraktu no tom\u0101tu m\u012bkstumu, ir augstas uzturv\u0113rt\u012bbas un vesel\u012bguma-atjaunot \u012bpa\u0161\u012bbas.<\/p>\n<p>sast\u0101vda\u013cas<br \/>\nF vitam\u012bns (tauksk\u0101bes) (ir pied\u0101v\u0101jums un re\u0123enerat\u012bvo iedarb\u012bbu); Mande\u013cu e\u013c\u013ca ar emulsiju veidojo\u0161o r\u012bc\u012bbu (dod matu elast\u012bbu); Rizobianovaya sve\u0137i (selekt\u012bv\u0101 samazino\u0161a ietekme); Gidrokreatin (v\u0113l liel\u0101ku elast\u012bbu un sp\u012bdumu); Jojoba e\u013c\u013ca (atjaunojo\u0161s un pul\u0113\u0161anas efektu); Tom\u0101tu ekstrakts (kas ir antioksidanta \u012bpa\u0161\u012bbas, darbojoties pret br\u012bvajiem radik\u0101\u013ciem).<br \/>\nK\u0101 lietot<br \/>\nUzkl\u0101jiet nelielu daudzumu Kondicion\u0113t\u0101ja t\u012br\u012b\u0161anai, mitriem matiem, vienm\u0113r\u012bgi sadalot vis\u0101 garum\u0101, atst\u0101j r\u012bkoties 5-10 min\u016bt\u0113m, k\u0101rt\u012bgi izskalot.<\/p>\n","protected":false},"excerpt":{"rendered":"<p>Baro un efekt\u012bvi atjauno balin\u0101ta, kr\u0101sota un \u0137\u012bmiski boj\u0101ti mati, aizsarg\u0101jot kr\u0101su. Matu atg\u016bt, k\u013c\u016bstot par spilgtu sp\u012bdumu un maigumu.<\/p>\n","protected":false},"featured_media":9279,"template":"","meta":[],"product_brand":[],"product_cat":[2258,2260,2261],"product_tag":[],"class_list":{"0":"post-34200","1":"product","2":"type-product","3":"status-publish","4":"has-post-thumbnail","6":"product_cat-profesionala-kosmetika-matiem-lv","7":"product_cat-davines-italija-lv","8":"product_cat-kondicionieris-matiem-lv","10":"first","11":"outofstock","12":"taxable","13":"shipping-taxable","14":"purchasable","15":"product-type-simple"},"yoast_head":"<!-- This site is optimized with the Yoast SEO Premium plugin v27.0 (Yoast SEO v27.0) - https:\/\/yoast.com\/product\/yoast-seo-premium-wordpress\/ -->\n<title>DAVINES Nounou \u041a\u043e\u043d\u0434\u0438\u0446\u0438\u043e\u043d\u0435\u0440 \u0441 \u043f\u0438\u0442\u0430\u0442\u0435\u043b\u044c\u043d\u044b\u043c \u044d\u0444\u0444\u0435\u043a\u0442\u043e\u043c - cosmetic.lv<\/title>\n<meta name=\"robots\" content=\"index, follow, max-snippet:-1, max-image-preview:large, max-video-preview:-1\" \/>\n<link rel=\"canonical\" href=\"https:\/\/cosmetic.lv\/lv\/product\/davines-nounou-kondiczioner-s-pitatelnym-effektom\/\" \/>\n<meta property=\"og:locale\" content=\"lv_LV\" \/>\n<meta property=\"og:type\" content=\"article\" \/>\n<meta property=\"og:title\" content=\"DAVINES Nounou \u041a\u043e\u043d\u0434\u0438\u0446\u0438\u043e\u043d\u0435\u0440 \u0441 \u043f\u0438\u0442\u0430\u0442\u0435\u043b\u044c\u043d\u044b\u043c \u044d\u0444\u0444\u0435\u043a\u0442\u043e\u043c\" \/>\n<meta property=\"og:description\" content=\"Baro un efekt\u012bvi atjauno balin\u0101ta, kr\u0101sota un \u0137\u012bmiski boj\u0101ti mati, aizsarg\u0101jot kr\u0101su. Matu atg\u016bt, k\u013c\u016bstot par spilgtu sp\u012bdumu un maigumu.\" \/>\n<meta property=\"og:url\" content=\"https:\/\/cosmetic.lv\/lv\/product\/davines-nounou-kondiczioner-s-pitatelnym-effektom\/\" \/>\n<meta property=\"og:site_name\" content=\"cosmetic.lv\" \/>\n<meta property=\"article:publisher\" content=\"https:\/\/www.facebook.com\/cosmetic.lv\/\" \/>\n<meta property=\"article:modified_time\" content=\"2021-02-06T17:49:52+00:00\" \/>\n<meta property=\"og:image\" content=\"https:\/\/cosmetic.lv\/wp-content\/uploads\/2021\/02\/nyyj3smppmjx8hcxy4dcta.png\" \/>\n\t<meta property=\"og:image:width\" content=\"584\" \/>\n\t<meta property=\"og:image:height\" content=\"528\" \/>\n\t<meta property=\"og:image:type\" content=\"image\/png\" \/>\n<meta name=\"twitter:card\" content=\"summary_large_image\" \/>\n<script type=\"application\/ld+json\" class=\"yoast-schema-graph\">{\"@context\":\"https:\/\/schema.org\",\"@graph\":[{\"@type\":\"WebPage\",\"@id\":\"https:\/\/cosmetic.lv\/lv\/product\/davines-nounou-kondiczioner-s-pitatelnym-effektom\/\",\"url\":\"https:\/\/cosmetic.lv\/lv\/product\/davines-nounou-kondiczioner-s-pitatelnym-effektom\/\",\"name\":\"DAVINES Nounou \u041a\u043e\u043d\u0434\u0438\u0446\u0438\u043e\u043d\u0435\u0440 \u0441 \u043f\u0438\u0442\u0430\u0442\u0435\u043b\u044c\u043d\u044b\u043c \u044d\u0444\u0444\u0435\u043a\u0442\u043e\u043c - cosmetic.lv\",\"isPartOf\":{\"@id\":\"https:\/\/cosmetic.lv\/lv\/#website\"},\"primaryImageOfPage\":{\"@id\":\"https:\/\/cosmetic.lv\/lv\/product\/davines-nounou-kondiczioner-s-pitatelnym-effektom\/#primaryimage\"},\"image\":{\"@id\":\"https:\/\/cosmetic.lv\/lv\/product\/davines-nounou-kondiczioner-s-pitatelnym-effektom\/#primaryimage\"},\"thumbnailUrl\":\"https:\/\/cosmetic.lv\/wp-content\/uploads\/2021\/02\/nyyj3smppmjx8hcxy4dcta.png\",\"datePublished\":\"2021-02-06T17:49:47+00:00\",\"dateModified\":\"2021-02-06T17:49:52+00:00\",\"breadcrumb\":{\"@id\":\"https:\/\/cosmetic.lv\/lv\/product\/davines-nounou-kondiczioner-s-pitatelnym-effektom\/#breadcrumb\"},\"inLanguage\":\"lv-LV\",\"potentialAction\":[{\"@type\":\"ReadAction\",\"target\":[\"https:\/\/cosmetic.lv\/lv\/product\/davines-nounou-kondiczioner-s-pitatelnym-effektom\/\"]}]},{\"@type\":\"ImageObject\",\"inLanguage\":\"lv-LV\",\"@id\":\"https:\/\/cosmetic.lv\/lv\/product\/davines-nounou-kondiczioner-s-pitatelnym-effektom\/#primaryimage\",\"url\":\"https:\/\/cosmetic.lv\/wp-content\/uploads\/2021\/02\/nyyj3smppmjx8hcxy4dcta.png\",\"contentUrl\":\"https:\/\/cosmetic.lv\/wp-content\/uploads\/2021\/02\/nyyj3smppmjx8hcxy4dcta.png\",\"width\":584,\"height\":528,\"caption\":\"nYyJ3sMpPMJx8HCxY4dCTA.png\"},{\"@type\":\"BreadcrumbList\",\"@id\":\"https:\/\/cosmetic.lv\/lv\/product\/davines-nounou-kondiczioner-s-pitatelnym-effektom\/#breadcrumb\",\"itemListElement\":[{\"@type\":\"ListItem\",\"position\":1,\"name\":\"Home\",\"item\":\"https:\/\/cosmetic.lv\/lv\/\"},{\"@type\":\"ListItem\",\"position\":2,\"name\":\"Veikals\",\"item\":\"https:\/\/cosmetic.lv\/lv\/veiklas\/\"},{\"@type\":\"ListItem\",\"position\":3,\"name\":\"DAVINES Nounou \u041a\u043e\u043d\u0434\u0438\u0446\u0438\u043e\u043d\u0435\u0440 \u0441 \u043f\u0438\u0442\u0430\u0442\u0435\u043b\u044c\u043d\u044b\u043c \u044d\u0444\u0444\u0435\u043a\u0442\u043e\u043c\"}]},{\"@type\":\"WebSite\",\"@id\":\"https:\/\/cosmetic.lv\/lv\/#website\",\"url\":\"https:\/\/cosmetic.lv\/lv\/\",\"name\":\"cosmetic.lv\",\"description\":\"Profesion\u0101la kosm\u0113tika - Maria Galland, Keune, Arkadija, GMT, Guam, Magiray\",\"publisher\":{\"@id\":\"https:\/\/cosmetic.lv\/lv\/#organization\"},\"potentialAction\":[{\"@type\":\"SearchAction\",\"target\":{\"@type\":\"EntryPoint\",\"urlTemplate\":\"https:\/\/cosmetic.lv\/lv\/?s={search_term_string}\"},\"query-input\":{\"@type\":\"PropertyValueSpecification\",\"valueRequired\":true,\"valueName\":\"search_term_string\"}}],\"inLanguage\":\"lv-LV\"},{\"@type\":\"Organization\",\"@id\":\"https:\/\/cosmetic.lv\/lv\/#organization\",\"name\":\"COSMETIC.LV\",\"url\":\"https:\/\/cosmetic.lv\/lv\/\",\"logo\":{\"@type\":\"ImageObject\",\"inLanguage\":\"lv-LV\",\"@id\":\"https:\/\/cosmetic.lv\/lv\/#\/schema\/logo\/image\/\",\"url\":\"https:\/\/cosmetic.lv\/wp-content\/uploads\/2021\/02\/cosmetic.lv_logo.jpg\",\"contentUrl\":\"https:\/\/cosmetic.lv\/wp-content\/uploads\/2021\/02\/cosmetic.lv_logo.jpg\",\"width\":596,\"height\":196,\"caption\":\"COSMETIC.LV\"},\"image\":{\"@id\":\"https:\/\/cosmetic.lv\/lv\/#\/schema\/logo\/image\/\"},\"sameAs\":[\"https:\/\/www.facebook.com\/cosmetic.lv\/\"]}]}<\/script>\n<meta property=\"product:price:amount\" content=\"17.14\" \/>\n<meta property=\"product:price:currency\" content=\"EUR\" \/>\n<meta property=\"og:availability\" content=\"out of stock\" \/>\n<meta property=\"product:availability\" content=\"out of stock\" \/>\n<meta property=\"product:retailer_item_id\" content=\"dm1\" \/>\n<meta property=\"product:condition\" content=\"new\" \/>\n<!-- \/ Yoast SEO Premium plugin. -->","yoast_head_json":{"title":"DAVINES Nounou \u041a\u043e\u043d\u0434\u0438\u0446\u0438\u043e\u043d\u0435\u0440 \u0441 \u043f\u0438\u0442\u0430\u0442\u0435\u043b\u044c\u043d\u044b\u043c \u044d\u0444\u0444\u0435\u043a\u0442\u043e\u043c - cosmetic.lv","robots":{"index":"index","follow":"follow","max-snippet":"max-snippet:-1","max-image-preview":"max-image-preview:large","max-video-preview":"max-video-preview:-1"},"canonical":"https:\/\/cosmetic.lv\/lv\/product\/davines-nounou-kondiczioner-s-pitatelnym-effektom\/","og_locale":"lv_LV","og_type":"article","og_title":"DAVINES Nounou \u041a\u043e\u043d\u0434\u0438\u0446\u0438\u043e\u043d\u0435\u0440 \u0441 \u043f\u0438\u0442\u0430\u0442\u0435\u043b\u044c\u043d\u044b\u043c \u044d\u0444\u0444\u0435\u043a\u0442\u043e\u043c","og_description":"Baro un efekt\u012bvi atjauno balin\u0101ta, kr\u0101sota un \u0137\u012bmiski boj\u0101ti mati, aizsarg\u0101jot kr\u0101su. Matu atg\u016bt, k\u013c\u016bstot par spilgtu sp\u012bdumu un maigumu.","og_url":"https:\/\/cosmetic.lv\/lv\/product\/davines-nounou-kondiczioner-s-pitatelnym-effektom\/","og_site_name":"cosmetic.lv","article_publisher":"https:\/\/www.facebook.com\/cosmetic.lv\/","article_modified_time":"2021-02-06T17:49:52+00:00","og_image":[{"width":584,"height":528,"url":"https:\/\/cosmetic.lv\/wp-content\/uploads\/2021\/02\/nyyj3smppmjx8hcxy4dcta.png","type":"image\/png"}],"twitter_card":"summary_large_image","schema":{"@context":"https:\/\/schema.org","@graph":[{"@type":"WebPage","@id":"https:\/\/cosmetic.lv\/lv\/product\/davines-nounou-kondiczioner-s-pitatelnym-effektom\/","url":"https:\/\/cosmetic.lv\/lv\/product\/davines-nounou-kondiczioner-s-pitatelnym-effektom\/","name":"DAVINES Nounou \u041a\u043e\u043d\u0434\u0438\u0446\u0438\u043e\u043d\u0435\u0440 \u0441 \u043f\u0438\u0442\u0430\u0442\u0435\u043b\u044c\u043d\u044b\u043c \u044d\u0444\u0444\u0435\u043a\u0442\u043e\u043c - cosmetic.lv","isPartOf":{"@id":"https:\/\/cosmetic.lv\/lv\/#website"},"primaryImageOfPage":{"@id":"https:\/\/cosmetic.lv\/lv\/product\/davines-nounou-kondiczioner-s-pitatelnym-effektom\/#primaryimage"},"image":{"@id":"https:\/\/cosmetic.lv\/lv\/product\/davines-nounou-kondiczioner-s-pitatelnym-effektom\/#primaryimage"},"thumbnailUrl":"https:\/\/cosmetic.lv\/wp-content\/uploads\/2021\/02\/nyyj3smppmjx8hcxy4dcta.png","datePublished":"2021-02-06T17:49:47+00:00","dateModified":"2021-02-06T17:49:52+00:00","breadcrumb":{"@id":"https:\/\/cosmetic.lv\/lv\/product\/davines-nounou-kondiczioner-s-pitatelnym-effektom\/#breadcrumb"},"inLanguage":"lv-LV","potentialAction":[{"@type":"ReadAction","target":["https:\/\/cosmetic.lv\/lv\/product\/davines-nounou-kondiczioner-s-pitatelnym-effektom\/"]}]},{"@type":"ImageObject","inLanguage":"lv-LV","@id":"https:\/\/cosmetic.lv\/lv\/product\/davines-nounou-kondiczioner-s-pitatelnym-effektom\/#primaryimage","url":"https:\/\/cosmetic.lv\/wp-content\/uploads\/2021\/02\/nyyj3smppmjx8hcxy4dcta.png","contentUrl":"https:\/\/cosmetic.lv\/wp-content\/uploads\/2021\/02\/nyyj3smppmjx8hcxy4dcta.png","width":584,"height":528,"caption":"nYyJ3sMpPMJx8HCxY4dCTA.png"},{"@type":"BreadcrumbList","@id":"https:\/\/cosmetic.lv\/lv\/product\/davines-nounou-kondiczioner-s-pitatelnym-effektom\/#breadcrumb","itemListElement":[{"@type":"ListItem","position":1,"name":"Home","item":"https:\/\/cosmetic.lv\/lv\/"},{"@type":"ListItem","position":2,"name":"Veikals","item":"https:\/\/cosmetic.lv\/lv\/veiklas\/"},{"@type":"ListItem","position":3,"name":"DAVINES Nounou \u041a\u043e\u043d\u0434\u0438\u0446\u0438\u043e\u043d\u0435\u0440 \u0441 \u043f\u0438\u0442\u0430\u0442\u0435\u043b\u044c\u043d\u044b\u043c \u044d\u0444\u0444\u0435\u043a\u0442\u043e\u043c"}]},{"@type":"WebSite","@id":"https:\/\/cosmetic.lv\/lv\/#website","url":"https:\/\/cosmetic.lv\/lv\/","name":"cosmetic.lv","description":"Profesion\u0101la kosm\u0113tika - Maria Galland, Keune, Arkadija, GMT, Guam, Magiray","publisher":{"@id":"https:\/\/cosmetic.lv\/lv\/#organization"},"potentialAction":[{"@type":"SearchAction","target":{"@type":"EntryPoint","urlTemplate":"https:\/\/cosmetic.lv\/lv\/?s={search_term_string}"},"query-input":{"@type":"PropertyValueSpecification","valueRequired":true,"valueName":"search_term_string"}}],"inLanguage":"lv-LV"},{"@type":"Organization","@id":"https:\/\/cosmetic.lv\/lv\/#organization","name":"COSMETIC.LV","url":"https:\/\/cosmetic.lv\/lv\/","logo":{"@type":"ImageObject","inLanguage":"lv-LV","@id":"https:\/\/cosmetic.lv\/lv\/#\/schema\/logo\/image\/","url":"https:\/\/cosmetic.lv\/wp-content\/uploads\/2021\/02\/cosmetic.lv_logo.jpg","contentUrl":"https:\/\/cosmetic.lv\/wp-content\/uploads\/2021\/02\/cosmetic.lv_logo.jpg","width":596,"height":196,"caption":"COSMETIC.LV"},"image":{"@id":"https:\/\/cosmetic.lv\/lv\/#\/schema\/logo\/image\/"},"sameAs":["https:\/\/www.facebook.com\/cosmetic.lv\/"]}]},"product_price_amount":"17.14","product_price_currency":"EUR","og_availability":"out of stock","product_availability":"out of stock","product_retailer_item_id":"dm1","product_condition":"new"},"_links":{"self":[{"href":"https:\/\/cosmetic.lv\/lv\/wp-json\/wp\/v2\/product\/34200","targetHints":{"allow":["GET"]}}],"collection":[{"href":"https:\/\/cosmetic.lv\/lv\/wp-json\/wp\/v2\/product"}],"about":[{"href":"https:\/\/cosmetic.lv\/lv\/wp-json\/wp\/v2\/types\/product"}],"wp:featuredmedia":[{"embeddable":true,"href":"https:\/\/cosmetic.lv\/lv\/wp-json\/wp\/v2\/media\/9279"}],"wp:attachment":[{"href":"https:\/\/cosmetic.lv\/lv\/wp-json\/wp\/v2\/media?parent=34200"}],"wp:term":[{"taxonomy":"product_brand","embeddable":true,"href":"https:\/\/cosmetic.lv\/lv\/wp-json\/wp\/v2\/product_brand?post=34200"},{"taxonomy":"product_cat","embeddable":true,"href":"https:\/\/cosmetic.lv\/lv\/wp-json\/wp\/v2\/product_cat?post=34200"},{"taxonomy":"product_tag","embeddable":true,"href":"https:\/\/cosmetic.lv\/lv\/wp-json\/wp\/v2\/product_tag?post=34200"}],"curies":[{"name":"wp","href":"https:\/\/api.w.org\/{rel}","templated":true}]}}