{"id":34201,"date":"2021-02-05T22:39:43","date_gmt":"2021-02-06T17:49:47","guid":{"rendered":"https:\/\/damme.lv\/product\/davines-momo-conditioner-kondicionieris-ar-mitrinosu-un-nogludinosu-iedarbibu\/"},"modified":"2021-02-06T19:49:52","modified_gmt":"2021-02-06T17:49:52","slug":"davines-momo-conditioner-kondicionieris-ar-mitrinosu-un-nogludinosu-iedarbibu","status":"publish","type":"product","link":"https:\/\/cosmetic.lv\/lv\/product\/davines-momo-conditioner-kondicionieris-ar-mitrinosu-un-nogludinosu-iedarbibu\/","title":{"rendered":"DAVINES MOMO Conditioner Kondicionieris ar mitrino\u0161u un nogludino\u0161u iedarb\u012bbu"},"content":{"rendered":"<p>Pielietojums:<br \/>\nPiesakies uz dvie\u013cu \u017e\u0101v\u0113 matus p\u0113c tam, izmantojot MOMO \/ \u0161amp\u016bnu. Atst\u0101jiet uz 5-10 min\u016bt\u0113m, \u0137emm\u0113t matus, noskalojiet ar siltu \u016bdeni. Iet uz v\u0113lamo stilu.<\/p>\n<p>MOMO produktu saime ir izstr\u0101d\u0101ta sausiem vai at\u016bde\u0146ot\u0101 matiem. Instrumenti MOMO satur ekstraktu dzelten\u0101 melo\u0146u \u0161\u0137ir\u0146u Kartukkyaru par Pacheco, kas audz\u0113ti zem Slow Food Prezidija programm\u0101. Formula, bag\u0101ts ar vitam\u012bniem un miner\u0101ls\u0101\u013ciem, sniedz<br \/>\nilgsto\u0161u mitrino\u0161u mati.<\/p>\n<p>S\u0101kum\u0101 17 gadsimt\u0101 audz\u0113\u0161ana melon\u0113m zemes net\u0101lu Trapani (It\u0101lija) bija pla\u0161i izplat\u012bta. P\u0113c v\u0101kt Melone ra\u017ea tika glab\u0101ti teras\u0113m vai balkoniem l\u012bdz<br \/>\nZiemassv\u0113tku vakars, ka, samazinot meloni gabali\u0146os, cilv\u0113ki baud\u012bja to sul\u012bgs un salds miesu. Pieg\u0101d\u0101t\u0101js melones &#8211; Farm Signora Francesca Simonte no Dattilo, Trapani provinc\u0113. Lai saglab\u0101tu \u0161o reto \u0161\u0137ir\u0146u melones ekstrakts p\u0113c ekstrakts s\u0113kl\u0101m, m\u0113s nos\u016bt\u012bt atpaka\u013c uz Signora Simonte, lai vi\u0146a var\u0113tu st\u0101d\u012bt tos v\u0113lreiz.<\/p>\n<p>MOMO kl\u0101sts ietver mitrino\u0161o \u0161amp\u016bns un kondicionieris, un atst\u0101t univers\u0101lo eliks\u012brs.<\/p>\n","protected":false},"excerpt":{"rendered":"<p>Pielietojums: Piesakies uz dvie\u013cu \u017e\u0101v\u0113 matus p\u0113c tam, izmantojot MOMO \/ \u0161amp\u016bnu. Atst\u0101jiet uz 5-10 min\u016bt\u0113m, \u0137emm\u0113t matus, noskalojiet ar<\/p>\n","protected":false},"featured_media":9282,"template":"","meta":[],"product_brand":[],"product_cat":[2258,2260,2261],"product_tag":[],"class_list":{"0":"post-34201","1":"product","2":"type-product","3":"status-publish","4":"has-post-thumbnail","6":"product_cat-profesionala-kosmetika-matiem-lv","7":"product_cat-davines-italija-lv","8":"product_cat-kondicionieris-matiem-lv","10":"first","11":"outofstock","12":"taxable","13":"shipping-taxable","14":"purchasable","15":"product-type-simple"},"yoast_head":"<!-- This site is optimized with the Yoast SEO Premium plugin v27.0 (Yoast SEO v27.0) - https:\/\/yoast.com\/product\/yoast-seo-premium-wordpress\/ -->\n<title>DAVINES MOMO Conditioner Kondicionieris ar mitrino\u0161u un nogludino\u0161u iedarb\u012bbu - cosmetic.lv<\/title>\n<meta name=\"robots\" content=\"index, follow, max-snippet:-1, max-image-preview:large, max-video-preview:-1\" \/>\n<link rel=\"canonical\" href=\"https:\/\/cosmetic.lv\/lv\/product\/davines-momo-conditioner-kondicionieris-ar-mitrinosu-un-nogludinosu-iedarbibu\/\" \/>\n<meta property=\"og:locale\" content=\"lv_LV\" \/>\n<meta property=\"og:type\" content=\"article\" \/>\n<meta property=\"og:title\" content=\"DAVINES MOMO Conditioner Kondicionieris ar mitrino\u0161u un nogludino\u0161u iedarb\u012bbu\" \/>\n<meta property=\"og:description\" content=\"Pielietojums: Piesakies uz dvie\u013cu \u017e\u0101v\u0113 matus p\u0113c tam, izmantojot MOMO \/ \u0161amp\u016bnu. Atst\u0101jiet uz 5-10 min\u016bt\u0113m, \u0137emm\u0113t matus, noskalojiet ar\" \/>\n<meta property=\"og:url\" content=\"https:\/\/cosmetic.lv\/lv\/product\/davines-momo-conditioner-kondicionieris-ar-mitrinosu-un-nogludinosu-iedarbibu\/\" \/>\n<meta property=\"og:site_name\" content=\"cosmetic.lv\" \/>\n<meta property=\"article:publisher\" content=\"https:\/\/www.facebook.com\/cosmetic.lv\/\" \/>\n<meta property=\"article:modified_time\" content=\"2021-02-06T17:49:52+00:00\" \/>\n<meta property=\"og:image\" content=\"https:\/\/cosmetic.lv\/wp-content\/uploads\/2021\/02\/momodavines.jpg\" \/>\n\t<meta property=\"og:image:width\" content=\"236\" \/>\n\t<meta property=\"og:image:height\" content=\"213\" \/>\n\t<meta property=\"og:image:type\" content=\"image\/jpeg\" \/>\n<meta name=\"twitter:card\" content=\"summary_large_image\" \/>\n<script type=\"application\/ld+json\" class=\"yoast-schema-graph\">{\"@context\":\"https:\/\/schema.org\",\"@graph\":[{\"@type\":\"WebPage\",\"@id\":\"https:\/\/cosmetic.lv\/lv\/product\/davines-momo-conditioner-kondicionieris-ar-mitrinosu-un-nogludinosu-iedarbibu\/\",\"url\":\"https:\/\/cosmetic.lv\/lv\/product\/davines-momo-conditioner-kondicionieris-ar-mitrinosu-un-nogludinosu-iedarbibu\/\",\"name\":\"DAVINES MOMO Conditioner Kondicionieris ar mitrino\u0161u un nogludino\u0161u iedarb\u012bbu - cosmetic.lv\",\"isPartOf\":{\"@id\":\"https:\/\/cosmetic.lv\/lv\/#website\"},\"primaryImageOfPage\":{\"@id\":\"https:\/\/cosmetic.lv\/lv\/product\/davines-momo-conditioner-kondicionieris-ar-mitrinosu-un-nogludinosu-iedarbibu\/#primaryimage\"},\"image\":{\"@id\":\"https:\/\/cosmetic.lv\/lv\/product\/davines-momo-conditioner-kondicionieris-ar-mitrinosu-un-nogludinosu-iedarbibu\/#primaryimage\"},\"thumbnailUrl\":\"https:\/\/cosmetic.lv\/wp-content\/uploads\/2021\/02\/momodavines.jpg\",\"datePublished\":\"2021-02-06T17:49:47+00:00\",\"dateModified\":\"2021-02-06T17:49:52+00:00\",\"breadcrumb\":{\"@id\":\"https:\/\/cosmetic.lv\/lv\/product\/davines-momo-conditioner-kondicionieris-ar-mitrinosu-un-nogludinosu-iedarbibu\/#breadcrumb\"},\"inLanguage\":\"lv-LV\",\"potentialAction\":[{\"@type\":\"ReadAction\",\"target\":[\"https:\/\/cosmetic.lv\/lv\/product\/davines-momo-conditioner-kondicionieris-ar-mitrinosu-un-nogludinosu-iedarbibu\/\"]}]},{\"@type\":\"ImageObject\",\"inLanguage\":\"lv-LV\",\"@id\":\"https:\/\/cosmetic.lv\/lv\/product\/davines-momo-conditioner-kondicionieris-ar-mitrinosu-un-nogludinosu-iedarbibu\/#primaryimage\",\"url\":\"https:\/\/cosmetic.lv\/wp-content\/uploads\/2021\/02\/momodavines.jpg\",\"contentUrl\":\"https:\/\/cosmetic.lv\/wp-content\/uploads\/2021\/02\/momodavines.jpg\",\"width\":236,\"height\":213,\"caption\":\"MOMODAVINES.jpg\"},{\"@type\":\"BreadcrumbList\",\"@id\":\"https:\/\/cosmetic.lv\/lv\/product\/davines-momo-conditioner-kondicionieris-ar-mitrinosu-un-nogludinosu-iedarbibu\/#breadcrumb\",\"itemListElement\":[{\"@type\":\"ListItem\",\"position\":1,\"name\":\"Home\",\"item\":\"https:\/\/cosmetic.lv\/lv\/\"},{\"@type\":\"ListItem\",\"position\":2,\"name\":\"Veikals\",\"item\":\"https:\/\/cosmetic.lv\/lv\/veiklas\/\"},{\"@type\":\"ListItem\",\"position\":3,\"name\":\"DAVINES MOMO Conditioner Kondicionieris ar mitrino\u0161u un nogludino\u0161u iedarb\u012bbu\"}]},{\"@type\":\"WebSite\",\"@id\":\"https:\/\/cosmetic.lv\/lv\/#website\",\"url\":\"https:\/\/cosmetic.lv\/lv\/\",\"name\":\"cosmetic.lv\",\"description\":\"Profesion\u0101la kosm\u0113tika - Maria Galland, Keune, Arkadija, GMT, Guam, Magiray\",\"publisher\":{\"@id\":\"https:\/\/cosmetic.lv\/lv\/#organization\"},\"potentialAction\":[{\"@type\":\"SearchAction\",\"target\":{\"@type\":\"EntryPoint\",\"urlTemplate\":\"https:\/\/cosmetic.lv\/lv\/?s={search_term_string}\"},\"query-input\":{\"@type\":\"PropertyValueSpecification\",\"valueRequired\":true,\"valueName\":\"search_term_string\"}}],\"inLanguage\":\"lv-LV\"},{\"@type\":\"Organization\",\"@id\":\"https:\/\/cosmetic.lv\/lv\/#organization\",\"name\":\"COSMETIC.LV\",\"url\":\"https:\/\/cosmetic.lv\/lv\/\",\"logo\":{\"@type\":\"ImageObject\",\"inLanguage\":\"lv-LV\",\"@id\":\"https:\/\/cosmetic.lv\/lv\/#\/schema\/logo\/image\/\",\"url\":\"https:\/\/cosmetic.lv\/wp-content\/uploads\/2021\/02\/cosmetic.lv_logo.jpg\",\"contentUrl\":\"https:\/\/cosmetic.lv\/wp-content\/uploads\/2021\/02\/cosmetic.lv_logo.jpg\",\"width\":596,\"height\":196,\"caption\":\"COSMETIC.LV\"},\"image\":{\"@id\":\"https:\/\/cosmetic.lv\/lv\/#\/schema\/logo\/image\/\"},\"sameAs\":[\"https:\/\/www.facebook.com\/cosmetic.lv\/\"]}]}<\/script>\n<meta property=\"product:price:amount\" content=\"17.14\" \/>\n<meta property=\"product:price:currency\" content=\"EUR\" \/>\n<meta property=\"og:availability\" content=\"out of stock\" \/>\n<meta property=\"product:availability\" content=\"out of stock\" \/>\n<meta property=\"product:retailer_item_id\" content=\"dq\" \/>\n<meta property=\"product:condition\" content=\"new\" \/>\n<!-- \/ Yoast SEO Premium plugin. -->","yoast_head_json":{"title":"DAVINES MOMO Conditioner Kondicionieris ar mitrino\u0161u un nogludino\u0161u iedarb\u012bbu - cosmetic.lv","robots":{"index":"index","follow":"follow","max-snippet":"max-snippet:-1","max-image-preview":"max-image-preview:large","max-video-preview":"max-video-preview:-1"},"canonical":"https:\/\/cosmetic.lv\/lv\/product\/davines-momo-conditioner-kondicionieris-ar-mitrinosu-un-nogludinosu-iedarbibu\/","og_locale":"lv_LV","og_type":"article","og_title":"DAVINES MOMO Conditioner Kondicionieris ar mitrino\u0161u un nogludino\u0161u iedarb\u012bbu","og_description":"Pielietojums: Piesakies uz dvie\u013cu \u017e\u0101v\u0113 matus p\u0113c tam, izmantojot MOMO \/ \u0161amp\u016bnu. Atst\u0101jiet uz 5-10 min\u016bt\u0113m, \u0137emm\u0113t matus, noskalojiet ar","og_url":"https:\/\/cosmetic.lv\/lv\/product\/davines-momo-conditioner-kondicionieris-ar-mitrinosu-un-nogludinosu-iedarbibu\/","og_site_name":"cosmetic.lv","article_publisher":"https:\/\/www.facebook.com\/cosmetic.lv\/","article_modified_time":"2021-02-06T17:49:52+00:00","og_image":[{"width":236,"height":213,"url":"https:\/\/cosmetic.lv\/wp-content\/uploads\/2021\/02\/momodavines.jpg","type":"image\/jpeg"}],"twitter_card":"summary_large_image","schema":{"@context":"https:\/\/schema.org","@graph":[{"@type":"WebPage","@id":"https:\/\/cosmetic.lv\/lv\/product\/davines-momo-conditioner-kondicionieris-ar-mitrinosu-un-nogludinosu-iedarbibu\/","url":"https:\/\/cosmetic.lv\/lv\/product\/davines-momo-conditioner-kondicionieris-ar-mitrinosu-un-nogludinosu-iedarbibu\/","name":"DAVINES MOMO Conditioner Kondicionieris ar mitrino\u0161u un nogludino\u0161u iedarb\u012bbu - cosmetic.lv","isPartOf":{"@id":"https:\/\/cosmetic.lv\/lv\/#website"},"primaryImageOfPage":{"@id":"https:\/\/cosmetic.lv\/lv\/product\/davines-momo-conditioner-kondicionieris-ar-mitrinosu-un-nogludinosu-iedarbibu\/#primaryimage"},"image":{"@id":"https:\/\/cosmetic.lv\/lv\/product\/davines-momo-conditioner-kondicionieris-ar-mitrinosu-un-nogludinosu-iedarbibu\/#primaryimage"},"thumbnailUrl":"https:\/\/cosmetic.lv\/wp-content\/uploads\/2021\/02\/momodavines.jpg","datePublished":"2021-02-06T17:49:47+00:00","dateModified":"2021-02-06T17:49:52+00:00","breadcrumb":{"@id":"https:\/\/cosmetic.lv\/lv\/product\/davines-momo-conditioner-kondicionieris-ar-mitrinosu-un-nogludinosu-iedarbibu\/#breadcrumb"},"inLanguage":"lv-LV","potentialAction":[{"@type":"ReadAction","target":["https:\/\/cosmetic.lv\/lv\/product\/davines-momo-conditioner-kondicionieris-ar-mitrinosu-un-nogludinosu-iedarbibu\/"]}]},{"@type":"ImageObject","inLanguage":"lv-LV","@id":"https:\/\/cosmetic.lv\/lv\/product\/davines-momo-conditioner-kondicionieris-ar-mitrinosu-un-nogludinosu-iedarbibu\/#primaryimage","url":"https:\/\/cosmetic.lv\/wp-content\/uploads\/2021\/02\/momodavines.jpg","contentUrl":"https:\/\/cosmetic.lv\/wp-content\/uploads\/2021\/02\/momodavines.jpg","width":236,"height":213,"caption":"MOMODAVINES.jpg"},{"@type":"BreadcrumbList","@id":"https:\/\/cosmetic.lv\/lv\/product\/davines-momo-conditioner-kondicionieris-ar-mitrinosu-un-nogludinosu-iedarbibu\/#breadcrumb","itemListElement":[{"@type":"ListItem","position":1,"name":"Home","item":"https:\/\/cosmetic.lv\/lv\/"},{"@type":"ListItem","position":2,"name":"Veikals","item":"https:\/\/cosmetic.lv\/lv\/veiklas\/"},{"@type":"ListItem","position":3,"name":"DAVINES MOMO Conditioner Kondicionieris ar mitrino\u0161u un nogludino\u0161u iedarb\u012bbu"}]},{"@type":"WebSite","@id":"https:\/\/cosmetic.lv\/lv\/#website","url":"https:\/\/cosmetic.lv\/lv\/","name":"cosmetic.lv","description":"Profesion\u0101la kosm\u0113tika - Maria Galland, Keune, Arkadija, GMT, Guam, Magiray","publisher":{"@id":"https:\/\/cosmetic.lv\/lv\/#organization"},"potentialAction":[{"@type":"SearchAction","target":{"@type":"EntryPoint","urlTemplate":"https:\/\/cosmetic.lv\/lv\/?s={search_term_string}"},"query-input":{"@type":"PropertyValueSpecification","valueRequired":true,"valueName":"search_term_string"}}],"inLanguage":"lv-LV"},{"@type":"Organization","@id":"https:\/\/cosmetic.lv\/lv\/#organization","name":"COSMETIC.LV","url":"https:\/\/cosmetic.lv\/lv\/","logo":{"@type":"ImageObject","inLanguage":"lv-LV","@id":"https:\/\/cosmetic.lv\/lv\/#\/schema\/logo\/image\/","url":"https:\/\/cosmetic.lv\/wp-content\/uploads\/2021\/02\/cosmetic.lv_logo.jpg","contentUrl":"https:\/\/cosmetic.lv\/wp-content\/uploads\/2021\/02\/cosmetic.lv_logo.jpg","width":596,"height":196,"caption":"COSMETIC.LV"},"image":{"@id":"https:\/\/cosmetic.lv\/lv\/#\/schema\/logo\/image\/"},"sameAs":["https:\/\/www.facebook.com\/cosmetic.lv\/"]}]},"product_price_amount":"17.14","product_price_currency":"EUR","og_availability":"out of stock","product_availability":"out of stock","product_retailer_item_id":"dq","product_condition":"new"},"_links":{"self":[{"href":"https:\/\/cosmetic.lv\/lv\/wp-json\/wp\/v2\/product\/34201","targetHints":{"allow":["GET"]}}],"collection":[{"href":"https:\/\/cosmetic.lv\/lv\/wp-json\/wp\/v2\/product"}],"about":[{"href":"https:\/\/cosmetic.lv\/lv\/wp-json\/wp\/v2\/types\/product"}],"wp:featuredmedia":[{"embeddable":true,"href":"https:\/\/cosmetic.lv\/lv\/wp-json\/wp\/v2\/media\/9282"}],"wp:attachment":[{"href":"https:\/\/cosmetic.lv\/lv\/wp-json\/wp\/v2\/media?parent=34201"}],"wp:term":[{"taxonomy":"product_brand","embeddable":true,"href":"https:\/\/cosmetic.lv\/lv\/wp-json\/wp\/v2\/product_brand?post=34201"},{"taxonomy":"product_cat","embeddable":true,"href":"https:\/\/cosmetic.lv\/lv\/wp-json\/wp\/v2\/product_cat?post=34201"},{"taxonomy":"product_tag","embeddable":true,"href":"https:\/\/cosmetic.lv\/lv\/wp-json\/wp\/v2\/product_tag?post=34201"}],"curies":[{"name":"wp","href":"https:\/\/api.w.org\/{rel}","templated":true}]}}