{"id":34203,"date":"2021-02-05T22:39:43","date_gmt":"2021-02-06T17:49:47","guid":{"rendered":"https:\/\/damme.lv\/product\/davines-melu-kondicionieris-ar-aizsardzibu-pret-lusanu-bojatiem-matiem\/"},"modified":"2021-02-06T19:49:54","modified_gmt":"2021-02-06T17:49:54","slug":"davines-melu-kondicionieris-ar-aizsardzibu-pret-lusanu-bojatiem-matiem","status":"publish","type":"product","link":"https:\/\/cosmetic.lv\/lv\/product\/davines-melu-kondicionieris-ar-aizsardzibu-pret-lusanu-bojatiem-matiem\/","title":{"rendered":"DAVINES MELU  Kondicionieris ar aizsardz\u012bbu pret l\u016b\u0161anu, boj\u0101tiem matiem"},"content":{"rendered":"<p>m\u0113r\u0137is: Kondicionieris ir paredz\u0113ts ikdienas kop\u0161anai gariem matiem, lai pasarg\u0101tu tos no boj\u0101jumiem, anti-split galiem.<\/p>\n<p>Darb\u012bba: \u012apa\u0161\u0101 formula satur apriko\u017eu kauli\u0146u e\u013c\u013cu, kas bag\u0101tin\u0101ts ar A un C vitam\u012bnu, m\u012bkstina un nosac\u012bjumi mati un ir anti-statiskas \u012bpa\u0161\u012bbas. T\u0101 stiprina matu strukt\u016bru. Tas aizsarg\u0101 pret karstuma izmanto\u0161anu matu \u017e\u0101v\u0113t\u0101js, gludin\u0101\u0161anai, k\u0113rlings laik\u0101. Nov\u0113rstu to meh\u0101niskus boj\u0101jumus \u0137emm\u0113\u0161anas un slapj\u0161 un sausiem matiem laik\u0101. Tas padara to viegli atritin\u0101t un \u0137emm\u0113t matus. PH 3,5.<\/p>\n<p>Lieto\u0161ana: Uzkl\u0101jiet p\u0113c mazg\u0101\u0161anas mitros matos, izplat\u012bt vienm\u0113r\u012bgi caur matiem un mas\u0101\u017ea, atst\u0101t uz da\u017e\u0101m min\u016bt\u0113m, noskalot ar siltu \u016bdeni.<\/p>\n","protected":false},"excerpt":{"rendered":"<p>m\u0113r\u0137is: Kondicionieris ir paredz\u0113ts ikdienas kop\u0161anai gariem matiem, lai pasarg\u0101tu tos no boj\u0101jumiem, anti-split galiem. Darb\u012bba: \u012apa\u0161\u0101 formula satur apriko\u017eu<\/p>\n","protected":false},"featured_media":16030,"template":"","meta":[],"product_brand":[],"product_cat":[2258,2260,2261],"product_tag":[],"class_list":{"0":"post-34203","1":"product","2":"type-product","3":"status-publish","4":"has-post-thumbnail","6":"product_cat-profesionala-kosmetika-matiem-lv","7":"product_cat-davines-italija-lv","8":"product_cat-kondicionieris-matiem-lv","10":"first","11":"outofstock","12":"taxable","13":"shipping-taxable","14":"purchasable","15":"product-type-simple"},"yoast_head":"<!-- This site is optimized with the Yoast SEO Premium plugin v27.0 (Yoast SEO v27.0) - https:\/\/yoast.com\/product\/yoast-seo-premium-wordpress\/ -->\n<title>DAVINES MELU Kondicionieris ar aizsardz\u012bbu pret l\u016b\u0161anu, boj\u0101tiem matiem - cosmetic.lv<\/title>\n<meta name=\"robots\" content=\"index, follow, max-snippet:-1, max-image-preview:large, max-video-preview:-1\" \/>\n<link rel=\"canonical\" href=\"https:\/\/cosmetic.lv\/lv\/product\/davines-melu-kondicionieris-ar-aizsardzibu-pret-lusanu-bojatiem-matiem\/\" \/>\n<meta property=\"og:locale\" content=\"lv_LV\" \/>\n<meta property=\"og:type\" content=\"article\" \/>\n<meta property=\"og:title\" content=\"DAVINES MELU Kondicionieris ar aizsardz\u012bbu pret l\u016b\u0161anu, boj\u0101tiem matiem\" \/>\n<meta property=\"og:description\" content=\"m\u0113r\u0137is: Kondicionieris ir paredz\u0113ts ikdienas kop\u0161anai gariem matiem, lai pasarg\u0101tu tos no boj\u0101jumiem, anti-split galiem. Darb\u012bba: \u012apa\u0161\u0101 formula satur apriko\u017eu\" \/>\n<meta property=\"og:url\" content=\"https:\/\/cosmetic.lv\/lv\/product\/davines-melu-kondicionieris-ar-aizsardzibu-pret-lusanu-bojatiem-matiem\/\" \/>\n<meta property=\"og:site_name\" content=\"cosmetic.lv\" \/>\n<meta property=\"article:publisher\" content=\"https:\/\/www.facebook.com\/cosmetic.lv\/\" \/>\n<meta property=\"article:modified_time\" content=\"2021-02-06T17:49:54+00:00\" \/>\n<meta property=\"og:image\" content=\"https:\/\/cosmetic.lv\/wp-content\/uploads\/2021\/02\/meluconddavi-4.jpg\" \/>\n\t<meta property=\"og:image:width\" content=\"225\" \/>\n\t<meta property=\"og:image:height\" content=\"225\" \/>\n\t<meta property=\"og:image:type\" content=\"image\/jpeg\" \/>\n<meta name=\"twitter:card\" content=\"summary_large_image\" \/>\n<script type=\"application\/ld+json\" class=\"yoast-schema-graph\">{\"@context\":\"https:\/\/schema.org\",\"@graph\":[{\"@type\":\"WebPage\",\"@id\":\"https:\/\/cosmetic.lv\/lv\/product\/davines-melu-kondicionieris-ar-aizsardzibu-pret-lusanu-bojatiem-matiem\/\",\"url\":\"https:\/\/cosmetic.lv\/lv\/product\/davines-melu-kondicionieris-ar-aizsardzibu-pret-lusanu-bojatiem-matiem\/\",\"name\":\"DAVINES MELU Kondicionieris ar aizsardz\u012bbu pret l\u016b\u0161anu, boj\u0101tiem matiem - cosmetic.lv\",\"isPartOf\":{\"@id\":\"https:\/\/cosmetic.lv\/lv\/#website\"},\"primaryImageOfPage\":{\"@id\":\"https:\/\/cosmetic.lv\/lv\/product\/davines-melu-kondicionieris-ar-aizsardzibu-pret-lusanu-bojatiem-matiem\/#primaryimage\"},\"image\":{\"@id\":\"https:\/\/cosmetic.lv\/lv\/product\/davines-melu-kondicionieris-ar-aizsardzibu-pret-lusanu-bojatiem-matiem\/#primaryimage\"},\"thumbnailUrl\":\"https:\/\/cosmetic.lv\/wp-content\/uploads\/2021\/02\/meluconddavi-4.jpg\",\"datePublished\":\"2021-02-06T17:49:47+00:00\",\"dateModified\":\"2021-02-06T17:49:54+00:00\",\"breadcrumb\":{\"@id\":\"https:\/\/cosmetic.lv\/lv\/product\/davines-melu-kondicionieris-ar-aizsardzibu-pret-lusanu-bojatiem-matiem\/#breadcrumb\"},\"inLanguage\":\"lv-LV\",\"potentialAction\":[{\"@type\":\"ReadAction\",\"target\":[\"https:\/\/cosmetic.lv\/lv\/product\/davines-melu-kondicionieris-ar-aizsardzibu-pret-lusanu-bojatiem-matiem\/\"]}]},{\"@type\":\"ImageObject\",\"inLanguage\":\"lv-LV\",\"@id\":\"https:\/\/cosmetic.lv\/lv\/product\/davines-melu-kondicionieris-ar-aizsardzibu-pret-lusanu-bojatiem-matiem\/#primaryimage\",\"url\":\"https:\/\/cosmetic.lv\/wp-content\/uploads\/2021\/02\/meluconddavi-4.jpg\",\"contentUrl\":\"https:\/\/cosmetic.lv\/wp-content\/uploads\/2021\/02\/meluconddavi-4.jpg\",\"width\":225,\"height\":225,\"caption\":\"meluconddavi.jpg\"},{\"@type\":\"BreadcrumbList\",\"@id\":\"https:\/\/cosmetic.lv\/lv\/product\/davines-melu-kondicionieris-ar-aizsardzibu-pret-lusanu-bojatiem-matiem\/#breadcrumb\",\"itemListElement\":[{\"@type\":\"ListItem\",\"position\":1,\"name\":\"Home\",\"item\":\"https:\/\/cosmetic.lv\/lv\/\"},{\"@type\":\"ListItem\",\"position\":2,\"name\":\"Veikals\",\"item\":\"https:\/\/cosmetic.lv\/lv\/veiklas\/\"},{\"@type\":\"ListItem\",\"position\":3,\"name\":\"DAVINES MELU Kondicionieris ar aizsardz\u012bbu pret l\u016b\u0161anu, boj\u0101tiem matiem\"}]},{\"@type\":\"WebSite\",\"@id\":\"https:\/\/cosmetic.lv\/lv\/#website\",\"url\":\"https:\/\/cosmetic.lv\/lv\/\",\"name\":\"cosmetic.lv\",\"description\":\"Profesion\u0101la kosm\u0113tika - Maria Galland, Keune, Arkadija, GMT, Guam, Magiray\",\"publisher\":{\"@id\":\"https:\/\/cosmetic.lv\/lv\/#organization\"},\"potentialAction\":[{\"@type\":\"SearchAction\",\"target\":{\"@type\":\"EntryPoint\",\"urlTemplate\":\"https:\/\/cosmetic.lv\/lv\/?s={search_term_string}\"},\"query-input\":{\"@type\":\"PropertyValueSpecification\",\"valueRequired\":true,\"valueName\":\"search_term_string\"}}],\"inLanguage\":\"lv-LV\"},{\"@type\":\"Organization\",\"@id\":\"https:\/\/cosmetic.lv\/lv\/#organization\",\"name\":\"COSMETIC.LV\",\"url\":\"https:\/\/cosmetic.lv\/lv\/\",\"logo\":{\"@type\":\"ImageObject\",\"inLanguage\":\"lv-LV\",\"@id\":\"https:\/\/cosmetic.lv\/lv\/#\/schema\/logo\/image\/\",\"url\":\"https:\/\/cosmetic.lv\/wp-content\/uploads\/2021\/02\/cosmetic.lv_logo.jpg\",\"contentUrl\":\"https:\/\/cosmetic.lv\/wp-content\/uploads\/2021\/02\/cosmetic.lv_logo.jpg\",\"width\":596,\"height\":196,\"caption\":\"COSMETIC.LV\"},\"image\":{\"@id\":\"https:\/\/cosmetic.lv\/lv\/#\/schema\/logo\/image\/\"},\"sameAs\":[\"https:\/\/www.facebook.com\/cosmetic.lv\/\"]}]}<\/script>\n<meta property=\"product:price:amount\" content=\"17.14\" \/>\n<meta property=\"product:price:currency\" content=\"EUR\" \/>\n<meta property=\"og:availability\" content=\"out of stock\" \/>\n<meta property=\"product:availability\" content=\"out of stock\" \/>\n<meta property=\"product:retailer_item_id\" content=\"dgh\" \/>\n<meta property=\"product:condition\" content=\"new\" \/>\n<!-- \/ Yoast SEO Premium plugin. -->","yoast_head_json":{"title":"DAVINES MELU Kondicionieris ar aizsardz\u012bbu pret l\u016b\u0161anu, boj\u0101tiem matiem - cosmetic.lv","robots":{"index":"index","follow":"follow","max-snippet":"max-snippet:-1","max-image-preview":"max-image-preview:large","max-video-preview":"max-video-preview:-1"},"canonical":"https:\/\/cosmetic.lv\/lv\/product\/davines-melu-kondicionieris-ar-aizsardzibu-pret-lusanu-bojatiem-matiem\/","og_locale":"lv_LV","og_type":"article","og_title":"DAVINES MELU Kondicionieris ar aizsardz\u012bbu pret l\u016b\u0161anu, boj\u0101tiem matiem","og_description":"m\u0113r\u0137is: Kondicionieris ir paredz\u0113ts ikdienas kop\u0161anai gariem matiem, lai pasarg\u0101tu tos no boj\u0101jumiem, anti-split galiem. Darb\u012bba: \u012apa\u0161\u0101 formula satur apriko\u017eu","og_url":"https:\/\/cosmetic.lv\/lv\/product\/davines-melu-kondicionieris-ar-aizsardzibu-pret-lusanu-bojatiem-matiem\/","og_site_name":"cosmetic.lv","article_publisher":"https:\/\/www.facebook.com\/cosmetic.lv\/","article_modified_time":"2021-02-06T17:49:54+00:00","og_image":[{"width":225,"height":225,"url":"https:\/\/cosmetic.lv\/wp-content\/uploads\/2021\/02\/meluconddavi-4.jpg","type":"image\/jpeg"}],"twitter_card":"summary_large_image","schema":{"@context":"https:\/\/schema.org","@graph":[{"@type":"WebPage","@id":"https:\/\/cosmetic.lv\/lv\/product\/davines-melu-kondicionieris-ar-aizsardzibu-pret-lusanu-bojatiem-matiem\/","url":"https:\/\/cosmetic.lv\/lv\/product\/davines-melu-kondicionieris-ar-aizsardzibu-pret-lusanu-bojatiem-matiem\/","name":"DAVINES MELU Kondicionieris ar aizsardz\u012bbu pret l\u016b\u0161anu, boj\u0101tiem matiem - cosmetic.lv","isPartOf":{"@id":"https:\/\/cosmetic.lv\/lv\/#website"},"primaryImageOfPage":{"@id":"https:\/\/cosmetic.lv\/lv\/product\/davines-melu-kondicionieris-ar-aizsardzibu-pret-lusanu-bojatiem-matiem\/#primaryimage"},"image":{"@id":"https:\/\/cosmetic.lv\/lv\/product\/davines-melu-kondicionieris-ar-aizsardzibu-pret-lusanu-bojatiem-matiem\/#primaryimage"},"thumbnailUrl":"https:\/\/cosmetic.lv\/wp-content\/uploads\/2021\/02\/meluconddavi-4.jpg","datePublished":"2021-02-06T17:49:47+00:00","dateModified":"2021-02-06T17:49:54+00:00","breadcrumb":{"@id":"https:\/\/cosmetic.lv\/lv\/product\/davines-melu-kondicionieris-ar-aizsardzibu-pret-lusanu-bojatiem-matiem\/#breadcrumb"},"inLanguage":"lv-LV","potentialAction":[{"@type":"ReadAction","target":["https:\/\/cosmetic.lv\/lv\/product\/davines-melu-kondicionieris-ar-aizsardzibu-pret-lusanu-bojatiem-matiem\/"]}]},{"@type":"ImageObject","inLanguage":"lv-LV","@id":"https:\/\/cosmetic.lv\/lv\/product\/davines-melu-kondicionieris-ar-aizsardzibu-pret-lusanu-bojatiem-matiem\/#primaryimage","url":"https:\/\/cosmetic.lv\/wp-content\/uploads\/2021\/02\/meluconddavi-4.jpg","contentUrl":"https:\/\/cosmetic.lv\/wp-content\/uploads\/2021\/02\/meluconddavi-4.jpg","width":225,"height":225,"caption":"meluconddavi.jpg"},{"@type":"BreadcrumbList","@id":"https:\/\/cosmetic.lv\/lv\/product\/davines-melu-kondicionieris-ar-aizsardzibu-pret-lusanu-bojatiem-matiem\/#breadcrumb","itemListElement":[{"@type":"ListItem","position":1,"name":"Home","item":"https:\/\/cosmetic.lv\/lv\/"},{"@type":"ListItem","position":2,"name":"Veikals","item":"https:\/\/cosmetic.lv\/lv\/veiklas\/"},{"@type":"ListItem","position":3,"name":"DAVINES MELU Kondicionieris ar aizsardz\u012bbu pret l\u016b\u0161anu, boj\u0101tiem matiem"}]},{"@type":"WebSite","@id":"https:\/\/cosmetic.lv\/lv\/#website","url":"https:\/\/cosmetic.lv\/lv\/","name":"cosmetic.lv","description":"Profesion\u0101la kosm\u0113tika - Maria Galland, Keune, Arkadija, GMT, Guam, Magiray","publisher":{"@id":"https:\/\/cosmetic.lv\/lv\/#organization"},"potentialAction":[{"@type":"SearchAction","target":{"@type":"EntryPoint","urlTemplate":"https:\/\/cosmetic.lv\/lv\/?s={search_term_string}"},"query-input":{"@type":"PropertyValueSpecification","valueRequired":true,"valueName":"search_term_string"}}],"inLanguage":"lv-LV"},{"@type":"Organization","@id":"https:\/\/cosmetic.lv\/lv\/#organization","name":"COSMETIC.LV","url":"https:\/\/cosmetic.lv\/lv\/","logo":{"@type":"ImageObject","inLanguage":"lv-LV","@id":"https:\/\/cosmetic.lv\/lv\/#\/schema\/logo\/image\/","url":"https:\/\/cosmetic.lv\/wp-content\/uploads\/2021\/02\/cosmetic.lv_logo.jpg","contentUrl":"https:\/\/cosmetic.lv\/wp-content\/uploads\/2021\/02\/cosmetic.lv_logo.jpg","width":596,"height":196,"caption":"COSMETIC.LV"},"image":{"@id":"https:\/\/cosmetic.lv\/lv\/#\/schema\/logo\/image\/"},"sameAs":["https:\/\/www.facebook.com\/cosmetic.lv\/"]}]},"product_price_amount":"17.14","product_price_currency":"EUR","og_availability":"out of stock","product_availability":"out of stock","product_retailer_item_id":"dgh","product_condition":"new"},"_links":{"self":[{"href":"https:\/\/cosmetic.lv\/lv\/wp-json\/wp\/v2\/product\/34203","targetHints":{"allow":["GET"]}}],"collection":[{"href":"https:\/\/cosmetic.lv\/lv\/wp-json\/wp\/v2\/product"}],"about":[{"href":"https:\/\/cosmetic.lv\/lv\/wp-json\/wp\/v2\/types\/product"}],"wp:featuredmedia":[{"embeddable":true,"href":"https:\/\/cosmetic.lv\/lv\/wp-json\/wp\/v2\/media\/16030"}],"wp:attachment":[{"href":"https:\/\/cosmetic.lv\/lv\/wp-json\/wp\/v2\/media?parent=34203"}],"wp:term":[{"taxonomy":"product_brand","embeddable":true,"href":"https:\/\/cosmetic.lv\/lv\/wp-json\/wp\/v2\/product_brand?post=34203"},{"taxonomy":"product_cat","embeddable":true,"href":"https:\/\/cosmetic.lv\/lv\/wp-json\/wp\/v2\/product_cat?post=34203"},{"taxonomy":"product_tag","embeddable":true,"href":"https:\/\/cosmetic.lv\/lv\/wp-json\/wp\/v2\/product_tag?post=34203"}],"curies":[{"name":"wp","href":"https:\/\/api.w.org\/{rel}","templated":true}]}}