{"id":34204,"date":"2021-02-05T22:39:53","date_gmt":"2021-02-06T17:49:55","guid":{"rendered":"https:\/\/damme.lv\/product\/davines-love-kondicionieris-matu-sprogu-vairosanai\/"},"modified":"2021-02-06T19:49:56","modified_gmt":"2021-02-06T17:49:56","slug":"davines-love-kondicionieris-matu-sprogu-vairosanai","status":"publish","type":"product","link":"https:\/\/cosmetic.lv\/lv\/product\/davines-love-kondicionieris-matu-sprogu-vairosanai\/","title":{"rendered":"DAVINES LOVE Kondicionieris matu sprogu vairo\u0161anai"},"content":{"rendered":"<p>Pielietojums:<br \/>\nPiesakies uz dvie\u013cu \u017e\u0101v\u0113 matus p\u0113c tam, izmantojot m\u012blest\u012bbas \/ \u0161amp\u016bnu. Atst\u0101jiet uz 2-5 min\u016bt\u0113m, \u0137emm\u0113t matus, noskalojiet ar siltu \u016bdeni. Iet uz v\u0113lamo stilu.<\/p>\n<p>\u0122imene LOVE Curl produkti, kas paredz\u0113ti vi\u013c\u0146veida vai cirtaini mati. Noz\u012bm\u0113 LOVE CURL satur mande\u013cu ekstraktu no Noto, kas audz\u0113ti Slow Food Prezidija programm\u0101. Formula bag\u0101tin\u0101ta ar olbaltumviel\u0101m, B vitam\u012bnu un E, nepies\u0101tin\u0101to tauku, magnija, k\u0101lija, dzelzs, vara un fosfora, dod cirtas elast\u012bbu un apjomu.<\/p>\n<p>Kop\u0161 19. gadsimta vid\u016b jom\u0101 Noto, kas ir viena no skaist\u0101kaj\u0101m ainav\u0101m Sic\u012blijas agrokulturnogo, vislab\u0101k paz\u012bstama ar \u0101rk\u0101rtas kvalit\u0101tes mandeles &quot;romie\u0161u&quot; \u0161\u0137irn\u0113m, kas nosaukts par godu \u0123imenes lauksaimniekiem, kas s\u0101ka kultiv\u0113t mandeles. Mandeles \u0160\u012bs \u0161\u0137irnes ir bieza, l\u012bdz\u012bga koka apvalks, kas saglab\u0101 apdullin\u0101\u0161anu valriekstu arom\u0101tu uz ilgu laiku, kas ir \u012bpa\u0161i nov\u0113rt\u0113ju\u0161i konditori vis\u0101 pasaul\u0113. Mande\u013cu Pieg\u0101d\u0101t\u0101js &#8211; Farm no si\u0146or Carlo Assenza Noto, provinces Syracuse.<\/p>\n<p>M\u012blest\u012bbas \u010dokuro\u0161an\u0101s grupa ietver \u0161amp\u016bns, kondicionieris un atst\u0101j-in kr\u0113mu, lai uzlabotu \u010dokuro\u0161an\u0101s.<\/p>\n<p>\u0122imenes LOVE izl\u012bdzin\u0101\u0161anas rad\u012bta, lai r\u016bp\u0113tos par cirtaini un nepaklaus\u012bgs matiem. LOVE Smoothing produkti satur ekstraktu ol\u012bvu \u0161\u0137irn\u0113m protokola audz\u0113tas projekta Slow Food Prezidija ietvaros. Formula, kas bag\u0101ta ar tauksk\u0101b\u0113m un vitam\u012bniem, nodro\u0161ina elast\u012bbu un m\u012bkstina matus.<\/p>\n<p>Milz\u012bgs Nebrodi kalnu gr\u0113da, kas paz\u012bstams k\u0101 &quot;za\u013c\u0101 sirds&quot; Sic\u012blijas &#8211; ide\u0101ls biotops reto un seno ol\u012bvu \u0161\u0137irne, &quot;Minute&quot;. At\u0161\u0137ir\u012bb\u0101 no citiem Sic\u012blijas e\u013c\u013cas, e\u013c\u013cas no ol\u012bvu \u0161\u0137irnes min\u016bti \u013coti maigs, un ir smalks ziedu un aug\u013cu arom\u0101tu. Oil &quot;Minute&quot; ir \u013coti barojo\u0161a, jo t\u0101s augsto koncentr\u0101ciju polifenolu un vitam\u012bnu E. gadsimtiem senas ol\u012bvu audzes, kas joproj\u0101m nes aug\u013cus, kas liecina par to v\u0113sturisko noz\u012bm\u012bgumu ol\u012bvkoku jom\u0101 Min. Pieg\u0101d\u0101t\u0101js ol\u012bv\u0101m m\u016bsu produktiem &#8211; lauksaimniec\u012bbas si\u0146or Carmelo Messina no Ficarra, provinc\u0113 Messina.<\/p>\n<p>Saska\u0146\u0101 LOVE izl\u012bdzin\u0101\u0161anas ietilpst \u0161amp\u016bns, kondicionieris un atst\u0101j-in izl\u012bdzin\u0101\u0161anas kr\u0113ms \u010dokuro\u0161an\u0101s.<\/p>\n","protected":false},"excerpt":{"rendered":"<p>Pielietojums: Piesakies uz dvie\u013cu \u017e\u0101v\u0113 matus p\u0113c tam, izmantojot m\u012blest\u012bbas \/ \u0161amp\u016bnu. Atst\u0101jiet uz 2-5 min\u016bt\u0113m, \u0137emm\u0113t matus, noskalojiet ar<\/p>\n","protected":false},"featured_media":16033,"template":"","meta":[],"product_brand":[],"product_cat":[2258,2260,2261],"product_tag":[],"class_list":{"0":"post-34204","1":"product","2":"type-product","3":"status-publish","4":"has-post-thumbnail","6":"product_cat-profesionala-kosmetika-matiem-lv","7":"product_cat-davines-italija-lv","8":"product_cat-kondicionieris-matiem-lv","10":"first","11":"outofstock","12":"taxable","13":"shipping-taxable","14":"purchasable","15":"product-type-simple"},"yoast_head":"<!-- This site is optimized with the Yoast SEO Premium plugin v27.0 (Yoast SEO v27.0) - https:\/\/yoast.com\/product\/yoast-seo-premium-wordpress\/ -->\n<title>DAVINES LOVE Kondicionieris matu sprogu vairo\u0161anai - cosmetic.lv<\/title>\n<meta name=\"robots\" content=\"index, follow, max-snippet:-1, max-image-preview:large, max-video-preview:-1\" \/>\n<link rel=\"canonical\" href=\"https:\/\/cosmetic.lv\/lv\/product\/davines-love-kondicionieris-matu-sprogu-vairosanai\/\" \/>\n<meta property=\"og:locale\" content=\"lv_LV\" \/>\n<meta property=\"og:type\" content=\"article\" \/>\n<meta property=\"og:title\" content=\"DAVINES LOVE Kondicionieris matu sprogu vairo\u0161anai\" \/>\n<meta property=\"og:description\" content=\"Pielietojums: Piesakies uz dvie\u013cu \u017e\u0101v\u0113 matus p\u0113c tam, izmantojot m\u012blest\u012bbas \/ \u0161amp\u016bnu. Atst\u0101jiet uz 2-5 min\u016bt\u0113m, \u0137emm\u0113t matus, noskalojiet ar\" \/>\n<meta property=\"og:url\" content=\"https:\/\/cosmetic.lv\/lv\/product\/davines-love-kondicionieris-matu-sprogu-vairosanai\/\" \/>\n<meta property=\"og:site_name\" content=\"cosmetic.lv\" \/>\n<meta property=\"article:publisher\" content=\"https:\/\/www.facebook.com\/cosmetic.lv\/\" \/>\n<meta property=\"article:modified_time\" content=\"2021-02-06T17:49:56+00:00\" \/>\n<meta property=\"og:image\" content=\"https:\/\/cosmetic.lv\/wp-content\/uploads\/2021\/02\/lovedavkond-4.jpg\" \/>\n\t<meta property=\"og:image:width\" content=\"240\" \/>\n\t<meta property=\"og:image:height\" content=\"210\" \/>\n\t<meta property=\"og:image:type\" content=\"image\/jpeg\" \/>\n<meta name=\"twitter:card\" content=\"summary_large_image\" \/>\n<script type=\"application\/ld+json\" class=\"yoast-schema-graph\">{\"@context\":\"https:\/\/schema.org\",\"@graph\":[{\"@type\":\"WebPage\",\"@id\":\"https:\/\/cosmetic.lv\/lv\/product\/davines-love-kondicionieris-matu-sprogu-vairosanai\/\",\"url\":\"https:\/\/cosmetic.lv\/lv\/product\/davines-love-kondicionieris-matu-sprogu-vairosanai\/\",\"name\":\"DAVINES LOVE Kondicionieris matu sprogu vairo\u0161anai - cosmetic.lv\",\"isPartOf\":{\"@id\":\"https:\/\/cosmetic.lv\/lv\/#website\"},\"primaryImageOfPage\":{\"@id\":\"https:\/\/cosmetic.lv\/lv\/product\/davines-love-kondicionieris-matu-sprogu-vairosanai\/#primaryimage\"},\"image\":{\"@id\":\"https:\/\/cosmetic.lv\/lv\/product\/davines-love-kondicionieris-matu-sprogu-vairosanai\/#primaryimage\"},\"thumbnailUrl\":\"https:\/\/cosmetic.lv\/wp-content\/uploads\/2021\/02\/lovedavkond-4.jpg\",\"datePublished\":\"2021-02-06T17:49:55+00:00\",\"dateModified\":\"2021-02-06T17:49:56+00:00\",\"breadcrumb\":{\"@id\":\"https:\/\/cosmetic.lv\/lv\/product\/davines-love-kondicionieris-matu-sprogu-vairosanai\/#breadcrumb\"},\"inLanguage\":\"lv-LV\",\"potentialAction\":[{\"@type\":\"ReadAction\",\"target\":[\"https:\/\/cosmetic.lv\/lv\/product\/davines-love-kondicionieris-matu-sprogu-vairosanai\/\"]}]},{\"@type\":\"ImageObject\",\"inLanguage\":\"lv-LV\",\"@id\":\"https:\/\/cosmetic.lv\/lv\/product\/davines-love-kondicionieris-matu-sprogu-vairosanai\/#primaryimage\",\"url\":\"https:\/\/cosmetic.lv\/wp-content\/uploads\/2021\/02\/lovedavkond-4.jpg\",\"contentUrl\":\"https:\/\/cosmetic.lv\/wp-content\/uploads\/2021\/02\/lovedavkond-4.jpg\",\"width\":240,\"height\":210,\"caption\":\"lovedavkond.jpg\"},{\"@type\":\"BreadcrumbList\",\"@id\":\"https:\/\/cosmetic.lv\/lv\/product\/davines-love-kondicionieris-matu-sprogu-vairosanai\/#breadcrumb\",\"itemListElement\":[{\"@type\":\"ListItem\",\"position\":1,\"name\":\"Home\",\"item\":\"https:\/\/cosmetic.lv\/lv\/\"},{\"@type\":\"ListItem\",\"position\":2,\"name\":\"Veikals\",\"item\":\"https:\/\/cosmetic.lv\/lv\/veiklas\/\"},{\"@type\":\"ListItem\",\"position\":3,\"name\":\"DAVINES LOVE Kondicionieris matu sprogu vairo\u0161anai\"}]},{\"@type\":\"WebSite\",\"@id\":\"https:\/\/cosmetic.lv\/lv\/#website\",\"url\":\"https:\/\/cosmetic.lv\/lv\/\",\"name\":\"cosmetic.lv\",\"description\":\"Profesion\u0101la kosm\u0113tika - Maria Galland, Keune, Arkadija, GMT, Guam, Magiray\",\"publisher\":{\"@id\":\"https:\/\/cosmetic.lv\/lv\/#organization\"},\"potentialAction\":[{\"@type\":\"SearchAction\",\"target\":{\"@type\":\"EntryPoint\",\"urlTemplate\":\"https:\/\/cosmetic.lv\/lv\/?s={search_term_string}\"},\"query-input\":{\"@type\":\"PropertyValueSpecification\",\"valueRequired\":true,\"valueName\":\"search_term_string\"}}],\"inLanguage\":\"lv-LV\"},{\"@type\":\"Organization\",\"@id\":\"https:\/\/cosmetic.lv\/lv\/#organization\",\"name\":\"COSMETIC.LV\",\"url\":\"https:\/\/cosmetic.lv\/lv\/\",\"logo\":{\"@type\":\"ImageObject\",\"inLanguage\":\"lv-LV\",\"@id\":\"https:\/\/cosmetic.lv\/lv\/#\/schema\/logo\/image\/\",\"url\":\"https:\/\/cosmetic.lv\/wp-content\/uploads\/2021\/02\/cosmetic.lv_logo.jpg\",\"contentUrl\":\"https:\/\/cosmetic.lv\/wp-content\/uploads\/2021\/02\/cosmetic.lv_logo.jpg\",\"width\":596,\"height\":196,\"caption\":\"COSMETIC.LV\"},\"image\":{\"@id\":\"https:\/\/cosmetic.lv\/lv\/#\/schema\/logo\/image\/\"},\"sameAs\":[\"https:\/\/www.facebook.com\/cosmetic.lv\/\"]}]}<\/script>\n<meta property=\"product:price:amount\" content=\"17.14\" \/>\n<meta property=\"product:price:currency\" content=\"EUR\" \/>\n<meta property=\"og:availability\" content=\"out of stock\" \/>\n<meta property=\"product:availability\" content=\"out of stock\" \/>\n<meta property=\"product:retailer_item_id\" content=\"fgh\" \/>\n<meta property=\"product:condition\" content=\"new\" \/>\n<!-- \/ Yoast SEO Premium plugin. -->","yoast_head_json":{"title":"DAVINES LOVE Kondicionieris matu sprogu vairo\u0161anai - cosmetic.lv","robots":{"index":"index","follow":"follow","max-snippet":"max-snippet:-1","max-image-preview":"max-image-preview:large","max-video-preview":"max-video-preview:-1"},"canonical":"https:\/\/cosmetic.lv\/lv\/product\/davines-love-kondicionieris-matu-sprogu-vairosanai\/","og_locale":"lv_LV","og_type":"article","og_title":"DAVINES LOVE Kondicionieris matu sprogu vairo\u0161anai","og_description":"Pielietojums: Piesakies uz dvie\u013cu \u017e\u0101v\u0113 matus p\u0113c tam, izmantojot m\u012blest\u012bbas \/ \u0161amp\u016bnu. Atst\u0101jiet uz 2-5 min\u016bt\u0113m, \u0137emm\u0113t matus, noskalojiet ar","og_url":"https:\/\/cosmetic.lv\/lv\/product\/davines-love-kondicionieris-matu-sprogu-vairosanai\/","og_site_name":"cosmetic.lv","article_publisher":"https:\/\/www.facebook.com\/cosmetic.lv\/","article_modified_time":"2021-02-06T17:49:56+00:00","og_image":[{"width":240,"height":210,"url":"https:\/\/cosmetic.lv\/wp-content\/uploads\/2021\/02\/lovedavkond-4.jpg","type":"image\/jpeg"}],"twitter_card":"summary_large_image","schema":{"@context":"https:\/\/schema.org","@graph":[{"@type":"WebPage","@id":"https:\/\/cosmetic.lv\/lv\/product\/davines-love-kondicionieris-matu-sprogu-vairosanai\/","url":"https:\/\/cosmetic.lv\/lv\/product\/davines-love-kondicionieris-matu-sprogu-vairosanai\/","name":"DAVINES LOVE Kondicionieris matu sprogu vairo\u0161anai - cosmetic.lv","isPartOf":{"@id":"https:\/\/cosmetic.lv\/lv\/#website"},"primaryImageOfPage":{"@id":"https:\/\/cosmetic.lv\/lv\/product\/davines-love-kondicionieris-matu-sprogu-vairosanai\/#primaryimage"},"image":{"@id":"https:\/\/cosmetic.lv\/lv\/product\/davines-love-kondicionieris-matu-sprogu-vairosanai\/#primaryimage"},"thumbnailUrl":"https:\/\/cosmetic.lv\/wp-content\/uploads\/2021\/02\/lovedavkond-4.jpg","datePublished":"2021-02-06T17:49:55+00:00","dateModified":"2021-02-06T17:49:56+00:00","breadcrumb":{"@id":"https:\/\/cosmetic.lv\/lv\/product\/davines-love-kondicionieris-matu-sprogu-vairosanai\/#breadcrumb"},"inLanguage":"lv-LV","potentialAction":[{"@type":"ReadAction","target":["https:\/\/cosmetic.lv\/lv\/product\/davines-love-kondicionieris-matu-sprogu-vairosanai\/"]}]},{"@type":"ImageObject","inLanguage":"lv-LV","@id":"https:\/\/cosmetic.lv\/lv\/product\/davines-love-kondicionieris-matu-sprogu-vairosanai\/#primaryimage","url":"https:\/\/cosmetic.lv\/wp-content\/uploads\/2021\/02\/lovedavkond-4.jpg","contentUrl":"https:\/\/cosmetic.lv\/wp-content\/uploads\/2021\/02\/lovedavkond-4.jpg","width":240,"height":210,"caption":"lovedavkond.jpg"},{"@type":"BreadcrumbList","@id":"https:\/\/cosmetic.lv\/lv\/product\/davines-love-kondicionieris-matu-sprogu-vairosanai\/#breadcrumb","itemListElement":[{"@type":"ListItem","position":1,"name":"Home","item":"https:\/\/cosmetic.lv\/lv\/"},{"@type":"ListItem","position":2,"name":"Veikals","item":"https:\/\/cosmetic.lv\/lv\/veiklas\/"},{"@type":"ListItem","position":3,"name":"DAVINES LOVE Kondicionieris matu sprogu vairo\u0161anai"}]},{"@type":"WebSite","@id":"https:\/\/cosmetic.lv\/lv\/#website","url":"https:\/\/cosmetic.lv\/lv\/","name":"cosmetic.lv","description":"Profesion\u0101la kosm\u0113tika - Maria Galland, Keune, Arkadija, GMT, Guam, Magiray","publisher":{"@id":"https:\/\/cosmetic.lv\/lv\/#organization"},"potentialAction":[{"@type":"SearchAction","target":{"@type":"EntryPoint","urlTemplate":"https:\/\/cosmetic.lv\/lv\/?s={search_term_string}"},"query-input":{"@type":"PropertyValueSpecification","valueRequired":true,"valueName":"search_term_string"}}],"inLanguage":"lv-LV"},{"@type":"Organization","@id":"https:\/\/cosmetic.lv\/lv\/#organization","name":"COSMETIC.LV","url":"https:\/\/cosmetic.lv\/lv\/","logo":{"@type":"ImageObject","inLanguage":"lv-LV","@id":"https:\/\/cosmetic.lv\/lv\/#\/schema\/logo\/image\/","url":"https:\/\/cosmetic.lv\/wp-content\/uploads\/2021\/02\/cosmetic.lv_logo.jpg","contentUrl":"https:\/\/cosmetic.lv\/wp-content\/uploads\/2021\/02\/cosmetic.lv_logo.jpg","width":596,"height":196,"caption":"COSMETIC.LV"},"image":{"@id":"https:\/\/cosmetic.lv\/lv\/#\/schema\/logo\/image\/"},"sameAs":["https:\/\/www.facebook.com\/cosmetic.lv\/"]}]},"product_price_amount":"17.14","product_price_currency":"EUR","og_availability":"out of stock","product_availability":"out of stock","product_retailer_item_id":"fgh","product_condition":"new"},"_links":{"self":[{"href":"https:\/\/cosmetic.lv\/lv\/wp-json\/wp\/v2\/product\/34204","targetHints":{"allow":["GET"]}}],"collection":[{"href":"https:\/\/cosmetic.lv\/lv\/wp-json\/wp\/v2\/product"}],"about":[{"href":"https:\/\/cosmetic.lv\/lv\/wp-json\/wp\/v2\/types\/product"}],"wp:featuredmedia":[{"embeddable":true,"href":"https:\/\/cosmetic.lv\/lv\/wp-json\/wp\/v2\/media\/16033"}],"wp:attachment":[{"href":"https:\/\/cosmetic.lv\/lv\/wp-json\/wp\/v2\/media?parent=34204"}],"wp:term":[{"taxonomy":"product_brand","embeddable":true,"href":"https:\/\/cosmetic.lv\/lv\/wp-json\/wp\/v2\/product_brand?post=34204"},{"taxonomy":"product_cat","embeddable":true,"href":"https:\/\/cosmetic.lv\/lv\/wp-json\/wp\/v2\/product_cat?post=34204"},{"taxonomy":"product_tag","embeddable":true,"href":"https:\/\/cosmetic.lv\/lv\/wp-json\/wp\/v2\/product_tag?post=34204"}],"curies":[{"name":"wp","href":"https:\/\/api.w.org\/{rel}","templated":true}]}}