{"id":34205,"date":"2021-02-05T22:39:53","date_gmt":"2021-02-06T17:49:55","guid":{"rendered":"https:\/\/damme.lv\/product\/davines-authentic-moisturising-balm-mitrinoss-balzams-matiem-un-kermenim-var-ari-izmantot-sejai-ka-mai\/"},"modified":"2021-02-06T19:49:56","modified_gmt":"2021-02-06T17:49:56","slug":"davines-authentic-moisturising-balm-mitrinoss-balzams-matiem-un-kermenim-var-ari-izmantot-sejai-ka-mai","status":"publish","type":"product","link":"https:\/\/cosmetic.lv\/lv\/product\/davines-authentic-moisturising-balm-mitrinoss-balzams-matiem-un-kermenim-var-ari-izmantot-sejai-ka-mai\/","title":{"rendered":"Davines Authentic Moisturising Balm Mitrino\u0161s balz\u0101ms matiem un \u0137ermenim, var ar\u012b izmantot sejai k\u0101 mai"},"content":{"rendered":"<p><P>\u0100rk\u0101rt\u012bgi maigs mitrino\u0161s balz\u0101ms, kas uz 98% sast\u0101v no dab\u012bgiem ingridientiem. <\/P><br \/>\n<P>Sast\u0101vda\u013cas: dab\u012bg\u0101s Carthame e\u013c\u013ca ar anti-oksid\u0113jo\u0161\u0101m un aizsargajo\u0161\u0101m \u012bpa\u0161\u012bb\u0101m, jojoba e\u013c\u013ca, saulesp\u016b\u0137u e\u013c\u013ca, sezama e\u013c\u013ca un Shea sviests .<\/P><br \/>\n<P>Lieto\u0161ana: p\u0113c \u0161amp\u016bna maigi iemas\u0113t mitros matos, noskalot p\u0113c da\u017e\u0101m min\u016bt\u0113m; uzlikt uz sausu vai mitru \u0137erme\u0146a \u0101du un iemas\u0113t; ar nelielu produkta dauzumu no\u0146em dekorat\u012bvu kosm\u0113tiku no sejas, p\u0113c tam noskalojot to ar \u016bdeni. <\/P><\/p>\n","protected":false},"excerpt":{"rendered":"<p>\u0100rk\u0101rt\u012bgi maigs mitrino\u0161s balz\u0101ms, kas uz 98% sast\u0101v no dab\u012bgiem ingridientiem. Sast\u0101vda\u013cas: dab\u012bg\u0101s Carthame e\u013c\u013ca ar anti-oksid\u0113jo\u0161\u0101m un aizsargajo\u0161\u0101m \u012bpa\u0161\u012bb\u0101m,<\/p>\n","protected":false},"featured_media":16036,"template":"","meta":[],"product_brand":[],"product_cat":[2258,2260,2262],"product_tag":[],"class_list":{"0":"post-34205","1":"product","2":"type-product","3":"status-publish","4":"has-post-thumbnail","6":"product_cat-profesionala-kosmetika-matiem-lv","7":"product_cat-davines-italija-lv","8":"product_cat-matu-arstesana-lv","10":"first","11":"outofstock","12":"taxable","13":"shipping-taxable","14":"purchasable","15":"product-type-simple"},"yoast_head":"<!-- This site is optimized with the Yoast SEO Premium plugin v27.0 (Yoast SEO v27.0) - https:\/\/yoast.com\/product\/yoast-seo-premium-wordpress\/ -->\n<title>Davines Authentic Moisturising Balm Mitrino\u0161s balz\u0101ms matiem un \u0137ermenim, var ar\u012b izmantot sejai k\u0101 mai - cosmetic.lv<\/title>\n<meta name=\"robots\" content=\"index, follow, max-snippet:-1, max-image-preview:large, max-video-preview:-1\" \/>\n<link rel=\"canonical\" href=\"https:\/\/cosmetic.lv\/lv\/product\/davines-authentic-moisturising-balm-mitrinoss-balzams-matiem-un-kermenim-var-ari-izmantot-sejai-ka-mai\/\" \/>\n<meta property=\"og:locale\" content=\"lv_LV\" \/>\n<meta property=\"og:type\" content=\"article\" \/>\n<meta property=\"og:title\" content=\"Davines Authentic Moisturising Balm Mitrino\u0161s balz\u0101ms matiem un \u0137ermenim, var ar\u012b izmantot sejai k\u0101 mai\" \/>\n<meta property=\"og:description\" content=\"\u0100rk\u0101rt\u012bgi maigs mitrino\u0161s balz\u0101ms, kas uz 98% sast\u0101v no dab\u012bgiem ingridientiem. Sast\u0101vda\u013cas: dab\u012bg\u0101s Carthame e\u013c\u013ca ar anti-oksid\u0113jo\u0161\u0101m un aizsargajo\u0161\u0101m \u012bpa\u0161\u012bb\u0101m,\" \/>\n<meta property=\"og:url\" content=\"https:\/\/cosmetic.lv\/lv\/product\/davines-authentic-moisturising-balm-mitrinoss-balzams-matiem-un-kermenim-var-ari-izmantot-sejai-ka-mai\/\" \/>\n<meta property=\"og:site_name\" content=\"cosmetic.lv\" \/>\n<meta property=\"article:publisher\" content=\"https:\/\/www.facebook.com\/cosmetic.lv\/\" \/>\n<meta property=\"article:modified_time\" content=\"2021-02-06T17:49:56+00:00\" \/>\n<meta property=\"og:image\" content=\"https:\/\/cosmetic.lv\/wp-content\/uploads\/2021\/02\/davines_authentic_moisturiz-4.jpg\" \/>\n\t<meta property=\"og:image:width\" content=\"500\" \/>\n\t<meta property=\"og:image:height\" content=\"500\" \/>\n\t<meta property=\"og:image:type\" content=\"image\/jpeg\" \/>\n<meta name=\"twitter:card\" content=\"summary_large_image\" \/>\n<script type=\"application\/ld+json\" class=\"yoast-schema-graph\">{\"@context\":\"https:\/\/schema.org\",\"@graph\":[{\"@type\":\"WebPage\",\"@id\":\"https:\/\/cosmetic.lv\/lv\/product\/davines-authentic-moisturising-balm-mitrinoss-balzams-matiem-un-kermenim-var-ari-izmantot-sejai-ka-mai\/\",\"url\":\"https:\/\/cosmetic.lv\/lv\/product\/davines-authentic-moisturising-balm-mitrinoss-balzams-matiem-un-kermenim-var-ari-izmantot-sejai-ka-mai\/\",\"name\":\"Davines Authentic Moisturising Balm Mitrino\u0161s balz\u0101ms matiem un \u0137ermenim, var ar\u012b izmantot sejai k\u0101 mai - cosmetic.lv\",\"isPartOf\":{\"@id\":\"https:\/\/cosmetic.lv\/lv\/#website\"},\"primaryImageOfPage\":{\"@id\":\"https:\/\/cosmetic.lv\/lv\/product\/davines-authentic-moisturising-balm-mitrinoss-balzams-matiem-un-kermenim-var-ari-izmantot-sejai-ka-mai\/#primaryimage\"},\"image\":{\"@id\":\"https:\/\/cosmetic.lv\/lv\/product\/davines-authentic-moisturising-balm-mitrinoss-balzams-matiem-un-kermenim-var-ari-izmantot-sejai-ka-mai\/#primaryimage\"},\"thumbnailUrl\":\"https:\/\/cosmetic.lv\/wp-content\/uploads\/2021\/02\/davines_authentic_moisturiz-4.jpg\",\"datePublished\":\"2021-02-06T17:49:55+00:00\",\"dateModified\":\"2021-02-06T17:49:56+00:00\",\"breadcrumb\":{\"@id\":\"https:\/\/cosmetic.lv\/lv\/product\/davines-authentic-moisturising-balm-mitrinoss-balzams-matiem-un-kermenim-var-ari-izmantot-sejai-ka-mai\/#breadcrumb\"},\"inLanguage\":\"lv-LV\",\"potentialAction\":[{\"@type\":\"ReadAction\",\"target\":[\"https:\/\/cosmetic.lv\/lv\/product\/davines-authentic-moisturising-balm-mitrinoss-balzams-matiem-un-kermenim-var-ari-izmantot-sejai-ka-mai\/\"]}]},{\"@type\":\"ImageObject\",\"inLanguage\":\"lv-LV\",\"@id\":\"https:\/\/cosmetic.lv\/lv\/product\/davines-authentic-moisturising-balm-mitrinoss-balzams-matiem-un-kermenim-var-ari-izmantot-sejai-ka-mai\/#primaryimage\",\"url\":\"https:\/\/cosmetic.lv\/wp-content\/uploads\/2021\/02\/davines_authentic_moisturiz-4.jpg\",\"contentUrl\":\"https:\/\/cosmetic.lv\/wp-content\/uploads\/2021\/02\/davines_authentic_moisturiz-4.jpg\",\"width\":500,\"height\":500,\"caption\":\"davines_authentic_moisturiz.jpg\"},{\"@type\":\"BreadcrumbList\",\"@id\":\"https:\/\/cosmetic.lv\/lv\/product\/davines-authentic-moisturising-balm-mitrinoss-balzams-matiem-un-kermenim-var-ari-izmantot-sejai-ka-mai\/#breadcrumb\",\"itemListElement\":[{\"@type\":\"ListItem\",\"position\":1,\"name\":\"Home\",\"item\":\"https:\/\/cosmetic.lv\/lv\/\"},{\"@type\":\"ListItem\",\"position\":2,\"name\":\"Veikals\",\"item\":\"https:\/\/cosmetic.lv\/lv\/veiklas\/\"},{\"@type\":\"ListItem\",\"position\":3,\"name\":\"Davines Authentic Moisturising Balm Mitrino\u0161s balz\u0101ms matiem un \u0137ermenim, var ar\u012b izmantot sejai k\u0101 mai\"}]},{\"@type\":\"WebSite\",\"@id\":\"https:\/\/cosmetic.lv\/lv\/#website\",\"url\":\"https:\/\/cosmetic.lv\/lv\/\",\"name\":\"cosmetic.lv\",\"description\":\"Profesion\u0101la kosm\u0113tika - Maria Galland, Keune, Arkadija, GMT, Guam, Magiray\",\"publisher\":{\"@id\":\"https:\/\/cosmetic.lv\/lv\/#organization\"},\"potentialAction\":[{\"@type\":\"SearchAction\",\"target\":{\"@type\":\"EntryPoint\",\"urlTemplate\":\"https:\/\/cosmetic.lv\/lv\/?s={search_term_string}\"},\"query-input\":{\"@type\":\"PropertyValueSpecification\",\"valueRequired\":true,\"valueName\":\"search_term_string\"}}],\"inLanguage\":\"lv-LV\"},{\"@type\":\"Organization\",\"@id\":\"https:\/\/cosmetic.lv\/lv\/#organization\",\"name\":\"COSMETIC.LV\",\"url\":\"https:\/\/cosmetic.lv\/lv\/\",\"logo\":{\"@type\":\"ImageObject\",\"inLanguage\":\"lv-LV\",\"@id\":\"https:\/\/cosmetic.lv\/lv\/#\/schema\/logo\/image\/\",\"url\":\"https:\/\/cosmetic.lv\/wp-content\/uploads\/2021\/02\/cosmetic.lv_logo.jpg\",\"contentUrl\":\"https:\/\/cosmetic.lv\/wp-content\/uploads\/2021\/02\/cosmetic.lv_logo.jpg\",\"width\":596,\"height\":196,\"caption\":\"COSMETIC.LV\"},\"image\":{\"@id\":\"https:\/\/cosmetic.lv\/lv\/#\/schema\/logo\/image\/\"},\"sameAs\":[\"https:\/\/www.facebook.com\/cosmetic.lv\/\"]}]}<\/script>\n<meta property=\"product:price:amount\" content=\"17.14\" \/>\n<meta property=\"product:price:currency\" content=\"EUR\" \/>\n<meta property=\"og:availability\" content=\"out of stock\" \/>\n<meta property=\"product:availability\" content=\"out of stock\" \/>\n<meta property=\"product:retailer_item_id\" content=\"davk\" \/>\n<meta property=\"product:condition\" content=\"new\" \/>\n<!-- \/ Yoast SEO Premium plugin. -->","yoast_head_json":{"title":"Davines Authentic Moisturising Balm Mitrino\u0161s balz\u0101ms matiem un \u0137ermenim, var ar\u012b izmantot sejai k\u0101 mai - cosmetic.lv","robots":{"index":"index","follow":"follow","max-snippet":"max-snippet:-1","max-image-preview":"max-image-preview:large","max-video-preview":"max-video-preview:-1"},"canonical":"https:\/\/cosmetic.lv\/lv\/product\/davines-authentic-moisturising-balm-mitrinoss-balzams-matiem-un-kermenim-var-ari-izmantot-sejai-ka-mai\/","og_locale":"lv_LV","og_type":"article","og_title":"Davines Authentic Moisturising Balm Mitrino\u0161s balz\u0101ms matiem un \u0137ermenim, var ar\u012b izmantot sejai k\u0101 mai","og_description":"\u0100rk\u0101rt\u012bgi maigs mitrino\u0161s balz\u0101ms, kas uz 98% sast\u0101v no dab\u012bgiem ingridientiem. Sast\u0101vda\u013cas: dab\u012bg\u0101s Carthame e\u013c\u013ca ar anti-oksid\u0113jo\u0161\u0101m un aizsargajo\u0161\u0101m \u012bpa\u0161\u012bb\u0101m,","og_url":"https:\/\/cosmetic.lv\/lv\/product\/davines-authentic-moisturising-balm-mitrinoss-balzams-matiem-un-kermenim-var-ari-izmantot-sejai-ka-mai\/","og_site_name":"cosmetic.lv","article_publisher":"https:\/\/www.facebook.com\/cosmetic.lv\/","article_modified_time":"2021-02-06T17:49:56+00:00","og_image":[{"width":500,"height":500,"url":"https:\/\/cosmetic.lv\/wp-content\/uploads\/2021\/02\/davines_authentic_moisturiz-4.jpg","type":"image\/jpeg"}],"twitter_card":"summary_large_image","schema":{"@context":"https:\/\/schema.org","@graph":[{"@type":"WebPage","@id":"https:\/\/cosmetic.lv\/lv\/product\/davines-authentic-moisturising-balm-mitrinoss-balzams-matiem-un-kermenim-var-ari-izmantot-sejai-ka-mai\/","url":"https:\/\/cosmetic.lv\/lv\/product\/davines-authentic-moisturising-balm-mitrinoss-balzams-matiem-un-kermenim-var-ari-izmantot-sejai-ka-mai\/","name":"Davines Authentic Moisturising Balm Mitrino\u0161s balz\u0101ms matiem un \u0137ermenim, var ar\u012b izmantot sejai k\u0101 mai - cosmetic.lv","isPartOf":{"@id":"https:\/\/cosmetic.lv\/lv\/#website"},"primaryImageOfPage":{"@id":"https:\/\/cosmetic.lv\/lv\/product\/davines-authentic-moisturising-balm-mitrinoss-balzams-matiem-un-kermenim-var-ari-izmantot-sejai-ka-mai\/#primaryimage"},"image":{"@id":"https:\/\/cosmetic.lv\/lv\/product\/davines-authentic-moisturising-balm-mitrinoss-balzams-matiem-un-kermenim-var-ari-izmantot-sejai-ka-mai\/#primaryimage"},"thumbnailUrl":"https:\/\/cosmetic.lv\/wp-content\/uploads\/2021\/02\/davines_authentic_moisturiz-4.jpg","datePublished":"2021-02-06T17:49:55+00:00","dateModified":"2021-02-06T17:49:56+00:00","breadcrumb":{"@id":"https:\/\/cosmetic.lv\/lv\/product\/davines-authentic-moisturising-balm-mitrinoss-balzams-matiem-un-kermenim-var-ari-izmantot-sejai-ka-mai\/#breadcrumb"},"inLanguage":"lv-LV","potentialAction":[{"@type":"ReadAction","target":["https:\/\/cosmetic.lv\/lv\/product\/davines-authentic-moisturising-balm-mitrinoss-balzams-matiem-un-kermenim-var-ari-izmantot-sejai-ka-mai\/"]}]},{"@type":"ImageObject","inLanguage":"lv-LV","@id":"https:\/\/cosmetic.lv\/lv\/product\/davines-authentic-moisturising-balm-mitrinoss-balzams-matiem-un-kermenim-var-ari-izmantot-sejai-ka-mai\/#primaryimage","url":"https:\/\/cosmetic.lv\/wp-content\/uploads\/2021\/02\/davines_authentic_moisturiz-4.jpg","contentUrl":"https:\/\/cosmetic.lv\/wp-content\/uploads\/2021\/02\/davines_authentic_moisturiz-4.jpg","width":500,"height":500,"caption":"davines_authentic_moisturiz.jpg"},{"@type":"BreadcrumbList","@id":"https:\/\/cosmetic.lv\/lv\/product\/davines-authentic-moisturising-balm-mitrinoss-balzams-matiem-un-kermenim-var-ari-izmantot-sejai-ka-mai\/#breadcrumb","itemListElement":[{"@type":"ListItem","position":1,"name":"Home","item":"https:\/\/cosmetic.lv\/lv\/"},{"@type":"ListItem","position":2,"name":"Veikals","item":"https:\/\/cosmetic.lv\/lv\/veiklas\/"},{"@type":"ListItem","position":3,"name":"Davines Authentic Moisturising Balm Mitrino\u0161s balz\u0101ms matiem un \u0137ermenim, var ar\u012b izmantot sejai k\u0101 mai"}]},{"@type":"WebSite","@id":"https:\/\/cosmetic.lv\/lv\/#website","url":"https:\/\/cosmetic.lv\/lv\/","name":"cosmetic.lv","description":"Profesion\u0101la kosm\u0113tika - Maria Galland, Keune, Arkadija, GMT, Guam, Magiray","publisher":{"@id":"https:\/\/cosmetic.lv\/lv\/#organization"},"potentialAction":[{"@type":"SearchAction","target":{"@type":"EntryPoint","urlTemplate":"https:\/\/cosmetic.lv\/lv\/?s={search_term_string}"},"query-input":{"@type":"PropertyValueSpecification","valueRequired":true,"valueName":"search_term_string"}}],"inLanguage":"lv-LV"},{"@type":"Organization","@id":"https:\/\/cosmetic.lv\/lv\/#organization","name":"COSMETIC.LV","url":"https:\/\/cosmetic.lv\/lv\/","logo":{"@type":"ImageObject","inLanguage":"lv-LV","@id":"https:\/\/cosmetic.lv\/lv\/#\/schema\/logo\/image\/","url":"https:\/\/cosmetic.lv\/wp-content\/uploads\/2021\/02\/cosmetic.lv_logo.jpg","contentUrl":"https:\/\/cosmetic.lv\/wp-content\/uploads\/2021\/02\/cosmetic.lv_logo.jpg","width":596,"height":196,"caption":"COSMETIC.LV"},"image":{"@id":"https:\/\/cosmetic.lv\/lv\/#\/schema\/logo\/image\/"},"sameAs":["https:\/\/www.facebook.com\/cosmetic.lv\/"]}]},"product_price_amount":"17.14","product_price_currency":"EUR","og_availability":"out of stock","product_availability":"out of stock","product_retailer_item_id":"davk","product_condition":"new"},"_links":{"self":[{"href":"https:\/\/cosmetic.lv\/lv\/wp-json\/wp\/v2\/product\/34205","targetHints":{"allow":["GET"]}}],"collection":[{"href":"https:\/\/cosmetic.lv\/lv\/wp-json\/wp\/v2\/product"}],"about":[{"href":"https:\/\/cosmetic.lv\/lv\/wp-json\/wp\/v2\/types\/product"}],"wp:featuredmedia":[{"embeddable":true,"href":"https:\/\/cosmetic.lv\/lv\/wp-json\/wp\/v2\/media\/16036"}],"wp:attachment":[{"href":"https:\/\/cosmetic.lv\/lv\/wp-json\/wp\/v2\/media?parent=34205"}],"wp:term":[{"taxonomy":"product_brand","embeddable":true,"href":"https:\/\/cosmetic.lv\/lv\/wp-json\/wp\/v2\/product_brand?post=34205"},{"taxonomy":"product_cat","embeddable":true,"href":"https:\/\/cosmetic.lv\/lv\/wp-json\/wp\/v2\/product_cat?post=34205"},{"taxonomy":"product_tag","embeddable":true,"href":"https:\/\/cosmetic.lv\/lv\/wp-json\/wp\/v2\/product_tag?post=34205"}],"curies":[{"name":"wp","href":"https:\/\/api.w.org\/{rel}","templated":true}]}}