{"id":34211,"date":"2021-02-05T22:39:53","date_gmt":"2021-02-06T17:49:55","guid":{"rendered":"https:\/\/damme.lv\/product\/davines-nourishing-superactive-hair-royal-jelly-vitaminu-un-mineralvielu-lidzsvara-atjaunojoss-pamatkompleks\/"},"modified":"2021-02-06T19:50:01","modified_gmt":"2021-02-06T17:50:01","slug":"davines-nourishing-superactive-hair-royal-jelly-vitaminu-un-mineralvielu-lidzsvara-atjaunojoss-pamatkompleks","status":"publish","type":"product","link":"https:\/\/cosmetic.lv\/lv\/product\/davines-nourishing-superactive-hair-royal-jelly-vitaminu-un-mineralvielu-lidzsvara-atjaunojoss-pamatkompleks\/","title":{"rendered":"DAVINES NOURISHING SUPERACTIVE HAIR ROYAL JELLY vitam\u012bnu un miner\u0101lvielu l\u012bdzsvara atjaunojo\u0161s pamatkompleks"},"content":{"rendered":"<p><!DOCTYPE html PUBLIC &quot;-\/\/W3C\/\/DTD XHTML 1.0 Transitional\/\/EN&quot; &quot;http:\/\/www.w3.org\/TR\/xhtml1\/DTD\/xhtml1-transitional.dtd&quot;><br \/>\n<html><br \/>\n<head><br \/>\n<title>Untitled document<\/title><br \/>\n<\/head><br \/>\n<body><\/p>\n<p>Nourishing Superactive Hair Royal Jelly &ndash; vitam\u012bnu un miner\u0101lvielu l\u012bdzsvara atjaunojo&scaron;s pamatkomplekss galvas \u0101dai un matiem. pH4.4<br \/>Sast\u0101v\u0101:&nbsp; &bdquo;karalisk\u0101 \u017eeleja&rdquo; &#8211;&nbsp; speci\u0101l\u0101 bi&scaron;u m\u0101tes p\u0101rtika ( aminosk\u0101bes, vitam\u012bni, kalcijs, fosfors, k\u0101lijs&#8230;).Efekt\u012bva sausas, boj\u0101tas, p\u0101r\u0101k jut\u012bgas galvas \u0101das \u0101rst\u0113&scaron;anai, \u012bpa&scaron;i p\u0113c \u0137\u012bmisko vielu regul\u0101ras iedarb\u012bbas (kr\u0101so&scaron;ana, ilgvi\u013c\u0146i&hellip;) un intens\u012bvai matu mitrin\u0101&scaron;anai un stiprin\u0101&scaron;anai. <br \/>Lieto&scaron;ana:&nbsp; flakoni\u0146u&nbsp; r\u016bp\u012bgi sakrat\u012bt un atskr\u016bv\u0113t v\u0101ci\u0146u . Vienm\u0113r\u012bgi uzkl\u0101t uz galvas \u0101das ar aplik\u0101toru&nbsp; un maigi iemas\u0113t. Neskalot. Intens\u012bva terap\u012bja: 4 ned\u0113\u013cas, 2-3 reizes ned\u0113\u013c\u0101. Uztur\u0113&scaron;ana: reizi ned\u0113\u013c\u0101.<\/p>\n<p>Tilpums: 48 ml.<\/p>\n<p><\/body><br \/>\n<\/html><\/p>\n","protected":false},"excerpt":{"rendered":"<p>Untitled document Nourishing Superactive Hair Royal Jelly &ndash; vitam\u012bnu un miner\u0101lvielu l\u012bdzsvara atjaunojo&scaron;s pamatkomplekss galvas \u0101dai un matiem. pH4.4Sast\u0101v\u0101:&nbsp; &bdquo;karalisk\u0101<\/p>\n","protected":false},"featured_media":9312,"template":"","meta":[],"product_brand":[],"product_cat":[2258,2260,2262],"product_tag":[],"class_list":{"0":"post-34211","1":"product","2":"type-product","3":"status-publish","4":"has-post-thumbnail","6":"product_cat-profesionala-kosmetika-matiem-lv","7":"product_cat-davines-italija-lv","8":"product_cat-matu-arstesana-lv","10":"first","11":"outofstock","12":"taxable","13":"shipping-taxable","14":"purchasable","15":"product-type-simple"},"yoast_head":"<!-- This site is optimized with the Yoast SEO Premium plugin v27.0 (Yoast SEO v27.0) - https:\/\/yoast.com\/product\/yoast-seo-premium-wordpress\/ -->\n<title>DAVINES NOURISHING SUPERACTIVE HAIR ROYAL JELLY vitam\u012bnu un miner\u0101lvielu l\u012bdzsvara atjaunojo\u0161s pamatkompleks - cosmetic.lv<\/title>\n<meta name=\"robots\" content=\"index, follow, max-snippet:-1, max-image-preview:large, max-video-preview:-1\" \/>\n<link rel=\"canonical\" href=\"https:\/\/cosmetic.lv\/lv\/product\/davines-nourishing-superactive-hair-royal-jelly-vitaminu-un-mineralvielu-lidzsvara-atjaunojoss-pamatkompleks\/\" \/>\n<meta property=\"og:locale\" content=\"lv_LV\" \/>\n<meta property=\"og:type\" content=\"article\" \/>\n<meta property=\"og:title\" content=\"DAVINES NOURISHING SUPERACTIVE HAIR ROYAL JELLY vitam\u012bnu un miner\u0101lvielu l\u012bdzsvara atjaunojo\u0161s pamatkompleks\" \/>\n<meta property=\"og:description\" content=\"Untitled document Nourishing Superactive Hair Royal Jelly &ndash; vitam\u012bnu un miner\u0101lvielu l\u012bdzsvara atjaunojo&scaron;s pamatkomplekss galvas \u0101dai un matiem. pH4.4Sast\u0101v\u0101:&nbsp; &bdquo;karalisk\u0101\" \/>\n<meta property=\"og:url\" content=\"https:\/\/cosmetic.lv\/lv\/product\/davines-nourishing-superactive-hair-royal-jelly-vitaminu-un-mineralvielu-lidzsvara-atjaunojoss-pamatkompleks\/\" \/>\n<meta property=\"og:site_name\" content=\"cosmetic.lv\" \/>\n<meta property=\"article:publisher\" content=\"https:\/\/www.facebook.com\/cosmetic.lv\/\" \/>\n<meta property=\"article:modified_time\" content=\"2021-02-06T17:50:01+00:00\" \/>\n<meta property=\"og:image\" content=\"https:\/\/cosmetic.lv\/wp-content\/uploads\/2021\/02\/nourishing-royal-jelly-super-active_sm.png\" \/>\n\t<meta property=\"og:image:width\" content=\"178\" \/>\n\t<meta property=\"og:image:height\" content=\"178\" \/>\n\t<meta property=\"og:image:type\" content=\"image\/png\" \/>\n<meta name=\"twitter:card\" content=\"summary_large_image\" \/>\n<script type=\"application\/ld+json\" class=\"yoast-schema-graph\">{\"@context\":\"https:\/\/schema.org\",\"@graph\":[{\"@type\":\"WebPage\",\"@id\":\"https:\/\/cosmetic.lv\/lv\/product\/davines-nourishing-superactive-hair-royal-jelly-vitaminu-un-mineralvielu-lidzsvara-atjaunojoss-pamatkompleks\/\",\"url\":\"https:\/\/cosmetic.lv\/lv\/product\/davines-nourishing-superactive-hair-royal-jelly-vitaminu-un-mineralvielu-lidzsvara-atjaunojoss-pamatkompleks\/\",\"name\":\"DAVINES NOURISHING SUPERACTIVE HAIR ROYAL JELLY vitam\u012bnu un miner\u0101lvielu l\u012bdzsvara atjaunojo\u0161s pamatkompleks - cosmetic.lv\",\"isPartOf\":{\"@id\":\"https:\/\/cosmetic.lv\/lv\/#website\"},\"primaryImageOfPage\":{\"@id\":\"https:\/\/cosmetic.lv\/lv\/product\/davines-nourishing-superactive-hair-royal-jelly-vitaminu-un-mineralvielu-lidzsvara-atjaunojoss-pamatkompleks\/#primaryimage\"},\"image\":{\"@id\":\"https:\/\/cosmetic.lv\/lv\/product\/davines-nourishing-superactive-hair-royal-jelly-vitaminu-un-mineralvielu-lidzsvara-atjaunojoss-pamatkompleks\/#primaryimage\"},\"thumbnailUrl\":\"https:\/\/cosmetic.lv\/wp-content\/uploads\/2021\/02\/nourishing-royal-jelly-super-active_sm.png\",\"datePublished\":\"2021-02-06T17:49:55+00:00\",\"dateModified\":\"2021-02-06T17:50:01+00:00\",\"breadcrumb\":{\"@id\":\"https:\/\/cosmetic.lv\/lv\/product\/davines-nourishing-superactive-hair-royal-jelly-vitaminu-un-mineralvielu-lidzsvara-atjaunojoss-pamatkompleks\/#breadcrumb\"},\"inLanguage\":\"lv-LV\",\"potentialAction\":[{\"@type\":\"ReadAction\",\"target\":[\"https:\/\/cosmetic.lv\/lv\/product\/davines-nourishing-superactive-hair-royal-jelly-vitaminu-un-mineralvielu-lidzsvara-atjaunojoss-pamatkompleks\/\"]}]},{\"@type\":\"ImageObject\",\"inLanguage\":\"lv-LV\",\"@id\":\"https:\/\/cosmetic.lv\/lv\/product\/davines-nourishing-superactive-hair-royal-jelly-vitaminu-un-mineralvielu-lidzsvara-atjaunojoss-pamatkompleks\/#primaryimage\",\"url\":\"https:\/\/cosmetic.lv\/wp-content\/uploads\/2021\/02\/nourishing-royal-jelly-super-active_sm.png\",\"contentUrl\":\"https:\/\/cosmetic.lv\/wp-content\/uploads\/2021\/02\/nourishing-royal-jelly-super-active_sm.png\",\"width\":178,\"height\":178,\"caption\":\"NOURISHING-Royal-Jelly-Super-Active_sm.png\"},{\"@type\":\"BreadcrumbList\",\"@id\":\"https:\/\/cosmetic.lv\/lv\/product\/davines-nourishing-superactive-hair-royal-jelly-vitaminu-un-mineralvielu-lidzsvara-atjaunojoss-pamatkompleks\/#breadcrumb\",\"itemListElement\":[{\"@type\":\"ListItem\",\"position\":1,\"name\":\"Home\",\"item\":\"https:\/\/cosmetic.lv\/lv\/\"},{\"@type\":\"ListItem\",\"position\":2,\"name\":\"Veikals\",\"item\":\"https:\/\/cosmetic.lv\/lv\/veiklas\/\"},{\"@type\":\"ListItem\",\"position\":3,\"name\":\"DAVINES NOURISHING SUPERACTIVE HAIR ROYAL JELLY vitam\u012bnu un miner\u0101lvielu l\u012bdzsvara atjaunojo\u0161s pamatkompleks\"}]},{\"@type\":\"WebSite\",\"@id\":\"https:\/\/cosmetic.lv\/lv\/#website\",\"url\":\"https:\/\/cosmetic.lv\/lv\/\",\"name\":\"cosmetic.lv\",\"description\":\"Profesion\u0101la kosm\u0113tika - Maria Galland, Keune, Arkadija, GMT, Guam, Magiray\",\"publisher\":{\"@id\":\"https:\/\/cosmetic.lv\/lv\/#organization\"},\"potentialAction\":[{\"@type\":\"SearchAction\",\"target\":{\"@type\":\"EntryPoint\",\"urlTemplate\":\"https:\/\/cosmetic.lv\/lv\/?s={search_term_string}\"},\"query-input\":{\"@type\":\"PropertyValueSpecification\",\"valueRequired\":true,\"valueName\":\"search_term_string\"}}],\"inLanguage\":\"lv-LV\"},{\"@type\":\"Organization\",\"@id\":\"https:\/\/cosmetic.lv\/lv\/#organization\",\"name\":\"COSMETIC.LV\",\"url\":\"https:\/\/cosmetic.lv\/lv\/\",\"logo\":{\"@type\":\"ImageObject\",\"inLanguage\":\"lv-LV\",\"@id\":\"https:\/\/cosmetic.lv\/lv\/#\/schema\/logo\/image\/\",\"url\":\"https:\/\/cosmetic.lv\/wp-content\/uploads\/2021\/02\/cosmetic.lv_logo.jpg\",\"contentUrl\":\"https:\/\/cosmetic.lv\/wp-content\/uploads\/2021\/02\/cosmetic.lv_logo.jpg\",\"width\":596,\"height\":196,\"caption\":\"COSMETIC.LV\"},\"image\":{\"@id\":\"https:\/\/cosmetic.lv\/lv\/#\/schema\/logo\/image\/\"},\"sameAs\":[\"https:\/\/www.facebook.com\/cosmetic.lv\/\"]}]}<\/script>\n<meta property=\"product:price:amount\" content=\"76.63\" \/>\n<meta property=\"product:price:currency\" content=\"EUR\" \/>\n<meta property=\"og:availability\" content=\"out of stock\" \/>\n<meta property=\"product:availability\" content=\"out of stock\" \/>\n<meta property=\"product:retailer_item_id\" content=\"kat\" \/>\n<meta property=\"product:condition\" content=\"new\" \/>\n<!-- \/ Yoast SEO Premium plugin. -->","yoast_head_json":{"title":"DAVINES NOURISHING SUPERACTIVE HAIR ROYAL JELLY vitam\u012bnu un miner\u0101lvielu l\u012bdzsvara atjaunojo\u0161s pamatkompleks - cosmetic.lv","robots":{"index":"index","follow":"follow","max-snippet":"max-snippet:-1","max-image-preview":"max-image-preview:large","max-video-preview":"max-video-preview:-1"},"canonical":"https:\/\/cosmetic.lv\/lv\/product\/davines-nourishing-superactive-hair-royal-jelly-vitaminu-un-mineralvielu-lidzsvara-atjaunojoss-pamatkompleks\/","og_locale":"lv_LV","og_type":"article","og_title":"DAVINES NOURISHING SUPERACTIVE HAIR ROYAL JELLY vitam\u012bnu un miner\u0101lvielu l\u012bdzsvara atjaunojo\u0161s pamatkompleks","og_description":"Untitled document Nourishing Superactive Hair Royal Jelly &ndash; vitam\u012bnu un miner\u0101lvielu l\u012bdzsvara atjaunojo&scaron;s pamatkomplekss galvas \u0101dai un matiem. pH4.4Sast\u0101v\u0101:&nbsp; &bdquo;karalisk\u0101","og_url":"https:\/\/cosmetic.lv\/lv\/product\/davines-nourishing-superactive-hair-royal-jelly-vitaminu-un-mineralvielu-lidzsvara-atjaunojoss-pamatkompleks\/","og_site_name":"cosmetic.lv","article_publisher":"https:\/\/www.facebook.com\/cosmetic.lv\/","article_modified_time":"2021-02-06T17:50:01+00:00","og_image":[{"width":178,"height":178,"url":"https:\/\/cosmetic.lv\/wp-content\/uploads\/2021\/02\/nourishing-royal-jelly-super-active_sm.png","type":"image\/png"}],"twitter_card":"summary_large_image","schema":{"@context":"https:\/\/schema.org","@graph":[{"@type":"WebPage","@id":"https:\/\/cosmetic.lv\/lv\/product\/davines-nourishing-superactive-hair-royal-jelly-vitaminu-un-mineralvielu-lidzsvara-atjaunojoss-pamatkompleks\/","url":"https:\/\/cosmetic.lv\/lv\/product\/davines-nourishing-superactive-hair-royal-jelly-vitaminu-un-mineralvielu-lidzsvara-atjaunojoss-pamatkompleks\/","name":"DAVINES NOURISHING SUPERACTIVE HAIR ROYAL JELLY vitam\u012bnu un miner\u0101lvielu l\u012bdzsvara atjaunojo\u0161s pamatkompleks - cosmetic.lv","isPartOf":{"@id":"https:\/\/cosmetic.lv\/lv\/#website"},"primaryImageOfPage":{"@id":"https:\/\/cosmetic.lv\/lv\/product\/davines-nourishing-superactive-hair-royal-jelly-vitaminu-un-mineralvielu-lidzsvara-atjaunojoss-pamatkompleks\/#primaryimage"},"image":{"@id":"https:\/\/cosmetic.lv\/lv\/product\/davines-nourishing-superactive-hair-royal-jelly-vitaminu-un-mineralvielu-lidzsvara-atjaunojoss-pamatkompleks\/#primaryimage"},"thumbnailUrl":"https:\/\/cosmetic.lv\/wp-content\/uploads\/2021\/02\/nourishing-royal-jelly-super-active_sm.png","datePublished":"2021-02-06T17:49:55+00:00","dateModified":"2021-02-06T17:50:01+00:00","breadcrumb":{"@id":"https:\/\/cosmetic.lv\/lv\/product\/davines-nourishing-superactive-hair-royal-jelly-vitaminu-un-mineralvielu-lidzsvara-atjaunojoss-pamatkompleks\/#breadcrumb"},"inLanguage":"lv-LV","potentialAction":[{"@type":"ReadAction","target":["https:\/\/cosmetic.lv\/lv\/product\/davines-nourishing-superactive-hair-royal-jelly-vitaminu-un-mineralvielu-lidzsvara-atjaunojoss-pamatkompleks\/"]}]},{"@type":"ImageObject","inLanguage":"lv-LV","@id":"https:\/\/cosmetic.lv\/lv\/product\/davines-nourishing-superactive-hair-royal-jelly-vitaminu-un-mineralvielu-lidzsvara-atjaunojoss-pamatkompleks\/#primaryimage","url":"https:\/\/cosmetic.lv\/wp-content\/uploads\/2021\/02\/nourishing-royal-jelly-super-active_sm.png","contentUrl":"https:\/\/cosmetic.lv\/wp-content\/uploads\/2021\/02\/nourishing-royal-jelly-super-active_sm.png","width":178,"height":178,"caption":"NOURISHING-Royal-Jelly-Super-Active_sm.png"},{"@type":"BreadcrumbList","@id":"https:\/\/cosmetic.lv\/lv\/product\/davines-nourishing-superactive-hair-royal-jelly-vitaminu-un-mineralvielu-lidzsvara-atjaunojoss-pamatkompleks\/#breadcrumb","itemListElement":[{"@type":"ListItem","position":1,"name":"Home","item":"https:\/\/cosmetic.lv\/lv\/"},{"@type":"ListItem","position":2,"name":"Veikals","item":"https:\/\/cosmetic.lv\/lv\/veiklas\/"},{"@type":"ListItem","position":3,"name":"DAVINES NOURISHING SUPERACTIVE HAIR ROYAL JELLY vitam\u012bnu un miner\u0101lvielu l\u012bdzsvara atjaunojo\u0161s pamatkompleks"}]},{"@type":"WebSite","@id":"https:\/\/cosmetic.lv\/lv\/#website","url":"https:\/\/cosmetic.lv\/lv\/","name":"cosmetic.lv","description":"Profesion\u0101la kosm\u0113tika - Maria Galland, Keune, Arkadija, GMT, Guam, Magiray","publisher":{"@id":"https:\/\/cosmetic.lv\/lv\/#organization"},"potentialAction":[{"@type":"SearchAction","target":{"@type":"EntryPoint","urlTemplate":"https:\/\/cosmetic.lv\/lv\/?s={search_term_string}"},"query-input":{"@type":"PropertyValueSpecification","valueRequired":true,"valueName":"search_term_string"}}],"inLanguage":"lv-LV"},{"@type":"Organization","@id":"https:\/\/cosmetic.lv\/lv\/#organization","name":"COSMETIC.LV","url":"https:\/\/cosmetic.lv\/lv\/","logo":{"@type":"ImageObject","inLanguage":"lv-LV","@id":"https:\/\/cosmetic.lv\/lv\/#\/schema\/logo\/image\/","url":"https:\/\/cosmetic.lv\/wp-content\/uploads\/2021\/02\/cosmetic.lv_logo.jpg","contentUrl":"https:\/\/cosmetic.lv\/wp-content\/uploads\/2021\/02\/cosmetic.lv_logo.jpg","width":596,"height":196,"caption":"COSMETIC.LV"},"image":{"@id":"https:\/\/cosmetic.lv\/lv\/#\/schema\/logo\/image\/"},"sameAs":["https:\/\/www.facebook.com\/cosmetic.lv\/"]}]},"product_price_amount":"76.63","product_price_currency":"EUR","og_availability":"out of stock","product_availability":"out of stock","product_retailer_item_id":"kat","product_condition":"new"},"_links":{"self":[{"href":"https:\/\/cosmetic.lv\/lv\/wp-json\/wp\/v2\/product\/34211","targetHints":{"allow":["GET"]}}],"collection":[{"href":"https:\/\/cosmetic.lv\/lv\/wp-json\/wp\/v2\/product"}],"about":[{"href":"https:\/\/cosmetic.lv\/lv\/wp-json\/wp\/v2\/types\/product"}],"wp:featuredmedia":[{"embeddable":true,"href":"https:\/\/cosmetic.lv\/lv\/wp-json\/wp\/v2\/media\/9312"}],"wp:attachment":[{"href":"https:\/\/cosmetic.lv\/lv\/wp-json\/wp\/v2\/media?parent=34211"}],"wp:term":[{"taxonomy":"product_brand","embeddable":true,"href":"https:\/\/cosmetic.lv\/lv\/wp-json\/wp\/v2\/product_brand?post=34211"},{"taxonomy":"product_cat","embeddable":true,"href":"https:\/\/cosmetic.lv\/lv\/wp-json\/wp\/v2\/product_cat?post=34211"},{"taxonomy":"product_tag","embeddable":true,"href":"https:\/\/cosmetic.lv\/lv\/wp-json\/wp\/v2\/product_tag?post=34211"}],"curies":[{"name":"wp","href":"https:\/\/api.w.org\/{rel}","templated":true}]}}