{"id":34213,"date":"2021-02-05T22:39:53","date_gmt":"2021-02-06T17:49:55","guid":{"rendered":"https:\/\/damme.lv\/product\/davines-purifying-gel-pretblaugznu-zeleja\/"},"modified":"2021-02-06T19:50:02","modified_gmt":"2021-02-06T17:50:02","slug":"davines-purifying-gel-pretblaugznu-zeleja","status":"publish","type":"product","link":"https:\/\/cosmetic.lv\/lv\/product\/davines-purifying-gel-pretblaugznu-zeleja\/","title":{"rendered":"DAVINES Purifying Gel &#8211; pretblaugznu \u017eeleja"},"content":{"rendered":"<p><!DOCTYPE html PUBLIC &quot;-\/\/W3C\/\/DTD XHTML 1.0 Transitional\/\/EN&quot; &quot;http:\/\/www.w3.org\/TR\/xhtml1\/DTD\/xhtml1-transitional.dtd&quot;><br \/>\n<html><br \/>\n<head><br \/>\n<title>Untitled document<\/title><br \/>\n<\/head><br \/>\n<body><\/p>\n<p>Purifying Gel &#8211; pretblaugznu \u017eeleja. pH5.3<br \/>Efekt\u012bvi atrisina visu veidu blaugznu probl\u0113mas.&nbsp; <br \/>Sast\u0101v\u0101: Phytoceuticals no pienenes, kas satur polifenolus un sahar\u012bdus ar stipru antioksid\u0113jo&scaron;u iedarb\u012bbu; sel\u0113na disulf\u012bds ar akt\u012bvu pret s\u0113n\u012b&scaron;u iedarb\u012bbu; lavandas, mires un salvijas \u0113terisk\u0101s e\u013c\u013cas ar pretiekaisuma, nomierino&scaron;u un antibiotiku iedarb\u012bbu; cinka piritions un pirokton olam\u012bns ar akt\u012bvu pret s\u0113n\u012b&scaron;u un antibakteri\u0101lu iedarb\u012bbu. <br \/>Lieto&scaron;ana: r\u016bp\u012bgi un vienm\u0113r\u012bgi uzkl\u0101t uz galvas \u0101das, maigi iemas\u0113t. Atst\u0101t uz 10 min\u016bt\u0113m, k\u0101rt\u012bgi izskalot.<\/p>\n<p>Tilpums: 150 ml.<\/p>\n<p><\/body><br \/>\n<\/html><\/p>\n","protected":false},"excerpt":{"rendered":"<p>Untitled document Purifying Gel &#8211; pretblaugznu \u017eeleja. pH5.3Efekt\u012bvi atrisina visu veidu blaugznu probl\u0113mas.&nbsp; Sast\u0101v\u0101: Phytoceuticals no pienenes, kas satur polifenolus<\/p>\n","protected":false},"featured_media":9318,"template":"","meta":[],"product_brand":[],"product_cat":[2258,2260,2262],"product_tag":[],"class_list":{"0":"post-34213","1":"product","2":"type-product","3":"status-publish","4":"has-post-thumbnail","6":"product_cat-profesionala-kosmetika-matiem-lv","7":"product_cat-davines-italija-lv","8":"product_cat-matu-arstesana-lv","10":"first","11":"outofstock","12":"taxable","13":"shipping-taxable","14":"purchasable","15":"product-type-simple"},"yoast_head":"<!-- This site is optimized with the Yoast SEO Premium plugin v27.0 (Yoast SEO v27.0) - https:\/\/yoast.com\/product\/yoast-seo-premium-wordpress\/ -->\n<title>DAVINES Purifying Gel - pretblaugznu \u017eeleja - cosmetic.lv<\/title>\n<meta name=\"robots\" content=\"index, follow, max-snippet:-1, max-image-preview:large, max-video-preview:-1\" \/>\n<link rel=\"canonical\" href=\"https:\/\/cosmetic.lv\/lv\/product\/davines-purifying-gel-pretblaugznu-zeleja\/\" \/>\n<meta property=\"og:locale\" content=\"lv_LV\" \/>\n<meta property=\"og:type\" content=\"article\" \/>\n<meta property=\"og:title\" content=\"DAVINES Purifying Gel - pretblaugznu \u017eeleja\" \/>\n<meta property=\"og:description\" content=\"Untitled document Purifying Gel &#8211; pretblaugznu \u017eeleja. pH5.3Efekt\u012bvi atrisina visu veidu blaugznu probl\u0113mas.&nbsp; Sast\u0101v\u0101: Phytoceuticals no pienenes, kas satur polifenolus\" \/>\n<meta property=\"og:url\" content=\"https:\/\/cosmetic.lv\/lv\/product\/davines-purifying-gel-pretblaugznu-zeleja\/\" \/>\n<meta property=\"og:site_name\" content=\"cosmetic.lv\" \/>\n<meta property=\"article:publisher\" content=\"https:\/\/www.facebook.com\/cosmetic.lv\/\" \/>\n<meta property=\"article:modified_time\" content=\"2021-02-06T17:50:02+00:00\" \/>\n<meta property=\"og:image\" content=\"https:\/\/cosmetic.lv\/wp-content\/uploads\/2021\/02\/purifyinggel_bg.png\" \/>\n\t<meta property=\"og:image:width\" content=\"480\" \/>\n\t<meta property=\"og:image:height\" content=\"480\" \/>\n\t<meta property=\"og:image:type\" content=\"image\/png\" \/>\n<meta name=\"twitter:card\" content=\"summary_large_image\" \/>\n<script type=\"application\/ld+json\" class=\"yoast-schema-graph\">{\"@context\":\"https:\/\/schema.org\",\"@graph\":[{\"@type\":\"WebPage\",\"@id\":\"https:\/\/cosmetic.lv\/lv\/product\/davines-purifying-gel-pretblaugznu-zeleja\/\",\"url\":\"https:\/\/cosmetic.lv\/lv\/product\/davines-purifying-gel-pretblaugznu-zeleja\/\",\"name\":\"DAVINES Purifying Gel - pretblaugznu \u017eeleja - cosmetic.lv\",\"isPartOf\":{\"@id\":\"https:\/\/cosmetic.lv\/lv\/#website\"},\"primaryImageOfPage\":{\"@id\":\"https:\/\/cosmetic.lv\/lv\/product\/davines-purifying-gel-pretblaugznu-zeleja\/#primaryimage\"},\"image\":{\"@id\":\"https:\/\/cosmetic.lv\/lv\/product\/davines-purifying-gel-pretblaugznu-zeleja\/#primaryimage\"},\"thumbnailUrl\":\"https:\/\/cosmetic.lv\/wp-content\/uploads\/2021\/02\/purifyinggel_bg.png\",\"datePublished\":\"2021-02-06T17:49:55+00:00\",\"dateModified\":\"2021-02-06T17:50:02+00:00\",\"breadcrumb\":{\"@id\":\"https:\/\/cosmetic.lv\/lv\/product\/davines-purifying-gel-pretblaugznu-zeleja\/#breadcrumb\"},\"inLanguage\":\"lv-LV\",\"potentialAction\":[{\"@type\":\"ReadAction\",\"target\":[\"https:\/\/cosmetic.lv\/lv\/product\/davines-purifying-gel-pretblaugznu-zeleja\/\"]}]},{\"@type\":\"ImageObject\",\"inLanguage\":\"lv-LV\",\"@id\":\"https:\/\/cosmetic.lv\/lv\/product\/davines-purifying-gel-pretblaugznu-zeleja\/#primaryimage\",\"url\":\"https:\/\/cosmetic.lv\/wp-content\/uploads\/2021\/02\/purifyinggel_bg.png\",\"contentUrl\":\"https:\/\/cosmetic.lv\/wp-content\/uploads\/2021\/02\/purifyinggel_bg.png\",\"width\":480,\"height\":480,\"caption\":\"PURIFYINGgel_bg.png\"},{\"@type\":\"BreadcrumbList\",\"@id\":\"https:\/\/cosmetic.lv\/lv\/product\/davines-purifying-gel-pretblaugznu-zeleja\/#breadcrumb\",\"itemListElement\":[{\"@type\":\"ListItem\",\"position\":1,\"name\":\"Home\",\"item\":\"https:\/\/cosmetic.lv\/lv\/\"},{\"@type\":\"ListItem\",\"position\":2,\"name\":\"Veikals\",\"item\":\"https:\/\/cosmetic.lv\/lv\/veiklas\/\"},{\"@type\":\"ListItem\",\"position\":3,\"name\":\"DAVINES Purifying Gel &#8211; pretblaugznu \u017eeleja\"}]},{\"@type\":\"WebSite\",\"@id\":\"https:\/\/cosmetic.lv\/lv\/#website\",\"url\":\"https:\/\/cosmetic.lv\/lv\/\",\"name\":\"cosmetic.lv\",\"description\":\"Profesion\u0101la kosm\u0113tika - Maria Galland, Keune, Arkadija, GMT, Guam, Magiray\",\"publisher\":{\"@id\":\"https:\/\/cosmetic.lv\/lv\/#organization\"},\"potentialAction\":[{\"@type\":\"SearchAction\",\"target\":{\"@type\":\"EntryPoint\",\"urlTemplate\":\"https:\/\/cosmetic.lv\/lv\/?s={search_term_string}\"},\"query-input\":{\"@type\":\"PropertyValueSpecification\",\"valueRequired\":true,\"valueName\":\"search_term_string\"}}],\"inLanguage\":\"lv-LV\"},{\"@type\":\"Organization\",\"@id\":\"https:\/\/cosmetic.lv\/lv\/#organization\",\"name\":\"COSMETIC.LV\",\"url\":\"https:\/\/cosmetic.lv\/lv\/\",\"logo\":{\"@type\":\"ImageObject\",\"inLanguage\":\"lv-LV\",\"@id\":\"https:\/\/cosmetic.lv\/lv\/#\/schema\/logo\/image\/\",\"url\":\"https:\/\/cosmetic.lv\/wp-content\/uploads\/2021\/02\/cosmetic.lv_logo.jpg\",\"contentUrl\":\"https:\/\/cosmetic.lv\/wp-content\/uploads\/2021\/02\/cosmetic.lv_logo.jpg\",\"width\":596,\"height\":196,\"caption\":\"COSMETIC.LV\"},\"image\":{\"@id\":\"https:\/\/cosmetic.lv\/lv\/#\/schema\/logo\/image\/\"},\"sameAs\":[\"https:\/\/www.facebook.com\/cosmetic.lv\/\"]}]}<\/script>\n<meta property=\"product:price:amount\" content=\"22.18\" \/>\n<meta property=\"product:price:currency\" content=\"EUR\" \/>\n<meta property=\"og:availability\" content=\"out of stock\" \/>\n<meta property=\"product:availability\" content=\"out of stock\" \/>\n<meta property=\"product:retailer_item_id\" content=\"fg\" \/>\n<meta property=\"product:condition\" content=\"new\" \/>\n<!-- \/ Yoast SEO Premium plugin. -->","yoast_head_json":{"title":"DAVINES Purifying Gel - pretblaugznu \u017eeleja - cosmetic.lv","robots":{"index":"index","follow":"follow","max-snippet":"max-snippet:-1","max-image-preview":"max-image-preview:large","max-video-preview":"max-video-preview:-1"},"canonical":"https:\/\/cosmetic.lv\/lv\/product\/davines-purifying-gel-pretblaugznu-zeleja\/","og_locale":"lv_LV","og_type":"article","og_title":"DAVINES Purifying Gel - pretblaugznu \u017eeleja","og_description":"Untitled document Purifying Gel &#8211; pretblaugznu \u017eeleja. pH5.3Efekt\u012bvi atrisina visu veidu blaugznu probl\u0113mas.&nbsp; Sast\u0101v\u0101: Phytoceuticals no pienenes, kas satur polifenolus","og_url":"https:\/\/cosmetic.lv\/lv\/product\/davines-purifying-gel-pretblaugznu-zeleja\/","og_site_name":"cosmetic.lv","article_publisher":"https:\/\/www.facebook.com\/cosmetic.lv\/","article_modified_time":"2021-02-06T17:50:02+00:00","og_image":[{"width":480,"height":480,"url":"https:\/\/cosmetic.lv\/wp-content\/uploads\/2021\/02\/purifyinggel_bg.png","type":"image\/png"}],"twitter_card":"summary_large_image","schema":{"@context":"https:\/\/schema.org","@graph":[{"@type":"WebPage","@id":"https:\/\/cosmetic.lv\/lv\/product\/davines-purifying-gel-pretblaugznu-zeleja\/","url":"https:\/\/cosmetic.lv\/lv\/product\/davines-purifying-gel-pretblaugznu-zeleja\/","name":"DAVINES Purifying Gel - pretblaugznu \u017eeleja - cosmetic.lv","isPartOf":{"@id":"https:\/\/cosmetic.lv\/lv\/#website"},"primaryImageOfPage":{"@id":"https:\/\/cosmetic.lv\/lv\/product\/davines-purifying-gel-pretblaugznu-zeleja\/#primaryimage"},"image":{"@id":"https:\/\/cosmetic.lv\/lv\/product\/davines-purifying-gel-pretblaugznu-zeleja\/#primaryimage"},"thumbnailUrl":"https:\/\/cosmetic.lv\/wp-content\/uploads\/2021\/02\/purifyinggel_bg.png","datePublished":"2021-02-06T17:49:55+00:00","dateModified":"2021-02-06T17:50:02+00:00","breadcrumb":{"@id":"https:\/\/cosmetic.lv\/lv\/product\/davines-purifying-gel-pretblaugznu-zeleja\/#breadcrumb"},"inLanguage":"lv-LV","potentialAction":[{"@type":"ReadAction","target":["https:\/\/cosmetic.lv\/lv\/product\/davines-purifying-gel-pretblaugznu-zeleja\/"]}]},{"@type":"ImageObject","inLanguage":"lv-LV","@id":"https:\/\/cosmetic.lv\/lv\/product\/davines-purifying-gel-pretblaugznu-zeleja\/#primaryimage","url":"https:\/\/cosmetic.lv\/wp-content\/uploads\/2021\/02\/purifyinggel_bg.png","contentUrl":"https:\/\/cosmetic.lv\/wp-content\/uploads\/2021\/02\/purifyinggel_bg.png","width":480,"height":480,"caption":"PURIFYINGgel_bg.png"},{"@type":"BreadcrumbList","@id":"https:\/\/cosmetic.lv\/lv\/product\/davines-purifying-gel-pretblaugznu-zeleja\/#breadcrumb","itemListElement":[{"@type":"ListItem","position":1,"name":"Home","item":"https:\/\/cosmetic.lv\/lv\/"},{"@type":"ListItem","position":2,"name":"Veikals","item":"https:\/\/cosmetic.lv\/lv\/veiklas\/"},{"@type":"ListItem","position":3,"name":"DAVINES Purifying Gel &#8211; pretblaugznu \u017eeleja"}]},{"@type":"WebSite","@id":"https:\/\/cosmetic.lv\/lv\/#website","url":"https:\/\/cosmetic.lv\/lv\/","name":"cosmetic.lv","description":"Profesion\u0101la kosm\u0113tika - Maria Galland, Keune, Arkadija, GMT, Guam, Magiray","publisher":{"@id":"https:\/\/cosmetic.lv\/lv\/#organization"},"potentialAction":[{"@type":"SearchAction","target":{"@type":"EntryPoint","urlTemplate":"https:\/\/cosmetic.lv\/lv\/?s={search_term_string}"},"query-input":{"@type":"PropertyValueSpecification","valueRequired":true,"valueName":"search_term_string"}}],"inLanguage":"lv-LV"},{"@type":"Organization","@id":"https:\/\/cosmetic.lv\/lv\/#organization","name":"COSMETIC.LV","url":"https:\/\/cosmetic.lv\/lv\/","logo":{"@type":"ImageObject","inLanguage":"lv-LV","@id":"https:\/\/cosmetic.lv\/lv\/#\/schema\/logo\/image\/","url":"https:\/\/cosmetic.lv\/wp-content\/uploads\/2021\/02\/cosmetic.lv_logo.jpg","contentUrl":"https:\/\/cosmetic.lv\/wp-content\/uploads\/2021\/02\/cosmetic.lv_logo.jpg","width":596,"height":196,"caption":"COSMETIC.LV"},"image":{"@id":"https:\/\/cosmetic.lv\/lv\/#\/schema\/logo\/image\/"},"sameAs":["https:\/\/www.facebook.com\/cosmetic.lv\/"]}]},"product_price_amount":"22.18","product_price_currency":"EUR","og_availability":"out of stock","product_availability":"out of stock","product_retailer_item_id":"fg","product_condition":"new"},"_links":{"self":[{"href":"https:\/\/cosmetic.lv\/lv\/wp-json\/wp\/v2\/product\/34213","targetHints":{"allow":["GET"]}}],"collection":[{"href":"https:\/\/cosmetic.lv\/lv\/wp-json\/wp\/v2\/product"}],"about":[{"href":"https:\/\/cosmetic.lv\/lv\/wp-json\/wp\/v2\/types\/product"}],"wp:featuredmedia":[{"embeddable":true,"href":"https:\/\/cosmetic.lv\/lv\/wp-json\/wp\/v2\/media\/9318"}],"wp:attachment":[{"href":"https:\/\/cosmetic.lv\/lv\/wp-json\/wp\/v2\/media?parent=34213"}],"wp:term":[{"taxonomy":"product_brand","embeddable":true,"href":"https:\/\/cosmetic.lv\/lv\/wp-json\/wp\/v2\/product_brand?post=34213"},{"taxonomy":"product_cat","embeddable":true,"href":"https:\/\/cosmetic.lv\/lv\/wp-json\/wp\/v2\/product_cat?post=34213"},{"taxonomy":"product_tag","embeddable":true,"href":"https:\/\/cosmetic.lv\/lv\/wp-json\/wp\/v2\/product_tag?post=34213"}],"curies":[{"name":"wp","href":"https:\/\/api.w.org\/{rel}","templated":true}]}}