{"id":34215,"date":"2021-02-05T22:39:53","date_gmt":"2021-02-06T17:50:04","guid":{"rendered":"https:\/\/damme.lv\/product\/davines-volu-mist-mitrinoss-losjons-matu-apjoma-pastiprinatajs\/"},"modified":"2021-02-06T19:50:05","modified_gmt":"2021-02-06T17:50:05","slug":"davines-volu-mist-mitrinoss-losjons-matu-apjoma-pastiprinatajs","status":"publish","type":"product","link":"https:\/\/cosmetic.lv\/lv\/product\/davines-volu-mist-mitrinoss-losjons-matu-apjoma-pastiprinatajs\/","title":{"rendered":"Davines VOLU \/ mist \u2013 mitrino\u0161s losjons, matu apjoma pastiprin\u0101t\u0101js"},"content":{"rendered":"<p><!DOCTYPE html PUBLIC &quot;-\/\/W3C\/\/DTD XHTML 1.0 Transitional\/\/EN&quot; &quot;http:\/\/www.w3.org\/TR\/xhtml1\/DTD\/xhtml1-transitional.dtd&quot;><br \/>\n<html><br \/>\n<head><br \/>\n<title>Untitled document<\/title><br \/>\n<\/head><br \/>\n<body><\/p>\n<p>Speci\u0101ls aerosols intens\u012bvi mitrina matus un piedod papildus apjomu, saglab\u0101jot vieglumu. Mati k\u013c\u016bst m\u012bkst\u0101ki un sp\u012bd.<br \/>Sast\u0101vda\u013cas: lucernas ekstrakts, bag\u0101ts ar miner\u0101liem un vitam\u012bniem ( A, Beta-karot\u012bns, B1, B2, B3, B5, B6, B8, B12, C, D, E, K, folsk\u0101be ), olbaltumviel\u0101m un enz\u012bmiem, atdz\u012bvina un stiprina matus, veidojot apjomu; bag\u0101ts ar aminosk\u0101b\u0113m, kas nover&scaron; \u0101das un matu noveco&scaron;anu un stimul\u0113 matu strukt\u016bras pretest\u012bbas iesp\u0113jas; sahar\u012bds Sorbitol intens\u012bvai mitrin\u0101&scaron;anai un lieliskam apjomam visiem matu tipiem; sve\u0137i matu apjomam, kas koncentr\u0113jas pie matu sakn\u0113m, nodro&scaron;inot ilgtermi\u0146a apjomu; kvie&scaron;u olbaltumvielas ar toniz\u0113jo&scaron;u efektu matu apjomam.<br \/>Lieto&scaron;ana: apsmidzin\u0101t matus pie sakn\u0113m p\u0113c kondicioniera izskalo&scaron;anas. Neskalot. Iz\u0137emm\u0113t, lai izplat\u012btu nelielu produkta daudzumu uz visu matu garumu un matu gali\u0146iem. Iz\u017eav\u0113t. Lai dab\u016btu maksim\u0101lu apjomu izsmidziniet produktu vis\u0101 matu garum\u0101.<\/p>\n<p>Tilpums: 250 ml<\/p>\n<p><\/body><br \/>\n<\/html><\/p>\n","protected":false},"excerpt":{"rendered":"<p>Untitled document Speci\u0101ls aerosols intens\u012bvi mitrina matus un piedod papildus apjomu, saglab\u0101jot vieglumu. Mati k\u013c\u016bst m\u012bkst\u0101ki un sp\u012bd.Sast\u0101vda\u013cas: lucernas ekstrakts,<\/p>\n","protected":false},"featured_media":16058,"template":"","meta":[],"product_brand":[],"product_cat":[2258,2260,2262],"product_tag":[],"class_list":{"0":"post-34215","1":"product","2":"type-product","3":"status-publish","4":"has-post-thumbnail","6":"product_cat-profesionala-kosmetika-matiem-lv","7":"product_cat-davines-italija-lv","8":"product_cat-matu-arstesana-lv","10":"first","11":"outofstock","12":"taxable","13":"shipping-taxable","14":"purchasable","15":"product-type-simple"},"yoast_head":"<!-- This site is optimized with the Yoast SEO Premium plugin v27.0 (Yoast SEO v27.0) - https:\/\/yoast.com\/product\/yoast-seo-premium-wordpress\/ -->\n<title>Davines VOLU \/ mist \u2013 mitrino\u0161s losjons, matu apjoma pastiprin\u0101t\u0101js - cosmetic.lv<\/title>\n<meta name=\"robots\" content=\"index, follow, max-snippet:-1, max-image-preview:large, max-video-preview:-1\" \/>\n<link rel=\"canonical\" href=\"https:\/\/cosmetic.lv\/lv\/product\/davines-volu-mist-mitrinoss-losjons-matu-apjoma-pastiprinatajs\/\" \/>\n<meta property=\"og:locale\" content=\"lv_LV\" \/>\n<meta property=\"og:type\" content=\"article\" \/>\n<meta property=\"og:title\" content=\"Davines VOLU \/ mist \u2013 mitrino\u0161s losjons, matu apjoma pastiprin\u0101t\u0101js\" \/>\n<meta property=\"og:description\" content=\"Untitled document Speci\u0101ls aerosols intens\u012bvi mitrina matus un piedod papildus apjomu, saglab\u0101jot vieglumu. Mati k\u013c\u016bst m\u012bkst\u0101ki un sp\u012bd.Sast\u0101vda\u013cas: lucernas ekstrakts,\" \/>\n<meta property=\"og:url\" content=\"https:\/\/cosmetic.lv\/lv\/product\/davines-volu-mist-mitrinoss-losjons-matu-apjoma-pastiprinatajs\/\" \/>\n<meta property=\"og:site_name\" content=\"cosmetic.lv\" \/>\n<meta property=\"article:publisher\" content=\"https:\/\/www.facebook.com\/cosmetic.lv\/\" \/>\n<meta property=\"article:modified_time\" content=\"2021-02-06T17:50:05+00:00\" \/>\n<meta property=\"og:image\" content=\"https:\/\/cosmetic.lv\/wp-content\/uploads\/2021\/02\/32-75-large-4.jpg\" \/>\n\t<meta property=\"og:image:width\" content=\"300\" \/>\n\t<meta property=\"og:image:height\" content=\"300\" \/>\n\t<meta property=\"og:image:type\" content=\"image\/jpeg\" \/>\n<meta name=\"twitter:card\" content=\"summary_large_image\" \/>\n<script type=\"application\/ld+json\" class=\"yoast-schema-graph\">{\"@context\":\"https:\/\/schema.org\",\"@graph\":[{\"@type\":\"WebPage\",\"@id\":\"https:\/\/cosmetic.lv\/lv\/product\/davines-volu-mist-mitrinoss-losjons-matu-apjoma-pastiprinatajs\/\",\"url\":\"https:\/\/cosmetic.lv\/lv\/product\/davines-volu-mist-mitrinoss-losjons-matu-apjoma-pastiprinatajs\/\",\"name\":\"Davines VOLU \/ mist \u2013 mitrino\u0161s losjons, matu apjoma pastiprin\u0101t\u0101js - cosmetic.lv\",\"isPartOf\":{\"@id\":\"https:\/\/cosmetic.lv\/lv\/#website\"},\"primaryImageOfPage\":{\"@id\":\"https:\/\/cosmetic.lv\/lv\/product\/davines-volu-mist-mitrinoss-losjons-matu-apjoma-pastiprinatajs\/#primaryimage\"},\"image\":{\"@id\":\"https:\/\/cosmetic.lv\/lv\/product\/davines-volu-mist-mitrinoss-losjons-matu-apjoma-pastiprinatajs\/#primaryimage\"},\"thumbnailUrl\":\"https:\/\/cosmetic.lv\/wp-content\/uploads\/2021\/02\/32-75-large-4.jpg\",\"datePublished\":\"2021-02-06T17:50:04+00:00\",\"dateModified\":\"2021-02-06T17:50:05+00:00\",\"breadcrumb\":{\"@id\":\"https:\/\/cosmetic.lv\/lv\/product\/davines-volu-mist-mitrinoss-losjons-matu-apjoma-pastiprinatajs\/#breadcrumb\"},\"inLanguage\":\"lv-LV\",\"potentialAction\":[{\"@type\":\"ReadAction\",\"target\":[\"https:\/\/cosmetic.lv\/lv\/product\/davines-volu-mist-mitrinoss-losjons-matu-apjoma-pastiprinatajs\/\"]}]},{\"@type\":\"ImageObject\",\"inLanguage\":\"lv-LV\",\"@id\":\"https:\/\/cosmetic.lv\/lv\/product\/davines-volu-mist-mitrinoss-losjons-matu-apjoma-pastiprinatajs\/#primaryimage\",\"url\":\"https:\/\/cosmetic.lv\/wp-content\/uploads\/2021\/02\/32-75-large-4.jpg\",\"contentUrl\":\"https:\/\/cosmetic.lv\/wp-content\/uploads\/2021\/02\/32-75-large-4.jpg\",\"width\":300,\"height\":300,\"caption\":\"32-75-large.jpg\"},{\"@type\":\"BreadcrumbList\",\"@id\":\"https:\/\/cosmetic.lv\/lv\/product\/davines-volu-mist-mitrinoss-losjons-matu-apjoma-pastiprinatajs\/#breadcrumb\",\"itemListElement\":[{\"@type\":\"ListItem\",\"position\":1,\"name\":\"Home\",\"item\":\"https:\/\/cosmetic.lv\/lv\/\"},{\"@type\":\"ListItem\",\"position\":2,\"name\":\"Veikals\",\"item\":\"https:\/\/cosmetic.lv\/lv\/veiklas\/\"},{\"@type\":\"ListItem\",\"position\":3,\"name\":\"Davines VOLU \/ mist \u2013 mitrino\u0161s losjons, matu apjoma pastiprin\u0101t\u0101js\"}]},{\"@type\":\"WebSite\",\"@id\":\"https:\/\/cosmetic.lv\/lv\/#website\",\"url\":\"https:\/\/cosmetic.lv\/lv\/\",\"name\":\"cosmetic.lv\",\"description\":\"Profesion\u0101la kosm\u0113tika - Maria Galland, Keune, Arkadija, GMT, Guam, Magiray\",\"publisher\":{\"@id\":\"https:\/\/cosmetic.lv\/lv\/#organization\"},\"potentialAction\":[{\"@type\":\"SearchAction\",\"target\":{\"@type\":\"EntryPoint\",\"urlTemplate\":\"https:\/\/cosmetic.lv\/lv\/?s={search_term_string}\"},\"query-input\":{\"@type\":\"PropertyValueSpecification\",\"valueRequired\":true,\"valueName\":\"search_term_string\"}}],\"inLanguage\":\"lv-LV\"},{\"@type\":\"Organization\",\"@id\":\"https:\/\/cosmetic.lv\/lv\/#organization\",\"name\":\"COSMETIC.LV\",\"url\":\"https:\/\/cosmetic.lv\/lv\/\",\"logo\":{\"@type\":\"ImageObject\",\"inLanguage\":\"lv-LV\",\"@id\":\"https:\/\/cosmetic.lv\/lv\/#\/schema\/logo\/image\/\",\"url\":\"https:\/\/cosmetic.lv\/wp-content\/uploads\/2021\/02\/cosmetic.lv_logo.jpg\",\"contentUrl\":\"https:\/\/cosmetic.lv\/wp-content\/uploads\/2021\/02\/cosmetic.lv_logo.jpg\",\"width\":596,\"height\":196,\"caption\":\"COSMETIC.LV\"},\"image\":{\"@id\":\"https:\/\/cosmetic.lv\/lv\/#\/schema\/logo\/image\/\"},\"sameAs\":[\"https:\/\/www.facebook.com\/cosmetic.lv\/\"]}]}<\/script>\n<meta property=\"product:price:amount\" content=\"22.18\" \/>\n<meta property=\"product:price:currency\" content=\"EUR\" \/>\n<meta property=\"og:availability\" content=\"out of stock\" \/>\n<meta property=\"product:availability\" content=\"out of stock\" \/>\n<meta property=\"product:retailer_item_id\" content=\"b6\" \/>\n<meta property=\"product:condition\" content=\"new\" \/>\n<!-- \/ Yoast SEO Premium plugin. -->","yoast_head_json":{"title":"Davines VOLU \/ mist \u2013 mitrino\u0161s losjons, matu apjoma pastiprin\u0101t\u0101js - cosmetic.lv","robots":{"index":"index","follow":"follow","max-snippet":"max-snippet:-1","max-image-preview":"max-image-preview:large","max-video-preview":"max-video-preview:-1"},"canonical":"https:\/\/cosmetic.lv\/lv\/product\/davines-volu-mist-mitrinoss-losjons-matu-apjoma-pastiprinatajs\/","og_locale":"lv_LV","og_type":"article","og_title":"Davines VOLU \/ mist \u2013 mitrino\u0161s losjons, matu apjoma pastiprin\u0101t\u0101js","og_description":"Untitled document Speci\u0101ls aerosols intens\u012bvi mitrina matus un piedod papildus apjomu, saglab\u0101jot vieglumu. Mati k\u013c\u016bst m\u012bkst\u0101ki un sp\u012bd.Sast\u0101vda\u013cas: lucernas ekstrakts,","og_url":"https:\/\/cosmetic.lv\/lv\/product\/davines-volu-mist-mitrinoss-losjons-matu-apjoma-pastiprinatajs\/","og_site_name":"cosmetic.lv","article_publisher":"https:\/\/www.facebook.com\/cosmetic.lv\/","article_modified_time":"2021-02-06T17:50:05+00:00","og_image":[{"width":300,"height":300,"url":"https:\/\/cosmetic.lv\/wp-content\/uploads\/2021\/02\/32-75-large-4.jpg","type":"image\/jpeg"}],"twitter_card":"summary_large_image","schema":{"@context":"https:\/\/schema.org","@graph":[{"@type":"WebPage","@id":"https:\/\/cosmetic.lv\/lv\/product\/davines-volu-mist-mitrinoss-losjons-matu-apjoma-pastiprinatajs\/","url":"https:\/\/cosmetic.lv\/lv\/product\/davines-volu-mist-mitrinoss-losjons-matu-apjoma-pastiprinatajs\/","name":"Davines VOLU \/ mist \u2013 mitrino\u0161s losjons, matu apjoma pastiprin\u0101t\u0101js - cosmetic.lv","isPartOf":{"@id":"https:\/\/cosmetic.lv\/lv\/#website"},"primaryImageOfPage":{"@id":"https:\/\/cosmetic.lv\/lv\/product\/davines-volu-mist-mitrinoss-losjons-matu-apjoma-pastiprinatajs\/#primaryimage"},"image":{"@id":"https:\/\/cosmetic.lv\/lv\/product\/davines-volu-mist-mitrinoss-losjons-matu-apjoma-pastiprinatajs\/#primaryimage"},"thumbnailUrl":"https:\/\/cosmetic.lv\/wp-content\/uploads\/2021\/02\/32-75-large-4.jpg","datePublished":"2021-02-06T17:50:04+00:00","dateModified":"2021-02-06T17:50:05+00:00","breadcrumb":{"@id":"https:\/\/cosmetic.lv\/lv\/product\/davines-volu-mist-mitrinoss-losjons-matu-apjoma-pastiprinatajs\/#breadcrumb"},"inLanguage":"lv-LV","potentialAction":[{"@type":"ReadAction","target":["https:\/\/cosmetic.lv\/lv\/product\/davines-volu-mist-mitrinoss-losjons-matu-apjoma-pastiprinatajs\/"]}]},{"@type":"ImageObject","inLanguage":"lv-LV","@id":"https:\/\/cosmetic.lv\/lv\/product\/davines-volu-mist-mitrinoss-losjons-matu-apjoma-pastiprinatajs\/#primaryimage","url":"https:\/\/cosmetic.lv\/wp-content\/uploads\/2021\/02\/32-75-large-4.jpg","contentUrl":"https:\/\/cosmetic.lv\/wp-content\/uploads\/2021\/02\/32-75-large-4.jpg","width":300,"height":300,"caption":"32-75-large.jpg"},{"@type":"BreadcrumbList","@id":"https:\/\/cosmetic.lv\/lv\/product\/davines-volu-mist-mitrinoss-losjons-matu-apjoma-pastiprinatajs\/#breadcrumb","itemListElement":[{"@type":"ListItem","position":1,"name":"Home","item":"https:\/\/cosmetic.lv\/lv\/"},{"@type":"ListItem","position":2,"name":"Veikals","item":"https:\/\/cosmetic.lv\/lv\/veiklas\/"},{"@type":"ListItem","position":3,"name":"Davines VOLU \/ mist \u2013 mitrino\u0161s losjons, matu apjoma pastiprin\u0101t\u0101js"}]},{"@type":"WebSite","@id":"https:\/\/cosmetic.lv\/lv\/#website","url":"https:\/\/cosmetic.lv\/lv\/","name":"cosmetic.lv","description":"Profesion\u0101la kosm\u0113tika - Maria Galland, Keune, Arkadija, GMT, Guam, Magiray","publisher":{"@id":"https:\/\/cosmetic.lv\/lv\/#organization"},"potentialAction":[{"@type":"SearchAction","target":{"@type":"EntryPoint","urlTemplate":"https:\/\/cosmetic.lv\/lv\/?s={search_term_string}"},"query-input":{"@type":"PropertyValueSpecification","valueRequired":true,"valueName":"search_term_string"}}],"inLanguage":"lv-LV"},{"@type":"Organization","@id":"https:\/\/cosmetic.lv\/lv\/#organization","name":"COSMETIC.LV","url":"https:\/\/cosmetic.lv\/lv\/","logo":{"@type":"ImageObject","inLanguage":"lv-LV","@id":"https:\/\/cosmetic.lv\/lv\/#\/schema\/logo\/image\/","url":"https:\/\/cosmetic.lv\/wp-content\/uploads\/2021\/02\/cosmetic.lv_logo.jpg","contentUrl":"https:\/\/cosmetic.lv\/wp-content\/uploads\/2021\/02\/cosmetic.lv_logo.jpg","width":596,"height":196,"caption":"COSMETIC.LV"},"image":{"@id":"https:\/\/cosmetic.lv\/lv\/#\/schema\/logo\/image\/"},"sameAs":["https:\/\/www.facebook.com\/cosmetic.lv\/"]}]},"product_price_amount":"22.18","product_price_currency":"EUR","og_availability":"out of stock","product_availability":"out of stock","product_retailer_item_id":"b6","product_condition":"new"},"_links":{"self":[{"href":"https:\/\/cosmetic.lv\/lv\/wp-json\/wp\/v2\/product\/34215","targetHints":{"allow":["GET"]}}],"collection":[{"href":"https:\/\/cosmetic.lv\/lv\/wp-json\/wp\/v2\/product"}],"about":[{"href":"https:\/\/cosmetic.lv\/lv\/wp-json\/wp\/v2\/types\/product"}],"wp:featuredmedia":[{"embeddable":true,"href":"https:\/\/cosmetic.lv\/lv\/wp-json\/wp\/v2\/media\/16058"}],"wp:attachment":[{"href":"https:\/\/cosmetic.lv\/lv\/wp-json\/wp\/v2\/media?parent=34215"}],"wp:term":[{"taxonomy":"product_brand","embeddable":true,"href":"https:\/\/cosmetic.lv\/lv\/wp-json\/wp\/v2\/product_brand?post=34215"},{"taxonomy":"product_cat","embeddable":true,"href":"https:\/\/cosmetic.lv\/lv\/wp-json\/wp\/v2\/product_cat?post=34215"},{"taxonomy":"product_tag","embeddable":true,"href":"https:\/\/cosmetic.lv\/lv\/wp-json\/wp\/v2\/product_tag?post=34215"}],"curies":[{"name":"wp","href":"https:\/\/api.w.org\/{rel}","templated":true}]}}