{"id":34219,"date":"2021-02-05T22:39:53","date_gmt":"2021-02-06T17:50:04","guid":{"rendered":"https:\/\/damme.lv\/product\/davines-for-wizard-%e2%84%9610-universal-polishing-coat-maksimals-spidums-ar-maigu-fiksaciju\/"},"modified":"2021-02-06T19:50:08","modified_gmt":"2021-02-06T17:50:08","slug":"davines-for-wizard-%e2%84%9610-universal-polishing-coat-maksimals-spidums-ar-maigu-fiksaciju","status":"publish","type":"product","link":"https:\/\/cosmetic.lv\/lv\/product\/davines-for-wizard-%e2%84%9610-universal-polishing-coat-maksimals-spidums-ar-maigu-fiksaciju\/","title":{"rendered":"Davines For Wizard \u211610 Universal Polishing Coat Maksim\u0101ls sp\u012bdums ar maigu fiks\u0101ciju"},"content":{"rendered":"<p><P>Formula satur efekt\u012bgu p\u0113d\u0113j\u0101s paaudzes silikonu un speci\u0101lo e\u013c\u013cu kombin\u0101ciju, kas nodro\u0161ina \u0101rk\u0101rt\u012bgu sp\u012bdumu un m\u012bkstumu, bez smaguma efekta.&nbsp; <\/P><br \/>\n<P>Lieto\u0161ana: uzkl\u0101t uz mitriem vai sausiem matiem veido\u0161anai un sp\u012bdumam, iesp\u0113jams uzkl\u0101t ar\u012b pirms matu gludek\u013ca pielieto\u0161anas. <BR><\/P><br \/>\n<P>100 ml.<\/P><\/p>\n","protected":false},"excerpt":{"rendered":"<p>Formula satur efekt\u012bgu p\u0113d\u0113j\u0101s paaudzes silikonu un speci\u0101lo e\u013c\u013cu kombin\u0101ciju, kas nodro\u0161ina \u0101rk\u0101rt\u012bgu sp\u012bdumu un m\u012bkstumu, bez smaguma efekta.&nbsp; Lieto\u0161ana:<\/p>\n","protected":false},"featured_media":16068,"template":"","meta":[],"product_brand":[],"product_cat":[2258,2260,2264],"product_tag":[],"class_list":{"0":"post-34219","1":"product","2":"type-product","3":"status-publish","4":"has-post-thumbnail","6":"product_cat-profesionala-kosmetika-matiem-lv","7":"product_cat-davines-italija-lv","8":"product_cat-fiksacija-un-matu-aizsardziba-lv","10":"first","11":"outofstock","12":"taxable","13":"shipping-taxable","14":"purchasable","15":"product-type-simple"},"yoast_head":"<!-- This site is optimized with the Yoast SEO Premium plugin v27.0 (Yoast SEO v27.0) - https:\/\/yoast.com\/product\/yoast-seo-premium-wordpress\/ -->\n<title>Davines For Wizard \u211610 Universal Polishing Coat Maksim\u0101ls sp\u012bdums ar maigu fiks\u0101ciju - cosmetic.lv<\/title>\n<meta name=\"robots\" content=\"index, follow, max-snippet:-1, max-image-preview:large, max-video-preview:-1\" \/>\n<link rel=\"canonical\" href=\"https:\/\/cosmetic.lv\/lv\/product\/davines-for-wizard-%e2%84%9610-universal-polishing-coat-maksimals-spidums-ar-maigu-fiksaciju\/\" \/>\n<meta property=\"og:locale\" content=\"lv_LV\" \/>\n<meta property=\"og:type\" content=\"article\" \/>\n<meta property=\"og:title\" content=\"Davines For Wizard \u211610 Universal Polishing Coat Maksim\u0101ls sp\u012bdums ar maigu fiks\u0101ciju\" \/>\n<meta property=\"og:description\" content=\"Formula satur efekt\u012bgu p\u0113d\u0113j\u0101s paaudzes silikonu un speci\u0101lo e\u013c\u013cu kombin\u0101ciju, kas nodro\u0161ina \u0101rk\u0101rt\u012bgu sp\u012bdumu un m\u012bkstumu, bez smaguma efekta.&nbsp; Lieto\u0161ana:\" \/>\n<meta property=\"og:url\" content=\"https:\/\/cosmetic.lv\/lv\/product\/davines-for-wizard-%e2%84%9610-universal-polishing-coat-maksimals-spidums-ar-maigu-fiksaciju\/\" \/>\n<meta property=\"og:site_name\" content=\"cosmetic.lv\" \/>\n<meta property=\"article:publisher\" content=\"https:\/\/www.facebook.com\/cosmetic.lv\/\" \/>\n<meta property=\"article:modified_time\" content=\"2021-02-06T17:50:08+00:00\" \/>\n<meta property=\"og:image\" content=\"https:\/\/cosmetic.lv\/wp-content\/uploads\/2021\/02\/davines_for_wizard_no10_universal_polishing_coat_100ml-4.jpg\" \/>\n\t<meta property=\"og:image:width\" content=\"240\" \/>\n\t<meta property=\"og:image:height\" content=\"240\" \/>\n\t<meta property=\"og:image:type\" content=\"image\/jpeg\" \/>\n<meta name=\"twitter:card\" content=\"summary_large_image\" \/>\n<script type=\"application\/ld+json\" class=\"yoast-schema-graph\">{\"@context\":\"https:\/\/schema.org\",\"@graph\":[{\"@type\":\"WebPage\",\"@id\":\"https:\/\/cosmetic.lv\/lv\/product\/davines-for-wizard-%e2%84%9610-universal-polishing-coat-maksimals-spidums-ar-maigu-fiksaciju\/\",\"url\":\"https:\/\/cosmetic.lv\/lv\/product\/davines-for-wizard-%e2%84%9610-universal-polishing-coat-maksimals-spidums-ar-maigu-fiksaciju\/\",\"name\":\"Davines For Wizard \u211610 Universal Polishing Coat Maksim\u0101ls sp\u012bdums ar maigu fiks\u0101ciju - cosmetic.lv\",\"isPartOf\":{\"@id\":\"https:\/\/cosmetic.lv\/lv\/#website\"},\"primaryImageOfPage\":{\"@id\":\"https:\/\/cosmetic.lv\/lv\/product\/davines-for-wizard-%e2%84%9610-universal-polishing-coat-maksimals-spidums-ar-maigu-fiksaciju\/#primaryimage\"},\"image\":{\"@id\":\"https:\/\/cosmetic.lv\/lv\/product\/davines-for-wizard-%e2%84%9610-universal-polishing-coat-maksimals-spidums-ar-maigu-fiksaciju\/#primaryimage\"},\"thumbnailUrl\":\"https:\/\/cosmetic.lv\/wp-content\/uploads\/2021\/02\/davines_for_wizard_no10_universal_polishing_coat_100ml-4.jpg\",\"datePublished\":\"2021-02-06T17:50:04+00:00\",\"dateModified\":\"2021-02-06T17:50:08+00:00\",\"breadcrumb\":{\"@id\":\"https:\/\/cosmetic.lv\/lv\/product\/davines-for-wizard-%e2%84%9610-universal-polishing-coat-maksimals-spidums-ar-maigu-fiksaciju\/#breadcrumb\"},\"inLanguage\":\"lv-LV\",\"potentialAction\":[{\"@type\":\"ReadAction\",\"target\":[\"https:\/\/cosmetic.lv\/lv\/product\/davines-for-wizard-%e2%84%9610-universal-polishing-coat-maksimals-spidums-ar-maigu-fiksaciju\/\"]}]},{\"@type\":\"ImageObject\",\"inLanguage\":\"lv-LV\",\"@id\":\"https:\/\/cosmetic.lv\/lv\/product\/davines-for-wizard-%e2%84%9610-universal-polishing-coat-maksimals-spidums-ar-maigu-fiksaciju\/#primaryimage\",\"url\":\"https:\/\/cosmetic.lv\/wp-content\/uploads\/2021\/02\/davines_for_wizard_no10_universal_polishing_coat_100ml-4.jpg\",\"contentUrl\":\"https:\/\/cosmetic.lv\/wp-content\/uploads\/2021\/02\/davines_for_wizard_no10_universal_polishing_coat_100ml-4.jpg\",\"width\":240,\"height\":240,\"caption\":\"davines_for_wizard_no10_universal_polishing_coat_100ml.jpg\"},{\"@type\":\"BreadcrumbList\",\"@id\":\"https:\/\/cosmetic.lv\/lv\/product\/davines-for-wizard-%e2%84%9610-universal-polishing-coat-maksimals-spidums-ar-maigu-fiksaciju\/#breadcrumb\",\"itemListElement\":[{\"@type\":\"ListItem\",\"position\":1,\"name\":\"Home\",\"item\":\"https:\/\/cosmetic.lv\/lv\/\"},{\"@type\":\"ListItem\",\"position\":2,\"name\":\"Veikals\",\"item\":\"https:\/\/cosmetic.lv\/lv\/veiklas\/\"},{\"@type\":\"ListItem\",\"position\":3,\"name\":\"Davines For Wizard \u211610 Universal Polishing Coat Maksim\u0101ls sp\u012bdums ar maigu fiks\u0101ciju\"}]},{\"@type\":\"WebSite\",\"@id\":\"https:\/\/cosmetic.lv\/lv\/#website\",\"url\":\"https:\/\/cosmetic.lv\/lv\/\",\"name\":\"cosmetic.lv\",\"description\":\"Profesion\u0101la kosm\u0113tika - Maria Galland, Keune, Arkadija, GMT, Guam, Magiray\",\"publisher\":{\"@id\":\"https:\/\/cosmetic.lv\/lv\/#organization\"},\"potentialAction\":[{\"@type\":\"SearchAction\",\"target\":{\"@type\":\"EntryPoint\",\"urlTemplate\":\"https:\/\/cosmetic.lv\/lv\/?s={search_term_string}\"},\"query-input\":{\"@type\":\"PropertyValueSpecification\",\"valueRequired\":true,\"valueName\":\"search_term_string\"}}],\"inLanguage\":\"lv-LV\"},{\"@type\":\"Organization\",\"@id\":\"https:\/\/cosmetic.lv\/lv\/#organization\",\"name\":\"COSMETIC.LV\",\"url\":\"https:\/\/cosmetic.lv\/lv\/\",\"logo\":{\"@type\":\"ImageObject\",\"inLanguage\":\"lv-LV\",\"@id\":\"https:\/\/cosmetic.lv\/lv\/#\/schema\/logo\/image\/\",\"url\":\"https:\/\/cosmetic.lv\/wp-content\/uploads\/2021\/02\/cosmetic.lv_logo.jpg\",\"contentUrl\":\"https:\/\/cosmetic.lv\/wp-content\/uploads\/2021\/02\/cosmetic.lv_logo.jpg\",\"width\":596,\"height\":196,\"caption\":\"COSMETIC.LV\"},\"image\":{\"@id\":\"https:\/\/cosmetic.lv\/lv\/#\/schema\/logo\/image\/\"},\"sameAs\":[\"https:\/\/www.facebook.com\/cosmetic.lv\/\"]}]}<\/script>\n<meta property=\"product:price:amount\" content=\"26.38\" \/>\n<meta property=\"product:price:currency\" content=\"EUR\" \/>\n<meta property=\"og:availability\" content=\"out of stock\" \/>\n<meta property=\"product:availability\" content=\"out of stock\" \/>\n<meta property=\"product:retailer_item_id\" content=\"F21\" \/>\n<meta property=\"product:condition\" content=\"new\" \/>\n<!-- \/ Yoast SEO Premium plugin. -->","yoast_head_json":{"title":"Davines For Wizard \u211610 Universal Polishing Coat Maksim\u0101ls sp\u012bdums ar maigu fiks\u0101ciju - cosmetic.lv","robots":{"index":"index","follow":"follow","max-snippet":"max-snippet:-1","max-image-preview":"max-image-preview:large","max-video-preview":"max-video-preview:-1"},"canonical":"https:\/\/cosmetic.lv\/lv\/product\/davines-for-wizard-%e2%84%9610-universal-polishing-coat-maksimals-spidums-ar-maigu-fiksaciju\/","og_locale":"lv_LV","og_type":"article","og_title":"Davines For Wizard \u211610 Universal Polishing Coat Maksim\u0101ls sp\u012bdums ar maigu fiks\u0101ciju","og_description":"Formula satur efekt\u012bgu p\u0113d\u0113j\u0101s paaudzes silikonu un speci\u0101lo e\u013c\u013cu kombin\u0101ciju, kas nodro\u0161ina \u0101rk\u0101rt\u012bgu sp\u012bdumu un m\u012bkstumu, bez smaguma efekta.&nbsp; Lieto\u0161ana:","og_url":"https:\/\/cosmetic.lv\/lv\/product\/davines-for-wizard-%e2%84%9610-universal-polishing-coat-maksimals-spidums-ar-maigu-fiksaciju\/","og_site_name":"cosmetic.lv","article_publisher":"https:\/\/www.facebook.com\/cosmetic.lv\/","article_modified_time":"2021-02-06T17:50:08+00:00","og_image":[{"width":240,"height":240,"url":"https:\/\/cosmetic.lv\/wp-content\/uploads\/2021\/02\/davines_for_wizard_no10_universal_polishing_coat_100ml-4.jpg","type":"image\/jpeg"}],"twitter_card":"summary_large_image","schema":{"@context":"https:\/\/schema.org","@graph":[{"@type":"WebPage","@id":"https:\/\/cosmetic.lv\/lv\/product\/davines-for-wizard-%e2%84%9610-universal-polishing-coat-maksimals-spidums-ar-maigu-fiksaciju\/","url":"https:\/\/cosmetic.lv\/lv\/product\/davines-for-wizard-%e2%84%9610-universal-polishing-coat-maksimals-spidums-ar-maigu-fiksaciju\/","name":"Davines For Wizard \u211610 Universal Polishing Coat Maksim\u0101ls sp\u012bdums ar maigu fiks\u0101ciju - cosmetic.lv","isPartOf":{"@id":"https:\/\/cosmetic.lv\/lv\/#website"},"primaryImageOfPage":{"@id":"https:\/\/cosmetic.lv\/lv\/product\/davines-for-wizard-%e2%84%9610-universal-polishing-coat-maksimals-spidums-ar-maigu-fiksaciju\/#primaryimage"},"image":{"@id":"https:\/\/cosmetic.lv\/lv\/product\/davines-for-wizard-%e2%84%9610-universal-polishing-coat-maksimals-spidums-ar-maigu-fiksaciju\/#primaryimage"},"thumbnailUrl":"https:\/\/cosmetic.lv\/wp-content\/uploads\/2021\/02\/davines_for_wizard_no10_universal_polishing_coat_100ml-4.jpg","datePublished":"2021-02-06T17:50:04+00:00","dateModified":"2021-02-06T17:50:08+00:00","breadcrumb":{"@id":"https:\/\/cosmetic.lv\/lv\/product\/davines-for-wizard-%e2%84%9610-universal-polishing-coat-maksimals-spidums-ar-maigu-fiksaciju\/#breadcrumb"},"inLanguage":"lv-LV","potentialAction":[{"@type":"ReadAction","target":["https:\/\/cosmetic.lv\/lv\/product\/davines-for-wizard-%e2%84%9610-universal-polishing-coat-maksimals-spidums-ar-maigu-fiksaciju\/"]}]},{"@type":"ImageObject","inLanguage":"lv-LV","@id":"https:\/\/cosmetic.lv\/lv\/product\/davines-for-wizard-%e2%84%9610-universal-polishing-coat-maksimals-spidums-ar-maigu-fiksaciju\/#primaryimage","url":"https:\/\/cosmetic.lv\/wp-content\/uploads\/2021\/02\/davines_for_wizard_no10_universal_polishing_coat_100ml-4.jpg","contentUrl":"https:\/\/cosmetic.lv\/wp-content\/uploads\/2021\/02\/davines_for_wizard_no10_universal_polishing_coat_100ml-4.jpg","width":240,"height":240,"caption":"davines_for_wizard_no10_universal_polishing_coat_100ml.jpg"},{"@type":"BreadcrumbList","@id":"https:\/\/cosmetic.lv\/lv\/product\/davines-for-wizard-%e2%84%9610-universal-polishing-coat-maksimals-spidums-ar-maigu-fiksaciju\/#breadcrumb","itemListElement":[{"@type":"ListItem","position":1,"name":"Home","item":"https:\/\/cosmetic.lv\/lv\/"},{"@type":"ListItem","position":2,"name":"Veikals","item":"https:\/\/cosmetic.lv\/lv\/veiklas\/"},{"@type":"ListItem","position":3,"name":"Davines For Wizard \u211610 Universal Polishing Coat Maksim\u0101ls sp\u012bdums ar maigu fiks\u0101ciju"}]},{"@type":"WebSite","@id":"https:\/\/cosmetic.lv\/lv\/#website","url":"https:\/\/cosmetic.lv\/lv\/","name":"cosmetic.lv","description":"Profesion\u0101la kosm\u0113tika - Maria Galland, Keune, Arkadija, GMT, Guam, Magiray","publisher":{"@id":"https:\/\/cosmetic.lv\/lv\/#organization"},"potentialAction":[{"@type":"SearchAction","target":{"@type":"EntryPoint","urlTemplate":"https:\/\/cosmetic.lv\/lv\/?s={search_term_string}"},"query-input":{"@type":"PropertyValueSpecification","valueRequired":true,"valueName":"search_term_string"}}],"inLanguage":"lv-LV"},{"@type":"Organization","@id":"https:\/\/cosmetic.lv\/lv\/#organization","name":"COSMETIC.LV","url":"https:\/\/cosmetic.lv\/lv\/","logo":{"@type":"ImageObject","inLanguage":"lv-LV","@id":"https:\/\/cosmetic.lv\/lv\/#\/schema\/logo\/image\/","url":"https:\/\/cosmetic.lv\/wp-content\/uploads\/2021\/02\/cosmetic.lv_logo.jpg","contentUrl":"https:\/\/cosmetic.lv\/wp-content\/uploads\/2021\/02\/cosmetic.lv_logo.jpg","width":596,"height":196,"caption":"COSMETIC.LV"},"image":{"@id":"https:\/\/cosmetic.lv\/lv\/#\/schema\/logo\/image\/"},"sameAs":["https:\/\/www.facebook.com\/cosmetic.lv\/"]}]},"product_price_amount":"26.38","product_price_currency":"EUR","og_availability":"out of stock","product_availability":"out of stock","product_retailer_item_id":"F21","product_condition":"new"},"_links":{"self":[{"href":"https:\/\/cosmetic.lv\/lv\/wp-json\/wp\/v2\/product\/34219","targetHints":{"allow":["GET"]}}],"collection":[{"href":"https:\/\/cosmetic.lv\/lv\/wp-json\/wp\/v2\/product"}],"about":[{"href":"https:\/\/cosmetic.lv\/lv\/wp-json\/wp\/v2\/types\/product"}],"wp:featuredmedia":[{"embeddable":true,"href":"https:\/\/cosmetic.lv\/lv\/wp-json\/wp\/v2\/media\/16068"}],"wp:attachment":[{"href":"https:\/\/cosmetic.lv\/lv\/wp-json\/wp\/v2\/media?parent=34219"}],"wp:term":[{"taxonomy":"product_brand","embeddable":true,"href":"https:\/\/cosmetic.lv\/lv\/wp-json\/wp\/v2\/product_brand?post=34219"},{"taxonomy":"product_cat","embeddable":true,"href":"https:\/\/cosmetic.lv\/lv\/wp-json\/wp\/v2\/product_cat?post=34219"},{"taxonomy":"product_tag","embeddable":true,"href":"https:\/\/cosmetic.lv\/lv\/wp-json\/wp\/v2\/product_tag?post=34219"}],"curies":[{"name":"wp","href":"https:\/\/api.w.org\/{rel}","templated":true}]}}