{"id":34224,"date":"2021-02-05T22:40:05","date_gmt":"2021-02-06T17:50:12","guid":{"rendered":"https:\/\/damme.lv\/product\/davines-su-protective-moisturizing-sun-cream-davines-su-pec-saulosanas-aizsardzibas-krems\/"},"modified":"2021-02-06T19:50:12","modified_gmt":"2021-02-06T17:50:12","slug":"davines-su-protective-moisturizing-sun-cream-davines-su-pec-saulosanas-aizsardzibas-krems","status":"publish","type":"product","link":"https:\/\/cosmetic.lv\/lv\/product\/davines-su-protective-moisturizing-sun-cream-davines-su-pec-saulosanas-aizsardzibas-krems\/","title":{"rendered":"Davines SU Protective Moisturizing Sun Cream Davines SU- P\u0113c sau\u013co\u0161an\u0101s aizsardz\u012bbas kr\u0113ms"},"content":{"rendered":"<p><P>P\u0113c sau\u013co\u0161an\u0101s aizsardz\u012bbas kr\u0113ms <\/P><br \/>\n<P>Davines SU Protective Moisturizing Sun Cream <\/P><br \/>\n<P>125 ml<\/P><\/p>\n","protected":false},"excerpt":{"rendered":"<p>P\u0113c sau\u013co\u0161an\u0101s aizsardz\u012bbas kr\u0113ms Davines SU Protective Moisturizing Sun Cream 125 ml<\/p>\n","protected":false},"featured_media":16083,"template":"","meta":[],"product_brand":[],"product_cat":[2258,2260,2264],"product_tag":[],"class_list":{"0":"post-34224","1":"product","2":"type-product","3":"status-publish","4":"has-post-thumbnail","6":"product_cat-profesionala-kosmetika-matiem-lv","7":"product_cat-davines-italija-lv","8":"product_cat-fiksacija-un-matu-aizsardziba-lv","10":"first","11":"outofstock","12":"taxable","13":"shipping-taxable","14":"purchasable","15":"product-type-simple"},"yoast_head":"<!-- This site is optimized with the Yoast SEO Premium plugin v27.0 (Yoast SEO v27.0) - https:\/\/yoast.com\/product\/yoast-seo-premium-wordpress\/ -->\n<title>Davines SU Protective Moisturizing Sun Cream Davines SU- P\u0113c sau\u013co\u0161an\u0101s aizsardz\u012bbas kr\u0113ms - cosmetic.lv<\/title>\n<meta name=\"robots\" content=\"index, follow, max-snippet:-1, max-image-preview:large, max-video-preview:-1\" \/>\n<link rel=\"canonical\" href=\"https:\/\/cosmetic.lv\/lv\/product\/davines-su-protective-moisturizing-sun-cream-davines-su-pec-saulosanas-aizsardzibas-krems\/\" \/>\n<meta property=\"og:locale\" content=\"lv_LV\" \/>\n<meta property=\"og:type\" content=\"article\" \/>\n<meta property=\"og:title\" content=\"Davines SU Protective Moisturizing Sun Cream Davines SU- P\u0113c sau\u013co\u0161an\u0101s aizsardz\u012bbas kr\u0113ms\" \/>\n<meta property=\"og:description\" content=\"P\u0113c sau\u013co\u0161an\u0101s aizsardz\u012bbas kr\u0113ms Davines SU Protective Moisturizing Sun Cream 125 ml\" \/>\n<meta property=\"og:url\" content=\"https:\/\/cosmetic.lv\/lv\/product\/davines-su-protective-moisturizing-sun-cream-davines-su-pec-saulosanas-aizsardzibas-krems\/\" \/>\n<meta property=\"og:site_name\" content=\"cosmetic.lv\" \/>\n<meta property=\"article:publisher\" content=\"https:\/\/www.facebook.com\/cosmetic.lv\/\" \/>\n<meta property=\"og:image\" content=\"https:\/\/cosmetic.lv\/wp-content\/uploads\/2021\/02\/davines-su-after-sun-protective-cream-4-2-oz-4.jpg\" \/>\n\t<meta property=\"og:image:width\" content=\"400\" \/>\n\t<meta property=\"og:image:height\" content=\"400\" \/>\n\t<meta property=\"og:image:type\" content=\"image\/jpeg\" \/>\n<meta name=\"twitter:card\" content=\"summary_large_image\" \/>\n<script type=\"application\/ld+json\" class=\"yoast-schema-graph\">{\"@context\":\"https:\/\/schema.org\",\"@graph\":[{\"@type\":\"WebPage\",\"@id\":\"https:\/\/cosmetic.lv\/lv\/product\/davines-su-protective-moisturizing-sun-cream-davines-su-pec-saulosanas-aizsardzibas-krems\/\",\"url\":\"https:\/\/cosmetic.lv\/lv\/product\/davines-su-protective-moisturizing-sun-cream-davines-su-pec-saulosanas-aizsardzibas-krems\/\",\"name\":\"Davines SU Protective Moisturizing Sun Cream Davines SU- P\u0113c sau\u013co\u0161an\u0101s aizsardz\u012bbas kr\u0113ms - cosmetic.lv\",\"isPartOf\":{\"@id\":\"https:\/\/cosmetic.lv\/lv\/#website\"},\"primaryImageOfPage\":{\"@id\":\"https:\/\/cosmetic.lv\/lv\/product\/davines-su-protective-moisturizing-sun-cream-davines-su-pec-saulosanas-aizsardzibas-krems\/#primaryimage\"},\"image\":{\"@id\":\"https:\/\/cosmetic.lv\/lv\/product\/davines-su-protective-moisturizing-sun-cream-davines-su-pec-saulosanas-aizsardzibas-krems\/#primaryimage\"},\"thumbnailUrl\":\"https:\/\/cosmetic.lv\/wp-content\/uploads\/2021\/02\/davines-su-after-sun-protective-cream-4-2-oz-4.jpg\",\"datePublished\":\"2021-02-06T17:50:12+00:00\",\"breadcrumb\":{\"@id\":\"https:\/\/cosmetic.lv\/lv\/product\/davines-su-protective-moisturizing-sun-cream-davines-su-pec-saulosanas-aizsardzibas-krems\/#breadcrumb\"},\"inLanguage\":\"lv-LV\",\"potentialAction\":[{\"@type\":\"ReadAction\",\"target\":[\"https:\/\/cosmetic.lv\/lv\/product\/davines-su-protective-moisturizing-sun-cream-davines-su-pec-saulosanas-aizsardzibas-krems\/\"]}]},{\"@type\":\"ImageObject\",\"inLanguage\":\"lv-LV\",\"@id\":\"https:\/\/cosmetic.lv\/lv\/product\/davines-su-protective-moisturizing-sun-cream-davines-su-pec-saulosanas-aizsardzibas-krems\/#primaryimage\",\"url\":\"https:\/\/cosmetic.lv\/wp-content\/uploads\/2021\/02\/davines-su-after-sun-protective-cream-4-2-oz-4.jpg\",\"contentUrl\":\"https:\/\/cosmetic.lv\/wp-content\/uploads\/2021\/02\/davines-su-after-sun-protective-cream-4-2-oz-4.jpg\",\"width\":400,\"height\":400,\"caption\":\"davines-su-after-sun-protective-cream-4-2-oz.jpg\"},{\"@type\":\"BreadcrumbList\",\"@id\":\"https:\/\/cosmetic.lv\/lv\/product\/davines-su-protective-moisturizing-sun-cream-davines-su-pec-saulosanas-aizsardzibas-krems\/#breadcrumb\",\"itemListElement\":[{\"@type\":\"ListItem\",\"position\":1,\"name\":\"Home\",\"item\":\"https:\/\/cosmetic.lv\/lv\/\"},{\"@type\":\"ListItem\",\"position\":2,\"name\":\"Veikals\",\"item\":\"https:\/\/cosmetic.lv\/lv\/veiklas\/\"},{\"@type\":\"ListItem\",\"position\":3,\"name\":\"Davines SU Protective Moisturizing Sun Cream Davines SU- P\u0113c sau\u013co\u0161an\u0101s aizsardz\u012bbas kr\u0113ms\"}]},{\"@type\":\"WebSite\",\"@id\":\"https:\/\/cosmetic.lv\/lv\/#website\",\"url\":\"https:\/\/cosmetic.lv\/lv\/\",\"name\":\"cosmetic.lv\",\"description\":\"Profesion\u0101la kosm\u0113tika - Maria Galland, Keune, Arkadija, GMT, Guam, Magiray\",\"publisher\":{\"@id\":\"https:\/\/cosmetic.lv\/lv\/#organization\"},\"potentialAction\":[{\"@type\":\"SearchAction\",\"target\":{\"@type\":\"EntryPoint\",\"urlTemplate\":\"https:\/\/cosmetic.lv\/lv\/?s={search_term_string}\"},\"query-input\":{\"@type\":\"PropertyValueSpecification\",\"valueRequired\":true,\"valueName\":\"search_term_string\"}}],\"inLanguage\":\"lv-LV\"},{\"@type\":\"Organization\",\"@id\":\"https:\/\/cosmetic.lv\/lv\/#organization\",\"name\":\"COSMETIC.LV\",\"url\":\"https:\/\/cosmetic.lv\/lv\/\",\"logo\":{\"@type\":\"ImageObject\",\"inLanguage\":\"lv-LV\",\"@id\":\"https:\/\/cosmetic.lv\/lv\/#\/schema\/logo\/image\/\",\"url\":\"https:\/\/cosmetic.lv\/wp-content\/uploads\/2021\/02\/cosmetic.lv_logo.jpg\",\"contentUrl\":\"https:\/\/cosmetic.lv\/wp-content\/uploads\/2021\/02\/cosmetic.lv_logo.jpg\",\"width\":596,\"height\":196,\"caption\":\"COSMETIC.LV\"},\"image\":{\"@id\":\"https:\/\/cosmetic.lv\/lv\/#\/schema\/logo\/image\/\"},\"sameAs\":[\"https:\/\/www.facebook.com\/cosmetic.lv\/\"]}]}<\/script>\n<meta property=\"product:price:amount\" content=\"21.12\" \/>\n<meta property=\"product:price:currency\" content=\"EUR\" \/>\n<meta property=\"og:availability\" content=\"out of stock\" \/>\n<meta property=\"product:availability\" content=\"out of stock\" \/>\n<meta property=\"product:retailer_item_id\" content=\"f35\" \/>\n<meta property=\"product:condition\" content=\"new\" \/>\n<!-- \/ Yoast SEO Premium plugin. -->","yoast_head_json":{"title":"Davines SU Protective Moisturizing Sun Cream Davines SU- P\u0113c sau\u013co\u0161an\u0101s aizsardz\u012bbas kr\u0113ms - cosmetic.lv","robots":{"index":"index","follow":"follow","max-snippet":"max-snippet:-1","max-image-preview":"max-image-preview:large","max-video-preview":"max-video-preview:-1"},"canonical":"https:\/\/cosmetic.lv\/lv\/product\/davines-su-protective-moisturizing-sun-cream-davines-su-pec-saulosanas-aizsardzibas-krems\/","og_locale":"lv_LV","og_type":"article","og_title":"Davines SU Protective Moisturizing Sun Cream Davines SU- P\u0113c sau\u013co\u0161an\u0101s aizsardz\u012bbas kr\u0113ms","og_description":"P\u0113c sau\u013co\u0161an\u0101s aizsardz\u012bbas kr\u0113ms Davines SU Protective Moisturizing Sun Cream 125 ml","og_url":"https:\/\/cosmetic.lv\/lv\/product\/davines-su-protective-moisturizing-sun-cream-davines-su-pec-saulosanas-aizsardzibas-krems\/","og_site_name":"cosmetic.lv","article_publisher":"https:\/\/www.facebook.com\/cosmetic.lv\/","og_image":[{"width":400,"height":400,"url":"https:\/\/cosmetic.lv\/wp-content\/uploads\/2021\/02\/davines-su-after-sun-protective-cream-4-2-oz-4.jpg","type":"image\/jpeg"}],"twitter_card":"summary_large_image","schema":{"@context":"https:\/\/schema.org","@graph":[{"@type":"WebPage","@id":"https:\/\/cosmetic.lv\/lv\/product\/davines-su-protective-moisturizing-sun-cream-davines-su-pec-saulosanas-aizsardzibas-krems\/","url":"https:\/\/cosmetic.lv\/lv\/product\/davines-su-protective-moisturizing-sun-cream-davines-su-pec-saulosanas-aizsardzibas-krems\/","name":"Davines SU Protective Moisturizing Sun Cream Davines SU- P\u0113c sau\u013co\u0161an\u0101s aizsardz\u012bbas kr\u0113ms - cosmetic.lv","isPartOf":{"@id":"https:\/\/cosmetic.lv\/lv\/#website"},"primaryImageOfPage":{"@id":"https:\/\/cosmetic.lv\/lv\/product\/davines-su-protective-moisturizing-sun-cream-davines-su-pec-saulosanas-aizsardzibas-krems\/#primaryimage"},"image":{"@id":"https:\/\/cosmetic.lv\/lv\/product\/davines-su-protective-moisturizing-sun-cream-davines-su-pec-saulosanas-aizsardzibas-krems\/#primaryimage"},"thumbnailUrl":"https:\/\/cosmetic.lv\/wp-content\/uploads\/2021\/02\/davines-su-after-sun-protective-cream-4-2-oz-4.jpg","datePublished":"2021-02-06T17:50:12+00:00","breadcrumb":{"@id":"https:\/\/cosmetic.lv\/lv\/product\/davines-su-protective-moisturizing-sun-cream-davines-su-pec-saulosanas-aizsardzibas-krems\/#breadcrumb"},"inLanguage":"lv-LV","potentialAction":[{"@type":"ReadAction","target":["https:\/\/cosmetic.lv\/lv\/product\/davines-su-protective-moisturizing-sun-cream-davines-su-pec-saulosanas-aizsardzibas-krems\/"]}]},{"@type":"ImageObject","inLanguage":"lv-LV","@id":"https:\/\/cosmetic.lv\/lv\/product\/davines-su-protective-moisturizing-sun-cream-davines-su-pec-saulosanas-aizsardzibas-krems\/#primaryimage","url":"https:\/\/cosmetic.lv\/wp-content\/uploads\/2021\/02\/davines-su-after-sun-protective-cream-4-2-oz-4.jpg","contentUrl":"https:\/\/cosmetic.lv\/wp-content\/uploads\/2021\/02\/davines-su-after-sun-protective-cream-4-2-oz-4.jpg","width":400,"height":400,"caption":"davines-su-after-sun-protective-cream-4-2-oz.jpg"},{"@type":"BreadcrumbList","@id":"https:\/\/cosmetic.lv\/lv\/product\/davines-su-protective-moisturizing-sun-cream-davines-su-pec-saulosanas-aizsardzibas-krems\/#breadcrumb","itemListElement":[{"@type":"ListItem","position":1,"name":"Home","item":"https:\/\/cosmetic.lv\/lv\/"},{"@type":"ListItem","position":2,"name":"Veikals","item":"https:\/\/cosmetic.lv\/lv\/veiklas\/"},{"@type":"ListItem","position":3,"name":"Davines SU Protective Moisturizing Sun Cream Davines SU- P\u0113c sau\u013co\u0161an\u0101s aizsardz\u012bbas kr\u0113ms"}]},{"@type":"WebSite","@id":"https:\/\/cosmetic.lv\/lv\/#website","url":"https:\/\/cosmetic.lv\/lv\/","name":"cosmetic.lv","description":"Profesion\u0101la kosm\u0113tika - Maria Galland, Keune, Arkadija, GMT, Guam, Magiray","publisher":{"@id":"https:\/\/cosmetic.lv\/lv\/#organization"},"potentialAction":[{"@type":"SearchAction","target":{"@type":"EntryPoint","urlTemplate":"https:\/\/cosmetic.lv\/lv\/?s={search_term_string}"},"query-input":{"@type":"PropertyValueSpecification","valueRequired":true,"valueName":"search_term_string"}}],"inLanguage":"lv-LV"},{"@type":"Organization","@id":"https:\/\/cosmetic.lv\/lv\/#organization","name":"COSMETIC.LV","url":"https:\/\/cosmetic.lv\/lv\/","logo":{"@type":"ImageObject","inLanguage":"lv-LV","@id":"https:\/\/cosmetic.lv\/lv\/#\/schema\/logo\/image\/","url":"https:\/\/cosmetic.lv\/wp-content\/uploads\/2021\/02\/cosmetic.lv_logo.jpg","contentUrl":"https:\/\/cosmetic.lv\/wp-content\/uploads\/2021\/02\/cosmetic.lv_logo.jpg","width":596,"height":196,"caption":"COSMETIC.LV"},"image":{"@id":"https:\/\/cosmetic.lv\/lv\/#\/schema\/logo\/image\/"},"sameAs":["https:\/\/www.facebook.com\/cosmetic.lv\/"]}]},"product_price_amount":"21.12","product_price_currency":"EUR","og_availability":"out of stock","product_availability":"out of stock","product_retailer_item_id":"f35","product_condition":"new"},"_links":{"self":[{"href":"https:\/\/cosmetic.lv\/lv\/wp-json\/wp\/v2\/product\/34224","targetHints":{"allow":["GET"]}}],"collection":[{"href":"https:\/\/cosmetic.lv\/lv\/wp-json\/wp\/v2\/product"}],"about":[{"href":"https:\/\/cosmetic.lv\/lv\/wp-json\/wp\/v2\/types\/product"}],"wp:featuredmedia":[{"embeddable":true,"href":"https:\/\/cosmetic.lv\/lv\/wp-json\/wp\/v2\/media\/16083"}],"wp:attachment":[{"href":"https:\/\/cosmetic.lv\/lv\/wp-json\/wp\/v2\/media?parent=34224"}],"wp:term":[{"taxonomy":"product_brand","embeddable":true,"href":"https:\/\/cosmetic.lv\/lv\/wp-json\/wp\/v2\/product_brand?post=34224"},{"taxonomy":"product_cat","embeddable":true,"href":"https:\/\/cosmetic.lv\/lv\/wp-json\/wp\/v2\/product_cat?post=34224"},{"taxonomy":"product_tag","embeddable":true,"href":"https:\/\/cosmetic.lv\/lv\/wp-json\/wp\/v2\/product_tag?post=34224"}],"curies":[{"name":"wp","href":"https:\/\/api.w.org\/{rel}","templated":true}]}}