{"id":34228,"date":"2021-02-05T22:40:05","date_gmt":"2021-02-06T17:50:12","guid":{"rendered":"https:\/\/damme.lv\/product\/vivasan-keramidi-kapsulas\/"},"modified":"2021-02-06T19:50:15","modified_gmt":"2021-02-06T17:50:15","slug":"vivasan-keramidi-kapsulas","status":"publish","type":"product","link":"https:\/\/cosmetic.lv\/lv\/product\/vivasan-keramidi-kapsulas\/","title":{"rendered":"VIVASAN Keram\u012bdi KAPSUL\u0100S"},"content":{"rendered":"<p><P>Speci\u0101li izstr\u0101d\u0101ta formula ar keram\u012bdiem un glikokeramidami kvie\u0161u d\u012bgstu norm\u0101lai, sausai un noveco\u0161anos \u0101das.&nbsp;<BR>&nbsp;<BR>Apvieno anti-noveco\u0161an\u0101s aizsardz\u012bbu un nepiecie\u0161amo mitrin\u0101\u0161anu&nbsp; Keram\u012bdi aizsarg\u0101 \u0101du no mitruma zaud\u0113\u0161anas, uzlabot t\u0101s elast\u012bbu un tonusu, sejas, kakla un kr\u016bt\u012bm. Katrs lieto kapsulas samazina redzam\u012bbu grumbu, atjauno \u0101dai t\u0101s dabisko sp\u0113ju iztur\u0113t \u0101r\u0113j\u0101s vides ietekmi. V\u0113rt\u012bgas augu sast\u0101vda\u013cas baro un mitrina sejas un kakla uz dzi\u013c\u0101kajiem sl\u0101\u0146iem un pie\u0161\u0137ir tai svaigumu, gludumu un elast\u012bbu.&nbsp; Regul\u0101ri lietojot kapsulu \u016bden\u012b, saglab\u0101jot \u0101du gludu grumbas. <\/P><br \/>\n<P>Izmantot no r\u012bta un vakar\u0101. <\/P><br \/>\n<P>20&nbsp;gab&nbsp;<\/P><\/p>\n","protected":false},"excerpt":{"rendered":"<p>Speci\u0101li izstr\u0101d\u0101ta formula ar keram\u012bdiem un glikokeramidami kvie\u0161u d\u012bgstu norm\u0101lai, sausai un noveco\u0161anos \u0101das.&nbsp;&nbsp;Apvieno anti-noveco\u0161an\u0101s aizsardz\u012bbu un nepiecie\u0161amo mitrin\u0101\u0161anu&nbsp; Keram\u012bdi<\/p>\n","protected":false},"featured_media":16093,"template":"","meta":[],"product_brand":[],"product_cat":[2200,2210,2212],"product_tag":[],"class_list":{"0":"post-34228","1":"product","2":"type-product","3":"status-publish","4":"has-post-thumbnail","6":"product_cat-skaistums-un-veseliba-lv","7":"product_cat-sejas-adas-kopsana-lv","8":"product_cat-nobriedusi-lv","10":"first","11":"instock","12":"sale","13":"taxable","14":"shipping-taxable","15":"purchasable","16":"product-type-simple"},"yoast_head":"<!-- This site is optimized with the Yoast SEO Premium plugin v27.0 (Yoast SEO v27.0) - https:\/\/yoast.com\/product\/yoast-seo-premium-wordpress\/ -->\n<title>VIVASAN Keram\u012bdi KAPSUL\u0100S - cosmetic.lv<\/title>\n<meta name=\"robots\" content=\"index, follow, max-snippet:-1, max-image-preview:large, max-video-preview:-1\" \/>\n<link rel=\"canonical\" href=\"https:\/\/cosmetic.lv\/lv\/product\/vivasan-keramidi-kapsulas\/\" \/>\n<meta property=\"og:locale\" content=\"lv_LV\" \/>\n<meta property=\"og:type\" content=\"article\" \/>\n<meta property=\"og:title\" content=\"VIVASAN Keram\u012bdi KAPSUL\u0100S\" \/>\n<meta property=\"og:description\" content=\"Speci\u0101li izstr\u0101d\u0101ta formula ar keram\u012bdiem un glikokeramidami kvie\u0161u d\u012bgstu norm\u0101lai, sausai un noveco\u0161anos \u0101das.&nbsp;&nbsp;Apvieno anti-noveco\u0161an\u0101s aizsardz\u012bbu un nepiecie\u0161amo mitrin\u0101\u0161anu&nbsp; Keram\u012bdi\" \/>\n<meta property=\"og:url\" content=\"https:\/\/cosmetic.lv\/lv\/product\/vivasan-keramidi-kapsulas\/\" \/>\n<meta property=\"og:site_name\" content=\"cosmetic.lv\" \/>\n<meta property=\"article:publisher\" content=\"https:\/\/www.facebook.com\/cosmetic.lv\/\" \/>\n<meta property=\"article:modified_time\" content=\"2021-02-06T17:50:15+00:00\" \/>\n<meta property=\"og:image\" content=\"https:\/\/cosmetic.lv\/wp-content\/uploads\/2021\/02\/ceramids_bigviv-4.jpg\" \/>\n\t<meta property=\"og:image:width\" content=\"170\" \/>\n\t<meta property=\"og:image:height\" content=\"170\" \/>\n\t<meta property=\"og:image:type\" content=\"image\/jpeg\" \/>\n<meta name=\"twitter:card\" content=\"summary_large_image\" \/>\n<script type=\"application\/ld+json\" class=\"yoast-schema-graph\">{\"@context\":\"https:\/\/schema.org\",\"@graph\":[{\"@type\":\"WebPage\",\"@id\":\"https:\/\/cosmetic.lv\/lv\/product\/vivasan-keramidi-kapsulas\/\",\"url\":\"https:\/\/cosmetic.lv\/lv\/product\/vivasan-keramidi-kapsulas\/\",\"name\":\"VIVASAN Keram\u012bdi KAPSUL\u0100S - cosmetic.lv\",\"isPartOf\":{\"@id\":\"https:\/\/cosmetic.lv\/lv\/#website\"},\"primaryImageOfPage\":{\"@id\":\"https:\/\/cosmetic.lv\/lv\/product\/vivasan-keramidi-kapsulas\/#primaryimage\"},\"image\":{\"@id\":\"https:\/\/cosmetic.lv\/lv\/product\/vivasan-keramidi-kapsulas\/#primaryimage\"},\"thumbnailUrl\":\"https:\/\/cosmetic.lv\/wp-content\/uploads\/2021\/02\/ceramids_bigviv-4.jpg\",\"datePublished\":\"2021-02-06T17:50:12+00:00\",\"dateModified\":\"2021-02-06T17:50:15+00:00\",\"breadcrumb\":{\"@id\":\"https:\/\/cosmetic.lv\/lv\/product\/vivasan-keramidi-kapsulas\/#breadcrumb\"},\"inLanguage\":\"lv-LV\",\"potentialAction\":[{\"@type\":\"ReadAction\",\"target\":[\"https:\/\/cosmetic.lv\/lv\/product\/vivasan-keramidi-kapsulas\/\"]}]},{\"@type\":\"ImageObject\",\"inLanguage\":\"lv-LV\",\"@id\":\"https:\/\/cosmetic.lv\/lv\/product\/vivasan-keramidi-kapsulas\/#primaryimage\",\"url\":\"https:\/\/cosmetic.lv\/wp-content\/uploads\/2021\/02\/ceramids_bigviv-4.jpg\",\"contentUrl\":\"https:\/\/cosmetic.lv\/wp-content\/uploads\/2021\/02\/ceramids_bigviv-4.jpg\",\"width\":170,\"height\":170,\"caption\":\"ceramids_bigviv.jpg\"},{\"@type\":\"BreadcrumbList\",\"@id\":\"https:\/\/cosmetic.lv\/lv\/product\/vivasan-keramidi-kapsulas\/#breadcrumb\",\"itemListElement\":[{\"@type\":\"ListItem\",\"position\":1,\"name\":\"Home\",\"item\":\"https:\/\/cosmetic.lv\/lv\/\"},{\"@type\":\"ListItem\",\"position\":2,\"name\":\"Veikals\",\"item\":\"https:\/\/cosmetic.lv\/lv\/veiklas\/\"},{\"@type\":\"ListItem\",\"position\":3,\"name\":\"VIVASAN Keram\u012bdi KAPSUL\u0100S\"}]},{\"@type\":\"WebSite\",\"@id\":\"https:\/\/cosmetic.lv\/lv\/#website\",\"url\":\"https:\/\/cosmetic.lv\/lv\/\",\"name\":\"cosmetic.lv\",\"description\":\"Profesion\u0101la kosm\u0113tika - Maria Galland, Keune, Arkadija, GMT, Guam, Magiray\",\"publisher\":{\"@id\":\"https:\/\/cosmetic.lv\/lv\/#organization\"},\"potentialAction\":[{\"@type\":\"SearchAction\",\"target\":{\"@type\":\"EntryPoint\",\"urlTemplate\":\"https:\/\/cosmetic.lv\/lv\/?s={search_term_string}\"},\"query-input\":{\"@type\":\"PropertyValueSpecification\",\"valueRequired\":true,\"valueName\":\"search_term_string\"}}],\"inLanguage\":\"lv-LV\"},{\"@type\":\"Organization\",\"@id\":\"https:\/\/cosmetic.lv\/lv\/#organization\",\"name\":\"COSMETIC.LV\",\"url\":\"https:\/\/cosmetic.lv\/lv\/\",\"logo\":{\"@type\":\"ImageObject\",\"inLanguage\":\"lv-LV\",\"@id\":\"https:\/\/cosmetic.lv\/lv\/#\/schema\/logo\/image\/\",\"url\":\"https:\/\/cosmetic.lv\/wp-content\/uploads\/2021\/02\/cosmetic.lv_logo.jpg\",\"contentUrl\":\"https:\/\/cosmetic.lv\/wp-content\/uploads\/2021\/02\/cosmetic.lv_logo.jpg\",\"width\":596,\"height\":196,\"caption\":\"COSMETIC.LV\"},\"image\":{\"@id\":\"https:\/\/cosmetic.lv\/lv\/#\/schema\/logo\/image\/\"},\"sameAs\":[\"https:\/\/www.facebook.com\/cosmetic.lv\/\"]}]}<\/script>\n<meta property=\"product:price:amount\" content=\"44.13\" \/>\n<meta property=\"product:price:currency\" content=\"EUR\" \/>\n<meta property=\"og:availability\" content=\"instock\" \/>\n<meta property=\"product:availability\" content=\"instock\" \/>\n<meta property=\"product:retailer_item_id\" content=\"c69\" \/>\n<meta property=\"product:condition\" content=\"new\" \/>\n<!-- \/ Yoast SEO Premium plugin. -->","yoast_head_json":{"title":"VIVASAN Keram\u012bdi KAPSUL\u0100S - cosmetic.lv","robots":{"index":"index","follow":"follow","max-snippet":"max-snippet:-1","max-image-preview":"max-image-preview:large","max-video-preview":"max-video-preview:-1"},"canonical":"https:\/\/cosmetic.lv\/lv\/product\/vivasan-keramidi-kapsulas\/","og_locale":"lv_LV","og_type":"article","og_title":"VIVASAN Keram\u012bdi KAPSUL\u0100S","og_description":"Speci\u0101li izstr\u0101d\u0101ta formula ar keram\u012bdiem un glikokeramidami kvie\u0161u d\u012bgstu norm\u0101lai, sausai un noveco\u0161anos \u0101das.&nbsp;&nbsp;Apvieno anti-noveco\u0161an\u0101s aizsardz\u012bbu un nepiecie\u0161amo mitrin\u0101\u0161anu&nbsp; Keram\u012bdi","og_url":"https:\/\/cosmetic.lv\/lv\/product\/vivasan-keramidi-kapsulas\/","og_site_name":"cosmetic.lv","article_publisher":"https:\/\/www.facebook.com\/cosmetic.lv\/","article_modified_time":"2021-02-06T17:50:15+00:00","og_image":[{"width":170,"height":170,"url":"https:\/\/cosmetic.lv\/wp-content\/uploads\/2021\/02\/ceramids_bigviv-4.jpg","type":"image\/jpeg"}],"twitter_card":"summary_large_image","schema":{"@context":"https:\/\/schema.org","@graph":[{"@type":"WebPage","@id":"https:\/\/cosmetic.lv\/lv\/product\/vivasan-keramidi-kapsulas\/","url":"https:\/\/cosmetic.lv\/lv\/product\/vivasan-keramidi-kapsulas\/","name":"VIVASAN Keram\u012bdi KAPSUL\u0100S - cosmetic.lv","isPartOf":{"@id":"https:\/\/cosmetic.lv\/lv\/#website"},"primaryImageOfPage":{"@id":"https:\/\/cosmetic.lv\/lv\/product\/vivasan-keramidi-kapsulas\/#primaryimage"},"image":{"@id":"https:\/\/cosmetic.lv\/lv\/product\/vivasan-keramidi-kapsulas\/#primaryimage"},"thumbnailUrl":"https:\/\/cosmetic.lv\/wp-content\/uploads\/2021\/02\/ceramids_bigviv-4.jpg","datePublished":"2021-02-06T17:50:12+00:00","dateModified":"2021-02-06T17:50:15+00:00","breadcrumb":{"@id":"https:\/\/cosmetic.lv\/lv\/product\/vivasan-keramidi-kapsulas\/#breadcrumb"},"inLanguage":"lv-LV","potentialAction":[{"@type":"ReadAction","target":["https:\/\/cosmetic.lv\/lv\/product\/vivasan-keramidi-kapsulas\/"]}]},{"@type":"ImageObject","inLanguage":"lv-LV","@id":"https:\/\/cosmetic.lv\/lv\/product\/vivasan-keramidi-kapsulas\/#primaryimage","url":"https:\/\/cosmetic.lv\/wp-content\/uploads\/2021\/02\/ceramids_bigviv-4.jpg","contentUrl":"https:\/\/cosmetic.lv\/wp-content\/uploads\/2021\/02\/ceramids_bigviv-4.jpg","width":170,"height":170,"caption":"ceramids_bigviv.jpg"},{"@type":"BreadcrumbList","@id":"https:\/\/cosmetic.lv\/lv\/product\/vivasan-keramidi-kapsulas\/#breadcrumb","itemListElement":[{"@type":"ListItem","position":1,"name":"Home","item":"https:\/\/cosmetic.lv\/lv\/"},{"@type":"ListItem","position":2,"name":"Veikals","item":"https:\/\/cosmetic.lv\/lv\/veiklas\/"},{"@type":"ListItem","position":3,"name":"VIVASAN Keram\u012bdi KAPSUL\u0100S"}]},{"@type":"WebSite","@id":"https:\/\/cosmetic.lv\/lv\/#website","url":"https:\/\/cosmetic.lv\/lv\/","name":"cosmetic.lv","description":"Profesion\u0101la kosm\u0113tika - Maria Galland, Keune, Arkadija, GMT, Guam, Magiray","publisher":{"@id":"https:\/\/cosmetic.lv\/lv\/#organization"},"potentialAction":[{"@type":"SearchAction","target":{"@type":"EntryPoint","urlTemplate":"https:\/\/cosmetic.lv\/lv\/?s={search_term_string}"},"query-input":{"@type":"PropertyValueSpecification","valueRequired":true,"valueName":"search_term_string"}}],"inLanguage":"lv-LV"},{"@type":"Organization","@id":"https:\/\/cosmetic.lv\/lv\/#organization","name":"COSMETIC.LV","url":"https:\/\/cosmetic.lv\/lv\/","logo":{"@type":"ImageObject","inLanguage":"lv-LV","@id":"https:\/\/cosmetic.lv\/lv\/#\/schema\/logo\/image\/","url":"https:\/\/cosmetic.lv\/wp-content\/uploads\/2021\/02\/cosmetic.lv_logo.jpg","contentUrl":"https:\/\/cosmetic.lv\/wp-content\/uploads\/2021\/02\/cosmetic.lv_logo.jpg","width":596,"height":196,"caption":"COSMETIC.LV"},"image":{"@id":"https:\/\/cosmetic.lv\/lv\/#\/schema\/logo\/image\/"},"sameAs":["https:\/\/www.facebook.com\/cosmetic.lv\/"]}]},"product_price_amount":"44.13","product_price_currency":"EUR","og_availability":"instock","product_availability":"instock","product_retailer_item_id":"c69","product_condition":"new"},"_links":{"self":[{"href":"https:\/\/cosmetic.lv\/lv\/wp-json\/wp\/v2\/product\/34228","targetHints":{"allow":["GET"]}}],"collection":[{"href":"https:\/\/cosmetic.lv\/lv\/wp-json\/wp\/v2\/product"}],"about":[{"href":"https:\/\/cosmetic.lv\/lv\/wp-json\/wp\/v2\/types\/product"}],"wp:featuredmedia":[{"embeddable":true,"href":"https:\/\/cosmetic.lv\/lv\/wp-json\/wp\/v2\/media\/16093"}],"wp:attachment":[{"href":"https:\/\/cosmetic.lv\/lv\/wp-json\/wp\/v2\/media?parent=34228"}],"wp:term":[{"taxonomy":"product_brand","embeddable":true,"href":"https:\/\/cosmetic.lv\/lv\/wp-json\/wp\/v2\/product_brand?post=34228"},{"taxonomy":"product_cat","embeddable":true,"href":"https:\/\/cosmetic.lv\/lv\/wp-json\/wp\/v2\/product_cat?post=34228"},{"taxonomy":"product_tag","embeddable":true,"href":"https:\/\/cosmetic.lv\/lv\/wp-json\/wp\/v2\/product_tag?post=34228"}],"curies":[{"name":"wp","href":"https:\/\/api.w.org\/{rel}","templated":true}]}}